{"id":41,"date":"2022-06-23T03:44:15","date_gmt":"2022-06-23T03:44:15","guid":{"rendered":"http:\/\/tailwind-themes.local\/?post_type=product&#038;p=41"},"modified":"2025-11-10T18:02:59","modified_gmt":"2025-11-10T10:02:59","slug":"pvc-profile-extrusion-line","status":"publish","type":"product","link":"https:\/\/plastic-machines.org\/sw\/product\/plastic-recycling-granulating-line\/","title":{"rendered":"Plastiki Usafishaji Granulating Line kwa PP HDPE Plastiki"},"content":{"rendered":"<div class=\"kk-star-ratings kksr-auto kksr-align-left kksr-valign-top\"     data-payload='{&quot;align&quot;:&quot;left&quot;,&quot;id&quot;:&quot;41&quot;,&quot;slug&quot;:&quot;default&quot;,&quot;valign&quot;:&quot;top&quot;,&quot;ignore&quot;:&quot;&quot;,&quot;reference&quot;:&quot;auto&quot;,&quot;class&quot;:&quot;&quot;,&quot;count&quot;:&quot;3&quot;,&quot;legendonly&quot;:&quot;&quot;,&quot;readonly&quot;:&quot;&quot;,&quot;score&quot;:&quot;5&quot;,&quot;starsonly&quot;:&quot;&quot;,&quot;best&quot;:&quot;5&quot;,&quot;gap&quot;:&quot;5&quot;,&quot;greet&quot;:&quot;Rate this product&quot;,&quot;legend&quot;:&quot;5\\\/5 - (3 votes)&quot;,&quot;size&quot;:&quot;24&quot;,&quot;title&quot;:&quot;Plastic Recycling Granulating Line for PP HDPE Plastics&quot;,&quot;width&quot;:&quot;142.5&quot;,&quot;_legend&quot;:&quot;{score}\\\/{best} - ({count} {votes})&quot;,&quot;font_factor&quot;:&quot;1.25&quot;}'>              <div class=\"kksr-stars\">      <div class=\"kksr-stars-inactive\">             <div class=\"kksr-star\" data-star=\"1\" style=\"padding-right: 5px\">               <div class=\"kksr-icon\" style=\"width: 24px; height: 24px;\"><\/div>         <\/div>             <div class=\"kksr-star\" data-star=\"2\" style=\"padding-right: 5px\">               <div class=\"kksr-icon\" style=\"width: 24px; height: 24px;\"><\/div>         <\/div>             <div class=\"kksr-star\" data-star=\"3\" style=\"padding-right: 5px\">               <div class=\"kksr-icon\" style=\"width: 24px; height: 24px;\"><\/div>         <\/div>             <div class=\"kksr-star\" data-star=\"4\" style=\"padding-right: 5px\">               <div class=\"kksr-icon\" style=\"width: 24px; height: 24px;\"><\/div>         <\/div>             <div class=\"kksr-star\" data-star=\"5\" style=\"padding-right: 5px\">               <div class=\"kksr-icon\" style=\"width: 24px; height: 24px;\"><\/div>         <\/div>     <\/div>      <div class=\"kksr-stars-active\" style=\"width: 142.5px;\">             <div class=\"kksr-star\" style=\"padding-right: 5px\">               <div class=\"kksr-icon\" style=\"width: 24px; height: 24px;\"><\/div>         <\/div>             <div class=\"kksr-star\" style=\"padding-right: 5px\">               <div class=\"kksr-icon\" style=\"width: 24px; height: 24px;\"><\/div>         <\/div>             <div class=\"kksr-star\" style=\"padding-right: 5px\">               <div class=\"kksr-icon\" style=\"width: 24px; height: 24px;\"><\/div>         <\/div>             <div class=\"kksr-star\" style=\"padding-right: 5px\">               <div class=\"kksr-icon\" style=\"width: 24px; height: 24px;\"><\/div>         <\/div>             <div class=\"kksr-star\" style=\"padding-right: 5px\">               <div class=\"kksr-icon\" style=\"width: 24px; height: 24px;\"><\/div>         <\/div>     <\/div> <\/div>                   <div class=\"kksr-legend\" style=\"font-size: 19.2px;\">             5\/5 - (3 r\u00f6ster)    <\/div>     <\/div>  <p>Laini hii ya kuchakata chembechembe za plastiki hutumika zaidi kuchakata na kuchambua taka ngumu za plastiki. Vifaa kuu vya mmea huu wa kuchakata plastiki ni pamoja na mashine ya kusagwa ya plastiki, tank ya kuosha, dryer, pelletizer ya plastiki, pipa la kuhifadhi, na kadhalika. Shuliy Group inaweza kulinganisha mashine tofauti za kuchakata plastiki kulingana na hali tofauti za wateja, kama vile malighafi, eneo la tovuti, n.k., na kuwasaidia wateja kubuni mitambo yao na kupanga onyesho la mashine kwa njia inayofaa.<\/p>    <h2 class=\"wp-block-heading\">Malighafi ya mstari wa granulation ya plastiki<\/h2>    <p>Kiwanda hiki cha kuchakata pipa cha PP PE kimeundwa na mashine ya Shuliy, ambayo hutumiwa kusaga na kusaga vifaa vya plastiki ngumu. Kwa hivyo, malighafi ya kawaida ni plastiki ngumu, kama vile vikapu vya plastiki vilivyotengenezwa na PE na PP, ndoo za plastiki, ngoma za mafuta ya plastiki, matangi ya kuhifadhi kemikali, bomba la plastiki, chupa za plastiki na vyombo vingine. <\/p>    <figure class=\"wp-block-gallery has-nested-images columns-default is-cropped wp-block-gallery-2 is-layout-flex wp-block-gallery-is-layout-flex\"> <figure class=\"wp-block-image size-large\"><img loading=\"lazy\" decoding=\"async\" width=\"720\" height=\"540\" data-id=\"234\" src=\"https:\/\/plastic-machines.org\/wp-content\/uploads\/2022\/06\/waste-plastic-drums.webp\" alt=\"taka za plastiki\" class=\"wp-image-234\" srcset=\"https:\/\/plastic-machines.org\/wp-content\/uploads\/2022\/06\/waste-plastic-drums.webp 720w, https:\/\/plastic-machines.org\/wp-content\/uploads\/2022\/06\/waste-plastic-drums-300x225.webp 300w\" sizes=\"auto, (max-width: 720px) 100vw, 720px\" \/><figcaption class=\"wp-element-caption\">taka za plastiki<\/figcaption><\/figure>    <figure class=\"wp-block-image size-large\"><img loading=\"lazy\" decoding=\"async\" width=\"720\" height=\"520\" data-id=\"235\" src=\"https:\/\/plastic-machines.org\/wp-content\/uploads\/2022\/06\/used-plastic-baskets.webp\" alt=\"vikapu vya plastiki vilivyotumika\" class=\"wp-image-235\" srcset=\"https:\/\/plastic-machines.org\/wp-content\/uploads\/2022\/06\/used-plastic-baskets.webp 720w, https:\/\/plastic-machines.org\/wp-content\/uploads\/2022\/06\/used-plastic-baskets-300x217.webp 300w\" sizes=\"auto, (max-width: 720px) 100vw, 720px\" \/><figcaption class=\"wp-element-caption\">vikapu vya plastiki vilivyotumika<\/figcaption><\/figure> <\/figure>    <h2 class=\"wp-block-heading\" id=\"h-process-of-plastic-recycling-granulating-line\">Mchakato wa laini ya kuchakata plastiki ya granulating <\/h2>    <div class=\"wp-block-media-text alignwide is-stacked-on-mobile\"><figure class=\"wp-block-media-text__media\"><img loading=\"lazy\" decoding=\"async\" width=\"720\" height=\"540\" src=\"https:\/\/plastic-machines.org\/wp-content\/uploads\/2022\/06\/Plastic-Shredder-Machine1.webp\" alt=\"Mashine ya Shredder ya Plastiki\" class=\"wp-image-452 size-full\" srcset=\"https:\/\/plastic-machines.org\/wp-content\/uploads\/2022\/06\/Plastic-Shredder-Machine1.webp 720w, https:\/\/plastic-machines.org\/wp-content\/uploads\/2022\/06\/Plastic-Shredder-Machine1-300x225.webp 300w\" sizes=\"auto, (max-width: 720px) 100vw, 720px\" \/><\/figure><div class=\"wp-block-media-text__content\"> <p class=\"has-large-font-size\">Plastiki crusher<\/p>    <p class=\"translation-block\"> I linj za recikla\u017eu plastike, <a href=\"https:\/\/plastic-machines.org\/sw\/product\/plastic-shredder-machine\/\">PP PE drobilica za burad<\/a> se koristi za drobljenje otpadnih plasti\u010dnih proizvoda u male komade uz nisku buku i bez ostataka tokom procesa drobljenja. Pored toga, o\u0161trice imaju dug vek trajanja i niske tro\u0161kove odr\u017eavanja. Ova drobilica za plastiku je dobro prihva\u0107ena od strane kupaca.<\/p> <\/div><\/div>    <div class=\"wp-block-media-text alignwide is-stacked-on-mobile\"><figure class=\"wp-block-media-text__media\"><img loading=\"lazy\" decoding=\"async\" width=\"720\" height=\"540\" src=\"https:\/\/plastic-machines.org\/wp-content\/uploads\/2022\/06\/rinsing-tank1.webp\" alt=\"tank ya kuosha\" class=\"wp-image-455 size-full\" srcset=\"https:\/\/plastic-machines.org\/wp-content\/uploads\/2022\/06\/rinsing-tank1.webp 720w, https:\/\/plastic-machines.org\/wp-content\/uploads\/2022\/06\/rinsing-tank1-300x225.webp 300w\" sizes=\"auto, (max-width: 720px) 100vw, 720px\" \/><\/figure><div class=\"wp-block-media-text__content\"> <p class=\"has-large-font-size\">Tangi ya kuosha<\/p>    <p class=\"translation-block\"><strong><a href=\"https:\/\/plastic-machines.org\/sw\/product\/plastic-film-washing-machine\/\">tank za pranje<\/a><\/strong> je napravljen od visokokvalitetnog ner\u0111aju\u0107eg \u010delika i koristi se za pranje slomljenih plasti\u010dnih komada. U tanku se nalazi mnogo zuba koji \u0107e stalno okretati plastiku kako bi uklonili mrlje.<\/p> <\/div><\/div>    <div class=\"wp-block-media-text alignwide is-stacked-on-mobile\"><figure class=\"wp-block-media-text__media\"><img loading=\"lazy\" decoding=\"async\" width=\"720\" height=\"540\" src=\"https:\/\/plastic-machines.org\/wp-content\/uploads\/2022\/06\/horizontal-dryer1.webp\" alt=\"dryer usawa\" class=\"wp-image-443 size-full\" srcset=\"https:\/\/plastic-machines.org\/wp-content\/uploads\/2022\/06\/horizontal-dryer1.webp 720w, https:\/\/plastic-machines.org\/wp-content\/uploads\/2022\/06\/horizontal-dryer1-300x225.webp 300w\" sizes=\"auto, (max-width: 720px) 100vw, 720px\" \/><\/figure><div class=\"wp-block-media-text__content\"> <p class=\"has-large-font-size\">Mashine ya kukausha plastiki<\/p>    <p class=\"translation-block\"><strong><a href=\"https:\/\/plastic-machines.org\/sw\/product\/plastic-chips-dryer-machine\/\">horizontalna ma\u0161ina za su\u0161enje plastike<\/a><\/strong> se koristi za su\u0161enje plasti\u010dnih pahuljica. Ma\u0161ina ima visok stepen dehidratacije, visoku stopu dehidratacije i nisku potro\u0161nju elektri\u010dne energije, \u0161to je idealno za liniju za granulisanje plastike.<\/p> <\/div><\/div>    <div class=\"wp-block-media-text alignwide is-stacked-on-mobile\"><figure class=\"wp-block-media-text__media\"><img loading=\"lazy\" decoding=\"async\" width=\"720\" height=\"540\" src=\"https:\/\/plastic-machines.org\/wp-content\/uploads\/2022\/06\/Plastic-pelletizing-machine.webp\" alt=\"mashine ya plastiki extruder\" class=\"wp-image-578 size-full\" srcset=\"https:\/\/plastic-machines.org\/wp-content\/uploads\/2022\/06\/Plastic-pelletizing-machine.webp 720w, https:\/\/plastic-machines.org\/wp-content\/uploads\/2022\/06\/Plastic-pelletizing-machine-300x225.webp 300w\" sizes=\"auto, (max-width: 720px) 100vw, 720px\" \/><\/figure><div class=\"wp-block-media-text__content\"> <p class=\"has-large-font-size\">Pelletizer ya plastiki<\/p>    <p class=\"translation-block\"><strong><a href=\"https:\/\/plastic-machines.org\/sw\/product\/plastic-extruder-machine\/\">pelletizer za plastiku<\/a><\/strong> je najcentralniji deo opreme u liniji za recikla\u017eu plasti\u010dnih buradi, koriste\u0107i najnapredniju tehnologiju granulisanja. Imamo mnogo razli\u010ditih modela koje mo\u017eete izabrati, kao \u0161to su modeli sa malim output-om za male recikla\u017ene fabrike, kao i ma\u0161ine sa ve\u0107im output-om za ve\u0107e kapacitete.<\/p> <\/div><\/div>    <h2 class=\"wp-block-heading\">Video ya 3D ya mstari wa granulation ya plastiki<\/h2>    <p>Video ya 3D inaonyesha uchakataji kamili wa laini ya kuchakata tena plastiki.<\/p>    <figure class=\"wp-block-embed is-type-video is-provider-youtube wp-block-embed-youtube wp-embed-aspect-16-9 wp-has-aspect-ratio\"><div class=\"wp-block-embed__wrapper\"> <iframe loading=\"lazy\" title=\"Laini ya plastiki ya pelletizing | Mashine ya kutengeneza CHEMBE za plastiki\" width=\"500\" height=\"281\" src=\"https:\/\/www.youtube.com\/embed\/y4KcSJAz04E?feature=oembed\" frameborder=\"0\" allow=\"accelerometer; autoplay; clipboard-write; encrypted-media; gyroscope; picture-in-picture; web-share\" referrerpolicy=\"strict-origin-when-cross-origin\" allowfullscreen><\/iframe> <\/div><\/figure>    <h2 class=\"wp-block-heading\">Maonyesho ya kiwanda ya laini ya kuchakata tena ya plastiki ya granulating<\/h2>    <figure class=\"wp-block-gallery has-nested-images columns-default is-cropped wp-block-gallery-3 is-layout-flex wp-block-gallery-is-layout-flex\"> <figure class=\"wp-block-image size-large\"><img loading=\"lazy\" decoding=\"async\" width=\"720\" height=\"540\" data-id=\"236\" src=\"https:\/\/plastic-machines.org\/wp-content\/uploads\/2022\/06\/our-sales-manager-and-our-recycling-machines.webp\" alt=\"meneja wetu wa mauzo na mashine zetu za kuchakata tena\" class=\"wp-image-236\" srcset=\"https:\/\/plastic-machines.org\/wp-content\/uploads\/2022\/06\/our-sales-manager-and-our-recycling-machines.webp 720w, https:\/\/plastic-machines.org\/wp-content\/uploads\/2022\/06\/our-sales-manager-and-our-recycling-machines-300x225.webp 300w\" sizes=\"auto, (max-width: 720px) 100vw, 720px\" \/><figcaption class=\"wp-element-caption\">meneja wetu wa mauzo na mashine zetu za kuchakata tena<\/figcaption><\/figure>    <figure class=\"wp-block-image size-large\"><img loading=\"lazy\" decoding=\"async\" width=\"720\" height=\"540\" data-id=\"237\" src=\"https:\/\/plastic-machines.org\/wp-content\/uploads\/2022\/06\/plastic-pelletizing-line-placed-in-plant.webp\" alt=\"plastiki pelletizing line kuwekwa katika kupanda\" class=\"wp-image-237\" srcset=\"https:\/\/plastic-machines.org\/wp-content\/uploads\/2022\/06\/plastic-pelletizing-line-placed-in-plant.webp 720w, https:\/\/plastic-machines.org\/wp-content\/uploads\/2022\/06\/plastic-pelletizing-line-placed-in-plant-300x225.webp 300w\" sizes=\"auto, (max-width: 720px) 100vw, 720px\" \/><figcaption class=\"wp-element-caption\">plastiki pelletizing line kuwekwa katika kupanda<\/figcaption><\/figure> <\/figure>    <figure class=\"wp-block-gallery has-nested-images columns-default is-cropped wp-block-gallery-4 is-layout-flex wp-block-gallery-is-layout-flex\"> <figure class=\"wp-block-image size-large\"><img loading=\"lazy\" decoding=\"async\" width=\"720\" height=\"540\" data-id=\"238\" src=\"https:\/\/plastic-machines.org\/wp-content\/uploads\/2022\/06\/plastic-pelletizer.webp\" alt=\"plastiki pelletizer\" class=\"wp-image-238\" srcset=\"https:\/\/plastic-machines.org\/wp-content\/uploads\/2022\/06\/plastic-pelletizer.webp 720w, https:\/\/plastic-machines.org\/wp-content\/uploads\/2022\/06\/plastic-pelletizer-300x225.webp 300w\" sizes=\"auto, (max-width: 720px) 100vw, 720px\" \/><figcaption class=\"wp-element-caption\">plastiki pelletizer<\/figcaption><\/figure>    <figure class=\"wp-block-image size-large\"><img loading=\"lazy\" decoding=\"async\" width=\"720\" height=\"540\" data-id=\"239\" src=\"https:\/\/plastic-machines.org\/wp-content\/uploads\/2022\/06\/plastic-granulator-in-factory-.webp\" alt=\"granulator ya plastiki katika kiwanda\" class=\"wp-image-239\" srcset=\"https:\/\/plastic-machines.org\/wp-content\/uploads\/2022\/06\/plastic-granulator-in-factory-.webp 720w, https:\/\/plastic-machines.org\/wp-content\/uploads\/2022\/06\/plastic-granulator-in-factory--300x225.webp 300w\" sizes=\"auto, (max-width: 720px) 100vw, 720px\" \/><figcaption class=\"wp-element-caption\">granulator ya plastiki katika kiwanda<\/figcaption><\/figure> <\/figure>    <figure class=\"wp-block-gallery has-nested-images columns-default is-cropped wp-block-gallery-5 is-layout-flex wp-block-gallery-is-layout-flex\"> <figure class=\"wp-block-image size-large\"><img loading=\"lazy\" decoding=\"async\" width=\"720\" height=\"540\" data-id=\"240\" src=\"https:\/\/plastic-machines.org\/wp-content\/uploads\/2022\/06\/plastic-pelletizing-line.webp\" alt=\"mstari wa plastiki ya pelletizing\" class=\"wp-image-240\" srcset=\"https:\/\/plastic-machines.org\/wp-content\/uploads\/2022\/06\/plastic-pelletizing-line.webp 720w, https:\/\/plastic-machines.org\/wp-content\/uploads\/2022\/06\/plastic-pelletizing-line-300x225.webp 300w\" sizes=\"auto, (max-width: 720px) 100vw, 720px\" \/><figcaption class=\"wp-element-caption\">mstari wa plastiki ya pelletizing<\/figcaption><\/figure>    <figure class=\"wp-block-image size-large\"><img loading=\"lazy\" decoding=\"async\" width=\"720\" height=\"540\" data-id=\"241\" src=\"https:\/\/plastic-machines.org\/wp-content\/uploads\/2022\/06\/PP-PE-recycling-line.webp\" alt=\"plastiki kuchakata granulating line\" class=\"wp-image-241\" srcset=\"https:\/\/plastic-machines.org\/wp-content\/uploads\/2022\/06\/PP-PE-recycling-line.webp 720w, https:\/\/plastic-machines.org\/wp-content\/uploads\/2022\/06\/PP-PE-recycling-line-300x225.webp 300w\" sizes=\"auto, (max-width: 720px) 100vw, 720px\" \/><figcaption class=\"wp-element-caption\">Laini ya kuchakata PP PE<\/figcaption><\/figure> <\/figure>    <figure class=\"wp-block-gallery has-nested-images columns-default is-cropped wp-block-gallery-6 is-layout-flex wp-block-gallery-is-layout-flex\"> <figure class=\"wp-block-image size-large\"><img loading=\"lazy\" decoding=\"async\" width=\"720\" height=\"540\" data-id=\"242\" src=\"https:\/\/plastic-machines.org\/wp-content\/uploads\/2022\/06\/plastic-crusher-.webp\" alt=\"crusher ya plastiki\" class=\"wp-image-242\" srcset=\"https:\/\/plastic-machines.org\/wp-content\/uploads\/2022\/06\/plastic-crusher-.webp 720w, https:\/\/plastic-machines.org\/wp-content\/uploads\/2022\/06\/plastic-crusher--300x225.webp 300w\" sizes=\"auto, (max-width: 720px) 100vw, 720px\" \/><figcaption class=\"wp-element-caption\">crusher ya plastiki<\/figcaption><\/figure>    <figure class=\"wp-block-image size-large\"><img loading=\"lazy\" decoding=\"async\" width=\"720\" height=\"540\" data-id=\"243\" src=\"https:\/\/plastic-machines.org\/wp-content\/uploads\/2022\/06\/belt-conveyor.webp\" alt=\"conveyor ya ukanda yenye ubora mzuri\" class=\"wp-image-243\" srcset=\"https:\/\/plastic-machines.org\/wp-content\/uploads\/2022\/06\/belt-conveyor.webp 720w, https:\/\/plastic-machines.org\/wp-content\/uploads\/2022\/06\/belt-conveyor-300x225.webp 300w\" sizes=\"auto, (max-width: 720px) 100vw, 720px\" \/><figcaption class=\"wp-element-caption\">conveyor ya ukanda yenye ubora mzuri<\/figcaption><\/figure> <\/figure>    <h2 class=\"wp-block-heading\">Maswali Yanayoulizwa Mara kwa Mara ya kiwanda cha kuchakata tena plastiki<\/h2>    <div class=\"schema-faq wp-block-yoast-faq-block\"><div class=\"schema-faq-section\" id=\"faq-question-1657088343629\"><strong class=\"schema-faq-question\">Je, matokeo ya laini ya kuchakata ngoma za plastiki ni nini?<\/strong> <p class=\"schema-faq-answer\">Mashine ya Shuliy inaweza kutoa uwezo wa 100-500kg \/ h. Tuna miundo tofauti ya vitengo vya granulating, kama vile SL-125, SL 160, SL180, SL-220, na kadhalika. Mifano zote zinapatikana sasa na zinaweza kuchaguliwa kwa mahitaji ya wateja.<\/p> <\/div> <div class=\"schema-faq-section\" id=\"faq-question-1657089398682\"><strong class=\"schema-faq-question\">Kuna tofauti gani kati ya kuchakata tena mifuko ya plastiki na kuchakata mapipa ya plastiki?<\/strong> <p class=\"schema-faq-answer\">Tatu ni tofauti tatu kati ya mistari iliyo hapo juu ya kuchakata tena. Kuanza, kwa sababu uzito wa filamu za plastiki ni ndogo, si rahisi kwao kushuka kwenye granulator kwa hatua. Kwa hiyo, mmea wetu utatoa feeder ya nguvu kwenye granulator. Hata hivyo, ikiwa malighafi yako ni mapipa ya PP PE au ngoma yenye uzito fulani, hakuna haja ya kutumia feeder ya nguvu.<br><br>Pili, mashine ya kukausha kwa filamu laini-kama plastiki ni aina ya wima, mashine ya kukausha kwa plastiki ngumu ni ya usawa. Mwisho lakini sio uchache, vichungi vya nyenzo hizo mbili ni tofauti pia.<\/p> <\/div> <div class=\"schema-faq-section\" id=\"faq-question-1657089477346\"><strong class=\"schema-faq-question\">Ni vifaa gani vya nyongeza vya laini ya kuchakata tena ya plastiki?<\/strong> <p class=\"schema-faq-answer\">Isipokuwa kwa mashine kuu, pia kuna vifaa vingine vya nyongeza kwenye mstari wa granulation ya plastiki. Ni vyombo vya kusafirisha otomatiki, matangi ya kupoeza plastiki, mashine za kukata pellet, vichungi vya gesi taka na mapipa ya kuhifadhia pellets. Ikiwa unahitaji mashine zilizo hapo juu, karibu kuwasiliana na wasimamizi wetu wa mauzo.<\/p> <\/div> <\/div>    <h2 class=\"wp-block-heading\" id=\"h-success-case-of-plastic-granulation-line\">Kesi ya mafanikio ya mstari wa granulation ya plastiki<\/h2>    <p class=\"translation-block\">Na\u0161<a href=\"https:\/\/plastic-machines.org\/sw\/info\/plastic-granulator-machine-exported-to-ghana\/\"> kupac iz Gane je kupio na\u0161 pelletizer za plastiku<\/a> za svoju fabriku za recikla\u017eu plastike. Sakupio je veliki broj kori\u0161\u0107enih PP buradi i treba ih drobiti, a zatim granulisati. Kona\u010dne plasti\u010dne pelete \u0107e biti prodane na me\u0111unarodnom tr\u017ei\u0161tu reciklirane plastike.<\/p>   <div class=\"wp-block-image\"> <figure class=\"aligncenter size-full\"><img loading=\"lazy\" decoding=\"async\" width=\"720\" height=\"540\" src=\"https:\/\/plastic-machines.org\/wp-content\/uploads\/2022\/06\/successful-case.webp\" alt=\"kesi ya mafanikio ya mstari wa granulation ya plastiki\" class=\"wp-image-227\" srcset=\"https:\/\/plastic-machines.org\/wp-content\/uploads\/2022\/06\/successful-case.webp 720w, https:\/\/plastic-machines.org\/wp-content\/uploads\/2022\/06\/successful-case-300x225.webp 300w\" sizes=\"auto, (max-width: 720px) 100vw, 720px\" \/><figcaption class=\"wp-element-caption\">kesi iliyofanikiwa<\/figcaption><\/figure> <\/div>  <div class=\"wp-block-image\"> <figure class=\"aligncenter size-full\"><img loading=\"lazy\" decoding=\"async\" width=\"720\" height=\"540\" src=\"https:\/\/plastic-machines.org\/wp-content\/uploads\/2022\/06\/packing-and-delivery.webp\" alt=\"kufunga na utoaji wa granulator ya plastiki\" class=\"wp-image-228\" srcset=\"https:\/\/plastic-machines.org\/wp-content\/uploads\/2022\/06\/packing-and-delivery.webp 720w, https:\/\/plastic-machines.org\/wp-content\/uploads\/2022\/06\/packing-and-delivery-300x225.webp 300w\" sizes=\"auto, (max-width: 720px) 100vw, 720px\" \/><figcaption class=\"wp-element-caption\">kufunga na kujifungua<\/figcaption><\/figure> <\/div>   <h2 class=\"wp-block-heading\">Huduma ya mauzo ya laini ya kuchakata plastiki ya kuchakata granulating<\/h2>    <ol class=\"wp-block-list\"> <li>Shuliy Group itatoa suluhisho kwa laini ya kuchakata tena plastiki ndani ya saa 24 baada ya kupokea swali lako. Baada ya mteja na meneja mauzo kuthibitisha kila undani, agizo la mwisho linawekwa na kiwanda cha Shuliy hupanga uwasilishaji wa vifaa, na ikiwa mteja ana mahitaji maalum ya ubinafsishaji, tunapanga uwasilishaji wa haraka baada ya vifaa kutengenezwa.<\/li>    <li>Meneja wetu wa mauzo ataambatana na mteja katika mchakato mzima wa kukubalika kwa vifaa, na kumsaidia mteja katika usakinishaji wa mashine ya kuchakata plastiki na mashine nyingine za usaidizi.<\/li>    <li>Ikiwa wateja wana matatizo ya usakinishaji, kampuni yetu hutuma wafanyakazi wa kiufundi kwenye tovuti ya mteja ili kuongoza usakinishaji. Kisha mhandisi wetu atamfundisha operator wa ndani kuitumia.<\/li>    <li>Daima tunajaribu tuwezavyo kuwahudumia wateja wetu, isipokuwa kwa vipuri vya kuvaa, kampuni ya shuliy hutoa udhamini wa mwaka 1 na huduma zingine za baada ya mauzo kwa laini ya kuchakata tena plastiki.<\/li> <\/ol>","protected":false},"excerpt":{"rendered":"<p>This plastic recycling granulating line is mainly used for the recycling and granulation of hard waste plastics. The main equipment of this plastic recycling plant includes plastic crushing machine, washing tank, dryer, plastic pelletizer, storage bin, and so on. Shuliy Group can match different plastic recycling machines according to customers&#8217; different conditions, like raw materials, [&hellip;]<\/p>\n","protected":false},"author":1,"featured_media":1411,"parent":0,"template":"","tags":[37,50,44,51],"product-type":[13],"class_list":["post-41","product","type-product","status-publish","has-post-thumbnail","hentry","tag-hdpe","tag-pellet","tag-pp","tag-rigid","product-type-plastic-recycling-lines"],"taxonomy_info":{"post_tag":[{"value":37,"label":"HDPE"},{"value":50,"label":"pellet"},{"value":44,"label":"PP"},{"value":51,"label":"rigid"}],"product-type":[{"value":13,"label":"Plastic Recycling Lines"}]},"featured_image_src_large":["https:\/\/plastic-machines.org\/wp-content\/uploads\/2022\/06\/Plastic-Recycling-Granulating-Line.webp",720,540,false],"author_info":{"display_name":"Ella","author_link":"https:\/\/plastic-machines.org\/sw\/author\/admin\/"},"comment_info":"","_links":{"self":[{"href":"https:\/\/plastic-machines.org\/sw\/wp-json\/wp\/v2\/product\/41","targetHints":{"allow":["GET"]}}],"collection":[{"href":"https:\/\/plastic-machines.org\/sw\/wp-json\/wp\/v2\/product"}],"about":[{"href":"https:\/\/plastic-machines.org\/sw\/wp-json\/wp\/v2\/types\/product"}],"author":[{"embeddable":true,"href":"https:\/\/plastic-machines.org\/sw\/wp-json\/wp\/v2\/users\/1"}],"wp:featuredmedia":[{"embeddable":true,"href":"https:\/\/plastic-machines.org\/sw\/wp-json\/wp\/v2\/media\/1411"}],"wp:attachment":[{"href":"https:\/\/plastic-machines.org\/sw\/wp-json\/wp\/v2\/media?parent=41"}],"wp:term":[{"taxonomy":"post_tag","embeddable":true,"href":"https:\/\/plastic-machines.org\/sw\/wp-json\/wp\/v2\/tags?post=41"},{"taxonomy":"product-type","embeddable":true,"href":"https:\/\/plastic-machines.org\/sw\/wp-json\/wp\/v2\/product-type?post=41"}],"curies":[{"name":"wp","href":"https:\/\/api.w.org\/{rel}","templated":true}]}}