{"id":314,"date":"2022-07-13T10:39:43","date_gmt":"2022-07-13T10:39:43","guid":{"rendered":"https:\/\/plastic-machines.org\/?post_type=product&#038;p=314"},"modified":"2024-12-27T10:13:06","modified_gmt":"2024-12-27T02:13:06","slug":"eps-pelletizing-machine","status":"publish","type":"product","link":"https:\/\/plastic-machines.org\/sw\/product\/eps-pelletizing-machine\/","title":{"rendered":"EPS Pelletizing Machine kwa ajili ya Usafishaji Povu Plastiki"},"content":{"rendered":"<div class=\"kk-star-ratings kksr-auto kksr-align-left kksr-valign-top\"     data-payload='{&quot;align&quot;:&quot;left&quot;,&quot;id&quot;:&quot;314&quot;,&quot;slug&quot;:&quot;default&quot;,&quot;valign&quot;:&quot;top&quot;,&quot;ignore&quot;:&quot;&quot;,&quot;reference&quot;:&quot;auto&quot;,&quot;class&quot;:&quot;&quot;,&quot;count&quot;:&quot;5&quot;,&quot;legendonly&quot;:&quot;&quot;,&quot;readonly&quot;:&quot;&quot;,&quot;score&quot;:&quot;5&quot;,&quot;starsonly&quot;:&quot;&quot;,&quot;best&quot;:&quot;5&quot;,&quot;gap&quot;:&quot;5&quot;,&quot;greet&quot;:&quot;Rate this product&quot;,&quot;legend&quot;:&quot;5\\\/5 - (5 votes)&quot;,&quot;size&quot;:&quot;24&quot;,&quot;title&quot;:&quot;EPS Pelletizing Machine for Plastic Foam Recycling&quot;,&quot;width&quot;:&quot;142.5&quot;,&quot;_legend&quot;:&quot;{score}\\\/{best} - ({count} {votes})&quot;,&quot;font_factor&quot;:&quot;1.25&quot;}'>              <div class=\"kksr-stars\">      <div class=\"kksr-stars-inactive\">             <div class=\"kksr-star\" data-star=\"1\" style=\"padding-right: 5px\">               <div class=\"kksr-icon\" style=\"width: 24px; height: 24px;\"><\/div>         <\/div>             <div class=\"kksr-star\" data-star=\"2\" style=\"padding-right: 5px\">               <div class=\"kksr-icon\" style=\"width: 24px; height: 24px;\"><\/div>         <\/div>             <div class=\"kksr-star\" data-star=\"3\" style=\"padding-right: 5px\">               <div class=\"kksr-icon\" style=\"width: 24px; height: 24px;\"><\/div>         <\/div>             <div class=\"kksr-star\" data-star=\"4\" style=\"padding-right: 5px\">               <div class=\"kksr-icon\" style=\"width: 24px; height: 24px;\"><\/div>         <\/div>             <div class=\"kksr-star\" data-star=\"5\" style=\"padding-right: 5px\">               <div class=\"kksr-icon\" style=\"width: 24px; height: 24px;\"><\/div>         <\/div>     <\/div>      <div class=\"kksr-stars-active\" style=\"width: 142.5px;\">             <div class=\"kksr-star\" style=\"padding-right: 5px\">               <div class=\"kksr-icon\" style=\"width: 24px; height: 24px;\"><\/div>         <\/div>             <div class=\"kksr-star\" style=\"padding-right: 5px\">               <div class=\"kksr-icon\" style=\"width: 24px; height: 24px;\"><\/div>         <\/div>             <div class=\"kksr-star\" style=\"padding-right: 5px\">               <div class=\"kksr-icon\" style=\"width: 24px; height: 24px;\"><\/div>         <\/div>             <div class=\"kksr-star\" style=\"padding-right: 5px\">               <div class=\"kksr-icon\" style=\"width: 24px; height: 24px;\"><\/div>         <\/div>             <div class=\"kksr-star\" style=\"padding-right: 5px\">               <div class=\"kksr-icon\" style=\"width: 24px; height: 24px;\"><\/div>         <\/div>     <\/div> <\/div>                   <div class=\"kksr-legend\" style=\"font-size: 19.2px;\">             5\/5 - (5 r\u00f6ster)    <\/div>     <\/div>  <p>EPS pelletizing mashine ni vifaa vya kitaalamu katika sekta ya kuchakata povu ya plastiki, ambayo ni mahsusi kwa ajili ya taka styrofoam (polystyrene). Muundo wa granulator ya styrofoam ni sanjari na inafaa, na gharama ya uwekezaji ni ya chini, ambayo ndiyo mashine bora ya kuchakata EPS.<\/p>    <h2 class=\"wp-block-heading\" id=\"h-applications-of-eps-granulator\">Utumizi wa granulator ya EPS<\/h2>    <p class=\"translation-block\">Maskinen f\u00f6r \u00e5tervinning av polystyren kan kopplas ihop med en skumkross och pelletsavsk\u00e4rningsmaskin, dessa \u00e4r den grundl\u00e4ggande utrustningen f\u00f6r <a href=\"https:\/\/plastic-machines.org\/sw\/product\/plastic-foam-pelletizing-line\/\">\u00e5tervinningslinjen f\u00f6r plastskum<\/a>. \u00c5tervinningslinjen kan krossa, extrudera, kyla och granulat snabbmatl\u00e5dor av skum, skumfriska l\u00e5dor, isoleringsmaterial, f\u00f6rpackningsskum f\u00f6r m\u00f6bler etc. s\u00e5 att avfallsskummet blir de b\u00e4st s\u00e4ljande \u00e5tervunna EPS-granulerna p\u00e5 marknaden. Skumgranulatormaskinen uppfyller de h\u00f6ga standarderna f\u00f6r pelletisering av EPS ultral\u00e5g densitet skumplast.<\/p>   <div class=\"wp-block-image\"> <figure class=\"aligncenter size-full\"><img loading=\"lazy\" decoding=\"async\" width=\"720\" height=\"540\" src=\"https:\/\/plastic-machines.org\/wp-content\/uploads\/2022\/07\/raw-materials-.webp\" alt=\"malighafi ya mashine ya EPS pelletizing\" class=\"wp-image-326\" srcset=\"https:\/\/plastic-machines.org\/wp-content\/uploads\/2022\/07\/raw-materials-.webp 720w, https:\/\/plastic-machines.org\/wp-content\/uploads\/2022\/07\/raw-materials--300x225.webp 300w\" sizes=\"auto, (max-width: 720px) 100vw, 720px\" \/><figcaption class=\"wp-element-caption\">malighafi ya mashine ya EPS pelletizing<\/figcaption><\/figure> <\/div>   <h2 class=\"wp-block-heading\" id=\"h-final-product-of-eps-foam-pelletizing-machine\">Bidhaa ya mwisho ya mashine ya kusaga povu ya EPS<\/h2>    <p>Baada ya kuchakata pellets za mwisho ni pellets zilizorejeshwa za EPS, zina muundo mgumu, saizi moja, gloss ya juu, na anuwai ya matumizi. Matumizi kuu ni pamoja na kujenga paneli za insulation za nje, sehemu za uwazi za majengo ya umma, vyombo vya macho, mifano ya uwazi na kadhalika. Watengenezaji wanaohitaji sana ni viwanda vya kuta za nje za kuta, viwanda vya fremu za picha na viwanda vya ubao wa matangazo.<\/p>   <div class=\"wp-block-image\"> <figure class=\"aligncenter size-full\"><img loading=\"lazy\" decoding=\"async\" width=\"720\" height=\"540\" src=\"https:\/\/plastic-machines.org\/wp-content\/uploads\/2022\/07\/EPS-pellets.webp\" alt=\"Vidonge vya EPS\" class=\"wp-image-318\" srcset=\"https:\/\/plastic-machines.org\/wp-content\/uploads\/2022\/07\/EPS-pellets.webp 720w, https:\/\/plastic-machines.org\/wp-content\/uploads\/2022\/07\/EPS-pellets-300x225.webp 300w\" sizes=\"auto, (max-width: 720px) 100vw, 720px\" \/><figcaption class=\"wp-element-caption\">Vidonge vya EPS<\/figcaption><\/figure> <\/div>   <h2 class=\"wp-block-heading\" id=\"h-plastic-foam-granulator-structures\">Miundo ya granulator ya Styrofoam<\/h2>    <p>Kwa ujumla, mashine ya kuchakata styrofoam mara nyingi hutumiwa pamoja na crusher ya povu na bwawa la baridi. Shredder ya styrofoam ni rahisi kulisha kwa kutumia kwa usawa. Granulator ya EPS ina mashine ndogo, na mchanganyiko huu hufanya plastiki kuyeyuka vizuri zaidi.<\/p>   <div class=\"wp-block-image\"> <figure class=\"aligncenter size-full\"><img loading=\"lazy\" decoding=\"async\" width=\"720\" height=\"540\" src=\"https:\/\/plastic-machines.org\/wp-content\/uploads\/2022\/07\/4-EPS-foam-granulator-machine-structure1.webp\" alt=\"EPS-povu-granulator-mashine-muundo\" class=\"wp-image-320\" srcset=\"https:\/\/plastic-machines.org\/wp-content\/uploads\/2022\/07\/4-EPS-foam-granulator-machine-structure1.webp 720w, https:\/\/plastic-machines.org\/wp-content\/uploads\/2022\/07\/4-EPS-foam-granulator-machine-structure1-300x225.webp 300w\" sizes=\"auto, (max-width: 720px) 100vw, 720px\" \/><figcaption class=\"wp-element-caption\">EPS-povu-granulator-mashine-muundo<\/figcaption><\/figure> <\/div>   <h2 class=\"wp-block-heading\">Manufaa ya mashine ya kuchakata EPS<\/h2>    <ul class=\"wp-block-list\"> <li>Mtengenezaji wa Shuliy ana aina kamili ya teknolojia ya kuchakata plastiki na ubora wa kuaminika. Pia tunayo huduma bora baada ya mauzo. Ikiwa wewe ni novice, unaweza kununua kwa ujasiri, wafundi wetu wa kitaaluma wataelezea jinsi ya kufanya kazi.<\/li>    <li>Granulator ya plastiki ya EPS imeundwa na chuma cha risasi cha muundo wa kaboni, cha kudumu, na si rahisi kwa deformation ambayo ina uwezo wa juu na maisha ya huduma ya muda mrefu.<\/li>    <li>Seti ya mashine za EPS za kuweka pelletizing zina vifaa vya kusaidia kikamilifu na inashughulikia eneo la bidhaa ndogo na za ubora wa juu.<\/li>    <li>Mashine ya granulator ya povu hutumia kikamilifu inapokanzwa kwa msuguano wa shinikizo la juu, na uzalishaji wa joto wa moja kwa moja, ambayo inaweza kuzuia kupokanzwa kwa kuendelea na kuokoa nguvu zaidi za kuokoa nishati.<\/li> <\/ul>    <h2 class=\"wp-block-heading\">Vigezo vya mashine ya kusambaza povu ya EPS<\/h2>    <p>Granulator ya EPS ina mifano sita, wateja wanaweza kuchagua moja kulingana na mahitaji na uwezo wake.<\/p>    <figure class=\"wp-block-table\"><table><tbody><tr><td>Mfano<\/td><td>Uwezo (KG\/H)<\/td><td>Motor Kuu (KW)<\/td><\/tr><tr><td>220<br>(Kipunguza mara mbili)<\/td><td>150-175<\/td><td>15<\/td><\/tr><tr><td>270<br>(Kipunguza mara mbili)<\/td><td>200-225<\/td><td>18.5<\/td><\/tr><tr><td>220<br>(Kipunguza Kimoja)<\/td><td>150-175<\/td><td>15<\/td><\/tr><tr><td>270<br>(Kipunguza Kimoja)<\/td><td>200-225<\/td><td>18.5<\/td><\/tr><tr><td>320<br>(Kipunguza mara mbili)<\/td><td>275-300<\/td><td>18.5<\/td><\/tr><tr><td>350<br>(Kipunguza mara mbili)<\/td><td>325-375<\/td><td>22<\/td><\/tr><\/tbody><\/table><\/figure>    <h2 class=\"wp-block-heading\" id=\"h-plastic-foam-granulator-plant-display\">Maonyesho ya kiwanda cha kuchakata mashine ya EPS<\/h2>   <div class=\"wp-block-image\"> <figure class=\"aligncenter size-full\"><img loading=\"lazy\" decoding=\"async\" width=\"720\" height=\"540\" src=\"https:\/\/plastic-machines.org\/wp-content\/uploads\/2022\/07\/EPS-pelletizer.webp\" alt=\"Pelletizer ya EPS\" class=\"wp-image-202\" srcset=\"https:\/\/plastic-machines.org\/wp-content\/uploads\/2022\/07\/EPS-pelletizer.webp 720w, https:\/\/plastic-machines.org\/wp-content\/uploads\/2022\/07\/EPS-pelletizer-300x225.webp 300w\" sizes=\"auto, (max-width: 720px) 100vw, 720px\" \/><figcaption class=\"wp-element-caption\">Mashine ya kusambaza pelletizing ya EPS<\/figcaption><\/figure> <\/div>  <div class=\"wp-block-image\"> <figure class=\"aligncenter size-full\"><img loading=\"lazy\" decoding=\"async\" width=\"720\" height=\"540\" src=\"https:\/\/plastic-machines.org\/wp-content\/uploads\/2022\/07\/our-factory.webp\" alt=\"kiwanda chetu cha mashine ya kuchakata povu ya plastiki\" class=\"wp-image-205\" srcset=\"https:\/\/plastic-machines.org\/wp-content\/uploads\/2022\/07\/our-factory.webp 720w, https:\/\/plastic-machines.org\/wp-content\/uploads\/2022\/07\/our-factory-300x225.webp 300w\" sizes=\"auto, (max-width: 720px) 100vw, 720px\" \/><figcaption class=\"wp-element-caption\">Kiwanda cha Shuliy cha mashine ya kuchakata tena EPS<\/figcaption><\/figure> <\/div>   <h2 class=\"wp-block-heading\">Matengenezo ya mashine ya EPS pelletizing <\/h2>    <p>Mashine yoyote inahitaji matengenezo ya mara kwa mara, na mashine ya EPS ya pelletizing sio ubaguzi. Baada ya muda wa matumizi ya kinu cha pellet, wateja wengine hugundua kuwa mzunguko wa mashine ya kuchakata povu pia hauwezi kunyumbulika kama hapo awali. Sababu ya tatizo hili ni rahisi. Ukosefu wa mashine ya mafuta au vumbi la chasi unaosababishwa na zaidi. Tunaweza kuangalia kazi ya rollers kila baada ya miezi sita, grisi, na uingizwaji wa wakati wa fani zilizovaliwa au zilizoharibiwa.<\/p>    <p>Waendeshaji wanapaswa kusafisha kikombe cha mafuta, tanki la mafuta, bomba na chujio baada ya saa 500 za muda wa uzalishaji, kisha kuongeza mafuta mapya ya chujio. Safisha vumbi na uchafu kwenye kisanduku cha kudhibiti umeme mara moja kila robo mwaka au nusu ya mwaka, angalia wingi wa vilainisho vya tanki la mafuta, na ujaze wingi wa lubricant kwa wakati.<\/p>    <h2 class=\"wp-block-heading\">Huduma za mashine ya Shuliy EPS granulator<\/h2>    <ul class=\"wp-block-list\"> <li>Tunatoa huduma ya bure lakini ya kitaalamu ya ushauri wa bidhaa. Kwa kawaida, washauri wetu wa mauzo watajibu ndani ya saa 24.<\/li>    <li>Unakaribishwa kwa moyo mkunjufu kutembelea kiwanda chetu ili kuona mashine ya kuchakata povu ya EPS ya plastiki. Ikiwa huwezi kutembelea kiwanda, wafanyikazi wetu watakutumia picha na video, tafadhali jisikie huru kuwasiliana nasi.<\/li>    <li>Wahandisi wa baada ya mauzo wanapatikana ili kukusaidia na usakinishaji wa mashine yako. Mashine itakapowasili, wahandisi wetu watakuwa mtandaoni ili kukusaidia kusanidi na kutatua hitilafu kwenye mashine.<\/li>    <li>Mashine zote za kuchakata EPS za Shuliy Machinery\u2019s ziko chini ya dhamana ya bure ya mwaka mmoja. Tafadhali jisikie huru kuwasiliana nasi.<\/li> <\/ul>","protected":false},"excerpt":{"rendered":"<p>EPS pelletizing machine is a professional equipment in the plastic foam recycling industry, which is specifically for waste styrofoam (polystyrene). The styrofoam granulator structure is compact and reasonable, and the investment cost is low, which is the ideal EPS recycling machine. Applications of EPS granulator The polystyrene recycling machine can be matched with a foam [&hellip;]<\/p>\n","protected":false},"author":1,"featured_media":442,"parent":0,"template":"","tags":[43],"product-type":[9],"class_list":["post-314","product","type-product","status-publish","has-post-thumbnail","hentry","tag-eps","product-type-plastic-pelletizer"],"taxonomy_info":{"post_tag":[{"value":43,"label":"EPS"}],"product-type":[{"value":9,"label":"Plastic Pelletizer"}]},"featured_image_src_large":["https:\/\/plastic-machines.org\/wp-content\/uploads\/2022\/06\/EPS-Pelletizing-Machine1.webp",720,540,false],"author_info":{"display_name":"Ella","author_link":"https:\/\/plastic-machines.org\/sw\/author\/admin\/"},"comment_info":"","_links":{"self":[{"href":"https:\/\/plastic-machines.org\/sw\/wp-json\/wp\/v2\/product\/314","targetHints":{"allow":["GET"]}}],"collection":[{"href":"https:\/\/plastic-machines.org\/sw\/wp-json\/wp\/v2\/product"}],"about":[{"href":"https:\/\/plastic-machines.org\/sw\/wp-json\/wp\/v2\/types\/product"}],"author":[{"embeddable":true,"href":"https:\/\/plastic-machines.org\/sw\/wp-json\/wp\/v2\/users\/1"}],"wp:featuredmedia":[{"embeddable":true,"href":"https:\/\/plastic-machines.org\/sw\/wp-json\/wp\/v2\/media\/442"}],"wp:attachment":[{"href":"https:\/\/plastic-machines.org\/sw\/wp-json\/wp\/v2\/media?parent=314"}],"wp:term":[{"taxonomy":"post_tag","embeddable":true,"href":"https:\/\/plastic-machines.org\/sw\/wp-json\/wp\/v2\/tags?post=314"},{"taxonomy":"product-type","embeddable":true,"href":"https:\/\/plastic-machines.org\/sw\/wp-json\/wp\/v2\/product-type?post=314"}],"curies":[{"name":"wp","href":"https:\/\/api.w.org\/{rel}","templated":true}]}}