{"id":302,"date":"2022-07-12T10:45:36","date_gmt":"2022-07-12T10:45:36","guid":{"rendered":"https:\/\/plastic-machines.org\/?post_type=product&#038;p=302"},"modified":"2026-01-29T14:58:38","modified_gmt":"2026-01-29T06:58:38","slug":"plastic-float-sink-tank","status":"publish","type":"product","link":"https:\/\/plastic-machines.org\/sw\/product\/plastic-float-sink-tank\/","title":{"rendered":"Tank ya Plastiki ya Kuogea kwa Kiwango cha Juu cha Flake Kusafisha na Kutoza"},"content":{"rendered":"<div class=\"kk-star-ratings kksr-auto kksr-align-left kksr-valign-top\"     data-payload='{&quot;align&quot;:&quot;left&quot;,&quot;id&quot;:&quot;302&quot;,&quot;slug&quot;:&quot;default&quot;,&quot;valign&quot;:&quot;top&quot;,&quot;ignore&quot;:&quot;&quot;,&quot;reference&quot;:&quot;auto&quot;,&quot;class&quot;:&quot;&quot;,&quot;count&quot;:&quot;1&quot;,&quot;legendonly&quot;:&quot;&quot;,&quot;readonly&quot;:&quot;&quot;,&quot;score&quot;:&quot;5&quot;,&quot;starsonly&quot;:&quot;&quot;,&quot;best&quot;:&quot;5&quot;,&quot;gap&quot;:&quot;5&quot;,&quot;greet&quot;:&quot;Rate this product&quot;,&quot;legend&quot;:&quot;5\\\/5 - (1 vote)&quot;,&quot;size&quot;:&quot;24&quot;,&quot;title&quot;:&quot;Plastic Float Sink Tank for High-Purity Flake Washing Separating&quot;,&quot;width&quot;:&quot;142.5&quot;,&quot;_legend&quot;:&quot;{score}\\\/{best} - ({count} {votes})&quot;,&quot;font_factor&quot;:&quot;1.25&quot;}'>              <div class=\"kksr-stars\">      <div class=\"kksr-stars-inactive\">             <div class=\"kksr-star\" data-star=\"1\" style=\"padding-right: 5px\">               <div class=\"kksr-icon\" style=\"width: 24px; height: 24px;\"><\/div>         <\/div>             <div class=\"kksr-star\" data-star=\"2\" style=\"padding-right: 5px\">               <div class=\"kksr-icon\" style=\"width: 24px; height: 24px;\"><\/div>         <\/div>             <div class=\"kksr-star\" data-star=\"3\" style=\"padding-right: 5px\">               <div class=\"kksr-icon\" style=\"width: 24px; height: 24px;\"><\/div>         <\/div>             <div class=\"kksr-star\" data-star=\"4\" style=\"padding-right: 5px\">               <div class=\"kksr-icon\" style=\"width: 24px; height: 24px;\"><\/div>         <\/div>             <div class=\"kksr-star\" data-star=\"5\" style=\"padding-right: 5px\">               <div class=\"kksr-icon\" style=\"width: 24px; height: 24px;\"><\/div>         <\/div>     <\/div>      <div class=\"kksr-stars-active\" style=\"width: 142.5px;\">             <div class=\"kksr-star\" style=\"padding-right: 5px\">               <div class=\"kksr-icon\" style=\"width: 24px; height: 24px;\"><\/div>         <\/div>             <div class=\"kksr-star\" style=\"padding-right: 5px\">               <div class=\"kksr-icon\" style=\"width: 24px; height: 24px;\"><\/div>         <\/div>             <div class=\"kksr-star\" style=\"padding-right: 5px\">               <div class=\"kksr-icon\" style=\"width: 24px; height: 24px;\"><\/div>         <\/div>             <div class=\"kksr-star\" style=\"padding-right: 5px\">               <div class=\"kksr-icon\" style=\"width: 24px; height: 24px;\"><\/div>         <\/div>             <div class=\"kksr-star\" style=\"padding-right: 5px\">               <div class=\"kksr-icon\" style=\"width: 24px; height: 24px;\"><\/div>         <\/div>     <\/div> <\/div>                   <div class=\"kksr-legend\" style=\"font-size: 19.2px;\">             5\/5 - (1 r\u00f6st)    <\/div>     <\/div>  <p>Tangi ya kuelea ya plastiki ni mojawapo ya mashine maarufu zaidi katika mstari wa kuchakata chupa za plastiki, ambayo pia huitwa tank ya kutenganisha PP PE. Tangi inayotenganisha hutumia msongamano tofauti wa plastiki kukataa vifuniko vya chupa za PP au PE, na hivyo kuchagua vipande safi vya PET na kuhakikisha usafi wa bidhaa.<\/p>    <h2 class=\"wp-block-heading\" id=\"h-pet-bottle-washing-machine-application\">Maombi ya mashine ya kuosha chupa za PET <\/h2>    <p class=\"translation-block\">Kwa ujumla, chupa za PET zilizorejelewa zitapelekwa kwenye tank ya kutenganisha PP PE baada ya <a href=\"https:\/\/plastic-machines.org\/sw\/product\/plastic-bottle-crusher\/\">kuvunjwa<\/a>. Kwa sababu vichwa vya chupa za plastiki vinatengenezwa kwa PP au PE, ni muhimu kuviondoa kutoka kwa chips za PET. Ni baada ya nyenzo safi za PET kutengwa, mchakato unaofuata wa kusafisha unaweza kuanza.<\/p>    <h2 class=\"wp-block-heading\">Kwa nini PET Sink-Float Separation Tank ni Muhimu kwa Misheni?<\/h2>    <p>I den konkurrensutsatta rPET-marknaden \u00e4r flingornas renhet inte en funktion\u2014det \u00e4r din valuta. Enbart 1% kontaminering av PP\/PE i dina PET-flingor kan drastiskt minska materialets marknadsv\u00e4rde och begr\u00e4nsa dess till\u00e4mpning, vilket diskvalificerar det fr\u00e5n h\u00f6gvinstsektorer som fiberproduktion eller flaska-till-flaska \u00e5tervinning. <\/p>    <p>The sink-float separation tank acts as the primary guardian of your product&#8217;s purity and, ultimately, your profitability. It is the most cost-effective bulk separation method to remove polyolefin (PP\/PE) caps and labels, ensuring the final rPET flakes meet stringent quality standards (e.g., contamination levels below 100ppm).&#8221;<\/p>    <h2 class=\"wp-block-heading\">Onyesho la kiwanda la tanki la kuelea la plastiki<\/h2>    <figure class=\"wp-block-gallery has-nested-images columns-default is-cropped wp-block-gallery-2 is-layout-flex wp-block-gallery-is-layout-flex\"> <figure class=\"wp-block-image size-large\"><img loading=\"lazy\" decoding=\"async\" width=\"720\" height=\"540\" data-id=\"305\" src=\"https:\/\/plastic-machines.org\/wp-content\/uploads\/2022\/07\/plastic-washing-tank.webp\" alt=\"tank ya kuosha plastiki\" class=\"wp-image-305\" srcset=\"https:\/\/plastic-machines.org\/wp-content\/uploads\/2022\/07\/plastic-washing-tank.webp 720w, https:\/\/plastic-machines.org\/wp-content\/uploads\/2022\/07\/plastic-washing-tank-300x225.webp 300w\" sizes=\"auto, (max-width: 720px) 100vw, 720px\" \/><figcaption class=\"wp-element-caption\">tank ya kuosha plastiki<\/figcaption><\/figure>    <figure class=\"wp-block-image size-large\"><img loading=\"lazy\" decoding=\"async\" width=\"720\" height=\"540\" data-id=\"306\" src=\"https:\/\/plastic-machines.org\/wp-content\/uploads\/2022\/07\/PP-PE-separating-tank-in-plant.webp\" alt=\"Tangi ya kutenganisha PP PE kwenye mmea\" class=\"wp-image-306\" srcset=\"https:\/\/plastic-machines.org\/wp-content\/uploads\/2022\/07\/PP-PE-separating-tank-in-plant.webp 720w, https:\/\/plastic-machines.org\/wp-content\/uploads\/2022\/07\/PP-PE-separating-tank-in-plant-300x225.webp 300w\" sizes=\"auto, (max-width: 720px) 100vw, 720px\" \/><figcaption class=\"wp-element-caption\">Tangi ya kutenganisha PP PE kwenye mmea<\/figcaption><\/figure> <\/figure>    <figure class=\"wp-block-gallery has-nested-images columns-default is-cropped wp-block-gallery-3 is-layout-flex wp-block-gallery-is-layout-flex\"> <figure class=\"wp-block-image size-large\"><img loading=\"lazy\" decoding=\"async\" width=\"720\" height=\"540\" data-id=\"307\" src=\"https:\/\/plastic-machines.org\/wp-content\/uploads\/2022\/07\/plastic-float-sink-tank-in-plant-.webp\" alt=\"tanki la kuelea la plastiki kwenye mmea\" class=\"wp-image-307\" srcset=\"https:\/\/plastic-machines.org\/wp-content\/uploads\/2022\/07\/plastic-float-sink-tank-in-plant-.webp 720w, https:\/\/plastic-machines.org\/wp-content\/uploads\/2022\/07\/plastic-float-sink-tank-in-plant--300x225.webp 300w\" sizes=\"auto, (max-width: 720px) 100vw, 720px\" \/><figcaption class=\"wp-element-caption\">tanki la kuelea la plastiki kwenye mmea<\/figcaption><\/figure>    <figure class=\"wp-block-image size-large\"><img loading=\"lazy\" decoding=\"async\" width=\"720\" height=\"540\" data-id=\"308\" src=\"https:\/\/plastic-machines.org\/wp-content\/uploads\/2022\/07\/plastic-float-sink-tank.webp\" alt=\"tank ya kuelea ya plastiki\" class=\"wp-image-308\" srcset=\"https:\/\/plastic-machines.org\/wp-content\/uploads\/2022\/07\/plastic-float-sink-tank.webp 720w, https:\/\/plastic-machines.org\/wp-content\/uploads\/2022\/07\/plastic-float-sink-tank-300x225.webp 300w\" sizes=\"auto, (max-width: 720px) 100vw, 720px\" \/><figcaption class=\"wp-element-caption\">tank ya kuelea ya plastiki<\/figcaption><\/figure> <\/figure>    <figure class=\"wp-block-gallery has-nested-images columns-default is-cropped wp-block-gallery-4 is-layout-flex wp-block-gallery-is-layout-flex\"> <figure class=\"wp-block-image size-large\"><img loading=\"lazy\" decoding=\"async\" width=\"720\" height=\"540\" data-id=\"310\" src=\"https:\/\/plastic-machines.org\/wp-content\/uploads\/2022\/07\/PET-Bottle-Washing-Separating-Machine.webp\" alt=\"tanki la kuelea la plastiki kwa ajili ya kuchakata chupa za PET\" class=\"wp-image-310\" srcset=\"https:\/\/plastic-machines.org\/wp-content\/uploads\/2022\/07\/PET-Bottle-Washing-Separating-Machine.webp 720w, https:\/\/plastic-machines.org\/wp-content\/uploads\/2022\/07\/PET-Bottle-Washing-Separating-Machine-300x225.webp 300w\" sizes=\"auto, (max-width: 720px) 100vw, 720px\" \/><figcaption class=\"wp-element-caption\">tank ya kuelea ya plastiki<\/figcaption><\/figure>    <figure class=\"wp-block-image size-large\"><img loading=\"lazy\" decoding=\"async\" width=\"720\" height=\"540\" data-id=\"311\" src=\"https:\/\/plastic-machines.org\/wp-content\/uploads\/2022\/07\/PP-PE-separating-tank.webp\" alt=\"PP PE kutenganisha tank\" class=\"wp-image-311\" srcset=\"https:\/\/plastic-machines.org\/wp-content\/uploads\/2022\/07\/PP-PE-separating-tank.webp 720w, https:\/\/plastic-machines.org\/wp-content\/uploads\/2022\/07\/PP-PE-separating-tank-300x225.webp 300w\" sizes=\"auto, (max-width: 720px) 100vw, 720px\" \/><figcaption class=\"wp-element-caption\">PP PE kutenganisha tank<\/figcaption><\/figure> <\/figure>    <h2 class=\"wp-block-heading\">Kwa nini unahitaji tank ya kuelea ya plastiki?<\/h2>    <p>Chupa nyingi za vinywaji na chupa za maji ya madini zimetengenezwa kwa plastiki ya PET, na plastiki ya PET ni nyenzo inayoweza kutumika tena ya 100%. Kwa hivyo, plastiki ya PET na rPET (plastiki ya PET iliyorejeshwa) inaweza kurejeshwa ili kutengeneza bidhaa mpya tena, kama vile nguo, mazulia, bidhaa za viwandani na chupa mpya za plastiki.<\/p>    <p class=\"translation-block\">Baada ya chupa za plastiki kusagwa, zinahitaji kuondolewa kwa kusagwa na kusafishwa kwa kina kwa tanki la kutenganisha PP PE, ambalo hufanywa ili kupata vichungi vya plastiki vya PET vya aina moja. Badala ya mchanganyiko wa plastiki uliochanganyika na vichungi vya PP au PE. Plastiki safi ya PET huundwa tena kuwa chembe za plastiki za raw katika ukungu na hatimaye kutumika kwa uzalishaji wa bidhaa mpya. Kwa hivyo, ni muhimu katika <a href=\"https:\/\/plastic-machines.org\/sw\/product\/pet-bottle-recycling-line\/\">kiwanda cha urejelezaji chupa za PET<\/a>.<\/p>    <h2 class=\"wp-block-heading\">Inavyofanya Kazi: Muonekano wa Ndani wa Mchakato wa Kutenganisha<\/h2>    <p>Tank yetu ya sink-float inatumia kanuni ya msingi ya wingi wa nyenzo katika mchakato ulioandaliwa kwa uangalifu:<\/p>    <ul class=\"wp-block-list\"> <li>Infeed: Vipande vya plastiki vilivyovunjwa na kuoshwa kabla (mchanganyiko wa PET, PP, PE) vinapelekwa kwenye tank iliyojaa maji.<\/li>    <li>Kutenganisha: Kutokana na wingi wake mkubwa (&gt;1.3 g\/cm\u00b3), vipande vya PET mara moja huanza kuzama. Kinyume chake, PP na PE kutoka kwa vifuniko vya chupa na mabaki ya lebo, yenye wingi &lt;1.0 g\/cm\u00b3, huinuka juu ya uso.<\/li>    <li>Kutolewa kwa PET: Conveyor ya screw inayozunguka polepole (au scraper ya mnyororo), iliyoundwa kwa usumbufu mdogo wa maji, inasafirisha vipande vya PET vilivyozama kando ya urefu wa tank. Kisha vinatolewa kupitia elevator ya screw iliyo na mwinuko, ambayo pia husaidia kuondoa maji kwenye nyenzo.<\/li>    <li>Kuondolewa kwa Uchafuzi: Wakati huo huo, paddle za juu zinazozunguka kwa upole husukuma uchafuzi wa PP\/PE unaoelea kuelekea bandari ya kutolewa upande au drum inayozunguka kwa ajili ya kuondolewa kiotomatiki. Baffle iliyowekwa kimkakati inazuia uchafuzi huu kuingia kwenye mchakato wa kutolewa wa PET.<\/li> <\/ul>    <p>Kumbukumbu Muhimu: Ingawa ni yenye ufanisi sana kwa PP\/PE, njia hii haiwezi kutenganisha uchafuzi wenye wingi sawa na PET, kama PVC. Hii ndiyo sababu hatua ya awali ya kuchakata ni muhimu.<\/p>    <p>Mashine ya kuosha chupa ya pet hutumia maji kama njia ya kutenganisha kofia za PP na PE kutoka kwa flakes za PET, wakati huo huo, inaweza pia kusafisha flakes za PET. Wakati chupa za plastiki zilizokandamizwa zinaingia kwenye mashine, vifuniko vya chupa za plastiki ambazo wiani wake ni wa chini kuliko ule wa maji utaelea juu ya uso wa maji.<\/p>    <p>Kwa sababu kofia za chupa za plastiki zimetengenezwa kwa nyenzo za PP na PE, zote mbili zina msongamano mdogo kuliko maji, kwa hivyo zitaelea juu ya uso wa maji, wakati vipande vya chupa mnene vya PET vitazama chini, ambayo ni moja ya rahisi na yenye ufanisi. njia za kutenganisha nyenzo safi za PET.<\/p>    <h2 class=\"wp-block-heading\">Vipengele Muhimu vya Ubunifu vya PET Sink-Float Separation Tank<\/h2>    <ul class=\"wp-block-list\"> <li>Ujenzi wa Nyenzo Imara: Sehemu zote zinazogusa maji na plastiki zimeundwa kwa Chuma cha Stainless Aina 304 ili kuzuia kutu na uchafuzi wa bidhaa, kuhakikisha maisha marefu ya huduma. Muundo umejengwa kwa chuma cha kaboni chenye nguvu kwa ajili ya uimarishaji wa muundo.<\/li>    <li>Vipimo vya Tank vilivyoboreshwa: Mifano yetu ya kawaida inatoa uwiano wa urefu hadi upana ulio thibitishwa kwa muda mzuri wa makazi ya nyenzo, ikiongeza ufanisi wa kutenganisha. Vipimo vya kawaida vinapatikana ili kufaa mpangilio wa kiwanda chako maalum na mahitaji ya uwezo.<\/li>    <li>Mfumo wa Usafirishaji wa Ufanisi: Tunatoa conveyor za screw kwa matumizi ya kawaida na scrapers za mnyororo zenye nguvu kwa uwezo mkubwa zaidi au nyenzo zenye abrasive zaidi, kuhakikisha uendeshaji wa kuaminika, bila kuzuiwa.<\/li>    <li>Mzunguko wa Maji uliojumuishwa (Hiari): Ili kupunguza matumizi ya maji, mfumo wetu unaweza kuunganishwa na pampu ya filtration na mzunguko wa maji, ikipunguza kwa kiasi kikubwa gharama zako za uendeshaji.<\/li>    <li>Upatikanaji Rahisi wa Matengenezo: Imeundwa kwa kuzingatia waendeshaji, matangi yetu yana milango mikubwa ya kusafisha na sehemu zinazoweza kufikiwa kwa urahisi kwa ajili ya matengenezo rahisi na kupunguza muda wa kusimama.<\/li> <\/ul>    <h2 class=\"wp-block-heading\">Mifano ya Kiufundi: SL-Series PET Sink-Float Separation Tank<\/h2>    <figure class=\"wp-block-table\"><table><thead><tr><th>Kigezo<\/th><th>Vipimo<\/th><th>Maelezo<\/th><\/tr><\/thead><tbody><tr><td><strong>Mfano<\/strong><\/td><td>SL-500 \/ SL-1000 \/ SL-2000<\/td><td>Eller lista som \"Anpassningsbar\"<\/td><\/tr><tr><td><strong>Uwezo wa Usindikaji<\/strong><\/td><td>500 \u2013 3,000 kg\/h<\/td><td>Inatofautiana kulingana na mfano na hali ya nyenzo<\/td><\/tr><tr><td><strong>Vipimo vya Tank (L\u00d7W\u00d7H)<\/strong><\/td><td>Inayoweza kubadilishwa<\/td><td>Vipimo vya kawaida vinapatikana kwa ombi<\/td><\/tr><tr><td><strong>Nyenzo za Ndani<\/strong><\/td><td><strong>Chuma cha SUS304<\/strong><\/td><td>Inahakikisha hakuna uchafuzi wa kutu, maisha marefu ya huduma<\/td><\/tr><tr><td><strong>Muundo wa Nje<\/strong><\/td><td>Chuma cha Kaboni chenye nguvu<\/td><td>Imefunikwa na rangi ya baharini isiyo na kutu<\/td><\/tr><tr><td><strong>Mfumo wa Usafirishaji wa PET<\/strong><\/td><td>Conveyor ya Screw ya Chini (Kawaida)<\/td><td>Scraper ya mnyororo inapatikana kwa uwezo mkubwa zaidi<\/td><\/tr><tr><td><strong>Kuondolewa kwa Uchafuzi unaoelea<\/strong><\/td><td>Paddle za Juu Zinazozunguka<\/td><td>Kutolewa kiotomatiki kwenye bandari maalum<\/td><\/tr><tr><td><strong>Jumla ya Nguvu ya Motor<\/strong><\/td><td>3 kW \u2013 11 kW<\/td><td>Inategemea uwezo na usanidi<\/td><\/tr><tr><td><strong>Voltage<\/strong><\/td><td>380V\/50Hz\/3P (Inayoweza kubadilishwa)<\/td><td>Kan anpassas till vilket lands standard som helst<\/td><\/tr><tr><td><strong>Mfumo wa Kudhibiti<\/strong><\/td><td>Kabineti ya Kudhibiti Huru<\/td><td>Pamoja na udhibiti wa frequency (VFD) kwa motors<\/td><\/tr><\/tbody><\/table><\/figure>","protected":false},"excerpt":{"rendered":"<p>The plastic float sink tank is one of the most popular machines in the plastic bottle recycling line, which is also called the PP PE separating tank. The separating tank uses different plastic densities to reject PP or PE bottle caps, thus selecting clean PET pieces and ensuring the purity of the product. PET bottle [&hellip;]<\/p>\n","protected":false},"author":1,"featured_media":457,"parent":0,"template":"","tags":[54,35],"product-type":[14,27],"class_list":["post-302","product","type-product","status-publish","has-post-thumbnail","hentry","tag-float","tag-pet","product-type-plastic-cleaning-drying-equipment","product-type-separation-technology"],"taxonomy_info":{"post_tag":[{"value":54,"label":"float"},{"value":35,"label":"PET"}],"product-type":[{"value":14,"label":"Plastic Cleaning&amp;Drying equipment"},{"value":27,"label":"Separation Technology"}]},"featured_image_src_large":["https:\/\/plastic-machines.org\/wp-content\/uploads\/2022\/06\/washing-and-sorting-tank1.webp",720,540,false],"author_info":{"display_name":"Ella","author_link":"https:\/\/plastic-machines.org\/sw\/author\/admin\/"},"comment_info":"","_links":{"self":[{"href":"https:\/\/plastic-machines.org\/sw\/wp-json\/wp\/v2\/product\/302","targetHints":{"allow":["GET"]}}],"collection":[{"href":"https:\/\/plastic-machines.org\/sw\/wp-json\/wp\/v2\/product"}],"about":[{"href":"https:\/\/plastic-machines.org\/sw\/wp-json\/wp\/v2\/types\/product"}],"author":[{"embeddable":true,"href":"https:\/\/plastic-machines.org\/sw\/wp-json\/wp\/v2\/users\/1"}],"wp:featuredmedia":[{"embeddable":true,"href":"https:\/\/plastic-machines.org\/sw\/wp-json\/wp\/v2\/media\/457"}],"wp:attachment":[{"href":"https:\/\/plastic-machines.org\/sw\/wp-json\/wp\/v2\/media?parent=302"}],"wp:term":[{"taxonomy":"post_tag","embeddable":true,"href":"https:\/\/plastic-machines.org\/sw\/wp-json\/wp\/v2\/tags?post=302"},{"taxonomy":"product-type","embeddable":true,"href":"https:\/\/plastic-machines.org\/sw\/wp-json\/wp\/v2\/product-type?post=302"}],"curies":[{"name":"wp","href":"https:\/\/api.w.org\/{rel}","templated":true}]}}