{"id":276,"date":"2022-07-11T07:03:49","date_gmt":"2022-07-11T07:03:49","guid":{"rendered":"https:\/\/plastic-machines.org\/?post_type=product&#038;p=276"},"modified":"2026-01-29T15:39:41","modified_gmt":"2026-01-29T07:39:41","slug":"pet-flakes-hot-washing-machine","status":"publish","type":"product","link":"https:\/\/plastic-machines.org\/sw\/product\/pet-flakes-hot-washing-machine\/","title":{"rendered":"Mashine ya Kuosha Moto ya PET Flakes kwa Usafishaji wa Chupa za Plastiki"},"content":{"rendered":"<div class=\"kk-star-ratings kksr-auto kksr-align-left kksr-valign-top\"     data-payload='{&quot;align&quot;:&quot;left&quot;,&quot;id&quot;:&quot;276&quot;,&quot;slug&quot;:&quot;default&quot;,&quot;valign&quot;:&quot;top&quot;,&quot;ignore&quot;:&quot;&quot;,&quot;reference&quot;:&quot;auto&quot;,&quot;class&quot;:&quot;&quot;,&quot;count&quot;:&quot;2&quot;,&quot;legendonly&quot;:&quot;&quot;,&quot;readonly&quot;:&quot;&quot;,&quot;score&quot;:&quot;5&quot;,&quot;starsonly&quot;:&quot;&quot;,&quot;best&quot;:&quot;5&quot;,&quot;gap&quot;:&quot;5&quot;,&quot;greet&quot;:&quot;Rate this product&quot;,&quot;legend&quot;:&quot;5\\\/5 - (2 votes)&quot;,&quot;size&quot;:&quot;24&quot;,&quot;title&quot;:&quot;PET Flakes Hot Washing Machine for Plastic Bottle Recycling&quot;,&quot;width&quot;:&quot;142.5&quot;,&quot;_legend&quot;:&quot;{score}\\\/{best} - ({count} {votes})&quot;,&quot;font_factor&quot;:&quot;1.25&quot;}'>              <div class=\"kksr-stars\">      <div class=\"kksr-stars-inactive\">             <div class=\"kksr-star\" data-star=\"1\" style=\"padding-right: 5px\">               <div class=\"kksr-icon\" style=\"width: 24px; height: 24px;\"><\/div>         <\/div>             <div class=\"kksr-star\" data-star=\"2\" style=\"padding-right: 5px\">               <div class=\"kksr-icon\" style=\"width: 24px; height: 24px;\"><\/div>         <\/div>             <div class=\"kksr-star\" data-star=\"3\" style=\"padding-right: 5px\">               <div class=\"kksr-icon\" style=\"width: 24px; height: 24px;\"><\/div>         <\/div>             <div class=\"kksr-star\" data-star=\"4\" style=\"padding-right: 5px\">               <div class=\"kksr-icon\" style=\"width: 24px; height: 24px;\"><\/div>         <\/div>             <div class=\"kksr-star\" data-star=\"5\" style=\"padding-right: 5px\">               <div class=\"kksr-icon\" style=\"width: 24px; height: 24px;\"><\/div>         <\/div>     <\/div>      <div class=\"kksr-stars-active\" style=\"width: 142.5px;\">             <div class=\"kksr-star\" style=\"padding-right: 5px\">               <div class=\"kksr-icon\" style=\"width: 24px; height: 24px;\"><\/div>         <\/div>             <div class=\"kksr-star\" style=\"padding-right: 5px\">               <div class=\"kksr-icon\" style=\"width: 24px; height: 24px;\"><\/div>         <\/div>             <div class=\"kksr-star\" style=\"padding-right: 5px\">               <div class=\"kksr-icon\" style=\"width: 24px; height: 24px;\"><\/div>         <\/div>             <div class=\"kksr-star\" style=\"padding-right: 5px\">               <div class=\"kksr-icon\" style=\"width: 24px; height: 24px;\"><\/div>         <\/div>             <div class=\"kksr-star\" style=\"padding-right: 5px\">               <div class=\"kksr-icon\" style=\"width: 24px; height: 24px;\"><\/div>         <\/div>     <\/div> <\/div>                   <div class=\"kksr-legend\" style=\"font-size: 19.2px;\">             5\/5 - (2 r\u00f6ster)    <\/div>     <\/div>  <p>Mashine ya kuosha moto ya PET hutumiwa kwa mvuke chips za chupa kwa joto la juu ili kupunguza mafuta, gundi, nk kwenye uso wa plastiki, na kisha kuosha na maji ya moto. Baada ya kusafisha na kuondoa maji, flakes ya chupa ya PET itafikia kiwango cha mahitaji ya flakes safi ya darasa la kwanza na inaweza kufanywa kuwa malighafi ya nyuzi.<\/p>    <h2 class=\"wp-block-heading\" id=\"h-pet-flakes-hot-washing-machine-application\">PET flakes mashine ya kuosha moto maombi<\/h2>    <p class=\"translation-block\">Shuliy Machinery inajishughulisha na uzalishaji wa mashine za kuosha moto za PET bottle flakes, ambazo ni mojawapo ya vifaa muhimu vya kusafisha katika <strong><a href=\"https:\/\/plastic-machines.org\/sw\/product\/pet-bottle-recycling-line\/\"> PET beverage bottle cleaning line <\/a><\/strong>na zinatumiwa sana katika sekta ya urejeshaji wa takataka za plastiki. Flakes za PET husafishwa kwa kurudiwa katika maji yanayochemka na, kulingana na mahitaji ya mteja, viambatanisho vya kusafisha vinaweza kuongezwa kwenye mashine ili kuua kwa ufanisi vimelea kwenye flakes za plastiki na kuondoa zaidi lebo, madoa ya mafuta, na madoa mengine magumu kuondoa kutoka kwenye plastiki.<\/p>    <h2 class=\"wp-block-heading\">Muundo wa PET flakes mashine ya kuosha moto<\/h2>    <ol class=\"wp-block-list\"> <li>Uso wa ndani wa tank ya kuosha moto ni kioo kilichopigwa; nje shell uso ni kioo polished au matte kusaga uso matibabu.<\/li>    <li>Inlet na plagi bomba mdomo na ndani tank mwili kulehemu ni flanged taratibu, inatumia arc mzunguko wa mpito, na makali ni laini na rahisi kusafisha.<\/li>    <li>Makaa ya mawe au gesi asilia hutumiwa kupokanzwa <a href=\"https:\/\/en.wikipedia.org\/wiki\/Polyethylene_terephthalate\" target=\"_blank\" rel=\"noopener\">PET<\/a> flakes mashine ya kuosha moto. Maji ni chombo cha kupokanzwa, huzalisha joto kwa nyenzo za joto za tank.<\/li> <\/ol>    <h2 class=\"wp-block-heading\">Faida za mashine ya kuosha chakavu cha plastiki<\/h2>    <ul class=\"wp-block-list\"> <li>Ikiwa wateja wanahitaji kutumia PET flakes mashine ya kuosha moto nje, wahandisi wetu wanaweza kuongeza safu ya ulinzi wa insulation ya pamba ya mwamba kwenye nje ya mashine wakati wa kuzalisha mashine, ili mabadiliko ya joto ya nje yasiathiri joto katika tank, ambayo itahakikisha athari ya kusafisha ya tank ya kuosha moto ya plastiki.<\/li>    <li>Mashine ya Shuiy hutoa aina mbili za njia za kupokanzwa, inapokanzwa umeme na inapokanzwa mvuke, wateja wanaweza kuchagua kulingana na hali yao wenyewe.<\/li>    <li>Mashine ya kuosha ya chupa ya PET hutumia maji yanayozunguka katika mchakato wa kusafisha ili kuhakikisha athari ya kusafisha wakati wa kupunguza matumizi ya maji, ambayo inaweza kuokoa rasilimali, na kwa ufanisi kupunguza gharama kwa wateja.<\/li>    <li>Mashine ya kuosha chakavu ya plastiki hutumia mfumo wa kusafisha wa centrifugal wa kasi wa juu, pala inayotumiwa kuchochea karatasi ya plastiki kufanya kazi kwa kasi inayofaa ya mzunguko, na athari inayofanana kwenye nguvu ya nyenzo ni sahihi ambayo itafanya athari ya kusafisha ni nzuri.<\/li> <\/ul>    <h2 class=\"wp-block-heading\" id=\"h-hot-washing-tank-plant-diplay\">Onyesho la mmea wa tank ya kuosha moto <\/h2>   <div class=\"wp-block-image\"> <figure class=\"aligncenter size-full\"><img loading=\"lazy\" decoding=\"async\" width=\"720\" height=\"540\" src=\"https:\/\/plastic-machines.org\/wp-content\/uploads\/2022\/07\/hot-washing-tank-.webp\" alt=\"tank ya kuosha moto\" class=\"wp-image-279\" srcset=\"https:\/\/plastic-machines.org\/wp-content\/uploads\/2022\/07\/hot-washing-tank-.webp 720w, https:\/\/plastic-machines.org\/wp-content\/uploads\/2022\/07\/hot-washing-tank--300x225.webp 300w\" sizes=\"auto, (max-width: 720px) 100vw, 720px\" \/><figcaption class=\"wp-element-caption\">PET flakes mashine ya kuosha moto<\/figcaption><\/figure> <\/div>  <div class=\"wp-block-image\"> <figure class=\"aligncenter size-full is-resized\"><img loading=\"lazy\" decoding=\"async\" width=\"720\" height=\"540\" src=\"https:\/\/plastic-machines.org\/wp-content\/uploads\/2022\/07\/plastic-washing-tank-in-plant.webp\" alt=\"tank ya kuosha plastiki kwenye mmea\" class=\"wp-image-280\" style=\"width:720px;height:540px\" srcset=\"https:\/\/plastic-machines.org\/wp-content\/uploads\/2022\/07\/plastic-washing-tank-in-plant.webp 720w, https:\/\/plastic-machines.org\/wp-content\/uploads\/2022\/07\/plastic-washing-tank-in-plant-300x225.webp 300w\" sizes=\"auto, (max-width: 720px) 100vw, 720px\" \/><figcaption class=\"wp-element-caption\">tank ya kuosha plastiki kwenye mmea<\/figcaption><\/figure> <\/div>  <div class=\"wp-block-image\"> <figure class=\"aligncenter size-full\"><img loading=\"lazy\" decoding=\"async\" width=\"720\" height=\"540\" src=\"https:\/\/plastic-machines.org\/wp-content\/uploads\/2022\/07\/PET-Flakes-Hot-Washing-Machine.webp\" alt=\"PET Flakes Mashine ya Kuosha Moto\" class=\"wp-image-281\" srcset=\"https:\/\/plastic-machines.org\/wp-content\/uploads\/2022\/07\/PET-Flakes-Hot-Washing-Machine.webp 720w, https:\/\/plastic-machines.org\/wp-content\/uploads\/2022\/07\/PET-Flakes-Hot-Washing-Machine-300x225.webp 300w\" sizes=\"auto, (max-width: 720px) 100vw, 720px\" \/><figcaption class=\"wp-element-caption\">PET flakes mashine ya kuosha moto<\/figcaption><\/figure> <\/div>   <h2 class=\"wp-block-heading\">PET chupa flakes vigezo vya mashine ya kuosha moto<\/h2>    <p>Mfano wa SL-500 ndio aina maarufu zaidi ya tanki ya kuosha moto, kipenyo na urefu wake zote zinafaa kwa mimea mingi ya kuchakata plastiki. Hata hivyo, ikiwa una nia ya mifano mingine, karibu uwasiliane nasi, meneja wetu wa mauzo atakujibu haraka iwezekanavyo.<\/p>    <figure class=\"wp-block-table\"><table><tbody><tr><td>Mfano<\/td><td>SL-500<\/td><\/tr><tr><td>Urefu<\/td><td>2 m<\/td><\/tr><tr><td>Kipenyo<\/td><td>1.3m<\/td><\/tr><tr><td>Unene wetu<\/td><td>4 mm<\/td><\/tr><tr><td>Unene wa chini<\/td><td>8 mm<\/td><\/tr><tr><td>Nyenzo<\/td><td>Carton chuma<\/td><\/tr><tr><td>Nguvu<\/td><td>4kw<\/td><\/tr><tr><td>Mbinu ya kupokanzwa<\/td><td>Umeme na mvuke<\/td><\/tr><\/tbody><\/table><\/figure>    <h2 class=\"wp-block-heading\">Pendekeza mstari wa kuchakata plastiki<\/h2>    <p class=\"translation-block\">PET-flasktv\u00e4ttlinjen \u00e4r en av de mest popul\u00e4ra \u00e5tervinningslinjerna hos Shuliy Machinery. Den ordinarie utrustningen inkluderar <a href=\"https:\/\/plastic-machines.org\/sw\/product\/pet-bottle-label-remover-machine\/\">flaskborttagare<\/a>, <a href=\"https:\/\/plastic-machines.org\/sw\/product\/plastic-bottle-crusher\/\">PET-flaskkross<\/a>, <a href=\"https:\/\/plastic-machines.org\/sw\/product\/plastic-float-sink-tank\/\">tv\u00e4tttank f\u00f6r plast<\/a>, <a href=\"https:\/\/plastic-machines.org\/sw\/product\/pet-flakes-friction-washer\/\">friktionstv\u00e4ttmaskin f\u00f6r plast<\/a>, hetvattentv\u00e4tttank, <a href=\"https:\/\/plastic-machines.org\/sw\/product\/plastic-chips-dryer-machine\/\"> plasttork<\/a> och b\u00e4lte transport\u00f6rer. <\/p>    <p>Kampuni yetu inaweza kutoa mifumo ya kawaida na iliyobinafsishwa ya kuchakata plastiki ya PET ili kukidhi mahitaji ya kampuni za kuchakata za ukubwa wote. Mfumo wa kuchakata tena una uwezo wa kushughulikia aina mbalimbali za plastiki za PET, na mashine tofauti za kusafisha kulingana na viwango tofauti vya uchafuzi wa malighafi yako. Mstari mzima wa kusafisha ni rahisi kufanya kazi, ufanisi mkubwa na matumizi ya chini ya nishati.<\/p>   <div class=\"wp-block-image\"> <figure class=\"aligncenter size-full\"><img loading=\"lazy\" decoding=\"async\" width=\"720\" height=\"540\" src=\"https:\/\/plastic-machines.org\/wp-content\/uploads\/2022\/07\/PET-washer-machine.webp\" alt=\"Mashine ya Kuosha Moto ya PET Flakes kwa Usafishaji wa Chupa za Plastiki\" class=\"wp-image-1206\" srcset=\"https:\/\/plastic-machines.org\/wp-content\/uploads\/2022\/07\/PET-washer-machine.webp 720w, https:\/\/plastic-machines.org\/wp-content\/uploads\/2022\/07\/PET-washer-machine-300x225.webp 300w, https:\/\/plastic-machines.org\/wp-content\/uploads\/2022\/07\/PET-washer-machine-16x12.webp 16w\" sizes=\"auto, (max-width: 720px) 100vw, 720px\" \/><figcaption class=\"wp-element-caption\">PET Flakes Mashine ya Kuosha Moto<\/figcaption><\/figure> <\/div>  <div class=\"wp-block-image\"> <figure class=\"aligncenter size-full\"><img loading=\"lazy\" decoding=\"async\" width=\"720\" height=\"540\" src=\"https:\/\/plastic-machines.org\/wp-content\/uploads\/2022\/07\/PET-washing-line1.webp\" alt=\"PET Flakes Mashine ya Kuosha Moto \" class=\"wp-image-301\" srcset=\"https:\/\/plastic-machines.org\/wp-content\/uploads\/2022\/07\/PET-washing-line1.webp 720w, https:\/\/plastic-machines.org\/wp-content\/uploads\/2022\/07\/PET-washing-line1-300x225.webp 300w\" sizes=\"auto, (max-width: 720px) 100vw, 720px\" \/><figcaption class=\"wp-element-caption\">Kiwanda cha kuosha chupa za PET <\/figcaption><\/figure> <\/div>","protected":false},"excerpt":{"rendered":"<p>A PET flakes hot washing machine is used to steam the bottle chips at a high temperature to soften the oil, glue, etc. on the plastic surface, and then rinsed with hot water. After cleaning and removing water, the PET bottle flakes will reach the standard of first-class clean flakes requirement and can be made [&hellip;]<\/p>\n","protected":false},"author":1,"featured_media":444,"parent":0,"template":"","tags":[56,35],"product-type":[14],"class_list":["post-276","product","type-product","status-publish","has-post-thumbnail","hentry","tag-hot-washing","tag-pet","product-type-plastic-cleaning-drying-equipment"],"taxonomy_info":{"post_tag":[{"value":56,"label":"hot washing"},{"value":35,"label":"PET"}],"product-type":[{"value":14,"label":"Plastic Cleaning&amp;Drying equipment"}]},"featured_image_src_large":["https:\/\/plastic-machines.org\/wp-content\/uploads\/2022\/06\/hot-water-washing-machine1.webp",720,540,false],"author_info":{"display_name":"Ella","author_link":"https:\/\/plastic-machines.org\/sw\/author\/admin\/"},"comment_info":"","_links":{"self":[{"href":"https:\/\/plastic-machines.org\/sw\/wp-json\/wp\/v2\/product\/276","targetHints":{"allow":["GET"]}}],"collection":[{"href":"https:\/\/plastic-machines.org\/sw\/wp-json\/wp\/v2\/product"}],"about":[{"href":"https:\/\/plastic-machines.org\/sw\/wp-json\/wp\/v2\/types\/product"}],"author":[{"embeddable":true,"href":"https:\/\/plastic-machines.org\/sw\/wp-json\/wp\/v2\/users\/1"}],"wp:featuredmedia":[{"embeddable":true,"href":"https:\/\/plastic-machines.org\/sw\/wp-json\/wp\/v2\/media\/444"}],"wp:attachment":[{"href":"https:\/\/plastic-machines.org\/sw\/wp-json\/wp\/v2\/media?parent=276"}],"wp:term":[{"taxonomy":"post_tag","embeddable":true,"href":"https:\/\/plastic-machines.org\/sw\/wp-json\/wp\/v2\/tags?post=276"},{"taxonomy":"product-type","embeddable":true,"href":"https:\/\/plastic-machines.org\/sw\/wp-json\/wp\/v2\/product-type?post=276"}],"curies":[{"name":"wp","href":"https:\/\/api.w.org\/{rel}","templated":true}]}}