{"id":273,"date":"2022-07-11T03:07:36","date_gmt":"2022-07-11T03:07:36","guid":{"rendered":"https:\/\/plastic-machines.org\/?post_type=product&#038;p=273"},"modified":"2025-11-14T16:37:05","modified_gmt":"2025-11-14T08:37:05","slug":"plastic-chips-dryer-machine","status":"publish","type":"product","link":"https:\/\/plastic-machines.org\/sw\/product\/plastic-chips-dryer-machine\/","title":{"rendered":"Mashine ya Kukausha Chips za Plastiki za Mlalo"},"content":{"rendered":"<div class=\"kk-star-ratings kksr-auto kksr-align-left kksr-valign-top\"     data-payload='{&quot;align&quot;:&quot;left&quot;,&quot;id&quot;:&quot;273&quot;,&quot;slug&quot;:&quot;default&quot;,&quot;valign&quot;:&quot;top&quot;,&quot;ignore&quot;:&quot;&quot;,&quot;reference&quot;:&quot;auto&quot;,&quot;class&quot;:&quot;&quot;,&quot;count&quot;:&quot;5&quot;,&quot;legendonly&quot;:&quot;&quot;,&quot;readonly&quot;:&quot;&quot;,&quot;score&quot;:&quot;5&quot;,&quot;starsonly&quot;:&quot;&quot;,&quot;best&quot;:&quot;5&quot;,&quot;gap&quot;:&quot;5&quot;,&quot;greet&quot;:&quot;Rate this product&quot;,&quot;legend&quot;:&quot;5\\\/5 - (5 votes)&quot;,&quot;size&quot;:&quot;24&quot;,&quot;title&quot;:&quot;Horizontal Plastic Chips Dryer Machine&quot;,&quot;width&quot;:&quot;142.5&quot;,&quot;_legend&quot;:&quot;{score}\\\/{best} - ({count} {votes})&quot;,&quot;font_factor&quot;:&quot;1.25&quot;}'>              <div class=\"kksr-stars\">      <div class=\"kksr-stars-inactive\">             <div class=\"kksr-star\" data-star=\"1\" style=\"padding-right: 5px\">               <div class=\"kksr-icon\" style=\"width: 24px; height: 24px;\"><\/div>         <\/div>             <div class=\"kksr-star\" data-star=\"2\" style=\"padding-right: 5px\">               <div class=\"kksr-icon\" style=\"width: 24px; height: 24px;\"><\/div>         <\/div>             <div class=\"kksr-star\" data-star=\"3\" style=\"padding-right: 5px\">               <div class=\"kksr-icon\" style=\"width: 24px; height: 24px;\"><\/div>         <\/div>             <div class=\"kksr-star\" data-star=\"4\" style=\"padding-right: 5px\">               <div class=\"kksr-icon\" style=\"width: 24px; height: 24px;\"><\/div>         <\/div>             <div class=\"kksr-star\" data-star=\"5\" style=\"padding-right: 5px\">               <div class=\"kksr-icon\" style=\"width: 24px; height: 24px;\"><\/div>         <\/div>     <\/div>      <div class=\"kksr-stars-active\" style=\"width: 142.5px;\">             <div class=\"kksr-star\" style=\"padding-right: 5px\">               <div class=\"kksr-icon\" style=\"width: 24px; height: 24px;\"><\/div>         <\/div>             <div class=\"kksr-star\" style=\"padding-right: 5px\">               <div class=\"kksr-icon\" style=\"width: 24px; height: 24px;\"><\/div>         <\/div>             <div class=\"kksr-star\" style=\"padding-right: 5px\">               <div class=\"kksr-icon\" style=\"width: 24px; height: 24px;\"><\/div>         <\/div>             <div class=\"kksr-star\" style=\"padding-right: 5px\">               <div class=\"kksr-icon\" style=\"width: 24px; height: 24px;\"><\/div>         <\/div>             <div class=\"kksr-star\" style=\"padding-right: 5px\">               <div class=\"kksr-icon\" style=\"width: 24px; height: 24px;\"><\/div>         <\/div>     <\/div> <\/div>                   <div class=\"kksr-legend\" style=\"font-size: 19.2px;\">             5\/5 - (5 r\u00f6ster)    <\/div>     <\/div>  <p>Mashine ya kukaushia chips za plastiki ni kifaa bora cha kuchakata tena plastiki. Vipande vya plastiki vilivyosafishwa hutiwa maji na kukaushwa kwa kasi ya juu na kavu kabla ya granulation. Hivyo dryer plastiki dehumidifying ina jukumu muhimu katika mchakato wa taka plastiki granulation. Ni vifaa vya hali ya juu vya usaidizi wa kiotomatiki kwa kuchakata tena plastiki.<\/p>    <h2 class=\"wp-block-heading\" id=\"h-plastic-dryer-machine-application\">Maombi ya mashine ya kukausha plastiki<\/h2>    <p class=\"translation-block\">Denne plastchips-t\u00f8rkemaskinen er egnet for harde plastmaterialer som PP-burker, trommer, kurver, leker, flasker og s\u00e5 videre. En horisontal t\u00f8rker brukes alltid i <strong><a href=\"https:\/\/plastic-machines.org\/sw\/product\/plastic-recycling-granulating-line\/\">plasttrommelgranuleringslinje<\/a><\/strong> for \u00e5 t\u00f8rke knuste plastflak f\u00f8r granuleringsprosessen. Dessuten er plastavtappingsmaskinen ogs\u00e5 aktuell for <strong><a href=\"https:\/\/plastic-machines.org\/sw\/product\/pet-bottle-recycling-line\/\">PET-flaskevaskeanlegget<\/a><\/strong>. I det siste steget av gjenvinningsprosessen vil <a href=\"https:\/\/en.wikipedia.org\/wiki\/Polyethylene_terephthalate\" target=\"_blank\" rel=\"noopener\">PET<\/a>-chips fjernes vann av plast-t\u00f8rkeren, slik at de t\u00f8rkede plastflakene kan pakkes.<\/p>    <figure class=\"wp-block-embed is-type-video is-provider-youtube wp-block-embed-youtube wp-embed-aspect-4-3 wp-has-aspect-ratio\"><div class=\"wp-block-embed__wrapper\"> <iframe loading=\"lazy\" title=\"Kikaushio cha mlalo cha kuchakata tena plastiki #plasticrecycling #machine\" width=\"500\" height=\"375\" src=\"https:\/\/www.youtube.com\/embed\/tw-SdiclyeE?feature=oembed\" frameborder=\"0\" allow=\"accelerometer; autoplay; clipboard-write; encrypted-media; gyroscope; picture-in-picture; web-share\" referrerpolicy=\"strict-origin-when-cross-origin\" allowfullscreen><\/iframe> <\/div><\/figure>    <h2 class=\"wp-block-heading\" id=\"h-advantages-of-plastic-chips-dryer-machine\">Faida za mashine ya kukausha chips za plastiki<\/h2>    <ol class=\"wp-block-list\"> <li>Mashine ya kuondoa maji ya plastiki ina matumizi mengi, ambayo inaweza kusaidia kwa ufanisi kufuta plastiki mbalimbali zilizokandamizwa, kama vile chupa za PET, flakes za PE, flakes za PP, nk.<\/li>    <li>Kikaushio cha kukausha plastiki kina athari nzuri ya kupunguza maji na matumizi ya chini ya nguvu. Mbali na kupunguza maji, kavu ya usawa inaweza pia kuchuja mchanga na uchafu mwingine wa microscopic uliowekwa kwenye uso wa flakes ya plastiki.<\/li>    <li>Sieve ndani ya kukausha plastiki imetengenezwa kwa chuma cha pua cha ubora wa juu, rotor na mwili vimetengenezwa kwa nyenzo zisizo na kutu, na vifaa vyote ni vya kudumu.<\/li>    <li>Muundo wa mashine ya kukausha chips za plastiki umeundwa kwa busara sana, wafanyikazi wanaweza kufungua mwili kwa urahisi na kuondoa uchafu uliobaki kwenye skrini ndani ya kikausha mlalo, na njia ya matengenezo ya kila siku ni rahisi.<\/li> <\/ol>    <h2 class=\"wp-block-heading\" id=\"h-technical-data-of-horizontal-dryer\">Data ya kiufundi ya mashine ya kukausha gorofa<\/h2>    <figure class=\"wp-block-table\"><table><tbody><tr><td>&nbsp;Mfano<\/td><td>SL-550<\/td><\/tr><tr><td>Kipenyo cha nje<\/td><td>550 mm<\/td><\/tr><tr><td>Urefu<\/td><td>1000 mm<\/td><\/tr><tr><td>Kipenyo cha shimo la chujio<\/td><td>4 mm<\/td><\/tr><tr><td>Uwezo<\/td><td>1000kg\/h<\/td><\/tr><\/tbody><\/table><\/figure>    <h2 class=\"wp-block-heading\" id=\"h-horizontal-dewatering-machine-display\">Maonyesho ya mashine ya kuondoa maji ya plastiki<\/h2>    <p>Ganda la mashine ya umwagiliaji ya usawa inaweza kubinafsishwa, kwa ujumla kijivu au bluu, na pia inaweza kubadilishwa kulingana na mahitaji maalum ya wateja.<\/p>    <figure class=\"wp-block-gallery has-nested-images columns-default is-cropped wp-block-gallery-2 is-layout-flex wp-block-gallery-is-layout-flex\"> <figure class=\"wp-block-image size-large\"><img loading=\"lazy\" decoding=\"async\" width=\"720\" height=\"540\" data-id=\"283\" src=\"https:\/\/plastic-machines.org\/wp-content\/uploads\/2022\/07\/horizontal-plastic-dryer.webp\" alt=\"dryer ya plastiki ya usawa\" class=\"wp-image-283\" srcset=\"https:\/\/plastic-machines.org\/wp-content\/uploads\/2022\/07\/horizontal-plastic-dryer.webp 720w, https:\/\/plastic-machines.org\/wp-content\/uploads\/2022\/07\/horizontal-plastic-dryer-300x225.webp 300w\" sizes=\"auto, (max-width: 720px) 100vw, 720px\" \/><figcaption class=\"wp-element-caption\">dryer ya plastiki ya usawa<\/figcaption><\/figure>    <figure class=\"wp-block-image size-large\"><img loading=\"lazy\" decoding=\"async\" width=\"720\" height=\"540\" data-id=\"284\" src=\"https:\/\/plastic-machines.org\/wp-content\/uploads\/2022\/07\/PET-washing-line-.webp\" alt=\"Mashine ya kuosha chupa za PET\" class=\"wp-image-284\" srcset=\"https:\/\/plastic-machines.org\/wp-content\/uploads\/2022\/07\/PET-washing-line-.webp 720w, https:\/\/plastic-machines.org\/wp-content\/uploads\/2022\/07\/PET-washing-line--300x225.webp 300w\" sizes=\"auto, (max-width: 720px) 100vw, 720px\" \/><figcaption class=\"wp-element-caption\">Mstari wa kuosha PET<\/figcaption><\/figure> <\/figure>    <figure class=\"wp-block-gallery has-nested-images columns-default is-cropped wp-block-gallery-3 is-layout-flex wp-block-gallery-is-layout-flex\"> <figure class=\"wp-block-image size-large\"><img loading=\"lazy\" decoding=\"async\" width=\"720\" height=\"540\" data-id=\"285\" src=\"https:\/\/plastic-machines.org\/wp-content\/uploads\/2022\/07\/horizontal-dryer-in-plant.webp\" alt=\"mashine ya kuondoa maji ya plastiki\" class=\"wp-image-285\" srcset=\"https:\/\/plastic-machines.org\/wp-content\/uploads\/2022\/07\/horizontal-dryer-in-plant.webp 720w, https:\/\/plastic-machines.org\/wp-content\/uploads\/2022\/07\/horizontal-dryer-in-plant-300x225.webp 300w\" sizes=\"auto, (max-width: 720px) 100vw, 720px\" \/><figcaption class=\"wp-element-caption\">dryer usawa katika kupanda<\/figcaption><\/figure>    <figure class=\"wp-block-image size-large\"><img loading=\"lazy\" decoding=\"async\" width=\"720\" height=\"540\" data-id=\"286\" src=\"https:\/\/plastic-machines.org\/wp-content\/uploads\/2022\/07\/horizontal-dryer-1.webp\" alt=\"dryer ya plastiki ya usawa\" class=\"wp-image-286\" srcset=\"https:\/\/plastic-machines.org\/wp-content\/uploads\/2022\/07\/horizontal-dryer-1.webp 720w, https:\/\/plastic-machines.org\/wp-content\/uploads\/2022\/07\/horizontal-dryer-1-300x225.webp 300w\" sizes=\"auto, (max-width: 720px) 100vw, 720px\" \/><figcaption class=\"wp-element-caption\">mashine ya kukausha chips za plastiki<\/figcaption><\/figure> <\/figure>    <figure class=\"wp-block-gallery has-nested-images columns-default is-cropped wp-block-gallery-4 is-layout-flex wp-block-gallery-is-layout-flex\"> <figure class=\"wp-block-image size-large\"><img loading=\"lazy\" decoding=\"async\" width=\"720\" height=\"540\" data-id=\"289\" src=\"https:\/\/plastic-machines.org\/wp-content\/uploads\/2022\/07\/plastic-dryer-machine-1.webp\" alt=\"mashine ya kukausha plastiki\" class=\"wp-image-289\" srcset=\"https:\/\/plastic-machines.org\/wp-content\/uploads\/2022\/07\/plastic-dryer-machine-1.webp 720w, https:\/\/plastic-machines.org\/wp-content\/uploads\/2022\/07\/plastic-dryer-machine-1-300x225.webp 300w\" sizes=\"auto, (max-width: 720px) 100vw, 720px\" \/><figcaption class=\"wp-element-caption\">mashine ya kukausha plastiki<\/figcaption><\/figure>    <figure class=\"wp-block-image size-large\"><img loading=\"lazy\" decoding=\"async\" width=\"720\" height=\"540\" data-id=\"290\" src=\"https:\/\/plastic-machines.org\/wp-content\/uploads\/2022\/07\/plastic-dryer.webp\" alt=\"mashine ya kukausha plastiki\" class=\"wp-image-290\" srcset=\"https:\/\/plastic-machines.org\/wp-content\/uploads\/2022\/07\/plastic-dryer.webp 720w, https:\/\/plastic-machines.org\/wp-content\/uploads\/2022\/07\/plastic-dryer-300x225.webp 300w\" sizes=\"auto, (max-width: 720px) 100vw, 720px\" \/><figcaption class=\"wp-element-caption\">dryer ya plastiki<\/figcaption><\/figure> <\/figure>    <h2 class=\"wp-block-heading\">Pendekeza mashine za kuchakata plastiki<\/h2>    <p class=\"translation-block\">Den horisontale plastavtappingsmaskinen brukes vanligvis i en <a href=\"https:\/\/plastic-machines.org\/sw\/product\/plastic-recycling-granulating-line\/\">plastpelletisering-linje<\/a> og en <a href=\"https:\/\/plastic-machines.org\/sw\/product\/pet-bottle-recycling-line\/\">PET-flaskevaskeanlegg<\/a>. T\u00f8rkeren fjerner vann fra plastbitene og er det siste steget i hele resirkuleringslinjen. Hvis r\u00e5materialene dine er myk plast som plastfilmer eller poser, anbefaler vi \u00e5 velge en <a href=\"https:\/\/plastic-machines.org\/sw\/product\/plastic-film-dryer-machine\/\">vertikal plastt\u00f8rker<\/a>.<\/p>    <figure class=\"wp-block-image size-large\"><img loading=\"lazy\" decoding=\"async\" width=\"1024\" height=\"576\" src=\"https:\/\/plastic-machines.org\/wp-content\/uploads\/2022\/06\/plastic-washing-machine-1024x576.webp\" alt=\"mashine ya kuosha plastiki\" class=\"wp-image-148\" srcset=\"https:\/\/plastic-machines.org\/wp-content\/uploads\/2022\/06\/plastic-washing-machine-1024x576.webp 1024w, https:\/\/plastic-machines.org\/wp-content\/uploads\/2022\/06\/plastic-washing-machine-300x169.webp 300w, https:\/\/plastic-machines.org\/wp-content\/uploads\/2022\/06\/plastic-washing-machine-768x432.webp 768w, https:\/\/plastic-machines.org\/wp-content\/uploads\/2022\/06\/plastic-washing-machine-1536x864.webp 1536w, https:\/\/plastic-machines.org\/wp-content\/uploads\/2022\/06\/plastic-washing-machine.webp 1920w\" sizes=\"auto, (max-width: 1024px) 100vw, 1024px\" \/><figcaption class=\"wp-element-caption\">mashine ya kuosha plastiki na dryer usawa<\/figcaption><\/figure>    <h2 class=\"wp-block-heading\"> Huduma za Shuliy kwa wateja wetu<\/h2>    <ul class=\"wp-block-list\"> <li><strong>Huduma ya kabla ya mauzo: <\/strong>Tutatoa mpango wa mradi wa kuchakata plastiki, na kukuza seti ya programu zinazofaa za mashine na vifaa. Kwa kuongeza, kulingana na mahitaji yako maalum, kiwanda chetu kinaunga mkono mashine za kuchakata plastiki zilizotengenezwa maalum.<\/li>    <li><strong>Huduma ya kati ya mauzo<\/strong>: Msimamizi wa mauzo huwasiliana nawe katika mchakato mzima, na husimamia uzalishaji, upakiaji na utoaji wa mashine. Meneja wetu wa mauzo ataambatana na mteja kukamilisha kukubalika kwa vifaa.<\/li>    <li><strong>Huduma ya baada ya mauzo:<\/strong> Kikundi cha Shuliy kitatoa maagizo ya usakinishaji wa video mtandaoni. Ikiwa ni lazima, tunaweza kutuma wafanyakazi wa kiufundi kwa nchi ya mteja ili kuongoza ufungaji wa vifaa na kutoa mafunzo kwa waendeshaji. Kwa kuongezea, isipokuwa kwa sehemu za kuvaa, mashine za kuchakata plastiki za Shuliy zinahakikishiwa matengenezo ya ubora ndani ya miezi 12.<\/li> <\/ul>","protected":false},"excerpt":{"rendered":"<p>A plastic chips dryer machine is efficient plastic recycling equipment. The cleaned plastic pieces are dewatered and dried at high speed by the dryer before granulation. So the plastic dehumidifying dryer plays an important role in the process of waste plastic granulation. It is an advanced automatic auxiliary equipment for plastic recycling. Plastic dryer machine [&hellip;]<\/p>\n","protected":false},"author":1,"featured_media":443,"parent":0,"template":"","tags":[57,39],"product-type":[14],"class_list":["post-273","product","type-product","status-publish","has-post-thumbnail","hentry","tag-dry","tag-flake","product-type-plastic-cleaning-drying-equipment"],"taxonomy_info":{"post_tag":[{"value":57,"label":"dry"},{"value":39,"label":"flake"}],"product-type":[{"value":14,"label":"Plastic Cleaning&amp;Drying equipment"}]},"featured_image_src_large":["https:\/\/plastic-machines.org\/wp-content\/uploads\/2022\/06\/horizontal-dryer1.webp",720,540,false],"author_info":{"display_name":"Ella","author_link":"https:\/\/plastic-machines.org\/sw\/author\/admin\/"},"comment_info":"","_links":{"self":[{"href":"https:\/\/plastic-machines.org\/sw\/wp-json\/wp\/v2\/product\/273","targetHints":{"allow":["GET"]}}],"collection":[{"href":"https:\/\/plastic-machines.org\/sw\/wp-json\/wp\/v2\/product"}],"about":[{"href":"https:\/\/plastic-machines.org\/sw\/wp-json\/wp\/v2\/types\/product"}],"author":[{"embeddable":true,"href":"https:\/\/plastic-machines.org\/sw\/wp-json\/wp\/v2\/users\/1"}],"wp:featuredmedia":[{"embeddable":true,"href":"https:\/\/plastic-machines.org\/sw\/wp-json\/wp\/v2\/media\/443"}],"wp:attachment":[{"href":"https:\/\/plastic-machines.org\/sw\/wp-json\/wp\/v2\/media?parent=273"}],"wp:term":[{"taxonomy":"post_tag","embeddable":true,"href":"https:\/\/plastic-machines.org\/sw\/wp-json\/wp\/v2\/tags?post=273"},{"taxonomy":"product-type","embeddable":true,"href":"https:\/\/plastic-machines.org\/sw\/wp-json\/wp\/v2\/product-type?post=273"}],"curies":[{"name":"wp","href":"https:\/\/api.w.org\/{rel}","templated":true}]}}