{"id":166,"date":"2022-07-04T09:44:17","date_gmt":"2022-07-04T09:44:17","guid":{"rendered":"https:\/\/plastic-machines.org\/?post_type=product&#038;p=166"},"modified":"2026-04-03T13:32:10","modified_gmt":"2026-04-03T05:32:10","slug":"pet-bottle-label-remover-machine","status":"publish","type":"product","link":"https:\/\/plastic-machines.org\/sw\/product\/pet-bottle-label-remover-machine\/","title":{"rendered":"Mashine ya Kutoa Lebo ya PET"},"content":{"rendered":"<div class=\"kk-star-ratings kksr-auto kksr-align-left kksr-valign-top\"     data-payload='{&quot;align&quot;:&quot;left&quot;,&quot;id&quot;:&quot;166&quot;,&quot;slug&quot;:&quot;default&quot;,&quot;valign&quot;:&quot;top&quot;,&quot;ignore&quot;:&quot;&quot;,&quot;reference&quot;:&quot;auto&quot;,&quot;class&quot;:&quot;&quot;,&quot;count&quot;:&quot;4&quot;,&quot;legendonly&quot;:&quot;&quot;,&quot;readonly&quot;:&quot;&quot;,&quot;score&quot;:&quot;5&quot;,&quot;starsonly&quot;:&quot;&quot;,&quot;best&quot;:&quot;5&quot;,&quot;gap&quot;:&quot;5&quot;,&quot;greet&quot;:&quot;Rate this product&quot;,&quot;legend&quot;:&quot;5\\\/5 - (4 votes)&quot;,&quot;size&quot;:&quot;24&quot;,&quot;title&quot;:&quot;PET Bottle Label Remover Machine&quot;,&quot;width&quot;:&quot;142.5&quot;,&quot;_legend&quot;:&quot;{score}\\\/{best} - ({count} {votes})&quot;,&quot;font_factor&quot;:&quot;1.25&quot;}'>              <div class=\"kksr-stars\">      <div class=\"kksr-stars-inactive\">             <div class=\"kksr-star\" data-star=\"1\" style=\"padding-right: 5px\">               <div class=\"kksr-icon\" style=\"width: 24px; height: 24px;\"><\/div>         <\/div>             <div class=\"kksr-star\" data-star=\"2\" style=\"padding-right: 5px\">               <div class=\"kksr-icon\" style=\"width: 24px; height: 24px;\"><\/div>         <\/div>             <div class=\"kksr-star\" data-star=\"3\" style=\"padding-right: 5px\">               <div class=\"kksr-icon\" style=\"width: 24px; height: 24px;\"><\/div>         <\/div>             <div class=\"kksr-star\" data-star=\"4\" style=\"padding-right: 5px\">               <div class=\"kksr-icon\" style=\"width: 24px; height: 24px;\"><\/div>         <\/div>             <div class=\"kksr-star\" data-star=\"5\" style=\"padding-right: 5px\">               <div class=\"kksr-icon\" style=\"width: 24px; height: 24px;\"><\/div>         <\/div>     <\/div>      <div class=\"kksr-stars-active\" style=\"width: 142.5px;\">             <div class=\"kksr-star\" style=\"padding-right: 5px\">               <div class=\"kksr-icon\" style=\"width: 24px; height: 24px;\"><\/div>         <\/div>             <div class=\"kksr-star\" style=\"padding-right: 5px\">               <div class=\"kksr-icon\" style=\"width: 24px; height: 24px;\"><\/div>         <\/div>             <div class=\"kksr-star\" style=\"padding-right: 5px\">               <div class=\"kksr-icon\" style=\"width: 24px; height: 24px;\"><\/div>         <\/div>             <div class=\"kksr-star\" style=\"padding-right: 5px\">               <div class=\"kksr-icon\" style=\"width: 24px; height: 24px;\"><\/div>         <\/div>             <div class=\"kksr-star\" style=\"padding-right: 5px\">               <div class=\"kksr-icon\" style=\"width: 24px; height: 24px;\"><\/div>         <\/div>     <\/div> <\/div>                   <div class=\"kksr-legend\" style=\"font-size: 19.2px;\">             5\/5 - (4 r\u00f6ster)    <\/div>     <\/div>  <p class=\"translation-block\">Denna PET-flaskedlarningsmaskin \u00e4r l\u00e4mplig f\u00f6r plastflaskor som PET vattenflaskor, l\u00e4skflaskor, oljeflaskor, osv. PET-flaskekuttermaskinen kan snabbt separera etiketterna p\u00e5 plastflaskorna fr\u00e5n flaskkroppen. Anv\u00e4ndningen av etikettdragningsmaskinen kan ers\u00e4tta personer att ta bort etiketter, vilket l\u00f6ser problemet med l\u00e5g effektivitet vid manuell etikettavl\u00e4gsnande. Den utrustningens h\u00f6ga effektivitet kommer att uppfylla de stora produktionsvolymskraven f\u00f6r <a href=\"https:\/\/plastic-machines.org\/sw\/product\/pet-bottle-recycling-line\/\">PET-flask\u00e5tervinningslinjen<\/a>.<\/p>    <p>Uwazi wa uwazi katika matumizi ya mtaji ni muhimu kwa usakinishaji wa kiwanda chako cha kuchakata upya. Bei ya kawaida kwa mashine yetu ya kuondoa lebo za chupa za PET za viwandani ni 5,500 USD. Kwa habari zaidi, jisikie huru kuwasiliana nasi au uache habari zako kwenye fomu ya kuibuka kwenye tovuti yetu.<\/p>   <div class=\"wp-block-image\"> <figure class=\"aligncenter size-full\"><img loading=\"lazy\" decoding=\"async\" width=\"720\" height=\"540\" src=\"https:\/\/plastic-machines.org\/wp-content\/uploads\/2022\/07\/plastic-machines.webp\" alt=\"Mashine ya Kutoa Lebo ya PET\" class=\"wp-image-1209\" srcset=\"https:\/\/plastic-machines.org\/wp-content\/uploads\/2022\/07\/plastic-machines.webp 720w, https:\/\/plastic-machines.org\/wp-content\/uploads\/2022\/07\/plastic-machines-300x225.webp 300w, https:\/\/plastic-machines.org\/wp-content\/uploads\/2022\/07\/plastic-machines-16x12.webp 16w\" sizes=\"auto, (max-width: 720px) 100vw, 720px\" \/><\/figure> <\/div>   <h2 class=\"wp-block-heading\" id=\"h-application-of-pet-bottle-label-remover\">Utumiaji wa kiondoa lebo ya chupa za PET<\/h2>    <figure class=\"wp-block-gallery has-nested-images columns-default is-cropped wp-block-gallery-2 is-layout-flex wp-block-gallery-is-layout-flex\"> <figure class=\"wp-block-image size-large\"><img loading=\"lazy\" decoding=\"async\" width=\"720\" height=\"540\" data-id=\"172\" src=\"https:\/\/plastic-machines.org\/wp-content\/uploads\/2022\/07\/plastic-bottles-with-labels.webp\" alt=\"vifaa vya Mashine ya Kutoa Lebo ya PET\" class=\"wp-image-172\" srcset=\"https:\/\/plastic-machines.org\/wp-content\/uploads\/2022\/07\/plastic-bottles-with-labels.webp 720w, https:\/\/plastic-machines.org\/wp-content\/uploads\/2022\/07\/plastic-bottles-with-labels-300x225.webp 300w\" sizes=\"auto, (max-width: 720px) 100vw, 720px\" \/><figcaption class=\"wp-element-caption\">chupa za plastiki na maandiko<\/figcaption><\/figure>    <figure class=\"wp-block-image size-large\"><img loading=\"lazy\" decoding=\"async\" width=\"720\" height=\"540\" data-id=\"173\" src=\"https:\/\/plastic-machines.org\/wp-content\/uploads\/2022\/07\/packed-plastic-bottles-.webp\" alt=\"chupa za plastiki zilizopakiwa\" class=\"wp-image-173\" srcset=\"https:\/\/plastic-machines.org\/wp-content\/uploads\/2022\/07\/packed-plastic-bottles-.webp 720w, https:\/\/plastic-machines.org\/wp-content\/uploads\/2022\/07\/packed-plastic-bottles--300x225.webp 300w\" sizes=\"auto, (max-width: 720px) 100vw, 720px\" \/><figcaption class=\"wp-element-caption\">chupa za plastiki zilizopakiwa<\/figcaption><\/figure> <\/figure>    <h2 class=\"wp-block-heading\" id=\"h-final-effect-of-plastic-label-removing-machine\">Athari ya mwisho ya mashine ya kuondoa lebo ya plastiki<\/h2>    <figure class=\"wp-block-gallery has-nested-images columns-default is-cropped wp-block-gallery-3 is-layout-flex wp-block-gallery-is-layout-flex\"> <figure class=\"wp-block-image size-large\"><img loading=\"lazy\" decoding=\"async\" width=\"720\" height=\"540\" data-id=\"177\" src=\"https:\/\/plastic-machines.org\/wp-content\/uploads\/2022\/07\/plastic-bottles.webp\" alt=\"bidhaa za mwisho za mashine za kuondoa lebo za plastiki\" class=\"wp-image-177\" srcset=\"https:\/\/plastic-machines.org\/wp-content\/uploads\/2022\/07\/plastic-bottles.webp 720w, https:\/\/plastic-machines.org\/wp-content\/uploads\/2022\/07\/plastic-bottles-300x225.webp 300w\" sizes=\"auto, (max-width: 720px) 100vw, 720px\" \/><\/figure>    <figure class=\"wp-block-image size-large\"><img loading=\"lazy\" decoding=\"async\" width=\"720\" height=\"540\" data-id=\"178\" src=\"https:\/\/plastic-machines.org\/wp-content\/uploads\/2022\/07\/PET-bottles-without-labels.webp\" alt=\"bidhaa za mwisho za mashine za kuondoa lebo za plastiki\" class=\"wp-image-178\" srcset=\"https:\/\/plastic-machines.org\/wp-content\/uploads\/2022\/07\/PET-bottles-without-labels.webp 720w, https:\/\/plastic-machines.org\/wp-content\/uploads\/2022\/07\/PET-bottles-without-labels-300x225.webp 300w\" sizes=\"auto, (max-width: 720px) 100vw, 720px\" \/><\/figure> <figcaption class=\"blocks-gallery-caption wp-element-caption\">Chupa za PET zisizo na lebo<\/figcaption><\/figure>    <h2 class=\"wp-block-heading\">Je, kiondoa lebo ya chupa ya PET hufanya kazi vipi?<\/h2>    <p>Kuna hatua mbili muhimu katika kazi ya kuondoa lebo. Moja ni kiungo kisicho na kiwango, ambacho kina silinda isiyo ya kawaida, shimoni kuu, kisu kinachoweza kusongeshwa kwenye shimoni na kisu kilichowekwa kwenye ukuta wa silinda. Visu vyote vimetengenezwa kwa visu vikali vya aloi na ncha kali, na mwili wa chupa huondoa lebo kwa kugusa vile wakati wa kusukumwa.<\/p>    <p>Hatua ya pili ni ugawaji. Vifaa vinavyohitajika kwa hatua hii vinajumuisha sanduku la ugawaji, shabiki kuu, na injini ya msaidizi. Lebo za plastiki huchukuliwa na upepo. Mashine ina ufanisi mkubwa wa kazi, na kiwango cha kupoteza ni hadi 98%.<\/p>    <h2 class=\"wp-block-heading\" id=\"h-pet-bottle-label-remover-factory-display\">Onyesho la kiwanda la kuondoa lebo ya chupa za PET<\/h2>   <div class=\"wp-block-image\"> <figure class=\"aligncenter size-full\"><img loading=\"lazy\" decoding=\"async\" width=\"720\" height=\"540\" src=\"https:\/\/plastic-machines.org\/wp-content\/uploads\/2022\/07\/label-removing-machine.webp\" alt=\"mashine ya kuondoa lebo\" class=\"wp-image-180\" srcset=\"https:\/\/plastic-machines.org\/wp-content\/uploads\/2022\/07\/label-removing-machine.webp 720w, https:\/\/plastic-machines.org\/wp-content\/uploads\/2022\/07\/label-removing-machine-300x225.webp 300w\" sizes=\"auto, (max-width: 720px) 100vw, 720px\" \/><figcaption class=\"wp-element-caption\">Mashine ya kuondoa lebo ya chupa za PET<\/figcaption><\/figure> <\/div>  <div class=\"wp-block-image\"> <figure class=\"aligncenter size-full\"><img loading=\"lazy\" decoding=\"async\" width=\"720\" height=\"540\" src=\"https:\/\/plastic-machines.org\/wp-content\/uploads\/2022\/07\/PET-bottle-label-remover.webp\" alt=\"Kiondoa lebo ya chupa za PET\" class=\"wp-image-181\" srcset=\"https:\/\/plastic-machines.org\/wp-content\/uploads\/2022\/07\/PET-bottle-label-remover.webp 720w, https:\/\/plastic-machines.org\/wp-content\/uploads\/2022\/07\/PET-bottle-label-remover-300x225.webp 300w\" sizes=\"auto, (max-width: 720px) 100vw, 720px\" \/><figcaption class=\"wp-element-caption\">Mashine ya kuondoa lebo ya chupa za PET<\/figcaption><\/figure> <\/div>  <div class=\"wp-block-image\"> <figure class=\"aligncenter size-full\"><img loading=\"lazy\" decoding=\"async\" width=\"720\" height=\"540\" src=\"https:\/\/plastic-machines.org\/wp-content\/uploads\/2022\/07\/plastic-label-remover.webp\" alt=\"Mashine ya kuondoa lebo ya chupa za PET\" class=\"wp-image-182\" srcset=\"https:\/\/plastic-machines.org\/wp-content\/uploads\/2022\/07\/plastic-label-remover.webp 720w, https:\/\/plastic-machines.org\/wp-content\/uploads\/2022\/07\/plastic-label-remover-300x225.webp 300w\" sizes=\"auto, (max-width: 720px) 100vw, 720px\" \/><figcaption class=\"wp-element-caption\">Kifuta lebo ya plastiki<\/figcaption><\/figure> <\/div>   <h2 class=\"wp-block-heading\">Faida za mashine ya kuondoa lebo<\/h2>    <ul class=\"wp-block-list\"> <li>Zana za kukata za mashine ya kuondoa lebo ya chupa ya PET hutumia aloi zilizoagizwa kutoka nje, ambazo ni sugu na zina muda mrefu wa matumizi. Vipande vya kukata vinaweza kubadilishwa na kubadilishwa, kwa hiyo hakuna haja ya kuwa na wasiwasi juu ya kiwango cha kushuka kwa mashine.<\/li>    <li>Mashine ya kutoa lebo ya plastiki hutumia feni ya kutolea moshi yenye nguvu mbili, ambayo ina nguvu kali na kelele ya chini.<\/li>    <li>Mitambo ina kazi ya ulinzi wa joto, haitoi joto baada ya matumizi ya muda mrefu, na muda wa matumizi ni mrefu.<\/li> <\/ul>    <figure class=\"wp-block-gallery has-nested-images columns-default is-cropped wp-block-gallery-4 is-layout-flex wp-block-gallery-is-layout-flex\"> <figure class=\"wp-block-image size-large\"><img loading=\"lazy\" decoding=\"async\" width=\"526\" height=\"394\" data-id=\"176\" src=\"https:\/\/plastic-machines.org\/wp-content\/uploads\/2022\/07\/inside-structure-1-edited.webp\" alt=\"mashine ya kuondoa lebo\" class=\"wp-image-176\" srcset=\"https:\/\/plastic-machines.org\/wp-content\/uploads\/2022\/07\/inside-structure-1-edited.webp 526w, https:\/\/plastic-machines.org\/wp-content\/uploads\/2022\/07\/inside-structure-1-edited-300x225.webp 300w\" sizes=\"auto, (max-width: 526px) 100vw, 526px\" \/><figcaption class=\"wp-element-caption\">muundo wa ndani wa mashine ya kuondoa lebo ya chupa ya PET<\/figcaption><\/figure>    <figure class=\"wp-block-image size-large\"><img loading=\"lazy\" decoding=\"async\" width=\"720\" height=\"540\" data-id=\"175\" src=\"https:\/\/plastic-machines.org\/wp-content\/uploads\/2022\/07\/inside-blades.webp\" alt=\"ndani ya vile vya mashine ya kuondoa lebo\" class=\"wp-image-175\" srcset=\"https:\/\/plastic-machines.org\/wp-content\/uploads\/2022\/07\/inside-blades.webp 720w, https:\/\/plastic-machines.org\/wp-content\/uploads\/2022\/07\/inside-blades-300x225.webp 300w\" sizes=\"auto, (max-width: 720px) 100vw, 720px\" \/><figcaption class=\"wp-element-caption\">ndani ya visu vya mashine ya kuchakata chupa<\/figcaption><\/figure> <\/figure>    <h2 class=\"wp-block-heading\">Vigezo vya mashine ya kuondoa lebo ya chupa ya PET <\/h2>    <figure class=\"wp-block-table\"><table><tbody><tr><td>Mfano<\/td><td>SL-50<\/td><\/tr><tr><td>Urefu (m)<\/td><td>4.3<\/td><\/tr><tr><td>Upana (m)<\/td><td>0.63<\/td><\/tr><tr><td>Nguvu (kw)<\/td><td>15+1.5<\/td><\/tr><tr><td>Unene wa ukuta wa nje (mm)<\/td><td>8<\/td><\/tr><tr><td>Kiwango cha kusonga lebo<\/td><td>98%<\/td><\/tr><\/tbody><\/table><\/figure>    <p>Mfano wa hapo juu wa SL-50 ni muuzaji wetu bora, kwa kuongeza, pia tuna mifano mingine yenye uwezo mkubwa. Ikiwa una nia, karibu uwasiliane nasi, tutakujulisha maelezo ya mashine ya kuondoa lebo ya chupa ya PET.<\/p>    <h2 class=\"wp-block-heading\">Weka lebo kwenye video ya mashine ya kuondoa<\/h2>    <p>Katika video, unaweza kutazama jinsi mashine ya kuondoa lebo inavyofanya kazi yake, ikiwa una nia, karibu ujiandikishe kwenye chaneli yetu ya Youtube, tutasasisha video za mashine za kuchakata plastiki.<\/p>    <figure class=\"wp-block-embed is-type-video is-provider-youtube wp-block-embed-youtube wp-embed-aspect-16-9 wp-has-aspect-ratio\"><div class=\"wp-block-embed__wrapper\"> <iframe loading=\"lazy\" title=\"Kiondoa lebo ya chupa za PET | De-labeling mashine\" width=\"500\" height=\"281\" src=\"https:\/\/www.youtube.com\/embed\/jqpJbfWeKSs?start=43&#038;feature=oembed\" frameborder=\"0\" allow=\"accelerometer; autoplay; clipboard-write; encrypted-media; gyroscope; picture-in-picture; web-share\" referrerpolicy=\"strict-origin-when-cross-origin\" allowfullscreen><\/iframe> <\/div><\/figure>    <h2 class=\"wp-block-heading\">Umuhimu wa mashine ya kuondoa lebo<\/h2>    <p>Kutoka kwa mtazamo wa mchakato wa kuzalisha chupa za plastiki, mwili wa chupa, kofia, na lebo ya plastiki hutolewa kabisa tofauti. Ingawa zote ni plastiki, aina ni tofauti, haswa kwa sababu ya mgawo wa plastiki. Miongoni mwao, mwili wa chupa ni PET, kofia kwa ujumla ni PE, na lebo ya plastiki ni PVC. Kwa hivyo, ili kuhakikisha ubora na usafi wa plastiki zilizosindikwa, zinapaswa pia kusindika kando wakati wa kuchakata.<\/p>","protected":false},"excerpt":{"rendered":"<p>This PET bottle label remover machine is suitable for plastic bottles such as PET mineral water bottles, cola bottles, oil bottles, etc. The PET bottle remover machine can quickly separate the labels on the plastic bottles from the bottle body. The use of the label removing machine can replace people to remove labels, solving the [&hellip;]<\/p>\n","protected":false},"author":1,"featured_media":446,"parent":0,"template":"","tags":[58,35],"product-type":[15,27],"class_list":["post-166","product","type-product","status-publish","has-post-thumbnail","hentry","tag-label","tag-pet","product-type-plastic-crushing-equipment","product-type-separation-technology"],"taxonomy_info":{"post_tag":[{"value":58,"label":"label"},{"value":35,"label":"PET"}],"product-type":[{"value":15,"label":"Plastic Crushing Equipment"},{"value":27,"label":"Separation Technology"}]},"featured_image_src_large":["https:\/\/plastic-machines.org\/wp-content\/uploads\/2022\/06\/PET-bottle-label-removing-machine1.webp",720,540,false],"author_info":{"display_name":"Ella","author_link":"https:\/\/plastic-machines.org\/sw\/author\/admin\/"},"comment_info":"","_links":{"self":[{"href":"https:\/\/plastic-machines.org\/sw\/wp-json\/wp\/v2\/product\/166","targetHints":{"allow":["GET"]}}],"collection":[{"href":"https:\/\/plastic-machines.org\/sw\/wp-json\/wp\/v2\/product"}],"about":[{"href":"https:\/\/plastic-machines.org\/sw\/wp-json\/wp\/v2\/types\/product"}],"author":[{"embeddable":true,"href":"https:\/\/plastic-machines.org\/sw\/wp-json\/wp\/v2\/users\/1"}],"wp:featuredmedia":[{"embeddable":true,"href":"https:\/\/plastic-machines.org\/sw\/wp-json\/wp\/v2\/media\/446"}],"wp:attachment":[{"href":"https:\/\/plastic-machines.org\/sw\/wp-json\/wp\/v2\/media?parent=166"}],"wp:term":[{"taxonomy":"post_tag","embeddable":true,"href":"https:\/\/plastic-machines.org\/sw\/wp-json\/wp\/v2\/tags?post=166"},{"taxonomy":"product-type","embeddable":true,"href":"https:\/\/plastic-machines.org\/sw\/wp-json\/wp\/v2\/product-type?post=166"}],"curies":[{"name":"wp","href":"https:\/\/api.w.org\/{rel}","templated":true}]}}