{"id":1045,"date":"2023-10-20T14:19:51","date_gmt":"2023-10-20T06:19:51","guid":{"rendered":"https:\/\/plastic-machines.org\/?post_type=product&#038;p=1045"},"modified":"2026-02-27T15:15:34","modified_gmt":"2026-02-27T07:15:34","slug":"trommel-screen-for-plastic-bottle-recycling","status":"publish","type":"product","link":"https:\/\/plastic-machines.org\/sw\/product\/trommel-screen-for-plastic-bottle-recycling\/","title":{"rendered":"Skrini ya Trommel ya kuchakata tena chupa za plastiki"},"content":{"rendered":"<div class=\"kk-star-ratings kksr-auto kksr-align-left kksr-valign-top\"     data-payload='{&quot;align&quot;:&quot;left&quot;,&quot;id&quot;:&quot;1045&quot;,&quot;slug&quot;:&quot;default&quot;,&quot;valign&quot;:&quot;top&quot;,&quot;ignore&quot;:&quot;&quot;,&quot;reference&quot;:&quot;auto&quot;,&quot;class&quot;:&quot;&quot;,&quot;count&quot;:&quot;1&quot;,&quot;legendonly&quot;:&quot;&quot;,&quot;readonly&quot;:&quot;&quot;,&quot;score&quot;:&quot;5&quot;,&quot;starsonly&quot;:&quot;&quot;,&quot;best&quot;:&quot;5&quot;,&quot;gap&quot;:&quot;5&quot;,&quot;greet&quot;:&quot;Rate this product&quot;,&quot;legend&quot;:&quot;5\\\/5 - (1 vote)&quot;,&quot;size&quot;:&quot;24&quot;,&quot;title&quot;:&quot;Trommel screen for plastic bottle recycling&quot;,&quot;width&quot;:&quot;142.5&quot;,&quot;_legend&quot;:&quot;{score}\\\/{best} - ({count} {votes})&quot;,&quot;font_factor&quot;:&quot;1.25&quot;}'>              <div class=\"kksr-stars\">      <div class=\"kksr-stars-inactive\">             <div class=\"kksr-star\" data-star=\"1\" style=\"padding-right: 5px\">               <div class=\"kksr-icon\" style=\"width: 24px; height: 24px;\"><\/div>         <\/div>             <div class=\"kksr-star\" data-star=\"2\" style=\"padding-right: 5px\">               <div class=\"kksr-icon\" style=\"width: 24px; height: 24px;\"><\/div>         <\/div>             <div class=\"kksr-star\" data-star=\"3\" style=\"padding-right: 5px\">               <div class=\"kksr-icon\" style=\"width: 24px; height: 24px;\"><\/div>         <\/div>             <div class=\"kksr-star\" data-star=\"4\" style=\"padding-right: 5px\">               <div class=\"kksr-icon\" style=\"width: 24px; height: 24px;\"><\/div>         <\/div>             <div class=\"kksr-star\" data-star=\"5\" style=\"padding-right: 5px\">               <div class=\"kksr-icon\" style=\"width: 24px; height: 24px;\"><\/div>         <\/div>     <\/div>      <div class=\"kksr-stars-active\" style=\"width: 142.5px;\">             <div class=\"kksr-star\" style=\"padding-right: 5px\">               <div class=\"kksr-icon\" style=\"width: 24px; height: 24px;\"><\/div>         <\/div>             <div class=\"kksr-star\" style=\"padding-right: 5px\">               <div class=\"kksr-icon\" style=\"width: 24px; height: 24px;\"><\/div>         <\/div>             <div class=\"kksr-star\" style=\"padding-right: 5px\">               <div class=\"kksr-icon\" style=\"width: 24px; height: 24px;\"><\/div>         <\/div>             <div class=\"kksr-star\" style=\"padding-right: 5px\">               <div class=\"kksr-icon\" style=\"width: 24px; height: 24px;\"><\/div>         <\/div>             <div class=\"kksr-star\" style=\"padding-right: 5px\">               <div class=\"kksr-icon\" style=\"width: 24px; height: 24px;\"><\/div>         <\/div>     <\/div> <\/div>                   <div class=\"kksr-legend\" style=\"font-size: 19.2px;\">             5\/5 - (1 r\u00f6st)    <\/div>     <\/div>  <p>Kusudi kuu la kutumia skrini ya trommel wakati wa kuchakata chupa za plastiki za PET ni kutenganisha nyenzo na uchunguzi ili kuhakikisha kuwa vifuniko vya ubora wa juu vya chupa za PET vinapatikana kutoka kwa nyenzo mbichi.<\/p>    <h2 class=\"wp-block-heading\">Utangulizi wa skrini ya Trommel<\/h2>    <p>Kazi kuu ya mashine hii ya kuchakata chupa za PET ni kutenganisha nyenzo. Urejelezaji wa chupa za plastiki za PET kawaida huambatana na uchafu fulani, kama vile mawe, mbao, magugu, metali, vifuniko vya chupa za plastiki na kadhalika. Skrini za bilauri hutenganisha uchafu huu kutoka kwa chupa za plastiki za PET, na kuhakikisha kuwa kuna malighafi safi.<\/p>    <figure class=\"wp-block-gallery has-nested-images columns-default is-cropped wp-block-gallery-2 is-layout-flex wp-block-gallery-is-layout-flex\"> <figure class=\"wp-block-image size-large\"><img loading=\"lazy\" decoding=\"async\" width=\"720\" height=\"540\" data-id=\"2079\" src=\"https:\/\/plastic-machines.org\/wp-content\/uploads\/2023\/10\/Trommel-Screen-For-Plastic-Bottle-Recycling.webp\" alt=\"Skrini ya Trommel kwa Urejelezaji wa Chupa za Plastiki\" class=\"wp-image-2079\" srcset=\"https:\/\/plastic-machines.org\/wp-content\/uploads\/2023\/10\/Trommel-Screen-For-Plastic-Bottle-Recycling.webp 720w, https:\/\/plastic-machines.org\/wp-content\/uploads\/2023\/10\/Trommel-Screen-For-Plastic-Bottle-Recycling-300x225.webp 300w, https:\/\/plastic-machines.org\/wp-content\/uploads\/2023\/10\/Trommel-Screen-For-Plastic-Bottle-Recycling-16x12.webp 16w\" sizes=\"auto, (max-width: 720px) 100vw, 720px\" \/><figcaption class=\"wp-element-caption\">Skrini ya Trommel kwa Urejelezaji wa Chupa za Plastiki<\/figcaption><\/figure>    <figure class=\"wp-block-image size-large\"><img loading=\"lazy\" decoding=\"async\" width=\"720\" height=\"540\" data-id=\"2080\" src=\"https:\/\/plastic-machines.org\/wp-content\/uploads\/2023\/10\/Trommel-Screen.webp\" alt=\"Trommelscreen\" class=\"wp-image-2080\" srcset=\"https:\/\/plastic-machines.org\/wp-content\/uploads\/2023\/10\/Trommel-Screen.webp 720w, https:\/\/plastic-machines.org\/wp-content\/uploads\/2023\/10\/Trommel-Screen-300x225.webp 300w, https:\/\/plastic-machines.org\/wp-content\/uploads\/2023\/10\/Trommel-Screen-16x12.webp 16w\" sizes=\"auto, (max-width: 720px) 100vw, 720px\" \/><figcaption class=\"wp-element-caption\">Trommelscreen<\/figcaption><\/figure> <\/figure>    <figure class=\"wp-block-gallery has-nested-images columns-default is-cropped wp-block-gallery-3 is-layout-flex wp-block-gallery-is-layout-flex\"> <figure class=\"wp-block-image size-full\"><img loading=\"lazy\" decoding=\"async\" width=\"720\" height=\"540\" data-id=\"1048\" src=\"https:\/\/plastic-machines.org\/wp-content\/uploads\/2023\/10\/industrial-trommel-machine.webp\" alt=\"\" class=\"wp-image-1048\" srcset=\"https:\/\/plastic-machines.org\/wp-content\/uploads\/2023\/10\/industrial-trommel-machine.webp 720w, https:\/\/plastic-machines.org\/wp-content\/uploads\/2023\/10\/industrial-trommel-machine-300x225.webp 300w\" sizes=\"auto, (max-width: 720px) 100vw, 720px\" \/><\/figure>    <figure class=\"wp-block-image size-full\"><img loading=\"lazy\" decoding=\"async\" width=\"720\" height=\"541\" data-id=\"1047\" src=\"https:\/\/plastic-machines.org\/wp-content\/uploads\/2023\/10\/recycling-machine-1.webp\" alt=\"Skrini ya Trommel ya kuchakata tena chupa za plastiki\" class=\"wp-image-1047\" srcset=\"https:\/\/plastic-machines.org\/wp-content\/uploads\/2023\/10\/recycling-machine-1.webp 720w, https:\/\/plastic-machines.org\/wp-content\/uploads\/2023\/10\/recycling-machine-1-300x225.webp 300w\" sizes=\"auto, (max-width: 720px) 100vw, 720px\" \/><figcaption class=\"wp-element-caption\">Skrini ya Trommel ya kuchakata tena chupa za plastiki<\/figcaption><\/figure> <\/figure>    <h2 class=\"wp-block-heading\">Kwa nini unahitaji skrini ya trommel kwa kuchakata chupa?<\/h2>    <p class=\"translation-block\">Trommel sk\u00e4rmar \u00e4r s\u00e4rskilt n\u00f6dv\u00e4ndiga f\u00f6r <strong><a href=\"https:\/\/plastic-machines.org\/sw\/product\/pet-bottle-recycling-line\/\" data-type=\"link\" data-id=\"https:\/\/plastic-machines.org\/product\/pet-bottle-recycling-line\/\">PET-flask\u00e5tervinningslinjer <\/a><\/strong> med h\u00f6g produktionskapacitet f\u00f6r att hj\u00e4lpa \u00e5tervinningsanl\u00e4ggningar att f\u00f6rb\u00e4ttra \u00e5tervinningseffektiviteten. Om det finns stenar eller fr\u00e4mmande metallf\u00f6rem\u00e5l som kommer in i den efterf\u00f6ljande \u00e5tervinningsprocessen. I s\u00e5 fall kommer de interna delarna av maskiner som plastkrossar och friktionstv\u00e4ttar att slitas ut, vilket minskar maskinens livsl\u00e4ngd.<\/p>    <h2 class=\"wp-block-heading\">Mashine zinazohusiana za kuchakata plastiki kwa chupa za PET<\/h2>    <p class=\"translation-block\">Mstari kamili wa urejelezaji wa chupa za PET unajumuisha <strong><a href=\"https:\/\/plastic-machines.org\/sw\/product\/plastic-bottle-crusher\/\" data-type=\"link\" data-id=\"https:\/\/plastic-machines.org\/product\/plastic-bottle-crusher\/\">vunjaji vya plastiki<\/a><\/strong>, mashine za kuosha kwa msuguano, mashine ya kuosha moto ya flakes za PET na kadhalika. Picha ifuatayo ni mashine ya urejelezaji wa chupa za PET iliyoundwa kwa mteja wetu wa Nigeria yenye pato la 500kg\/h.<\/p>    <p>Ikiwa una nia ya mashine za kuchakata chupa za plastiki, karibu kushauriana kupitia kujaza jedwali lililo hapa chini ya tovuti yetu. Meneja wetu wa mauzo atakutumia maelezo ya mashine na kukutengenezea suluhisho hivi karibuni.<\/p>    <figure class=\"wp-block-image size-full\"><img loading=\"lazy\" decoding=\"async\" width=\"720\" height=\"541\" src=\"https:\/\/plastic-machines.org\/wp-content\/uploads\/2023\/10\/PET-bottle-washing-shredding-machines-shipped-to-Nigeria-3.webp\" alt=\"Mashine za kuosha chupa za PET zilizosafirishwa hadi Nigeria\" class=\"wp-image-1041\" srcset=\"https:\/\/plastic-machines.org\/wp-content\/uploads\/2023\/10\/PET-bottle-washing-shredding-machines-shipped-to-Nigeria-3.webp 720w, https:\/\/plastic-machines.org\/wp-content\/uploads\/2023\/10\/PET-bottle-washing-shredding-machines-shipped-to-Nigeria-3-300x225.webp 300w\" sizes=\"auto, (max-width: 720px) 100vw, 720px\" \/><figcaption class=\"wp-element-caption\">Mashine za kuosha chupa za PET zilizosafirishwa hadi Nigeria<\/figcaption><\/figure>","protected":false},"excerpt":{"rendered":"<p>The main purpose of using a trommel screen when recycling PET plastic bottles is to perform material separation and screening to ensure that high-quality PET bottle flakes are obtained from virgin material. Trommel screen introduction The main function of this PET bottle recycling machine is material separation. Recycling of PET plastic bottles is usually accompanied [&hellip;]<\/p>\n","protected":false},"author":1,"featured_media":1046,"parent":0,"template":"","tags":[60],"product-type":[27],"class_list":["post-1045","product","type-product","status-publish","has-post-thumbnail","hentry","tag-trommel","product-type-separation-technology"],"taxonomy_info":{"post_tag":[{"value":60,"label":"trommel"}],"product-type":[{"value":27,"label":"Separation Technology"}]},"featured_image_src_large":["https:\/\/plastic-machines.org\/wp-content\/uploads\/2023\/10\/Tumbler-Screen2.webp",720,540,false],"author_info":{"display_name":"Ella","author_link":"https:\/\/plastic-machines.org\/sw\/author\/admin\/"},"comment_info":"","_links":{"self":[{"href":"https:\/\/plastic-machines.org\/sw\/wp-json\/wp\/v2\/product\/1045","targetHints":{"allow":["GET"]}}],"collection":[{"href":"https:\/\/plastic-machines.org\/sw\/wp-json\/wp\/v2\/product"}],"about":[{"href":"https:\/\/plastic-machines.org\/sw\/wp-json\/wp\/v2\/types\/product"}],"author":[{"embeddable":true,"href":"https:\/\/plastic-machines.org\/sw\/wp-json\/wp\/v2\/users\/1"}],"wp:featuredmedia":[{"embeddable":true,"href":"https:\/\/plastic-machines.org\/sw\/wp-json\/wp\/v2\/media\/1046"}],"wp:attachment":[{"href":"https:\/\/plastic-machines.org\/sw\/wp-json\/wp\/v2\/media?parent=1045"}],"wp:term":[{"taxonomy":"post_tag","embeddable":true,"href":"https:\/\/plastic-machines.org\/sw\/wp-json\/wp\/v2\/tags?post=1045"},{"taxonomy":"product-type","embeddable":true,"href":"https:\/\/plastic-machines.org\/sw\/wp-json\/wp\/v2\/product-type?post=1045"}],"curies":[{"name":"wp","href":"https:\/\/api.w.org\/{rel}","templated":true}]}}