{"id":2,"date":"2022-06-23T01:24:56","date_gmt":"2022-06-23T01:24:56","guid":{"rendered":"http:\/\/tailwind-themes.local\/?page_id=2"},"modified":"2024-05-11T09:56:39","modified_gmt":"2024-05-11T01:56:39","slug":"about","status":"publish","type":"page","link":"https:\/\/plastic-machines.org\/sw\/about\/","title":{"rendered":"Kuhusu sisi"},"content":{"rendered":"<h2 class=\"wp-block-heading\">Sisi ni nani<\/h2>    <p>Shuliy Machinery ni mtengenezaji wa mashine za kuchakata plastiki zinazozingatia maendeleo na uzalishaji wa vifaa vya kuchakata plastiki. Kampuni yetu ilianzishwa mnamo 2011, ikiwa na uzoefu wa zaidi ya miaka kumi katika utengenezaji wa mashine za kuchakata plastiki. <\/p>    <p>Katika zaidi ya muongo mmoja wa uendeshaji, Mashine ya Shuliy daima imezingatia dhamira ya \"Acha mashine za Kichina zibadilishe kila kona ya dunia\". Tunafanya kila linalowezekana ili kutoa thamani kwa wateja wetu, na kufanya mashine zetu kusaidia mitambo ya kuchakata plastiki duniani kote kuboresha uzalishaji na kutengeneza faida kubwa zaidi.<\/p>    <figure class=\"wp-block-gallery has-nested-images columns-default is-cropped wp-block-gallery-2 is-layout-flex wp-block-gallery-is-layout-flex\"> <figure class=\"wp-block-image size-large\"><img loading=\"lazy\" decoding=\"async\" width=\"720\" height=\"540\" data-id=\"1132\" src=\"https:\/\/plastic-machines.org\/wp-content\/uploads\/2023\/11\/plastic-recycling-visit.webp\" alt=\"\" class=\"wp-image-1132\" srcset=\"https:\/\/plastic-machines.org\/wp-content\/uploads\/2023\/11\/plastic-recycling-visit.webp 720w, https:\/\/plastic-machines.org\/wp-content\/uploads\/2023\/11\/plastic-recycling-visit-300x225.webp 300w\" sizes=\"auto, (max-width: 720px) 100vw, 720px\" \/><figcaption class=\"wp-element-caption\">ziara ya mteja<\/figcaption><\/figure>    <figure class=\"wp-block-image size-large\"><img loading=\"lazy\" decoding=\"async\" width=\"720\" height=\"540\" data-id=\"1133\" src=\"https:\/\/plastic-machines.org\/wp-content\/uploads\/2023\/11\/plastic-recycling-equipment2.webp\" alt=\"\" class=\"wp-image-1133\" srcset=\"https:\/\/plastic-machines.org\/wp-content\/uploads\/2023\/11\/plastic-recycling-equipment2.webp 720w, https:\/\/plastic-machines.org\/wp-content\/uploads\/2023\/11\/plastic-recycling-equipment2-300x225.webp 300w\" sizes=\"auto, (max-width: 720px) 100vw, 720px\" \/><figcaption class=\"wp-element-caption\">safari ya shamba la kiwanda cha kuchakata tena plastiki<\/figcaption><\/figure> <figcaption class=\"blocks-gallery-caption wp-element-caption\">mtengenezaji wa mashine ya kuchakata plastiki iliyoko China<\/figcaption><\/figure>    <h2 class=\"wp-block-heading\">Tunatoa nini<\/h2>    <p class=\"translation-block\">V\u00e5ra huvudsakliga produkter \u00e4r <a href=\"https:\/\/plastic-machines.org\/sw\/product\/plastic-granulating-line\/\">PP PE plast\u00e5tervinningsgranuleringslinje<\/a>, <a href=\"https:\/\/plastic-machines.org\/sw\/product\/pet-bottle-recycling-line\/\">PET-flaskreng\u00f6ringslinje<\/a> och<a href=\"https:\/\/plastic-machines.org\/sw\/product\/plastic-foam-pelletizing-line\/\">plastskumpelletisering linje<\/a>, plastkrossmaskin, plastreng\u00f6ringsmaskin, och andra plast\u00e5tervinningshj\u00e4lpmaskiner. <\/p>    <p>Kama mtengenezaji wa mashine za kuchakata tena za plastiki, tunatoa mashine za ubora wa juu na vile vile suluhu za kuchakata tena za plastiki kama vile usakinishaji kwenye tovuti na huduma ya baada ya mauzo. Kufikia sasa, mashine zetu za kuchakata plastiki zimesafirishwa kwa zaidi ya nchi na maeneo 60, kama vile Ujerumani, Marekani, Saudi Arabia, Ghana, Kongo, Kenya, Nigeria, n.k. na zimepokelewa vyema na wateja wetu.<\/p>   <div class=\"wp-block-image\"> <figure class=\"aligncenter size-full\"><img loading=\"lazy\" decoding=\"async\" width=\"720\" height=\"540\" src=\"https:\/\/plastic-machines.org\/wp-content\/uploads\/2022\/10\/recycling-materials.jpg\" alt=\"\" class=\"wp-image-508\" srcset=\"https:\/\/plastic-machines.org\/wp-content\/uploads\/2022\/10\/recycling-materials.jpg 720w, https:\/\/plastic-machines.org\/wp-content\/uploads\/2022\/10\/recycling-materials-300x225.jpg 300w\" sizes=\"auto, (max-width: 720px) 100vw, 720px\" \/><\/figure> <\/div>   <h2 class=\"wp-block-heading\">tuko wapi<\/h2>    <p>Shuliy Machinery iko katika Zhengzhou, Henan, China. Ofisi yetu imeundwa katika Eneo la Maendeleo ya Uchumi la Zhengzhou, ikiwa una nia ya vifaa vya kuchakata plastiki, karibu kutembelea Mashine ya Shuliy!<\/p>    <figure class=\"wp-block-image size-full\"><img loading=\"lazy\" decoding=\"async\" width=\"1024\" height=\"486\" src=\"https:\/\/plastic-machines.org\/wp-content\/uploads\/2022\/10\/global-market.webp\" alt=\"\" class=\"wp-image-506\" srcset=\"https:\/\/plastic-machines.org\/wp-content\/uploads\/2022\/10\/global-market.webp 1024w, https:\/\/plastic-machines.org\/wp-content\/uploads\/2022\/10\/global-market-300x142.webp 300w, https:\/\/plastic-machines.org\/wp-content\/uploads\/2022\/10\/global-market-768x365.webp 768w\" sizes=\"auto, (max-width: 1024px) 100vw, 1024px\" \/><\/figure>","protected":false},"excerpt":{"rendered":"<p>Who are we Shuliy Machinery is a plastic recycling machine manufacturer focusing on the development and production of plastic recycling equipment. Our company was established in 2011, with over ten years of experience in plastic recycling machinery manufacturing. In more than a decade of operation, Shuliy Machinery has always adhered to the mission of &#8220;Let [&hellip;]<\/p>\n","protected":false},"author":1,"featured_media":0,"parent":0,"menu_order":0,"comment_status":"closed","ping_status":"closed","template":"","meta":{"_kad_blocks_custom_css":"","_kad_blocks_head_custom_js":"","_kad_blocks_body_custom_js":"","_kad_blocks_footer_custom_js":"","footnotes":""},"class_list":["post-2","page","type-page","status-publish","hentry"],"taxonomy_info":[],"featured_image_src_large":false,"author_info":{"display_name":"Ella","author_link":"https:\/\/plastic-machines.org\/sw\/author\/admin\/"},"comment_info":0,"_links":{"self":[{"href":"https:\/\/plastic-machines.org\/sw\/wp-json\/wp\/v2\/pages\/2","targetHints":{"allow":["GET"]}}],"collection":[{"href":"https:\/\/plastic-machines.org\/sw\/wp-json\/wp\/v2\/pages"}],"about":[{"href":"https:\/\/plastic-machines.org\/sw\/wp-json\/wp\/v2\/types\/page"}],"author":[{"embeddable":true,"href":"https:\/\/plastic-machines.org\/sw\/wp-json\/wp\/v2\/users\/1"}],"replies":[{"embeddable":true,"href":"https:\/\/plastic-machines.org\/sw\/wp-json\/wp\/v2\/comments?post=2"}],"version-history":[{"count":0,"href":"https:\/\/plastic-machines.org\/sw\/wp-json\/wp\/v2\/pages\/2\/revisions"}],"wp:attachment":[{"href":"https:\/\/plastic-machines.org\/sw\/wp-json\/wp\/v2\/media?parent=2"}],"curies":[{"name":"wp","href":"https:\/\/api.w.org\/{rel}","templated":true}]}}