{"id":901,"date":"2023-07-25T16:02:31","date_gmt":"2023-07-25T08:02:31","guid":{"rendered":"https:\/\/plastic-machines.org\/?post_type=product&#038;p=901"},"modified":"2025-11-18T09:48:33","modified_gmt":"2025-11-18T01:48:33","slug":"plastic-shredder-for-recycling-rigid-plastics","status":"publish","type":"product","link":"https:\/\/plastic-machines.org\/pt\/product\/plastic-shredder-for-recycling-rigid-plastics\/","title":{"rendered":"Triturador de pl\u00e1stico para reciclagem de pl\u00e1sticos r\u00edgidos"},"content":{"rendered":"<div class=\"kk-star-ratings kksr-auto kksr-align-left kksr-valign-top\"     data-payload='{&quot;align&quot;:&quot;left&quot;,&quot;id&quot;:&quot;901&quot;,&quot;slug&quot;:&quot;default&quot;,&quot;valign&quot;:&quot;top&quot;,&quot;ignore&quot;:&quot;&quot;,&quot;reference&quot;:&quot;auto&quot;,&quot;class&quot;:&quot;&quot;,&quot;count&quot;:&quot;3&quot;,&quot;legendonly&quot;:&quot;&quot;,&quot;readonly&quot;:&quot;&quot;,&quot;score&quot;:&quot;5&quot;,&quot;starsonly&quot;:&quot;&quot;,&quot;best&quot;:&quot;5&quot;,&quot;gap&quot;:&quot;5&quot;,&quot;greet&quot;:&quot;Rate this product&quot;,&quot;legend&quot;:&quot;5\\\/5 - (3 votes)&quot;,&quot;size&quot;:&quot;24&quot;,&quot;title&quot;:&quot;Plastic shredder for recycling rigid plastics&quot;,&quot;width&quot;:&quot;142.5&quot;,&quot;_legend&quot;:&quot;{score}\\\/{best} - ({count} {votes})&quot;,&quot;font_factor&quot;:&quot;1.25&quot;}'>              <div class=\"kksr-stars\">      <div class=\"kksr-stars-inactive\">             <div class=\"kksr-star\" data-star=\"1\" style=\"padding-right: 5px\">               <div class=\"kksr-icon\" style=\"width: 24px; height: 24px;\"><\/div>         <\/div>             <div class=\"kksr-star\" data-star=\"2\" style=\"padding-right: 5px\">               <div class=\"kksr-icon\" style=\"width: 24px; height: 24px;\"><\/div>         <\/div>             <div class=\"kksr-star\" data-star=\"3\" style=\"padding-right: 5px\">               <div class=\"kksr-icon\" style=\"width: 24px; height: 24px;\"><\/div>         <\/div>             <div class=\"kksr-star\" data-star=\"4\" style=\"padding-right: 5px\">               <div class=\"kksr-icon\" style=\"width: 24px; height: 24px;\"><\/div>         <\/div>             <div class=\"kksr-star\" data-star=\"5\" style=\"padding-right: 5px\">               <div class=\"kksr-icon\" style=\"width: 24px; height: 24px;\"><\/div>         <\/div>     <\/div>      <div class=\"kksr-stars-active\" style=\"width: 142.5px;\">             <div class=\"kksr-star\" style=\"padding-right: 5px\">               <div class=\"kksr-icon\" style=\"width: 24px; height: 24px;\"><\/div>         <\/div>             <div class=\"kksr-star\" style=\"padding-right: 5px\">               <div class=\"kksr-icon\" style=\"width: 24px; height: 24px;\"><\/div>         <\/div>             <div class=\"kksr-star\" style=\"padding-right: 5px\">               <div class=\"kksr-icon\" style=\"width: 24px; height: 24px;\"><\/div>         <\/div>             <div class=\"kksr-star\" style=\"padding-right: 5px\">               <div class=\"kksr-icon\" style=\"width: 24px; height: 24px;\"><\/div>         <\/div>             <div class=\"kksr-star\" style=\"padding-right: 5px\">               <div class=\"kksr-icon\" style=\"width: 24px; height: 24px;\"><\/div>         <\/div>     <\/div> <\/div>                   <div class=\"kksr-legend\" style=\"font-size: 19.2px;\">             5\/5 - (3 votos)    <\/div>     <\/div>  <p>O triturador de pl\u00e1stico para reciclagem \u00e9 usado para triturar pl\u00e1sticos r\u00edgidos, como tubos de pl\u00e1stico, tambores de pl\u00e1stico, peda\u00e7os de pl\u00e1stico e assim por diante.<\/p>    <h2 class=\"wp-block-heading\">Caracter\u00edsticas da m\u00e1quina trituradora de pl\u00e1stico industrial <\/h2>    <ul class=\"wp-block-list\"> <li><strong>Forte capacidade de esmagamento<\/strong>. Os pl\u00e1sticos duros geralmente t\u00eam alta resist\u00eancia \u00e0 compress\u00e3o e ao desgaste, e o triturador de pl\u00e1stico especializado na tritura\u00e7\u00e3o de pl\u00e1sticos r\u00edgidos pode lidar com essas caracter\u00edsticas e esmagar efetivamente os pl\u00e1sticos duros em pequenas part\u00edculas.<\/li>    <li><strong>Facas dur\u00e1veis \u200b\u200be pe\u00e7as desgastadas<\/strong>. Para lidar com a alta dureza e resist\u00eancia \u00e0 abras\u00e3o dos pl\u00e1sticos duros, o triturador de pl\u00e1stico geralmente adota facas e pe\u00e7as de desgaste de alta qualidade para garantir uma opera\u00e7\u00e3o est\u00e1vel por um longo tempo.<\/li>    <li><strong>Opera\u00e7\u00e3o est\u00e1vel<\/strong>. O processo de britagem de pl\u00e1sticos r\u00edgidos requer mais pot\u00eancia e opera\u00e7\u00e3o mais est\u00e1vel, portanto, esses britadores s\u00e3o geralmente equipados com motores potentes e sistemas de controle est\u00e1veis \u200b\u200bpara garantir uma opera\u00e7\u00e3o de britagem eficiente e est\u00e1vel.<\/li>    <li><strong>Design profissional<\/strong>. Para se adaptar \u00e0s caracter\u00edsticas dos pl\u00e1sticos r\u00edgidos, este tipo de m\u00e1quina trituradora de pl\u00e1stico industrial \u00e9 geralmente projetada profissionalmente, incluindo a estrutura da c\u00e2mara de britagem, modo de alimenta\u00e7\u00e3o, disposi\u00e7\u00e3o das facas, etc. teste de equil\u00edbrio din\u00e2mico para garantir que a l\u00e2mina atenda aos requisitos de qualidade.<\/li> <\/ul>    <h2 class=\"wp-block-heading\">Par\u00e2metros do triturador de pl\u00e1stico para reciclagem<\/h2>    <figure class=\"wp-block-table\"><table><tbody><tr><td>Tipo<\/td><td>SL-600<\/td><td>SL-800<\/td><td>SL-1000<\/td><\/tr><tr><td>Poder<\/td><td>30 kW<\/td><td>45 quilowatts<\/td><td>55 quilowatts<\/td><\/tr><tr><td>Capacidade<\/td><td>800kg\/hora<\/td><td>1000kg\/hora<\/td><td>1200kg\/hora<\/td><\/tr><tr><td>Material de facas <\/td><td>60Si2Mn<\/td><td>60Si2Mn<\/td><td>60Si2Mn<\/td><\/tr><tr><td>Quantidade de faca<\/td><td>&nbsp;10 PCS<\/td><td>&nbsp;10 PCS&nbsp;<\/td><td>10 PCS&nbsp;<\/td><\/tr><\/tbody><\/table><figcaption class=\"wp-element-caption\">par\u00e2metros de triturador de pl\u00e1stico<\/figcaption><\/figure>    <ul class=\"wp-block-list\"> <li>Os trituradores de pl\u00e1stico Shuliy s\u00e3o todos certificados CE.<\/li>    <li>Oferecemos um modelo maior de m\u00e1quina trituradora com base em suas demandas.<\/li> <\/ul>    <h2 class=\"wp-block-heading\">Imagens adicionais<\/h2>    <figure class=\"wp-block-gallery has-nested-images columns-default is-cropped wp-block-gallery-2 is-layout-flex wp-block-gallery-is-layout-flex\"> <figure class=\"wp-block-image size-large\"><img loading=\"lazy\" decoding=\"async\" width=\"768\" height=\"1024\" data-id=\"909\" src=\"https:\/\/plastic-machines.org\/wp-content\/uploads\/2023\/07\/plastic-shredder-machine-768x1024.webp\" alt=\"m\u00e1quina trituradora de pl\u00e1stico para materiais r\u00edgidos\" class=\"wp-image-909\" srcset=\"https:\/\/plastic-machines.org\/wp-content\/uploads\/2023\/07\/plastic-shredder-machine-768x1024.webp 768w, https:\/\/plastic-machines.org\/wp-content\/uploads\/2023\/07\/plastic-shredder-machine-225x300.webp 225w, https:\/\/plastic-machines.org\/wp-content\/uploads\/2023\/07\/plastic-shredder-machine-1152x1536.webp 1152w, https:\/\/plastic-machines.org\/wp-content\/uploads\/2023\/07\/plastic-shredder-machine.webp 1276w\" sizes=\"auto, (max-width: 768px) 100vw, 768px\" \/><figcaption class=\"wp-element-caption\">m\u00e1quina trituradora de pl\u00e1stico para materiais r\u00edgidos<\/figcaption><\/figure>    <figure class=\"wp-block-image size-large\"><img loading=\"lazy\" decoding=\"async\" width=\"768\" height=\"1024\" data-id=\"908\" src=\"https:\/\/plastic-machines.org\/wp-content\/uploads\/2023\/07\/plastic-shredder-machine-2-768x1024.webp\" alt=\"m\u00e1quina trituradora de pl\u00e1stico \" class=\"wp-image-908\" srcset=\"https:\/\/plastic-machines.org\/wp-content\/uploads\/2023\/07\/plastic-shredder-machine-2-768x1024.webp 768w, https:\/\/plastic-machines.org\/wp-content\/uploads\/2023\/07\/plastic-shredder-machine-2-225x300.webp 225w, https:\/\/plastic-machines.org\/wp-content\/uploads\/2023\/07\/plastic-shredder-machine-2-1152x1536.webp 1152w, https:\/\/plastic-machines.org\/wp-content\/uploads\/2023\/07\/plastic-shredder-machine-2.webp 1276w\" sizes=\"auto, (max-width: 768px) 100vw, 768px\" \/><figcaption class=\"wp-element-caption\">m\u00e1quina trituradora de pl\u00e1stico <\/figcaption><\/figure> <\/figure>    <figure class=\"wp-block-gallery has-nested-images columns-default is-cropped wp-block-gallery-3 is-layout-flex wp-block-gallery-is-layout-flex\"> <figure class=\"wp-block-image size-large\"><img loading=\"lazy\" decoding=\"async\" width=\"768\" height=\"1024\" data-id=\"905\" src=\"https:\/\/plastic-machines.org\/wp-content\/uploads\/2023\/07\/plastic-film-shredder-3-768x1024.webp\" alt=\"triturador de pl\u00e1stico \" class=\"wp-image-905\" srcset=\"https:\/\/plastic-machines.org\/wp-content\/uploads\/2023\/07\/plastic-film-shredder-3-768x1024.webp 768w, https:\/\/plastic-machines.org\/wp-content\/uploads\/2023\/07\/plastic-film-shredder-3-225x300.webp 225w, https:\/\/plastic-machines.org\/wp-content\/uploads\/2023\/07\/plastic-film-shredder-3-1152x1536.webp 1152w, https:\/\/plastic-machines.org\/wp-content\/uploads\/2023\/07\/plastic-film-shredder-3.webp 1276w\" sizes=\"auto, (max-width: 768px) 100vw, 768px\" \/><figcaption class=\"wp-element-caption\">triturador de pl\u00e1stico <\/figcaption><\/figure>    <figure class=\"wp-block-image size-large\"><img loading=\"lazy\" decoding=\"async\" width=\"768\" height=\"1024\" data-id=\"904\" src=\"https:\/\/plastic-machines.org\/wp-content\/uploads\/2023\/07\/plastic-film-shredder-2-768x1024.webp\" alt=\"triturador de pl\u00e1stico\" class=\"wp-image-904\" srcset=\"https:\/\/plastic-machines.org\/wp-content\/uploads\/2023\/07\/plastic-film-shredder-2-768x1024.webp 768w, https:\/\/plastic-machines.org\/wp-content\/uploads\/2023\/07\/plastic-film-shredder-2-225x300.webp 225w, https:\/\/plastic-machines.org\/wp-content\/uploads\/2023\/07\/plastic-film-shredder-2-1152x1536.webp 1152w, https:\/\/plastic-machines.org\/wp-content\/uploads\/2023\/07\/plastic-film-shredder-2.webp 1276w\" sizes=\"auto, (max-width: 768px) 100vw, 768px\" \/><figcaption class=\"wp-element-caption\">triturador de pl\u00e1stico<\/figcaption><\/figure> <figcaption class=\"blocks-gallery-caption wp-element-caption\">triturador de pl\u00e1stico para reciclagem de pl\u00e1sticos r\u00edgidos<\/figcaption><\/figure>    <h2 class=\"wp-block-heading\">Perguntas sobre triturador de pl\u00e1stico r\u00edgido <\/h2>    <p>Se voc\u00ea est\u00e1 interessado na m\u00e1quina trituradora de pl\u00e1stico industrial, preencha o formul\u00e1rio \u00e0 direita do canto. <\/p>    <p class=\"translation-block\">Nosso gerente de vendas enviar\u00e1 a voc\u00ea cota\u00e7\u00f5es de <a href=\"https:\/\/plastic-machines.org\/pt\/product\/maquina-de-pelotizacao-para-reciclagem-de-plastico-rigido\/\">m\u00e1quinas de reciclagem<\/a> o mais r\u00e1pido poss\u00edvel. <\/p>","protected":false},"excerpt":{"rendered":"<p>The plastic shredder for recycling is used to crush rigid plastics, such as plastic pipes, plastic drums, plastic lumps and so on. Features of industrial plastic shredder machine Parameters of plastic shredder for recycling Type SL-600 SL-800 SL-1000 Power 30&nbsp;kw 45 kw 55 kw Capacity 800kg\/h 1000kg\/h 1200kg\/h Knives material 60Si2Mn 60Si2Mn 60Si2Mn Knive qty [&hellip;]<\/p>\n","protected":false},"author":1,"featured_media":902,"parent":0,"template":"","tags":[51],"product-type":[15],"class_list":["post-901","product","type-product","status-publish","has-post-thumbnail","hentry","tag-rigid","product-type-plastic-crushing-equipment"],"taxonomy_info":{"post_tag":[{"value":51,"label":"rigid"}],"product-type":[{"value":15,"label":"Plastic Crushing Equipment"}]},"featured_image_src_large":["https:\/\/plastic-machines.org\/wp-content\/uploads\/2023\/07\/plastic-crusher-1.webp",720,540,false],"author_info":{"display_name":"Ella","author_link":"https:\/\/plastic-machines.org\/pt\/author\/admin\/"},"comment_info":"","_links":{"self":[{"href":"https:\/\/plastic-machines.org\/pt\/wp-json\/wp\/v2\/product\/901","targetHints":{"allow":["GET"]}}],"collection":[{"href":"https:\/\/plastic-machines.org\/pt\/wp-json\/wp\/v2\/product"}],"about":[{"href":"https:\/\/plastic-machines.org\/pt\/wp-json\/wp\/v2\/types\/product"}],"author":[{"embeddable":true,"href":"https:\/\/plastic-machines.org\/pt\/wp-json\/wp\/v2\/users\/1"}],"wp:featuredmedia":[{"embeddable":true,"href":"https:\/\/plastic-machines.org\/pt\/wp-json\/wp\/v2\/media\/902"}],"wp:attachment":[{"href":"https:\/\/plastic-machines.org\/pt\/wp-json\/wp\/v2\/media?parent=901"}],"wp:term":[{"taxonomy":"post_tag","embeddable":true,"href":"https:\/\/plastic-machines.org\/pt\/wp-json\/wp\/v2\/tags?post=901"},{"taxonomy":"product-type","embeddable":true,"href":"https:\/\/plastic-machines.org\/pt\/wp-json\/wp\/v2\/product-type?post=901"}],"curies":[{"name":"wp","href":"https:\/\/api.w.org\/{rel}","templated":true}]}}