{"id":899,"date":"2023-07-25T14:56:18","date_gmt":"2023-07-25T06:56:18","guid":{"rendered":"https:\/\/plastic-machines.org\/?post_type=product&#038;p=899"},"modified":"2026-03-24T09:45:27","modified_gmt":"2026-03-24T01:45:27","slug":"plastic-film-woven-bag-pelletizer-machine","status":"publish","type":"product","link":"https:\/\/plastic-machines.org\/pt\/product\/plastic-film-woven-bag-pelletizer-machine\/","title":{"rendered":"M\u00e1quina peletizadora de sacos tecidos de filme pl\u00e1stico PP PE"},"content":{"rendered":"<div class=\"kk-star-ratings kksr-auto kksr-align-left kksr-valign-top\"     data-payload='{&quot;align&quot;:&quot;left&quot;,&quot;id&quot;:&quot;899&quot;,&quot;slug&quot;:&quot;default&quot;,&quot;valign&quot;:&quot;top&quot;,&quot;ignore&quot;:&quot;&quot;,&quot;reference&quot;:&quot;auto&quot;,&quot;class&quot;:&quot;&quot;,&quot;count&quot;:&quot;4&quot;,&quot;legendonly&quot;:&quot;&quot;,&quot;readonly&quot;:&quot;&quot;,&quot;score&quot;:&quot;5&quot;,&quot;starsonly&quot;:&quot;&quot;,&quot;best&quot;:&quot;5&quot;,&quot;gap&quot;:&quot;5&quot;,&quot;greet&quot;:&quot;Rate this product&quot;,&quot;legend&quot;:&quot;5\\\/5 - (4 votes)&quot;,&quot;size&quot;:&quot;24&quot;,&quot;title&quot;:&quot;PP PE Plastic Film Woven Bags Pelletizer Machine&quot;,&quot;width&quot;:&quot;142.5&quot;,&quot;_legend&quot;:&quot;{score}\\\/{best} - ({count} {votes})&quot;,&quot;font_factor&quot;:&quot;1.25&quot;}'>              <div class=\"kksr-stars\">      <div class=\"kksr-stars-inactive\">             <div class=\"kksr-star\" data-star=\"1\" style=\"padding-right: 5px\">               <div class=\"kksr-icon\" style=\"width: 24px; height: 24px;\"><\/div>         <\/div>             <div class=\"kksr-star\" data-star=\"2\" style=\"padding-right: 5px\">               <div class=\"kksr-icon\" style=\"width: 24px; height: 24px;\"><\/div>         <\/div>             <div class=\"kksr-star\" data-star=\"3\" style=\"padding-right: 5px\">               <div class=\"kksr-icon\" style=\"width: 24px; height: 24px;\"><\/div>         <\/div>             <div class=\"kksr-star\" data-star=\"4\" style=\"padding-right: 5px\">               <div class=\"kksr-icon\" style=\"width: 24px; height: 24px;\"><\/div>         <\/div>             <div class=\"kksr-star\" data-star=\"5\" style=\"padding-right: 5px\">               <div class=\"kksr-icon\" style=\"width: 24px; height: 24px;\"><\/div>         <\/div>     <\/div>      <div class=\"kksr-stars-active\" style=\"width: 142.5px;\">             <div class=\"kksr-star\" style=\"padding-right: 5px\">               <div class=\"kksr-icon\" style=\"width: 24px; height: 24px;\"><\/div>         <\/div>             <div class=\"kksr-star\" style=\"padding-right: 5px\">               <div class=\"kksr-icon\" style=\"width: 24px; height: 24px;\"><\/div>         <\/div>             <div class=\"kksr-star\" style=\"padding-right: 5px\">               <div class=\"kksr-icon\" style=\"width: 24px; height: 24px;\"><\/div>         <\/div>             <div class=\"kksr-star\" style=\"padding-right: 5px\">               <div class=\"kksr-icon\" style=\"width: 24px; height: 24px;\"><\/div>         <\/div>             <div class=\"kksr-star\" style=\"padding-right: 5px\">               <div class=\"kksr-icon\" style=\"width: 24px; height: 24px;\"><\/div>         <\/div>     <\/div> <\/div>                   <div class=\"kksr-legend\" style=\"font-size: 19.2px;\">             5\/5 - (4 votos)    <\/div>     <\/div>  <p>A m\u00e1quina peletizadora de filme pl\u00e1stico PP PE combina fun\u00e7\u00f5es de britagem, compacta\u00e7\u00e3o, fus\u00e3o e extrus\u00e3o, tudo em uma \u00fanica etapa. O Grupo Shuliy fabrica m\u00e1quinas de pelotiza\u00e7\u00e3o de filme pl\u00e1stico h\u00e1 mais de 20 anos e ajudou muitas f\u00e1bricas de reciclagem a iniciar seus neg\u00f3cios e obter grandes lucros.<\/p>    <p>Al\u00e9m de pelotizar res\u00edduos de filmes pl\u00e1sticos, a m\u00e1quina peletizadora tamb\u00e9m pode pelotizar sacos tecidos PP PE, sacos de cimento, r\u00e1fias PP, sacos pl\u00e1sticos para embalagens e assim por diante. Os produtos finais da m\u00e1quina peletizadora de pl\u00e1stico s\u00e3o pellets ou gr\u00e2nulos reciclados, que podem ser usados \u200b\u200bdiretamente na extrus\u00e3o de tubos, fabrica\u00e7\u00e3o de pl\u00e1stico, sopro de filme e inje\u00e7\u00e3o de pl\u00e1stico.<\/p>    <h2 class=\"wp-block-heading\">Princ\u00edpio de funcionamento da m\u00e1quina de pelotiza\u00e7\u00e3o<\/h2>    <p class=\"translation-block\"><strong>Sistema de extrus\u00e3o<\/strong>: o sistema de extrus\u00e3o da m\u00e1quina pelletizadora de filme pl\u00e1stico inclui um parafuso, cilindro, funil, cabe\u00e7a e molde, o pl\u00e1stico \u00e9 classificado em uma fus\u00e3o uniforme atrav\u00e9s do sistema de extrus\u00e3o, e sob a press\u00e3o estabelecida no processo, \u00e9 continuamente extrudado da cabe\u00e7a pelo parafuso.<\/p>    <ol class=\"wp-block-list\"> <li>Parafuso: \u00e9 o princ\u00edpio da m\u00e1quina de pelotiza\u00e7\u00e3o de filme que constitui as partes mais importantes, est\u00e1 diretamente relacionado ao escopo de aplica\u00e7\u00e3o da extrusora e \u00e0 efici\u00eancia da produ\u00e7\u00e3o, feita de liga de a\u00e7o de alta resist\u00eancia e resistente \u00e0 corros\u00e3o.<\/li>    <li>Barril: um tubo de metal sem costura, geralmente resistente ao calor, resistente \u00e0 press\u00e3o, de alta resist\u00eancia, forte resistente ao desgaste e resistente \u00e0 corros\u00e3o ou liga de a\u00e7o revestido com um tubo de a\u00e7o composto.<\/li>    <li>Funil: a parte inferior da tremonha \u00e9 equipada com um dispositivo de corte, para ajustar e cortar o fluxo de material, a lateral da tremonha \u00e9 equipada com um orif\u00edcio de visualiza\u00e7\u00e3o e um dispositivo de medi\u00e7\u00e3o de calibra\u00e7\u00e3o.<\/li>    <li>Cabe\u00e7a e molde: a cabe\u00e7a consiste em uma luva interna de liga de a\u00e7o e uma luva externa de a\u00e7o carbono, a cabe\u00e7a \u00e9 equipada com uma matriz de moldagem.<\/li> <\/ol>    <p class=\"translation-block\"><strong>Sistema de transmiss\u00e3o<\/strong>: No princ\u00edpio da m\u00e1quina pelletizadora de sacos tecidos, o papel do sistema de transmiss\u00e3o \u00e9 acionar o parafuso, fornecendo ao parafuso o torque e a velocidade necess\u00e1rios no processo de extrus\u00e3o, geralmente por meio do motor, redutor e rolamentos, e outros componentes.<\/p>    <p class=\"translation-block\"><strong>Dispositivos de aquecimento e resfriamento<\/strong>: Hoje em dia, a m\u00e1quina pelletizadora de sacos tecidos geralmente utiliza aquecimento el\u00e9trico, que \u00e9 dividido em aquecimento por resist\u00eancia e aquecimento por indu\u00e7\u00e3o, e o elemento de aquecimento \u00e9 instalado em cada parte do corpo, pesco\u00e7o e cabe\u00e7a. O dispositivo de aquecimento aquece o pl\u00e1stico dentro do cilindro, de forma que ele esquente at\u00e9 alcan\u00e7ar a temperatura necess\u00e1ria para a opera\u00e7\u00e3o do processo. O dispositivo de resfriamento \u00e9 instalado para garantir que o pl\u00e1stico esteja na faixa de temperatura exigida pelo processo de pelletiza\u00e7\u00e3o.<\/p>    <h2 class=\"wp-block-heading\">V\u00eddeo de funcionamento da m\u00e1quina peletizadora<\/h2>    <figure class=\"wp-block-embed is-type-video is-provider-youtube wp-block-embed-youtube wp-embed-aspect-16-9 wp-has-aspect-ratio\"><div class=\"wp-block-embed__wrapper\"> <iframe loading=\"lazy\" title=\"Linha de lavagem e pelotiza\u00e7\u00e3o de filme pl\u00e1stico de 300 kg\/h | M\u00e1quinas de reciclagem para res\u00edduos de pl\u00e1stico PP PE LDPE\" width=\"500\" height=\"281\" src=\"https:\/\/www.youtube.com\/embed\/I4dkCkfIOmc?feature=oembed\" frameborder=\"0\" allow=\"accelerometer; autoplay; clipboard-write; encrypted-media; gyroscope; picture-in-picture; web-share\" referrerpolicy=\"strict-origin-when-cross-origin\" allowfullscreen><\/iframe> <\/div><\/figure>    <h2 class=\"wp-block-heading\">Especifica\u00e7\u00f5es t\u00e9cnicas<\/h2>    <figure class=\"wp-block-table\"><table><tbody><tr><td>Modelo<\/td><td>SL-125<\/td><td>SL-150<\/td><td>SL-180<\/td><td>SL-200<\/td><td>SL-220<\/td><\/tr><tr><td>Di\u00e2metro do parafuso<\/td><td>125mm<\/td><td>150mm<\/td><td>180mm<\/td><td>200mm<\/td><td>220mm<\/td><\/tr><tr><td>Velocidade do fuso<\/td><td>50-70\/min<\/td><td>40-50\/min<\/td><td>40-50\/min<\/td><td>40-50\/min<\/td><td>40-50\/min<\/td><\/tr><tr><td>Pot\u00eancia do motor principal<\/td><td>30 kW<\/td><td>37 kW<\/td><td>55 kW<\/td><td>75 kW<\/td><td>90 kW<\/td><\/tr><tr><td>Peso<\/td><td>1.8T<\/td><td>2T<\/td><td>2.2T<\/td><td>2,8T<\/td><td>3.2T<\/td><\/tr><tr><td>Dementa\u00e7\u00f5es<\/td><td>2.6*0.7*0.7<\/td><td>3.0*0.7*0.8<\/td><td>3.2*0.7*0.8<\/td><td>3.5*1*1<\/td><td>3.8*1.2*1<\/td><\/tr><tr><td>Capacidade<\/td><td>180kg\/hora<\/td><td>300kg\/hora<\/td><td>350kg\/hora<\/td><td>380kg\/hora<\/td><td>420kg\/h<\/td><\/tr><\/tbody><\/table><\/figure>    <ul class=\"wp-block-list\"> <li>A certifica\u00e7\u00e3o CE est\u00e1 dispon\u00edvel.<\/li>    <li>O Grupo Shuliy oferece mais modelos de m\u00e1quinas de pelletiza\u00e7\u00e3o de pl\u00e1stico com maior pot\u00eancia e capacidade, de acordo com a sua solicita\u00e7\u00e3o.<\/li> <\/ul>    <h2 class=\"wp-block-heading\">Imagens adicionais de granulador de saco tecido<\/h2>    <figure class=\"wp-block-image size-full\"><img loading=\"lazy\" decoding=\"async\" width=\"720\" height=\"540\" src=\"https:\/\/plastic-machines.org\/wp-content\/uploads\/2022\/06\/plastic-pellet-making-machine1.webp\" alt=\"m\u00e1quina de granula\u00e7\u00e3o pl\u00e1stica\" class=\"wp-image-477\" srcset=\"https:\/\/plastic-machines.org\/wp-content\/uploads\/2022\/06\/plastic-pellet-making-machine1.webp 720w, https:\/\/plastic-machines.org\/wp-content\/uploads\/2022\/06\/plastic-pellet-making-machine1-300x225.webp 300w\" sizes=\"auto, (max-width: 720px) 100vw, 720px\" \/><figcaption class=\"wp-element-caption\">granulador de saco tecido <\/figcaption><\/figure>    <figure class=\"wp-block-image size-full is-resized\"><img loading=\"lazy\" decoding=\"async\" width=\"720\" height=\"540\" src=\"https:\/\/plastic-machines.org\/wp-content\/uploads\/2022\/06\/plastic-pelletizer-machine.webp\" alt=\"peletizador de pl\u00e1stico\" class=\"wp-image-523\" srcset=\"https:\/\/plastic-machines.org\/wp-content\/uploads\/2022\/06\/plastic-pelletizer-machine.webp 720w, https:\/\/plastic-machines.org\/wp-content\/uploads\/2022\/06\/plastic-pelletizer-machine-300x225.webp 300w\" sizes=\"auto, (max-width: 720px) 100vw, 720px\" \/><figcaption class=\"wp-element-caption\">m\u00e1quina de pelotiza\u00e7\u00e3o de filme pl\u00e1stico<\/figcaption><\/figure>    <figure class=\"wp-block-image size-full\"><img loading=\"lazy\" decoding=\"async\" width=\"720\" height=\"540\" src=\"https:\/\/plastic-machines.org\/wp-content\/uploads\/2022\/12\/plastic-pelletizing-machne.webp\" alt=\"m\u00e1quina peletizadora de pl\u00e1stico\" class=\"wp-image-623\" srcset=\"https:\/\/plastic-machines.org\/wp-content\/uploads\/2022\/12\/plastic-pelletizing-machne.webp 720w, https:\/\/plastic-machines.org\/wp-content\/uploads\/2022\/12\/plastic-pelletizing-machne-300x225.webp 300w\" sizes=\"auto, (max-width: 720px) 100vw, 720px\" \/><figcaption class=\"wp-element-caption\">m\u00e1quina peletizadora de pl\u00e1stico<\/figcaption><\/figure>    <h2 class=\"wp-block-heading\">Consultas sobre m\u00e1quina de pelotiza\u00e7\u00e3o de filme pl\u00e1stico<\/h2>    <p class=\"translation-block\">Envie-nos as suas d\u00favidas preenchendo o formul\u00e1rio no canto direito, o nosso gestor de projeto entrar\u00e1 em contacto consigo em breve e oferecer-lhe-\u00e1 um servi\u00e7o personalizado e solu\u00e7\u00f5es de reciclagem para os seus materiais. Se quiser saber mais sobre m\u00e1quinas de reciclagem de pl\u00e1stico, leia o artigo: <a href=\"https:\/\/plastic-machines.org\/pt\/info\/what-machines-are-used-to-recycle-plastic\/\">M\u00e1quinas Utilizadas na Reciclagem de Pl\u00e1stico<\/a><\/p>","protected":false},"excerpt":{"rendered":"<p>PP PE plastic film pelletizer machine combines functions of crushing, compacting, melting, and extruding all in one single step. Shuliy Group has manufactured plastic film pelletizing machines for over 20 years and helped many recycling plants start their businesses and obtain great profits. In addition to pelletizing waste plastic films, the pelletizer machine can also [&hellip;]<\/p>\n","protected":false},"author":1,"featured_media":623,"parent":0,"template":"","tags":[49,50,59],"product-type":[9],"class_list":["post-899","product","type-product","status-publish","has-post-thumbnail","hentry","tag-film","tag-pellet","tag-woven-bag","product-type-plastic-pelletizer"],"taxonomy_info":{"post_tag":[{"value":49,"label":"film"},{"value":50,"label":"pellet"},{"value":59,"label":"woven bag"}],"product-type":[{"value":9,"label":"Plastic Pelletizer"}]},"featured_image_src_large":["https:\/\/plastic-machines.org\/wp-content\/uploads\/2022\/12\/plastic-pelletizing-machne.webp",720,540,false],"author_info":{"display_name":"Ella","author_link":"https:\/\/plastic-machines.org\/pt\/author\/admin\/"},"comment_info":"","_links":{"self":[{"href":"https:\/\/plastic-machines.org\/pt\/wp-json\/wp\/v2\/product\/899","targetHints":{"allow":["GET"]}}],"collection":[{"href":"https:\/\/plastic-machines.org\/pt\/wp-json\/wp\/v2\/product"}],"about":[{"href":"https:\/\/plastic-machines.org\/pt\/wp-json\/wp\/v2\/types\/product"}],"author":[{"embeddable":true,"href":"https:\/\/plastic-machines.org\/pt\/wp-json\/wp\/v2\/users\/1"}],"wp:featuredmedia":[{"embeddable":true,"href":"https:\/\/plastic-machines.org\/pt\/wp-json\/wp\/v2\/media\/623"}],"wp:attachment":[{"href":"https:\/\/plastic-machines.org\/pt\/wp-json\/wp\/v2\/media?parent=899"}],"wp:term":[{"taxonomy":"post_tag","embeddable":true,"href":"https:\/\/plastic-machines.org\/pt\/wp-json\/wp\/v2\/tags?post=899"},{"taxonomy":"product-type","embeddable":true,"href":"https:\/\/plastic-machines.org\/pt\/wp-json\/wp\/v2\/product-type?post=899"}],"curies":[{"name":"wp","href":"https:\/\/api.w.org\/{rel}","templated":true}]}}