{"id":895,"date":"2023-07-24T17:16:54","date_gmt":"2023-07-24T09:16:54","guid":{"rendered":"https:\/\/plastic-machines.org\/?post_type=product&#038;p=895"},"modified":"2025-11-10T16:38:39","modified_gmt":"2025-11-10T08:38:39","slug":"plastic-film-washing-line","status":"publish","type":"product","link":"https:\/\/plastic-machines.org\/pt\/product\/plastic-film-washing-line\/","title":{"rendered":"Linha de lavagem de filme pl\u00e1stico"},"content":{"rendered":"<div class=\"kk-star-ratings kksr-auto kksr-align-left kksr-valign-top\"     data-payload='{&quot;align&quot;:&quot;left&quot;,&quot;id&quot;:&quot;895&quot;,&quot;slug&quot;:&quot;default&quot;,&quot;valign&quot;:&quot;top&quot;,&quot;ignore&quot;:&quot;&quot;,&quot;reference&quot;:&quot;auto&quot;,&quot;class&quot;:&quot;&quot;,&quot;count&quot;:&quot;5&quot;,&quot;legendonly&quot;:&quot;&quot;,&quot;readonly&quot;:&quot;&quot;,&quot;score&quot;:&quot;5&quot;,&quot;starsonly&quot;:&quot;&quot;,&quot;best&quot;:&quot;5&quot;,&quot;gap&quot;:&quot;5&quot;,&quot;greet&quot;:&quot;Rate this product&quot;,&quot;legend&quot;:&quot;5\\\/5 - (5 votes)&quot;,&quot;size&quot;:&quot;24&quot;,&quot;title&quot;:&quot;Plastic Film Washing Line&quot;,&quot;width&quot;:&quot;142.5&quot;,&quot;_legend&quot;:&quot;{score}\\\/{best} - ({count} {votes})&quot;,&quot;font_factor&quot;:&quot;1.25&quot;}'>              <div class=\"kksr-stars\">      <div class=\"kksr-stars-inactive\">             <div class=\"kksr-star\" data-star=\"1\" style=\"padding-right: 5px\">               <div class=\"kksr-icon\" style=\"width: 24px; height: 24px;\"><\/div>         <\/div>             <div class=\"kksr-star\" data-star=\"2\" style=\"padding-right: 5px\">               <div class=\"kksr-icon\" style=\"width: 24px; height: 24px;\"><\/div>         <\/div>             <div class=\"kksr-star\" data-star=\"3\" style=\"padding-right: 5px\">               <div class=\"kksr-icon\" style=\"width: 24px; height: 24px;\"><\/div>         <\/div>             <div class=\"kksr-star\" data-star=\"4\" style=\"padding-right: 5px\">               <div class=\"kksr-icon\" style=\"width: 24px; height: 24px;\"><\/div>         <\/div>             <div class=\"kksr-star\" data-star=\"5\" style=\"padding-right: 5px\">               <div class=\"kksr-icon\" style=\"width: 24px; height: 24px;\"><\/div>         <\/div>     <\/div>      <div class=\"kksr-stars-active\" style=\"width: 142.5px;\">             <div class=\"kksr-star\" style=\"padding-right: 5px\">               <div class=\"kksr-icon\" style=\"width: 24px; height: 24px;\"><\/div>         <\/div>             <div class=\"kksr-star\" style=\"padding-right: 5px\">               <div class=\"kksr-icon\" style=\"width: 24px; height: 24px;\"><\/div>         <\/div>             <div class=\"kksr-star\" style=\"padding-right: 5px\">               <div class=\"kksr-icon\" style=\"width: 24px; height: 24px;\"><\/div>         <\/div>             <div class=\"kksr-star\" style=\"padding-right: 5px\">               <div class=\"kksr-icon\" style=\"width: 24px; height: 24px;\"><\/div>         <\/div>             <div class=\"kksr-star\" style=\"padding-right: 5px\">               <div class=\"kksr-icon\" style=\"width: 24px; height: 24px;\"><\/div>         <\/div>     <\/div> <\/div>                   <div class=\"kksr-legend\" style=\"font-size: 19.2px;\">             5\/5 - (5 votos)    <\/div>     <\/div>  <p>A linha de lavagem de filme pl\u00e1stico de alta efici\u00eancia da Shuliy foi projetada para res\u00edduos p\u00f3s-consumo. Pode processar res\u00edduos de polietileno PE (HDPE, LDPE, LLDPE) e polipropileno PP, como tubos de irriga\u00e7\u00e3o usados, sacos de lixo, sacos de tecido, pl\u00e1sticos de bolha e laminados (filmes multicamadas. Este sistema de reciclagem de filme \u00e9 equipado com tritura\u00e7\u00e3o, limpeza e dispositivos de secagem enquanto produz flocos de filme de alta limpeza a uma taxa produtiva.<\/p>    <figure class=\"wp-block-embed is-type-video is-provider-youtube wp-block-embed-youtube wp-embed-aspect-16-9 wp-has-aspect-ratio\"><div class=\"wp-block-embed__wrapper\"> <iframe loading=\"lazy\" title=\"Linha de lavagem de filme pl\u00e1stico LDPE LDPE PP HDPE\" width=\"500\" height=\"281\" src=\"https:\/\/www.youtube.com\/embed\/ENh4yPyonP8?feature=oembed\" frameborder=\"0\" allow=\"accelerometer; autoplay; clipboard-write; encrypted-media; gyroscope; picture-in-picture; web-share\" referrerpolicy=\"strict-origin-when-cross-origin\" allowfullscreen><\/iframe> <\/div><\/figure>    <h2 class=\"wp-block-heading\">Processo de trabalho da linha de lavagem de filme pl\u00e1stico<\/h2>   <div class=\"wp-block-image\"> <figure class=\"aligncenter size-full\"><img loading=\"lazy\" decoding=\"async\" width=\"720\" height=\"540\" src=\"https:\/\/plastic-machines.org\/wp-content\/uploads\/2023\/07\/plastic-film-washing-machines.webp\" alt=\"m\u00e1quinas de lavagem de filme pl\u00e1stico\" class=\"wp-image-1366\" srcset=\"https:\/\/plastic-machines.org\/wp-content\/uploads\/2023\/07\/plastic-film-washing-machines.webp 720w, https:\/\/plastic-machines.org\/wp-content\/uploads\/2023\/07\/plastic-film-washing-machines-300x225.webp 300w, https:\/\/plastic-machines.org\/wp-content\/uploads\/2023\/07\/plastic-film-washing-machines-16x12.webp 16w\" sizes=\"auto, (max-width: 720px) 100vw, 720px\" \/><figcaption class=\"wp-element-caption\">m\u00e1quinas de planta de lavagem de filme pl\u00e1stico<\/figcaption><\/figure> <\/div>   <p class=\"translation-block\"><strong>M\u00e1quina de tritura\u00e7\u00e3o de pl\u00e1stico<\/strong>: A primeira etapa da linha de extrus\u00e3o de pellets de lavagem de pl\u00e1stico \u00e9 usar uma m\u00e1quina de tritura\u00e7\u00e3o de pl\u00e1stico para cortar filmes pl\u00e1sticos em peda\u00e7os pequenos. Os peda\u00e7os de pl\u00e1stico resultantes da <strong><a href=\"https:\/\/plastic-machines.org\/pt\/product\/plastic-shredder-machine\/\">m\u00e1quina de tritura\u00e7\u00e3o de pl\u00e1stico<\/a><\/strong>s\u00e3o cerca de 30mm-100mm de tamanho.<\/p>    <p class=\"translation-block\"><strong>Tanque de enxaguamento de pl\u00e1stico<\/strong>: O tanque de enxaguamento de pl\u00e1stico desempenha um papel-chave. <strong><a href=\"https:\/\/plastic-machines.org\/pt\/product\/plastic-film-washing-machine\/\">M\u00e1quinas de enxaguamento de pl\u00e1stico<\/a><\/strong> podem remover sujeira, gordura, poeira, res\u00edduos e outras impurezas da superf\u00edcie do pl\u00e1stico atrav\u00e9s de uma s\u00e9rie de enxaguagens com \u00e1gua, para que os destro\u00e7os pl\u00e1sticos possam ser tratados de forma mais limpa e pura. O material pl\u00e1stico limpo resulta num produto reciclado de maior qualidade e com menos desgaste e danos aos granulators e outras m\u00e1quinas de reciclagem.<\/p>    <p class=\"translation-block\"><strong>M\u00e1quina de desaguamento centr\u00edfuga<\/strong>: Vertical<span><strong><a href=\"https:\/\/plastic-machines.org\/pt\/product\/plastic-film-dryer-machine\/\"> m\u00e1quina de desaguamento centr\u00edfuga<\/a><\/strong><\/span> \u00e9 um equipamento comumente utilizado para separa\u00e7\u00e3o s\u00f3lido-l\u00edquido, e o seu principal objetivo \u00e9 desidratar pl\u00e1sticos suspensos em l\u00edquidos at\u00e9 ao n\u00edvel desejado de humidade ou secura. Esta m\u00e1quina de desaguamento centr\u00edfuga separa l\u00edquidos e s\u00f3lidos pela for\u00e7a centr\u00edfuga, resultando num processo de desidrata\u00e7\u00e3o eficiente.<\/p>    <p class=\"translation-block\"><strong>Silo de produto<\/strong>: O silo \u00e9 usado para armazenar pe\u00e7as de filme pl\u00e1stico limpas e secas.<\/p>    <p class=\"translation-block\"><strong>Granuladora de pl\u00e1stico<\/strong> (m\u00e1quina opcional): <strong><a href=\"https:\/\/plastic-machines.org\/pt\/product\/plastic-extruder-machine\/\">M\u00e1quina granuladora de pl\u00e1stico<\/a><\/strong> \u00e9 uma das m\u00e1quinas importantes de reciclagem na linha de lavagem de filme pl\u00e1stico; o seu principal objetivo \u00e9 aquecer e fundir os pl\u00e1sticos reciclados e, em seguida, extrudir o gel de pl\u00e1stico atrav\u00e9s do filtro. Pelotas de pl\u00e1stico reciclado podem ser usadas como mat\u00e9ria-prima alternativa para a fabrica\u00e7\u00e3o de uma ampla gama de produtos de pl\u00e1stico, reduzindo assim a necessidade de pl\u00e1stico virgem e diminuindo os custos de produ\u00e7\u00e3o.<\/p>    <p class=\"translation-block\"><strong>M\u00e1quina de embalagem de pellets<\/strong> (m\u00e1quina opcional): A m\u00e1quina de embalagem \u00e9 usada para embalar gr\u00e2nulos de pl\u00e1stico em sacos.<\/p>    <h2 class=\"wp-block-heading\">Fotos adicionais <\/h2>    <figure class=\"wp-block-image size-full\"><img loading=\"lazy\" decoding=\"async\" width=\"720\" height=\"540\" src=\"https:\/\/plastic-machines.org\/wp-content\/uploads\/2023\/07\/plastic-film-washing-recycling-line.webp\" alt=\"Linha de lavagem de filme pl\u00e1stico\" class=\"wp-image-807\" srcset=\"https:\/\/plastic-machines.org\/wp-content\/uploads\/2023\/07\/plastic-film-washing-recycling-line.webp 720w, https:\/\/plastic-machines.org\/wp-content\/uploads\/2023\/07\/plastic-film-washing-recycling-line-300x225.webp 300w\" sizes=\"auto, (max-width: 720px) 100vw, 720px\" \/><figcaption class=\"wp-element-caption\">m\u00e1quinas de reciclagem de filme pl\u00e1stico<\/figcaption><\/figure>    <figure class=\"wp-block-image size-full\"><img loading=\"lazy\" decoding=\"async\" width=\"720\" height=\"540\" src=\"https:\/\/plastic-machines.org\/wp-content\/uploads\/2022\/06\/plastic-granulating-line1.webp\" alt=\"m\u00e1quinas de granula\u00e7\u00e3o de pl\u00e1stico\" class=\"wp-image-476\" srcset=\"https:\/\/plastic-machines.org\/wp-content\/uploads\/2022\/06\/plastic-granulating-line1.webp 720w, https:\/\/plastic-machines.org\/wp-content\/uploads\/2022\/06\/plastic-granulating-line1-300x225.webp 300w\" sizes=\"auto, (max-width: 720px) 100vw, 720px\" \/><figcaption class=\"wp-element-caption\">linha de lavagem e pelotiza\u00e7\u00e3o de filme pl\u00e1stico<\/figcaption><\/figure>    <h2 class=\"wp-block-heading\">Casos de sucesso de linha de lavagem de filme pl\u00e1stico<\/h2>    <figure class=\"wp-block-embed is-type-video is-provider-youtube wp-block-embed-youtube wp-embed-aspect-16-9 wp-has-aspect-ratio\"><div class=\"wp-block-embed__wrapper\"> <iframe loading=\"lazy\" title=\"Planta de pelotiza\u00e7\u00e3o e britagem de lavagem de pl\u00e1stico PP PE na Tanz\u00e2nia funcionando com sucesso\" width=\"500\" height=\"281\" src=\"https:\/\/www.youtube.com\/embed\/PK77av8TFEg?start=12&#038;feature=oembed\" frameborder=\"0\" allow=\"accelerometer; autoplay; clipboard-write; encrypted-media; gyroscope; picture-in-picture; web-share\" referrerpolicy=\"strict-origin-when-cross-origin\" allowfullscreen><\/iframe> <\/div><\/figure>    <figure class=\"wp-block-embed is-type-video is-provider-youtube wp-block-embed-youtube wp-embed-aspect-16-9 wp-has-aspect-ratio\"><div class=\"wp-block-embed__wrapper\"> <iframe loading=\"lazy\" title=\"Planta de reciclagem de pl\u00e1stico instalada na Ar\u00e1bia Saudita | Feedback da m\u00e1quina peletizadora de pl\u00e1stico\" width=\"500\" height=\"281\" src=\"https:\/\/www.youtube.com\/embed\/rDw_8i8uBAo?start=15&#038;feature=oembed\" frameborder=\"0\" allow=\"accelerometer; autoplay; clipboard-write; encrypted-media; gyroscope; picture-in-picture; web-share\" referrerpolicy=\"strict-origin-when-cross-origin\" allowfullscreen><\/iframe> <\/div><\/figure>    <h2 class=\"wp-block-heading\">Caracter\u00edsticas da linha de lavagem de filme pl\u00e1stico<\/h2>    <ul class=\"wp-block-list\"> <li>Multifuncionalidade: a linha de lavagem e pelotiza\u00e7\u00e3o de filme pl\u00e1stico pode se adaptar a muitos tipos de res\u00edduos de pl\u00e1stico, incluindo sacos pl\u00e1sticos tecidos, res\u00edduos de filme pl\u00e1stico, sacos de embalagens pl\u00e1sticas, etc.<\/li>    <li>Alto grau de automa\u00e7\u00e3o: A linha de lavagem de filme pl\u00e1stico geralmente \u00e9 equipada com um sistema de controle de automa\u00e7\u00e3o avan\u00e7ado, silo e correia transportadora s\u00e3o instalados com controle autom\u00e1tico e dispositivo de descarga, o que reduz a opera\u00e7\u00e3o manual e melhora a efici\u00eancia de reciclagem.<\/li>    <li>Limpeza eficiente: A linha de pelotiza\u00e7\u00e3o para lavagem de pl\u00e1stico adota um processo de limpeza em v\u00e1rios est\u00e1gios, que pode remover efetivamente a sujeira, \u00f3leo e outras impurezas na superf\u00edcie dos res\u00edduos de pl\u00e1stico e garantir a limpeza e a qualidade dos res\u00edduos de pl\u00e1stico.<\/li>    <li>Reciclagem de \u00e1gua: Para reduzir o consumo de recursos h\u00eddricos, a linha de lavagem de filme pl\u00e1stico adota um sistema de reciclagem de \u00e1gua para reciclar a \u00e1gua no processo de limpeza, o que reduz o consumo de \u00e1gua.<\/li>    <li>Ajuste flex\u00edvel: As linhas de lavagem e pelotiza\u00e7\u00e3o de filme pl\u00e1stico geralmente podem ser ajustadas e personalizadas de forma flex\u00edvel de acordo com as diferentes necessidades dos clientes, as m\u00e1quinas de reciclagem podem ser ajustadas para diferentes tipos e especifica\u00e7\u00f5es de res\u00edduos pl\u00e1sticos.<\/li> <\/ul>    <h2 class=\"wp-block-heading\">Consultas sobre reciclagem de filme pl\u00e1stico<\/h2>    <p>Se voc\u00ea tem interesse em m\u00e1quinas de reciclagem de filme pl\u00e1stico, preencha o formul\u00e1rio no canto inferior direito.<\/p>    <p>Nosso gerente de projeto entrar\u00e1 em contato com voc\u00ea o mais breve poss\u00edvel e enviar\u00e1 um or\u00e7amento de m\u00e1quina de reciclagem.<\/p>","protected":false},"excerpt":{"rendered":"<p>Shuliy&#8217;s high-efficiency plastic film washing line is designed for post-consumer waste. It can process PE polyethylene (HDPE, LDPE, LLDPE) and PP polypropylene waste material, such as used irrigation pipes, garbage bags, woven sacks, bubble wraps and laminated (muti-layered films. This film recycling system is equipped with crushing, cleaning and drying devices while producing high-cleanness film [&hellip;]<\/p>\n","protected":false},"author":1,"featured_media":1404,"parent":0,"template":"","tags":[49],"product-type":[13],"class_list":["post-895","product","type-product","status-publish","has-post-thumbnail","hentry","tag-film","product-type-plastic-recycling-lines"],"taxonomy_info":{"post_tag":[{"value":49,"label":"film"}],"product-type":[{"value":13,"label":"Plastic Recycling Lines"}]},"featured_image_src_large":["https:\/\/plastic-machines.org\/wp-content\/uploads\/2023\/07\/plastic-film-washing-line-1.webp",720,540,false],"author_info":{"display_name":"Ella","author_link":"https:\/\/plastic-machines.org\/pt\/author\/admin\/"},"comment_info":"","_links":{"self":[{"href":"https:\/\/plastic-machines.org\/pt\/wp-json\/wp\/v2\/product\/895","targetHints":{"allow":["GET"]}}],"collection":[{"href":"https:\/\/plastic-machines.org\/pt\/wp-json\/wp\/v2\/product"}],"about":[{"href":"https:\/\/plastic-machines.org\/pt\/wp-json\/wp\/v2\/types\/product"}],"author":[{"embeddable":true,"href":"https:\/\/plastic-machines.org\/pt\/wp-json\/wp\/v2\/users\/1"}],"wp:featuredmedia":[{"embeddable":true,"href":"https:\/\/plastic-machines.org\/pt\/wp-json\/wp\/v2\/media\/1404"}],"wp:attachment":[{"href":"https:\/\/plastic-machines.org\/pt\/wp-json\/wp\/v2\/media?parent=895"}],"wp:term":[{"taxonomy":"post_tag","embeddable":true,"href":"https:\/\/plastic-machines.org\/pt\/wp-json\/wp\/v2\/tags?post=895"},{"taxonomy":"product-type","embeddable":true,"href":"https:\/\/plastic-machines.org\/pt\/wp-json\/wp\/v2\/product-type?post=895"}],"curies":[{"name":"wp","href":"https:\/\/api.w.org\/{rel}","templated":true}]}}