{"id":822,"date":"2023-07-24T15:09:57","date_gmt":"2023-07-24T07:09:57","guid":{"rendered":"https:\/\/plastic-machines.org\/?post_type=product&#038;p=822"},"modified":"2026-03-24T09:48:39","modified_gmt":"2026-03-24T01:48:39","slug":"maquina-de-pelotizacao-para-reciclagem-de-plastico-rigido","status":"publish","type":"product","link":"https:\/\/plastic-machines.org\/pt\/product\/pelletization-machine-for-rigid-plastic-recycling\/","title":{"rendered":"M\u00e1quina de pelotiza\u00e7\u00e3o para reciclagem de pl\u00e1stico r\u00edgido"},"content":{"rendered":"<div class=\"kk-star-ratings kksr-auto kksr-align-left kksr-valign-top\"     data-payload='{&quot;align&quot;:&quot;left&quot;,&quot;id&quot;:&quot;822&quot;,&quot;slug&quot;:&quot;default&quot;,&quot;valign&quot;:&quot;top&quot;,&quot;ignore&quot;:&quot;&quot;,&quot;reference&quot;:&quot;auto&quot;,&quot;class&quot;:&quot;&quot;,&quot;count&quot;:&quot;5&quot;,&quot;legendonly&quot;:&quot;&quot;,&quot;readonly&quot;:&quot;&quot;,&quot;score&quot;:&quot;5&quot;,&quot;starsonly&quot;:&quot;&quot;,&quot;best&quot;:&quot;5&quot;,&quot;gap&quot;:&quot;5&quot;,&quot;greet&quot;:&quot;Rate this product&quot;,&quot;legend&quot;:&quot;5\\\/5 - (5 votes)&quot;,&quot;size&quot;:&quot;24&quot;,&quot;title&quot;:&quot;Pelletization Machine for Rigid Plastic Recycling&quot;,&quot;width&quot;:&quot;142.5&quot;,&quot;_legend&quot;:&quot;{score}\\\/{best} - ({count} {votes})&quot;,&quot;font_factor&quot;:&quot;1.25&quot;}'>              <div class=\"kksr-stars\">      <div class=\"kksr-stars-inactive\">             <div class=\"kksr-star\" data-star=\"1\" style=\"padding-right: 5px\">               <div class=\"kksr-icon\" style=\"width: 24px; height: 24px;\"><\/div>         <\/div>             <div class=\"kksr-star\" data-star=\"2\" style=\"padding-right: 5px\">               <div class=\"kksr-icon\" style=\"width: 24px; height: 24px;\"><\/div>         <\/div>             <div class=\"kksr-star\" data-star=\"3\" style=\"padding-right: 5px\">               <div class=\"kksr-icon\" style=\"width: 24px; height: 24px;\"><\/div>         <\/div>             <div class=\"kksr-star\" data-star=\"4\" style=\"padding-right: 5px\">               <div class=\"kksr-icon\" style=\"width: 24px; height: 24px;\"><\/div>         <\/div>             <div class=\"kksr-star\" data-star=\"5\" style=\"padding-right: 5px\">               <div class=\"kksr-icon\" style=\"width: 24px; height: 24px;\"><\/div>         <\/div>     <\/div>      <div class=\"kksr-stars-active\" style=\"width: 142.5px;\">             <div class=\"kksr-star\" style=\"padding-right: 5px\">               <div class=\"kksr-icon\" style=\"width: 24px; height: 24px;\"><\/div>         <\/div>             <div class=\"kksr-star\" style=\"padding-right: 5px\">               <div class=\"kksr-icon\" style=\"width: 24px; height: 24px;\"><\/div>         <\/div>             <div class=\"kksr-star\" style=\"padding-right: 5px\">               <div class=\"kksr-icon\" style=\"width: 24px; height: 24px;\"><\/div>         <\/div>             <div class=\"kksr-star\" style=\"padding-right: 5px\">               <div class=\"kksr-icon\" style=\"width: 24px; height: 24px;\"><\/div>         <\/div>             <div class=\"kksr-star\" style=\"padding-right: 5px\">               <div class=\"kksr-icon\" style=\"width: 24px; height: 24px;\"><\/div>         <\/div>     <\/div> <\/div>                   <div class=\"kksr-legend\" style=\"font-size: 19.2px;\">             5\/5 - (5 votos)    <\/div>     <\/div>  <p>A m\u00e1quina de pelotiza\u00e7\u00e3o Shuliy para reciclagem de pl\u00e1stico r\u00edgido oferece uma solu\u00e7\u00e3o f\u00e1cil e r\u00e1pida para usinas de reciclagem e produtores de pl\u00e1stico. O pl\u00e1stico r\u00edgido sujo, como garrafas de leite HDPE, frascos de xampu, canos, barris, tambores, brinquedos, cortes de produ\u00e7\u00e3o defeituosos, res\u00edduos de medidores el\u00e9tricos residenciais, etc., ser\u00e3o processados \u200b\u200bem gr\u00e2nulos de pl\u00e1stico pequenos e redondos por algumas m\u00e1quinas de reciclagem de pl\u00e1stico. Os produtos finais s\u00e3o gr\u00e2nulos totalmente limpos que podem ser reutilizados na fabrica\u00e7\u00e3o. Nossas m\u00e1quinas de reciclagem de pl\u00e1stico r\u00edgido t\u00eam capacidades de 100kg\/h a 500kg\/h.<\/p>    <h2 class=\"wp-block-heading\">Princ\u00edpio de reciclagem de pl\u00e1stico r\u00edgido<\/h2>    <p>Uma m\u00e1quina de pelotiza\u00e7\u00e3o de pl\u00e1stico para reciclagem de pl\u00e1stico \u00e9 adequada para produzir PP, PE, PS, ABS, PA, PVC, PC, POM e outros tipos de reciclagem de pl\u00e1stico. Depois que o pl\u00e1stico entra na rosca vindo da tremonha, o pl\u00e1stico \u00e9 transportado para frente sob a a\u00e7\u00e3o da rosca rotativa e o pl\u00e1stico s\u00f3lido solto come\u00e7a a ser compactado.<\/p>    <p>Ao mesmo tempo, sob a a\u00e7\u00e3o do anel de aquecimento fora do cilindro e o atrito constante entre o parafuso e o material dentro do cilindro, a temperatura do pl\u00e1stico aumenta continuamente e, finalmente, quando a temperatura do pl\u00e1stico atinge o ponto de fus\u00e3o , ele come\u00e7a a derreter.<\/p>    <p>No final da se\u00e7\u00e3o de compress\u00e3o, todos os materiais s\u00e3o transformados em um estado de fluxo viscoso, mas neste momento a temperatura de cada ponto ainda n\u00e3o \u00e9 uniforme, ap\u00f3s a se\u00e7\u00e3o de homogeneiza\u00e7\u00e3o da homogeneiza\u00e7\u00e3o do papel de um mais uniforme, e ent\u00e3o o parafuso ser\u00e1 o material fundido quantitativamente, extrus\u00e3o de press\u00e3o fixa e temperatura fixa na cabe\u00e7a.<\/p>    <p>A cabe\u00e7a do molde \u00e9 uma pe\u00e7a de moldagem, o material passa por ela e obt\u00e9m um tamanho fixo da tira de pl\u00e1stico e, ap\u00f3s o processo de resfriamento e corte, voc\u00ea pode obter as part\u00edculas recicladas de pl\u00e1stico moldado.<\/p>    <figure class=\"wp-block-gallery has-nested-images columns-default is-cropped wp-block-gallery-2 is-layout-flex wp-block-gallery-is-layout-flex\"> <figure class=\"wp-block-image size-large\"><img loading=\"lazy\" decoding=\"async\" width=\"720\" height=\"540\" data-id=\"894\" src=\"https:\/\/plastic-machines.org\/wp-content\/uploads\/2023\/07\/heating-device-2.webp\" alt=\"an\u00e9is de aquecimento da m\u00e1quina de pelotiza\u00e7\u00e3o\" class=\"wp-image-894\" srcset=\"https:\/\/plastic-machines.org\/wp-content\/uploads\/2023\/07\/heating-device-2.webp 720w, https:\/\/plastic-machines.org\/wp-content\/uploads\/2023\/07\/heating-device-2-300x225.webp 300w\" sizes=\"auto, (max-width: 720px) 100vw, 720px\" \/><figcaption class=\"wp-element-caption\">an\u00e9is de aquecimento<\/figcaption><\/figure>    <figure class=\"wp-block-image size-large\"><img loading=\"lazy\" decoding=\"async\" width=\"720\" height=\"540\" data-id=\"893\" src=\"https:\/\/plastic-machines.org\/wp-content\/uploads\/2023\/07\/die-head-of-plastic-pelletizer-machine.webp\" alt=\"m\u00e1quina de pelotiza\u00e7\u00e3o morre cabe\u00e7a\" class=\"wp-image-893\" srcset=\"https:\/\/plastic-machines.org\/wp-content\/uploads\/2023\/07\/die-head-of-plastic-pelletizer-machine.webp 720w, https:\/\/plastic-machines.org\/wp-content\/uploads\/2023\/07\/die-head-of-plastic-pelletizer-machine-300x225.webp 300w\" sizes=\"auto, (max-width: 720px) 100vw, 720px\" \/><figcaption class=\"wp-element-caption\">cabe\u00e7a morta<\/figcaption><\/figure> <\/figure>    <h2 class=\"wp-block-heading\">Caracter\u00edsticas da m\u00e1quina extrusora de pelotiza\u00e7\u00e3o de pl\u00e1stico r\u00edgido<\/h2>    <ul class=\"wp-block-list\"> <li>Nossa extrusora de pelotiza\u00e7\u00e3o de pl\u00e1stico r\u00edgido \u00e9 razoavelmente projetada, com alto grau de automa\u00e7\u00e3o, boa qualidade de produto, tamanho de part\u00edcula uniforme e cor pura, atendendo \u00e0s exig\u00eancias do mercado internacional.<\/li>    <li>O exterior da m\u00e1quina de pelotiza\u00e7\u00e3o de pl\u00e1stico adota uma prote\u00e7\u00e3o de seguran\u00e7a totalmente fechada, uma delas \u00e9 evitar o operador devido \u00e0 alta temperatura e escaldamento, al\u00e9m de evitar o problema de vazamento el\u00e9trico, mas tamb\u00e9m desempenha um papel na preserva\u00e7\u00e3o do calor.<\/li>    <li>A m\u00e1quina de pelotiza\u00e7\u00e3o usa motor da melhor qualidade, com a m\u00e1quina de pelotiza\u00e7\u00e3o a opera\u00e7\u00e3o em alta velocidade do motor \u00e9 a mais propensa a problemas, usamos motores da melhor qualidade da China, para garantir que o granulador possa ter uma opera\u00e7\u00e3o longa e suave.<\/li>    <li>Como o fundador da planta de pelotiza\u00e7\u00e3o de pl\u00e1stico reciclado o risco \u00e9 pequeno, o tamanho do investimento pode ser, a porta de entrada tamb\u00e9m \u00e9 baixa. Os investidores podem come\u00e7ar a partir de um<strong><a href=\"https:\/\/plastic-machines.org\/pt\/product\/plastic-recycling-granulating-line\/\"> linha de reciclagem de pelotiza\u00e7\u00e3o de pl\u00e1stico<\/a><\/strong>, mas tamb\u00e9m, ao mesmo tempo, para iniciar uma s\u00e9rie de conjuntos de m\u00e1quinas de reciclagem.<\/li> <\/ul>    <h2 class=\"wp-block-heading\">Garantia e servi\u00e7os de m\u00e1quina de pelotiza\u00e7\u00e3o de r\u00edgidos  <\/h2>    <p>Cada m\u00e1quina de reciclagem vem com uma garantia limitada. O Grupo Shuliy fornece 12 meses para nossa m\u00e1quina de pelotiza\u00e7\u00e3o de pl\u00e1stico para reciclagem de pl\u00e1stico. Tamb\u00e9m fornecemos instala\u00e7\u00e3o no local, nosso gerente de projeto ir\u00e1 ao seu pa\u00eds e o ajudar\u00e1 com a instala\u00e7\u00e3o da m\u00e1quina.<\/p>    <figure class=\"wp-block-image size-full\"><img loading=\"lazy\" decoding=\"async\" width=\"720\" height=\"540\" src=\"https:\/\/plastic-machines.org\/wp-content\/uploads\/2023\/01\/plastic-pelletizing-plant-21.webp\" alt=\"m\u00e1quinas de reciclagem de pl\u00e1stico instaladas na Ar\u00e1bia Saudita\" class=\"wp-image-697\" srcset=\"https:\/\/plastic-machines.org\/wp-content\/uploads\/2023\/01\/plastic-pelletizing-plant-21.webp 720w, https:\/\/plastic-machines.org\/wp-content\/uploads\/2023\/01\/plastic-pelletizing-plant-21-300x225.webp 300w\" sizes=\"auto, (max-width: 720px) 100vw, 720px\" \/><figcaption class=\"wp-element-caption\">m\u00e1quinas de reciclagem de pl\u00e1stico instaladas na Ar\u00e1bia Saudita<\/figcaption><\/figure>    <h2 class=\"wp-block-heading\">Imagens adicionais do pelletizador<\/h2>    <figure class=\"wp-block-image size-full\"><img loading=\"lazy\" decoding=\"async\" width=\"720\" height=\"540\" src=\"https:\/\/plastic-machines.org\/wp-content\/uploads\/2023\/07\/Plastic-pelletizing-machine-2.webp\" alt=\"m\u00e1quina de pelotiza\u00e7\u00e3o de pl\u00e1stico de dois est\u00e1gios \" class=\"wp-image-890\" srcset=\"https:\/\/plastic-machines.org\/wp-content\/uploads\/2023\/07\/Plastic-pelletizing-machine-2.webp 720w, https:\/\/plastic-machines.org\/wp-content\/uploads\/2023\/07\/Plastic-pelletizing-machine-2-300x225.webp 300w\" sizes=\"auto, (max-width: 720px) 100vw, 720px\" \/><\/figure>    <figure class=\"wp-block-image size-full\"><img loading=\"lazy\" decoding=\"async\" width=\"720\" height=\"540\" src=\"https:\/\/plastic-machines.org\/wp-content\/uploads\/2023\/07\/plastic-granulator-2.webp\" alt=\"m\u00e1quina de pelotiza\u00e7\u00e3o\" class=\"wp-image-878\" srcset=\"https:\/\/plastic-machines.org\/wp-content\/uploads\/2023\/07\/plastic-granulator-2.webp 720w, https:\/\/plastic-machines.org\/wp-content\/uploads\/2023\/07\/plastic-granulator-2-300x225.webp 300w\" sizes=\"auto, (max-width: 720px) 100vw, 720px\" \/><\/figure>    <figure class=\"wp-block-image size-full\"><img loading=\"lazy\" decoding=\"async\" width=\"720\" height=\"540\" src=\"https:\/\/plastic-machines.org\/wp-content\/uploads\/2023\/07\/hdpe-granules-making-machine-2.webp\" alt=\"peletizador com sistema de resfriamento e corte\" class=\"wp-image-859\" srcset=\"https:\/\/plastic-machines.org\/wp-content\/uploads\/2023\/07\/hdpe-granules-making-machine-2.webp 720w, https:\/\/plastic-machines.org\/wp-content\/uploads\/2023\/07\/hdpe-granules-making-machine-2-300x225.webp 300w\" sizes=\"auto, (max-width: 720px) 100vw, 720px\" \/><figcaption class=\"wp-element-caption\">M\u00e1quina extrusora de pelotiza\u00e7\u00e3o para reciclagem de pl\u00e1stico r\u00edgido<\/figcaption><\/figure>    <h2 class=\"wp-block-heading\">Pedidos de informa\u00e7\u00e3o para m\u00e1quina de pelletizar pl\u00e1stico r\u00edgido<\/h2>    <p>Para obter pre\u00e7os limitados e prazos de entrega da m\u00e1quina de pelletizar, envie-nos uma mensagem usando o formul\u00e1rio no canto inferior direito.<\/p>    <p class=\"translation-block\">O nosso gestor de vendas profissional ficar\u00e1 feliz em enviar-lhe brevemente os detalhes da maquinaria de reciclagem. Conhe\u00e7a mais m\u00e1quinas para reciclar pl\u00e1stico: <a href=\"https:\/\/plastic-machines.org\/pt\/info\/what-machines-are-used-to-recycle-plastic\/\">M\u00e1quinas usadas para reciclar pl\u00e1stico<\/a><\/p>","protected":false},"excerpt":{"rendered":"<p>Shuliy pelletization machine for rigid plastic recycling offers an easy and quick solution for recycling plants and plastic producers. The dirty rigid plastic like HDPE milk bottles, shampoo bottles, pipes, barrels, drums, toys, defective production cut-offs, waste residential electric meters, etc., they will be processed to small and round plastic granules by some plastic recycling [&hellip;]<\/p>\n","protected":false},"author":1,"featured_media":891,"parent":0,"template":"","tags":[51],"product-type":[9],"class_list":["post-822","product","type-product","status-publish","has-post-thumbnail","hentry","tag-rigid","product-type-plastic-pelletizer"],"taxonomy_info":{"post_tag":[{"value":51,"label":"rigid"}],"product-type":[{"value":9,"label":"Plastic Pelletizer"}]},"featured_image_src_large":["https:\/\/plastic-machines.org\/wp-content\/uploads\/2023\/07\/Plastic-pelletizing-machine.webp",720,540,false],"author_info":{"display_name":"Ella","author_link":"https:\/\/plastic-machines.org\/pt\/author\/admin\/"},"comment_info":"","_links":{"self":[{"href":"https:\/\/plastic-machines.org\/pt\/wp-json\/wp\/v2\/product\/822","targetHints":{"allow":["GET"]}}],"collection":[{"href":"https:\/\/plastic-machines.org\/pt\/wp-json\/wp\/v2\/product"}],"about":[{"href":"https:\/\/plastic-machines.org\/pt\/wp-json\/wp\/v2\/types\/product"}],"author":[{"embeddable":true,"href":"https:\/\/plastic-machines.org\/pt\/wp-json\/wp\/v2\/users\/1"}],"wp:featuredmedia":[{"embeddable":true,"href":"https:\/\/plastic-machines.org\/pt\/wp-json\/wp\/v2\/media\/891"}],"wp:attachment":[{"href":"https:\/\/plastic-machines.org\/pt\/wp-json\/wp\/v2\/media?parent=822"}],"wp:term":[{"taxonomy":"post_tag","embeddable":true,"href":"https:\/\/plastic-machines.org\/pt\/wp-json\/wp\/v2\/tags?post=822"},{"taxonomy":"product-type","embeddable":true,"href":"https:\/\/plastic-machines.org\/pt\/wp-json\/wp\/v2\/product-type?post=822"}],"curies":[{"name":"wp","href":"https:\/\/api.w.org\/{rel}","templated":true}]}}