{"id":725,"date":"2023-05-15T14:18:41","date_gmt":"2023-05-15T06:18:41","guid":{"rendered":"https:\/\/plastic-machines.org\/?post_type=product&#038;p=725"},"modified":"2026-03-24T09:51:05","modified_gmt":"2026-03-24T01:51:05","slug":"plastic-granule-cutter","status":"publish","type":"product","link":"https:\/\/plastic-machines.org\/pt\/product\/plastic-granule-cutter\/","title":{"rendered":"Cortador de gr\u00e2nulos de pl\u00e1stico para pelotiza\u00e7\u00e3o de fios"},"content":{"rendered":"<div class=\"kk-star-ratings kksr-auto kksr-align-left kksr-valign-top\"     data-payload='{&quot;align&quot;:&quot;left&quot;,&quot;id&quot;:&quot;725&quot;,&quot;slug&quot;:&quot;default&quot;,&quot;valign&quot;:&quot;top&quot;,&quot;ignore&quot;:&quot;&quot;,&quot;reference&quot;:&quot;auto&quot;,&quot;class&quot;:&quot;&quot;,&quot;count&quot;:&quot;2&quot;,&quot;legendonly&quot;:&quot;&quot;,&quot;readonly&quot;:&quot;&quot;,&quot;score&quot;:&quot;4.5&quot;,&quot;starsonly&quot;:&quot;&quot;,&quot;best&quot;:&quot;5&quot;,&quot;gap&quot;:&quot;5&quot;,&quot;greet&quot;:&quot;Rate this product&quot;,&quot;legend&quot;:&quot;4.5\\\/5 - (2 votes)&quot;,&quot;size&quot;:&quot;24&quot;,&quot;title&quot;:&quot;Plastic Granule Cutter for Strand Pelletizing&quot;,&quot;width&quot;:&quot;128&quot;,&quot;_legend&quot;:&quot;{score}\\\/{best} - ({count} {votes})&quot;,&quot;font_factor&quot;:&quot;1.25&quot;}'>              <div class=\"kksr-stars\">      <div class=\"kksr-stars-inactive\">             <div class=\"kksr-star\" data-star=\"1\" style=\"padding-right: 5px\">               <div class=\"kksr-icon\" style=\"width: 24px; height: 24px;\"><\/div>         <\/div>             <div class=\"kksr-star\" data-star=\"2\" style=\"padding-right: 5px\">               <div class=\"kksr-icon\" style=\"width: 24px; height: 24px;\"><\/div>         <\/div>             <div class=\"kksr-star\" data-star=\"3\" style=\"padding-right: 5px\">               <div class=\"kksr-icon\" style=\"width: 24px; height: 24px;\"><\/div>         <\/div>             <div class=\"kksr-star\" data-star=\"4\" style=\"padding-right: 5px\">               <div class=\"kksr-icon\" style=\"width: 24px; height: 24px;\"><\/div>         <\/div>             <div class=\"kksr-star\" data-star=\"5\" style=\"padding-right: 5px\">               <div class=\"kksr-icon\" style=\"width: 24px; height: 24px;\"><\/div>         <\/div>     <\/div>      <div class=\"kksr-stars-active\" style=\"width: 128px;\">             <div class=\"kksr-star\" style=\"padding-right: 5px\">               <div class=\"kksr-icon\" style=\"width: 24px; height: 24px;\"><\/div>         <\/div>             <div class=\"kksr-star\" style=\"padding-right: 5px\">               <div class=\"kksr-icon\" style=\"width: 24px; height: 24px;\"><\/div>         <\/div>             <div class=\"kksr-star\" style=\"padding-right: 5px\">               <div class=\"kksr-icon\" style=\"width: 24px; height: 24px;\"><\/div>         <\/div>             <div class=\"kksr-star\" style=\"padding-right: 5px\">               <div class=\"kksr-icon\" style=\"width: 24px; height: 24px;\"><\/div>         <\/div>             <div class=\"kksr-star\" style=\"padding-right: 5px\">               <div class=\"kksr-icon\" style=\"width: 24px; height: 24px;\"><\/div>         <\/div>     <\/div> <\/div>                   <div class=\"kksr-legend\" style=\"font-size: 19.2px;\">             4.5\/5 - (2 votos)    <\/div>     <\/div>  <p>O cortador de gr\u00e2nulos de pl\u00e1stico \u00e9 uma m\u00e1quina auxiliar indispens\u00e1vel para a linha de granula\u00e7\u00e3o de pl\u00e1stico. Os cortadores de gr\u00e2nulos de pl\u00e1stico Shuliy foram exportados para muitos pa\u00edses do mundo para apoiar seus neg\u00f3cios de reciclagem de pl\u00e1stico. Os gr\u00e2nulos pl\u00e1sticos finais s\u00e3o de alta qualidade e lucros rent\u00e1veis, trazendo aos nossos clientes enormes margens econ\u00f3micas.<\/p>   <div class=\"wp-block-image\"> <figure class=\"aligncenter size-full\"><img loading=\"lazy\" decoding=\"async\" width=\"720\" height=\"540\" src=\"https:\/\/plastic-machines.org\/wp-content\/uploads\/2023\/05\/plastic-dana-cutter-.webp\" alt=\"cortador de pl\u00e1stico dana\" class=\"wp-image-733\" srcset=\"https:\/\/plastic-machines.org\/wp-content\/uploads\/2023\/05\/plastic-dana-cutter-.webp 720w, https:\/\/plastic-machines.org\/wp-content\/uploads\/2023\/05\/plastic-dana-cutter--300x225.webp 300w\" sizes=\"auto, (max-width: 720px) 100vw, 720px\" \/><figcaption class=\"wp-element-caption\">cortador de pl\u00e1stico dana<\/figcaption><\/figure> <\/div>   <h2 class=\"wp-block-heading\">Introdu\u00e7\u00e3o ao cortador de gr\u00e2nulos de pl\u00e1stico<\/h2>    <p>O cortador de gr\u00e2nulos de pl\u00e1stico \u00e9 utilizado numa linha de produ\u00e7\u00e3o de pellets de pl\u00e1stico, cortando o pl\u00e1stico de forma perfeita no final da linha. A m\u00e1quina cortadora de gr\u00e2nulos \u00e9 adequada para PP, PE, HDPE, LDPE, ABS, PVC e outros pl\u00e1sticos. A longa tira de pl\u00e1stico ser\u00e1 cortada por uma l\u00e2mina rotativa e uma l\u00e2mina fixa. Depois, os grandes peda\u00e7os de pl\u00e1stico descartado ser\u00e3o transformados em pequenos pellets para processamento ou reutiliza\u00e7\u00e3o subsequente. Pode escolher entre muitos modelos diferentes com voltagens distintas, que tamb\u00e9m podem ser personalizados.<\/p>    <h2 class=\"wp-block-heading\">Exibi\u00e7\u00e3o da m\u00e1quina cortadora de pl\u00e1stico dana<\/h2>    <figure class=\"wp-block-gallery has-nested-images columns-default is-cropped wp-block-gallery-2 is-layout-flex wp-block-gallery-is-layout-flex\"> <figure class=\"wp-block-image size-large\"><img loading=\"lazy\" decoding=\"async\" width=\"720\" height=\"540\" data-id=\"731\" src=\"https:\/\/plastic-machines.org\/wp-content\/uploads\/2023\/05\/Plastic-granule-cutter-21.webp\" alt=\"Cortador de gr\u00e2nulos de pl\u00e1stico \" class=\"wp-image-731\" srcset=\"https:\/\/plastic-machines.org\/wp-content\/uploads\/2023\/05\/Plastic-granule-cutter-21.webp 720w, https:\/\/plastic-machines.org\/wp-content\/uploads\/2023\/05\/Plastic-granule-cutter-21-300x225.webp 300w\" sizes=\"auto, (max-width: 720px) 100vw, 720px\" \/><figcaption class=\"wp-element-caption\">Cortador de gr\u00e2nulos de pl\u00e1stico <\/figcaption><\/figure>    <figure class=\"wp-block-image size-large\"><img loading=\"lazy\" decoding=\"async\" width=\"720\" height=\"540\" data-id=\"728\" src=\"https:\/\/plastic-machines.org\/wp-content\/uploads\/2023\/05\/plastic-granule-cutter-machine1.webp\" alt=\"m\u00e1quina de corte de gr\u00e2nulos de pl\u00e1stico\" class=\"wp-image-728\" srcset=\"https:\/\/plastic-machines.org\/wp-content\/uploads\/2023\/05\/plastic-granule-cutter-machine1.webp 720w, https:\/\/plastic-machines.org\/wp-content\/uploads\/2023\/05\/plastic-granule-cutter-machine1-300x225.webp 300w\" sizes=\"auto, (max-width: 720px) 100vw, 720px\" \/><figcaption class=\"wp-element-caption\">m\u00e1quina de corte de gr\u00e2nulos de pl\u00e1stico<\/figcaption><\/figure> <\/figure>    <figure class=\"wp-block-gallery has-nested-images columns-default is-cropped wp-block-gallery-3 is-layout-flex wp-block-gallery-is-layout-flex\"> <figure class=\"wp-block-image size-large\"><img loading=\"lazy\" decoding=\"async\" width=\"720\" height=\"540\" data-id=\"732\" src=\"https:\/\/plastic-machines.org\/wp-content\/uploads\/2023\/05\/Plastic-granule-cutter-1.webp\" alt=\"cortador de gr\u00e2nulos de pl\u00e1stico\" class=\"wp-image-732\" srcset=\"https:\/\/plastic-machines.org\/wp-content\/uploads\/2023\/05\/Plastic-granule-cutter-1.webp 720w, https:\/\/plastic-machines.org\/wp-content\/uploads\/2023\/05\/Plastic-granule-cutter-1-300x225.webp 300w\" sizes=\"auto, (max-width: 720px) 100vw, 720px\" \/><figcaption class=\"wp-element-caption\">cortador de gr\u00e2nulos de pl\u00e1stico<\/figcaption><\/figure>    <figure class=\"wp-block-image size-large\"><img loading=\"lazy\" decoding=\"async\" width=\"720\" height=\"540\" data-id=\"729\" src=\"https:\/\/plastic-machines.org\/wp-content\/uploads\/2023\/05\/Plastic-Strip-Cutting-Machine1.webp\" alt=\"m\u00e1quina de corte de tiras de pl\u00e1stico\" class=\"wp-image-729\" srcset=\"https:\/\/plastic-machines.org\/wp-content\/uploads\/2023\/05\/Plastic-Strip-Cutting-Machine1.webp 720w, https:\/\/plastic-machines.org\/wp-content\/uploads\/2023\/05\/Plastic-Strip-Cutting-Machine1-300x225.webp 300w\" sizes=\"auto, (max-width: 720px) 100vw, 720px\" \/><figcaption class=\"wp-element-caption\">m\u00e1quina de corte de tiras de pl\u00e1stico<\/figcaption><\/figure> <\/figure>    <h2 class=\"wp-block-heading\">Caracter\u00edsticas da m\u00e1quina cortadora de gr\u00e2nulos de pl\u00e1stico<\/h2>    <ul class=\"wp-block-list\"> <li>Alta efici\u00eancia: A m\u00e1quina de corte de tiras de pl\u00e1stico adota l\u00e2minas rotativas de alta velocidade, que podem cortar materiais pl\u00e1sticos rapidamente e obter corte de alta efici\u00eancia.<\/li>    <li>Alto grau de automa\u00e7\u00e3o: a m\u00e1quina de corte de pellets de pl\u00e1stico geralmente possui um sistema de controle autom\u00e1tico, que pode completar automaticamente o processo de alimenta\u00e7\u00e3o, corte e descarga, reduzindo a interven\u00e7\u00e3o manual e melhorando a efici\u00eancia da produ\u00e7\u00e3o.<\/li>    <li>Tamanho de corte ajust\u00e1vel: O espa\u00e7amento e o \u00e2ngulo da l\u00e2mina da m\u00e1quina de corte de tiras de pl\u00e1stico podem ser ajustados para obter efeitos de corte de diferentes tamanhos para atender \u00e0s necessidades de diferentes clientes.<\/li>    <li>Alta seguran\u00e7a: O cortador de gr\u00e2nulos de pl\u00e1stico geralmente possui m\u00faltiplas medidas de prote\u00e7\u00e3o de seguran\u00e7a, como prote\u00e7\u00e3o contra sobrecarga, parada de emerg\u00eancia, etc., para garantir a seguran\u00e7a dos operadores da planta de reciclagem de pl\u00e1stico.<\/li>    <li>Manuten\u00e7\u00e3o simples: a m\u00e1quina utiliza l\u00e2minas de liga de a\u00e7o, sem necessidade de afiar e polir as l\u00e2minas dentro de um ano. A estrutura da m\u00e1quina cortadora de gr\u00e2nulos de pl\u00e1stico \u00e9 simples e f\u00e1cil de manter, substituir a l\u00e2mina e limpar a m\u00e1quina tamb\u00e9m s\u00e3o relativamente f\u00e1ceis.<\/li> <\/ul>    <h2 class=\"wp-block-heading\">Par\u00e2metros da m\u00e1quina de corte de pellets de pl\u00e1stico<\/h2>    <p>A m\u00e1quina de corte de pellets de pl\u00e1stico tem esse nome pela largura das facas, por exemplo, o modelo SL-260, a largura de suas facas \u00e9 de 260 mm. Os dados a seguir s\u00e3o os par\u00e2metros b\u00e1sicos do cortador de gr\u00e2nulos de pl\u00e1stico, fique \u00e0 vontade para deixar suas necessidades em nosso site, e nosso gerente de vendas ter\u00e1 prazer em ajud\u00e1-lo a escolher o modelo mais adequado para voc\u00ea.<\/p>    <figure class=\"wp-block-table\"><table><tbody><tr><td>Modelo<\/td><td>Pot\u00eancia (kw)<\/td><td>Largura das facas (mm)<\/td><td>Tipo de facas<\/td><\/tr><tr><td>SL-180<\/td><td>3<\/td><td>180<\/td><td>Fog\u00e3o<\/td><\/tr><tr><td>SL-220<\/td><td>5.5<\/td><td>220<\/td><td>Fog\u00e3o<\/td><\/tr><tr><td>SL-260<\/td><td>5.5<\/td><td>260<\/td><td>Fog\u00e3o<\/td><\/tr><\/tbody><\/table><\/figure>    <h2 class=\"wp-block-heading\">Linha de reciclagem relacionada de m\u00e1quina de corte de tiras de pl\u00e1stico  <\/h2>    <p class=\"translation-block\">Um cortador de dana de pl\u00e1stico \u00e9 geralmente usado em combina\u00e7\u00e3o com outros equipamentos de reciclagem de pl\u00e1stico para formar uma linha completa de<strong><a href=\"https:\/\/plastic-machines.org\/pt\/product\/plastic-recycling-granulating-line\/\">produ\u00e7\u00e3o de pellets de pl\u00e1stico<\/a><\/strong>. Por exemplo, uma m\u00e1quina de corte de pellets de pl\u00e1stico \u00e9 geralmente utilizada em conjunto com uma <strong><a href=\"https:\/\/plastic-machines.org\/pt\/products\/plastic-cleaning-drying-equipment\/\">m\u00e1quina de lavar<\/a><\/strong> e um <strong><a href=\"https:\/\/plastic-machines.org\/pt\/product\/plastic-extruder-machine\/\">granulador de pl\u00e1stico<\/a><\/strong>. A m\u00e1quina de lavar pl\u00e1sticos primeiro limpa o pl\u00e1stico recicl\u00e1vel, e em seguida, o granulador de pl\u00e1stico derrete e granula o pl\u00e1stico em altas temperaturas. <\/p>   <div class=\"wp-block-image\"> <figure class=\"aligncenter size-full\"><img loading=\"lazy\" decoding=\"async\" width=\"720\" height=\"540\" src=\"https:\/\/plastic-machines.org\/wp-content\/uploads\/2023\/01\/Plastic-recycling-factory-Suadi-Arabia1.webp\" alt=\"planta de reciclagem de pl\u00e1stico\" class=\"wp-image-700\" srcset=\"https:\/\/plastic-machines.org\/wp-content\/uploads\/2023\/01\/Plastic-recycling-factory-Suadi-Arabia1.webp 720w, https:\/\/plastic-machines.org\/wp-content\/uploads\/2023\/01\/Plastic-recycling-factory-Suadi-Arabia1-300x225.webp 300w\" sizes=\"auto, (max-width: 720px) 100vw, 720px\" \/><\/figure> <\/div>   <p>Os pellets de pl\u00e1stico precisam ser finalmente processados \u200b\u200bem pequenos pellets pelo cortador de gr\u00e2nulos de pl\u00e1stico. Esses pellets de pl\u00e1stico reciclado s\u00e3o as mat\u00e9rias-primas que podem ser usadas para produzir produtos pl\u00e1sticos.<\/p>    <p>A linha de reciclagem tamb\u00e9m pode ser equipada com transportadores de pl\u00e1stico, trituradores de pl\u00e1stico, m\u00e1quinas de secagem de pl\u00e1stico e outros equipamentos para transportar, triturar e secar o pl\u00e1stico para garantir a qualidade dos pellets de pl\u00e1stico. Ao usar essas m\u00e1quinas em conjunto, os res\u00edduos de pl\u00e1stico podem ser reciclados de forma eficiente e gerar mais lucro para os fabricantes de pellets de pl\u00e1stico.<\/p>    <h2 class=\"wp-block-heading\">Casos de sucesso de cortador de gr\u00e2nulos de pl\u00e1stico<\/h2>    <h3 class=\"wp-block-heading\">A m\u00e1quina cortadora de pellets de pl\u00e1stico instalada na Ar\u00e1bia Saudita <\/h3>    <figure class=\"wp-block-gallery has-nested-images columns-default is-cropped wp-block-gallery-4 is-layout-flex wp-block-gallery-is-layout-flex\"> <figure class=\"wp-block-image size-large\"><img loading=\"lazy\" decoding=\"async\" width=\"720\" height=\"540\" data-id=\"700\" src=\"https:\/\/plastic-machines.org\/wp-content\/uploads\/2023\/01\/Plastic-recycling-factory-Suadi-Arabia1.webp\" alt=\"planta de reciclagem de pl\u00e1stico\" class=\"wp-image-700\" srcset=\"https:\/\/plastic-machines.org\/wp-content\/uploads\/2023\/01\/Plastic-recycling-factory-Suadi-Arabia1.webp 720w, https:\/\/plastic-machines.org\/wp-content\/uploads\/2023\/01\/Plastic-recycling-factory-Suadi-Arabia1-300x225.webp 300w\" sizes=\"auto, (max-width: 720px) 100vw, 720px\" \/><\/figure>    <figure class=\"wp-block-image size-large\"><img loading=\"lazy\" decoding=\"async\" width=\"720\" height=\"540\" data-id=\"621\" src=\"https:\/\/plastic-machines.org\/wp-content\/uploads\/2022\/12\/plastic-pellet-cutter.webp\" alt=\"cortador de pelotas de pl\u00e1stico\" class=\"wp-image-621\" srcset=\"https:\/\/plastic-machines.org\/wp-content\/uploads\/2022\/12\/plastic-pellet-cutter.webp 720w, https:\/\/plastic-machines.org\/wp-content\/uploads\/2022\/12\/plastic-pellet-cutter-300x225.webp 300w\" sizes=\"auto, (max-width: 720px) 100vw, 720px\" \/><figcaption class=\"wp-element-caption\">cortador de pelotas de pl\u00e1stico<\/figcaption><\/figure> <\/figure>    <h3 class=\"wp-block-heading\">M\u00e1quina de corte de gr\u00e2nulos de pl\u00e1stico enviada para Mo\u00e7ambique<\/h3>    <figure class=\"wp-block-gallery has-nested-images columns-default is-cropped wp-block-gallery-5 is-layout-flex wp-block-gallery-is-layout-flex\"> <figure class=\"wp-block-image size-large\"><img loading=\"lazy\" decoding=\"async\" width=\"540\" height=\"720\" data-id=\"670\" src=\"https:\/\/plastic-machines.org\/wp-content\/uploads\/2023\/01\/industrial-plastic-granulator-shipped-to-Mozambique1.webp\" alt=\"granulador de pl\u00e1stico industrial enviado para Mo\u00e7ambique\" class=\"wp-image-670\" srcset=\"https:\/\/plastic-machines.org\/wp-content\/uploads\/2023\/01\/industrial-plastic-granulator-shipped-to-Mozambique1.webp 540w, https:\/\/plastic-machines.org\/wp-content\/uploads\/2023\/01\/industrial-plastic-granulator-shipped-to-Mozambique1-225x300.webp 225w\" sizes=\"auto, (max-width: 540px) 100vw, 540px\" \/><figcaption class=\"wp-element-caption\">granulador de pl\u00e1stico industrial enviado para Mo\u00e7ambique<\/figcaption><\/figure>    <figure class=\"wp-block-image size-large\"><img loading=\"lazy\" decoding=\"async\" width=\"540\" height=\"720\" data-id=\"674\" src=\"https:\/\/plastic-machines.org\/wp-content\/uploads\/2023\/01\/top-10-plastic-granulators1.webp\" alt=\"M\u00e1quina de reciclagem de pl\u00e1stico de Mo\u00e7ambique\" class=\"wp-image-674\" srcset=\"https:\/\/plastic-machines.org\/wp-content\/uploads\/2023\/01\/top-10-plastic-granulators1.webp 540w, https:\/\/plastic-machines.org\/wp-content\/uploads\/2023\/01\/top-10-plastic-granulators1-225x300.webp 225w\" sizes=\"auto, (max-width: 540px) 100vw, 540px\" \/><figcaption class=\"wp-element-caption\">M\u00e1quina de reciclagem de pl\u00e1stico de Mo\u00e7ambique<\/figcaption><\/figure> <\/figure>    <h3 class=\"wp-block-heading\">M\u00e1quina cortadora de gr\u00e2nulos de pl\u00e1stico enviada para a Eti\u00f3pia<\/h3>    <figure class=\"wp-block-gallery has-nested-images columns-default is-cropped wp-block-gallery-6 is-layout-flex wp-block-gallery-is-layout-flex\"> <figure class=\"wp-block-image size-large\"><img loading=\"lazy\" decoding=\"async\" width=\"540\" height=\"720\" data-id=\"585\" src=\"https:\/\/plastic-machines.org\/wp-content\/uploads\/2022\/07\/pellet-cutting-machine.webp\" alt=\"m\u00e1quina de corte de pelotas\" class=\"wp-image-585\" srcset=\"https:\/\/plastic-machines.org\/wp-content\/uploads\/2022\/07\/pellet-cutting-machine.webp 540w, https:\/\/plastic-machines.org\/wp-content\/uploads\/2022\/07\/pellet-cutting-machine-225x300.webp 225w\" sizes=\"auto, (max-width: 540px) 100vw, 540px\" \/><figcaption class=\"wp-element-caption\">m\u00e1quina de corte de pelotas<\/figcaption><\/figure>    <figure class=\"wp-block-image size-large\"><img loading=\"lazy\" decoding=\"async\" width=\"540\" height=\"720\" data-id=\"582\" src=\"https:\/\/plastic-machines.org\/wp-content\/uploads\/2022\/07\/delivery.webp\" alt=\"M\u00e1quina cortadora de gr\u00e2nulos de pl\u00e1stico\" class=\"wp-image-582\" srcset=\"https:\/\/plastic-machines.org\/wp-content\/uploads\/2022\/07\/delivery.webp 540w, https:\/\/plastic-machines.org\/wp-content\/uploads\/2022\/07\/delivery-225x300.webp 225w\" sizes=\"auto, (max-width: 540px) 100vw, 540px\" \/><figcaption class=\"wp-element-caption\">M\u00e1quina cortadora de gr\u00e2nulos de pl\u00e1stico<\/figcaption><\/figure> <\/figure>    <h3 class=\"wp-block-heading\">Cortador de pl\u00e1stico dana enviado para a Tanz\u00e2nia<\/h3>    <figure class=\"wp-block-gallery has-nested-images columns-default is-cropped wp-block-gallery-7 is-layout-flex wp-block-gallery-is-layout-flex\"> <figure class=\"wp-block-image size-large\"><img loading=\"lazy\" decoding=\"async\" width=\"720\" height=\"540\" data-id=\"437\" src=\"https:\/\/plastic-machines.org\/wp-content\/uploads\/2022\/09\/plastic-pelletizer-machine.webp\" alt=\"m\u00e1quina peletizadora de pl\u00e1stico\" class=\"wp-image-437\" srcset=\"https:\/\/plastic-machines.org\/wp-content\/uploads\/2022\/09\/plastic-pelletizer-machine.webp 720w, https:\/\/plastic-machines.org\/wp-content\/uploads\/2022\/09\/plastic-pelletizer-machine-300x225.webp 300w\" sizes=\"auto, (max-width: 720px) 100vw, 720px\" \/><figcaption class=\"wp-element-caption\">m\u00e1quina peletizadora de pl\u00e1stico<\/figcaption><\/figure>    <figure class=\"wp-block-image size-large\"><img loading=\"lazy\" decoding=\"async\" width=\"720\" height=\"540\" data-id=\"439\" src=\"https:\/\/plastic-machines.org\/wp-content\/uploads\/2022\/07\/plastic-recycling-machine1.webp\" alt=\"M\u00e1quina de reciclagem de pl\u00e1stico na Tanz\u00e2nia\" class=\"wp-image-439\" srcset=\"https:\/\/plastic-machines.org\/wp-content\/uploads\/2022\/07\/plastic-recycling-machine1.webp 720w, https:\/\/plastic-machines.org\/wp-content\/uploads\/2022\/07\/plastic-recycling-machine1-300x225.webp 300w\" sizes=\"auto, (max-width: 720px) 100vw, 720px\" \/><figcaption class=\"wp-element-caption\">M\u00e1quina de reciclagem de pl\u00e1stico na Tanz\u00e2nia<\/figcaption><\/figure> <\/figure>    <p class=\"translation-block\">Quer saber mais sobre o processo de reciclagem de pl\u00e1stico: <a href=\"https:\/\/plastic-machines.org\/pt\/info\/what-machines-are-used-to-recycle-plastic\/\">as m\u00e1quinas s\u00e3o usadas para reciclar pl\u00e1stico<\/a><\/p>","protected":false},"excerpt":{"rendered":"<p>The plastic granule cutter is an indispensable auxiliary machine for the plastic granulating line. Shuliy plastic granule cutters have been exported to many countries in the world to support their plastic recycling businesses. The final plastic granules are of high quality and profitable profits, bringing our customers huge economic margins. Plastic granule cutter introduction The [&hellip;]<\/p>\n","protected":false},"author":1,"featured_media":726,"parent":0,"template":"","tags":[50],"product-type":[9],"class_list":["post-725","product","type-product","status-publish","has-post-thumbnail","hentry","tag-pellet","product-type-plastic-pelletizer"],"taxonomy_info":{"post_tag":[{"value":50,"label":"pellet"}],"product-type":[{"value":9,"label":"Plastic Pelletizer"}]},"featured_image_src_large":["https:\/\/plastic-machines.org\/wp-content\/uploads\/2023\/05\/pellet-cutting-machine1.webp",720,540,false],"author_info":{"display_name":"Ella","author_link":"https:\/\/plastic-machines.org\/pt\/author\/admin\/"},"comment_info":"","_links":{"self":[{"href":"https:\/\/plastic-machines.org\/pt\/wp-json\/wp\/v2\/product\/725","targetHints":{"allow":["GET"]}}],"collection":[{"href":"https:\/\/plastic-machines.org\/pt\/wp-json\/wp\/v2\/product"}],"about":[{"href":"https:\/\/plastic-machines.org\/pt\/wp-json\/wp\/v2\/types\/product"}],"author":[{"embeddable":true,"href":"https:\/\/plastic-machines.org\/pt\/wp-json\/wp\/v2\/users\/1"}],"wp:featuredmedia":[{"embeddable":true,"href":"https:\/\/plastic-machines.org\/pt\/wp-json\/wp\/v2\/media\/726"}],"wp:attachment":[{"href":"https:\/\/plastic-machines.org\/pt\/wp-json\/wp\/v2\/media?parent=725"}],"wp:term":[{"taxonomy":"post_tag","embeddable":true,"href":"https:\/\/plastic-machines.org\/pt\/wp-json\/wp\/v2\/tags?post=725"},{"taxonomy":"product-type","embeddable":true,"href":"https:\/\/plastic-machines.org\/pt\/wp-json\/wp\/v2\/product-type?post=725"}],"curies":[{"name":"wp","href":"https:\/\/api.w.org\/{rel}","templated":true}]}}