{"id":678,"date":"2023-01-17T15:59:08","date_gmt":"2023-01-17T07:59:08","guid":{"rendered":"https:\/\/plastic-machines.org\/?post_type=product&#038;p=678"},"modified":"2025-11-10T10:55:17","modified_gmt":"2025-11-10T02:55:17","slug":"plastic-baler-machine","status":"publish","type":"product","link":"https:\/\/plastic-machines.org\/pt\/product\/plastic-baler-machine\/","title":{"rendered":"Compactador de m\u00e1quina enfardadeira de pl\u00e1stico para reciclagem de pl\u00e1stico"},"content":{"rendered":"<div class=\"kk-star-ratings kksr-auto kksr-align-left kksr-valign-top\"     data-payload='{&quot;align&quot;:&quot;left&quot;,&quot;id&quot;:&quot;678&quot;,&quot;slug&quot;:&quot;default&quot;,&quot;valign&quot;:&quot;top&quot;,&quot;ignore&quot;:&quot;&quot;,&quot;reference&quot;:&quot;auto&quot;,&quot;class&quot;:&quot;&quot;,&quot;count&quot;:&quot;3&quot;,&quot;legendonly&quot;:&quot;&quot;,&quot;readonly&quot;:&quot;&quot;,&quot;score&quot;:&quot;5&quot;,&quot;starsonly&quot;:&quot;&quot;,&quot;best&quot;:&quot;5&quot;,&quot;gap&quot;:&quot;5&quot;,&quot;greet&quot;:&quot;Rate this product&quot;,&quot;legend&quot;:&quot;5\\\/5 - (3 votes)&quot;,&quot;size&quot;:&quot;24&quot;,&quot;title&quot;:&quot;Plastic Baler Machine Compactor for Plastic Recycling&quot;,&quot;width&quot;:&quot;142.5&quot;,&quot;_legend&quot;:&quot;{score}\\\/{best} - ({count} {votes})&quot;,&quot;font_factor&quot;:&quot;1.25&quot;}'>              <div class=\"kksr-stars\">      <div class=\"kksr-stars-inactive\">             <div class=\"kksr-star\" data-star=\"1\" style=\"padding-right: 5px\">               <div class=\"kksr-icon\" style=\"width: 24px; height: 24px;\"><\/div>         <\/div>             <div class=\"kksr-star\" data-star=\"2\" style=\"padding-right: 5px\">               <div class=\"kksr-icon\" style=\"width: 24px; height: 24px;\"><\/div>         <\/div>             <div class=\"kksr-star\" data-star=\"3\" style=\"padding-right: 5px\">               <div class=\"kksr-icon\" style=\"width: 24px; height: 24px;\"><\/div>         <\/div>             <div class=\"kksr-star\" data-star=\"4\" style=\"padding-right: 5px\">               <div class=\"kksr-icon\" style=\"width: 24px; height: 24px;\"><\/div>         <\/div>             <div class=\"kksr-star\" data-star=\"5\" style=\"padding-right: 5px\">               <div class=\"kksr-icon\" style=\"width: 24px; height: 24px;\"><\/div>         <\/div>     <\/div>      <div class=\"kksr-stars-active\" style=\"width: 142.5px;\">             <div class=\"kksr-star\" style=\"padding-right: 5px\">               <div class=\"kksr-icon\" style=\"width: 24px; height: 24px;\"><\/div>         <\/div>             <div class=\"kksr-star\" style=\"padding-right: 5px\">               <div class=\"kksr-icon\" style=\"width: 24px; height: 24px;\"><\/div>         <\/div>             <div class=\"kksr-star\" style=\"padding-right: 5px\">               <div class=\"kksr-icon\" style=\"width: 24px; height: 24px;\"><\/div>         <\/div>             <div class=\"kksr-star\" style=\"padding-right: 5px\">               <div class=\"kksr-icon\" style=\"width: 24px; height: 24px;\"><\/div>         <\/div>             <div class=\"kksr-star\" style=\"padding-right: 5px\">               <div class=\"kksr-icon\" style=\"width: 24px; height: 24px;\"><\/div>         <\/div>     <\/div> <\/div>                   <div class=\"kksr-legend\" style=\"font-size: 19.2px;\">             5\/5 - (3 votos)    <\/div>     <\/div>  <p>Nossa enfardadeira de pl\u00e1stico \u00e9 comum em f\u00e1bricas e esta\u00e7\u00f5es de reciclagem de pl\u00e1stico, tamb\u00e9m \u00e9 chamada de compactador de pl\u00e1stico, que \u00e9 usado para compactar res\u00edduos como garrafas PET vazias, sacos pl\u00e1sticos e filmes. O Grupo Shuliy fornece dois tipos de enfardadeiras de pl\u00e1stico, s\u00e3o do tipo vertical e horizontal, ambas com placas de a\u00e7o importadas de alta qualidade e outros acess\u00f3rios importados para melhorar a efici\u00eancia do trabalho e longa vida \u00fatil, que s\u00e3o populares no mercado.<\/p>    <figure class=\"wp-block-gallery has-nested-images columns-default is-cropped wp-block-gallery-2 is-layout-flex wp-block-gallery-is-layout-flex\"> <figure class=\"wp-block-image size-large\"><img loading=\"lazy\" decoding=\"async\" width=\"720\" height=\"540\" data-id=\"1312\" src=\"https:\/\/plastic-machines.org\/wp-content\/uploads\/2023\/01\/plastic-packer2.webp\" alt=\"enfardadeira de pl\u00e1stico vertical\" class=\"wp-image-1312\" srcset=\"https:\/\/plastic-machines.org\/wp-content\/uploads\/2023\/01\/plastic-packer2.webp 720w, https:\/\/plastic-machines.org\/wp-content\/uploads\/2023\/01\/plastic-packer2-300x225.webp 300w, https:\/\/plastic-machines.org\/wp-content\/uploads\/2023\/01\/plastic-packer2-16x12.webp 16w\" sizes=\"auto, (max-width: 720px) 100vw, 720px\" \/><figcaption class=\"wp-element-caption\">enfardadeira de pl\u00e1stico vertical<\/figcaption><\/figure>    <figure class=\"wp-block-image size-large\"><img loading=\"lazy\" decoding=\"async\" width=\"720\" height=\"540\" data-id=\"1313\" src=\"https:\/\/plastic-machines.org\/wp-content\/uploads\/2023\/01\/horizontal-plastic-baler-for-sale.webp\" alt=\"enfardadeira de pl\u00e1stico horizontal\" class=\"wp-image-1313\" srcset=\"https:\/\/plastic-machines.org\/wp-content\/uploads\/2023\/01\/horizontal-plastic-baler-for-sale.webp 720w, https:\/\/plastic-machines.org\/wp-content\/uploads\/2023\/01\/horizontal-plastic-baler-for-sale-300x225.webp 300w, https:\/\/plastic-machines.org\/wp-content\/uploads\/2023\/01\/horizontal-plastic-baler-for-sale-16x12.webp 16w\" sizes=\"auto, (max-width: 720px) 100vw, 720px\" \/><figcaption class=\"wp-element-caption\">enfardadeira de pl\u00e1stico horizontal<\/figcaption><\/figure> <\/figure>    <figure class=\"wp-block-embed is-type-video is-provider-youtube wp-block-embed-youtube wp-embed-aspect-16-9 wp-has-aspect-ratio\"><div class=\"wp-block-embed__wrapper\"> <iframe loading=\"lazy\" title=\"M\u00e1quina enfardadeira de pl\u00e1stico pr\u00e1tica para prensa enfardadeira hidr\u00e1ulica de sacos de filme pl\u00e1stico\" width=\"500\" height=\"281\" src=\"https:\/\/www.youtube.com\/embed\/jAi-5u0nyqo?feature=oembed\" frameborder=\"0\" allow=\"accelerometer; autoplay; clipboard-write; encrypted-media; gyroscope; picture-in-picture; web-share\" referrerpolicy=\"strict-origin-when-cross-origin\" allowfullscreen><\/iframe> <\/div><figcaption class=\"wp-element-caption\">v\u00eddeo de trabalho da enfardadeira de pl\u00e1stico vertical<\/figcaption><\/figure>    <h2 class=\"wp-block-heading\">Aplica\u00e7\u00e3o de m\u00e1quina enfardadeira de pl\u00e1stico <\/h2>    <p>Esta m\u00e1quina de enfardamento de res\u00edduos de pl\u00e1stico tem fun\u00e7\u00f5es diversificadas e pode ser usada para enfardar v\u00e1rios tipos de mat\u00e9rias-primas, como caixas de res\u00edduos, garrafas PET, tambores de \u00f3leo, sacos, caixas, caixas de pl\u00e1stico, filmes, roupas velhas, t\u00eaxteis, l\u00e3, algod\u00e3o, palha e assim por diante.<\/p>   <div class=\"wp-block-image\"> <figure class=\"aligncenter size-full\"><img loading=\"lazy\" decoding=\"async\" width=\"720\" height=\"540\" src=\"https:\/\/plastic-machines.org\/wp-content\/uploads\/2023\/01\/raw-materials-of-plastic-baler1.webp\" alt=\"mat\u00e9rias-primas de enfardadeira de pl\u00e1stico\" class=\"wp-image-681\" srcset=\"https:\/\/plastic-machines.org\/wp-content\/uploads\/2023\/01\/raw-materials-of-plastic-baler1.webp 720w, https:\/\/plastic-machines.org\/wp-content\/uploads\/2023\/01\/raw-materials-of-plastic-baler1-300x225.webp 300w\" sizes=\"auto, (max-width: 720px) 100vw, 720px\" \/><figcaption class=\"wp-element-caption\">mat\u00e9rias-primas de enfardadeira de pl\u00e1stico<\/figcaption><\/figure> <\/div>   <h2 class=\"wp-block-heading\">Caracter\u00edsticas da estrutura da m\u00e1quina empacotadora de pl\u00e1stico vertical Shuliy<\/h2>   <div class=\"wp-block-image\"> <figure class=\"aligncenter size-full\"><img loading=\"lazy\" decoding=\"async\" width=\"720\" height=\"540\" src=\"https:\/\/plastic-machines.org\/wp-content\/uploads\/2023\/01\/Waste-plastic-baling-machine-structure1.webp\" alt=\"Estrutura da m\u00e1quina enfardadeira de res\u00edduos de pl\u00e1stico\" class=\"wp-image-682\" srcset=\"https:\/\/plastic-machines.org\/wp-content\/uploads\/2023\/01\/Waste-plastic-baling-machine-structure1.webp 720w, https:\/\/plastic-machines.org\/wp-content\/uploads\/2023\/01\/Waste-plastic-baling-machine-structure1-300x225.webp 300w\" sizes=\"auto, (max-width: 720px) 100vw, 720px\" \/><figcaption class=\"wp-element-caption\">Estrutura da m\u00e1quina enfardadeira de res\u00edduos de pl\u00e1stico<\/figcaption><\/figure> <\/div>   <ul class=\"wp-block-list\"> <li>A bomba hidr\u00e1ulica, a v\u00e1lvula solen\u00f3ide e a veda\u00e7\u00e3o de \u00f3leo do cilindro hidr\u00e1ulico do sistema hidr\u00e1ulico s\u00e3o pe\u00e7as importadas, o que torna a press\u00e3o da embalagem alta, r\u00e1pida e com muito baixo ru\u00eddo ao mesmo tempo.<\/li>    <li>O sistema transportador adota a\u00e7o espessado de alta qualidade e correia transportadora tipo placa de a\u00e7o de alta resist\u00eancia, o que torna a enfardadeira de pl\u00e1stico resistente e com longa vida \u00fatil.<\/li>    <li>A enfardadeira de pl\u00e1stico est\u00e1 equipada com um sistema de alarme de seguran\u00e7a, a m\u00e1quina ir\u00e1 parar automaticamente e emitir um alarme quando o equipamento for mal operado, a fonte de alimenta\u00e7\u00e3o estiver fora de fase, a press\u00e3o estiver alta, etc.<\/li> <\/ul>    <h2 class=\"wp-block-heading\">Caracter\u00edsticas da enfardadeira vertical<\/h2>    <div class=\"wp-block-media-text alignwide is-stacked-on-mobile\"><figure class=\"wp-block-media-text__media\"><img loading=\"lazy\" decoding=\"async\" width=\"720\" height=\"342\" src=\"https:\/\/plastic-machines.org\/wp-content\/uploads\/2023\/01\/plastic-baler.webp\" alt=\"detalhes do compactador de pl\u00e1stico\" class=\"wp-image-691 size-full\" srcset=\"https:\/\/plastic-machines.org\/wp-content\/uploads\/2023\/01\/plastic-baler.webp 720w, https:\/\/plastic-machines.org\/wp-content\/uploads\/2023\/01\/plastic-baler-300x143.webp 300w\" sizes=\"auto, (max-width: 720px) 100vw, 720px\" \/><\/figure><div class=\"wp-block-media-text__content\"> <p>A placa de press\u00e3o hidr\u00e1ulica adota uma placa de press\u00e3o espessada, que tem um bom efeito.<\/p> <\/div><\/div>    <div class=\"wp-block-media-text alignwide has-media-on-the-right is-stacked-on-mobile\"><div class=\"wp-block-media-text__content\"> <p>O tamanho da caixa de material pode ser personalizado e os materiais comprimidos podem ser revestidos com a\u00e7o inoxid\u00e1vel.<\/p> <\/div><figure class=\"wp-block-media-text__media\"><img loading=\"lazy\" decoding=\"async\" width=\"720\" height=\"342\" src=\"https:\/\/plastic-machines.org\/wp-content\/uploads\/2023\/01\/plastic-baler-machne.webp\" alt=\"caixa de materiais de um compactador de pl\u00e1stico\" class=\"wp-image-690 size-full\" srcset=\"https:\/\/plastic-machines.org\/wp-content\/uploads\/2023\/01\/plastic-baler-machne.webp 720w, https:\/\/plastic-machines.org\/wp-content\/uploads\/2023\/01\/plastic-baler-machne-300x143.webp 300w\" sizes=\"auto, (max-width: 720px) 100vw, 720px\" \/><\/figure><\/div>    <div class=\"wp-block-media-text alignwide is-stacked-on-mobile\"><figure class=\"wp-block-media-text__media\"><img loading=\"lazy\" decoding=\"async\" width=\"720\" height=\"342\" src=\"https:\/\/plastic-machines.org\/wp-content\/uploads\/2023\/01\/plastic-baler-machine-for-sale.webp\" alt=\"lidar com swich de enfardadeira de pl\u00e1stico\" class=\"wp-image-689 size-full\" srcset=\"https:\/\/plastic-machines.org\/wp-content\/uploads\/2023\/01\/plastic-baler-machine-for-sale.webp 720w, https:\/\/plastic-machines.org\/wp-content\/uploads\/2023\/01\/plastic-baler-machine-for-sale-300x143.webp 300w\" sizes=\"auto, (max-width: 720px) 100vw, 720px\" \/><\/figure><div class=\"wp-block-media-text__content\"> <p>O interruptor da alavanca da enfardadeira empurra a alavanca para dentro e a pressiona para baixo automaticamente, puxa o n\u00edvel para fora e o levanta automaticamente.<\/p> <\/div><\/div>    <div class=\"wp-block-media-text alignwide has-media-on-the-right is-stacked-on-mobile\"><div class=\"wp-block-media-text__content\"> <p>O tubo de \u00f3leo do cilindro de alta press\u00e3o n\u00e3o libera press\u00e3o durante o uso e o anel de veda\u00e7\u00e3o tem bom desempenho de veda\u00e7\u00e3o e n\u00e3o vaza \u00f3leo.<\/p> <\/div><figure class=\"wp-block-media-text__media\"><img loading=\"lazy\" decoding=\"async\" width=\"720\" height=\"342\" src=\"https:\/\/plastic-machines.org\/wp-content\/uploads\/2023\/01\/plastic-baling-machine.webp\" alt=\"tubo de \u00f3leo do cilindro do compactador de pl\u00e1stico\" class=\"wp-image-692 size-full\" srcset=\"https:\/\/plastic-machines.org\/wp-content\/uploads\/2023\/01\/plastic-baling-machine.webp 720w, https:\/\/plastic-machines.org\/wp-content\/uploads\/2023\/01\/plastic-baling-machine-300x143.webp 300w\" sizes=\"auto, (max-width: 720px) 100vw, 720px\" \/><\/figure><\/div>    <h2 class=\"wp-block-heading\">Exibi\u00e7\u00e3o de m\u00e1quina enfardadeira de pl\u00e1stico<\/h2>   <div class=\"wp-block-image\"> <figure class=\"aligncenter size-full\"><img loading=\"lazy\" decoding=\"async\" width=\"540\" height=\"720\" src=\"https:\/\/plastic-machines.org\/wp-content\/uploads\/2023\/01\/plastic-baler-machine-21.webp\" alt=\"m\u00e1quina de enfardadeira de pl\u00e1stico\" class=\"wp-image-679\" srcset=\"https:\/\/plastic-machines.org\/wp-content\/uploads\/2023\/01\/plastic-baler-machine-21.webp 540w, https:\/\/plastic-machines.org\/wp-content\/uploads\/2023\/01\/plastic-baler-machine-21-225x300.webp 225w\" sizes=\"auto, (max-width: 540px) 100vw, 540px\" \/><figcaption class=\"wp-element-caption\">m\u00e1quina de enfardadeira de pl\u00e1stico<\/figcaption><\/figure> <\/div>  <div class=\"wp-block-image\"> <figure class=\"aligncenter size-full\"><img loading=\"lazy\" decoding=\"async\" width=\"540\" height=\"720\" src=\"https:\/\/plastic-machines.org\/wp-content\/uploads\/2023\/01\/plastic-baler-for-sale1.webp\" alt=\"enfardadeira de pl\u00e1stico para venda\" class=\"wp-image-683\" srcset=\"https:\/\/plastic-machines.org\/wp-content\/uploads\/2023\/01\/plastic-baler-for-sale1.webp 540w, https:\/\/plastic-machines.org\/wp-content\/uploads\/2023\/01\/plastic-baler-for-sale1-225x300.webp 225w\" sizes=\"auto, (max-width: 540px) 100vw, 540px\" \/><figcaption class=\"wp-element-caption\"><br><br>enfardadeira de pl\u00e1stico para venda<\/figcaption><\/figure> <\/div>   <h2 class=\"wp-block-heading\">Par\u00e2metros de enfardadeira de pl\u00e1stico para venda<\/h2>    <figure class=\"wp-block-table\"><table><tbody><tr><td>Modelo<\/td><td>Press\u00e3o (tonelada)<\/td><td>Pot\u00eancia (kw)<\/td><td>Tamanho (mm)<\/td><td>Produ\u00e7\u00e3o (t\/h)<\/td><td>Peso (tonelada)<\/td><\/tr><tr><td>SL-30<\/td><td>30<\/td><td>5.5<\/td><td>800*400*600<\/td><td>0,8-1T<\/td><td>0.8<\/td><\/tr><tr><td>SL-40<\/td><td>30<\/td><td>7.5<\/td><td>900*600*800<\/td><td>1-1,2T<\/td><td>1.3<\/td><\/tr><tr><td>SL-60<\/td><td>60<\/td><td>7.5<\/td><td>900*600*800<\/td><td>1,5-2T<\/td><td>1.5<\/td><\/tr><tr><td>SL-80<\/td><td>80<\/td><td>11<\/td><td>1100*800*1000<\/td><td>2-3T<\/td><td>2<\/td><\/tr><tr><td>SL-100<\/td><td>100<\/td><td>15<\/td><td>1100*800*1100<\/td><td>3-3,5T<\/td><td>2.8<\/td><\/tr><tr><td>SL-120<\/td><td>120<\/td><td>18.5<\/td><td>1200*800*1200<\/td><td>4-5T<\/td><td>3.2<\/td><\/tr><\/tbody><\/table><\/figure>    <h2 class=\"wp-block-heading\">Enfardadeira de pl\u00e1stico horizontal para enfardadeira de garrafas PET<\/h2>    <figure class=\"wp-block-embed is-type-video is-provider-youtube wp-block-embed-youtube wp-embed-aspect-16-9 wp-has-aspect-ratio\"><div class=\"wp-block-embed__wrapper\"> <iframe loading=\"lazy\" title=\"Como as usinas de reciclagem de pl\u00e1stico embalam res\u00edduos de garrafas pl\u00e1sticas com enfardadeiras de pl\u00e1stico horizontais?\" width=\"500\" height=\"281\" src=\"https:\/\/www.youtube.com\/embed\/xNkvgfIlOjE?feature=oembed\" frameborder=\"0\" allow=\"accelerometer; autoplay; clipboard-write; encrypted-media; gyroscope; picture-in-picture; web-share\" referrerpolicy=\"strict-origin-when-cross-origin\" allowfullscreen><\/iframe> <\/div><\/figure>","protected":false},"excerpt":{"rendered":"<p>Our plastic baler machine is common in plastic recycling plants and stations, it is also called a plastic compactor, which is used to compact waste like empty PET bottles, plastic bags, and films. Shuliy Group provides two types of plastic balers, they are vertical and horizontal type, both with imported high-quality steel plates and other [&hellip;]<\/p>\n","protected":false},"author":1,"featured_media":680,"parent":0,"template":"","tags":[36,35],"product-type":[26],"class_list":["post-678","product","type-product","status-publish","has-post-thumbnail","hentry","tag-bale","tag-pet","product-type-plastic-baler"],"taxonomy_info":{"post_tag":[{"value":36,"label":"bale"},{"value":35,"label":"PET"}],"product-type":[{"value":26,"label":"Plastic Baler"}]},"featured_image_src_large":["https:\/\/plastic-machines.org\/wp-content\/uploads\/2023\/01\/plastic-baler-machine1.webp",720,540,false],"author_info":{"display_name":"Ella","author_link":"https:\/\/plastic-machines.org\/pt\/author\/admin\/"},"comment_info":"","_links":{"self":[{"href":"https:\/\/plastic-machines.org\/pt\/wp-json\/wp\/v2\/product\/678","targetHints":{"allow":["GET"]}}],"collection":[{"href":"https:\/\/plastic-machines.org\/pt\/wp-json\/wp\/v2\/product"}],"about":[{"href":"https:\/\/plastic-machines.org\/pt\/wp-json\/wp\/v2\/types\/product"}],"author":[{"embeddable":true,"href":"https:\/\/plastic-machines.org\/pt\/wp-json\/wp\/v2\/users\/1"}],"wp:featuredmedia":[{"embeddable":true,"href":"https:\/\/plastic-machines.org\/pt\/wp-json\/wp\/v2\/media\/680"}],"wp:attachment":[{"href":"https:\/\/plastic-machines.org\/pt\/wp-json\/wp\/v2\/media?parent=678"}],"wp:term":[{"taxonomy":"post_tag","embeddable":true,"href":"https:\/\/plastic-machines.org\/pt\/wp-json\/wp\/v2\/tags?post=678"},{"taxonomy":"product-type","embeddable":true,"href":"https:\/\/plastic-machines.org\/pt\/wp-json\/wp\/v2\/product-type?post=678"}],"curies":[{"name":"wp","href":"https:\/\/api.w.org\/{rel}","templated":true}]}}