{"id":630,"date":"2022-12-02T14:17:04","date_gmt":"2022-12-02T06:17:04","guid":{"rendered":"https:\/\/plastic-machines.org\/?post_type=product&#038;p=630"},"modified":"2024-12-27T10:22:16","modified_gmt":"2024-12-27T02:22:16","slug":"eps-foam-melting-machine","status":"publish","type":"product","link":"https:\/\/plastic-machines.org\/pt\/product\/eps-foam-melting-machine\/","title":{"rendered":"M\u00e1quina de fus\u00e3o de espuma EPS para reciclagem de espuma pl\u00e1stica"},"content":{"rendered":"<div class=\"kk-star-ratings kksr-auto kksr-align-left kksr-valign-top\"     data-payload='{&quot;align&quot;:&quot;left&quot;,&quot;id&quot;:&quot;630&quot;,&quot;slug&quot;:&quot;default&quot;,&quot;valign&quot;:&quot;top&quot;,&quot;ignore&quot;:&quot;&quot;,&quot;reference&quot;:&quot;auto&quot;,&quot;class&quot;:&quot;&quot;,&quot;count&quot;:&quot;5&quot;,&quot;legendonly&quot;:&quot;&quot;,&quot;readonly&quot;:&quot;&quot;,&quot;score&quot;:&quot;5&quot;,&quot;starsonly&quot;:&quot;&quot;,&quot;best&quot;:&quot;5&quot;,&quot;gap&quot;:&quot;5&quot;,&quot;greet&quot;:&quot;Rate this product&quot;,&quot;legend&quot;:&quot;5\\\/5 - (5 votes)&quot;,&quot;size&quot;:&quot;24&quot;,&quot;title&quot;:&quot;EPS Foam Melting Machine for Plastic Foam Recyclings&quot;,&quot;width&quot;:&quot;142.5&quot;,&quot;_legend&quot;:&quot;{score}\\\/{best} - ({count} {votes})&quot;,&quot;font_factor&quot;:&quot;1.25&quot;}'>              <div class=\"kksr-stars\">      <div class=\"kksr-stars-inactive\">             <div class=\"kksr-star\" data-star=\"1\" style=\"padding-right: 5px\">               <div class=\"kksr-icon\" style=\"width: 24px; height: 24px;\"><\/div>         <\/div>             <div class=\"kksr-star\" data-star=\"2\" style=\"padding-right: 5px\">               <div class=\"kksr-icon\" style=\"width: 24px; height: 24px;\"><\/div>         <\/div>             <div class=\"kksr-star\" data-star=\"3\" style=\"padding-right: 5px\">               <div class=\"kksr-icon\" style=\"width: 24px; height: 24px;\"><\/div>         <\/div>             <div class=\"kksr-star\" data-star=\"4\" style=\"padding-right: 5px\">               <div class=\"kksr-icon\" style=\"width: 24px; height: 24px;\"><\/div>         <\/div>             <div class=\"kksr-star\" data-star=\"5\" style=\"padding-right: 5px\">               <div class=\"kksr-icon\" style=\"width: 24px; height: 24px;\"><\/div>         <\/div>     <\/div>      <div class=\"kksr-stars-active\" style=\"width: 142.5px;\">             <div class=\"kksr-star\" style=\"padding-right: 5px\">               <div class=\"kksr-icon\" style=\"width: 24px; height: 24px;\"><\/div>         <\/div>             <div class=\"kksr-star\" style=\"padding-right: 5px\">               <div class=\"kksr-icon\" style=\"width: 24px; height: 24px;\"><\/div>         <\/div>             <div class=\"kksr-star\" style=\"padding-right: 5px\">               <div class=\"kksr-icon\" style=\"width: 24px; height: 24px;\"><\/div>         <\/div>             <div class=\"kksr-star\" style=\"padding-right: 5px\">               <div class=\"kksr-icon\" style=\"width: 24px; height: 24px;\"><\/div>         <\/div>             <div class=\"kksr-star\" style=\"padding-right: 5px\">               <div class=\"kksr-icon\" style=\"width: 24px; height: 24px;\"><\/div>         <\/div>     <\/div> <\/div>                   <div class=\"kksr-legend\" style=\"font-size: 19.2px;\">             5\/5 - (5 votos)    <\/div>     <\/div>  <p>A m\u00e1quina de derretimento de espuma Shuliy EPS tamb\u00e9m \u00e9 chamada de densificador de isopor. \u00c9 usado para triturar e derreter espuma pl\u00e1stica em altas temperaturas. Ap\u00f3s tritura\u00e7\u00e3o e aquecimento, a espuma EPS transforma-se em lingotes de EPS densificados e com taxa de redu\u00e7\u00e3o de volume de at\u00e9 90:1. A m\u00e1quina densificadora de espuma n\u00e3o s\u00f3 pode reduzir o problema da polui\u00e7\u00e3o branca, mas tamb\u00e9m pode trazer grandes benef\u00edcios econ\u00f4micos ap\u00f3s a reciclagem da espuma em gr\u00e2nulos. Portanto \u00e9 um equipamento necess\u00e1rio para fabricantes de reciclagem de pl\u00e1stico. Se voc\u00ea estiver interessado, entre em contato conosco.<\/p>   <div class=\"wp-block-image\"> <figure class=\"aligncenter size-full\"><img loading=\"lazy\" decoding=\"async\" width=\"720\" height=\"540\" src=\"https:\/\/plastic-machines.org\/wp-content\/uploads\/2022\/12\/EPS-Foam-Melting-Machine.webp\" alt=\"M\u00e1quina de derretimento de espuma EPS\" class=\"wp-image-641\" srcset=\"https:\/\/plastic-machines.org\/wp-content\/uploads\/2022\/12\/EPS-Foam-Melting-Machine.webp 720w, https:\/\/plastic-machines.org\/wp-content\/uploads\/2022\/12\/EPS-Foam-Melting-Machine-300x225.webp 300w\" sizes=\"auto, (max-width: 720px) 100vw, 720px\" \/><figcaption class=\"wp-element-caption\">M\u00e1quina de derretimento de espuma EPS<\/figcaption><\/figure> <\/div>   <h2 class=\"wp-block-heading\">Introdu\u00e7\u00e3o de densificador de poliestireno para venda<\/h2>    <p>Os densificadores de poliestireno \u00e0 venda podem reciclar isopor (poliestireno\/EPS\/espuma 6), que \u00e9 amplamente utilizado para isolamento e material de prote\u00e7\u00e3o do produto durante o transporte.  Ap\u00f3s o t\u00e9rmino da britagem, eles ser\u00e3o empurrados pelo parafuso at\u00e9 a \u00e1rea de aquecimento, ap\u00f3s aquecimento e plastifica\u00e7\u00e3o, a mat\u00e9ria-prima pl\u00e1stica derreter\u00e1 formando uma pilha, que \u00e9 f\u00e1cil de transportar e vender. <\/p>    <p>Os materiais que a m\u00e1quina pode manusear incluem caixas de espuma para fast food, caixas de embalagem de espuma, caixas de bolo, materiais de isolamento, espuma de embalagem externa de aparelhos el\u00e9tricos e outros res\u00edduos de espuma branca.<\/p>    <figure class=\"wp-block-gallery has-nested-images columns-default is-cropped wp-block-gallery-2 is-layout-flex wp-block-gallery-is-layout-flex\"> <figure class=\"wp-block-image size-full\"><img loading=\"lazy\" decoding=\"async\" width=\"720\" height=\"540\" data-id=\"637\" src=\"https:\/\/plastic-machines.org\/wp-content\/uploads\/2022\/12\/foam-melting-machine.jpg\" alt=\"densificador de isopor \" class=\"wp-image-637\" srcset=\"https:\/\/plastic-machines.org\/wp-content\/uploads\/2022\/12\/foam-melting-machine.jpg 720w, https:\/\/plastic-machines.org\/wp-content\/uploads\/2022\/12\/foam-melting-machine-300x225.jpg 300w\" sizes=\"auto, (max-width: 720px) 100vw, 720px\" \/><figcaption class=\"wp-element-caption\">densificador de isopor<\/figcaption><\/figure>    <figure class=\"wp-block-image size-full\"><img loading=\"lazy\" decoding=\"async\" width=\"720\" height=\"540\" data-id=\"642\" src=\"https:\/\/plastic-machines.org\/wp-content\/uploads\/2022\/12\/EPS-hot-melting-machine.webp\" alt=\"densificador de isopor \" class=\"wp-image-642\" srcset=\"https:\/\/plastic-machines.org\/wp-content\/uploads\/2022\/12\/EPS-hot-melting-machine.webp 720w, https:\/\/plastic-machines.org\/wp-content\/uploads\/2022\/12\/EPS-hot-melting-machine-300x225.webp 300w\" sizes=\"auto, (max-width: 720px) 100vw, 720px\" \/><figcaption class=\"wp-element-caption\">densificador de isopor<\/figcaption><\/figure> <\/figure>    <figure class=\"wp-block-gallery has-nested-images columns-default is-cropped wp-block-gallery-3 is-layout-flex wp-block-gallery-is-layout-flex\"> <figure class=\"wp-block-image size-full\"><img loading=\"lazy\" decoding=\"async\" width=\"720\" height=\"540\" data-id=\"639\" src=\"https:\/\/plastic-machines.org\/wp-content\/uploads\/2022\/12\/EPS-hot-melting-recycling-machine.jpg\" alt=\"M\u00e1quina de reciclagem de fus\u00e3o a quente EPS\" class=\"wp-image-639\" srcset=\"https:\/\/plastic-machines.org\/wp-content\/uploads\/2022\/12\/EPS-hot-melting-recycling-machine.jpg 720w, https:\/\/plastic-machines.org\/wp-content\/uploads\/2022\/12\/EPS-hot-melting-recycling-machine-300x225.jpg 300w\" sizes=\"auto, (max-width: 720px) 100vw, 720px\" \/><figcaption class=\"wp-element-caption\">densificador de poliestireno para venda<\/figcaption><\/figure>    <figure class=\"wp-block-image size-full\"><img loading=\"lazy\" decoding=\"async\" width=\"720\" height=\"540\" data-id=\"638\" src=\"https:\/\/plastic-machines.org\/wp-content\/uploads\/2022\/12\/plastic-foam-crushing-melting-machine.jpg\" alt=\"densificador de espuma para venda\" class=\"wp-image-638\" srcset=\"https:\/\/plastic-machines.org\/wp-content\/uploads\/2022\/12\/plastic-foam-crushing-melting-machine.jpg 720w, https:\/\/plastic-machines.org\/wp-content\/uploads\/2022\/12\/plastic-foam-crushing-melting-machine-300x225.jpg 300w\" sizes=\"auto, (max-width: 720px) 100vw, 720px\" \/><figcaption class=\"wp-element-caption\">densificador de espuma para venda<\/figcaption><\/figure> <\/figure>    <h2 class=\"wp-block-heading\">Princ\u00edpio de funcionamento da m\u00e1quina de reciclagem de fus\u00e3o a quente EPS<\/h2>    <p>A m\u00e1quina de fus\u00e3o de espuma EPS adota l\u00e2minas de britagem de eixo duplo, que s\u00e3o dois eixos de l\u00e2mina paralelos, e giram em dire\u00e7\u00f5es diferentes. Cada eixo de l\u00e2mina possui 18 l\u00e2minas e \u00e9 acionado por uma caixa de engrenagens para triturar o material, que \u00e9 transportado at\u00e9 o cano por meio de uma peneira. A espuma \u00e9 transportada para o cilindro aquecido por um parafuso girat\u00f3rio de alta velocidade. A espuma pl\u00e1stica ser\u00e1 ent\u00e3o derretida em altas temperaturas e extrudada em uma pilha para fluir.<\/p>   <div class=\"wp-block-image\"> <figure class=\"aligncenter size-full\"><img loading=\"lazy\" decoding=\"async\" width=\"720\" height=\"540\" src=\"https:\/\/plastic-machines.org\/wp-content\/uploads\/2022\/12\/recycle-foam-by-a-EPS-densifier.webp\" alt=\"reciclar espuma por um densificador EPS\" class=\"wp-image-1530\" srcset=\"https:\/\/plastic-machines.org\/wp-content\/uploads\/2022\/12\/recycle-foam-by-a-EPS-densifier.webp 720w, https:\/\/plastic-machines.org\/wp-content\/uploads\/2022\/12\/recycle-foam-by-a-EPS-densifier-300x225.webp 300w, https:\/\/plastic-machines.org\/wp-content\/uploads\/2022\/12\/recycle-foam-by-a-EPS-densifier-16x12.webp 16w\" sizes=\"auto, (max-width: 720px) 100vw, 720px\" \/><figcaption class=\"wp-element-caption\">reciclar espuma por um densificador EPS<\/figcaption><\/figure> <\/div>   <figure class=\"wp-block-embed is-type-video is-provider-youtube wp-block-embed-youtube wp-embed-aspect-16-9 wp-has-aspect-ratio\"><div class=\"wp-block-embed__wrapper\"> <iframe loading=\"lazy\" title=\"M\u00e1quinas trituradoras de poliestireno para reciclagem de espuma | M\u00e1quina de fus\u00e3o a quente com densificador EPS\/isopor\" width=\"500\" height=\"281\" src=\"https:\/\/www.youtube.com\/embed\/VSIa6XqPN_I?feature=oembed\" frameborder=\"0\" allow=\"accelerometer; autoplay; clipboard-write; encrypted-media; gyroscope; picture-in-picture; web-share\" referrerpolicy=\"strict-origin-when-cross-origin\" allowfullscreen><\/iframe> <\/div><\/figure>    <h2 class=\"wp-block-heading\">Vantagens do densificador de isopor <\/h2>    <ul class=\"wp-block-list\"> <li>Este densificador de isopor adota carregamento manual, o material \u00e9 rapidamente triturado pelas l\u00e2minas de eixo duplo e depois transportado para o cilindro hospedeiro atrav\u00e9s da tela, a m\u00e1quina \u00e9 altamente eficiente.<\/li>    <li>O parafuso hospedeiro transporta e aquece o material at\u00e9 o estado de fus\u00e3o, depois o extrusa e a l\u00e2mina hidr\u00e1ulica o corta em peda\u00e7os para f\u00e1cil armazenamento e transporte.<\/li>    <li>O material fundido que sai do densificador de isopor pode ser coletado por calha de a\u00e7o para obten\u00e7\u00e3o dos blocos, ou cortado por m\u00e1quina de corte para obten\u00e7\u00e3o de pequenos blocos, o que \u00e9 conveniente para o transporte de espuma pl\u00e1stica.<\/li>    <li>A apar\u00eancia do densificador EPS pode ser projetada de acordo com as necessidades do cliente.<\/li> <\/ul>    <h2 class=\"wp-block-heading\">Par\u00e2metros da m\u00e1quina de fus\u00e3o a quente do densificador EPS<\/h2>    <figure class=\"wp-block-table\"><table><tbody><tr><td>Modelo<\/td><td>Tamanho da m\u00e1quina (mm)<\/td><td>Tamanho de entrada (mm)<\/td><td>Pot\u00eancia de configura\u00e7\u00e3o (kw)<\/td><td>Pot\u00eancia de entrada (kw)<\/td><td>Capacidade (kg\/h)<\/td><\/tr><tr><td>SL220<\/td><td>1500*800*1450<\/td><td>450*600<\/td><td>15<\/td><td>3<\/td><td>100-150<\/td><\/tr><tr><td>SL880<\/td><td>1580*1300*850<\/td><td>800*600<\/td><td>18.5<\/td><td>3<\/td><td>150-200<\/td><\/tr><tr><td>SL1000<\/td><td>1900*1580*900<\/td><td>1000*700<\/td><td>22<\/td><td>3<\/td><td>200-250<\/td><\/tr><\/tbody><\/table><\/figure>    <h2 class=\"wp-block-heading\">V\u00eddeo da m\u00e1quina de fus\u00e3o de espuma EPS<\/h2>    <figure class=\"wp-block-embed is-type-video is-provider-youtube wp-block-embed-youtube wp-embed-aspect-16-9 wp-has-aspect-ratio\"><div class=\"wp-block-embed__wrapper\"> <iframe loading=\"lazy\" title=\"M\u00e1quina de derreter espuma pl\u00e1stica para venda\" width=\"500\" height=\"281\" src=\"https:\/\/www.youtube.com\/embed\/pcAcZHClWIo?list=PLmQgsSbeu0tXsNBww95upbWcnO_cYfyh4\" frameborder=\"0\" allow=\"accelerometer; autoplay; clipboard-write; encrypted-media; gyroscope; picture-in-picture; web-share\" referrerpolicy=\"strict-origin-when-cross-origin\" allowfullscreen><\/iframe> <\/div><\/figure>    <p><\/p>","protected":false},"excerpt":{"rendered":"<p>Shuliy EPS foam melting machine is also called a styrofoam densifier. It is used to crush and melt plastic foam at high temperatures. After crushing and heating, the EPS foam becomes the densified EPS ingots, and volume reduction ratio up to 90:1. The foam densifier machine not only can reduce the problem of white pollution, [&hellip;]<\/p>\n","protected":false},"author":1,"featured_media":632,"parent":0,"template":"","tags":[63,43],"product-type":[15],"class_list":["post-630","product","type-product","status-publish","has-post-thumbnail","hentry","tag-densifier","tag-eps","product-type-plastic-crushing-equipment"],"taxonomy_info":{"post_tag":[{"value":63,"label":"densifier"},{"value":43,"label":"EPS"}],"product-type":[{"value":15,"label":"Plastic Crushing Equipment"}]},"featured_image_src_large":["https:\/\/plastic-machines.org\/wp-content\/uploads\/2022\/12\/plastic-foam-melting-machine1.webp",720,540,false],"author_info":{"display_name":"Ella","author_link":"https:\/\/plastic-machines.org\/pt\/author\/admin\/"},"comment_info":"","_links":{"self":[{"href":"https:\/\/plastic-machines.org\/pt\/wp-json\/wp\/v2\/product\/630","targetHints":{"allow":["GET"]}}],"collection":[{"href":"https:\/\/plastic-machines.org\/pt\/wp-json\/wp\/v2\/product"}],"about":[{"href":"https:\/\/plastic-machines.org\/pt\/wp-json\/wp\/v2\/types\/product"}],"author":[{"embeddable":true,"href":"https:\/\/plastic-machines.org\/pt\/wp-json\/wp\/v2\/users\/1"}],"wp:featuredmedia":[{"embeddable":true,"href":"https:\/\/plastic-machines.org\/pt\/wp-json\/wp\/v2\/media\/632"}],"wp:attachment":[{"href":"https:\/\/plastic-machines.org\/pt\/wp-json\/wp\/v2\/media?parent=630"}],"wp:term":[{"taxonomy":"post_tag","embeddable":true,"href":"https:\/\/plastic-machines.org\/pt\/wp-json\/wp\/v2\/tags?post=630"},{"taxonomy":"product-type","embeddable":true,"href":"https:\/\/plastic-machines.org\/pt\/wp-json\/wp\/v2\/product-type?post=630"}],"curies":[{"name":"wp","href":"https:\/\/api.w.org\/{rel}","templated":true}]}}