{"id":41,"date":"2022-06-23T03:44:15","date_gmt":"2022-06-23T03:44:15","guid":{"rendered":"http:\/\/tailwind-themes.local\/?post_type=product&#038;p=41"},"modified":"2025-11-10T18:02:59","modified_gmt":"2025-11-10T10:02:59","slug":"pvc-profile-extrusion-line","status":"publish","type":"product","link":"https:\/\/plastic-machines.org\/pt\/product\/plastic-recycling-granulating-line\/","title":{"rendered":"Linha de granula\u00e7\u00e3o para reciclagem de pl\u00e1stico para pl\u00e1sticos PP HDPE"},"content":{"rendered":"<div class=\"kk-star-ratings kksr-auto kksr-align-left kksr-valign-top\"     data-payload='{&quot;align&quot;:&quot;left&quot;,&quot;id&quot;:&quot;41&quot;,&quot;slug&quot;:&quot;default&quot;,&quot;valign&quot;:&quot;top&quot;,&quot;ignore&quot;:&quot;&quot;,&quot;reference&quot;:&quot;auto&quot;,&quot;class&quot;:&quot;&quot;,&quot;count&quot;:&quot;3&quot;,&quot;legendonly&quot;:&quot;&quot;,&quot;readonly&quot;:&quot;&quot;,&quot;score&quot;:&quot;5&quot;,&quot;starsonly&quot;:&quot;&quot;,&quot;best&quot;:&quot;5&quot;,&quot;gap&quot;:&quot;5&quot;,&quot;greet&quot;:&quot;Rate this product&quot;,&quot;legend&quot;:&quot;5\\\/5 - (3 votes)&quot;,&quot;size&quot;:&quot;24&quot;,&quot;title&quot;:&quot;Plastic Recycling Granulating Line for PP HDPE Plastics&quot;,&quot;width&quot;:&quot;142.5&quot;,&quot;_legend&quot;:&quot;{score}\\\/{best} - ({count} {votes})&quot;,&quot;font_factor&quot;:&quot;1.25&quot;}'>              <div class=\"kksr-stars\">      <div class=\"kksr-stars-inactive\">             <div class=\"kksr-star\" data-star=\"1\" style=\"padding-right: 5px\">               <div class=\"kksr-icon\" style=\"width: 24px; height: 24px;\"><\/div>         <\/div>             <div class=\"kksr-star\" data-star=\"2\" style=\"padding-right: 5px\">               <div class=\"kksr-icon\" style=\"width: 24px; height: 24px;\"><\/div>         <\/div>             <div class=\"kksr-star\" data-star=\"3\" style=\"padding-right: 5px\">               <div class=\"kksr-icon\" style=\"width: 24px; height: 24px;\"><\/div>         <\/div>             <div class=\"kksr-star\" data-star=\"4\" style=\"padding-right: 5px\">               <div class=\"kksr-icon\" style=\"width: 24px; height: 24px;\"><\/div>         <\/div>             <div class=\"kksr-star\" data-star=\"5\" style=\"padding-right: 5px\">               <div class=\"kksr-icon\" style=\"width: 24px; height: 24px;\"><\/div>         <\/div>     <\/div>      <div class=\"kksr-stars-active\" style=\"width: 142.5px;\">             <div class=\"kksr-star\" style=\"padding-right: 5px\">               <div class=\"kksr-icon\" style=\"width: 24px; height: 24px;\"><\/div>         <\/div>             <div class=\"kksr-star\" style=\"padding-right: 5px\">               <div class=\"kksr-icon\" style=\"width: 24px; height: 24px;\"><\/div>         <\/div>             <div class=\"kksr-star\" style=\"padding-right: 5px\">               <div class=\"kksr-icon\" style=\"width: 24px; height: 24px;\"><\/div>         <\/div>             <div class=\"kksr-star\" style=\"padding-right: 5px\">               <div class=\"kksr-icon\" style=\"width: 24px; height: 24px;\"><\/div>         <\/div>             <div class=\"kksr-star\" style=\"padding-right: 5px\">               <div class=\"kksr-icon\" style=\"width: 24px; height: 24px;\"><\/div>         <\/div>     <\/div> <\/div>                   <div class=\"kksr-legend\" style=\"font-size: 19.2px;\">             5\/5 - (3 votos)    <\/div>     <\/div>  <p>Esta linha de granula\u00e7\u00e3o para reciclagem de pl\u00e1stico \u00e9 usada principalmente para a reciclagem e granula\u00e7\u00e3o de res\u00edduos pl\u00e1sticos duros. Os principais equipamentos desta planta de reciclagem de pl\u00e1stico incluem m\u00e1quina trituradora de pl\u00e1stico, tanque de lavagem, secadora, peletizadora de pl\u00e1stico, caixa de armazenamento e assim por diante. O Grupo Shuliy pode combinar diferentes m\u00e1quinas de reciclagem de pl\u00e1stico de acordo com as diferentes condi\u00e7\u00f5es dos clientes, como mat\u00e9rias-primas, \u00e1rea do local, etc., e ajudar os clientes a projetar suas f\u00e1bricas e organizar a exibi\u00e7\u00e3o da m\u00e1quina de maneira razo\u00e1vel.<\/p>    <h2 class=\"wp-block-heading\">Mat\u00e9rias-primas da linha de granula\u00e7\u00e3o de pl\u00e1stico<\/h2>    <p>Esta planta de reciclagem de tambores PP PE foi projetada pela maquinaria Shuliy, que \u00e9 usada para reciclar e granular materiais pl\u00e1sticos duros. Portanto, as mat\u00e9rias-primas comuns s\u00e3o todos os pl\u00e1sticos duros, como cestos pl\u00e1sticos feitos de PE e PP, baldes pl\u00e1sticos, tambores pl\u00e1sticos de \u00f3leo, tanques de armazenamento de produtos qu\u00edmicos, tubos pl\u00e1sticos, garrafas pl\u00e1sticas e outros recipientes. <\/p>    <figure class=\"wp-block-gallery has-nested-images columns-default is-cropped wp-block-gallery-2 is-layout-flex wp-block-gallery-is-layout-flex\"> <figure class=\"wp-block-image size-large\"><img loading=\"lazy\" decoding=\"async\" width=\"720\" height=\"540\" data-id=\"234\" src=\"https:\/\/plastic-machines.org\/wp-content\/uploads\/2022\/06\/waste-plastic-drums.webp\" alt=\"res\u00edduos de tambores de pl\u00e1stico\" class=\"wp-image-234\" srcset=\"https:\/\/plastic-machines.org\/wp-content\/uploads\/2022\/06\/waste-plastic-drums.webp 720w, https:\/\/plastic-machines.org\/wp-content\/uploads\/2022\/06\/waste-plastic-drums-300x225.webp 300w\" sizes=\"auto, (max-width: 720px) 100vw, 720px\" \/><figcaption class=\"wp-element-caption\">res\u00edduos de tambores de pl\u00e1stico<\/figcaption><\/figure>    <figure class=\"wp-block-image size-large\"><img loading=\"lazy\" decoding=\"async\" width=\"720\" height=\"520\" data-id=\"235\" src=\"https:\/\/plastic-machines.org\/wp-content\/uploads\/2022\/06\/used-plastic-baskets.webp\" alt=\"cestos de pl\u00e1stico usados\" class=\"wp-image-235\" srcset=\"https:\/\/plastic-machines.org\/wp-content\/uploads\/2022\/06\/used-plastic-baskets.webp 720w, https:\/\/plastic-machines.org\/wp-content\/uploads\/2022\/06\/used-plastic-baskets-300x217.webp 300w\" sizes=\"auto, (max-width: 720px) 100vw, 720px\" \/><figcaption class=\"wp-element-caption\">cestos de pl\u00e1stico usados<\/figcaption><\/figure> <\/figure>    <h2 class=\"wp-block-heading\" id=\"h-process-of-plastic-recycling-granulating-line\">Processo de linha de granula\u00e7\u00e3o para reciclagem de pl\u00e1stico <\/h2>    <div class=\"wp-block-media-text alignwide is-stacked-on-mobile\"><figure class=\"wp-block-media-text__media\"><img loading=\"lazy\" decoding=\"async\" width=\"720\" height=\"540\" src=\"https:\/\/plastic-machines.org\/wp-content\/uploads\/2022\/06\/Plastic-Shredder-Machine1.webp\" alt=\"M\u00e1quina trituradora de pl\u00e1stico\" class=\"wp-image-452 size-full\" srcset=\"https:\/\/plastic-machines.org\/wp-content\/uploads\/2022\/06\/Plastic-Shredder-Machine1.webp 720w, https:\/\/plastic-machines.org\/wp-content\/uploads\/2022\/06\/Plastic-Shredder-Machine1-300x225.webp 300w\" sizes=\"auto, (max-width: 720px) 100vw, 720px\" \/><\/figure><div class=\"wp-block-media-text__content\"> <p class=\"has-large-font-size\">Triturador de pl\u00e1stico<\/p>    <p class=\"translation-block\"> Na linha de granula\u00e7\u00e3o de reciclagem de pl\u00e1stico, o <a href=\"https:\/\/plastic-machines.org\/pt\/product\/plastic-shredder-machine\/\">triturador de tambores de PP PE<\/a> \u00e9 usado para triturar produtos pl\u00e1sticos residuais em pequenos peda\u00e7os com baixo ru\u00eddo e sem res\u00edduos durante o processo de tritura\u00e7\u00e3o. Al\u00e9m disso, as l\u00e2minas t\u00eam uma longa vida \u00fatil e baixo custo de manuten\u00e7\u00e3o. Este triturador de pl\u00e1stico foi bem recebido pelos clientes.<\/p> <\/div><\/div>    <div class=\"wp-block-media-text alignwide is-stacked-on-mobile\"><figure class=\"wp-block-media-text__media\"><img loading=\"lazy\" decoding=\"async\" width=\"720\" height=\"540\" src=\"https:\/\/plastic-machines.org\/wp-content\/uploads\/2022\/06\/rinsing-tank1.webp\" alt=\"tanque de enx\u00e1gue\" class=\"wp-image-455 size-full\" srcset=\"https:\/\/plastic-machines.org\/wp-content\/uploads\/2022\/06\/rinsing-tank1.webp 720w, https:\/\/plastic-machines.org\/wp-content\/uploads\/2022\/06\/rinsing-tank1-300x225.webp 300w\" sizes=\"auto, (max-width: 720px) 100vw, 720px\" \/><\/figure><div class=\"wp-block-media-text__content\"> <p class=\"has-large-font-size\">Tanque de lavagem<\/p>    <p class=\"translation-block\">O <strong><a href=\"https:\/\/plastic-machines.org\/pt\/product\/plastic-film-washing-machine\/\">tanque de enxaguamento<\/a><\/strong> \u00e9 feito de a\u00e7o inoxid\u00e1vel de alta qualidade e \u00e9 usado para limpar os peda\u00e7os de pl\u00e1stico quebrados. Existem muitos dentes no tanque que continuar\u00e3o a virar o pl\u00e1stico para remover as manchas.<\/p> <\/div><\/div>    <div class=\"wp-block-media-text alignwide is-stacked-on-mobile\"><figure class=\"wp-block-media-text__media\"><img loading=\"lazy\" decoding=\"async\" width=\"720\" height=\"540\" src=\"https:\/\/plastic-machines.org\/wp-content\/uploads\/2022\/06\/horizontal-dryer1.webp\" alt=\"secador horizontal\" class=\"wp-image-443 size-full\" srcset=\"https:\/\/plastic-machines.org\/wp-content\/uploads\/2022\/06\/horizontal-dryer1.webp 720w, https:\/\/plastic-machines.org\/wp-content\/uploads\/2022\/06\/horizontal-dryer1-300x225.webp 300w\" sizes=\"auto, (max-width: 720px) 100vw, 720px\" \/><\/figure><div class=\"wp-block-media-text__content\"> <p class=\"has-large-font-size\">M\u00e1quina de secar pl\u00e1stico<\/p>    <p class=\"translation-block\">Uma <strong><a href=\"https:\/\/plastic-machines.org\/pt\/product\/plastic-chips-dryer-machine\/\">m\u00e1quina de secagem de pl\u00e1stico horizontal<\/a><\/strong> \u00e9 usada para secar flocos de pl\u00e1stico. A m\u00e1quina tem um alto grau de desidrata\u00e7\u00e3o, alta taxa de desidrata\u00e7\u00e3o e baixo consumo de eletricidade, sendo ideal para a linha de granula\u00e7\u00e3o de pl\u00e1stico.<\/p> <\/div><\/div>    <div class=\"wp-block-media-text alignwide is-stacked-on-mobile\"><figure class=\"wp-block-media-text__media\"><img loading=\"lazy\" decoding=\"async\" width=\"720\" height=\"540\" src=\"https:\/\/plastic-machines.org\/wp-content\/uploads\/2022\/06\/Plastic-pelletizing-machine.webp\" alt=\"m\u00e1quina extrusora de pl\u00e1stico\" class=\"wp-image-578 size-full\" srcset=\"https:\/\/plastic-machines.org\/wp-content\/uploads\/2022\/06\/Plastic-pelletizing-machine.webp 720w, https:\/\/plastic-machines.org\/wp-content\/uploads\/2022\/06\/Plastic-pelletizing-machine-300x225.webp 300w\" sizes=\"auto, (max-width: 720px) 100vw, 720px\" \/><\/figure><div class=\"wp-block-media-text__content\"> <p class=\"has-large-font-size\">Peletizador de pl\u00e1stico<\/p>    <p class=\"translation-block\">O <strong><a href=\"https:\/\/plastic-machines.org\/pt\/product\/plastic-extruder-machine\/\">granulador de pl\u00e1stico <\/a><\/strong>\u00e9 o equipamento mais central na linha de reciclagem de barris de pl\u00e1stico, utilizando a tecnologia de granula\u00e7\u00e3o mais avan\u00e7ada. Temos muitos modelos diferentes para voc\u00ea escolher, como os de pequena produ\u00e7\u00e3o para pequenas f\u00e1bricas de reciclagem e tamb\u00e9m m\u00e1quinas de grande produ\u00e7\u00e3o para capacidades maiores.<\/p> <\/div><\/div>    <h2 class=\"wp-block-heading\">V\u00eddeo 3D da linha de granula\u00e7\u00e3o de pl\u00e1stico<\/h2>    <p>O v\u00eddeo 3D mostra o processamento completo da linha de granula\u00e7\u00e3o para reciclagem de pl\u00e1stico.<\/p>    <figure class=\"wp-block-embed is-type-video is-provider-youtube wp-block-embed-youtube wp-embed-aspect-16-9 wp-has-aspect-ratio\"><div class=\"wp-block-embed__wrapper\"> <iframe loading=\"lazy\" title=\"Linha de pelotiza\u00e7\u00e3o de pl\u00e1stico | M\u00e1quina para fabricar gr\u00e2nulos de pl\u00e1stico\" width=\"500\" height=\"281\" src=\"https:\/\/www.youtube.com\/embed\/y4KcSJAz04E?feature=oembed\" frameborder=\"0\" allow=\"accelerometer; autoplay; clipboard-write; encrypted-media; gyroscope; picture-in-picture; web-share\" referrerpolicy=\"strict-origin-when-cross-origin\" allowfullscreen><\/iframe> <\/div><\/figure>    <h2 class=\"wp-block-heading\">Exibi\u00e7\u00e3o de f\u00e1brica da linha de granula\u00e7\u00e3o para reciclagem de pl\u00e1stico<\/h2>    <figure class=\"wp-block-gallery has-nested-images columns-default is-cropped wp-block-gallery-3 is-layout-flex wp-block-gallery-is-layout-flex\"> <figure class=\"wp-block-image size-large\"><img loading=\"lazy\" decoding=\"async\" width=\"720\" height=\"540\" data-id=\"236\" src=\"https:\/\/plastic-machines.org\/wp-content\/uploads\/2022\/06\/our-sales-manager-and-our-recycling-machines.webp\" alt=\"nosso gerente de vendas e nossas m\u00e1quinas de reciclagem\" class=\"wp-image-236\" srcset=\"https:\/\/plastic-machines.org\/wp-content\/uploads\/2022\/06\/our-sales-manager-and-our-recycling-machines.webp 720w, https:\/\/plastic-machines.org\/wp-content\/uploads\/2022\/06\/our-sales-manager-and-our-recycling-machines-300x225.webp 300w\" sizes=\"auto, (max-width: 720px) 100vw, 720px\" \/><figcaption class=\"wp-element-caption\">nosso gerente de vendas e nossas m\u00e1quinas de reciclagem<\/figcaption><\/figure>    <figure class=\"wp-block-image size-large\"><img loading=\"lazy\" decoding=\"async\" width=\"720\" height=\"540\" data-id=\"237\" src=\"https:\/\/plastic-machines.org\/wp-content\/uploads\/2022\/06\/plastic-pelletizing-line-placed-in-plant.webp\" alt=\"linha de pelotiza\u00e7\u00e3o de pl\u00e1stico colocada na planta\" class=\"wp-image-237\" srcset=\"https:\/\/plastic-machines.org\/wp-content\/uploads\/2022\/06\/plastic-pelletizing-line-placed-in-plant.webp 720w, https:\/\/plastic-machines.org\/wp-content\/uploads\/2022\/06\/plastic-pelletizing-line-placed-in-plant-300x225.webp 300w\" sizes=\"auto, (max-width: 720px) 100vw, 720px\" \/><figcaption class=\"wp-element-caption\">linha de pelotiza\u00e7\u00e3o de pl\u00e1stico colocada na planta<\/figcaption><\/figure> <\/figure>    <figure class=\"wp-block-gallery has-nested-images columns-default is-cropped wp-block-gallery-4 is-layout-flex wp-block-gallery-is-layout-flex\"> <figure class=\"wp-block-image size-large\"><img loading=\"lazy\" decoding=\"async\" width=\"720\" height=\"540\" data-id=\"238\" src=\"https:\/\/plastic-machines.org\/wp-content\/uploads\/2022\/06\/plastic-pelletizer.webp\" alt=\"peletizador de pl\u00e1stico\" class=\"wp-image-238\" srcset=\"https:\/\/plastic-machines.org\/wp-content\/uploads\/2022\/06\/plastic-pelletizer.webp 720w, https:\/\/plastic-machines.org\/wp-content\/uploads\/2022\/06\/plastic-pelletizer-300x225.webp 300w\" sizes=\"auto, (max-width: 720px) 100vw, 720px\" \/><figcaption class=\"wp-element-caption\">peletizador de pl\u00e1stico<\/figcaption><\/figure>    <figure class=\"wp-block-image size-large\"><img loading=\"lazy\" decoding=\"async\" width=\"720\" height=\"540\" data-id=\"239\" src=\"https:\/\/plastic-machines.org\/wp-content\/uploads\/2022\/06\/plastic-granulator-in-factory-.webp\" alt=\"granulador de pl\u00e1stico na f\u00e1brica\" class=\"wp-image-239\" srcset=\"https:\/\/plastic-machines.org\/wp-content\/uploads\/2022\/06\/plastic-granulator-in-factory-.webp 720w, https:\/\/plastic-machines.org\/wp-content\/uploads\/2022\/06\/plastic-granulator-in-factory--300x225.webp 300w\" sizes=\"auto, (max-width: 720px) 100vw, 720px\" \/><figcaption class=\"wp-element-caption\">granulador de pl\u00e1stico na f\u00e1brica<\/figcaption><\/figure> <\/figure>    <figure class=\"wp-block-gallery has-nested-images columns-default is-cropped wp-block-gallery-5 is-layout-flex wp-block-gallery-is-layout-flex\"> <figure class=\"wp-block-image size-large\"><img loading=\"lazy\" decoding=\"async\" width=\"720\" height=\"540\" data-id=\"240\" src=\"https:\/\/plastic-machines.org\/wp-content\/uploads\/2022\/06\/plastic-pelletizing-line.webp\" alt=\"linha de pelotiza\u00e7\u00e3o de pl\u00e1stico\" class=\"wp-image-240\" srcset=\"https:\/\/plastic-machines.org\/wp-content\/uploads\/2022\/06\/plastic-pelletizing-line.webp 720w, https:\/\/plastic-machines.org\/wp-content\/uploads\/2022\/06\/plastic-pelletizing-line-300x225.webp 300w\" sizes=\"auto, (max-width: 720px) 100vw, 720px\" \/><figcaption class=\"wp-element-caption\">linha de pelotiza\u00e7\u00e3o de pl\u00e1stico<\/figcaption><\/figure>    <figure class=\"wp-block-image size-large\"><img loading=\"lazy\" decoding=\"async\" width=\"720\" height=\"540\" data-id=\"241\" src=\"https:\/\/plastic-machines.org\/wp-content\/uploads\/2022\/06\/PP-PE-recycling-line.webp\" alt=\"linha de granula\u00e7\u00e3o para reciclagem de pl\u00e1stico\" class=\"wp-image-241\" srcset=\"https:\/\/plastic-machines.org\/wp-content\/uploads\/2022\/06\/PP-PE-recycling-line.webp 720w, https:\/\/plastic-machines.org\/wp-content\/uploads\/2022\/06\/PP-PE-recycling-line-300x225.webp 300w\" sizes=\"auto, (max-width: 720px) 100vw, 720px\" \/><figcaption class=\"wp-element-caption\">Linha de reciclagem PP PE<\/figcaption><\/figure> <\/figure>    <figure class=\"wp-block-gallery has-nested-images columns-default is-cropped wp-block-gallery-6 is-layout-flex wp-block-gallery-is-layout-flex\"> <figure class=\"wp-block-image size-large\"><img loading=\"lazy\" decoding=\"async\" width=\"720\" height=\"540\" data-id=\"242\" src=\"https:\/\/plastic-machines.org\/wp-content\/uploads\/2022\/06\/plastic-crusher-.webp\" alt=\"triturador de pl\u00e1stico\" class=\"wp-image-242\" srcset=\"https:\/\/plastic-machines.org\/wp-content\/uploads\/2022\/06\/plastic-crusher-.webp 720w, https:\/\/plastic-machines.org\/wp-content\/uploads\/2022\/06\/plastic-crusher--300x225.webp 300w\" sizes=\"auto, (max-width: 720px) 100vw, 720px\" \/><figcaption class=\"wp-element-caption\">triturador de pl\u00e1stico<\/figcaption><\/figure>    <figure class=\"wp-block-image size-large\"><img loading=\"lazy\" decoding=\"async\" width=\"720\" height=\"540\" data-id=\"243\" src=\"https:\/\/plastic-machines.org\/wp-content\/uploads\/2022\/06\/belt-conveyor.webp\" alt=\"transportador de correia com boa qualidade\" class=\"wp-image-243\" srcset=\"https:\/\/plastic-machines.org\/wp-content\/uploads\/2022\/06\/belt-conveyor.webp 720w, https:\/\/plastic-machines.org\/wp-content\/uploads\/2022\/06\/belt-conveyor-300x225.webp 300w\" sizes=\"auto, (max-width: 720px) 100vw, 720px\" \/><figcaption class=\"wp-element-caption\">transportador de correia com boa qualidade<\/figcaption><\/figure> <\/figure>    <h2 class=\"wp-block-heading\">Perguntas frequentes sobre planta de reciclagem de pl\u00e1stico<\/h2>    <div class=\"schema-faq wp-block-yoast-faq-block\"><div class=\"schema-faq-section\" id=\"faq-question-1657088343629\"><strong class=\"schema-faq-question\">Qual \u00e9 o rendimento da linha de reciclagem de tambores pl\u00e1sticos?<\/strong> <p class=\"schema-faq-answer\">As m\u00e1quinas Shuliy podem oferecer uma capacidade de 100-500kg\/h. Temos diferentes modelos de unidades granuladoras, como SL-125, SL 160, SL180, SL-220 e assim por diante. Todos os modelos j\u00e1 est\u00e3o dispon\u00edveis e podem ser escolhidos de acordo com a demanda dos clientes.<\/p> <\/div> <div class=\"schema-faq-section\" id=\"faq-question-1657089398682\"><strong class=\"schema-faq-question\">Quais s\u00e3o as diferen\u00e7as entre a reciclagem de sacolas pl\u00e1sticas e a reciclagem de barris de pl\u00e1stico?<\/strong> <p class=\"schema-faq-answer\">Tr\u00eas s\u00e3o tr\u00eas diferen\u00e7as entre as linhas de reciclagem acima. Para come\u00e7ar, como o peso dos filmes pl\u00e1sticos \u00e9 pequeno, n\u00e3o \u00e9 f\u00e1cil para eles ca\u00edrem no granulador de forma inicial. Portanto, nossa planta fornecer\u00e1 um alimentador for\u00e7ado no granulador. Por\u00e9m, se sua mat\u00e9ria-prima forem barris de PP PE ou tambores com determinado peso, n\u00e3o h\u00e1 necessidade de utilizar alimentador for\u00e7ado.<br><br>Em segundo lugar, a m\u00e1quina de secagem para filmes semelhantes a pl\u00e1stico macio \u00e9 do tipo vertical, a m\u00e1quina de secagem para pl\u00e1sticos duros \u00e9 horizontal. Por \u00faltimo, mas n\u00e3o menos importante, os britadores para esses dois materiais tamb\u00e9m s\u00e3o diferentes.<\/p> <\/div> <div class=\"schema-faq-section\" id=\"faq-question-1657089477346\"><strong class=\"schema-faq-question\">Quais s\u00e3o os equipamentos acess\u00f3rios da linha de granula\u00e7\u00e3o para reciclagem de pl\u00e1stico?<\/strong> <p class=\"schema-faq-answer\">Exceto pelas m\u00e1quinas principais, tamb\u00e9m existem alguns dispositivos acess\u00f3rios na linha de granula\u00e7\u00e3o de pl\u00e1stico. S\u00e3o transportadores autom\u00e1ticos, tanques de resfriamento de pl\u00e1stico, m\u00e1quinas de corte de pellets, filtros de gases residuais e caixas de armazenamento de pellets. Se voc\u00ea precisar das m\u00e1quinas acima, entre em contato com nossos gerentes de vendas.<\/p> <\/div> <\/div>    <h2 class=\"wp-block-heading\" id=\"h-success-case-of-plastic-granulation-line\">Case de sucesso de linha de granula\u00e7\u00e3o pl\u00e1stica<\/h2>    <p class=\"translation-block\">Nosso<a href=\"https:\/\/plastic-machines.org\/pt\/info\/plastic-granulator-machine-exported-to-ghana\/\"> cliente do Gana comprou nosso granulador de pl\u00e1stico<\/a> para sua f\u00e1brica de reciclagem de pl\u00e1stico. Ele coletou um grande n\u00famero de barris de PP usados e precisa tritur\u00e1-los e depois granul\u00e1-los. Os gr\u00e2nulos de pl\u00e1stico finais ser\u00e3o vendidos para o mercado internacional de pl\u00e1sticos reciclados.<\/p>   <div class=\"wp-block-image\"> <figure class=\"aligncenter size-full\"><img loading=\"lazy\" decoding=\"async\" width=\"720\" height=\"540\" src=\"https:\/\/plastic-machines.org\/wp-content\/uploads\/2022\/06\/successful-case.webp\" alt=\"case de sucesso de linha de granula\u00e7\u00e3o de pl\u00e1stico\" class=\"wp-image-227\" srcset=\"https:\/\/plastic-machines.org\/wp-content\/uploads\/2022\/06\/successful-case.webp 720w, https:\/\/plastic-machines.org\/wp-content\/uploads\/2022\/06\/successful-case-300x225.webp 300w\" sizes=\"auto, (max-width: 720px) 100vw, 720px\" \/><figcaption class=\"wp-element-caption\">caso de sucesso<\/figcaption><\/figure> <\/div>  <div class=\"wp-block-image\"> <figure class=\"aligncenter size-full\"><img loading=\"lazy\" decoding=\"async\" width=\"720\" height=\"540\" src=\"https:\/\/plastic-machines.org\/wp-content\/uploads\/2022\/06\/packing-and-delivery.webp\" alt=\"embalagem e entrega de granulador de pl\u00e1stico\" class=\"wp-image-228\" srcset=\"https:\/\/plastic-machines.org\/wp-content\/uploads\/2022\/06\/packing-and-delivery.webp 720w, https:\/\/plastic-machines.org\/wp-content\/uploads\/2022\/06\/packing-and-delivery-300x225.webp 300w\" sizes=\"auto, (max-width: 720px) 100vw, 720px\" \/><figcaption class=\"wp-element-caption\">embalagem e entrega<\/figcaption><\/figure> <\/div>   <h2 class=\"wp-block-heading\">Servi\u00e7o de vendas de linha de granula\u00e7\u00e3o para reciclagem de pl\u00e1stico<\/h2>    <ol class=\"wp-block-list\"> <li>O Grupo Shuliy fornecer\u00e1 uma solu\u00e7\u00e3o para linha de granula\u00e7\u00e3o para reciclagem de pl\u00e1stico dentro de 24 horas ap\u00f3s o recebimento de sua consulta. Ap\u00f3s o cliente e o gerente de vendas confirmarem cada detalhe, o pedido final \u00e9 feito e a f\u00e1brica da Shuliy providencia a entrega do equipamento, e caso o cliente tenha requisitos especiais de customiza\u00e7\u00e3o, providenciamos a entrega r\u00e1pida ap\u00f3s a fabrica\u00e7\u00e3o do equipamento.<\/li>    <li>Nosso gerente de vendas acompanhar\u00e1 o cliente em todo o processo de aceita\u00e7\u00e3o do equipamento, e auxiliar\u00e1 o cliente na instala\u00e7\u00e3o da m\u00e1quina de reciclagem de pl\u00e1stico e demais m\u00e1quinas auxiliares.<\/li>    <li>Caso o cliente tenha dificuldades de instala\u00e7\u00e3o, nossa empresa envia pessoal t\u00e9cnico ao local do cliente para orientar a instala\u00e7\u00e3o. Ent\u00e3o nosso engenheiro treinar\u00e1 o operador local para us\u00e1-lo.<\/li>    <li>Sempre tentamos o nosso melhor para atender nossos clientes, exceto pe\u00e7as de desgaste, a empresa shuliy oferece garantia de 1 ano e outros servi\u00e7os p\u00f3s-venda para linha de granula\u00e7\u00e3o para reciclagem de pl\u00e1stico.<\/li> <\/ol>","protected":false},"excerpt":{"rendered":"<p>This plastic recycling granulating line is mainly used for the recycling and granulation of hard waste plastics. The main equipment of this plastic recycling plant includes plastic crushing machine, washing tank, dryer, plastic pelletizer, storage bin, and so on. Shuliy Group can match different plastic recycling machines according to customers&#8217; different conditions, like raw materials, [&hellip;]<\/p>\n","protected":false},"author":1,"featured_media":1411,"parent":0,"template":"","tags":[37,50,44,51],"product-type":[13],"class_list":["post-41","product","type-product","status-publish","has-post-thumbnail","hentry","tag-hdpe","tag-pellet","tag-pp","tag-rigid","product-type-plastic-recycling-lines"],"taxonomy_info":{"post_tag":[{"value":37,"label":"HDPE"},{"value":50,"label":"pellet"},{"value":44,"label":"PP"},{"value":51,"label":"rigid"}],"product-type":[{"value":13,"label":"Plastic Recycling Lines"}]},"featured_image_src_large":["https:\/\/plastic-machines.org\/wp-content\/uploads\/2022\/06\/Plastic-Recycling-Granulating-Line.webp",720,540,false],"author_info":{"display_name":"Ella","author_link":"https:\/\/plastic-machines.org\/pt\/author\/admin\/"},"comment_info":"","_links":{"self":[{"href":"https:\/\/plastic-machines.org\/pt\/wp-json\/wp\/v2\/product\/41","targetHints":{"allow":["GET"]}}],"collection":[{"href":"https:\/\/plastic-machines.org\/pt\/wp-json\/wp\/v2\/product"}],"about":[{"href":"https:\/\/plastic-machines.org\/pt\/wp-json\/wp\/v2\/types\/product"}],"author":[{"embeddable":true,"href":"https:\/\/plastic-machines.org\/pt\/wp-json\/wp\/v2\/users\/1"}],"wp:featuredmedia":[{"embeddable":true,"href":"https:\/\/plastic-machines.org\/pt\/wp-json\/wp\/v2\/media\/1411"}],"wp:attachment":[{"href":"https:\/\/plastic-machines.org\/pt\/wp-json\/wp\/v2\/media?parent=41"}],"wp:term":[{"taxonomy":"post_tag","embeddable":true,"href":"https:\/\/plastic-machines.org\/pt\/wp-json\/wp\/v2\/tags?post=41"},{"taxonomy":"product-type","embeddable":true,"href":"https:\/\/plastic-machines.org\/pt\/wp-json\/wp\/v2\/product-type?post=41"}],"curies":[{"name":"wp","href":"https:\/\/api.w.org\/{rel}","templated":true}]}}