{"id":314,"date":"2022-07-13T10:39:43","date_gmt":"2022-07-13T10:39:43","guid":{"rendered":"https:\/\/plastic-machines.org\/?post_type=product&#038;p=314"},"modified":"2024-12-27T10:13:06","modified_gmt":"2024-12-27T02:13:06","slug":"eps-pelletizing-machine","status":"publish","type":"product","link":"https:\/\/plastic-machines.org\/pt\/product\/eps-pelletizing-machine\/","title":{"rendered":"M\u00e1quina de pelotiza\u00e7\u00e3o EPS para reciclagem de espuma pl\u00e1stica"},"content":{"rendered":"<div class=\"kk-star-ratings kksr-auto kksr-align-left kksr-valign-top\"     data-payload='{&quot;align&quot;:&quot;left&quot;,&quot;id&quot;:&quot;314&quot;,&quot;slug&quot;:&quot;default&quot;,&quot;valign&quot;:&quot;top&quot;,&quot;ignore&quot;:&quot;&quot;,&quot;reference&quot;:&quot;auto&quot;,&quot;class&quot;:&quot;&quot;,&quot;count&quot;:&quot;5&quot;,&quot;legendonly&quot;:&quot;&quot;,&quot;readonly&quot;:&quot;&quot;,&quot;score&quot;:&quot;5&quot;,&quot;starsonly&quot;:&quot;&quot;,&quot;best&quot;:&quot;5&quot;,&quot;gap&quot;:&quot;5&quot;,&quot;greet&quot;:&quot;Rate this product&quot;,&quot;legend&quot;:&quot;5\\\/5 - (5 votes)&quot;,&quot;size&quot;:&quot;24&quot;,&quot;title&quot;:&quot;EPS Pelletizing Machine for Plastic Foam Recycling&quot;,&quot;width&quot;:&quot;142.5&quot;,&quot;_legend&quot;:&quot;{score}\\\/{best} - ({count} {votes})&quot;,&quot;font_factor&quot;:&quot;1.25&quot;}'>              <div class=\"kksr-stars\">      <div class=\"kksr-stars-inactive\">             <div class=\"kksr-star\" data-star=\"1\" style=\"padding-right: 5px\">               <div class=\"kksr-icon\" style=\"width: 24px; height: 24px;\"><\/div>         <\/div>             <div class=\"kksr-star\" data-star=\"2\" style=\"padding-right: 5px\">               <div class=\"kksr-icon\" style=\"width: 24px; height: 24px;\"><\/div>         <\/div>             <div class=\"kksr-star\" data-star=\"3\" style=\"padding-right: 5px\">               <div class=\"kksr-icon\" style=\"width: 24px; height: 24px;\"><\/div>         <\/div>             <div class=\"kksr-star\" data-star=\"4\" style=\"padding-right: 5px\">               <div class=\"kksr-icon\" style=\"width: 24px; height: 24px;\"><\/div>         <\/div>             <div class=\"kksr-star\" data-star=\"5\" style=\"padding-right: 5px\">               <div class=\"kksr-icon\" style=\"width: 24px; height: 24px;\"><\/div>         <\/div>     <\/div>      <div class=\"kksr-stars-active\" style=\"width: 142.5px;\">             <div class=\"kksr-star\" style=\"padding-right: 5px\">               <div class=\"kksr-icon\" style=\"width: 24px; height: 24px;\"><\/div>         <\/div>             <div class=\"kksr-star\" style=\"padding-right: 5px\">               <div class=\"kksr-icon\" style=\"width: 24px; height: 24px;\"><\/div>         <\/div>             <div class=\"kksr-star\" style=\"padding-right: 5px\">               <div class=\"kksr-icon\" style=\"width: 24px; height: 24px;\"><\/div>         <\/div>             <div class=\"kksr-star\" style=\"padding-right: 5px\">               <div class=\"kksr-icon\" style=\"width: 24px; height: 24px;\"><\/div>         <\/div>             <div class=\"kksr-star\" style=\"padding-right: 5px\">               <div class=\"kksr-icon\" style=\"width: 24px; height: 24px;\"><\/div>         <\/div>     <\/div> <\/div>                   <div class=\"kksr-legend\" style=\"font-size: 19.2px;\">             5\/5 - (5 votos)    <\/div>     <\/div>  <p>A m\u00e1quina de pelotiza\u00e7\u00e3o EPS \u00e9 um equipamento profissional na ind\u00fastria de reciclagem de espuma pl\u00e1stica, especificamente para res\u00edduos de isopor (poliestireno). A estrutura do granulador de isopor \u00e9 compacta e razo\u00e1vel, e o custo de investimento \u00e9 baixo, o que \u00e9 a m\u00e1quina ideal para reciclagem de EPS.<\/p>    <h2 class=\"wp-block-heading\" id=\"h-applications-of-eps-granulator\">Aplica\u00e7\u00f5es do granulador EPS<\/h2>    <p class=\"translation-block\">A m\u00e1quina de reciclagem de poliestireno pode ser combinada com um triturador de espuma e uma m\u00e1quina de corte de pellets, que s\u00e3o os equipamentos b\u00e1sicos da <a href=\"https:\/\/plastic-machines.org\/pt\/product\/plastic-foam-pelletizing-line\/\">linha de reciclagem de espuma pl\u00e1stica<\/a>. A linha de reciclagem pode triturar, extrudar, resfriar e granular as caixas de comida r\u00e1pida de espuma, caixas frescas de espuma, materiais isolantes, espuma de embalagem para m\u00f3veis, etc., de modo que a espuma residual se torne os gr\u00e2nulos de EPS reciclados mais vendidos no mercado. A m\u00e1quina granuladora de espuma atende aos altos padr\u00f5es de pelotiza\u00e7\u00e3o de espuma pl\u00e1stica de EPS de ultra-baixa densidade.<\/p>   <div class=\"wp-block-image\"> <figure class=\"aligncenter size-full\"><img loading=\"lazy\" decoding=\"async\" width=\"720\" height=\"540\" src=\"https:\/\/plastic-machines.org\/wp-content\/uploads\/2022\/07\/raw-materials-.webp\" alt=\"mat\u00e9rias-primas da m\u00e1quina de pelotiza\u00e7\u00e3o EPS\" class=\"wp-image-326\" srcset=\"https:\/\/plastic-machines.org\/wp-content\/uploads\/2022\/07\/raw-materials-.webp 720w, https:\/\/plastic-machines.org\/wp-content\/uploads\/2022\/07\/raw-materials--300x225.webp 300w\" sizes=\"auto, (max-width: 720px) 100vw, 720px\" \/><figcaption class=\"wp-element-caption\">mat\u00e9rias-primas da m\u00e1quina de pelotiza\u00e7\u00e3o EPS<\/figcaption><\/figure> <\/div>   <h2 class=\"wp-block-heading\" id=\"h-final-product-of-eps-foam-pelletizing-machine\">Produto final da m\u00e1quina de pelotiza\u00e7\u00e3o de espuma EPS<\/h2>    <p>Ap\u00f3s a reciclagem, os pellets finais s\u00e3o pellets reciclados de EPS, possuem textura dura, tamanho uniforme, alto brilho e ampla gama de utiliza\u00e7\u00f5es. Os principais usos incluem a constru\u00e7\u00e3o de pain\u00e9is de isolamento exterior, partes transparentes de edif\u00edcios p\u00fablicos, instrumentos \u00f3pticos, modelos transparentes e assim por diante. Os fabricantes com alta demanda s\u00e3o principalmente f\u00e1bricas de paredes com isolamento de paredes externas, f\u00e1bricas de molduras para fotos e f\u00e1bricas de outdoors.<\/p>   <div class=\"wp-block-image\"> <figure class=\"aligncenter size-full\"><img loading=\"lazy\" decoding=\"async\" width=\"720\" height=\"540\" src=\"https:\/\/plastic-machines.org\/wp-content\/uploads\/2022\/07\/EPS-pellets.webp\" alt=\"Pelotas EPS\" class=\"wp-image-318\" srcset=\"https:\/\/plastic-machines.org\/wp-content\/uploads\/2022\/07\/EPS-pellets.webp 720w, https:\/\/plastic-machines.org\/wp-content\/uploads\/2022\/07\/EPS-pellets-300x225.webp 300w\" sizes=\"auto, (max-width: 720px) 100vw, 720px\" \/><figcaption class=\"wp-element-caption\">Pelotas EPS<\/figcaption><\/figure> <\/div>   <h2 class=\"wp-block-heading\" id=\"h-plastic-foam-granulator-structures\">Estruturas granuladoras de isopor<\/h2>    <p>Em geral, a m\u00e1quina de reciclagem de isopor \u00e9 frequentemente usada em combina\u00e7\u00e3o com um triturador de espuma e uma piscina de resfriamento. O triturador de isopor \u00e9 mais f\u00e1cil de alimentar quando usado na horizontal. O granulador EPS consiste em uma subm\u00e1quina e essa combina\u00e7\u00e3o faz com que o pl\u00e1stico derreta mais profundamente.<\/p>   <div class=\"wp-block-image\"> <figure class=\"aligncenter size-full\"><img loading=\"lazy\" decoding=\"async\" width=\"720\" height=\"540\" src=\"https:\/\/plastic-machines.org\/wp-content\/uploads\/2022\/07\/4-EPS-foam-granulator-machine-structure1.webp\" alt=\"Estrutura da m\u00e1quina granuladora de espuma EPS\" class=\"wp-image-320\" srcset=\"https:\/\/plastic-machines.org\/wp-content\/uploads\/2022\/07\/4-EPS-foam-granulator-machine-structure1.webp 720w, https:\/\/plastic-machines.org\/wp-content\/uploads\/2022\/07\/4-EPS-foam-granulator-machine-structure1-300x225.webp 300w\" sizes=\"auto, (max-width: 720px) 100vw, 720px\" \/><figcaption class=\"wp-element-caption\">Estrutura da m\u00e1quina granuladora de espuma EPS<\/figcaption><\/figure> <\/div>   <h2 class=\"wp-block-heading\">Vantagens da m\u00e1quina de reciclagem de EPS<\/h2>    <ul class=\"wp-block-list\"> <li>O fabricante Shuliy possui uma gama completa de tecnologia de reciclagem de pl\u00e1stico e qualidade confi\u00e1vel. Tamb\u00e9m temos um servi\u00e7o p\u00f3s-venda perfeito. Se voc\u00ea \u00e9 novato, pode comprar com confian\u00e7a, nossos t\u00e9cnicos profissionais explicar\u00e3o como operar.<\/li>    <li>O granulador EPS de pl\u00e1stico \u00e9 feito de a\u00e7o chumbo com estrutura de carbono, dur\u00e1vel e n\u00e3o \u00e9 f\u00e1cil de deformar, possui alta capacidade e longa vida \u00fatil.<\/li>    <li>O conjunto de pelotizadoras EPS possui instala\u00e7\u00f5es de suporte perfeitas e cobre uma \u00e1rea de produtos acabados pequenos e de alta qualidade.<\/li>    <li>A m\u00e1quina granuladora de espuma faz pleno uso do aquecimento por fric\u00e7\u00e3o de alta press\u00e3o e da produ\u00e7\u00e3o autom\u00e1tica de aquecimento, o que pode evitar o aquecimento cont\u00ednuo e economizar mais energia.<\/li> <\/ul>    <h2 class=\"wp-block-heading\">Par\u00e2metros da m\u00e1quina de pelotiza\u00e7\u00e3o de espuma EPS<\/h2>    <p>O granulador EPS possui seis modelos, o cliente pode escolher um de acordo com sua demanda e capacidade.<\/p>    <figure class=\"wp-block-table\"><table><tbody><tr><td>Modelo<\/td><td>Capacidade (KG\/H)<\/td><td>Motor Principal (KW)<\/td><\/tr><tr><td>220<br>(Redutor Duplo)<\/td><td>150-175<\/td><td>15<\/td><\/tr><tr><td>270<br>(Redutor Duplo)<\/td><td>200-225<\/td><td>18.5<\/td><\/tr><tr><td>220<br>(Redutor \u00danico)<\/td><td>150-175<\/td><td>15<\/td><\/tr><tr><td>270<br>(Redutor \u00danico)<\/td><td>200-225<\/td><td>18.5<\/td><\/tr><tr><td>320<br>(Redutor Duplo)<\/td><td>275-300<\/td><td>18.5<\/td><\/tr><tr><td>350<br>(Redutor Duplo)<\/td><td>325-375<\/td><td>22<\/td><\/tr><\/tbody><\/table><\/figure>    <h2 class=\"wp-block-heading\" id=\"h-plastic-foam-granulator-plant-display\">Exibi\u00e7\u00e3o de planta de m\u00e1quina de reciclagem de EPS<\/h2>   <div class=\"wp-block-image\"> <figure class=\"aligncenter size-full\"><img loading=\"lazy\" decoding=\"async\" width=\"720\" height=\"540\" src=\"https:\/\/plastic-machines.org\/wp-content\/uploads\/2022\/07\/EPS-pelletizer.webp\" alt=\"Peletizador EPS\" class=\"wp-image-202\" srcset=\"https:\/\/plastic-machines.org\/wp-content\/uploads\/2022\/07\/EPS-pelletizer.webp 720w, https:\/\/plastic-machines.org\/wp-content\/uploads\/2022\/07\/EPS-pelletizer-300x225.webp 300w\" sizes=\"auto, (max-width: 720px) 100vw, 720px\" \/><figcaption class=\"wp-element-caption\">M\u00e1quina de pelotiza\u00e7\u00e3o EPS<\/figcaption><\/figure> <\/div>  <div class=\"wp-block-image\"> <figure class=\"aligncenter size-full\"><img loading=\"lazy\" decoding=\"async\" width=\"720\" height=\"540\" src=\"https:\/\/plastic-machines.org\/wp-content\/uploads\/2022\/07\/our-factory.webp\" alt=\"nossa f\u00e1brica de m\u00e1quina de reciclagem de espuma pl\u00e1stica\" class=\"wp-image-205\" srcset=\"https:\/\/plastic-machines.org\/wp-content\/uploads\/2022\/07\/our-factory.webp 720w, https:\/\/plastic-machines.org\/wp-content\/uploads\/2022\/07\/our-factory-300x225.webp 300w\" sizes=\"auto, (max-width: 720px) 100vw, 720px\" \/><figcaption class=\"wp-element-caption\">F\u00e1brica Shuliy de m\u00e1quina de reciclagem de EPS<\/figcaption><\/figure> <\/div>   <h2 class=\"wp-block-heading\">Manuten\u00e7\u00e3o de m\u00e1quina pelotizadora de EPS <\/h2>    <p>Qualquer m\u00e1quina precisa de manuten\u00e7\u00e3o regular e uma m\u00e1quina de pelotiza\u00e7\u00e3o EPS n\u00e3o \u00e9 exce\u00e7\u00e3o. Ap\u00f3s um per\u00edodo de uso da peletizadora, alguns clientes descobrem que a rota\u00e7\u00e3o da m\u00e1quina de reciclagem de espuma tamb\u00e9m n\u00e3o \u00e9 t\u00e3o flex\u00edvel como antes. A causa deste problema \u00e9 relativamente simples. Falta de \u00f3leo na m\u00e1quina ou poeira no chassi causada por mais. Podemos verificar o funcionamento dos rolos a cada seis meses, lubrificar e substituir rolamentos desgastados ou danificados em tempo h\u00e1bil.<\/p>    <p>Os operadores devem limpar o copo de \u00f3leo, o tanque de \u00f3leo, a tubula\u00e7\u00e3o e o filtro ap\u00f3s 500 horas de produ\u00e7\u00e3o e, em seguida, adicionar novo \u00f3leo de filtro. Limpe a poeira e sujeira da caixa de controle el\u00e9trico uma vez a cada trimestre ou semestralmente, verifique a quantidade de lubrificante do tanque de \u00f3leo e reabaste\u00e7a a quantidade de lubrificante a tempo.<\/p>    <h2 class=\"wp-block-heading\">Servi\u00e7os de granulador EPS Shuliy Machinery<\/h2>    <ul class=\"wp-block-list\"> <li>Oferecemos um servi\u00e7o de consulta de produtos gratuito, mas profissional. Normalmente, nossos consultores de vendas responder\u00e3o dentro de 24 horas.<\/li>    <li>Voc\u00ea est\u00e1 convidado a visitar nossa f\u00e1brica para ver a m\u00e1quina de reciclagem de espuma pl\u00e1stica EPS. Caso n\u00e3o possa visitar a f\u00e1brica, nossa equipe lhe enviar\u00e1 fotos e v\u00eddeos, n\u00e3o hesite em nos contatar.<\/li>    <li>Engenheiros p\u00f3s-venda est\u00e3o dispon\u00edveis para ajud\u00e1-lo na instala\u00e7\u00e3o de sua m\u00e1quina. Assim que a m\u00e1quina chegar, nossos engenheiros estar\u00e3o online para ajud\u00e1-lo a configurar e depurar a m\u00e1quina.<\/li>    <li>Todas as m\u00e1quinas de reciclagem EPS da Shuliy Machinery t\u00eam uma garantia gratuita de um ano. Sinta-se \u00e0 vontade para nos contactar.<\/li> <\/ul>","protected":false},"excerpt":{"rendered":"<p>EPS pelletizing machine is a professional equipment in the plastic foam recycling industry, which is specifically for waste styrofoam (polystyrene). The styrofoam granulator structure is compact and reasonable, and the investment cost is low, which is the ideal EPS recycling machine. Applications of EPS granulator The polystyrene recycling machine can be matched with a foam [&hellip;]<\/p>\n","protected":false},"author":1,"featured_media":442,"parent":0,"template":"","tags":[43],"product-type":[9],"class_list":["post-314","product","type-product","status-publish","has-post-thumbnail","hentry","tag-eps","product-type-plastic-pelletizer"],"taxonomy_info":{"post_tag":[{"value":43,"label":"EPS"}],"product-type":[{"value":9,"label":"Plastic Pelletizer"}]},"featured_image_src_large":["https:\/\/plastic-machines.org\/wp-content\/uploads\/2022\/06\/EPS-Pelletizing-Machine1.webp",720,540,false],"author_info":{"display_name":"Ella","author_link":"https:\/\/plastic-machines.org\/pt\/author\/admin\/"},"comment_info":"","_links":{"self":[{"href":"https:\/\/plastic-machines.org\/pt\/wp-json\/wp\/v2\/product\/314","targetHints":{"allow":["GET"]}}],"collection":[{"href":"https:\/\/plastic-machines.org\/pt\/wp-json\/wp\/v2\/product"}],"about":[{"href":"https:\/\/plastic-machines.org\/pt\/wp-json\/wp\/v2\/types\/product"}],"author":[{"embeddable":true,"href":"https:\/\/plastic-machines.org\/pt\/wp-json\/wp\/v2\/users\/1"}],"wp:featuredmedia":[{"embeddable":true,"href":"https:\/\/plastic-machines.org\/pt\/wp-json\/wp\/v2\/media\/442"}],"wp:attachment":[{"href":"https:\/\/plastic-machines.org\/pt\/wp-json\/wp\/v2\/media?parent=314"}],"wp:term":[{"taxonomy":"post_tag","embeddable":true,"href":"https:\/\/plastic-machines.org\/pt\/wp-json\/wp\/v2\/tags?post=314"},{"taxonomy":"product-type","embeddable":true,"href":"https:\/\/plastic-machines.org\/pt\/wp-json\/wp\/v2\/product-type?post=314"}],"curies":[{"name":"wp","href":"https:\/\/api.w.org\/{rel}","templated":true}]}}