{"id":302,"date":"2022-07-12T10:45:36","date_gmt":"2022-07-12T10:45:36","guid":{"rendered":"https:\/\/plastic-machines.org\/?post_type=product&#038;p=302"},"modified":"2026-01-29T14:58:38","modified_gmt":"2026-01-29T06:58:38","slug":"plastic-float-sink-tank","status":"publish","type":"product","link":"https:\/\/plastic-machines.org\/pt\/product\/plastic-float-sink-tank\/","title":{"rendered":"Tanque de Flutua\u00e7\u00e3o de Pl\u00e1stico para Lavagem e Separa\u00e7\u00e3o de Flocos de Alta Pureza"},"content":{"rendered":"<div class=\"kk-star-ratings kksr-auto kksr-align-left kksr-valign-top\"     data-payload='{&quot;align&quot;:&quot;left&quot;,&quot;id&quot;:&quot;302&quot;,&quot;slug&quot;:&quot;default&quot;,&quot;valign&quot;:&quot;top&quot;,&quot;ignore&quot;:&quot;&quot;,&quot;reference&quot;:&quot;auto&quot;,&quot;class&quot;:&quot;&quot;,&quot;count&quot;:&quot;1&quot;,&quot;legendonly&quot;:&quot;&quot;,&quot;readonly&quot;:&quot;&quot;,&quot;score&quot;:&quot;5&quot;,&quot;starsonly&quot;:&quot;&quot;,&quot;best&quot;:&quot;5&quot;,&quot;gap&quot;:&quot;5&quot;,&quot;greet&quot;:&quot;Rate this product&quot;,&quot;legend&quot;:&quot;5\\\/5 - (1 vote)&quot;,&quot;size&quot;:&quot;24&quot;,&quot;title&quot;:&quot;Plastic Float Sink Tank for High-Purity Flake Washing Separating&quot;,&quot;width&quot;:&quot;142.5&quot;,&quot;_legend&quot;:&quot;{score}\\\/{best} - ({count} {votes})&quot;,&quot;font_factor&quot;:&quot;1.25&quot;}'>              <div class=\"kksr-stars\">      <div class=\"kksr-stars-inactive\">             <div class=\"kksr-star\" data-star=\"1\" style=\"padding-right: 5px\">               <div class=\"kksr-icon\" style=\"width: 24px; height: 24px;\"><\/div>         <\/div>             <div class=\"kksr-star\" data-star=\"2\" style=\"padding-right: 5px\">               <div class=\"kksr-icon\" style=\"width: 24px; height: 24px;\"><\/div>         <\/div>             <div class=\"kksr-star\" data-star=\"3\" style=\"padding-right: 5px\">               <div class=\"kksr-icon\" style=\"width: 24px; height: 24px;\"><\/div>         <\/div>             <div class=\"kksr-star\" data-star=\"4\" style=\"padding-right: 5px\">               <div class=\"kksr-icon\" style=\"width: 24px; height: 24px;\"><\/div>         <\/div>             <div class=\"kksr-star\" data-star=\"5\" style=\"padding-right: 5px\">               <div class=\"kksr-icon\" style=\"width: 24px; height: 24px;\"><\/div>         <\/div>     <\/div>      <div class=\"kksr-stars-active\" style=\"width: 142.5px;\">             <div class=\"kksr-star\" style=\"padding-right: 5px\">               <div class=\"kksr-icon\" style=\"width: 24px; height: 24px;\"><\/div>         <\/div>             <div class=\"kksr-star\" style=\"padding-right: 5px\">               <div class=\"kksr-icon\" style=\"width: 24px; height: 24px;\"><\/div>         <\/div>             <div class=\"kksr-star\" style=\"padding-right: 5px\">               <div class=\"kksr-icon\" style=\"width: 24px; height: 24px;\"><\/div>         <\/div>             <div class=\"kksr-star\" style=\"padding-right: 5px\">               <div class=\"kksr-icon\" style=\"width: 24px; height: 24px;\"><\/div>         <\/div>             <div class=\"kksr-star\" style=\"padding-right: 5px\">               <div class=\"kksr-icon\" style=\"width: 24px; height: 24px;\"><\/div>         <\/div>     <\/div> <\/div>                   <div class=\"kksr-legend\" style=\"font-size: 19.2px;\">             5\/5 - (1 voto)    <\/div>     <\/div>  <p>O tanque coletor flutuante de pl\u00e1stico \u00e9 uma das m\u00e1quinas mais populares na linha de reciclagem de garrafas pl\u00e1sticas, tamb\u00e9m chamada de tanque de separa\u00e7\u00e3o PP PE. O tanque separador utiliza diferentes densidades pl\u00e1sticas para rejeitar tampas de garrafas de PP ou PE, selecionando pe\u00e7as PET limpas e garantindo a pureza do produto.<\/p>    <h2 class=\"wp-block-heading\" id=\"h-pet-bottle-washing-machine-application\">Aplica\u00e7\u00e3o de m\u00e1quina de lavar garrafas PET <\/h2>    <p class=\"translation-block\">Em termos gerais, as garrafas PET recicladas ser\u00e3o enviadas para um tanque de separa\u00e7\u00e3o PP PE ap\u00f3s a <a href=\"https:\/\/plastic-machines.org\/pt\/product\/plastic-bottle-crusher\/\">redu\u00e7\u00e3o<\/a>. Como as tampas de garrafa de pl\u00e1stico s\u00e3o feitas de PP ou PE, \u00e9 necess\u00e1rio separ\u00e1-las dos gr\u00e3os de PET. S\u00f3 depois de o material PET limpo estar separado, \u00e9 que o pr\u00f3ximo processo de limpeza pode come\u00e7ar.<\/p>    <h2 class=\"wp-block-heading\">Por que um Tanque de Separa\u00e7\u00e3o PET de Flutua\u00e7\u00e3o e Submers\u00e3o \u00e9 Cr\u00edtico para a Miss\u00e3o?<\/h2>    <p>\u201cNo mercado competitivo de rPET, a pureza das flocos n\u00e3o \u00e9 uma caracter\u00edstica \u2014 \u00e9 a sua moeda. Uma contamina\u00e7\u00e3o de apenas 1% de PP\/PE nos seus flocos de PET pode reduzir drasticamente o valor de mercado do material e limitar a sua aplica\u00e7\u00e3o, desqualificando-o de setores de alto lucro, como a produ\u00e7\u00e3o de fibras ou reciclagem de garrafas para garrafas. <\/p>    <p>The sink-float separation tank acts as the primary guardian of your product&#8217;s purity and, ultimately, your profitability. It is the most cost-effective bulk separation method to remove polyolefin (PP\/PE) caps and labels, ensuring the final rPET flakes meet stringent quality standards (e.g., contamination levels below 100ppm).&#8221;<\/p>    <h2 class=\"wp-block-heading\">Exibi\u00e7\u00e3o de f\u00e1brica de tanque de pia flutuante de pl\u00e1stico<\/h2>    <figure class=\"wp-block-gallery has-nested-images columns-default is-cropped wp-block-gallery-2 is-layout-flex wp-block-gallery-is-layout-flex\"> <figure class=\"wp-block-image size-large\"><img loading=\"lazy\" decoding=\"async\" width=\"720\" height=\"540\" data-id=\"305\" src=\"https:\/\/plastic-machines.org\/wp-content\/uploads\/2022\/07\/plastic-washing-tank.webp\" alt=\"tanque de lavagem de pl\u00e1stico\" class=\"wp-image-305\" srcset=\"https:\/\/plastic-machines.org\/wp-content\/uploads\/2022\/07\/plastic-washing-tank.webp 720w, https:\/\/plastic-machines.org\/wp-content\/uploads\/2022\/07\/plastic-washing-tank-300x225.webp 300w\" sizes=\"auto, (max-width: 720px) 100vw, 720px\" \/><figcaption class=\"wp-element-caption\">tanque de lavagem de pl\u00e1stico<\/figcaption><\/figure>    <figure class=\"wp-block-image size-large\"><img loading=\"lazy\" decoding=\"async\" width=\"720\" height=\"540\" data-id=\"306\" src=\"https:\/\/plastic-machines.org\/wp-content\/uploads\/2022\/07\/PP-PE-separating-tank-in-plant.webp\" alt=\"Tanque de separa\u00e7\u00e3o PP PE na planta\" class=\"wp-image-306\" srcset=\"https:\/\/plastic-machines.org\/wp-content\/uploads\/2022\/07\/PP-PE-separating-tank-in-plant.webp 720w, https:\/\/plastic-machines.org\/wp-content\/uploads\/2022\/07\/PP-PE-separating-tank-in-plant-300x225.webp 300w\" sizes=\"auto, (max-width: 720px) 100vw, 720px\" \/><figcaption class=\"wp-element-caption\">Tanque de separa\u00e7\u00e3o PP PE na planta<\/figcaption><\/figure> <\/figure>    <figure class=\"wp-block-gallery has-nested-images columns-default is-cropped wp-block-gallery-3 is-layout-flex wp-block-gallery-is-layout-flex\"> <figure class=\"wp-block-image size-large\"><img loading=\"lazy\" decoding=\"async\" width=\"720\" height=\"540\" data-id=\"307\" src=\"https:\/\/plastic-machines.org\/wp-content\/uploads\/2022\/07\/plastic-float-sink-tank-in-plant-.webp\" alt=\"tanque de pia flutuante de pl\u00e1stico na planta\" class=\"wp-image-307\" srcset=\"https:\/\/plastic-machines.org\/wp-content\/uploads\/2022\/07\/plastic-float-sink-tank-in-plant-.webp 720w, https:\/\/plastic-machines.org\/wp-content\/uploads\/2022\/07\/plastic-float-sink-tank-in-plant--300x225.webp 300w\" sizes=\"auto, (max-width: 720px) 100vw, 720px\" \/><figcaption class=\"wp-element-caption\">tanque de pia flutuante de pl\u00e1stico na planta<\/figcaption><\/figure>    <figure class=\"wp-block-image size-large\"><img loading=\"lazy\" decoding=\"async\" width=\"720\" height=\"540\" data-id=\"308\" src=\"https:\/\/plastic-machines.org\/wp-content\/uploads\/2022\/07\/plastic-float-sink-tank.webp\" alt=\"tanque de pia flutuante de pl\u00e1stico\" class=\"wp-image-308\" srcset=\"https:\/\/plastic-machines.org\/wp-content\/uploads\/2022\/07\/plastic-float-sink-tank.webp 720w, https:\/\/plastic-machines.org\/wp-content\/uploads\/2022\/07\/plastic-float-sink-tank-300x225.webp 300w\" sizes=\"auto, (max-width: 720px) 100vw, 720px\" \/><figcaption class=\"wp-element-caption\">tanque de pia flutuante de pl\u00e1stico<\/figcaption><\/figure> <\/figure>    <figure class=\"wp-block-gallery has-nested-images columns-default is-cropped wp-block-gallery-4 is-layout-flex wp-block-gallery-is-layout-flex\"> <figure class=\"wp-block-image size-large\"><img loading=\"lazy\" decoding=\"async\" width=\"720\" height=\"540\" data-id=\"310\" src=\"https:\/\/plastic-machines.org\/wp-content\/uploads\/2022\/07\/PET-Bottle-Washing-Separating-Machine.webp\" alt=\"tanque de pia flutuante de pl\u00e1stico para reciclagem de garrafas PET\" class=\"wp-image-310\" srcset=\"https:\/\/plastic-machines.org\/wp-content\/uploads\/2022\/07\/PET-Bottle-Washing-Separating-Machine.webp 720w, https:\/\/plastic-machines.org\/wp-content\/uploads\/2022\/07\/PET-Bottle-Washing-Separating-Machine-300x225.webp 300w\" sizes=\"auto, (max-width: 720px) 100vw, 720px\" \/><figcaption class=\"wp-element-caption\">tanque de pia flutuante de pl\u00e1stico<\/figcaption><\/figure>    <figure class=\"wp-block-image size-large\"><img loading=\"lazy\" decoding=\"async\" width=\"720\" height=\"540\" data-id=\"311\" src=\"https:\/\/plastic-machines.org\/wp-content\/uploads\/2022\/07\/PP-PE-separating-tank.webp\" alt=\"Tanque de separa\u00e7\u00e3o PP PE\" class=\"wp-image-311\" srcset=\"https:\/\/plastic-machines.org\/wp-content\/uploads\/2022\/07\/PP-PE-separating-tank.webp 720w, https:\/\/plastic-machines.org\/wp-content\/uploads\/2022\/07\/PP-PE-separating-tank-300x225.webp 300w\" sizes=\"auto, (max-width: 720px) 100vw, 720px\" \/><figcaption class=\"wp-element-caption\">Tanque de separa\u00e7\u00e3o PP PE<\/figcaption><\/figure> <\/figure>    <h2 class=\"wp-block-heading\">Por que voc\u00ea precisa de um tanque flutuante de pl\u00e1stico?<\/h2>    <p>A maioria das garrafas de bebidas e garrafas de \u00e1gua mineral s\u00e3o feitas de pl\u00e1stico PET, e o pl\u00e1stico PET \u00e9 um material recicl\u00e1vel 100%. Portanto, tanto o pl\u00e1stico PET quanto o rPET (pl\u00e1stico PET reciclado) podem ser reciclados para fabricar novamente novos produtos, como roupas, tapetes, produtos industriais e novas garrafas pl\u00e1sticas.<\/p>    <p class=\"translation-block\">Ap\u00f3s as garrafas de pl\u00e1stico serem pulverizadas, \u00e9 necess\u00e1rio despulveriz\u00e1-las e limp\u00e1-las minuciosamente atrav\u00e9s do tanque de separa\u00e7\u00e3o PP PE, o que \u00e9 feito para obter uma \u00fanica variedade de flocos de pl\u00e1stico PET. Em vez de uma mistura de pl\u00e1stico intercalada com flocos de PP ou PE. O pl\u00e1stico PET puro \u00e9 reconstitu\u00eddo em part\u00edculas de pl\u00e1stico bruto num molde e, por fim, utilizado na produ\u00e7\u00e3o de novos produtos. Portanto, \u00e9 necess\u00e1rio numa <a href=\"https:\/\/plastic-machines.org\/pt\/product\/pet-bottle-recycling-line\/\">f\u00e1brica de reciclagem de garrafas PET<\/a>.<\/p>    <h2 class=\"wp-block-heading\">Como Funciona: Um Olhar Dentro do Processo de Separa\u00e7\u00e3o<\/h2>    <p>O tanque de flutua\u00e7\u00e3o\/submers\u00e3o utiliza o princ\u00edpio fundamental da densidade do material num processo cuidadosamente engenhado:<\/p>    <ul class=\"wp-block-list\"> <li>Alimenta\u00e7\u00e3o: Flocos pl\u00e1sticos esmagados e previamente lavados (uma mistura de PET, PP, PE) s\u00e3o introduzidos no tanque preenchido com \u00e1gua.<\/li>    <li>Separa\u00e7\u00e3o: Devido \u00e0 sua maior densidade (&gt;1,3 g\/cm\u00b3), os flocos de PET come\u00e7am imediatamente a afundar. Em contrapartida, PP e PE de tampas de garrafa e restos de r\u00f3tulos, com densidades &lt;1,0 g\/cm\u00b3, flutuam para a superf\u00edcie.<\/li>    <li>Descarga de PET: Um transportador de parafuso inferior de rota\u00e7\u00e3o lenta (ou raspador de corrente), concebido para minimizar a perturba\u00e7\u00e3o da \u00e1gua, transporta os flocos de PET afundados ao longo do comprimento do tanque. S\u00e3o ent\u00e3o descarregados atrav\u00e9s de um elevador de parafuso inclinado, que tamb\u00e9m ajuda a desidratar o material.<\/li>    <li>Remo\u00e7\u00e3o de Contaminantes: Simultaneamente, as p\u00e1s(es) rotativas no topo empurram suavemente os contaminantes PP\/PE flutuantes para uma tomada de descarga lateral ou para uma cuba rotativa para remo\u00e7\u00e3o autom\u00e1tica. Um anteparo estrategicamente colocado impede que estes contaminantes entrem na corrente de descarga de PET.<\/li> <\/ul>    <p>Notas Cr\u00edticas: Embora seja altamente eficaz para PP\/PE, este m\u00e9todo n\u00e3o pode separar contaminantes com densidade semelhante \u00e0 do PET, como o PVC. \u00c9 por isso que uma fase de pr\u00e9-sele\u00e7\u00e3o robusta \u00e9 essencial.<\/p>    <p>A m\u00e1quina de lavar garrafas pet utiliza \u00e1gua como meio para separar as tampas de PP e PE dos flocos de PET, entretanto, tamb\u00e9m pode limpar os flocos de PET. Quando as garrafas pl\u00e1sticas trituradas entram na m\u00e1quina, as tampas das garrafas pl\u00e1sticas, cuja densidade \u00e9 inferior \u00e0 da \u00e1gua, flutuar\u00e3o na superf\u00edcie da \u00e1gua.<\/p>    <p>Como as tampas das garrafas pl\u00e1sticas s\u00e3o feitas de material PP e PE, ambas t\u00eam menos densidade que a \u00e1gua, portanto flutuar\u00e3o na superf\u00edcie da \u00e1gua, enquanto os peda\u00e7os mais densos das garrafas PET afundar\u00e3o, o que \u00e9 um dos mais f\u00e1ceis e eficazes maneiras de separar material PET limpo.<\/p>    <h2 class=\"wp-block-heading\">Principais Caracter\u00edsticas de Design do Tanque de Separa\u00e7\u00e3o PET de Flutua\u00e7\u00e3o e Submers\u00e3o<\/h2>    <ul class=\"wp-block-list\"> <li>Constru\u00e7\u00e3o Robustaa: Todas as pe\u00e7as em contacto com \u00e1gua e pl\u00e1stico s\u00e3o feitas de A\u00e7o Inoxid\u00e1vel Tipo 304 para evitar ferrugem e contamina\u00e7\u00e3o do produto, assegurando uma longa vida \u00fatil. A estrutura \u00e9 baseada em a\u00e7o carbono de uso pesado para integridade estrutural.<\/li>    <li>Dimens\u00f5es do Tanque Otimizadas: Os nossos modelos padr\u00e3o oferecem uma rela\u00e7\u00e3o comprimento\/largura comprovada para o tempo de resid\u00eancia \u00f3timo do material, maximizando a efici\u00eancia de separa\u00e7\u00e3o. Dimens\u00f5es personalizadas est\u00e3o dispon\u00edveis para se adequarem ao layout da sua planta e \u00e0s necessidades de capacidade.<\/li>    <li>Sistema de Transporte Eficiente: oferecemos tanto transportadores de parafuso para aplica\u00e7\u00f5es padr\u00e3o como raspadores de corrente de servi\u00e7o pesado para maiores capacidades ou materiais mais abrasivos, garantindo funcionamento fi\u00e1vel e sem obstru\u00e7\u00f5es.<\/li>    <li>Circula\u00e7\u00e3o de \u00c1gua Integrada (Opcional): Para reduzir o consumo de \u00e1gua, o nosso sistema pode ser equipado com uma bomba de filtragem e circula\u00e7\u00e3o de \u00e1gua, reduzindo significativamente os seus custos operacionais.<\/li>    <li>Acesso de Manuten\u00e7\u00e3o F\u00e1cil: Concebidos com os operadores em mente, os nossos tanques possuem portas de limpeza grandes e componentes facilmente acess\u00edveis para manuten\u00e7\u00e3o simplificada e menor tempo de inatividade.<\/li> <\/ul>    <h2 class=\"wp-block-heading\">Especifica\u00e7\u00f5es T\u00e9cnicas: Tanque de Separa\u00e7\u00e3o PET de Flutua\u00e7\u00e3o e Submers\u00e3o da S\u00e9rie SL<\/h2>    <figure class=\"wp-block-table\"><table><thead><tr><th>Par\u00e2metro<\/th><th>Especifica\u00e7\u00e3o<\/th><th>Notas<\/th><\/tr><\/thead><tbody><tr><td><strong>Modelo<\/strong><\/td><td>SL-500 \/ SL-1000 \/ SL-2000<\/td><td>Ou listar como \u201cPersonaliz\u00e1vel\u201d<\/td><\/tr><tr><td><strong>Capacidade de processamento<\/strong><\/td><td>500 \u2013 3.000 kg\/h<\/td><td>Varia consoante o modelo e o estado do material<\/td><\/tr><tr><td><strong>Dimens\u00f5es do Tanque (L\u00d7W\u00d7H)<\/strong><\/td><td>Personaliz\u00e1vel<\/td><td>Dimens\u00f5es padr\u00e3o dispon\u00edveis mediante pedido<\/td><\/tr><tr><td><strong>Material Interior<\/strong><\/td><td><strong>A\u00e7o Inoxid\u00e1vel SUS304<\/strong><\/td><td>Garante aus\u00eancia de contamina\u00e7\u00e3o por ferrugem, longa vida \u00fatil<\/td><\/tr><tr><td><strong>Estrutura Exterior<\/strong><\/td><td>A\u00e7o Carbono Pesado<\/td><td>Revestido com tinta marinha anticorrosiva<\/td><\/tr><tr><td><strong>Sistema de Transporte de PET<\/strong><\/td><td>Transportador de Parafuso Inferior (Padr\u00e3o)<\/td><td>Raspador de corrente dispon\u00edvel para maiores capacidades<\/td><\/tr><tr><td><strong>Remo\u00e7\u00e3o de Impurezas Flutuantes<\/strong><\/td><td>p\u00e1s(es) de rota\u00e7\u00e3o superior<\/td><td>Descarga autom\u00e1tica para uma ranhura dedicada<\/td><\/tr><tr><td><strong>Pot\u00eancia Total do Motor<\/strong><\/td><td>3 kW \u2013 11 kW<\/td><td>Dependente da capacidade e configura\u00e7\u00e3o<\/td><\/tr><tr><td><strong>Voltagem<\/strong><\/td><td>380V\/50Hz\/3P (Personaliz\u00e1vel)<\/td><td>Pode ser adaptado ao padr\u00e3o de qualquer pa\u00eds<\/td><\/tr><tr><td><strong>Sistema de Controlo<\/strong><\/td><td>Arm\u00e1rio de Controlo Independente<\/td><td>Com controlo de frequ\u00eancia (VFD) para motores<\/td><\/tr><\/tbody><\/table><\/figure>","protected":false},"excerpt":{"rendered":"<p>The plastic float sink tank is one of the most popular machines in the plastic bottle recycling line, which is also called the PP PE separating tank. The separating tank uses different plastic densities to reject PP or PE bottle caps, thus selecting clean PET pieces and ensuring the purity of the product. PET bottle [&hellip;]<\/p>\n","protected":false},"author":1,"featured_media":457,"parent":0,"template":"","tags":[54,35],"product-type":[14,27],"class_list":["post-302","product","type-product","status-publish","has-post-thumbnail","hentry","tag-float","tag-pet","product-type-plastic-cleaning-drying-equipment","product-type-separation-technology"],"taxonomy_info":{"post_tag":[{"value":54,"label":"float"},{"value":35,"label":"PET"}],"product-type":[{"value":14,"label":"Plastic Cleaning&amp;Drying equipment"},{"value":27,"label":"Separation Technology"}]},"featured_image_src_large":["https:\/\/plastic-machines.org\/wp-content\/uploads\/2022\/06\/washing-and-sorting-tank1.webp",720,540,false],"author_info":{"display_name":"Ella","author_link":"https:\/\/plastic-machines.org\/pt\/author\/admin\/"},"comment_info":"","_links":{"self":[{"href":"https:\/\/plastic-machines.org\/pt\/wp-json\/wp\/v2\/product\/302","targetHints":{"allow":["GET"]}}],"collection":[{"href":"https:\/\/plastic-machines.org\/pt\/wp-json\/wp\/v2\/product"}],"about":[{"href":"https:\/\/plastic-machines.org\/pt\/wp-json\/wp\/v2\/types\/product"}],"author":[{"embeddable":true,"href":"https:\/\/plastic-machines.org\/pt\/wp-json\/wp\/v2\/users\/1"}],"wp:featuredmedia":[{"embeddable":true,"href":"https:\/\/plastic-machines.org\/pt\/wp-json\/wp\/v2\/media\/457"}],"wp:attachment":[{"href":"https:\/\/plastic-machines.org\/pt\/wp-json\/wp\/v2\/media?parent=302"}],"wp:term":[{"taxonomy":"post_tag","embeddable":true,"href":"https:\/\/plastic-machines.org\/pt\/wp-json\/wp\/v2\/tags?post=302"},{"taxonomy":"product-type","embeddable":true,"href":"https:\/\/plastic-machines.org\/pt\/wp-json\/wp\/v2\/product-type?post=302"}],"curies":[{"name":"wp","href":"https:\/\/api.w.org\/{rel}","templated":true}]}}