{"id":293,"date":"2022-07-12T03:44:55","date_gmt":"2022-07-12T03:44:55","guid":{"rendered":"https:\/\/plastic-machines.org\/?post_type=product&#038;p=293"},"modified":"2025-11-14T16:03:42","modified_gmt":"2025-11-14T08:03:42","slug":"pet-flakes-friction-washer","status":"publish","type":"product","link":"https:\/\/plastic-machines.org\/pt\/product\/pet-flakes-friction-washer\/","title":{"rendered":"M\u00e1quina lavadora de fric\u00e7\u00e3o de flocos PET para lavagem de garrafas"},"content":{"rendered":"<div class=\"kk-star-ratings kksr-auto kksr-align-left kksr-valign-top\"     data-payload='{&quot;align&quot;:&quot;left&quot;,&quot;id&quot;:&quot;293&quot;,&quot;slug&quot;:&quot;default&quot;,&quot;valign&quot;:&quot;top&quot;,&quot;ignore&quot;:&quot;&quot;,&quot;reference&quot;:&quot;auto&quot;,&quot;class&quot;:&quot;&quot;,&quot;count&quot;:&quot;2&quot;,&quot;legendonly&quot;:&quot;&quot;,&quot;readonly&quot;:&quot;&quot;,&quot;score&quot;:&quot;5&quot;,&quot;starsonly&quot;:&quot;&quot;,&quot;best&quot;:&quot;5&quot;,&quot;gap&quot;:&quot;5&quot;,&quot;greet&quot;:&quot;Rate this product&quot;,&quot;legend&quot;:&quot;5\\\/5 - (2 votes)&quot;,&quot;size&quot;:&quot;24&quot;,&quot;title&quot;:&quot;PET Flakes Friction Washer Machine for Bottle Washing&quot;,&quot;width&quot;:&quot;142.5&quot;,&quot;_legend&quot;:&quot;{score}\\\/{best} - ({count} {votes})&quot;,&quot;font_factor&quot;:&quot;1.25&quot;}'>              <div class=\"kksr-stars\">      <div class=\"kksr-stars-inactive\">             <div class=\"kksr-star\" data-star=\"1\" style=\"padding-right: 5px\">               <div class=\"kksr-icon\" style=\"width: 24px; height: 24px;\"><\/div>         <\/div>             <div class=\"kksr-star\" data-star=\"2\" style=\"padding-right: 5px\">               <div class=\"kksr-icon\" style=\"width: 24px; height: 24px;\"><\/div>         <\/div>             <div class=\"kksr-star\" data-star=\"3\" style=\"padding-right: 5px\">               <div class=\"kksr-icon\" style=\"width: 24px; height: 24px;\"><\/div>         <\/div>             <div class=\"kksr-star\" data-star=\"4\" style=\"padding-right: 5px\">               <div class=\"kksr-icon\" style=\"width: 24px; height: 24px;\"><\/div>         <\/div>             <div class=\"kksr-star\" data-star=\"5\" style=\"padding-right: 5px\">               <div class=\"kksr-icon\" style=\"width: 24px; height: 24px;\"><\/div>         <\/div>     <\/div>      <div class=\"kksr-stars-active\" style=\"width: 142.5px;\">             <div class=\"kksr-star\" style=\"padding-right: 5px\">               <div class=\"kksr-icon\" style=\"width: 24px; height: 24px;\"><\/div>         <\/div>             <div class=\"kksr-star\" style=\"padding-right: 5px\">               <div class=\"kksr-icon\" style=\"width: 24px; height: 24px;\"><\/div>         <\/div>             <div class=\"kksr-star\" style=\"padding-right: 5px\">               <div class=\"kksr-icon\" style=\"width: 24px; height: 24px;\"><\/div>         <\/div>             <div class=\"kksr-star\" style=\"padding-right: 5px\">               <div class=\"kksr-icon\" style=\"width: 24px; height: 24px;\"><\/div>         <\/div>             <div class=\"kksr-star\" style=\"padding-right: 5px\">               <div class=\"kksr-icon\" style=\"width: 24px; height: 24px;\"><\/div>         <\/div>     <\/div> <\/div>                   <div class=\"kksr-legend\" style=\"font-size: 19.2px;\">             5\/5 - (2 votos)    <\/div>     <\/div>  <p>A lavadora de fric\u00e7\u00e3o de flocos PET \u00e9 utilizada para limpar flocos de pl\u00e1stico sujos, \u00e9 um dos equipamentos necess\u00e1rios para processos de reciclagem de pl\u00e1stico e principalmente para linhas de limpeza de garrafas pl\u00e1sticas PET. A arruela de fric\u00e7\u00e3o pl\u00e1stica pode ser equipada com correia transportadora de material de acordo com a necessidade do cliente, e o tamanho pode ser customizado.<\/p>    <h2 class=\"wp-block-heading\" id=\"h-introduction-of-pet-flakes-friction-washer\">Introdu\u00e7\u00e3o de lavadora de fric\u00e7\u00e3o de flocos de PET<\/h2>    <p class=\"translation-block\">A m\u00e1quina de lavagem de garrafas de pl\u00e1stico \u00e9 um equipamento eficiente para limpeza de flocos de garrafas PET. Na nossa <a href=\"https:\/\/plastic-machines.org\/pt\/product\/pet-bottle-recycling-line\/\">linha de limpeza de PET<\/a> standard, esta m\u00e1quina de lavagem de alta velocidade esfrega adicionalmente os flocos de pl\u00e1stico com \u00e1gua fria ap\u00f3s o material ter sido lavado a quente.<\/p>    <p>Quando a m\u00e1quina de lavar pl\u00e1stico est\u00e1 funcionando, o parafuso interno gira em alta velocidade e a rota\u00e7\u00e3o r\u00e1pida faz com que os contaminantes presos \u00e0 folha de pl\u00e1stico caiam e se quebrem em pequenas part\u00edculas. O tubo de tela interno da m\u00e1quina de lavar garrafas pl\u00e1sticas \u00e9 usado como um dispositivo de desidrata\u00e7\u00e3o para filtrar contaminantes. O tempo de limpeza do pl\u00e1stico pode ser ajustado de acordo com o grau de contamina\u00e7\u00e3o.<\/p>    <figure class=\"wp-block-gallery has-nested-images columns-default is-cropped wp-block-gallery-2 is-layout-flex wp-block-gallery-is-layout-flex\"> <figure class=\"wp-block-image size-large\"><img loading=\"lazy\" decoding=\"async\" width=\"720\" height=\"540\" data-id=\"296\" src=\"https:\/\/plastic-machines.org\/wp-content\/uploads\/2022\/07\/plastic-friction-washer.webp\" alt=\"arruela de fric\u00e7\u00e3o de pl\u00e1stico\" class=\"wp-image-296\" srcset=\"https:\/\/plastic-machines.org\/wp-content\/uploads\/2022\/07\/plastic-friction-washer.webp 720w, https:\/\/plastic-machines.org\/wp-content\/uploads\/2022\/07\/plastic-friction-washer-300x225.webp 300w\" sizes=\"auto, (max-width: 720px) 100vw, 720px\" \/><figcaption class=\"wp-element-caption\">arruela de fric\u00e7\u00e3o de pl\u00e1stico<\/figcaption><\/figure>    <figure class=\"wp-block-image size-large\"><img loading=\"lazy\" decoding=\"async\" width=\"720\" height=\"540\" data-id=\"297\" src=\"https:\/\/plastic-machines.org\/wp-content\/uploads\/2022\/07\/plastic-washing-machine-in-plant.webp\" alt=\"m\u00e1quina de lavar roupa de pl\u00e1stico na planta\" class=\"wp-image-297\" srcset=\"https:\/\/plastic-machines.org\/wp-content\/uploads\/2022\/07\/plastic-washing-machine-in-plant.webp 720w, https:\/\/plastic-machines.org\/wp-content\/uploads\/2022\/07\/plastic-washing-machine-in-plant-300x225.webp 300w\" sizes=\"auto, (max-width: 720px) 100vw, 720px\" \/><figcaption class=\"wp-element-caption\">Lavadora de fric\u00e7\u00e3o de flocos de PET na f\u00e1brica<\/figcaption><\/figure> <\/figure>    <figure class=\"wp-block-gallery has-nested-images columns-default is-cropped wp-block-gallery-3 is-layout-flex wp-block-gallery-is-layout-flex\"> <figure class=\"wp-block-image size-large\"><img loading=\"lazy\" decoding=\"async\" width=\"720\" height=\"540\" data-id=\"298\" src=\"https:\/\/plastic-machines.org\/wp-content\/uploads\/2022\/07\/plastic-friction-washer-in-plant.webp\" alt=\"arruela de fric\u00e7\u00e3o de pl\u00e1stico na planta\" class=\"wp-image-298\" srcset=\"https:\/\/plastic-machines.org\/wp-content\/uploads\/2022\/07\/plastic-friction-washer-in-plant.webp 720w, https:\/\/plastic-machines.org\/wp-content\/uploads\/2022\/07\/plastic-friction-washer-in-plant-300x225.webp 300w\" sizes=\"auto, (max-width: 720px) 100vw, 720px\" \/><figcaption class=\"wp-element-caption\">arruela de fric\u00e7\u00e3o de pl\u00e1stico na planta<\/figcaption><\/figure>    <figure class=\"wp-block-image size-large\"><img loading=\"lazy\" decoding=\"async\" width=\"720\" height=\"540\" data-id=\"299\" src=\"https:\/\/plastic-machines.org\/wp-content\/uploads\/2022\/07\/screw-conveyors-.webp\" alt=\"transportadores de parafuso de m\u00e1quina de lavar garrafas de pl\u00e1stico\" class=\"wp-image-299\" srcset=\"https:\/\/plastic-machines.org\/wp-content\/uploads\/2022\/07\/screw-conveyors-.webp 720w, https:\/\/plastic-machines.org\/wp-content\/uploads\/2022\/07\/screw-conveyors--300x225.webp 300w\" sizes=\"auto, (max-width: 720px) 100vw, 720px\" \/><figcaption class=\"wp-element-caption\">transportadores helicoidais<\/figcaption><\/figure> <\/figure>    <h2 class=\"wp-block-heading\">Princ\u00edpio de funcionamento da lavadora de fric\u00e7\u00e3o de flocos PET<\/h2>    <p>O centro da m\u00e1quina possui um eixo girat\u00f3rio de alta velocidade com muitas l\u00e2minas. Ao redor do eixo h\u00e1 uma tela para filtrar contaminantes. O eixo gira a aproximadamente 1.000 rota\u00e7\u00f5es por minuto. O material \u00e9 limpo por fric\u00e7\u00e3o em alta velocidade e \u00e1gua \u00e9 continuamente pulverizada na tela para evitar entupimento.<\/p>    <p>Uma grande concha retangular \u00e9 enrolada na parte externa da arruela de fric\u00e7\u00e3o de flocos de PET. Toda a m\u00e1quina \u00e9 inclinada cerca de 15 graus, o material sujo entra pela parte inferior e os peda\u00e7os limpos da garrafa saem pela parte superior e depois v\u00e3o para a etapa de secagem.<\/p>    <figure class=\"wp-block-gallery has-nested-images columns-default is-cropped wp-block-gallery-4 is-layout-flex wp-block-gallery-is-layout-flex\"> <figure class=\"wp-block-image size-large\"><img loading=\"lazy\" decoding=\"async\" width=\"720\" height=\"540\" data-id=\"450\" src=\"https:\/\/plastic-machines.org\/wp-content\/uploads\/2022\/06\/PET-friction-washing-machine1.webp\" alt=\"m\u00e1quina de lavar garrafas de pl\u00e1stico est\u00e1 inclinada cerca de 15 graus\" class=\"wp-image-450\" srcset=\"https:\/\/plastic-machines.org\/wp-content\/uploads\/2022\/06\/PET-friction-washing-machine1.webp 720w, https:\/\/plastic-machines.org\/wp-content\/uploads\/2022\/06\/PET-friction-washing-machine1-300x225.webp 300w\" sizes=\"auto, (max-width: 720px) 100vw, 720px\" \/><figcaption class=\"wp-element-caption\">a m\u00e1quina est\u00e1 inclinada cerca de 15 graus<\/figcaption><\/figure>    <figure class=\"wp-block-image size-large\"><img loading=\"lazy\" decoding=\"async\" width=\"720\" height=\"540\" data-id=\"448\" src=\"https:\/\/plastic-machines.org\/wp-content\/uploads\/2022\/06\/PET-Flakes-Friction-Washer1.webp\" alt=\"Arruela de fric\u00e7\u00e3o de flocos de PET\" class=\"wp-image-448\" srcset=\"https:\/\/plastic-machines.org\/wp-content\/uploads\/2022\/06\/PET-Flakes-Friction-Washer1.webp 720w, https:\/\/plastic-machines.org\/wp-content\/uploads\/2022\/06\/PET-Flakes-Friction-Washer1-300x225.webp 300w\" sizes=\"auto, (max-width: 720px) 100vw, 720px\" \/><figcaption class=\"wp-element-caption\">Arruela de fric\u00e7\u00e3o de flocos de PET com casca<\/figcaption><\/figure> <\/figure>    <h2 class=\"wp-block-heading\">Estruturas de m\u00e1quina de lavar de pl\u00e1stico<\/h2>    <p>O corpo da arruela de fric\u00e7\u00e3o pl\u00e1stica consiste em uma estrutura principal, motor, suporte, entrada de \u00e1gua, entrada de alimenta\u00e7\u00e3o e sa\u00edda de descarga. Ao instalar a arruela de fric\u00e7\u00e3o de pl\u00e1stico, voc\u00ea pode inclinar a m\u00e1quina em 45 graus para maximizar o atrito e remover impurezas e contaminantes.<\/p>    <p>A m\u00e1quina de lavar garrafas de pl\u00e1stico possui um filtro de malha fina na parte inferior, um rotor interno de alta velocidade, uma tela remov\u00edvel e v\u00e1rios bicos, que borrifar\u00e3o \u00e1gua na tela para remover continuamente contaminantes e sujeira. Os contaminantes e a \u00e1gua suja s\u00e3o ent\u00e3o descarregados atrav\u00e9s da tela perfurada e coletados no fundo.<\/p>   <div class=\"wp-block-image\"> <figure class=\"aligncenter size-full\"><img loading=\"lazy\" decoding=\"async\" width=\"720\" height=\"540\" src=\"https:\/\/plastic-machines.org\/wp-content\/uploads\/2022\/07\/inside-structures-.webp\" alt=\"estruturas internas da m\u00e1quina de lavar garrafas pl\u00e1sticas\" class=\"wp-image-300\" srcset=\"https:\/\/plastic-machines.org\/wp-content\/uploads\/2022\/07\/inside-structures-.webp 720w, https:\/\/plastic-machines.org\/wp-content\/uploads\/2022\/07\/inside-structures--300x225.webp 300w\" sizes=\"auto, (max-width: 720px) 100vw, 720px\" \/><figcaption class=\"wp-element-caption\">dentro de estruturas<\/figcaption><\/figure> <\/div>   <h2 class=\"wp-block-heading\">Os produtos finais da arruela de fric\u00e7\u00e3o pl\u00e1stica<\/h2>    <p>A m\u00e1quina de lavar garrafas pl\u00e1sticas \u00e9 usada para limpar res\u00edduos de pl\u00e1stico triturados, como garrafas pl\u00e1sticas, pel\u00edculas de terras agr\u00edcolas, sacos de cimento, n\u00e1ilon, f\u00e1bricas de papel e res\u00edduos de f\u00e1bricas de embalagens. Depois que os flocos de pl\u00e1stico forem limpos na m\u00e1quina de lavar, eles ficar\u00e3o limpos e transparentes.<\/p>    <figure class=\"wp-block-gallery has-nested-images columns-default is-cropped wp-block-gallery-5 is-layout-flex wp-block-gallery-is-layout-flex\"> <figure class=\"wp-block-image size-large\"><img loading=\"lazy\" decoding=\"async\" width=\"720\" height=\"540\" data-id=\"566\" src=\"https:\/\/plastic-machines.org\/wp-content\/uploads\/2022\/07\/PET-flakes.webp\" alt=\"produtos finais de arruela de fric\u00e7\u00e3o pl\u00e1stica\" class=\"wp-image-566\" srcset=\"https:\/\/plastic-machines.org\/wp-content\/uploads\/2022\/07\/PET-flakes.webp 720w, https:\/\/plastic-machines.org\/wp-content\/uploads\/2022\/07\/PET-flakes-300x225.webp 300w\" sizes=\"auto, (max-width: 720px) 100vw, 720px\" \/><\/figure>    <figure class=\"wp-block-image size-large\"><img loading=\"lazy\" decoding=\"async\" width=\"720\" height=\"540\" data-id=\"568\" src=\"https:\/\/plastic-machines.org\/wp-content\/uploads\/2022\/07\/plastic.webp\" alt=\"produtos finais de arruela de fric\u00e7\u00e3o pl\u00e1stica\" class=\"wp-image-568\" srcset=\"https:\/\/plastic-machines.org\/wp-content\/uploads\/2022\/07\/plastic.webp 720w, https:\/\/plastic-machines.org\/wp-content\/uploads\/2022\/07\/plastic-300x225.webp 300w\" sizes=\"auto, (max-width: 720px) 100vw, 720px\" \/><\/figure>    <figure class=\"wp-block-image size-large\"><img loading=\"lazy\" decoding=\"async\" width=\"720\" height=\"540\" data-id=\"567\" src=\"https:\/\/plastic-machines.org\/wp-content\/uploads\/2022\/07\/PET-sheets.webp\" alt=\"produtos finais da m\u00e1quina de lavar garrafas pl\u00e1sticas\" class=\"wp-image-567\" srcset=\"https:\/\/plastic-machines.org\/wp-content\/uploads\/2022\/07\/PET-sheets.webp 720w, https:\/\/plastic-machines.org\/wp-content\/uploads\/2022\/07\/PET-sheets-300x225.webp 300w\" sizes=\"auto, (max-width: 720px) 100vw, 720px\" \/><\/figure> <figcaption class=\"blocks-gallery-caption wp-element-caption\">a garrafa PET limpa lasca<\/figcaption><\/figure>    <h2 class=\"wp-block-heading\">Vantagens da m\u00e1quina de lavar garrafas pl\u00e1sticas <\/h2>    <ol class=\"wp-block-list\"> <li>A lavadora de fric\u00e7\u00e3o de flocos de PET separa eficazmente as impurezas e dissolve completamente as manchas aderidas. A arruela de fric\u00e7\u00e3o pl\u00e1stica pode remover manchas at\u00e9 90%, melhorando a efici\u00eancia e a qualidade de todo o <strong><a href=\"https:\/\/plastic-machines.org\/pt\/product\/pet-bottle-recycling-line\/\">linha de reciclagem de garrafas pl\u00e1sticas<\/a><\/strong>.<\/li>    <li>Detergente de lavagem adicional pode ser adicionado durante o processo de limpeza, o que pode proporcionar um enx\u00e1gue poderoso para melhorar o brilho dos produtos acabados.<\/li>    <li>A lavadora de fric\u00e7\u00e3o de flocos de PET limpa automaticamente a tela enchendo-a com \u00e1gua para uma opera\u00e7\u00e3o cont\u00ednua de alta qualidade.<\/li>    <li>A m\u00e1quina de lavar de pl\u00e1stico \u00e9 f\u00e1cil de manter e a manuten\u00e7\u00e3o subsequente \u00e9 quase gratuita, economizando dinheiro para os clientes.<\/li> <\/ol>    <h2 class=\"wp-block-heading\">Par\u00e2metros da arruela de fric\u00e7\u00e3o pl\u00e1stica<\/h2>    <figure class=\"wp-block-table\"><table><tbody><tr><td>Modelo<\/td><td>SL-1000<\/td><td>SL-2000<\/td><\/tr><tr><td>Capacidade<\/td><td>500-1000 kg\/hora<\/td><td>2.000 kg\/h<\/td><\/tr><tr><td>Comprimento<\/td><td>3000 mm<\/td><td>3500mm<\/td><\/tr><tr><td>Poder<\/td><td>7,5 kW<\/td><td>15 kW<\/td><\/tr><tr><td>Camada de sa\u00edda<\/td><td>4mm<\/td><td>4mm<\/td><\/tr><tr><td>Espessura da l\u00e2mina<\/td><td>6mm<\/td><td>6mm<\/td><\/tr><\/tbody><\/table><\/figure>    <h2 class=\"wp-block-heading\" id=\"h-recommended-matching-lines\">Linhas correspondentes recomendadas<\/h2>    <p class=\"translation-block\">As wash washers de fric\u00e7\u00e3o pl\u00e1sticas s\u00e3o comuns em<strong> <a href=\"https:\/\/plastic-machines.org\/pt\/product\/pet-bottle-recycling-line\/\">sistemas de limpeza de pl\u00e1stico<\/a><\/strong>. Elas s\u00e3o adequadas para trabalhar ap\u00f3s o pl\u00e1stico j\u00e1 ter passado pela<strong> <a href=\"https:\/\/plastic-machines.org\/pt\/product\/pet-flakes-hot-washing-machine\/\">m\u00e1quina de lavagem a quente<\/a><\/strong> e <strong><a href=\"https:\/\/plastic-machines.org\/pt\/product\/plastic-film-washing-machine\/\">tanque de enx\u00e1gue<\/a><\/strong>. Al\u00e9m disso, existem tamb\u00e9m muitos outros m\u00e9todos diferentes para combinar equipamentos de lavagem. A Shuliy Machinery pode projetar solu\u00e7\u00f5es para combinar o equipamento de limpeza de pl\u00e1stico apropriado com a mat\u00e9ria-prima do cliente.<\/p>   <div class=\"wp-block-image\"> <figure class=\"aligncenter size-full\"><img loading=\"lazy\" decoding=\"async\" width=\"720\" height=\"540\" src=\"https:\/\/plastic-machines.org\/wp-content\/uploads\/2022\/07\/PET-washing-line-.webp\" alt=\"Linha de lavagem de garrafas PET\" class=\"wp-image-284\" srcset=\"https:\/\/plastic-machines.org\/wp-content\/uploads\/2022\/07\/PET-washing-line-.webp 720w, https:\/\/plastic-machines.org\/wp-content\/uploads\/2022\/07\/PET-washing-line--300x225.webp 300w\" sizes=\"auto, (max-width: 720px) 100vw, 720px\" \/><figcaption class=\"wp-element-caption\">Linha de lavagem PET<\/figcaption><\/figure> <\/div>  <div class=\"wp-block-image\"> <figure class=\"aligncenter size-full\"><img loading=\"lazy\" decoding=\"async\" width=\"720\" height=\"540\" src=\"https:\/\/plastic-machines.org\/wp-content\/uploads\/2022\/07\/PET-washing-line1.webp\" alt=\"Planta de lavagem de PET\" class=\"wp-image-301\" srcset=\"https:\/\/plastic-machines.org\/wp-content\/uploads\/2022\/07\/PET-washing-line1.webp 720w, https:\/\/plastic-machines.org\/wp-content\/uploads\/2022\/07\/PET-washing-line1-300x225.webp 300w\" sizes=\"auto, (max-width: 720px) 100vw, 720px\" \/><figcaption class=\"wp-element-caption\">Planta de lavagem de PET<\/figcaption><\/figure> <\/div>   <h2 class=\"wp-block-heading\">Fa\u00e7a um pedido de lavadora de fric\u00e7\u00e3o de flocos PET<\/h2>    <p>Os prazos de entrega s\u00e3o de 30 dias para todas as m\u00e1quinas aut\u00f4nomas padr\u00e3o e de 60 a 90 dias para equipamentos personalizados ou linhas completas. Os prazos reais de entrega dependem em grande parte da complexidade do projeto e do n\u00famero de unidades que realmente encomendamos.<\/p>    <p>Sinta-se \u00e0 vontade para entrar em contato conosco agora para discutir pre\u00e7os e detalhes de pedidos. Acima est\u00e1 uma breve descri\u00e7\u00e3o do processo de pedido de equipamentos.<\/p>    <h2 class=\"wp-block-heading\">O que o Grupo Shuliy pode fazer por voc\u00ea?<\/h2>    <ul class=\"wp-block-list\"> <li>Servi\u00e7o de pr\u00e9-venda: fornecer planejamento de projetos de reciclagem de pl\u00e1stico, design de processos, desenvolver um conjunto de programas de m\u00e1quinas e equipamentos adequados, al\u00e9m disso, de acordo com suas necessidades especiais, projetar e fabricar produtos, e para seu treinamento t\u00e9cnico de opera\u00e7\u00e3o;<\/li>    <li>Servi\u00e7o de vendas: O gerente de vendas supervisiona todo o processo de fabrica\u00e7\u00e3o, carregamento e entrega da m\u00e1quina, comunica-se com o cliente sobre a m\u00e1quina a tempo, acompanha o cliente para concluir a aceita\u00e7\u00e3o do equipamento e auxilia o cliente na instala\u00e7\u00e3o da m\u00e1quina .<\/li>    <li>Servi\u00e7o p\u00f3s-venda: prestamos servi\u00e7o de ensino de instala\u00e7\u00e3o de v\u00eddeo online, caso necess\u00e1rio, a empresa pode enviar pessoal t\u00e9cnico ao local para orientar a instala\u00e7\u00e3o dos equipamentos e treinamento dos operadores. Al\u00e9m disso, exceto pe\u00e7as de desgaste, a manuten\u00e7\u00e3o da garantia de qualidade da m\u00e1quina dentro de um ano.<\/li> <\/ul>","protected":false},"excerpt":{"rendered":"<p>PET flakes friction washer is used to clean dirty plastic flakes, it is one of the necessary equipment for plastic recycling processes, and mainly for PET plastic bottle cleaning lines. The plastic friction washer can be equipped with a material conveyor belt according to the customers&#8217; needs, and the size can be customized. Introduction of [&hellip;]<\/p>\n","protected":false},"author":1,"featured_media":448,"parent":0,"template":"","tags":[55,35],"product-type":[14],"class_list":["post-293","product","type-product","status-publish","has-post-thumbnail","hentry","tag-friction","tag-pet","product-type-plastic-cleaning-drying-equipment"],"taxonomy_info":{"post_tag":[{"value":55,"label":"friction"},{"value":35,"label":"PET"}],"product-type":[{"value":14,"label":"Plastic Cleaning&amp;Drying equipment"}]},"featured_image_src_large":["https:\/\/plastic-machines.org\/wp-content\/uploads\/2022\/06\/PET-Flakes-Friction-Washer1.webp",720,540,false],"author_info":{"display_name":"Ella","author_link":"https:\/\/plastic-machines.org\/pt\/author\/admin\/"},"comment_info":"","_links":{"self":[{"href":"https:\/\/plastic-machines.org\/pt\/wp-json\/wp\/v2\/product\/293","targetHints":{"allow":["GET"]}}],"collection":[{"href":"https:\/\/plastic-machines.org\/pt\/wp-json\/wp\/v2\/product"}],"about":[{"href":"https:\/\/plastic-machines.org\/pt\/wp-json\/wp\/v2\/types\/product"}],"author":[{"embeddable":true,"href":"https:\/\/plastic-machines.org\/pt\/wp-json\/wp\/v2\/users\/1"}],"wp:featuredmedia":[{"embeddable":true,"href":"https:\/\/plastic-machines.org\/pt\/wp-json\/wp\/v2\/media\/448"}],"wp:attachment":[{"href":"https:\/\/plastic-machines.org\/pt\/wp-json\/wp\/v2\/media?parent=293"}],"wp:term":[{"taxonomy":"post_tag","embeddable":true,"href":"https:\/\/plastic-machines.org\/pt\/wp-json\/wp\/v2\/tags?post=293"},{"taxonomy":"product-type","embeddable":true,"href":"https:\/\/plastic-machines.org\/pt\/wp-json\/wp\/v2\/product-type?post=293"}],"curies":[{"name":"wp","href":"https:\/\/api.w.org\/{rel}","templated":true}]}}