{"id":276,"date":"2022-07-11T07:03:49","date_gmt":"2022-07-11T07:03:49","guid":{"rendered":"https:\/\/plastic-machines.org\/?post_type=product&#038;p=276"},"modified":"2026-01-29T15:39:41","modified_gmt":"2026-01-29T07:39:41","slug":"pet-flakes-hot-washing-machine","status":"publish","type":"product","link":"https:\/\/plastic-machines.org\/pt\/product\/pet-flakes-hot-washing-machine\/","title":{"rendered":"M\u00e1quina de lavar a quente de flocos de PET para reciclagem de garrafas pl\u00e1sticas"},"content":{"rendered":"<div class=\"kk-star-ratings kksr-auto kksr-align-left kksr-valign-top\"     data-payload='{&quot;align&quot;:&quot;left&quot;,&quot;id&quot;:&quot;276&quot;,&quot;slug&quot;:&quot;default&quot;,&quot;valign&quot;:&quot;top&quot;,&quot;ignore&quot;:&quot;&quot;,&quot;reference&quot;:&quot;auto&quot;,&quot;class&quot;:&quot;&quot;,&quot;count&quot;:&quot;2&quot;,&quot;legendonly&quot;:&quot;&quot;,&quot;readonly&quot;:&quot;&quot;,&quot;score&quot;:&quot;5&quot;,&quot;starsonly&quot;:&quot;&quot;,&quot;best&quot;:&quot;5&quot;,&quot;gap&quot;:&quot;5&quot;,&quot;greet&quot;:&quot;Rate this product&quot;,&quot;legend&quot;:&quot;5\\\/5 - (2 votes)&quot;,&quot;size&quot;:&quot;24&quot;,&quot;title&quot;:&quot;PET Flakes Hot Washing Machine for Plastic Bottle Recycling&quot;,&quot;width&quot;:&quot;142.5&quot;,&quot;_legend&quot;:&quot;{score}\\\/{best} - ({count} {votes})&quot;,&quot;font_factor&quot;:&quot;1.25&quot;}'>              <div class=\"kksr-stars\">      <div class=\"kksr-stars-inactive\">             <div class=\"kksr-star\" data-star=\"1\" style=\"padding-right: 5px\">               <div class=\"kksr-icon\" style=\"width: 24px; height: 24px;\"><\/div>         <\/div>             <div class=\"kksr-star\" data-star=\"2\" style=\"padding-right: 5px\">               <div class=\"kksr-icon\" style=\"width: 24px; height: 24px;\"><\/div>         <\/div>             <div class=\"kksr-star\" data-star=\"3\" style=\"padding-right: 5px\">               <div class=\"kksr-icon\" style=\"width: 24px; height: 24px;\"><\/div>         <\/div>             <div class=\"kksr-star\" data-star=\"4\" style=\"padding-right: 5px\">               <div class=\"kksr-icon\" style=\"width: 24px; height: 24px;\"><\/div>         <\/div>             <div class=\"kksr-star\" data-star=\"5\" style=\"padding-right: 5px\">               <div class=\"kksr-icon\" style=\"width: 24px; height: 24px;\"><\/div>         <\/div>     <\/div>      <div class=\"kksr-stars-active\" style=\"width: 142.5px;\">             <div class=\"kksr-star\" style=\"padding-right: 5px\">               <div class=\"kksr-icon\" style=\"width: 24px; height: 24px;\"><\/div>         <\/div>             <div class=\"kksr-star\" style=\"padding-right: 5px\">               <div class=\"kksr-icon\" style=\"width: 24px; height: 24px;\"><\/div>         <\/div>             <div class=\"kksr-star\" style=\"padding-right: 5px\">               <div class=\"kksr-icon\" style=\"width: 24px; height: 24px;\"><\/div>         <\/div>             <div class=\"kksr-star\" style=\"padding-right: 5px\">               <div class=\"kksr-icon\" style=\"width: 24px; height: 24px;\"><\/div>         <\/div>             <div class=\"kksr-star\" style=\"padding-right: 5px\">               <div class=\"kksr-icon\" style=\"width: 24px; height: 24px;\"><\/div>         <\/div>     <\/div> <\/div>                   <div class=\"kksr-legend\" style=\"font-size: 19.2px;\">             5\/5 - (2 votos)    <\/div>     <\/div>  <p>Uma m\u00e1quina de lavar a quente de flocos de PET \u00e9 usada para vaporizar os chips da garrafa em alta temperatura para amolecer o \u00f3leo, a cola, etc. na superf\u00edcie do pl\u00e1stico e depois enxaguar com \u00e1gua quente. Ap\u00f3s a limpeza e remo\u00e7\u00e3o da \u00e1gua, os flocos da garrafa PET atingir\u00e3o o padr\u00e3o de exig\u00eancia de flocos limpos de primeira classe e podem ser transformados em mat\u00e9ria-prima de fibra.<\/p>    <h2 class=\"wp-block-heading\" id=\"h-pet-flakes-hot-washing-machine-application\">Aplica\u00e7\u00e3o de m\u00e1quina de lavar a quente com flocos de PET<\/h2>    <p class=\"translation-block\">A Shuliy Machinery especializa-se na produ\u00e7\u00e3o de m\u00e1quinas de lavagem a quente para flocos de garrafa PET, que \u00e9 um dos equipamentos de limpeza importantes na <strong><a href=\"https:\/\/plastic-machines.org\/pt\/product\/pet-bottle-recycling-line\/\"> linha de limpeza de garrafas de bebidas PET <\/a><\/strong> e \u00e9 amplamente utilizado na ind\u00fastria de reciclagem de pl\u00e1stico. Os flocos de PET s\u00e3o repetidamente limpos em \u00e1gua quente a ferver e, dependendo das necessidades do cliente, agentes de limpeza podem ser adicionados \u00e0 m\u00e1quina para desinfetar efetivamente os flocos de pl\u00e1stico e remover ainda mais r\u00f3tulos, manchas de \u00f3leo e outras manchas dif\u00edceis de remover do pl\u00e1stico.<\/p>    <h2 class=\"wp-block-heading\">Estrutura da m\u00e1quina de lavar a quente de flocos de PET<\/h2>    <ol class=\"wp-block-list\"> <li>A superf\u00edcie interna do tanque de lavagem a quente \u00e9 polida espelhada; a superf\u00edcie externa do inv\u00f3lucro \u00e9 polida espelhada ou com tratamento de superf\u00edcie fosco.<\/li>    <li>A boca do tubo de entrada e sa\u00edda e a soldagem do corpo do tanque interno s\u00e3o processos flangeados, usam transi\u00e7\u00e3o de arco redondo e a borda \u00e9 lisa e f\u00e1cil de limpar.<\/li>    <li>Carv\u00e3o ou g\u00e1s natural s\u00e3o usados \u200b\u200bpara aquecimento <a href=\"https:\/\/en.wikipedia.org\/wiki\/Polyethylene_terephthalate\" target=\"_blank\" rel=\"noopener\">BICHO DE ESTIMA\u00c7\u00c3O<\/a> flocos de m\u00e1quina de lavar quente. A \u00e1gua \u00e9 o meio de aquecimento, gerando calor para o aquecimento do material do tanque.<\/li> <\/ol>    <h2 class=\"wp-block-heading\">Vantagens da m\u00e1quina de lavar sucata de pl\u00e1stico<\/h2>    <ul class=\"wp-block-list\"> <li>Se os clientes precisarem usar a m\u00e1quina de lavar a quente de flocos de PET ao ar livre, nossos engenheiros podem adicionar uma camada de prote\u00e7\u00e3o contra aquecimento com isolamento de l\u00e3 de rocha na parte externa da m\u00e1quina ao produzir a m\u00e1quina, para que a mudan\u00e7a de temperatura externa n\u00e3o afete a temperatura no tanque, o que garantir\u00e1 o efeito de limpeza do tanque de lavagem a quente de pl\u00e1stico.<\/li>    <li>Shuiy Machinery oferece dois tipos de m\u00e9todos de aquecimento, aquecimento el\u00e9trico e aquecimento a vapor, os clientes podem escolher de acordo com sua situa\u00e7\u00e3o.<\/li>    <li>A m\u00e1quina de lavar a quente de flocos de garrafas PET usa \u00e1gua circulante no processo de limpeza para garantir o efeito de limpeza e ao mesmo tempo reduzir o consumo de \u00e1gua, o que pode economizar recursos e reduzir efetivamente os custos para os clientes.<\/li>    <li>A m\u00e1quina de lavar sucata de pl\u00e1stico usa um sistema de limpeza centr\u00edfuga de alta velocidade, a p\u00e1 usada para agitar a folha de pl\u00e1stico para operar a uma velocidade de rota\u00e7\u00e3o adequada e o impacto correspondente na resist\u00eancia do material \u00e9 adequado, o que far\u00e1 com que o efeito de limpeza seja bom.<\/li> <\/ul>    <h2 class=\"wp-block-heading\" id=\"h-hot-washing-tank-plant-diplay\">Exibi\u00e7\u00e3o da planta do tanque de lavagem a quente <\/h2>   <div class=\"wp-block-image\"> <figure class=\"aligncenter size-full\"><img loading=\"lazy\" decoding=\"async\" width=\"720\" height=\"540\" src=\"https:\/\/plastic-machines.org\/wp-content\/uploads\/2022\/07\/hot-washing-tank-.webp\" alt=\"tanque de lavagem quente\" class=\"wp-image-279\" srcset=\"https:\/\/plastic-machines.org\/wp-content\/uploads\/2022\/07\/hot-washing-tank-.webp 720w, https:\/\/plastic-machines.org\/wp-content\/uploads\/2022\/07\/hot-washing-tank--300x225.webp 300w\" sizes=\"auto, (max-width: 720px) 100vw, 720px\" \/><figcaption class=\"wp-element-caption\">M\u00e1quina de lavar a quente de flocos de PET<\/figcaption><\/figure> <\/div>  <div class=\"wp-block-image\"> <figure class=\"aligncenter size-full is-resized\"><img loading=\"lazy\" decoding=\"async\" width=\"720\" height=\"540\" src=\"https:\/\/plastic-machines.org\/wp-content\/uploads\/2022\/07\/plastic-washing-tank-in-plant.webp\" alt=\"tanque de lavagem de pl\u00e1stico na planta\" class=\"wp-image-280\" style=\"width:720px;height:540px\" srcset=\"https:\/\/plastic-machines.org\/wp-content\/uploads\/2022\/07\/plastic-washing-tank-in-plant.webp 720w, https:\/\/plastic-machines.org\/wp-content\/uploads\/2022\/07\/plastic-washing-tank-in-plant-300x225.webp 300w\" sizes=\"auto, (max-width: 720px) 100vw, 720px\" \/><figcaption class=\"wp-element-caption\">tanque de lavagem de pl\u00e1stico na planta<\/figcaption><\/figure> <\/div>  <div class=\"wp-block-image\"> <figure class=\"aligncenter size-full\"><img loading=\"lazy\" decoding=\"async\" width=\"720\" height=\"540\" src=\"https:\/\/plastic-machines.org\/wp-content\/uploads\/2022\/07\/PET-Flakes-Hot-Washing-Machine.webp\" alt=\"M\u00e1quina de lavar a quente de flocos PET\" class=\"wp-image-281\" srcset=\"https:\/\/plastic-machines.org\/wp-content\/uploads\/2022\/07\/PET-Flakes-Hot-Washing-Machine.webp 720w, https:\/\/plastic-machines.org\/wp-content\/uploads\/2022\/07\/PET-Flakes-Hot-Washing-Machine-300x225.webp 300w\" sizes=\"auto, (max-width: 720px) 100vw, 720px\" \/><figcaption class=\"wp-element-caption\">M\u00e1quina de lavar a quente de flocos de PET<\/figcaption><\/figure> <\/div>   <h2 class=\"wp-block-heading\">Garrafa PET em flocos par\u00e2metros da m\u00e1quina de lavar a quente<\/h2>    <p>O modelo SL-500 \u00e9 o tipo mais popular de tanque de lavagem a quente, seu di\u00e2metro e altura s\u00e3o adequados para a maioria das usinas de reciclagem de pl\u00e1stico. Por\u00e9m, se voc\u00ea estiver interessado em outros modelos, entre em contato conosco, nosso gerente de vendas responder\u00e1 o mais breve poss\u00edvel.<\/p>    <figure class=\"wp-block-table\"><table><tbody><tr><td>Modelo<\/td><td>SL-500<\/td><\/tr><tr><td>Altura<\/td><td>2m<\/td><\/tr><tr><td>Di\u00e2metro<\/td><td>1,3m<\/td><\/tr><tr><td>Espessura externa<\/td><td>4mm<\/td><\/tr><tr><td>Espessura inferior<\/td><td>8mm<\/td><\/tr><tr><td>Material<\/td><td>Caixa de a\u00e7o<\/td><\/tr><tr><td>Poder<\/td><td>4kw<\/td><\/tr><tr><td>M\u00e9todo de aquecimento<\/td><td>El\u00e9trica e vapor<\/td><\/tr><\/tbody><\/table><\/figure>    <h2 class=\"wp-block-heading\">Recomendar linha de reciclagem de pl\u00e1stico<\/h2>    <p class=\"translation-block\">A linha de lavagem de garrafas PET \u00e9 uma das linhas de reciclagem mais populares na Shuliy Machinery. O equipamento regular inclui <a href=\"https:\/\/plastic-machines.org\/pt\/product\/pet-bottle-label-remover-machine\/\">removedor de r\u00f3tulos de garrafa pl\u00e1stica<\/a>, <a href=\"https:\/\/plastic-machines.org\/pt\/product\/plastic-bottle-crusher\/\">triturador de garrafa PET<\/a>, <a href=\"https:\/\/plastic-machines.org\/pt\/product\/plastic-float-sink-tank\/\">tanque de lavagem de pl\u00e1stico<\/a>, <a href=\"https:\/\/plastic-machines.org\/pt\/product\/pet-flakes-friction-washer\/\">m\u00e1quina de lavagem por atrito de pl\u00e1stico<\/a>, tanque de lavagem com \u00e1gua quente, <a href=\"https:\/\/plastic-machines.org\/pt\/product\/plastic-chips-dryer-machine\/\">secador de pl\u00e1stico<\/a> e transportadores de correia. <\/p>    <p>Nossa empresa pode fornecer sistemas de reciclagem de pl\u00e1stico PET padr\u00e3o e personalizados para atender aos requisitos de empresas de reciclagem de todos os tamanhos. O sistema de reciclagem \u00e9 capaz de lidar com uma ampla gama de pl\u00e1sticos PET, com diferentes m\u00e1quinas de limpeza dependendo dos diferentes n\u00edveis de contamina\u00e7\u00e3o de suas mat\u00e9rias-primas. Toda a linha de limpeza \u00e9 f\u00e1cil de operar, altamente eficiente e com baixo consumo de energia.<\/p>   <div class=\"wp-block-image\"> <figure class=\"aligncenter size-full\"><img loading=\"lazy\" decoding=\"async\" width=\"720\" height=\"540\" src=\"https:\/\/plastic-machines.org\/wp-content\/uploads\/2022\/07\/PET-washer-machine.webp\" alt=\"M\u00e1quina de lavar a quente de flocos de PET para reciclagem de garrafas pl\u00e1sticas\" class=\"wp-image-1206\" srcset=\"https:\/\/plastic-machines.org\/wp-content\/uploads\/2022\/07\/PET-washer-machine.webp 720w, https:\/\/plastic-machines.org\/wp-content\/uploads\/2022\/07\/PET-washer-machine-300x225.webp 300w, https:\/\/plastic-machines.org\/wp-content\/uploads\/2022\/07\/PET-washer-machine-16x12.webp 16w\" sizes=\"auto, (max-width: 720px) 100vw, 720px\" \/><figcaption class=\"wp-element-caption\">M\u00e1quina de lavar a quente de flocos PET<\/figcaption><\/figure> <\/div>  <div class=\"wp-block-image\"> <figure class=\"aligncenter size-full\"><img loading=\"lazy\" decoding=\"async\" width=\"720\" height=\"540\" src=\"https:\/\/plastic-machines.org\/wp-content\/uploads\/2022\/07\/PET-washing-line1.webp\" alt=\"M\u00e1quina de lavar a quente de flocos PET \" class=\"wp-image-301\" srcset=\"https:\/\/plastic-machines.org\/wp-content\/uploads\/2022\/07\/PET-washing-line1.webp 720w, https:\/\/plastic-machines.org\/wp-content\/uploads\/2022\/07\/PET-washing-line1-300x225.webp 300w\" sizes=\"auto, (max-width: 720px) 100vw, 720px\" \/><figcaption class=\"wp-element-caption\">Planta de lavagem de garrafas PET <\/figcaption><\/figure> <\/div>","protected":false},"excerpt":{"rendered":"<p>A PET flakes hot washing machine is used to steam the bottle chips at a high temperature to soften the oil, glue, etc. on the plastic surface, and then rinsed with hot water. After cleaning and removing water, the PET bottle flakes will reach the standard of first-class clean flakes requirement and can be made [&hellip;]<\/p>\n","protected":false},"author":1,"featured_media":444,"parent":0,"template":"","tags":[56,35],"product-type":[14],"class_list":["post-276","product","type-product","status-publish","has-post-thumbnail","hentry","tag-hot-washing","tag-pet","product-type-plastic-cleaning-drying-equipment"],"taxonomy_info":{"post_tag":[{"value":56,"label":"hot washing"},{"value":35,"label":"PET"}],"product-type":[{"value":14,"label":"Plastic Cleaning&amp;Drying equipment"}]},"featured_image_src_large":["https:\/\/plastic-machines.org\/wp-content\/uploads\/2022\/06\/hot-water-washing-machine1.webp",720,540,false],"author_info":{"display_name":"Ella","author_link":"https:\/\/plastic-machines.org\/pt\/author\/admin\/"},"comment_info":"","_links":{"self":[{"href":"https:\/\/plastic-machines.org\/pt\/wp-json\/wp\/v2\/product\/276","targetHints":{"allow":["GET"]}}],"collection":[{"href":"https:\/\/plastic-machines.org\/pt\/wp-json\/wp\/v2\/product"}],"about":[{"href":"https:\/\/plastic-machines.org\/pt\/wp-json\/wp\/v2\/types\/product"}],"author":[{"embeddable":true,"href":"https:\/\/plastic-machines.org\/pt\/wp-json\/wp\/v2\/users\/1"}],"wp:featuredmedia":[{"embeddable":true,"href":"https:\/\/plastic-machines.org\/pt\/wp-json\/wp\/v2\/media\/444"}],"wp:attachment":[{"href":"https:\/\/plastic-machines.org\/pt\/wp-json\/wp\/v2\/media?parent=276"}],"wp:term":[{"taxonomy":"post_tag","embeddable":true,"href":"https:\/\/plastic-machines.org\/pt\/wp-json\/wp\/v2\/tags?post=276"},{"taxonomy":"product-type","embeddable":true,"href":"https:\/\/plastic-machines.org\/pt\/wp-json\/wp\/v2\/product-type?post=276"}],"curies":[{"name":"wp","href":"https:\/\/api.w.org\/{rel}","templated":true}]}}