{"id":273,"date":"2022-07-11T03:07:36","date_gmt":"2022-07-11T03:07:36","guid":{"rendered":"https:\/\/plastic-machines.org\/?post_type=product&#038;p=273"},"modified":"2025-11-14T16:37:05","modified_gmt":"2025-11-14T08:37:05","slug":"plastic-chips-dryer-machine","status":"publish","type":"product","link":"https:\/\/plastic-machines.org\/pt\/product\/plastic-chips-dryer-machine\/","title":{"rendered":"M\u00e1quina secadora de chips de pl\u00e1stico horizontal"},"content":{"rendered":"<div class=\"kk-star-ratings kksr-auto kksr-align-left kksr-valign-top\"     data-payload='{&quot;align&quot;:&quot;left&quot;,&quot;id&quot;:&quot;273&quot;,&quot;slug&quot;:&quot;default&quot;,&quot;valign&quot;:&quot;top&quot;,&quot;ignore&quot;:&quot;&quot;,&quot;reference&quot;:&quot;auto&quot;,&quot;class&quot;:&quot;&quot;,&quot;count&quot;:&quot;5&quot;,&quot;legendonly&quot;:&quot;&quot;,&quot;readonly&quot;:&quot;&quot;,&quot;score&quot;:&quot;5&quot;,&quot;starsonly&quot;:&quot;&quot;,&quot;best&quot;:&quot;5&quot;,&quot;gap&quot;:&quot;5&quot;,&quot;greet&quot;:&quot;Rate this product&quot;,&quot;legend&quot;:&quot;5\\\/5 - (5 votes)&quot;,&quot;size&quot;:&quot;24&quot;,&quot;title&quot;:&quot;Horizontal Plastic Chips Dryer Machine&quot;,&quot;width&quot;:&quot;142.5&quot;,&quot;_legend&quot;:&quot;{score}\\\/{best} - ({count} {votes})&quot;,&quot;font_factor&quot;:&quot;1.25&quot;}'>              <div class=\"kksr-stars\">      <div class=\"kksr-stars-inactive\">             <div class=\"kksr-star\" data-star=\"1\" style=\"padding-right: 5px\">               <div class=\"kksr-icon\" style=\"width: 24px; height: 24px;\"><\/div>         <\/div>             <div class=\"kksr-star\" data-star=\"2\" style=\"padding-right: 5px\">               <div class=\"kksr-icon\" style=\"width: 24px; height: 24px;\"><\/div>         <\/div>             <div class=\"kksr-star\" data-star=\"3\" style=\"padding-right: 5px\">               <div class=\"kksr-icon\" style=\"width: 24px; height: 24px;\"><\/div>         <\/div>             <div class=\"kksr-star\" data-star=\"4\" style=\"padding-right: 5px\">               <div class=\"kksr-icon\" style=\"width: 24px; height: 24px;\"><\/div>         <\/div>             <div class=\"kksr-star\" data-star=\"5\" style=\"padding-right: 5px\">               <div class=\"kksr-icon\" style=\"width: 24px; height: 24px;\"><\/div>         <\/div>     <\/div>      <div class=\"kksr-stars-active\" style=\"width: 142.5px;\">             <div class=\"kksr-star\" style=\"padding-right: 5px\">               <div class=\"kksr-icon\" style=\"width: 24px; height: 24px;\"><\/div>         <\/div>             <div class=\"kksr-star\" style=\"padding-right: 5px\">               <div class=\"kksr-icon\" style=\"width: 24px; height: 24px;\"><\/div>         <\/div>             <div class=\"kksr-star\" style=\"padding-right: 5px\">               <div class=\"kksr-icon\" style=\"width: 24px; height: 24px;\"><\/div>         <\/div>             <div class=\"kksr-star\" style=\"padding-right: 5px\">               <div class=\"kksr-icon\" style=\"width: 24px; height: 24px;\"><\/div>         <\/div>             <div class=\"kksr-star\" style=\"padding-right: 5px\">               <div class=\"kksr-icon\" style=\"width: 24px; height: 24px;\"><\/div>         <\/div>     <\/div> <\/div>                   <div class=\"kksr-legend\" style=\"font-size: 19.2px;\">             5\/5 - (5 votos)    <\/div>     <\/div>  <p>Uma m\u00e1quina secadora de aparas de pl\u00e1stico \u00e9 um equipamento eficiente de reciclagem de pl\u00e1stico. As pe\u00e7as pl\u00e1sticas limpas s\u00e3o desidratadas e secas em alta velocidade pelo secador antes da granula\u00e7\u00e3o. Portanto, o secador desumidificador de pl\u00e1stico desempenha um papel importante no processo de granula\u00e7\u00e3o de res\u00edduos pl\u00e1sticos. \u00c9 um equipamento auxiliar autom\u00e1tico avan\u00e7ado para reciclagem de pl\u00e1stico.<\/p>    <h2 class=\"wp-block-heading\" id=\"h-plastic-dryer-machine-application\">Aplica\u00e7\u00e3o de m\u00e1quina secadora de pl\u00e1stico<\/h2>    <p class=\"translation-block\">Esta m\u00e1quina secadora de chips de pl\u00e1stico \u00e9 adequada para materiais pl\u00e1sticos duros como barris de PP, tambores, cestos, brinquedos, garrafas, e assim por diante. Um secador horizontal \u00e9 sempre utilizado na <strong><a href=\"https:\/\/plastic-machines.org\/pt\/product\/plastic-recycling-granulating-line\/\">linha de granula\u00e7\u00e3o de tambores de pl\u00e1stico<\/a><\/strong> para secar chips de pl\u00e1stico triturados antes da granula\u00e7\u00e3o. Al\u00e9m disso, a m\u00e1quina desaguadora de pl\u00e1stico tamb\u00e9m \u00e9 aplic\u00e1vel \u00e0 <strong><a href=\"https:\/\/plastic-machines.org\/pt\/product\/pet-bottle-recycling-line\/\">linha de lavagem de garrafas PET<\/a><\/strong>. Na \u00faltima etapa do processo de reciclagem, <a href=\"https:\/\/en.wikipedia.org\/wiki\/Polyethylene_terephthalate\" target=\"_blank\" rel=\"noopener\">os chips PET<\/a> ser\u00e3o desaguados pela secadora de pl\u00e1stico, para que essas flocos de pl\u00e1stico secos possam ser embalados.<\/p>    <figure class=\"wp-block-embed is-type-video is-provider-youtube wp-block-embed-youtube wp-embed-aspect-4-3 wp-has-aspect-ratio\"><div class=\"wp-block-embed__wrapper\"> <iframe loading=\"lazy\" title=\"Secador horizontal para reciclagem de pl\u00e1stico #plasticrecycling #machine\" width=\"500\" height=\"375\" src=\"https:\/\/www.youtube.com\/embed\/tw-SdiclyeE?feature=oembed\" frameborder=\"0\" allow=\"accelerometer; autoplay; clipboard-write; encrypted-media; gyroscope; picture-in-picture; web-share\" referrerpolicy=\"strict-origin-when-cross-origin\" allowfullscreen><\/iframe> <\/div><\/figure>    <h2 class=\"wp-block-heading\" id=\"h-advantages-of-plastic-chips-dryer-machine\">Vantagens da m\u00e1quina secadora de chips de pl\u00e1stico<\/h2>    <ol class=\"wp-block-list\"> <li>A m\u00e1quina de desidrata\u00e7\u00e3o de pl\u00e1stico tem amplas aplica\u00e7\u00f5es, que podem efetivamente ajudar a desidratar v\u00e1rios pl\u00e1sticos triturados, como garrafas PET, flocos de PE, flocos de PP, etc.<\/li>    <li>O secador desumidificador de pl\u00e1stico tem um bom efeito de desidrata\u00e7\u00e3o e baixo consumo de energia. Al\u00e9m da desidrata\u00e7\u00e3o, o secador horizontal tamb\u00e9m pode filtrar a areia e outros detritos microsc\u00f3picos presos \u00e0 superf\u00edcie dos flocos de pl\u00e1stico.<\/li>    <li>A peneira dentro do secador de pl\u00e1stico \u00e9 feita de a\u00e7o inoxid\u00e1vel de alta qualidade, o rotor e o corpo s\u00e3o feitos de material anti-roubo, e todo o equipamento \u00e9 dur\u00e1vel.<\/li>    <li>A estrutura da m\u00e1quina secadora de cavacos de pl\u00e1stico foi projetada de forma muito razo\u00e1vel, a equipe pode facilmente abrir o corpo e remover oportunamente as impurezas deixadas na tela dentro do secador horizontal, e o m\u00e9todo de manuten\u00e7\u00e3o di\u00e1ria \u00e9 simples.<\/li> <\/ol>    <h2 class=\"wp-block-heading\" id=\"h-technical-data-of-horizontal-dryer\">Dados t\u00e9cnicos da m\u00e1quina de secador horizontal<\/h2>    <figure class=\"wp-block-table\"><table><tbody><tr><td>&nbsp;Modelo<\/td><td>SL-550<\/td><\/tr><tr><td>Di\u00e2metro externo<\/td><td>550 mm<\/td><\/tr><tr><td>Comprimento<\/td><td>1000 mm<\/td><\/tr><tr><td>Di\u00e2metro do furo do filtro<\/td><td>4mm<\/td><\/tr><tr><td>Capacidade<\/td><td>1000kg\/hora<\/td><\/tr><\/tbody><\/table><\/figure>    <h2 class=\"wp-block-heading\" id=\"h-horizontal-dewatering-machine-display\">Exibi\u00e7\u00e3o de m\u00e1quina de desidrata\u00e7\u00e3o de pl\u00e1stico<\/h2>    <p>O casco da m\u00e1quina de desidrata\u00e7\u00e3o horizontal pode ser customizado, geralmente cinza ou azul, e tamb\u00e9m pode ser ajustado de acordo com as necessidades espec\u00edficas dos clientes.<\/p>    <figure class=\"wp-block-gallery has-nested-images columns-default is-cropped wp-block-gallery-2 is-layout-flex wp-block-gallery-is-layout-flex\"> <figure class=\"wp-block-image size-large\"><img loading=\"lazy\" decoding=\"async\" width=\"720\" height=\"540\" data-id=\"283\" src=\"https:\/\/plastic-machines.org\/wp-content\/uploads\/2022\/07\/horizontal-plastic-dryer.webp\" alt=\"secador de pl\u00e1stico horizontal\" class=\"wp-image-283\" srcset=\"https:\/\/plastic-machines.org\/wp-content\/uploads\/2022\/07\/horizontal-plastic-dryer.webp 720w, https:\/\/plastic-machines.org\/wp-content\/uploads\/2022\/07\/horizontal-plastic-dryer-300x225.webp 300w\" sizes=\"auto, (max-width: 720px) 100vw, 720px\" \/><figcaption class=\"wp-element-caption\">secador de pl\u00e1stico horizontal<\/figcaption><\/figure>    <figure class=\"wp-block-image size-large\"><img loading=\"lazy\" decoding=\"async\" width=\"720\" height=\"540\" data-id=\"284\" src=\"https:\/\/plastic-machines.org\/wp-content\/uploads\/2022\/07\/PET-washing-line-.webp\" alt=\"M\u00e1quinas para linha de lavagem de garrafas PET\" class=\"wp-image-284\" srcset=\"https:\/\/plastic-machines.org\/wp-content\/uploads\/2022\/07\/PET-washing-line-.webp 720w, https:\/\/plastic-machines.org\/wp-content\/uploads\/2022\/07\/PET-washing-line--300x225.webp 300w\" sizes=\"auto, (max-width: 720px) 100vw, 720px\" \/><figcaption class=\"wp-element-caption\">Linha de lavagem PET<\/figcaption><\/figure> <\/figure>    <figure class=\"wp-block-gallery has-nested-images columns-default is-cropped wp-block-gallery-3 is-layout-flex wp-block-gallery-is-layout-flex\"> <figure class=\"wp-block-image size-large\"><img loading=\"lazy\" decoding=\"async\" width=\"720\" height=\"540\" data-id=\"285\" src=\"https:\/\/plastic-machines.org\/wp-content\/uploads\/2022\/07\/horizontal-dryer-in-plant.webp\" alt=\"m\u00e1quina de desidrata\u00e7\u00e3o de pl\u00e1stico\" class=\"wp-image-285\" srcset=\"https:\/\/plastic-machines.org\/wp-content\/uploads\/2022\/07\/horizontal-dryer-in-plant.webp 720w, https:\/\/plastic-machines.org\/wp-content\/uploads\/2022\/07\/horizontal-dryer-in-plant-300x225.webp 300w\" sizes=\"auto, (max-width: 720px) 100vw, 720px\" \/><figcaption class=\"wp-element-caption\">secador horizontal na planta<\/figcaption><\/figure>    <figure class=\"wp-block-image size-large\"><img loading=\"lazy\" decoding=\"async\" width=\"720\" height=\"540\" data-id=\"286\" src=\"https:\/\/plastic-machines.org\/wp-content\/uploads\/2022\/07\/horizontal-dryer-1.webp\" alt=\"secador de pl\u00e1stico horizontal\" class=\"wp-image-286\" srcset=\"https:\/\/plastic-machines.org\/wp-content\/uploads\/2022\/07\/horizontal-dryer-1.webp 720w, https:\/\/plastic-machines.org\/wp-content\/uploads\/2022\/07\/horizontal-dryer-1-300x225.webp 300w\" sizes=\"auto, (max-width: 720px) 100vw, 720px\" \/><figcaption class=\"wp-element-caption\">m\u00e1quina de secar chips de pl\u00e1stico<\/figcaption><\/figure> <\/figure>    <figure class=\"wp-block-gallery has-nested-images columns-default is-cropped wp-block-gallery-4 is-layout-flex wp-block-gallery-is-layout-flex\"> <figure class=\"wp-block-image size-large\"><img loading=\"lazy\" decoding=\"async\" width=\"720\" height=\"540\" data-id=\"289\" src=\"https:\/\/plastic-machines.org\/wp-content\/uploads\/2022\/07\/plastic-dryer-machine-1.webp\" alt=\"m\u00e1quina de secar pl\u00e1stico\" class=\"wp-image-289\" srcset=\"https:\/\/plastic-machines.org\/wp-content\/uploads\/2022\/07\/plastic-dryer-machine-1.webp 720w, https:\/\/plastic-machines.org\/wp-content\/uploads\/2022\/07\/plastic-dryer-machine-1-300x225.webp 300w\" sizes=\"auto, (max-width: 720px) 100vw, 720px\" \/><figcaption class=\"wp-element-caption\">m\u00e1quina de secar pl\u00e1stico<\/figcaption><\/figure>    <figure class=\"wp-block-image size-large\"><img loading=\"lazy\" decoding=\"async\" width=\"720\" height=\"540\" data-id=\"290\" src=\"https:\/\/plastic-machines.org\/wp-content\/uploads\/2022\/07\/plastic-dryer.webp\" alt=\"m\u00e1quina de secar pl\u00e1stico\" class=\"wp-image-290\" srcset=\"https:\/\/plastic-machines.org\/wp-content\/uploads\/2022\/07\/plastic-dryer.webp 720w, https:\/\/plastic-machines.org\/wp-content\/uploads\/2022\/07\/plastic-dryer-300x225.webp 300w\" sizes=\"auto, (max-width: 720px) 100vw, 720px\" \/><figcaption class=\"wp-element-caption\">secador de pl\u00e1stico<\/figcaption><\/figure> <\/figure>    <h2 class=\"wp-block-heading\">Recomendar m\u00e1quinas de linha de reciclagem de pl\u00e1stico<\/h2>    <p class=\"translation-block\">A m\u00e1quina desaguadora de pl\u00e1stico horizontal \u00e9 sempre utilizada em uma <a href=\"https:\/\/plastic-machines.org\/pt\/product\/plastic-recycling-granulating-line\/\">linha de peletiza\u00e7\u00e3o de pl\u00e1stico<\/a> e em uma <a href=\"https:\/\/plastic-machines.org\/pt\/product\/pet-bottle-recycling-line\/\">linha de lavagem de garrafas PET<\/a>. O secador remover\u00e1 a \u00e1gua das pe\u00e7as pl\u00e1sticas e \u00e9 a \u00faltima etapa da linha de reciclagem completa. Se seus materiais-prima forem pl\u00e1sticos macios, como filmes ou sacos pl\u00e1sticos, recomendamos que voc\u00ea escolha uma <a href=\"https:\/\/plastic-machines.org\/pt\/product\/plastic-film-dryer-machine\/\">secadora de pl\u00e1stico do tipo vertical<\/a>.<\/p>    <figure class=\"wp-block-image size-large\"><img loading=\"lazy\" decoding=\"async\" width=\"1024\" height=\"576\" src=\"https:\/\/plastic-machines.org\/wp-content\/uploads\/2022\/06\/plastic-washing-machine-1024x576.webp\" alt=\"m\u00e1quina de lavar pl\u00e1stico\" class=\"wp-image-148\" srcset=\"https:\/\/plastic-machines.org\/wp-content\/uploads\/2022\/06\/plastic-washing-machine-1024x576.webp 1024w, https:\/\/plastic-machines.org\/wp-content\/uploads\/2022\/06\/plastic-washing-machine-300x169.webp 300w, https:\/\/plastic-machines.org\/wp-content\/uploads\/2022\/06\/plastic-washing-machine-768x432.webp 768w, https:\/\/plastic-machines.org\/wp-content\/uploads\/2022\/06\/plastic-washing-machine-1536x864.webp 1536w, https:\/\/plastic-machines.org\/wp-content\/uploads\/2022\/06\/plastic-washing-machine.webp 1920w\" sizes=\"auto, (max-width: 1024px) 100vw, 1024px\" \/><figcaption class=\"wp-element-caption\">m\u00e1quina de lavar de pl\u00e1stico e secadora horizontal<\/figcaption><\/figure>    <h2 class=\"wp-block-heading\"> Servi\u00e7os Shuliy para nossos clientes<\/h2>    <ul class=\"wp-block-list\"> <li><strong>Servi\u00e7o de pr\u00e9-venda: <\/strong>Forneceremos um planejamento de projeto de reciclagem de pl\u00e1stico e desenvolveremos um conjunto de programas de m\u00e1quinas e equipamentos adequados. Al\u00e9m disso, de acordo com suas necessidades especiais, nossa f\u00e1brica oferece suporte a m\u00e1quinas de reciclagem de pl\u00e1stico personalizadas.<\/li>    <li><strong>Servi\u00e7o de vendas intermedi\u00e1rias<\/strong>: O gerente de vendas mant\u00e9m contato com voc\u00ea durante todo o processo e supervisiona a produ\u00e7\u00e3o, carregamento e entrega da m\u00e1quina. Nosso gerente de vendas acompanhar\u00e1 o cliente para concluir a aceita\u00e7\u00e3o do equipamento.<\/li>    <li><strong>Servi\u00e7o p\u00f3s-venda:<\/strong> O Grupo Shuliy fornecer\u00e1 instru\u00e7\u00f5es de instala\u00e7\u00e3o de v\u00eddeo online. Se necess\u00e1rio, podemos enviar pessoal t\u00e9cnico ao pa\u00eds do cliente para orientar a instala\u00e7\u00e3o dos equipamentos e treinar os operadores. Al\u00e9m disso, exceto pe\u00e7as de desgaste, as m\u00e1quinas de reciclagem de pl\u00e1stico Shuliy t\u00eam garantia de manuten\u00e7\u00e3o de qualidade dentro de 12 meses.<\/li> <\/ul>","protected":false},"excerpt":{"rendered":"<p>A plastic chips dryer machine is efficient plastic recycling equipment. The cleaned plastic pieces are dewatered and dried at high speed by the dryer before granulation. So the plastic dehumidifying dryer plays an important role in the process of waste plastic granulation. It is an advanced automatic auxiliary equipment for plastic recycling. Plastic dryer machine [&hellip;]<\/p>\n","protected":false},"author":1,"featured_media":443,"parent":0,"template":"","tags":[57,39],"product-type":[14],"class_list":["post-273","product","type-product","status-publish","has-post-thumbnail","hentry","tag-dry","tag-flake","product-type-plastic-cleaning-drying-equipment"],"taxonomy_info":{"post_tag":[{"value":57,"label":"dry"},{"value":39,"label":"flake"}],"product-type":[{"value":14,"label":"Plastic Cleaning&amp;Drying equipment"}]},"featured_image_src_large":["https:\/\/plastic-machines.org\/wp-content\/uploads\/2022\/06\/horizontal-dryer1.webp",720,540,false],"author_info":{"display_name":"Ella","author_link":"https:\/\/plastic-machines.org\/pt\/author\/admin\/"},"comment_info":"","_links":{"self":[{"href":"https:\/\/plastic-machines.org\/pt\/wp-json\/wp\/v2\/product\/273","targetHints":{"allow":["GET"]}}],"collection":[{"href":"https:\/\/plastic-machines.org\/pt\/wp-json\/wp\/v2\/product"}],"about":[{"href":"https:\/\/plastic-machines.org\/pt\/wp-json\/wp\/v2\/types\/product"}],"author":[{"embeddable":true,"href":"https:\/\/plastic-machines.org\/pt\/wp-json\/wp\/v2\/users\/1"}],"wp:featuredmedia":[{"embeddable":true,"href":"https:\/\/plastic-machines.org\/pt\/wp-json\/wp\/v2\/media\/443"}],"wp:attachment":[{"href":"https:\/\/plastic-machines.org\/pt\/wp-json\/wp\/v2\/media?parent=273"}],"wp:term":[{"taxonomy":"post_tag","embeddable":true,"href":"https:\/\/plastic-machines.org\/pt\/wp-json\/wp\/v2\/tags?post=273"},{"taxonomy":"product-type","embeddable":true,"href":"https:\/\/plastic-machines.org\/pt\/wp-json\/wp\/v2\/product-type?post=273"}],"curies":[{"name":"wp","href":"https:\/\/api.w.org\/{rel}","templated":true}]}}