{"id":262,"date":"2022-07-08T08:45:58","date_gmt":"2022-07-08T08:45:58","guid":{"rendered":"https:\/\/plastic-machines.org\/?post_type=product&#038;p=262"},"modified":"2025-11-14T16:38:43","modified_gmt":"2025-11-14T08:38:43","slug":"plastic-film-dryer-machine","status":"publish","type":"product","link":"https:\/\/plastic-machines.org\/pt\/product\/plastic-film-dryer-machine\/","title":{"rendered":"M\u00e1quina vertical de secagem de filme pl\u00e1stico"},"content":{"rendered":"<div class=\"kk-star-ratings kksr-auto kksr-align-left kksr-valign-top\"     data-payload='{&quot;align&quot;:&quot;left&quot;,&quot;id&quot;:&quot;262&quot;,&quot;slug&quot;:&quot;default&quot;,&quot;valign&quot;:&quot;top&quot;,&quot;ignore&quot;:&quot;&quot;,&quot;reference&quot;:&quot;auto&quot;,&quot;class&quot;:&quot;&quot;,&quot;count&quot;:&quot;9&quot;,&quot;legendonly&quot;:&quot;&quot;,&quot;readonly&quot;:&quot;&quot;,&quot;score&quot;:&quot;4.6&quot;,&quot;starsonly&quot;:&quot;&quot;,&quot;best&quot;:&quot;5&quot;,&quot;gap&quot;:&quot;5&quot;,&quot;greet&quot;:&quot;Rate this product&quot;,&quot;legend&quot;:&quot;4.6\\\/5 - (9 votes)&quot;,&quot;size&quot;:&quot;24&quot;,&quot;title&quot;:&quot;Vertical Plastic Film Dryer Machine&quot;,&quot;width&quot;:&quot;130.9&quot;,&quot;_legend&quot;:&quot;{score}\\\/{best} - ({count} {votes})&quot;,&quot;font_factor&quot;:&quot;1.25&quot;}'>              <div class=\"kksr-stars\">      <div class=\"kksr-stars-inactive\">             <div class=\"kksr-star\" data-star=\"1\" style=\"padding-right: 5px\">               <div class=\"kksr-icon\" style=\"width: 24px; height: 24px;\"><\/div>         <\/div>             <div class=\"kksr-star\" data-star=\"2\" style=\"padding-right: 5px\">               <div class=\"kksr-icon\" style=\"width: 24px; height: 24px;\"><\/div>         <\/div>             <div class=\"kksr-star\" data-star=\"3\" style=\"padding-right: 5px\">               <div class=\"kksr-icon\" style=\"width: 24px; height: 24px;\"><\/div>         <\/div>             <div class=\"kksr-star\" data-star=\"4\" style=\"padding-right: 5px\">               <div class=\"kksr-icon\" style=\"width: 24px; height: 24px;\"><\/div>         <\/div>             <div class=\"kksr-star\" data-star=\"5\" style=\"padding-right: 5px\">               <div class=\"kksr-icon\" style=\"width: 24px; height: 24px;\"><\/div>         <\/div>     <\/div>      <div class=\"kksr-stars-active\" style=\"width: 130.9px;\">             <div class=\"kksr-star\" style=\"padding-right: 5px\">               <div class=\"kksr-icon\" style=\"width: 24px; height: 24px;\"><\/div>         <\/div>             <div class=\"kksr-star\" style=\"padding-right: 5px\">               <div class=\"kksr-icon\" style=\"width: 24px; height: 24px;\"><\/div>         <\/div>             <div class=\"kksr-star\" style=\"padding-right: 5px\">               <div class=\"kksr-icon\" style=\"width: 24px; height: 24px;\"><\/div>         <\/div>             <div class=\"kksr-star\" style=\"padding-right: 5px\">               <div class=\"kksr-icon\" style=\"width: 24px; height: 24px;\"><\/div>         <\/div>             <div class=\"kksr-star\" style=\"padding-right: 5px\">               <div class=\"kksr-icon\" style=\"width: 24px; height: 24px;\"><\/div>         <\/div>     <\/div> <\/div>                   <div class=\"kksr-legend\" style=\"font-size: 19.2px;\">             4,6\/5 - (9 votos)    <\/div>     <\/div>  <p>Uma m\u00e1quina secadora de filme pl\u00e1stico \u00e9 um dos dispositivos mais importantes no processo de reciclagem de pl\u00e1stico. Isso remover\u00e1 a \u00e1gua da sucata de pl\u00e1stico, alguns clientes gostariam de preparar mais de uma m\u00e1quina secadora de sucata de pl\u00e1stico, que combine seus tanques de lavagem para produzir lascas de pl\u00e1stico muito mais limpas.<\/p>    <figure class=\"wp-block-embed is-type-video is-provider-youtube wp-block-embed-youtube wp-embed-aspect-16-9 wp-has-aspect-ratio\"><div class=\"wp-block-embed__wrapper\"> <iframe loading=\"lazy\" title=\"M\u00e1quina vertical de eleva\u00e7\u00e3o e desidrata\u00e7\u00e3o para f\u00e1bricas de reciclagem de pl\u00e1stico\" width=\"500\" height=\"281\" src=\"https:\/\/www.youtube.com\/embed\/b9OoE2BIFGA?feature=oembed\" frameborder=\"0\" allow=\"accelerometer; autoplay; clipboard-write; encrypted-media; gyroscope; picture-in-picture; web-share\" referrerpolicy=\"strict-origin-when-cross-origin\" allowfullscreen><\/iframe> <\/div><\/figure>    <h2 class=\"wp-block-heading\" id=\"h-application-of-plastic-film-dryer-machine\">Aplica\u00e7\u00e3o de m\u00e1quina secadora de filme pl\u00e1stico<\/h2>    <p class=\"translation-block\">O secador de pl\u00e1stico \u00e9 instalado no final da piscina e tem a fun\u00e7\u00e3o de secar. Um secador vertical \u00e9 principalmente utilizado para secar filme pl\u00e1stico triturado e limpo, sacos de al\u00e7as descart\u00e1veis, sacos pl\u00e1sticos e outros materiais. No processo de granula\u00e7\u00e3o de pl\u00e1stico, o pl\u00e1stico que entra na <a href=\"https:\/\/plastic-machines.org\/pt\/product\/plastic-extruder-machine\/\">m\u00e1quina de pelletiza\u00e7\u00e3o de pl\u00e1stico<\/a> deve estar seco, por isso a secagem do pl\u00e1stico \u00e9 uma pe\u00e7a essencial do equipamento na <a href=\"https:\/\/plastic-machines.org\/pt\/product\/plastic-granulating-line\/\">linha de granula\u00e7\u00e3o de pl\u00e1stico<\/a>. As pe\u00e7as de pl\u00e1stico secas entrar\u00e3o no extrusor de pellets atrav\u00e9s do transportador de correia autom\u00e1tico.<\/p>    <h2 class=\"wp-block-heading\">Princ\u00edpio de funcionamento da m\u00e1quina de secar pl\u00e1stico<\/h2>    <p>O secador de filme pl\u00e1stico \u00e9 de alimenta\u00e7\u00e3o \u00fanica, transportado na vertical e equipado com dispositivo de desvio. H\u00e1 uma tela de filtro de alta qualidade dentro do desidratador de pl\u00e1stico. A tela do filtro gira em alta velocidade durante a opera\u00e7\u00e3o e o pl\u00e1stico \u00e9 desidratado pela for\u00e7a centr\u00edfuga de alta velocidade. A velocidade de trabalho do equipamento \u00e9 de 900-1500 r\/min. Shuliy Machinery oferece suporte a servi\u00e7os personalizados. O acelerador pode ser adicionado de acordo com as necessidades do cliente para aumentar a velocidade da m\u00e1quina secadora de sucata pl\u00e1stica.<\/p>   <div class=\"wp-block-image\"> <figure class=\"aligncenter size-full\"><img loading=\"lazy\" decoding=\"async\" width=\"720\" height=\"540\" src=\"https:\/\/plastic-machines.org\/wp-content\/uploads\/2022\/07\/inside-structure-of-plastic-dryer.webp\" alt=\"estrutura interna do secador de pl\u00e1stico\" class=\"wp-image-266\" srcset=\"https:\/\/plastic-machines.org\/wp-content\/uploads\/2022\/07\/inside-structure-of-plastic-dryer.webp 720w, https:\/\/plastic-machines.org\/wp-content\/uploads\/2022\/07\/inside-structure-of-plastic-dryer-300x225.webp 300w\" sizes=\"auto, (max-width: 720px) 100vw, 720px\" \/><figcaption class=\"wp-element-caption\">estrutura interna do secador de pl\u00e1stico<\/figcaption><\/figure> <\/div>  <div class=\"wp-block-image\"> <figure class=\"aligncenter size-full\"><img loading=\"lazy\" decoding=\"async\" width=\"720\" height=\"540\" src=\"https:\/\/plastic-machines.org\/wp-content\/uploads\/2022\/07\/filter.webp\" alt=\"filtro de m\u00e1quina secadora de pl\u00e1stico\" class=\"wp-image-267\" srcset=\"https:\/\/plastic-machines.org\/wp-content\/uploads\/2022\/07\/filter.webp 720w, https:\/\/plastic-machines.org\/wp-content\/uploads\/2022\/07\/filter-300x225.webp 300w\" sizes=\"auto, (max-width: 720px) 100vw, 720px\" \/><figcaption class=\"wp-element-caption\">filtro da m\u00e1quina de desidrata\u00e7\u00e3o de pl\u00e1stico<\/figcaption><\/figure> <\/div>  <div class=\"wp-block-image\"> <figure class=\"aligncenter size-full\"><img loading=\"lazy\" decoding=\"async\" width=\"720\" height=\"540\" src=\"https:\/\/plastic-machines.org\/wp-content\/uploads\/2022\/07\/structure-details.webp\" alt=\"detalhes da estrutura do secador de pl\u00e1stico\" class=\"wp-image-268\" srcset=\"https:\/\/plastic-machines.org\/wp-content\/uploads\/2022\/07\/structure-details.webp 720w, https:\/\/plastic-machines.org\/wp-content\/uploads\/2022\/07\/structure-details-300x225.webp 300w\" sizes=\"auto, (max-width: 720px) 100vw, 720px\" \/><figcaption class=\"wp-element-caption\">detalhes da estrutura<\/figcaption><\/figure> <\/div>   <h2 class=\"wp-block-heading\">Par\u00e2metros da m\u00e1quina de secagem de pl\u00e1stico<\/h2>    <p>Os modelos mais vendidos s\u00e3o SL-500 e SL-600, recomendaremos o modelo adequado para voc\u00ea de acordo com suas demandas.<\/p>    <figure class=\"wp-block-table\"><table><tbody><tr><td>Modelo<\/td><td>SL-500<\/td><td>SL-600<\/td><\/tr><tr><td>Poder<\/td><td>7,5 kW<\/td><td>15 kW<\/td><\/tr><\/tbody><\/table><\/figure>    <h2 class=\"wp-block-heading\">Exibi\u00e7\u00e3o de f\u00e1brica de m\u00e1quina de desidrata\u00e7\u00e3o de filme pl\u00e1stico<\/h2>    <p>As m\u00e1quinas de secagem de pl\u00e1stico est\u00e3o agora totalmente abastecidas e prontas para envio imediato. Se voc\u00ea est\u00e1 interessado na m\u00e1quina de reciclagem, entre em contato conosco, enviaremos um or\u00e7amento da m\u00e1quina o mais r\u00e1pido poss\u00edvel.<\/p>    <figure class=\"wp-block-gallery has-nested-images columns-default is-cropped wp-block-gallery-2 is-layout-flex wp-block-gallery-is-layout-flex\"> <figure class=\"wp-block-image size-large\"><img loading=\"lazy\" decoding=\"async\" width=\"540\" height=\"720\" data-id=\"264\" src=\"https:\/\/plastic-machines.org\/wp-content\/uploads\/2022\/07\/placed-after-a-washing-tank.webp\" alt=\"o secador de pl\u00e1stico \u00e9 colocado ap\u00f3s um tanque de lavagem\" class=\"wp-image-264\" srcset=\"https:\/\/plastic-machines.org\/wp-content\/uploads\/2022\/07\/placed-after-a-washing-tank.webp 540w, https:\/\/plastic-machines.org\/wp-content\/uploads\/2022\/07\/placed-after-a-washing-tank-225x300.webp 225w\" sizes=\"auto, (max-width: 540px) 100vw, 540px\" \/><figcaption class=\"wp-element-caption\">colocado ap\u00f3s um tanque de lavagem<\/figcaption><\/figure>    <figure class=\"wp-block-image size-large\"><img loading=\"lazy\" decoding=\"async\" width=\"540\" height=\"720\" data-id=\"265\" src=\"https:\/\/plastic-machines.org\/wp-content\/uploads\/2022\/07\/plastic-drying-machine-.webp\" alt=\"m\u00e1quina de secar pl\u00e1stico\" class=\"wp-image-265\" srcset=\"https:\/\/plastic-machines.org\/wp-content\/uploads\/2022\/07\/plastic-drying-machine-.webp 540w, https:\/\/plastic-machines.org\/wp-content\/uploads\/2022\/07\/plastic-drying-machine--225x300.webp 225w\" sizes=\"auto, (max-width: 540px) 100vw, 540px\" \/><figcaption class=\"wp-element-caption\">m\u00e1quina de secar pl\u00e1stico<\/figcaption><\/figure> <\/figure>    <figure class=\"wp-block-gallery has-nested-images columns-default is-cropped wp-block-gallery-3 is-layout-flex wp-block-gallery-is-layout-flex\"> <figure class=\"wp-block-image size-large\"><img loading=\"lazy\" decoding=\"async\" width=\"720\" height=\"540\" data-id=\"269\" src=\"https:\/\/plastic-machines.org\/wp-content\/uploads\/2022\/07\/plastic-film-dryer-machine-in-plant.webp\" alt=\"m\u00e1quina secadora de filme pl\u00e1stico na planta\" class=\"wp-image-269\" srcset=\"https:\/\/plastic-machines.org\/wp-content\/uploads\/2022\/07\/plastic-film-dryer-machine-in-plant.webp 720w, https:\/\/plastic-machines.org\/wp-content\/uploads\/2022\/07\/plastic-film-dryer-machine-in-plant-300x225.webp 300w\" sizes=\"auto, (max-width: 720px) 100vw, 720px\" \/><figcaption class=\"wp-element-caption\">m\u00e1quina secadora de filme pl\u00e1stico na planta<\/figcaption><\/figure>    <figure class=\"wp-block-image size-large\"><img loading=\"lazy\" decoding=\"async\" width=\"720\" height=\"540\" data-id=\"270\" src=\"https:\/\/plastic-machines.org\/wp-content\/uploads\/2022\/07\/vertical-dryer.webp\" alt=\"secador de pl\u00e1stico vertical\" class=\"wp-image-270\" srcset=\"https:\/\/plastic-machines.org\/wp-content\/uploads\/2022\/07\/vertical-dryer.webp 720w, https:\/\/plastic-machines.org\/wp-content\/uploads\/2022\/07\/vertical-dryer-300x225.webp 300w\" sizes=\"auto, (max-width: 720px) 100vw, 720px\" \/><figcaption class=\"wp-element-caption\">m\u00e1quina de desidrata\u00e7\u00e3o vertical<\/figcaption><\/figure> <\/figure>    <h2 class=\"wp-block-heading\">Escolha uma linha de processamento de res\u00edduos pl\u00e1sticos <\/h2>    <p class=\"translation-block\">A m\u00e1quina de secagem \u00e9 sempre utilizada na linha de pelletiza\u00e7\u00e3o de pl\u00e1stico e<a href=\"https:\/\/en.wikipedia.org\/wiki\/Polyethylene_terephthalate\" target=\"_blank\" rel=\"noopener\"> PET<\/a> linha de lavagem, est\u00e1 sempre ligada a um <a href=\"https:\/\/plastic-machines.org\/pt\/product\/plastic-film-washing-machine\/\">tanque de lavagem<\/a> para secar as folhas de pl\u00e1stico a tempo. O n\u00famero de m\u00e1quinas de desidrata\u00e7\u00e3o e tanques de lavagem pode ser decidido pela sua limpeza de pl\u00e1stico.<\/p>   <div class=\"wp-block-image\"> <figure class=\"aligncenter size-full\"><img loading=\"lazy\" decoding=\"async\" width=\"720\" height=\"540\" src=\"https:\/\/plastic-machines.org\/wp-content\/uploads\/2022\/07\/washing-tank.webp\" alt=\"\" class=\"wp-image-257\" srcset=\"https:\/\/plastic-machines.org\/wp-content\/uploads\/2022\/07\/washing-tank.webp 720w, https:\/\/plastic-machines.org\/wp-content\/uploads\/2022\/07\/washing-tank-300x225.webp 300w\" sizes=\"auto, (max-width: 720px) 100vw, 720px\" \/><figcaption class=\"wp-element-caption\">m\u00e1quina secadora de filme pl\u00e1stico e tanque de lavagem<\/figcaption><\/figure> <\/div>","protected":false},"excerpt":{"rendered":"<p>A plastic film dryer machine is one of the most important devices in the plastic recycling process. It will remove the water from the plastic scrap, some customer would like to prepare more than one plastic scrap dryer machines, which match their washing tanks to make much cleaner plastic chips. Application of plastic film dryer [&hellip;]<\/p>\n","protected":false},"author":1,"featured_media":456,"parent":0,"template":"","tags":[57,49],"product-type":[14],"class_list":["post-262","product","type-product","status-publish","has-post-thumbnail","hentry","tag-dry","tag-film","product-type-plastic-cleaning-drying-equipment"],"taxonomy_info":{"post_tag":[{"value":57,"label":"dry"},{"value":49,"label":"film"}],"product-type":[{"value":14,"label":"Plastic Cleaning&amp;Drying equipment"}]},"featured_image_src_large":["https:\/\/plastic-machines.org\/wp-content\/uploads\/2022\/06\/vertical-dewatering-machine1.webp",720,540,false],"author_info":{"display_name":"Ella","author_link":"https:\/\/plastic-machines.org\/pt\/author\/admin\/"},"comment_info":"","_links":{"self":[{"href":"https:\/\/plastic-machines.org\/pt\/wp-json\/wp\/v2\/product\/262","targetHints":{"allow":["GET"]}}],"collection":[{"href":"https:\/\/plastic-machines.org\/pt\/wp-json\/wp\/v2\/product"}],"about":[{"href":"https:\/\/plastic-machines.org\/pt\/wp-json\/wp\/v2\/types\/product"}],"author":[{"embeddable":true,"href":"https:\/\/plastic-machines.org\/pt\/wp-json\/wp\/v2\/users\/1"}],"wp:featuredmedia":[{"embeddable":true,"href":"https:\/\/plastic-machines.org\/pt\/wp-json\/wp\/v2\/media\/456"}],"wp:attachment":[{"href":"https:\/\/plastic-machines.org\/pt\/wp-json\/wp\/v2\/media?parent=262"}],"wp:term":[{"taxonomy":"post_tag","embeddable":true,"href":"https:\/\/plastic-machines.org\/pt\/wp-json\/wp\/v2\/tags?post=262"},{"taxonomy":"product-type","embeddable":true,"href":"https:\/\/plastic-machines.org\/pt\/wp-json\/wp\/v2\/product-type?post=262"}],"curies":[{"name":"wp","href":"https:\/\/api.w.org\/{rel}","templated":true}]}}