{"id":251,"date":"2022-07-07T03:45:17","date_gmt":"2022-07-07T03:45:17","guid":{"rendered":"https:\/\/plastic-machines.org\/?post_type=product&#038;p=251"},"modified":"2025-11-18T09:39:23","modified_gmt":"2025-11-18T01:39:23","slug":"plastic-film-washing-machine","status":"publish","type":"product","link":"https:\/\/plastic-machines.org\/pt\/product\/plastic-film-washing-machine\/","title":{"rendered":"M\u00e1quina de Lavagem de Filme Pl\u00e1stico para planta de reciclagem de LDPE PP"},"content":{"rendered":"<div class=\"kk-star-ratings kksr-auto kksr-align-left kksr-valign-top\"     data-payload='{&quot;align&quot;:&quot;left&quot;,&quot;id&quot;:&quot;251&quot;,&quot;slug&quot;:&quot;default&quot;,&quot;valign&quot;:&quot;top&quot;,&quot;ignore&quot;:&quot;&quot;,&quot;reference&quot;:&quot;auto&quot;,&quot;class&quot;:&quot;&quot;,&quot;count&quot;:&quot;5&quot;,&quot;legendonly&quot;:&quot;&quot;,&quot;readonly&quot;:&quot;&quot;,&quot;score&quot;:&quot;5&quot;,&quot;starsonly&quot;:&quot;&quot;,&quot;best&quot;:&quot;5&quot;,&quot;gap&quot;:&quot;5&quot;,&quot;greet&quot;:&quot;Rate this product&quot;,&quot;legend&quot;:&quot;5\\\/5 - (5 votes)&quot;,&quot;size&quot;:&quot;24&quot;,&quot;title&quot;:&quot;Plastic Film Washing Machine for LDPE PP recycling plant&quot;,&quot;width&quot;:&quot;142.5&quot;,&quot;_legend&quot;:&quot;{score}\\\/{best} - ({count} {votes})&quot;,&quot;font_factor&quot;:&quot;1.25&quot;}'>              <div class=\"kksr-stars\">      <div class=\"kksr-stars-inactive\">             <div class=\"kksr-star\" data-star=\"1\" style=\"padding-right: 5px\">               <div class=\"kksr-icon\" style=\"width: 24px; height: 24px;\"><\/div>         <\/div>             <div class=\"kksr-star\" data-star=\"2\" style=\"padding-right: 5px\">               <div class=\"kksr-icon\" style=\"width: 24px; height: 24px;\"><\/div>         <\/div>             <div class=\"kksr-star\" data-star=\"3\" style=\"padding-right: 5px\">               <div class=\"kksr-icon\" style=\"width: 24px; height: 24px;\"><\/div>         <\/div>             <div class=\"kksr-star\" data-star=\"4\" style=\"padding-right: 5px\">               <div class=\"kksr-icon\" style=\"width: 24px; height: 24px;\"><\/div>         <\/div>             <div class=\"kksr-star\" data-star=\"5\" style=\"padding-right: 5px\">               <div class=\"kksr-icon\" style=\"width: 24px; height: 24px;\"><\/div>         <\/div>     <\/div>      <div class=\"kksr-stars-active\" style=\"width: 142.5px;\">             <div class=\"kksr-star\" style=\"padding-right: 5px\">               <div class=\"kksr-icon\" style=\"width: 24px; height: 24px;\"><\/div>         <\/div>             <div class=\"kksr-star\" style=\"padding-right: 5px\">               <div class=\"kksr-icon\" style=\"width: 24px; height: 24px;\"><\/div>         <\/div>             <div class=\"kksr-star\" style=\"padding-right: 5px\">               <div class=\"kksr-icon\" style=\"width: 24px; height: 24px;\"><\/div>         <\/div>             <div class=\"kksr-star\" style=\"padding-right: 5px\">               <div class=\"kksr-icon\" style=\"width: 24px; height: 24px;\"><\/div>         <\/div>             <div class=\"kksr-star\" style=\"padding-right: 5px\">               <div class=\"kksr-icon\" style=\"width: 24px; height: 24px;\"><\/div>         <\/div>     <\/div> <\/div>                   <div class=\"kksr-legend\" style=\"font-size: 19.2px;\">             5\/5 - (5 votos)    <\/div>     <\/div>  <p>Uma m\u00e1quina de lavar filme pl\u00e1stico \u00e9 um dos equipamentos comuns de limpeza de pl\u00e1stico usado em linhas de reciclagem de filme pl\u00e1stico para enxaguar fragmentos de pl\u00e1stico e remover res\u00edduos de adesivos do pl\u00e1stico. O tanque de lavagem de pl\u00e1stico \u00e9 feito de a\u00e7o inoxid\u00e1vel, que n\u00e3o enferruja facilmente e tem uma longa vida \u00fatil.<\/p>    <figure class=\"wp-block-embed is-type-video is-provider-youtube wp-block-embed-youtube wp-embed-aspect-16-9 wp-has-aspect-ratio\"><div class=\"wp-block-embed__wrapper\"> <iframe loading=\"lazy\" title=\"Tanque de enx\u00e1gue de pl\u00e1stico para reciclagem de flocos de filmes PP LDPE HDPE\" width=\"500\" height=\"281\" src=\"https:\/\/www.youtube.com\/embed\/jxk0iCaV3PE?start=30&#038;feature=oembed\" frameborder=\"0\" allow=\"accelerometer; autoplay; clipboard-write; encrypted-media; gyroscope; picture-in-picture; web-share\" referrerpolicy=\"strict-origin-when-cross-origin\" allowfullscreen><\/iframe> <\/div><\/figure>    <h2 class=\"wp-block-heading\" id=\"h-application-of-plastic-film-washing-machine\">Aplica\u00e7\u00e3o de m\u00e1quina de lavar filme pl\u00e1stico<\/h2>    <p class=\"translation-block\">A m\u00e1quina de lavagem de filme PE limpa principalmente peda\u00e7os de filme pl\u00e1stico. Depois que o triturador de filme pl\u00e1stico tritura os sacos pl\u00e1sticos descartados, o lixo pl\u00e1stico ainda est\u00e1 sujo. Como h\u00e1 muitas manchas de \u00f3leo, poeira, tinta e outras manchas no saco pl\u00e1stico, \u00e9 necess\u00e1rio limp\u00e1-lo antes da <a href=\"https:\/\/plastic-machines.org\/pt\/product\/plastic-granulating-line\/\">granula\u00e7\u00e3o<\/a>. Portanto, \u00e9 muito necess\u00e1rio envi\u00e1-lo para o tanque de limpeza de pl\u00e1stico para melhorar a qualidade dos pellets reciclados e aumentar a efici\u00eancia econ\u00f4mica.<\/p>    <h2 class=\"wp-block-heading\">Princ\u00edpio de funcionamento da m\u00e1quina de lavar roupa de pl\u00e1stico<\/h2>    <p>A m\u00e1quina de lavar para reciclagem de pl\u00e1stico \u00e9 composta principalmente por tanque de \u00e1gua, engrenagem rotativa, porta de drenagem e outras estruturas. Quando a pe\u00e7a de pl\u00e1stico entra no tanque de \u00e1gua, as engrenagens rotativas far\u00e3o com que uma grande quantidade de pl\u00e1stico caia e seja limpa durante a rota\u00e7\u00e3o, e o transportar\u00e1 para a pr\u00f3xima engrenagem. Um total de dez engrenagens est\u00e3o instaladas no tanque de \u00e1gua, e o movimento circular deixar\u00e1 o pl\u00e1stico limpo.<\/p>    <figure class=\"wp-block-gallery has-nested-images columns-default is-cropped wp-block-gallery-2 is-layout-flex wp-block-gallery-is-layout-flex\"> <figure class=\"wp-block-image size-large\"><img loading=\"lazy\" decoding=\"async\" width=\"720\" height=\"540\" data-id=\"255\" src=\"https:\/\/plastic-machines.org\/wp-content\/uploads\/2022\/07\/rotating-gear.webp\" alt=\"engrenagens rotativas da m\u00e1quina de lavar filme pl\u00e1stico\" class=\"wp-image-255\" srcset=\"https:\/\/plastic-machines.org\/wp-content\/uploads\/2022\/07\/rotating-gear.webp 720w, https:\/\/plastic-machines.org\/wp-content\/uploads\/2022\/07\/rotating-gear-300x225.webp 300w\" sizes=\"auto, (max-width: 720px) 100vw, 720px\" \/><figcaption class=\"wp-element-caption\">engrenagens rotativas<\/figcaption><\/figure>    <figure class=\"wp-block-image size-large\"><img loading=\"lazy\" decoding=\"async\" width=\"720\" height=\"540\" data-id=\"256\" src=\"https:\/\/plastic-machines.org\/wp-content\/uploads\/2022\/07\/drainage-port-on-the-tank.webp\" alt=\"porta de drenagem no tanque de enx\u00e1gue de pl\u00e1stico\" class=\"wp-image-256\" srcset=\"https:\/\/plastic-machines.org\/wp-content\/uploads\/2022\/07\/drainage-port-on-the-tank.webp 720w, https:\/\/plastic-machines.org\/wp-content\/uploads\/2022\/07\/drainage-port-on-the-tank-300x225.webp 300w\" sizes=\"auto, (max-width: 720px) 100vw, 720px\" \/><figcaption class=\"wp-element-caption\">porta de drenagem na m\u00e1quina de lavar filme pl\u00e1stico<\/figcaption><\/figure> <\/figure>    <h2 class=\"wp-block-heading\">Exibi\u00e7\u00e3o de f\u00e1brica de tanque de lavagem de pl\u00e1stico <\/h2>    <p>S\u00e3o necess\u00e1rios 10 engrenagens rotativas, a dist\u00e2ncia entre cada duas rodas de mistura \u00e9 de 1,5-2 metros e o comprimento de toda a m\u00e1quina \u00e9 de cerca de 15 a 20 metros. A cor da m\u00e1quina de ascens\u00e3o pode ser personalizada pelas demandas de nossos clientes.<\/p>    <p class=\"translation-block\">Na linha completa de <a href=\"https:\/\/plastic-machines.org\/pt\/product\/plastic-granulating-line\/\">reciclagem de pl\u00e1stico<\/a>, o tanque de enx\u00e1gue est\u00e1 sempre conectado a uma <a href=\"https:\/\/plastic-machines.org\/pt\/product\/plastic-film-dryer-machine\/\">m\u00e1quina de desidrata\u00e7\u00e3o<\/a>, que \u00e9 usada para levantar os materiais no tanque e remover o excesso de \u00e1gua.<\/p>    <figure class=\"wp-block-gallery has-nested-images columns-default is-cropped wp-block-gallery-3 is-layout-flex wp-block-gallery-is-layout-flex\"> <figure class=\"wp-block-image size-large\"><img loading=\"lazy\" decoding=\"async\" width=\"720\" height=\"540\" data-id=\"257\" src=\"https:\/\/plastic-machines.org\/wp-content\/uploads\/2022\/07\/washing-tank.webp\" alt=\"tanque de lavagem para reciclagem de PP PE LDPE \" class=\"wp-image-257\" srcset=\"https:\/\/plastic-machines.org\/wp-content\/uploads\/2022\/07\/washing-tank.webp 720w, https:\/\/plastic-machines.org\/wp-content\/uploads\/2022\/07\/washing-tank-300x225.webp 300w\" sizes=\"auto, (max-width: 720px) 100vw, 720px\" \/><figcaption class=\"wp-element-caption\">tanque de lavagem<\/figcaption><\/figure>    <figure class=\"wp-block-image size-large\"><img loading=\"lazy\" decoding=\"async\" width=\"720\" height=\"540\" data-id=\"258\" src=\"https:\/\/plastic-machines.org\/wp-content\/uploads\/2022\/07\/plastic-washing-machine.webp\" alt=\"m\u00e1quina de lavar filme pl\u00e1stico\" class=\"wp-image-258\" srcset=\"https:\/\/plastic-machines.org\/wp-content\/uploads\/2022\/07\/plastic-washing-machine.webp 720w, https:\/\/plastic-machines.org\/wp-content\/uploads\/2022\/07\/plastic-washing-machine-300x225.webp 300w\" sizes=\"auto, (max-width: 720px) 100vw, 720px\" \/><figcaption class=\"wp-element-caption\">m\u00e1quina de lavar pl\u00e1stico<\/figcaption><\/figure> <\/figure>    <figure class=\"wp-block-gallery has-nested-images columns-default is-cropped wp-block-gallery-4 is-layout-flex wp-block-gallery-is-layout-flex\"> <figure class=\"wp-block-image size-large\"><img loading=\"lazy\" decoding=\"async\" width=\"720\" height=\"540\" data-id=\"259\" src=\"https:\/\/plastic-machines.org\/wp-content\/uploads\/2022\/07\/plastic-rinsing-tank.webp\" alt=\"tanque de enx\u00e1gue de pl\u00e1stico\" class=\"wp-image-259\" srcset=\"https:\/\/plastic-machines.org\/wp-content\/uploads\/2022\/07\/plastic-rinsing-tank.webp 720w, https:\/\/plastic-machines.org\/wp-content\/uploads\/2022\/07\/plastic-rinsing-tank-300x225.webp 300w\" sizes=\"auto, (max-width: 720px) 100vw, 720px\" \/><figcaption class=\"wp-element-caption\">tanque de enx\u00e1gue de pl\u00e1stico<\/figcaption><\/figure>    <figure class=\"wp-block-image size-large\"><img loading=\"lazy\" decoding=\"async\" width=\"720\" height=\"540\" data-id=\"260\" src=\"https:\/\/plastic-machines.org\/wp-content\/uploads\/2022\/07\/rotating-gears.webp\" alt=\"engrenagens rotativas de m\u00e1quina de lavar de pl\u00e1stico\" class=\"wp-image-260\" srcset=\"https:\/\/plastic-machines.org\/wp-content\/uploads\/2022\/07\/rotating-gears.webp 720w, https:\/\/plastic-machines.org\/wp-content\/uploads\/2022\/07\/rotating-gears-300x225.webp 300w\" sizes=\"auto, (max-width: 720px) 100vw, 720px\" \/><figcaption class=\"wp-element-caption\">engrenagens rotativas<\/figcaption><\/figure> <\/figure>","protected":false},"excerpt":{"rendered":"<p>A plastic film washing machine is one of the common plastic cleaning equipment used in plastic film recycling lines for rinsing plastic shreds and removing sticker residue from plastic. The plastic washing tank is made of stainless steel, which is not easy to rust and has a long service life. Application of plastic film washing [&hellip;]<\/p>\n","protected":false},"author":1,"featured_media":455,"parent":0,"template":"","tags":[57,49,37,44],"product-type":[14],"class_list":["post-251","product","type-product","status-publish","has-post-thumbnail","hentry","tag-dry","tag-film","tag-hdpe","tag-pp","product-type-plastic-cleaning-drying-equipment"],"taxonomy_info":{"post_tag":[{"value":57,"label":"dry"},{"value":49,"label":"film"},{"value":37,"label":"HDPE"},{"value":44,"label":"PP"}],"product-type":[{"value":14,"label":"Plastic Cleaning&amp;Drying equipment"}]},"featured_image_src_large":["https:\/\/plastic-machines.org\/wp-content\/uploads\/2022\/06\/rinsing-tank1.webp",720,540,false],"author_info":{"display_name":"Ella","author_link":"https:\/\/plastic-machines.org\/pt\/author\/admin\/"},"comment_info":"","_links":{"self":[{"href":"https:\/\/plastic-machines.org\/pt\/wp-json\/wp\/v2\/product\/251","targetHints":{"allow":["GET"]}}],"collection":[{"href":"https:\/\/plastic-machines.org\/pt\/wp-json\/wp\/v2\/product"}],"about":[{"href":"https:\/\/plastic-machines.org\/pt\/wp-json\/wp\/v2\/types\/product"}],"author":[{"embeddable":true,"href":"https:\/\/plastic-machines.org\/pt\/wp-json\/wp\/v2\/users\/1"}],"wp:featuredmedia":[{"embeddable":true,"href":"https:\/\/plastic-machines.org\/pt\/wp-json\/wp\/v2\/media\/455"}],"wp:attachment":[{"href":"https:\/\/plastic-machines.org\/pt\/wp-json\/wp\/v2\/media?parent=251"}],"wp:term":[{"taxonomy":"post_tag","embeddable":true,"href":"https:\/\/plastic-machines.org\/pt\/wp-json\/wp\/v2\/tags?post=251"},{"taxonomy":"product-type","embeddable":true,"href":"https:\/\/plastic-machines.org\/pt\/wp-json\/wp\/v2\/product-type?post=251"}],"curies":[{"name":"wp","href":"https:\/\/api.w.org\/{rel}","templated":true}]}}