{"id":186,"date":"2022-07-05T09:49:54","date_gmt":"2022-07-05T09:49:54","guid":{"rendered":"https:\/\/plastic-machines.org\/?post_type=product&#038;p=186"},"modified":"2025-11-13T16:09:36","modified_gmt":"2025-11-13T08:09:36","slug":"plastic-foam-pelletizing-line","status":"publish","type":"product","link":"https:\/\/plastic-machines.org\/pt\/product\/plastic-foam-pelletizing-line\/","title":{"rendered":"Linha de pelotiza\u00e7\u00e3o de espuma pl\u00e1stica para reciclagem de poliestireno"},"content":{"rendered":"<div class=\"kk-star-ratings kksr-auto kksr-align-left kksr-valign-top\"     data-payload='{&quot;align&quot;:&quot;left&quot;,&quot;id&quot;:&quot;186&quot;,&quot;slug&quot;:&quot;default&quot;,&quot;valign&quot;:&quot;top&quot;,&quot;ignore&quot;:&quot;&quot;,&quot;reference&quot;:&quot;auto&quot;,&quot;class&quot;:&quot;&quot;,&quot;count&quot;:&quot;3&quot;,&quot;legendonly&quot;:&quot;&quot;,&quot;readonly&quot;:&quot;&quot;,&quot;score&quot;:&quot;5&quot;,&quot;starsonly&quot;:&quot;&quot;,&quot;best&quot;:&quot;5&quot;,&quot;gap&quot;:&quot;5&quot;,&quot;greet&quot;:&quot;Rate this product&quot;,&quot;legend&quot;:&quot;5\\\/5 - (3 votes)&quot;,&quot;size&quot;:&quot;24&quot;,&quot;title&quot;:&quot;Plastic Foam Pelletizing Line for Polystyrene Recycling&quot;,&quot;width&quot;:&quot;142.5&quot;,&quot;_legend&quot;:&quot;{score}\\\/{best} - ({count} {votes})&quot;,&quot;font_factor&quot;:&quot;1.25&quot;}'>              <div class=\"kksr-stars\">      <div class=\"kksr-stars-inactive\">             <div class=\"kksr-star\" data-star=\"1\" style=\"padding-right: 5px\">               <div class=\"kksr-icon\" style=\"width: 24px; height: 24px;\"><\/div>         <\/div>             <div class=\"kksr-star\" data-star=\"2\" style=\"padding-right: 5px\">               <div class=\"kksr-icon\" style=\"width: 24px; height: 24px;\"><\/div>         <\/div>             <div class=\"kksr-star\" data-star=\"3\" style=\"padding-right: 5px\">               <div class=\"kksr-icon\" style=\"width: 24px; height: 24px;\"><\/div>         <\/div>             <div class=\"kksr-star\" data-star=\"4\" style=\"padding-right: 5px\">               <div class=\"kksr-icon\" style=\"width: 24px; height: 24px;\"><\/div>         <\/div>             <div class=\"kksr-star\" data-star=\"5\" style=\"padding-right: 5px\">               <div class=\"kksr-icon\" style=\"width: 24px; height: 24px;\"><\/div>         <\/div>     <\/div>      <div class=\"kksr-stars-active\" style=\"width: 142.5px;\">             <div class=\"kksr-star\" style=\"padding-right: 5px\">               <div class=\"kksr-icon\" style=\"width: 24px; height: 24px;\"><\/div>         <\/div>             <div class=\"kksr-star\" style=\"padding-right: 5px\">               <div class=\"kksr-icon\" style=\"width: 24px; height: 24px;\"><\/div>         <\/div>             <div class=\"kksr-star\" style=\"padding-right: 5px\">               <div class=\"kksr-icon\" style=\"width: 24px; height: 24px;\"><\/div>         <\/div>             <div class=\"kksr-star\" style=\"padding-right: 5px\">               <div class=\"kksr-icon\" style=\"width: 24px; height: 24px;\"><\/div>         <\/div>             <div class=\"kksr-star\" style=\"padding-right: 5px\">               <div class=\"kksr-icon\" style=\"width: 24px; height: 24px;\"><\/div>         <\/div>     <\/div> <\/div>                   <div class=\"kksr-legend\" style=\"font-size: 19.2px;\">             5\/5 - (3 votos)    <\/div>     <\/div>  <p>A linha de pelotiza\u00e7\u00e3o de espuma pl\u00e1stica Shuliy lida principalmente com res\u00edduos de espumas pl\u00e1sticas, os res\u00edduos pl\u00e1sticos ser\u00e3o triturados e depois transformados em pequenos pellets de pl\u00e1stico, que podem ser reutilizados como materiais de embalagem, isolamento e outros materiais. O equipamento mais importante para as m\u00e1quinas de reciclagem de EPS s\u00e3o os granuladores, que derretem e extrusam pellets.<\/p>    <figure class=\"wp-block-embed is-type-video is-provider-youtube wp-block-embed-youtube wp-embed-aspect-16-9 wp-has-aspect-ratio\"><div class=\"wp-block-embed__wrapper\"> <iframe loading=\"lazy\" title=\"M\u00e1quina de reciclagem de EPS\/isopor EPE | Granulador EPE EPS\" width=\"500\" height=\"281\" src=\"https:\/\/www.youtube.com\/embed\/cshcld4EPWc?feature=oembed\" frameborder=\"0\" allow=\"accelerometer; autoplay; clipboard-write; encrypted-media; gyroscope; picture-in-picture; web-share\" referrerpolicy=\"strict-origin-when-cross-origin\" allowfullscreen><\/iframe> <\/div><\/figure>    <h2 class=\"wp-block-heading\" id=\"h-what-are-the-waste-eps-and-epe-materials\">Quais s\u00e3o os res\u00edduos de materiais EPS e EPE?<\/h2>    <p>Pessoas na vida quotidiana em todo o lado e produtos pl\u00e1sticos em contacto, tornou-se um dos materiais indispens\u00e1veis \u200b\u200bpara a vida das pessoas e para o desenvolvimento econ\u00f3mico. Com o cont\u00ednuo desenvolvimento e aplica\u00e7\u00e3o de pl\u00e1sticos, EPE e EPS (isopor\/poliestireno) t\u00eam sido amplamente utilizados em embalagens e materiais de enchimento.<\/p>    <p>A espuma de algod\u00e3o p\u00e9rola EPE \u00e9 um novo tipo de material de produto pl\u00e1stico, amplamente utilizado em embalagens de presentes, produtos de hardware, necessidades di\u00e1rias e outras embalagens de produtos. O poliestireno expandido, conhecido como EPS, \u00e9 um pol\u00edmero leve. Como caixas de espuma para fast food, caixas para embalagens de espuma, materiais de isolamento, espuma para embalagens externas de refrigeradores e outros lixos de espuma branca.<\/p>   <div class=\"wp-block-image is-resized\"> <figure class=\"aligncenter size-full\"><img loading=\"lazy\" decoding=\"async\" width=\"720\" height=\"540\" src=\"https:\/\/plastic-machines.org\/wp-content\/uploads\/2022\/07\/raw-materials-of-the-EPS-granulators.webp\" alt=\"M\u00e1quina de reciclagem de poliestireno expandido\" class=\"wp-image-196\" srcset=\"https:\/\/plastic-machines.org\/wp-content\/uploads\/2022\/07\/raw-materials-of-the-EPS-granulators.webp 720w, https:\/\/plastic-machines.org\/wp-content\/uploads\/2022\/07\/raw-materials-of-the-EPS-granulators-300x225.webp 300w\" sizes=\"auto, (max-width: 720px) 100vw, 720px\" \/><figcaption class=\"wp-element-caption\">mat\u00e9rias-primas da linha de pelotiza\u00e7\u00e3o de espuma pl\u00e1stica<\/figcaption><\/figure> <\/div>   <h2 class=\"wp-block-heading\">Processo de linha de pelotiza\u00e7\u00e3o de espuma pl\u00e1stica<\/h2>    <p>A espuma pl\u00e1stica residual coletada ser\u00e1 primeiro triturada por uma trituradora de isopor e depois derretida e extrusada por um granulador de EPS.<\/p>    <div class=\"wp-block-media-text alignwide is-stacked-on-mobile\"><figure class=\"wp-block-media-text__media\"><img loading=\"lazy\" decoding=\"async\" width=\"720\" height=\"540\" src=\"https:\/\/plastic-machines.org\/wp-content\/uploads\/2022\/07\/horizontal-foam-compactor.webp\" alt=\"Compactador de reciclagem de isopor EPS\" class=\"wp-image-192 size-full\" srcset=\"https:\/\/plastic-machines.org\/wp-content\/uploads\/2022\/07\/horizontal-foam-compactor.webp 720w, https:\/\/plastic-machines.org\/wp-content\/uploads\/2022\/07\/horizontal-foam-compactor-300x225.webp 300w\" sizes=\"auto, (max-width: 720px) 100vw, 720px\" \/><\/figure><div class=\"wp-block-media-text__content\"> <p class=\"has-large-font-size\">Compactador de isopor<\/p>    <p>Depois que a espuma pl\u00e1stica \u00e9 comprimida pelo compactador de reciclagem de isopor EPS, a densidade da espuma aumenta e a espuma fica no formato de um bloco quadrado, o que \u00e9 muito conveniente para transporte e armazenamento.<\/p> <\/div><\/div>    <div class=\"wp-block-media-text alignwide is-stacked-on-mobile\"><figure class=\"wp-block-media-text__media\"><img loading=\"lazy\" decoding=\"async\" width=\"720\" height=\"540\" src=\"https:\/\/plastic-machines.org\/wp-content\/uploads\/2022\/07\/Horizontal-foam-crusher.webp\" alt=\"Triturador de espuma pl\u00e1stica\" class=\"wp-image-190 size-full\" srcset=\"https:\/\/plastic-machines.org\/wp-content\/uploads\/2022\/07\/Horizontal-foam-crusher.webp 720w, https:\/\/plastic-machines.org\/wp-content\/uploads\/2022\/07\/Horizontal-foam-crusher-300x225.webp 300w\" sizes=\"auto, (max-width: 720px) 100vw, 720px\" \/><\/figure><div class=\"wp-block-media-text__content\"> <p class=\"has-large-font-size\">Triturador de poliestireno<\/p>    <p>A m\u00e1quina trituradora de poliestireno \u00e9 usada principalmente para esmagar v\u00e1rios materiais de espuma em pequenos peda\u00e7os, e o estilo horizontal economiza mais trabalho.<\/p> <\/div><\/div>    <div class=\"wp-block-media-text alignwide is-stacked-on-mobile\"><figure class=\"wp-block-media-text__media\"><img loading=\"lazy\" decoding=\"async\" width=\"721\" height=\"543\" src=\"https:\/\/plastic-machines.org\/wp-content\/uploads\/2022\/07\/plastic-foam-granulator-.webp\" alt=\"M\u00e1quina granuladora de pl\u00e1stico para espuma pl\u00e1stica\" class=\"wp-image-191 size-full\" srcset=\"https:\/\/plastic-machines.org\/wp-content\/uploads\/2022\/07\/plastic-foam-granulator-.webp 721w, https:\/\/plastic-machines.org\/wp-content\/uploads\/2022\/07\/plastic-foam-granulator--300x226.webp 300w\" sizes=\"auto, (max-width: 721px) 100vw, 721px\" \/><\/figure><div class=\"wp-block-media-text__content\"> <p class=\"has-large-font-size\">Granulador EPE EPS<\/p>    <p>O peletizador \u00e9 adequado para extrusar e pelotizar res\u00edduos de pl\u00e1stico EPE e EPS como mat\u00e9ria-prima e process\u00e1-los em pellets de pl\u00e1stico EPE que est\u00e3o em falta na ind\u00fastria de pl\u00e1sticos.<\/p> <\/div><\/div>    <h2 class=\"wp-block-heading\">Por que precisa de um compactador de reciclagem de isopor EPS\uff1f<\/h2>    <p class=\"translation-block\">A <strong><a href=\"https:\/\/plastic-machines.org\/pt\/product\/maquina-densificadora-de-espuma\/\" data-type=\"link\" data-id=\"https:\/\/plastic-machines.org\/product\/foam-densifier-machine\/\">m\u00e1quina de compacta\u00e7\u00e3o de espuma<\/a><\/strong> EPS \u00e9 um dos equipamentos de reciclagem de espuma pl\u00e1stica. Devido ao grande tamanho e peso leve da espuma, o transporte \u00e9 um grande inconveniente. O compactador a frio de espuma EPS pode compactar facilmente a espuma e reduzir o volume do pl\u00e1stico.<\/p>   <div class=\"wp-block-image\"> <figure class=\"aligncenter size-full\"><img loading=\"lazy\" decoding=\"async\" width=\"720\" height=\"540\" src=\"https:\/\/plastic-machines.org\/wp-content\/uploads\/2022\/07\/compressed-foam.webp\" alt=\"espuma comprimida\" class=\"wp-image-197\" srcset=\"https:\/\/plastic-machines.org\/wp-content\/uploads\/2022\/07\/compressed-foam.webp 720w, https:\/\/plastic-machines.org\/wp-content\/uploads\/2022\/07\/compressed-foam-300x225.webp 300w\" sizes=\"auto, (max-width: 720px) 100vw, 720px\" \/><figcaption class=\"wp-element-caption\">espuma comprimida<\/figcaption><\/figure> <\/div>   <ul class=\"wp-block-list\"> <li>O compactador de isopor \u00e9 equipado com um dispositivo de pr\u00e9-tritura\u00e7\u00e3o separado, que pode esmagar grandes peda\u00e7os de espuma diretamente.<\/li>    <li>A m\u00e1quina de reciclagem de espuma possui uma alta taxa de compress\u00e3o, que pode reduzir o volume de espuma pl\u00e1stica em 40 vezes, economizando espa\u00e7o de armazenamento e transporte conveniente, economizando assim custos de armazenamento.<\/li>    <li>N\u00e3o h\u00e1 necessidade de adicionar materiais qu\u00edmicos e calor durante a opera\u00e7\u00e3o, e os blocos de espuma processados \u200b\u200bs\u00e3o at\u00f3xicos, inodoros e ecologicamente corretos.<\/li> <\/ul>   <div class=\"wp-block-image\"> <figure class=\"aligncenter size-large\"><img loading=\"lazy\" decoding=\"async\" width=\"679\" height=\"1024\" src=\"https:\/\/plastic-machines.org\/wp-content\/uploads\/2022\/07\/EPS-styrofoam-recycling-compactor-679x1024.webp\" alt=\"Compactador de reciclagem de isopor EPS\" class=\"wp-image-198\" srcset=\"https:\/\/plastic-machines.org\/wp-content\/uploads\/2022\/07\/EPS-styrofoam-recycling-compactor-679x1024.webp 679w, https:\/\/plastic-machines.org\/wp-content\/uploads\/2022\/07\/EPS-styrofoam-recycling-compactor-199x300.webp 199w, https:\/\/plastic-machines.org\/wp-content\/uploads\/2022\/07\/EPS-styrofoam-recycling-compactor.webp 720w\" sizes=\"auto, (max-width: 679px) 100vw, 679px\" \/><figcaption class=\"wp-element-caption\">Compactador de reciclagem de isopor EPS<\/figcaption><\/figure> <\/div>   <h2 class=\"wp-block-heading\">Equipamento de granula\u00e7\u00e3o de linha de pelotiza\u00e7\u00e3o de espuma pl\u00e1stica<\/h2>    <h3 class=\"wp-block-heading\">M\u00e1quina de pelotiza\u00e7\u00e3o de espuma EPS<\/h3>    <p class=\"translation-block\">O<a href=\"https:\/\/plastic-machines.org\/pt\/product\/eps-pelletizing-machine\/\"> granulador de espuma EPS<\/a> adota um barril de parafuso duplo c\u00f3nico, que acelera a velocidade de alimenta\u00e7\u00e3o e aumenta significativamente a produ\u00e7\u00e3o. A produ\u00e7\u00e3o do modelo de uso comum \u00e9 de 150-375 kg\/hora. A m\u00e1quina granuladora de pl\u00e1stico \u00e9 produzida por m\u00e1quinas principais e auxiliares, a temperatura de aquecimento \u00e9 est\u00e1vel, a estrutura molecular do material \u00e9 efetivamente melhorada e a qualidade das part\u00edculas de pl\u00e1stico \u00e9 alta. A unidade de granula\u00e7\u00e3o \u00e9 composta principalmente por triturador, extrusora e granulador de tra\u00e7\u00e3o autom\u00e1tica, e o processo de produ\u00e7\u00e3o n\u00e3o gera polui\u00e7\u00e3o.<\/p>   <div class=\"wp-block-image\"> <figure class=\"aligncenter size-full\"><img loading=\"lazy\" decoding=\"async\" width=\"720\" height=\"540\" src=\"https:\/\/plastic-machines.org\/wp-content\/uploads\/2022\/06\/EPS-Pelletizing-Machine1.webp\" alt=\"M\u00e1quina de pelotiza\u00e7\u00e3o EPS\" class=\"wp-image-442\" srcset=\"https:\/\/plastic-machines.org\/wp-content\/uploads\/2022\/06\/EPS-Pelletizing-Machine1.webp 720w, https:\/\/plastic-machines.org\/wp-content\/uploads\/2022\/06\/EPS-Pelletizing-Machine1-300x225.webp 300w\" sizes=\"auto, (max-width: 720px) 100vw, 720px\" \/><figcaption class=\"wp-element-caption\">M\u00e1quina de pelotiza\u00e7\u00e3o EPS<\/figcaption><\/figure> <\/div>   <h3 class=\"wp-block-heading\">M\u00e1quina de pelotiza\u00e7\u00e3o de espuma EPE<\/h3>    <p>O granulador de espuma EPE inclui sistema de alimenta\u00e7\u00e3o, sistemas de compacta\u00e7\u00e3o e extrus\u00e3o. Devido \u00e0 particularidade do pl\u00e1stico EPE, o comprimento do cano da peletizadora \u00e9 maior que o da peletizadora EPS e \u00e9 f\u00e1cil de identificar olhando a apar\u00eancia. Todos os padr\u00f5es el\u00e9tricos do equipamento est\u00e3o em conformidade com os padr\u00f5es europeus e o rendimento \u00e9 alto.<\/p>   <div class=\"wp-block-image\"> <figure class=\"aligncenter size-full\"><img loading=\"lazy\" decoding=\"async\" width=\"720\" height=\"540\" src=\"https:\/\/plastic-machines.org\/wp-content\/uploads\/2022\/07\/EPE-granulator.webp\" alt=\"Granulador EPE\" class=\"wp-image-200\" srcset=\"https:\/\/plastic-machines.org\/wp-content\/uploads\/2022\/07\/EPE-granulator.webp 720w, https:\/\/plastic-machines.org\/wp-content\/uploads\/2022\/07\/EPE-granulator-300x225.webp 300w\" sizes=\"auto, (max-width: 720px) 100vw, 720px\" \/><figcaption class=\"wp-element-caption\">Granulador EPE<\/figcaption><\/figure> <\/div>   <h2 class=\"wp-block-heading\">V\u00eddeo da linha de pelotiza\u00e7\u00e3o de espuma pl\u00e1stica<\/h2>    <figure class=\"wp-block-embed is-type-video is-provider-youtube wp-block-embed-youtube wp-embed-aspect-16-9 wp-has-aspect-ratio\"><div class=\"wp-block-embed__wrapper\"> <iframe loading=\"lazy\" title=\"M\u00e1quina para fabricar gr\u00e2nulos EPS\" width=\"500\" height=\"281\" src=\"https:\/\/www.youtube.com\/embed\/3qXNT5nN5Ag?list=PLmQgsSbeu0tXsNBww95upbWcnO_cYfyh4\" frameborder=\"0\" allow=\"accelerometer; autoplay; clipboard-write; encrypted-media; gyroscope; picture-in-picture; web-share\" referrerpolicy=\"strict-origin-when-cross-origin\" allowfullscreen><\/iframe> <\/div><\/figure>    <h2 class=\"wp-block-heading\" id=\"h-plastic-foam-pelletizing-line-factory-display\">Exibi\u00e7\u00e3o de f\u00e1brica da linha de pelotiza\u00e7\u00e3o de espuma pl\u00e1stica <\/h2>    <figure class=\"wp-block-gallery has-nested-images columns-default is-cropped wp-block-gallery-2 is-layout-flex wp-block-gallery-is-layout-flex\"> <figure class=\"wp-block-image size-large\"><img loading=\"lazy\" decoding=\"async\" width=\"720\" height=\"540\" data-id=\"201\" src=\"https:\/\/plastic-machines.org\/wp-content\/uploads\/2022\/07\/EPE-pelletizer.webp\" alt=\"Peletizadora EPE\" class=\"wp-image-201\" srcset=\"https:\/\/plastic-machines.org\/wp-content\/uploads\/2022\/07\/EPE-pelletizer.webp 720w, https:\/\/plastic-machines.org\/wp-content\/uploads\/2022\/07\/EPE-pelletizer-300x225.webp 300w\" sizes=\"auto, (max-width: 720px) 100vw, 720px\" \/><figcaption class=\"wp-element-caption\">Peletizadora EPE<\/figcaption><\/figure>    <figure class=\"wp-block-image size-large\"><img loading=\"lazy\" decoding=\"async\" width=\"720\" height=\"540\" data-id=\"202\" src=\"https:\/\/plastic-machines.org\/wp-content\/uploads\/2022\/07\/EPS-pelletizer.webp\" alt=\"Peletizador EPS\" class=\"wp-image-202\" srcset=\"https:\/\/plastic-machines.org\/wp-content\/uploads\/2022\/07\/EPS-pelletizer.webp 720w, https:\/\/plastic-machines.org\/wp-content\/uploads\/2022\/07\/EPS-pelletizer-300x225.webp 300w\" sizes=\"auto, (max-width: 720px) 100vw, 720px\" \/><figcaption class=\"wp-element-caption\">Peletizador EPS<\/figcaption><\/figure> <\/figure>    <figure class=\"wp-block-gallery has-nested-images columns-default is-cropped wp-block-gallery-3 is-layout-flex wp-block-gallery-is-layout-flex\"> <figure class=\"wp-block-image size-large\"><img loading=\"lazy\" decoding=\"async\" width=\"720\" height=\"540\" data-id=\"204\" src=\"https:\/\/plastic-machines.org\/wp-content\/uploads\/2022\/07\/machines-in-stock-.webp\" alt=\"m\u00e1quinas de reciclagem de isopor em stock\" class=\"wp-image-204\" srcset=\"https:\/\/plastic-machines.org\/wp-content\/uploads\/2022\/07\/machines-in-stock-.webp 720w, https:\/\/plastic-machines.org\/wp-content\/uploads\/2022\/07\/machines-in-stock--300x225.webp 300w\" sizes=\"auto, (max-width: 720px) 100vw, 720px\" \/><figcaption class=\"wp-element-caption\">m\u00e1quinas de reciclagem de isopor em stock<\/figcaption><\/figure>    <figure class=\"wp-block-image size-large\"><img loading=\"lazy\" decoding=\"async\" width=\"720\" height=\"540\" data-id=\"205\" src=\"https:\/\/plastic-machines.org\/wp-content\/uploads\/2022\/07\/our-factory.webp\" alt=\"nossa f\u00e1brica\" class=\"wp-image-205\" srcset=\"https:\/\/plastic-machines.org\/wp-content\/uploads\/2022\/07\/our-factory.webp 720w, https:\/\/plastic-machines.org\/wp-content\/uploads\/2022\/07\/our-factory-300x225.webp 300w\" sizes=\"auto, (max-width: 720px) 100vw, 720px\" \/><figcaption class=\"wp-element-caption\">nossa f\u00e1brica<\/figcaption><\/figure> <\/figure>    <figure class=\"wp-block-gallery has-nested-images columns-default is-cropped wp-block-gallery-4 is-layout-flex wp-block-gallery-is-layout-flex\"> <figure class=\"wp-block-image size-large\"><img loading=\"lazy\" decoding=\"async\" width=\"720\" height=\"540\" data-id=\"206\" src=\"https:\/\/plastic-machines.org\/wp-content\/uploads\/2022\/07\/plastic-crusher-1-1.webp\" alt=\"triturador de pl\u00e1stico para EPS EPE\" class=\"wp-image-206\" srcset=\"https:\/\/plastic-machines.org\/wp-content\/uploads\/2022\/07\/plastic-crusher-1-1.webp 720w, https:\/\/plastic-machines.org\/wp-content\/uploads\/2022\/07\/plastic-crusher-1-1-300x225.webp 300w\" sizes=\"auto, (max-width: 720px) 100vw, 720px\" \/><figcaption class=\"wp-element-caption\">triturador de pl\u00e1stico para EPS EPE<\/figcaption><\/figure>    <figure class=\"wp-block-image size-large\"><img loading=\"lazy\" decoding=\"async\" width=\"720\" height=\"540\" data-id=\"207\" src=\"https:\/\/plastic-machines.org\/wp-content\/uploads\/2022\/07\/storage-bins.webp\" alt=\"caixas de armazenamento de pellets\" class=\"wp-image-207\" srcset=\"https:\/\/plastic-machines.org\/wp-content\/uploads\/2022\/07\/storage-bins.webp 720w, https:\/\/plastic-machines.org\/wp-content\/uploads\/2022\/07\/storage-bins-300x225.webp 300w\" sizes=\"auto, (max-width: 720px) 100vw, 720px\" \/><figcaption class=\"wp-element-caption\">caixas de armazenamento de pellets<\/figcaption><\/figure> <\/figure>    <figure class=\"wp-block-gallery has-nested-images columns-default is-cropped wp-block-gallery-5 is-layout-flex wp-block-gallery-is-layout-flex\"> <figure class=\"wp-block-image size-large\"><img loading=\"lazy\" decoding=\"async\" width=\"720\" height=\"540\" data-id=\"208\" src=\"https:\/\/plastic-machines.org\/wp-content\/uploads\/2022\/07\/quality-accessories-2.webp\" alt=\"acess\u00f3rios de qualidade\" class=\"wp-image-208\" srcset=\"https:\/\/plastic-machines.org\/wp-content\/uploads\/2022\/07\/quality-accessories-2.webp 720w, https:\/\/plastic-machines.org\/wp-content\/uploads\/2022\/07\/quality-accessories-2-300x225.webp 300w\" sizes=\"auto, (max-width: 720px) 100vw, 720px\" \/><figcaption class=\"wp-element-caption\">acess\u00f3rios de qualidade <\/figcaption><\/figure>    <figure class=\"wp-block-image size-large\"><img loading=\"lazy\" decoding=\"async\" width=\"720\" height=\"540\" data-id=\"211\" src=\"https:\/\/plastic-machines.org\/wp-content\/uploads\/2022\/07\/Quality-motors-1.webp\" alt=\"motores de qualidade para reciclagem de Poliestireno\" class=\"wp-image-211\" srcset=\"https:\/\/plastic-machines.org\/wp-content\/uploads\/2022\/07\/Quality-motors-1.webp 720w, https:\/\/plastic-machines.org\/wp-content\/uploads\/2022\/07\/Quality-motors-1-300x225.webp 300w\" sizes=\"auto, (max-width: 720px) 100vw, 720px\" \/><figcaption class=\"wp-element-caption\">motores de qualidade para reciclagem de Poliestireno<\/figcaption><\/figure> <\/figure>","protected":false},"excerpt":{"rendered":"<p>Shuliy plastic foam pelletizing line mainly copes with waste plastic foams, the waste plastics will be crushed and then turned into small plastic pellets, which can be reused as packaging materials, insulation, and other materials. The most important equipment for EPS recycling machines is granulators, which will melt and extrude pellets. What are the waste [&hellip;]<\/p>\n","protected":false},"author":1,"featured_media":1546,"parent":0,"template":"","tags":[43],"product-type":[13],"class_list":["post-186","product","type-product","status-publish","has-post-thumbnail","hentry","tag-eps","product-type-plastic-recycling-lines"],"taxonomy_info":{"post_tag":[{"value":43,"label":"EPS"}],"product-type":[{"value":13,"label":"Plastic Recycling Lines"}]},"featured_image_src_large":["https:\/\/plastic-machines.org\/wp-content\/uploads\/2022\/07\/eps-recycling-machine.webp",720,540,false],"author_info":{"display_name":"Ella","author_link":"https:\/\/plastic-machines.org\/pt\/author\/admin\/"},"comment_info":"","_links":{"self":[{"href":"https:\/\/plastic-machines.org\/pt\/wp-json\/wp\/v2\/product\/186","targetHints":{"allow":["GET"]}}],"collection":[{"href":"https:\/\/plastic-machines.org\/pt\/wp-json\/wp\/v2\/product"}],"about":[{"href":"https:\/\/plastic-machines.org\/pt\/wp-json\/wp\/v2\/types\/product"}],"author":[{"embeddable":true,"href":"https:\/\/plastic-machines.org\/pt\/wp-json\/wp\/v2\/users\/1"}],"wp:featuredmedia":[{"embeddable":true,"href":"https:\/\/plastic-machines.org\/pt\/wp-json\/wp\/v2\/media\/1546"}],"wp:attachment":[{"href":"https:\/\/plastic-machines.org\/pt\/wp-json\/wp\/v2\/media?parent=186"}],"wp:term":[{"taxonomy":"post_tag","embeddable":true,"href":"https:\/\/plastic-machines.org\/pt\/wp-json\/wp\/v2\/tags?post=186"},{"taxonomy":"product-type","embeddable":true,"href":"https:\/\/plastic-machines.org\/pt\/wp-json\/wp\/v2\/product-type?post=186"}],"curies":[{"name":"wp","href":"https:\/\/api.w.org\/{rel}","templated":true}]}}