{"id":1661,"date":"2024-12-12T17:36:38","date_gmt":"2024-12-12T09:36:38","guid":{"rendered":"https:\/\/plastic-machines.org\/?post_type=product&#038;p=1661"},"modified":"2026-01-28T14:21:03","modified_gmt":"2026-01-28T06:21:03","slug":"styrofoam-shredder","status":"publish","type":"product","link":"https:\/\/plastic-machines.org\/pt\/product\/styrofoam-shredder\/","title":{"rendered":"Triturador de isopor | Triturador de espuma EPS"},"content":{"rendered":"<div class=\"kk-star-ratings kksr-auto kksr-align-left kksr-valign-top\"     data-payload='{&quot;align&quot;:&quot;left&quot;,&quot;id&quot;:&quot;1661&quot;,&quot;slug&quot;:&quot;default&quot;,&quot;valign&quot;:&quot;top&quot;,&quot;ignore&quot;:&quot;&quot;,&quot;reference&quot;:&quot;auto&quot;,&quot;class&quot;:&quot;&quot;,&quot;count&quot;:&quot;4&quot;,&quot;legendonly&quot;:&quot;&quot;,&quot;readonly&quot;:&quot;&quot;,&quot;score&quot;:&quot;5&quot;,&quot;starsonly&quot;:&quot;&quot;,&quot;best&quot;:&quot;5&quot;,&quot;gap&quot;:&quot;5&quot;,&quot;greet&quot;:&quot;Rate this product&quot;,&quot;legend&quot;:&quot;5\\\/5 - (4 votes)&quot;,&quot;size&quot;:&quot;24&quot;,&quot;title&quot;:&quot;Styrofoam Shredder | EPS Foam Crusher&quot;,&quot;width&quot;:&quot;142.5&quot;,&quot;_legend&quot;:&quot;{score}\\\/{best} - ({count} {votes})&quot;,&quot;font_factor&quot;:&quot;1.25&quot;}'>              <div class=\"kksr-stars\">      <div class=\"kksr-stars-inactive\">             <div class=\"kksr-star\" data-star=\"1\" style=\"padding-right: 5px\">               <div class=\"kksr-icon\" style=\"width: 24px; height: 24px;\"><\/div>         <\/div>             <div class=\"kksr-star\" data-star=\"2\" style=\"padding-right: 5px\">               <div class=\"kksr-icon\" style=\"width: 24px; height: 24px;\"><\/div>         <\/div>             <div class=\"kksr-star\" data-star=\"3\" style=\"padding-right: 5px\">               <div class=\"kksr-icon\" style=\"width: 24px; height: 24px;\"><\/div>         <\/div>             <div class=\"kksr-star\" data-star=\"4\" style=\"padding-right: 5px\">               <div class=\"kksr-icon\" style=\"width: 24px; height: 24px;\"><\/div>         <\/div>             <div class=\"kksr-star\" data-star=\"5\" style=\"padding-right: 5px\">               <div class=\"kksr-icon\" style=\"width: 24px; height: 24px;\"><\/div>         <\/div>     <\/div>      <div class=\"kksr-stars-active\" style=\"width: 142.5px;\">             <div class=\"kksr-star\" style=\"padding-right: 5px\">               <div class=\"kksr-icon\" style=\"width: 24px; height: 24px;\"><\/div>         <\/div>             <div class=\"kksr-star\" style=\"padding-right: 5px\">               <div class=\"kksr-icon\" style=\"width: 24px; height: 24px;\"><\/div>         <\/div>             <div class=\"kksr-star\" style=\"padding-right: 5px\">               <div class=\"kksr-icon\" style=\"width: 24px; height: 24px;\"><\/div>         <\/div>             <div class=\"kksr-star\" style=\"padding-right: 5px\">               <div class=\"kksr-icon\" style=\"width: 24px; height: 24px;\"><\/div>         <\/div>             <div class=\"kksr-star\" style=\"padding-right: 5px\">               <div class=\"kksr-icon\" style=\"width: 24px; height: 24px;\"><\/div>         <\/div>     <\/div> <\/div>                   <div class=\"kksr-legend\" style=\"font-size: 19.2px;\">             5\/5 - (4 votos)    <\/div>     <\/div>  <p>O triturador de espuma Shuily pode esmagar res\u00edduos de espuma pl\u00e1stica em pequenos peda\u00e7os, uma etapa que geralmente \u00e9 a primeira na reciclagem. O triturador de espuma tritura uma variedade de materiais EPS e EPE e pode ajud\u00e1-lo a reduzir o volume de res\u00edduos de EPS. A espuma triturada pode ser comprimida em blocos de espuma ou derretida para granula\u00e7\u00e3o.<\/p>    <p>Materiais aplic\u00e1veis: EPS\/espuma, espuma EPE\/PE, EPP, PSP, XPS, PUR e outros pl\u00e1sticos do tipo espuma.<\/p>    <figure class=\"wp-block-embed is-type-video is-provider-youtube wp-block-embed-youtube wp-embed-aspect-16-9 wp-has-aspect-ratio\"><div class=\"wp-block-embed__wrapper\"> <iframe loading=\"lazy\" title=\"M\u00e1quinas de tritura\u00e7\u00e3o de EPS\/isopor\/poliestireno para usina de reciclagem de pl\u00e1stico\" width=\"500\" height=\"281\" src=\"https:\/\/www.youtube.com\/embed\/uM_sUH_1OwE?feature=oembed\" frameborder=\"0\" allow=\"accelerometer; autoplay; clipboard-write; encrypted-media; gyroscope; picture-in-picture; web-share\" referrerpolicy=\"strict-origin-when-cross-origin\" allowfullscreen><\/iframe> <\/div><\/figure>    <h2 class=\"wp-block-heading\">Vantagens do triturador de isopor<\/h2>    <ul class=\"wp-block-list\"> <li>A m\u00e1quina de triturador Shuliy cumpre os padr\u00f5es CE e tem sido vendida em todo o mundo.<\/li>    <li>Comparado com o triturador vertical tradicional, Shuliy projetou um grande funil de alimenta\u00e7\u00e3o horizontal, que \u00e9 horizontal ao solo, sua alimenta\u00e7\u00e3o \u00e9 mais r\u00e1pida e conveniente.<\/li>    <li>O eficiente triturador de isopor tritura a espuma em pequenos peda\u00e7os de 30 a 60 mm.<\/li>    <li>A Shuliy fornece uma solu\u00e7\u00e3o completa de reciclagem de isopor para usinas de reciclagem globais, ap\u00f3s uma trituradora, os flocos de espuma triturados podem ser enviados para um granulador e outras se\u00e7\u00f5es de pelotiza\u00e7\u00e3o. Os pellets finais podem ser utilizados para produzir outros produtos.<\/li> <\/ul>    <figure class=\"wp-block-gallery has-nested-images columns-default is-cropped wp-block-gallery-2 is-layout-flex wp-block-gallery-is-layout-flex\"> <figure class=\"wp-block-image size-large\"><img loading=\"lazy\" decoding=\"async\" width=\"720\" height=\"540\" data-id=\"1543\" src=\"https:\/\/plastic-machines.org\/wp-content\/uploads\/2022\/07\/eps-polystyrene-recycling-machine.webp\" alt=\"m\u00e1quina de reciclagem de poliestireno eps\" class=\"wp-image-1543\" srcset=\"https:\/\/plastic-machines.org\/wp-content\/uploads\/2022\/07\/eps-polystyrene-recycling-machine.webp 720w, https:\/\/plastic-machines.org\/wp-content\/uploads\/2022\/07\/eps-polystyrene-recycling-machine-300x225.webp 300w, https:\/\/plastic-machines.org\/wp-content\/uploads\/2022\/07\/eps-polystyrene-recycling-machine-16x12.webp 16w\" sizes=\"auto, (max-width: 720px) 100vw, 720px\" \/><figcaption class=\"wp-element-caption\">granulador de reciclagem de poliestireno<\/figcaption><\/figure>    <figure class=\"wp-block-image size-large\"><img loading=\"lazy\" decoding=\"async\" width=\"720\" height=\"540\" data-id=\"1544\" src=\"https:\/\/plastic-machines.org\/wp-content\/uploads\/2022\/07\/eps-recycling-machine-2.webp\" alt=\"m\u00e1quina de reciclagem de eps\" class=\"wp-image-1544\" srcset=\"https:\/\/plastic-machines.org\/wp-content\/uploads\/2022\/07\/eps-recycling-machine-2.webp 720w, https:\/\/plastic-machines.org\/wp-content\/uploads\/2022\/07\/eps-recycling-machine-2-300x225.webp 300w, https:\/\/plastic-machines.org\/wp-content\/uploads\/2022\/07\/eps-recycling-machine-2-16x12.webp 16w\" sizes=\"auto, (max-width: 720px) 100vw, 720px\" \/><figcaption class=\"wp-element-caption\">unidade de pelotiza\u00e7\u00e3o de reciclagem de eps<\/figcaption><\/figure> <\/figure>    <figure class=\"wp-block-gallery has-nested-images columns-default is-cropped wp-block-gallery-3 is-layout-flex wp-block-gallery-is-layout-flex\"> <figure class=\"wp-block-image size-large\"><img loading=\"lazy\" decoding=\"async\" width=\"720\" height=\"540\" data-id=\"2037\" src=\"https:\/\/plastic-machines.org\/wp-content\/uploads\/2024\/12\/EPS-Foam-Crusher.jpg\" alt=\"Triturador de Espuma de EPS\" class=\"wp-image-2037\" srcset=\"https:\/\/plastic-machines.org\/wp-content\/uploads\/2024\/12\/EPS-Foam-Crusher.jpg 720w, https:\/\/plastic-machines.org\/wp-content\/uploads\/2024\/12\/EPS-Foam-Crusher-300x225.jpg 300w, https:\/\/plastic-machines.org\/wp-content\/uploads\/2024\/12\/EPS-Foam-Crusher-16x12.jpg 16w\" sizes=\"auto, (max-width: 720px) 100vw, 720px\" \/><figcaption class=\"wp-element-caption\">Triturador de Espuma de EPS<\/figcaption><\/figure>    <figure class=\"wp-block-image size-large\"><img loading=\"lazy\" decoding=\"async\" width=\"720\" height=\"540\" data-id=\"2038\" src=\"https:\/\/plastic-machines.org\/wp-content\/uploads\/2024\/12\/Styrofoam-Shredder.jpg\" alt=\"Triturador de Estireno Expandido\" class=\"wp-image-2038\" srcset=\"https:\/\/plastic-machines.org\/wp-content\/uploads\/2024\/12\/Styrofoam-Shredder.jpg 720w, https:\/\/plastic-machines.org\/wp-content\/uploads\/2024\/12\/Styrofoam-Shredder-300x225.jpg 300w, https:\/\/plastic-machines.org\/wp-content\/uploads\/2024\/12\/Styrofoam-Shredder-16x12.jpg 16w\" sizes=\"auto, (max-width: 720px) 100vw, 720px\" \/><figcaption class=\"wp-element-caption\">Triturador de Estireno Expandido<\/figcaption><\/figure>    <figure class=\"wp-block-image size-large\"><img loading=\"lazy\" decoding=\"async\" width=\"720\" height=\"540\" data-id=\"2039\" src=\"https:\/\/plastic-machines.org\/wp-content\/uploads\/2024\/12\/Styrofoam-Shredder-machine.jpg\" alt=\"M\u00e1quina de Triturar Estireno Expandido\" class=\"wp-image-2039\" srcset=\"https:\/\/plastic-machines.org\/wp-content\/uploads\/2024\/12\/Styrofoam-Shredder-machine.jpg 720w, https:\/\/plastic-machines.org\/wp-content\/uploads\/2024\/12\/Styrofoam-Shredder-machine-300x225.jpg 300w, https:\/\/plastic-machines.org\/wp-content\/uploads\/2024\/12\/Styrofoam-Shredder-machine-16x12.jpg 16w\" sizes=\"auto, (max-width: 720px) 100vw, 720px\" \/><figcaption class=\"wp-element-caption\">M\u00e1quina de Triturar Estireno Expandido<\/figcaption><\/figure> <\/figure>    <h2 class=\"wp-block-heading\">Dados t\u00e9cnicos do triturador de EPS\/isopor<\/h2>    <p>A capacidade de tritura\u00e7\u00e3o da m\u00e1quina trituradora \u00e9 de 250-500kg\/h. A porta de alimenta\u00e7\u00e3o do triturador \u00e9 grande o suficiente para a maioria das f\u00e1bricas de reciclagem. Se voc\u00ea tiver outros requisitos, pode entrar em contato conosco a qualquer momento.<\/p>    <figure class=\"wp-block-table\"><table class=\"has-fixed-layout\"><tbody><tr><td>Modelo triturador<\/td><td>Tamanho total (mm)<\/td><td>Tamanho da porta de alimenta\u00e7\u00e3o (mm)<\/td><td>Pot\u00eancia (KW)<\/td><td>Sa\u00edda de tritura\u00e7\u00e3o \uff08KG\/H)<\/td><\/tr><tr><td>SL-800<\/td><td>1250*1290*660<\/td><td>800*600<\/td><td>5.5<\/td><td>250-300<\/td><\/tr><tr><td>SL-1000<\/td><td>1250*1530*660<\/td><td>1000*600<\/td><td>5.5<\/td><td>300-350<\/td><\/tr><tr><td>SL-1200<\/td><td>1300*1730*700<\/td><td>1200*600<\/td><td>7.5<\/td><td>400-450<\/td><\/tr><tr><td>SL-1500<\/td><td>1600*2200*800<\/td><td>1500*800<\/td><td>11<\/td><td>450-500<\/td><\/tr><\/tbody><\/table><\/figure>    <h2 class=\"wp-block-heading\"> Triturador para espuma EPS<\/h2>    <p>Na foto, voc\u00ea pode ver que os res\u00edduos de EPS e EPE foram triturados em peda\u00e7os, o triturador de espuma pode triturar todos os tipos de espuma a granel em tamanhos uniformes. A espuma EPS pode ser transformada em outros produtos ap\u00f3s a tritura\u00e7\u00e3o.<\/p>    <figure class=\"wp-block-gallery has-nested-images columns-default is-cropped wp-block-gallery-4 is-layout-flex wp-block-gallery-is-layout-flex\"> <figure class=\"wp-block-image size-large\"><img loading=\"lazy\" decoding=\"async\" width=\"720\" height=\"540\" data-id=\"1662\" src=\"https:\/\/plastic-machines.org\/wp-content\/uploads\/2024\/12\/EPS-crushing-.webp\" alt=\"Britagem de EPS\" class=\"wp-image-1662\" srcset=\"https:\/\/plastic-machines.org\/wp-content\/uploads\/2024\/12\/EPS-crushing-.webp 720w, https:\/\/plastic-machines.org\/wp-content\/uploads\/2024\/12\/EPS-crushing--300x225.webp 300w, https:\/\/plastic-machines.org\/wp-content\/uploads\/2024\/12\/EPS-crushing--16x12.webp 16w\" sizes=\"auto, (max-width: 720px) 100vw, 720px\" \/><figcaption class=\"wp-element-caption\">Britagem de EPS<\/figcaption><\/figure>    <figure class=\"wp-block-image size-large\"><img loading=\"lazy\" decoding=\"async\" width=\"720\" height=\"540\" data-id=\"1663\" src=\"https:\/\/plastic-machines.org\/wp-content\/uploads\/2024\/12\/PE-foam-recycling.webp\" alt=\"Reciclagem de espuma PE\" class=\"wp-image-1663\" srcset=\"https:\/\/plastic-machines.org\/wp-content\/uploads\/2024\/12\/PE-foam-recycling.webp 720w, https:\/\/plastic-machines.org\/wp-content\/uploads\/2024\/12\/PE-foam-recycling-300x225.webp 300w, https:\/\/plastic-machines.org\/wp-content\/uploads\/2024\/12\/PE-foam-recycling-16x12.webp 16w\" sizes=\"auto, (max-width: 720px) 100vw, 720px\" \/><figcaption class=\"wp-element-caption\">Reciclagem de espuma PE<\/figcaption><\/figure> <\/figure>","protected":false},"excerpt":{"rendered":"<p>Shuily foam crusher can crush waste plastic foam into small pieces, a step that is usually the first step in recycling. The Foam Crusher crushes a variety of EPS and EPE materials and can help you reduce the volume of your EPS waste. The crushed foam can be compressed into foam blocks or melted for [&hellip;]<\/p>\n","protected":false},"author":1,"featured_media":1664,"parent":0,"template":"","tags":[43],"product-type":[15],"class_list":["post-1661","product","type-product","status-publish","has-post-thumbnail","hentry","tag-eps","product-type-plastic-crushing-equipment"],"taxonomy_info":{"post_tag":[{"value":43,"label":"EPS"}],"product-type":[{"value":15,"label":"Plastic Crushing Equipment"}]},"featured_image_src_large":["https:\/\/plastic-machines.org\/wp-content\/uploads\/2024\/12\/styrofoam-shredder2.webp",720,540,false],"author_info":{"display_name":"Ella","author_link":"https:\/\/plastic-machines.org\/pt\/author\/admin\/"},"comment_info":"","_links":{"self":[{"href":"https:\/\/plastic-machines.org\/pt\/wp-json\/wp\/v2\/product\/1661","targetHints":{"allow":["GET"]}}],"collection":[{"href":"https:\/\/plastic-machines.org\/pt\/wp-json\/wp\/v2\/product"}],"about":[{"href":"https:\/\/plastic-machines.org\/pt\/wp-json\/wp\/v2\/types\/product"}],"author":[{"embeddable":true,"href":"https:\/\/plastic-machines.org\/pt\/wp-json\/wp\/v2\/users\/1"}],"wp:featuredmedia":[{"embeddable":true,"href":"https:\/\/plastic-machines.org\/pt\/wp-json\/wp\/v2\/media\/1664"}],"wp:attachment":[{"href":"https:\/\/plastic-machines.org\/pt\/wp-json\/wp\/v2\/media?parent=1661"}],"wp:term":[{"taxonomy":"post_tag","embeddable":true,"href":"https:\/\/plastic-machines.org\/pt\/wp-json\/wp\/v2\/tags?post=1661"},{"taxonomy":"product-type","embeddable":true,"href":"https:\/\/plastic-machines.org\/pt\/wp-json\/wp\/v2\/product-type?post=1661"}],"curies":[{"name":"wp","href":"https:\/\/api.w.org\/{rel}","templated":true}]}}