{"id":166,"date":"2022-07-04T09:44:17","date_gmt":"2022-07-04T09:44:17","guid":{"rendered":"https:\/\/plastic-machines.org\/?post_type=product&#038;p=166"},"modified":"2026-04-03T13:32:10","modified_gmt":"2026-04-03T05:32:10","slug":"pet-bottle-label-remover-machine","status":"publish","type":"product","link":"https:\/\/plastic-machines.org\/pt\/product\/pet-bottle-label-remover-machine\/","title":{"rendered":"M\u00e1quina removedora de r\u00f3tulos de garrafas PET"},"content":{"rendered":"<div class=\"kk-star-ratings kksr-auto kksr-align-left kksr-valign-top\"     data-payload='{&quot;align&quot;:&quot;left&quot;,&quot;id&quot;:&quot;166&quot;,&quot;slug&quot;:&quot;default&quot;,&quot;valign&quot;:&quot;top&quot;,&quot;ignore&quot;:&quot;&quot;,&quot;reference&quot;:&quot;auto&quot;,&quot;class&quot;:&quot;&quot;,&quot;count&quot;:&quot;4&quot;,&quot;legendonly&quot;:&quot;&quot;,&quot;readonly&quot;:&quot;&quot;,&quot;score&quot;:&quot;5&quot;,&quot;starsonly&quot;:&quot;&quot;,&quot;best&quot;:&quot;5&quot;,&quot;gap&quot;:&quot;5&quot;,&quot;greet&quot;:&quot;Rate this product&quot;,&quot;legend&quot;:&quot;5\\\/5 - (4 votes)&quot;,&quot;size&quot;:&quot;24&quot;,&quot;title&quot;:&quot;PET Bottle Label Remover Machine&quot;,&quot;width&quot;:&quot;142.5&quot;,&quot;_legend&quot;:&quot;{score}\\\/{best} - ({count} {votes})&quot;,&quot;font_factor&quot;:&quot;1.25&quot;}'>              <div class=\"kksr-stars\">      <div class=\"kksr-stars-inactive\">             <div class=\"kksr-star\" data-star=\"1\" style=\"padding-right: 5px\">               <div class=\"kksr-icon\" style=\"width: 24px; height: 24px;\"><\/div>         <\/div>             <div class=\"kksr-star\" data-star=\"2\" style=\"padding-right: 5px\">               <div class=\"kksr-icon\" style=\"width: 24px; height: 24px;\"><\/div>         <\/div>             <div class=\"kksr-star\" data-star=\"3\" style=\"padding-right: 5px\">               <div class=\"kksr-icon\" style=\"width: 24px; height: 24px;\"><\/div>         <\/div>             <div class=\"kksr-star\" data-star=\"4\" style=\"padding-right: 5px\">               <div class=\"kksr-icon\" style=\"width: 24px; height: 24px;\"><\/div>         <\/div>             <div class=\"kksr-star\" data-star=\"5\" style=\"padding-right: 5px\">               <div class=\"kksr-icon\" style=\"width: 24px; height: 24px;\"><\/div>         <\/div>     <\/div>      <div class=\"kksr-stars-active\" style=\"width: 142.5px;\">             <div class=\"kksr-star\" style=\"padding-right: 5px\">               <div class=\"kksr-icon\" style=\"width: 24px; height: 24px;\"><\/div>         <\/div>             <div class=\"kksr-star\" style=\"padding-right: 5px\">               <div class=\"kksr-icon\" style=\"width: 24px; height: 24px;\"><\/div>         <\/div>             <div class=\"kksr-star\" style=\"padding-right: 5px\">               <div class=\"kksr-icon\" style=\"width: 24px; height: 24px;\"><\/div>         <\/div>             <div class=\"kksr-star\" style=\"padding-right: 5px\">               <div class=\"kksr-icon\" style=\"width: 24px; height: 24px;\"><\/div>         <\/div>             <div class=\"kksr-star\" style=\"padding-right: 5px\">               <div class=\"kksr-icon\" style=\"width: 24px; height: 24px;\"><\/div>         <\/div>     <\/div> <\/div>                   <div class=\"kksr-legend\" style=\"font-size: 19.2px;\">             5\/5 - (4 votos)    <\/div>     <\/div>  <p class=\"translation-block\">Esta m\u00e1quina removedora de r\u00f3tulos de garrafas PET \u00e9 adequada para garrafas de pl\u00e1stico como garrafas de \u00e1gua mineral PET, garrafas de cola, frascos de \u00f3leo, etc. A m\u00e1quina removedora de r\u00f3tulos de garrafas PET pode separar rapidamente os r\u00f3tulos das garrafas do corpo da garrafa. O uso da m\u00e1quina de remo\u00e7\u00e3o de r\u00f3tulos pode substituir as pessoas na remo\u00e7\u00e3o dos r\u00f3tulos, resolvendo o problema da baixa efici\u00eancia da remo\u00e7\u00e3o manual de r\u00f3tulos. A alta efici\u00eancia do equipamento atender\u00e1 aos requisitos de alto volume de produ\u00e7\u00e3o da <a href=\"https:\/\/plastic-machines.org\/pt\/product\/pet-bottle-recycling-line\/\">linha de reciclagem de garrafas PET<\/a>.<\/p>    <p>Transparency in capital expenditure is essential for your recycling plant setup. The standard price for our industrial PET bottle label remover machine is 5,500 USD. For more infomation, feel free to contact us or leave your info on our website popup form.<\/p>   <div class=\"wp-block-image\"> <figure class=\"aligncenter size-full\"><img loading=\"lazy\" decoding=\"async\" width=\"720\" height=\"540\" src=\"https:\/\/plastic-machines.org\/wp-content\/uploads\/2022\/07\/plastic-machines.webp\" alt=\"M\u00e1quina removedora de r\u00f3tulos de garrafas PET\" class=\"wp-image-1209\" srcset=\"https:\/\/plastic-machines.org\/wp-content\/uploads\/2022\/07\/plastic-machines.webp 720w, https:\/\/plastic-machines.org\/wp-content\/uploads\/2022\/07\/plastic-machines-300x225.webp 300w, https:\/\/plastic-machines.org\/wp-content\/uploads\/2022\/07\/plastic-machines-16x12.webp 16w\" sizes=\"auto, (max-width: 720px) 100vw, 720px\" \/><\/figure> <\/div>   <h2 class=\"wp-block-heading\" id=\"h-application-of-pet-bottle-label-remover\">Aplica\u00e7\u00e3o de removedor de r\u00f3tulos de garrafas PET<\/h2>    <figure class=\"wp-block-gallery has-nested-images columns-default is-cropped wp-block-gallery-2 is-layout-flex wp-block-gallery-is-layout-flex\"> <figure class=\"wp-block-image size-large\"><img loading=\"lazy\" decoding=\"async\" width=\"720\" height=\"540\" data-id=\"172\" src=\"https:\/\/plastic-machines.org\/wp-content\/uploads\/2022\/07\/plastic-bottles-with-labels.webp\" alt=\"materiais da m\u00e1quina removedora de r\u00f3tulos de garrafas PET\" class=\"wp-image-172\" srcset=\"https:\/\/plastic-machines.org\/wp-content\/uploads\/2022\/07\/plastic-bottles-with-labels.webp 720w, https:\/\/plastic-machines.org\/wp-content\/uploads\/2022\/07\/plastic-bottles-with-labels-300x225.webp 300w\" sizes=\"auto, (max-width: 720px) 100vw, 720px\" \/><figcaption class=\"wp-element-caption\">garrafas pl\u00e1sticas com r\u00f3tulos<\/figcaption><\/figure>    <figure class=\"wp-block-image size-large\"><img loading=\"lazy\" decoding=\"async\" width=\"720\" height=\"540\" data-id=\"173\" src=\"https:\/\/plastic-machines.org\/wp-content\/uploads\/2022\/07\/packed-plastic-bottles-.webp\" alt=\"garrafas pl\u00e1sticas embaladas\" class=\"wp-image-173\" srcset=\"https:\/\/plastic-machines.org\/wp-content\/uploads\/2022\/07\/packed-plastic-bottles-.webp 720w, https:\/\/plastic-machines.org\/wp-content\/uploads\/2022\/07\/packed-plastic-bottles--300x225.webp 300w\" sizes=\"auto, (max-width: 720px) 100vw, 720px\" \/><figcaption class=\"wp-element-caption\">garrafas pl\u00e1sticas embaladas<\/figcaption><\/figure> <\/figure>    <h2 class=\"wp-block-heading\" id=\"h-final-effect-of-plastic-label-removing-machine\">Efeito final da m\u00e1quina de remo\u00e7\u00e3o de etiquetas pl\u00e1sticas<\/h2>    <figure class=\"wp-block-gallery has-nested-images columns-default is-cropped wp-block-gallery-3 is-layout-flex wp-block-gallery-is-layout-flex\"> <figure class=\"wp-block-image size-large\"><img loading=\"lazy\" decoding=\"async\" width=\"720\" height=\"540\" data-id=\"177\" src=\"https:\/\/plastic-machines.org\/wp-content\/uploads\/2022\/07\/plastic-bottles.webp\" alt=\"produtos finais da m\u00e1quina de remo\u00e7\u00e3o de etiquetas de pl\u00e1stico\" class=\"wp-image-177\" srcset=\"https:\/\/plastic-machines.org\/wp-content\/uploads\/2022\/07\/plastic-bottles.webp 720w, https:\/\/plastic-machines.org\/wp-content\/uploads\/2022\/07\/plastic-bottles-300x225.webp 300w\" sizes=\"auto, (max-width: 720px) 100vw, 720px\" \/><\/figure>    <figure class=\"wp-block-image size-large\"><img loading=\"lazy\" decoding=\"async\" width=\"720\" height=\"540\" data-id=\"178\" src=\"https:\/\/plastic-machines.org\/wp-content\/uploads\/2022\/07\/PET-bottles-without-labels.webp\" alt=\"produtos finais da m\u00e1quina de remo\u00e7\u00e3o de etiquetas de pl\u00e1stico\" class=\"wp-image-178\" srcset=\"https:\/\/plastic-machines.org\/wp-content\/uploads\/2022\/07\/PET-bottles-without-labels.webp 720w, https:\/\/plastic-machines.org\/wp-content\/uploads\/2022\/07\/PET-bottles-without-labels-300x225.webp 300w\" sizes=\"auto, (max-width: 720px) 100vw, 720px\" \/><\/figure> <figcaption class=\"blocks-gallery-caption wp-element-caption\">Garrafas PET sem r\u00f3tulo<\/figcaption><\/figure>    <h2 class=\"wp-block-heading\">Como funciona um removedor de r\u00f3tulos de garrafas PET?<\/h2>    <p>Existem duas etapas importantes no trabalho de remo\u00e7\u00e3o de r\u00f3tulos. Um deles \u00e9 o elo fora do padr\u00e3o, que consiste no cilindro fora do padr\u00e3o, no eixo principal, na faca m\u00f3vel no eixo e na faca fixa na parede do cilindro. As l\u00e2minas s\u00e3o todas feitas de facas de liga dura com pontas afiadas, e o corpo da garrafa se desprende do r\u00f3tulo ao entrar em contato com as l\u00e2minas durante o processo de empurr\u00e3o.<\/p>    <p>O segundo passo \u00e9 a separa\u00e7\u00e3o. Os dispositivos necess\u00e1rios para esta etapa incluem principalmente uma caixa de separa\u00e7\u00e3o, o ventilador principal e um motor auxiliar. As etiquetas de pl\u00e1stico s\u00e3o separadas pelo vento. A m\u00e1quina tem alta efici\u00eancia de trabalho, e a taxa de queda \u00e9 t\u00e3o alta quanto 98%.<\/p>    <h2 class=\"wp-block-heading\" id=\"h-pet-bottle-label-remover-factory-display\">Exibi\u00e7\u00e3o de f\u00e1brica de removedor de r\u00f3tulos de garrafas PET<\/h2>   <div class=\"wp-block-image\"> <figure class=\"aligncenter size-full\"><img loading=\"lazy\" decoding=\"async\" width=\"720\" height=\"540\" src=\"https:\/\/plastic-machines.org\/wp-content\/uploads\/2022\/07\/label-removing-machine.webp\" alt=\"m\u00e1quina de remo\u00e7\u00e3o de etiquetas\" class=\"wp-image-180\" srcset=\"https:\/\/plastic-machines.org\/wp-content\/uploads\/2022\/07\/label-removing-machine.webp 720w, https:\/\/plastic-machines.org\/wp-content\/uploads\/2022\/07\/label-removing-machine-300x225.webp 300w\" sizes=\"auto, (max-width: 720px) 100vw, 720px\" \/><figcaption class=\"wp-element-caption\">M\u00e1quina removedora de r\u00f3tulos de garrafas PET<\/figcaption><\/figure> <\/div>  <div class=\"wp-block-image\"> <figure class=\"aligncenter size-full\"><img loading=\"lazy\" decoding=\"async\" width=\"720\" height=\"540\" src=\"https:\/\/plastic-machines.org\/wp-content\/uploads\/2022\/07\/PET-bottle-label-remover.webp\" alt=\"Removedor de r\u00f3tulos de garrafas PET\" class=\"wp-image-181\" srcset=\"https:\/\/plastic-machines.org\/wp-content\/uploads\/2022\/07\/PET-bottle-label-remover.webp 720w, https:\/\/plastic-machines.org\/wp-content\/uploads\/2022\/07\/PET-bottle-label-remover-300x225.webp 300w\" sizes=\"auto, (max-width: 720px) 100vw, 720px\" \/><figcaption class=\"wp-element-caption\">M\u00e1quina removedora de r\u00f3tulos de garrafas PET<\/figcaption><\/figure> <\/div>  <div class=\"wp-block-image\"> <figure class=\"aligncenter size-full\"><img loading=\"lazy\" decoding=\"async\" width=\"720\" height=\"540\" src=\"https:\/\/plastic-machines.org\/wp-content\/uploads\/2022\/07\/plastic-label-remover.webp\" alt=\"M\u00e1quina removedora de r\u00f3tulos de garrafas PET\" class=\"wp-image-182\" srcset=\"https:\/\/plastic-machines.org\/wp-content\/uploads\/2022\/07\/plastic-label-remover.webp 720w, https:\/\/plastic-machines.org\/wp-content\/uploads\/2022\/07\/plastic-label-remover-300x225.webp 300w\" sizes=\"auto, (max-width: 720px) 100vw, 720px\" \/><figcaption class=\"wp-element-caption\">removedor de etiquetas de garrafas de pl\u00e1stico<\/figcaption><\/figure> <\/div>   <h2 class=\"wp-block-heading\">Vantagens da m\u00e1quina de remo\u00e7\u00e3o de etiquetas<\/h2>    <ul class=\"wp-block-list\"> <li>As ferramentas de corte da m\u00e1quina removedora de r\u00f3tulos de garrafas PET utilizam ligas importadas, que s\u00e3o resistentes ao desgaste e t\u00eam longo tempo de uso. As l\u00e2minas de corte podem ser ajustadas e substitu\u00eddas, portanto n\u00e3o h\u00e1 necessidade de se preocupar com a taxa de queda da m\u00e1quina.<\/li>    <li>A m\u00e1quina de remo\u00e7\u00e3o de etiquetas de pl\u00e1stico usa um exaustor de pot\u00eancia dupla, que possui forte pot\u00eancia e baixo ru\u00eddo.<\/li>    <li>Os motores possuem fun\u00e7\u00e3o de prote\u00e7\u00e3o t\u00e9rmica, n\u00e3o geram calor ap\u00f3s uso prolongado e o tempo de uso \u00e9 longo.<\/li> <\/ul>    <figure class=\"wp-block-gallery has-nested-images columns-default is-cropped wp-block-gallery-4 is-layout-flex wp-block-gallery-is-layout-flex\"> <figure class=\"wp-block-image size-large\"><img loading=\"lazy\" decoding=\"async\" width=\"526\" height=\"394\" data-id=\"176\" src=\"https:\/\/plastic-machines.org\/wp-content\/uploads\/2022\/07\/inside-structure-1-edited.webp\" alt=\"m\u00e1quina de remo\u00e7\u00e3o de etiquetas\" class=\"wp-image-176\" srcset=\"https:\/\/plastic-machines.org\/wp-content\/uploads\/2022\/07\/inside-structure-1-edited.webp 526w, https:\/\/plastic-machines.org\/wp-content\/uploads\/2022\/07\/inside-structure-1-edited-300x225.webp 300w\" sizes=\"auto, (max-width: 526px) 100vw, 526px\" \/><figcaption class=\"wp-element-caption\">estrutura interna da m\u00e1quina removedora de r\u00f3tulos de garrafas PET<\/figcaption><\/figure>    <figure class=\"wp-block-image size-large\"><img loading=\"lazy\" decoding=\"async\" width=\"720\" height=\"540\" data-id=\"175\" src=\"https:\/\/plastic-machines.org\/wp-content\/uploads\/2022\/07\/inside-blades.webp\" alt=\"dentro das l\u00e2minas da m\u00e1quina de remo\u00e7\u00e3o de etiquetas\" class=\"wp-image-175\" srcset=\"https:\/\/plastic-machines.org\/wp-content\/uploads\/2022\/07\/inside-blades.webp 720w, https:\/\/plastic-machines.org\/wp-content\/uploads\/2022\/07\/inside-blades-300x225.webp 300w\" sizes=\"auto, (max-width: 720px) 100vw, 720px\" \/><figcaption class=\"wp-element-caption\">dentro das l\u00e2minas da m\u00e1quina de reciclagem de garrafas<\/figcaption><\/figure> <\/figure>    <h2 class=\"wp-block-heading\">Par\u00e2metros da m\u00e1quina removedora de r\u00f3tulos de garrafas PET <\/h2>    <figure class=\"wp-block-table\"><table><tbody><tr><td>Modelo<\/td><td>SL-50<\/td><\/tr><tr><td>Comprimento (m)<\/td><td>4.3<\/td><\/tr><tr><td>Largura (m)<\/td><td>0.63<\/td><\/tr><tr><td>Pot\u00eancia (kw)<\/td><td>15+1.5<\/td><\/tr><tr><td>Espessura da parede externa (mm)<\/td><td>8<\/td><\/tr><tr><td>Taxa de movimenta\u00e7\u00e3o de r\u00f3tulos<\/td><td>98%<\/td><\/tr><\/tbody><\/table><\/figure>    <p>O modelo SL-50 acima \u00e9 nosso best-seller, al\u00e9m disso, tamb\u00e9m temos outros modelos com maior capacidade. Se voc\u00ea estiver interessado, entre em contato conosco, apresentaremos os detalhes da m\u00e1quina removedora de r\u00f3tulos de garrafas PET.<\/p>    <h2 class=\"wp-block-heading\">V\u00eddeo da m\u00e1quina de remo\u00e7\u00e3o de etiquetas<\/h2>    <p>No v\u00eddeo voc\u00ea pode acompanhar como uma m\u00e1quina removedora de etiquetas faz seu trabalho, caso tenha interesse, seja bem-vindo, inscreva-se em nosso canal no Youtube, atualizaremos v\u00eddeos de m\u00e1quinas de reciclagem de pl\u00e1stico.<\/p>    <figure class=\"wp-block-embed is-type-video is-provider-youtube wp-block-embed-youtube wp-embed-aspect-16-9 wp-has-aspect-ratio\"><div class=\"wp-block-embed__wrapper\"> <iframe loading=\"lazy\" title=\"Removedor de r\u00f3tulos de garrafas PET | M\u00e1quina de desmarca\u00e7\u00e3o\" width=\"500\" height=\"281\" src=\"https:\/\/www.youtube.com\/embed\/jqpJbfWeKSs?start=43&#038;feature=oembed\" frameborder=\"0\" allow=\"accelerometer; autoplay; clipboard-write; encrypted-media; gyroscope; picture-in-picture; web-share\" referrerpolicy=\"strict-origin-when-cross-origin\" allowfullscreen><\/iframe> <\/div><\/figure>    <h2 class=\"wp-block-heading\">A necessidade da m\u00e1quina de remo\u00e7\u00e3o de etiquetas<\/h2>    <p>Do ponto de vista do processo de produ\u00e7\u00e3o de garrafas pl\u00e1sticas, o corpo da garrafa, a tampa e o r\u00f3tulo pl\u00e1stico s\u00e3o produzidos totalmente separadamente. Embora sejam todos pl\u00e1sticos, os tipos s\u00e3o diferentes, principalmente por causa do coeficiente pl\u00e1stico. Dentre eles, o corpo da garrafa \u00e9 PET, a tampa geralmente \u00e9 PE e o r\u00f3tulo pl\u00e1stico \u00e9 PVC. Portanto, para garantir a qualidade e pureza dos pl\u00e1sticos reciclados, estes tamb\u00e9m devem ser reciclados separadamente durante a reciclagem.<\/p>","protected":false},"excerpt":{"rendered":"<p>This PET bottle label remover machine is suitable for plastic bottles such as PET mineral water bottles, cola bottles, oil bottles, etc. The PET bottle remover machine can quickly separate the labels on the plastic bottles from the bottle body. The use of the label removing machine can replace people to remove labels, solving the [&hellip;]<\/p>\n","protected":false},"author":1,"featured_media":446,"parent":0,"template":"","tags":[58,35],"product-type":[15,27],"class_list":["post-166","product","type-product","status-publish","has-post-thumbnail","hentry","tag-label","tag-pet","product-type-plastic-crushing-equipment","product-type-separation-technology"],"taxonomy_info":{"post_tag":[{"value":58,"label":"label"},{"value":35,"label":"PET"}],"product-type":[{"value":15,"label":"Plastic Crushing Equipment"},{"value":27,"label":"Separation Technology"}]},"featured_image_src_large":["https:\/\/plastic-machines.org\/wp-content\/uploads\/2022\/06\/PET-bottle-label-removing-machine1.webp",720,540,false],"author_info":{"display_name":"Ella","author_link":"https:\/\/plastic-machines.org\/pt\/author\/admin\/"},"comment_info":"","_links":{"self":[{"href":"https:\/\/plastic-machines.org\/pt\/wp-json\/wp\/v2\/product\/166","targetHints":{"allow":["GET"]}}],"collection":[{"href":"https:\/\/plastic-machines.org\/pt\/wp-json\/wp\/v2\/product"}],"about":[{"href":"https:\/\/plastic-machines.org\/pt\/wp-json\/wp\/v2\/types\/product"}],"author":[{"embeddable":true,"href":"https:\/\/plastic-machines.org\/pt\/wp-json\/wp\/v2\/users\/1"}],"wp:featuredmedia":[{"embeddable":true,"href":"https:\/\/plastic-machines.org\/pt\/wp-json\/wp\/v2\/media\/446"}],"wp:attachment":[{"href":"https:\/\/plastic-machines.org\/pt\/wp-json\/wp\/v2\/media?parent=166"}],"wp:term":[{"taxonomy":"post_tag","embeddable":true,"href":"https:\/\/plastic-machines.org\/pt\/wp-json\/wp\/v2\/tags?post=166"},{"taxonomy":"product-type","embeddable":true,"href":"https:\/\/plastic-machines.org\/pt\/wp-json\/wp\/v2\/product-type?post=166"}],"curies":[{"name":"wp","href":"https:\/\/api.w.org\/{rel}","templated":true}]}}