{"id":155,"date":"2022-07-04T03:45:03","date_gmt":"2022-07-04T03:45:03","guid":{"rendered":"https:\/\/plastic-machines.org\/?post_type=product&#038;p=155"},"modified":"2025-11-18T11:34:53","modified_gmt":"2025-11-18T03:34:53","slug":"plastic-bottle-crusher","status":"publish","type":"product","link":"https:\/\/plastic-machines.org\/pt\/product\/plastic-bottle-crusher\/","title":{"rendered":"Triturador de garrafas de pl\u00e1stico para planta de moagem de PET"},"content":{"rendered":"<div class=\"kk-star-ratings kksr-auto kksr-align-left kksr-valign-top\"     data-payload='{&quot;align&quot;:&quot;left&quot;,&quot;id&quot;:&quot;155&quot;,&quot;slug&quot;:&quot;default&quot;,&quot;valign&quot;:&quot;top&quot;,&quot;ignore&quot;:&quot;&quot;,&quot;reference&quot;:&quot;auto&quot;,&quot;class&quot;:&quot;&quot;,&quot;count&quot;:&quot;3&quot;,&quot;legendonly&quot;:&quot;&quot;,&quot;readonly&quot;:&quot;&quot;,&quot;score&quot;:&quot;5&quot;,&quot;starsonly&quot;:&quot;&quot;,&quot;best&quot;:&quot;5&quot;,&quot;gap&quot;:&quot;5&quot;,&quot;greet&quot;:&quot;Rate this product&quot;,&quot;legend&quot;:&quot;5\\\/5 - (3 votes)&quot;,&quot;size&quot;:&quot;24&quot;,&quot;title&quot;:&quot;Plastic Bottle Crusher for PET Grinding Plant&quot;,&quot;width&quot;:&quot;142.5&quot;,&quot;_legend&quot;:&quot;{score}\\\/{best} - ({count} {votes})&quot;,&quot;font_factor&quot;:&quot;1.25&quot;}'>              <div class=\"kksr-stars\">      <div class=\"kksr-stars-inactive\">             <div class=\"kksr-star\" data-star=\"1\" style=\"padding-right: 5px\">               <div class=\"kksr-icon\" style=\"width: 24px; height: 24px;\"><\/div>         <\/div>             <div class=\"kksr-star\" data-star=\"2\" style=\"padding-right: 5px\">               <div class=\"kksr-icon\" style=\"width: 24px; height: 24px;\"><\/div>         <\/div>             <div class=\"kksr-star\" data-star=\"3\" style=\"padding-right: 5px\">               <div class=\"kksr-icon\" style=\"width: 24px; height: 24px;\"><\/div>         <\/div>             <div class=\"kksr-star\" data-star=\"4\" style=\"padding-right: 5px\">               <div class=\"kksr-icon\" style=\"width: 24px; height: 24px;\"><\/div>         <\/div>             <div class=\"kksr-star\" data-star=\"5\" style=\"padding-right: 5px\">               <div class=\"kksr-icon\" style=\"width: 24px; height: 24px;\"><\/div>         <\/div>     <\/div>      <div class=\"kksr-stars-active\" style=\"width: 142.5px;\">             <div class=\"kksr-star\" style=\"padding-right: 5px\">               <div class=\"kksr-icon\" style=\"width: 24px; height: 24px;\"><\/div>         <\/div>             <div class=\"kksr-star\" style=\"padding-right: 5px\">               <div class=\"kksr-icon\" style=\"width: 24px; height: 24px;\"><\/div>         <\/div>             <div class=\"kksr-star\" style=\"padding-right: 5px\">               <div class=\"kksr-icon\" style=\"width: 24px; height: 24px;\"><\/div>         <\/div>             <div class=\"kksr-star\" style=\"padding-right: 5px\">               <div class=\"kksr-icon\" style=\"width: 24px; height: 24px;\"><\/div>         <\/div>             <div class=\"kksr-star\" style=\"padding-right: 5px\">               <div class=\"kksr-icon\" style=\"width: 24px; height: 24px;\"><\/div>         <\/div>     <\/div> <\/div>                   <div class=\"kksr-legend\" style=\"font-size: 19.2px;\">             5\/5 - (3 votos)    <\/div>     <\/div>  <p>O triturador de garrafas pl\u00e1sticas Shuliy \u00e9 usado principalmente para a tritura\u00e7\u00e3o profissional de restos de pl\u00e1stico, como garrafas de \u00e1gua residual, garrafas de leite e latas de \u00f3leo.  Tamb\u00e9m o chamamos de moedor de garrafas pl\u00e1sticas. A principal caracter\u00edstica deste moedor de garrafas \u00e9 que ele possui uma nova melhoria na estrutura de descarga, que pode efetivamente atingir a moagem de flocos de garrafas PET. \u00c9 uma das m\u00e1quinas importantes da linha completa de reciclagem de PET.<\/p>    <h2 class=\"wp-block-heading\" id=\"h-introduction-of-plastic-bottle-crusher\">Introdu\u00e7\u00e3o do triturador de garrafas de pl\u00e1stico <\/h2>    <p class=\"translation-block\">Atualmente, \u00e0 medida que a polui\u00e7\u00e3o branca se torna grave, mais e mais pa\u00edses come\u00e7aram a defender a reciclagem e reutiliza\u00e7\u00e3o de recursos pl\u00e1sticos de res\u00edduos. Na <a href=\"https:\/\/en.wikipedia.org\/wiki\/PET_bottle_recycling\" target=\"_blank\" rel=\"noopener\">reciclagem de garrafas de PET<\/a>, uma trituradora de garrafas de pl\u00e1stico \u00e9 uma pe\u00e7a muito importante de equipamento. A m\u00e1quina de esmagar pl\u00e1stico pode esmagar eficientemente garrafas pl\u00e1sticas de res\u00edduos e reduzi-las a flocos de PET de tamanho uniforme.<\/p>   <div class=\"wp-block-image\"> <figure class=\"aligncenter size-full\"><img loading=\"lazy\" decoding=\"async\" width=\"720\" height=\"540\" src=\"https:\/\/plastic-machines.org\/wp-content\/uploads\/2022\/07\/plastic-shredder.webp\" alt=\"triturador de garrafas de pl\u00e1stico\" class=\"wp-image-158\" srcset=\"https:\/\/plastic-machines.org\/wp-content\/uploads\/2022\/07\/plastic-shredder.webp 720w, https:\/\/plastic-machines.org\/wp-content\/uploads\/2022\/07\/plastic-shredder-300x225.webp 300w\" sizes=\"auto, (max-width: 720px) 100vw, 720px\" \/><figcaption class=\"wp-element-caption\">triturador de garrafas de pl\u00e1stico<\/figcaption><\/figure> <\/div>  <div class=\"wp-block-image\"> <figure class=\"aligncenter size-full\"><img loading=\"lazy\" decoding=\"async\" width=\"720\" height=\"540\" src=\"https:\/\/plastic-machines.org\/wp-content\/uploads\/2022\/07\/plastic-bottle-shredder.webp\" alt=\"M\u00e1quina de moer garrafas PET\" class=\"wp-image-160\" srcset=\"https:\/\/plastic-machines.org\/wp-content\/uploads\/2022\/07\/plastic-bottle-shredder.webp 720w, https:\/\/plastic-machines.org\/wp-content\/uploads\/2022\/07\/plastic-bottle-shredder-300x225.webp 300w\" sizes=\"auto, (max-width: 720px) 100vw, 720px\" \/><figcaption class=\"wp-element-caption\">moedores de garrafas de pl\u00e1stico na f\u00e1brica<\/figcaption><\/figure> <\/div>   <h2 class=\"wp-block-heading\">Mat\u00e9rias-primas e produtos finais do britador PET<\/h2>    <p>O triturador de garrafas pl\u00e1sticas \u00e9 usado para triturar garrafas PET, incluindo garrafas de \u00e1gua mineral, garrafas de bebidas, garrafas de \u00f3leo e assim por diante. Garrafas pl\u00e1sticas achatadas e blocos de garrafas embalados tamb\u00e9m est\u00e3o dispon\u00edveis. As l\u00e2minas especiais do britador s\u00e3o projetadas contra a eletricidade est\u00e1tica gerada pelo atrito dos flocos de PET. Os flocos finais est\u00e3o uniformes e prontos para serem processados.<\/p>   <div class=\"wp-block-image\"> <figure class=\"aligncenter size-full\"><img loading=\"lazy\" decoding=\"async\" width=\"720\" height=\"540\" src=\"https:\/\/plastic-machines.org\/wp-content\/uploads\/2022\/07\/PET-materials-1.webp\" alt=\"mat\u00e9rias-primas trituradoras de garrafas de pl\u00e1stico\" class=\"wp-image-549\" srcset=\"https:\/\/plastic-machines.org\/wp-content\/uploads\/2022\/07\/PET-materials-1.webp 720w, https:\/\/plastic-machines.org\/wp-content\/uploads\/2022\/07\/PET-materials-1-300x225.webp 300w\" sizes=\"auto, (max-width: 720px) 100vw, 720px\" \/><\/figure> <\/div>   <h2 class=\"wp-block-heading\">Princ\u00edpio de funcionamento do triturador de garrafas pl\u00e1sticas<\/h2>    <p>O princ\u00edpio de funcionamento da nossa m\u00e1quina trituradora de garrafas PET \u00e9 f\u00e1cil de entender. A cavidade de esmagamento dentro da faca fixa e da faca m\u00f3vel, com base nas mudan\u00e7as no corte entre as duas l\u00e2minas para formar um \u00e2ngulo de cisalhamento na garrafa pl\u00e1stica, ent\u00e3o a garrafa pl\u00e1stica ser\u00e1 esmagada pelas l\u00e2minas.<\/p>   <div class=\"wp-block-image\"> <figure class=\"aligncenter size-full\"><img loading=\"lazy\" decoding=\"async\" width=\"720\" height=\"540\" src=\"https:\/\/plastic-machines.org\/wp-content\/uploads\/2022\/07\/blades-of-PET-crusher.webp\" alt=\"l\u00e2minas de triturador de garrafas PET\" class=\"wp-image-161\" srcset=\"https:\/\/plastic-machines.org\/wp-content\/uploads\/2022\/07\/blades-of-PET-crusher.webp 720w, https:\/\/plastic-machines.org\/wp-content\/uploads\/2022\/07\/blades-of-PET-crusher-300x225.webp 300w\" sizes=\"auto, (max-width: 720px) 100vw, 720px\" \/><figcaption class=\"wp-element-caption\">l\u00e2minas de britador PET<\/figcaption><\/figure> <\/div>  <div class=\"wp-block-image\"> <figure class=\"aligncenter size-full\"><img loading=\"lazy\" decoding=\"async\" width=\"720\" height=\"540\" src=\"https:\/\/plastic-machines.org\/wp-content\/uploads\/2022\/07\/inside-structure.webp\" alt=\"eixo das l\u00e2minas (estrutura interna) da m\u00e1quina trituradora de garrafas PET\" class=\"wp-image-162\" srcset=\"https:\/\/plastic-machines.org\/wp-content\/uploads\/2022\/07\/inside-structure.webp 720w, https:\/\/plastic-machines.org\/wp-content\/uploads\/2022\/07\/inside-structure-300x225.webp 300w\" sizes=\"auto, (max-width: 720px) 100vw, 720px\" \/><figcaption class=\"wp-element-caption\">eixo das l\u00e2minas do moedor de garrafas de pl\u00e1stico (estrutura interna)<\/figcaption><\/figure> <\/div>   <h2 class=\"wp-block-heading\">Par\u00e2metros da m\u00e1quina trituradora de garrafas PET <\/h2>    <figure class=\"wp-block-table\"><table><tbody><tr><td>Modelo<\/td><td>SL-60<\/td><td>SL-80<\/td><td>SL-100<\/td><td>SL-120<\/td><\/tr><tr><td>Capacidade (kg\/h)<\/td><td>500<\/td><td>1000<\/td><td>1500<\/td><td>3000<\/td><\/tr><tr><td>Motor (kw)<\/td><td>22<\/td><td>37<\/td><td>75<\/td><td>90<\/td><\/tr><tr><td>Altura (m)<\/td><td>1.8<\/td><td>2.6<\/td><td>2.6<\/td><td>2.6<\/td><\/tr><tr><td>Espessura da faca (mm)<\/td><td>30<\/td><td>40<\/td><td>40<\/td><td>40<\/td><\/tr><tr><td>Espessura da placa (mm)<\/td><td>16<\/td><td>20<\/td><td>30<\/td><td>30<\/td><\/tr><\/tbody><\/table><\/figure>    <p>Al\u00e9m disso, a faixa de tamanho da malha da tela dos trituradores de pl\u00e1stico \u00e9 de 14 a 18 mm; cada trituradora ter\u00e1 um elevador de alimenta\u00e7\u00e3o com pot\u00eancia de 1,5kw. A espessura da c\u00e2mara de britagem da m\u00e1quina trituradora de garrafas pl\u00e1sticas torna-se mais espessa \u00e0 medida que o modelo da m\u00e1quina aumenta.<\/p>    <h2 class=\"wp-block-heading\">Vantagens da m\u00e1quina trituradora de garrafas PET<\/h2>    <ol class=\"wp-block-list\"> <li>O triturador de garrafas pl\u00e1sticas da Shuliy tem um descarregador espiral na parte inferior da m\u00e1quina, que pode empurrar automaticamente os peda\u00e7os de garrafas pl\u00e1sticas trituradas atrav\u00e9s do transportador espiral e formar rapidamente uma linha de produ\u00e7\u00e3o de lavagem e secagem com o equipamento de enx\u00e1gue sob a a\u00e7\u00e3o da placa de eleva\u00e7\u00e3o .<\/li>    <li>O moedor de garrafas pl\u00e1sticas aumentou o dispositivo de alimenta\u00e7\u00e3o for\u00e7ada, que pode efetivamente entrar na cavidade da garrafa pl\u00e1stica para esmagamento for\u00e7ado. O dispositivo de alimenta\u00e7\u00e3o for\u00e7ada pode prevenir eficazmente o retorno do material, melhorando ao mesmo tempo a efici\u00eancia da britagem.<\/li>    <li>O design da l\u00e2mina da m\u00e1quina retificadora de garrafas de pl\u00e1stico Shuliy \u00e9 \u00fanico, o que pode efetivamente evitar a for\u00e7a de cisalhamento da garrafa de pl\u00e1stico causada pela pot\u00eancia excessiva e pelo fen\u00f4meno de bloqueio do eixo, reduzindo o fen\u00f4meno de bloqueio. A m\u00e1quina trituradora de garrafas PET com essas l\u00e2minas garantir\u00e1 uma opera\u00e7\u00e3o longa e est\u00e1vel.<\/li> <\/ol>    <h2 class=\"wp-block-heading\">V\u00eddeo de moedor de garrafas PET<\/h2>    <figure class=\"wp-block-embed is-type-video is-provider-youtube wp-block-embed-youtube wp-embed-aspect-16-9 wp-has-aspect-ratio\"><div class=\"wp-block-embed__wrapper\"> <iframe loading=\"lazy\" title=\"Triturador de garrafas de pl\u00e1stico | M\u00e1quina trituradora de pl\u00e1stico PET\" width=\"500\" height=\"281\" src=\"https:\/\/www.youtube.com\/embed\/aMnGnzOSAkI?feature=oembed\" frameborder=\"0\" allow=\"accelerometer; autoplay; clipboard-write; encrypted-media; gyroscope; picture-in-picture; web-share\" referrerpolicy=\"strict-origin-when-cross-origin\" allowfullscreen><\/iframe> <\/div><\/figure>    <h2 class=\"wp-block-heading\">Recomende a linha de reciclagem de garrafas PET para voc\u00ea<\/h2>    <p class=\"translation-block\">Shuliy Machinery fornece uma linha completa de <a href=\"https:\/\/plastic-machines.org\/pt\/product\/pet-bottle-recycling-line\/\">lavagem para reciclagem de garrafas PET usadas<\/a>. O equipamento principal inclui um triturador de garrafas de pl\u00e1stico, tanque de enxaguamento, m\u00e1quina de lavagem por fric\u00e7\u00e3o para PET e tanque de lavagem com \u00e1gua quente. Tamb\u00e9m oferecemos m\u00e1quinas personalizadas de acordo com as exig\u00eancias dos clientes. Consulte-nos ou deixe a sua mensagem no nosso site agora.<\/p>   <div class=\"wp-block-image\"> <figure class=\"aligncenter size-full\"><img loading=\"lazy\" decoding=\"async\" width=\"720\" height=\"540\" src=\"https:\/\/plastic-machines.org\/wp-content\/uploads\/2022\/07\/PET-washing-line1.webp\" alt=\"M\u00e1quina de reciclagem de garrafas PET\" class=\"wp-image-301\" srcset=\"https:\/\/plastic-machines.org\/wp-content\/uploads\/2022\/07\/PET-washing-line1.webp 720w, https:\/\/plastic-machines.org\/wp-content\/uploads\/2022\/07\/PET-washing-line1-300x225.webp 300w\" sizes=\"auto, (max-width: 720px) 100vw, 720px\" \/><figcaption class=\"wp-element-caption\">Linha de reciclagem de lavagem de PET<\/figcaption><\/figure> <\/div>","protected":false},"excerpt":{"rendered":"<p>Shuliy plastic bottle crusher is mainly used for the professional crushing of plastic scraps such as waste water bottles, milk bottles and oil cans. We also call it a plastic bottle grinder. The main feature of this bottle grinder is that it has a new improvement in the discharge structure, which can effectively achieve the [&hellip;]<\/p>\n","protected":false},"author":1,"featured_media":449,"parent":0,"template":"","tags":[39,35],"product-type":[15],"class_list":["post-155","product","type-product","status-publish","has-post-thumbnail","hentry","tag-flake","tag-pet","product-type-plastic-crushing-equipment"],"taxonomy_info":{"post_tag":[{"value":39,"label":"flake"},{"value":35,"label":"PET"}],"product-type":[{"value":15,"label":"Plastic Crushing Equipment"}]},"featured_image_src_large":["https:\/\/plastic-machines.org\/wp-content\/uploads\/2022\/06\/PET-plastic-crusher1.webp",720,540,false],"author_info":{"display_name":"Ella","author_link":"https:\/\/plastic-machines.org\/pt\/author\/admin\/"},"comment_info":"","_links":{"self":[{"href":"https:\/\/plastic-machines.org\/pt\/wp-json\/wp\/v2\/product\/155","targetHints":{"allow":["GET"]}}],"collection":[{"href":"https:\/\/plastic-machines.org\/pt\/wp-json\/wp\/v2\/product"}],"about":[{"href":"https:\/\/plastic-machines.org\/pt\/wp-json\/wp\/v2\/types\/product"}],"author":[{"embeddable":true,"href":"https:\/\/plastic-machines.org\/pt\/wp-json\/wp\/v2\/users\/1"}],"wp:featuredmedia":[{"embeddable":true,"href":"https:\/\/plastic-machines.org\/pt\/wp-json\/wp\/v2\/media\/449"}],"wp:attachment":[{"href":"https:\/\/plastic-machines.org\/pt\/wp-json\/wp\/v2\/media?parent=155"}],"wp:term":[{"taxonomy":"post_tag","embeddable":true,"href":"https:\/\/plastic-machines.org\/pt\/wp-json\/wp\/v2\/tags?post=155"},{"taxonomy":"product-type","embeddable":true,"href":"https:\/\/plastic-machines.org\/pt\/wp-json\/wp\/v2\/product-type?post=155"}],"curies":[{"name":"wp","href":"https:\/\/api.w.org\/{rel}","templated":true}]}}