{"id":1050,"date":"2023-10-20T15:24:17","date_gmt":"2023-10-20T07:24:17","guid":{"rendered":"https:\/\/plastic-machines.org\/?post_type=product&#038;p=1050"},"modified":"2025-11-18T14:06:49","modified_gmt":"2025-11-18T06:06:49","slug":"plastic-debaler-machine","status":"publish","type":"product","link":"https:\/\/plastic-machines.org\/pt\/product\/plastic-debaler-machine\/","title":{"rendered":"M\u00e1quina desbaladeira de pl\u00e1stico para fardos de garrafas PET HDPE"},"content":{"rendered":"<div class=\"kk-star-ratings kksr-auto kksr-align-left kksr-valign-top\"     data-payload='{&quot;align&quot;:&quot;left&quot;,&quot;id&quot;:&quot;1050&quot;,&quot;slug&quot;:&quot;default&quot;,&quot;valign&quot;:&quot;top&quot;,&quot;ignore&quot;:&quot;&quot;,&quot;reference&quot;:&quot;auto&quot;,&quot;class&quot;:&quot;&quot;,&quot;count&quot;:&quot;4&quot;,&quot;legendonly&quot;:&quot;&quot;,&quot;readonly&quot;:&quot;&quot;,&quot;score&quot;:&quot;5&quot;,&quot;starsonly&quot;:&quot;&quot;,&quot;best&quot;:&quot;5&quot;,&quot;gap&quot;:&quot;5&quot;,&quot;greet&quot;:&quot;Rate this product&quot;,&quot;legend&quot;:&quot;5\\\/5 - (4 votes)&quot;,&quot;size&quot;:&quot;24&quot;,&quot;title&quot;:&quot;Plastic Debaler Machine for HDPE PET Bottle Bales&quot;,&quot;width&quot;:&quot;142.5&quot;,&quot;_legend&quot;:&quot;{score}\\\/{best} - ({count} {votes})&quot;,&quot;font_factor&quot;:&quot;1.25&quot;}'>              <div class=\"kksr-stars\">      <div class=\"kksr-stars-inactive\">             <div class=\"kksr-star\" data-star=\"1\" style=\"padding-right: 5px\">               <div class=\"kksr-icon\" style=\"width: 24px; height: 24px;\"><\/div>         <\/div>             <div class=\"kksr-star\" data-star=\"2\" style=\"padding-right: 5px\">               <div class=\"kksr-icon\" style=\"width: 24px; height: 24px;\"><\/div>         <\/div>             <div class=\"kksr-star\" data-star=\"3\" style=\"padding-right: 5px\">               <div class=\"kksr-icon\" style=\"width: 24px; height: 24px;\"><\/div>         <\/div>             <div class=\"kksr-star\" data-star=\"4\" style=\"padding-right: 5px\">               <div class=\"kksr-icon\" style=\"width: 24px; height: 24px;\"><\/div>         <\/div>             <div class=\"kksr-star\" data-star=\"5\" style=\"padding-right: 5px\">               <div class=\"kksr-icon\" style=\"width: 24px; height: 24px;\"><\/div>         <\/div>     <\/div>      <div class=\"kksr-stars-active\" style=\"width: 142.5px;\">             <div class=\"kksr-star\" style=\"padding-right: 5px\">               <div class=\"kksr-icon\" style=\"width: 24px; height: 24px;\"><\/div>         <\/div>             <div class=\"kksr-star\" style=\"padding-right: 5px\">               <div class=\"kksr-icon\" style=\"width: 24px; height: 24px;\"><\/div>         <\/div>             <div class=\"kksr-star\" style=\"padding-right: 5px\">               <div class=\"kksr-icon\" style=\"width: 24px; height: 24px;\"><\/div>         <\/div>             <div class=\"kksr-star\" style=\"padding-right: 5px\">               <div class=\"kksr-icon\" style=\"width: 24px; height: 24px;\"><\/div>         <\/div>             <div class=\"kksr-star\" style=\"padding-right: 5px\">               <div class=\"kksr-icon\" style=\"width: 24px; height: 24px;\"><\/div>         <\/div>     <\/div> <\/div>                   <div class=\"kksr-legend\" style=\"font-size: 19.2px;\">             5\/5 - (4 votos)    <\/div>     <\/div>  <p>Em uma linha de reciclagem de garrafas PET, uma debaladeira de pl\u00e1stico \u00e9 um equipamento importante cuja fun\u00e7\u00e3o \u00e9 abrir os sacos ou recipientes usados \u200b\u200bpara embalar garrafas PET HDPE para que garrafas pl\u00e1sticas duras possam ser removidas delas para posterior processamento e reciclagem.<\/p>    <figure class=\"wp-block-image size-full\"><img loading=\"lazy\" decoding=\"async\" width=\"720\" height=\"540\" src=\"https:\/\/plastic-machines.org\/wp-content\/uploads\/2023\/10\/Debaler.webp\" alt=\"Desbaladeira de pl\u00e1stico \" class=\"wp-image-1052\" srcset=\"https:\/\/plastic-machines.org\/wp-content\/uploads\/2023\/10\/Debaler.webp 720w, https:\/\/plastic-machines.org\/wp-content\/uploads\/2023\/10\/Debaler-300x225.webp 300w\" sizes=\"auto, (max-width: 720px) 100vw, 720px\" \/><\/figure>    <figure class=\"wp-block-image size-full\"><img loading=\"lazy\" decoding=\"async\" width=\"720\" height=\"540\" src=\"https:\/\/plastic-machines.org\/wp-content\/uploads\/2023\/10\/Debaler-Machine.webp\" alt=\"M\u00e1quina desbaladeira de pl\u00e1stico \" class=\"wp-image-1053\" srcset=\"https:\/\/plastic-machines.org\/wp-content\/uploads\/2023\/10\/Debaler-Machine.webp 720w, https:\/\/plastic-machines.org\/wp-content\/uploads\/2023\/10\/Debaler-Machine-300x225.webp 300w\" sizes=\"auto, (max-width: 720px) 100vw, 720px\" \/><\/figure>    <figure class=\"wp-block-image size-full\"><img loading=\"lazy\" decoding=\"async\" width=\"720\" height=\"540\" src=\"https:\/\/plastic-machines.org\/wp-content\/uploads\/2023\/10\/PET-Bottle-Debaler-Machine.webp\" alt=\"M\u00e1quina desbaladeira de pl\u00e1stico\" class=\"wp-image-1054\" srcset=\"https:\/\/plastic-machines.org\/wp-content\/uploads\/2023\/10\/PET-Bottle-Debaler-Machine.webp 720w, https:\/\/plastic-machines.org\/wp-content\/uploads\/2023\/10\/PET-Bottle-Debaler-Machine-300x225.webp 300w\" sizes=\"auto, (max-width: 720px) 100vw, 720px\" \/><\/figure>    <h2 class=\"wp-block-heading\">Aplica\u00e7\u00e3o de m\u00e1quina debaladeira de pl\u00e1stico <\/h2>    <p class=\"translation-block\">Para clientes com uma <strong><a href=\"https:\/\/plastic-machines.org\/pt\/product\/pet-bottle-recycling-line\/\" data-type=\"link\" data-id=\"https:\/\/plastic-machines.org\/product\/pet-bottle-recycling-line\/\">linha de reciclagem de garrafas de pl\u00e1stico<\/a><\/strong>, um abridor de fardos de pl\u00e1stico \u00e9 a primeira m\u00e1quina de reciclagem usada para soltar as garrafas de PET empacotadas, e as garrafas soltas podem avan\u00e7ar para a pr\u00f3xima etapa de reciclagem na esteira transportadora.<\/p>    <figure class=\"wp-block-embed is-type-video is-provider-youtube wp-block-embed-youtube wp-embed-aspect-16-9 wp-has-aspect-ratio\"><div class=\"wp-block-embed__wrapper\"> <iframe loading=\"lazy\" title=\"Abridor de enfardadeira de garrafas PET | m\u00e1quina debaladora de pl\u00e1stico vertical\" width=\"500\" height=\"281\" src=\"https:\/\/www.youtube.com\/embed\/ujKPMvq7vLY?feature=oembed\" frameborder=\"0\" allow=\"accelerometer; autoplay; clipboard-write; encrypted-media; gyroscope; picture-in-picture; web-share\" referrerpolicy=\"strict-origin-when-cross-origin\" allowfullscreen><\/iframe> <\/div><\/figure>    <h2 class=\"wp-block-heading\">Vantagens da m\u00e1quina debaladeira de pl\u00e1stico<\/h2>    <ul class=\"wp-block-list\"> <li>Desensacar e descarregar os materiais: As m\u00e1quinas debaladeiras de pl\u00e1stico abrem sacos pl\u00e1sticos selados, recipientes ou embalagens para remover o material pl\u00e1stico a granel de dentro.<\/li>    <li>Maior efici\u00eancia: Os abridores de fardos de pl\u00e1stico podem aumentar muito a efici\u00eancia do manuseio de materiais pl\u00e1sticos. Devido ao grande tamanho dos pl\u00e1sticos enfardados, a desembalagem manual costuma ser demorada e trabalhosa, enquanto um abridor de fardos pode realizar essa tarefa rapidamente em um curto per\u00edodo de tempo.<\/li>    <li>Risco reduzido de contamina\u00e7\u00e3o: Os abridores de fardos s\u00e3o geralmente usados \u200b\u200bem conjunto com correias transportadoras ou um<strong><a href=\"https:\/\/plastic-machines.org\/pt\/product\/plastic-granulating-line\/\" data-type=\"link\" data-id=\"https:\/\/plastic-machines.org\/product\/plastic-granulating-line\/\"> linha completa de reciclagem de pl\u00e1stico<\/a><\/strong>. Ap\u00f3s o abridor de fardos de garrafas PET HDPE e descarregar o pl\u00e1stico, os res\u00edduos pl\u00e1sticos v\u00e3o diretamente para a correia transportadora, reduzindo o risco de vazamento de material e contamina\u00e7\u00e3o.<\/li>    <li>Adaptabilidade: As m\u00e1quinas debaladeiras de pl\u00e1stico geralmente t\u00eam a capacidade de se adaptar a diferentes tipos e tamanhos de embalagens, permitindo-lhes lidar com uma ampla variedade de materiais pl\u00e1sticos a granel.<\/li> <\/ul>","protected":false},"excerpt":{"rendered":"<p>In a PET bottle recycling line, a plastic debaler machine is an important piece of equipment whose function is to open the bags or containers used to package PET HDPE bottles so that hard plastic bottles can be removed from them for subsequent processing and recycling. Plastic debaler machine application For customers with a plastic [&hellip;]<\/p>\n","protected":false},"author":1,"featured_media":1051,"parent":0,"template":"","tags":[36],"product-type":[27],"class_list":["post-1050","product","type-product","status-publish","has-post-thumbnail","hentry","tag-bale","product-type-separation-technology"],"taxonomy_info":{"post_tag":[{"value":36,"label":"bale"}],"product-type":[{"value":27,"label":"Separation Technology"}]},"featured_image_src_large":["https:\/\/plastic-machines.org\/wp-content\/uploads\/2023\/10\/plastic-debaler-machine2.webp",720,540,false],"author_info":{"display_name":"Ella","author_link":"https:\/\/plastic-machines.org\/pt\/author\/admin\/"},"comment_info":"","_links":{"self":[{"href":"https:\/\/plastic-machines.org\/pt\/wp-json\/wp\/v2\/product\/1050","targetHints":{"allow":["GET"]}}],"collection":[{"href":"https:\/\/plastic-machines.org\/pt\/wp-json\/wp\/v2\/product"}],"about":[{"href":"https:\/\/plastic-machines.org\/pt\/wp-json\/wp\/v2\/types\/product"}],"author":[{"embeddable":true,"href":"https:\/\/plastic-machines.org\/pt\/wp-json\/wp\/v2\/users\/1"}],"wp:featuredmedia":[{"embeddable":true,"href":"https:\/\/plastic-machines.org\/pt\/wp-json\/wp\/v2\/media\/1051"}],"wp:attachment":[{"href":"https:\/\/plastic-machines.org\/pt\/wp-json\/wp\/v2\/media?parent=1050"}],"wp:term":[{"taxonomy":"post_tag","embeddable":true,"href":"https:\/\/plastic-machines.org\/pt\/wp-json\/wp\/v2\/tags?post=1050"},{"taxonomy":"product-type","embeddable":true,"href":"https:\/\/plastic-machines.org\/pt\/wp-json\/wp\/v2\/product-type?post=1050"}],"curies":[{"name":"wp","href":"https:\/\/api.w.org\/{rel}","templated":true}]}}