{"id":2,"date":"2022-06-23T01:24:56","date_gmt":"2022-06-23T01:24:56","guid":{"rendered":"http:\/\/tailwind-themes.local\/?page_id=2"},"modified":"2024-05-11T09:56:39","modified_gmt":"2024-05-11T01:56:39","slug":"about","status":"publish","type":"page","link":"https:\/\/plastic-machines.org\/pt\/about\/","title":{"rendered":"Sobre n\u00f3s"},"content":{"rendered":"<h2 class=\"wp-block-heading\">Quem somos n\u00f3s<\/h2>    <p>Shuliy Machinery \u00e9 um fabricante de m\u00e1quinas de reciclagem de pl\u00e1stico com foco no desenvolvimento e produ\u00e7\u00e3o de equipamentos de reciclagem de pl\u00e1stico. Nossa empresa foi fundada em 2011, com mais de dez anos de experi\u00eancia na fabrica\u00e7\u00e3o de m\u00e1quinas para reciclagem de pl\u00e1stico. <\/p>    <p>Em mais de uma d\u00e9cada de opera\u00e7\u00e3o, a Shuliy Machinery sempre aderiu \u00e0 miss\u00e3o de \u201cDeixar as m\u00e1quinas chinesas mudarem todos os cantos do mundo\u201d. Fazemos todo o poss\u00edvel para agregar valor aos nossos clientes, fazendo com que nossas m\u00e1quinas ajudem f\u00e1bricas de reciclagem de pl\u00e1stico em todo o mundo a melhorar a produtividade e gerar maiores lucros.<\/p>    <figure class=\"wp-block-gallery has-nested-images columns-default is-cropped wp-block-gallery-2 is-layout-flex wp-block-gallery-is-layout-flex\"> <figure class=\"wp-block-image size-large\"><img loading=\"lazy\" decoding=\"async\" width=\"720\" height=\"540\" data-id=\"1132\" src=\"https:\/\/plastic-machines.org\/wp-content\/uploads\/2023\/11\/plastic-recycling-visit.webp\" alt=\"\" class=\"wp-image-1132\" srcset=\"https:\/\/plastic-machines.org\/wp-content\/uploads\/2023\/11\/plastic-recycling-visit.webp 720w, https:\/\/plastic-machines.org\/wp-content\/uploads\/2023\/11\/plastic-recycling-visit-300x225.webp 300w\" sizes=\"auto, (max-width: 720px) 100vw, 720px\" \/><figcaption class=\"wp-element-caption\">visita do cliente<\/figcaption><\/figure>    <figure class=\"wp-block-image size-large\"><img loading=\"lazy\" decoding=\"async\" width=\"720\" height=\"540\" data-id=\"1133\" src=\"https:\/\/plastic-machines.org\/wp-content\/uploads\/2023\/11\/plastic-recycling-equipment2.webp\" alt=\"\" class=\"wp-image-1133\" srcset=\"https:\/\/plastic-machines.org\/wp-content\/uploads\/2023\/11\/plastic-recycling-equipment2.webp 720w, https:\/\/plastic-machines.org\/wp-content\/uploads\/2023\/11\/plastic-recycling-equipment2-300x225.webp 300w\" sizes=\"auto, (max-width: 720px) 100vw, 720px\" \/><figcaption class=\"wp-element-caption\">visita de campo \u00e0 usina de reciclagem de pl\u00e1stico<\/figcaption><\/figure> <figcaption class=\"blocks-gallery-caption wp-element-caption\">fabricante de m\u00e1quina de reciclagem de pl\u00e1stico localizado na China<\/figcaption><\/figure>    <h2 class=\"wp-block-heading\">O que oferecemos<\/h2>    <p class=\"translation-block\">Nossos principais produtos s\u00e3o <a href=\"https:\/\/plastic-machines.org\/pt\/product\/plastic-granulating-line\/\">linha de granula\u00e7\u00e3o de reciclagem de pl\u00e1stico PP PE<\/a>, <a href=\"https:\/\/plastic-machines.org\/pt\/product\/pet-bottle-recycling-line\/\">linha de limpeza de garrafas PET<\/a> e<a href=\"https:\/\/plastic-machines.org\/pt\/product\/plastic-foam-pelletizing-line\/\"> linha de pelotiza\u00e7\u00e3o de espuma pl\u00e1stica<\/a>, m\u00e1quina trituradora de pl\u00e1stico, m\u00e1quina de limpeza de pl\u00e1stico e outras m\u00e1quinas auxiliares de reciclagem de pl\u00e1stico. <\/p>    <p>Como fabricante de m\u00e1quinas de reciclagem de pl\u00e1stico, fornecemos m\u00e1quinas de alta qualidade, bem como solu\u00e7\u00f5es completas de reciclagem de pl\u00e1stico, como instala\u00e7\u00e3o no local e servi\u00e7o p\u00f3s-venda. At\u00e9 agora, as nossas m\u00e1quinas de reciclagem de pl\u00e1stico foram exportadas para mais de 60 pa\u00edses e regi\u00f5es, como Alemanha, EUA, Ar\u00e1bia Saudita, Gana, Congo, Qu\u00e9nia, Nig\u00e9ria, etc., e foram bem recebidas pelos nossos clientes.<\/p>   <div class=\"wp-block-image\"> <figure class=\"aligncenter size-full\"><img loading=\"lazy\" decoding=\"async\" width=\"720\" height=\"540\" src=\"https:\/\/plastic-machines.org\/wp-content\/uploads\/2022\/10\/recycling-materials.jpg\" alt=\"\" class=\"wp-image-508\" srcset=\"https:\/\/plastic-machines.org\/wp-content\/uploads\/2022\/10\/recycling-materials.jpg 720w, https:\/\/plastic-machines.org\/wp-content\/uploads\/2022\/10\/recycling-materials-300x225.jpg 300w\" sizes=\"auto, (max-width: 720px) 100vw, 720px\" \/><\/figure> <\/div>   <h2 class=\"wp-block-heading\">Onde estamos<\/h2>    <p>A maquinaria Shuliy est\u00e1 localizada em Zhengzhou, Henan, China. Nosso escrit\u00f3rio est\u00e1 instalado na Zona de Desenvolvimento Econ\u00f4mico de Zhengzhou. Se voc\u00ea estiver interessado em equipamentos de reciclagem de pl\u00e1stico, visite a Shuliy Machinery\uff01<\/p>    <figure class=\"wp-block-image size-full\"><img loading=\"lazy\" decoding=\"async\" width=\"1024\" height=\"486\" src=\"https:\/\/plastic-machines.org\/wp-content\/uploads\/2022\/10\/global-market.webp\" alt=\"\" class=\"wp-image-506\" srcset=\"https:\/\/plastic-machines.org\/wp-content\/uploads\/2022\/10\/global-market.webp 1024w, https:\/\/plastic-machines.org\/wp-content\/uploads\/2022\/10\/global-market-300x142.webp 300w, https:\/\/plastic-machines.org\/wp-content\/uploads\/2022\/10\/global-market-768x365.webp 768w\" sizes=\"auto, (max-width: 1024px) 100vw, 1024px\" \/><\/figure>","protected":false},"excerpt":{"rendered":"<p>Who are we Shuliy Machinery is a plastic recycling machine manufacturer focusing on the development and production of plastic recycling equipment. Our company was established in 2011, with over ten years of experience in plastic recycling machinery manufacturing. In more than a decade of operation, Shuliy Machinery has always adhered to the mission of &#8220;Let [&hellip;]<\/p>\n","protected":false},"author":1,"featured_media":0,"parent":0,"menu_order":0,"comment_status":"closed","ping_status":"closed","template":"","meta":{"_kad_blocks_custom_css":"","_kad_blocks_head_custom_js":"","_kad_blocks_body_custom_js":"","_kad_blocks_footer_custom_js":"","footnotes":""},"class_list":["post-2","page","type-page","status-publish","hentry"],"taxonomy_info":[],"featured_image_src_large":false,"author_info":{"display_name":"Ella","author_link":"https:\/\/plastic-machines.org\/pt\/author\/admin\/"},"comment_info":0,"_links":{"self":[{"href":"https:\/\/plastic-machines.org\/pt\/wp-json\/wp\/v2\/pages\/2","targetHints":{"allow":["GET"]}}],"collection":[{"href":"https:\/\/plastic-machines.org\/pt\/wp-json\/wp\/v2\/pages"}],"about":[{"href":"https:\/\/plastic-machines.org\/pt\/wp-json\/wp\/v2\/types\/page"}],"author":[{"embeddable":true,"href":"https:\/\/plastic-machines.org\/pt\/wp-json\/wp\/v2\/users\/1"}],"replies":[{"embeddable":true,"href":"https:\/\/plastic-machines.org\/pt\/wp-json\/wp\/v2\/comments?post=2"}],"version-history":[{"count":0,"href":"https:\/\/plastic-machines.org\/pt\/wp-json\/wp\/v2\/pages\/2\/revisions"}],"wp:attachment":[{"href":"https:\/\/plastic-machines.org\/pt\/wp-json\/wp\/v2\/media?parent=2"}],"curies":[{"name":"wp","href":"https:\/\/api.w.org\/{rel}","templated":true}]}}