{"id":1597,"date":"2024-11-28T14:23:04","date_gmt":"2024-11-28T06:23:04","guid":{"rendered":"https:\/\/plastic-machines.org\/?page_id=1597"},"modified":"2024-11-28T14:23:05","modified_gmt":"2024-11-28T06:23:05","slug":"frequently-asked-questions","status":"publish","type":"page","link":"https:\/\/plastic-machines.org\/pt\/frequently-asked-questions\/","title":{"rendered":"Perguntas frequentes"},"content":{"rendered":"<p>Investir em m\u00e1quinas de reciclagem de pl\u00e1stico \u00e9 uma decis\u00e3o cara, por isso recomendamos fazer mais perguntas sobre as m\u00e1quinas e servi\u00e7os relacionados. Abaixo est\u00e3o as perguntas frequentes que recebemos e as perguntas mais frequentes. Se voc\u00ea tiver outros pontos para saber, entre em contato conosco a qualquer momento. <\/p>    <h2 class=\"wp-block-heading\">Sobre o fabricante de m\u00e1quinas de pl\u00e1stico Shuliy<\/h2>   <div id=\"rank-math-faq\" class=\"rank-math-block\"> <div class=\"rank-math-list\"> <div id=\"faq-question-1732763357448\" class=\"rank-math-list-item\"> <h3 class=\"rank-math-question\">Voc\u00ea \u00e9 uma empresa comercial ou uma f\u00e1brica?<\/h3> <div class=\"rank-math-answer\">  <p>Shuliy \u00e9 um fabricante de m\u00e1quinas de reciclagem de pl\u00e1stico com mais de 10 anos de experi\u00eancia, temos nossa pr\u00f3pria f\u00e1brica. <\/p>  <\/div> <\/div> <div id=\"faq-question-1732763512463\" class=\"rank-math-list-item\"> <h3 class=\"rank-math-question\">Onde est\u00e1 sua f\u00e1brica?<\/h3> <div class=\"rank-math-answer\">  <p>Shuliy Machinery est\u00e1 localizada em Zhengzhou, prov\u00edncia de Henan, na China. Endere\u00e7o: Nona Rua da Zona de Desenvolvimento Econ\u00f4mico de Zhengzhou, Jingkai.<\/p>  <\/div> <\/div> <div id=\"faq-question-1732763533916\" class=\"rank-math-list-item\"> <h3 class=\"rank-math-question\">Posso visitar sua f\u00e1brica?<\/h3> <div class=\"rank-math-answer\">  <p>Sim claro! Voc\u00ea \u00e9 bem-vindo \u00e0 nossa empresa e f\u00e1brica. Adquirir um conjunto de m\u00e1quinas de reciclagem de pl\u00e1stico \u00e9 caro, voc\u00ea deve vir conhecer nossas m\u00e1quinas pessoalmente, observando a apar\u00eancia das m\u00e1quinas e como funcionam. <\/p>  <\/div> <\/div> <div id=\"faq-question-1732763562784\" class=\"rank-math-list-item\"> <h3 class=\"rank-math-question\">Como fa\u00e7o para viajar para sua f\u00e1brica?<\/h3> <div class=\"rank-math-answer\">  <p>Pegue um voo para o Aeroporto Internacional de Xinzheng na China, saia no Terminal T2, nosso motorista e equipe de vendas ir\u00e3o busc\u00e1-lo na sa\u00edda e voc\u00eas viajar\u00e3o juntos at\u00e9 a f\u00e1brica, a viagem dura cerca de uma hora.<\/p>  <\/div> <\/div> <div id=\"faq-question-1732765124586\" class=\"rank-math-list-item\"> <h3 class=\"rank-math-question\">O que esperar durante a visita?<\/h3> <div class=\"rank-math-answer\">  <p>Voc\u00ea pode conferir nosso escrit\u00f3rio e equipe de vendas, eles s\u00e3o as pessoas que falam com voc\u00ea no WhatsApp e oferecem o mais alto n\u00edvel de atendimento ao cliente.<br \/>Ent\u00e3o voc\u00ea pode conferir nossas m\u00e1quinas de reciclagem e ver pessoalmente um teste. Com base na inspe\u00e7\u00e3o visual, voc\u00ea notar\u00e1 facilmente o excelente acabamento da m\u00e1quina.<\/p>  <\/div> <\/div> <div id=\"faq-question-1732765082445\" class=\"rank-math-list-item\"> <h3 class=\"rank-math-question\">Por que escolher o fabricante da m\u00e1quina de reciclagem de pl\u00e1stico Shuliy?<\/h3> <div class=\"rank-math-answer\">  <p>Como fornecedor profissional de m\u00e1quinas de reciclagem de pl\u00e1stico, refinamos nosso m\u00e9todo de produ\u00e7\u00e3o, oferecendo m\u00e1quinas da mais alta qualidade com as melhores pe\u00e7as de m\u00e1quinas. Atrav\u00e9s da sua observa\u00e7\u00e3o voc\u00ea descobrir\u00e1 que nossas m\u00e1quinas funcionam mais r\u00e1pido, o material \u00e9 mais espesso, sejam equipamentos de limpeza, britagem ou pelotiza\u00e7\u00e3o, estamos constantemente melhorando nos detalhes, para que a efici\u00eancia da reciclagem das m\u00e1quinas continue melhorando.<\/p>  <\/div> <\/div> <\/div> <\/div>   <h2 class=\"wp-block-heading\">Sobre o processo de pedido<\/h2>    <p>Abaixo est\u00e3o as perguntas frequentes sobre o processo de pedido.<\/p>   <div id=\"rank-math-faq\" class=\"rank-math-block\"> <div class=\"rank-math-list\"> <div id=\"faq-question-1732765274262\" class=\"rank-math-list-item\"> <h3 class=\"rank-math-question\">Como fa\u00e7o um pedido?<\/h3> <div class=\"rank-math-answer\">  <p>O primeiro passo \u00e9 nos conectar e nos dizer qual m\u00e1quina voc\u00ea precisa e a sa\u00edda desejada. Assim, voc\u00ea obter\u00e1 um atendimento ao cliente atencioso do mais alto n\u00edvel. <\/p>  <\/div> <\/div> <div id=\"faq-question-1732765297651\" class=\"rank-math-list-item\"> <h3 class=\"rank-math-question\">Qual \u00e9 o prazo de entrega ap\u00f3s meu pedido?<\/h3> <div class=\"rank-math-answer\">  <p>Nosso prazo de entrega padr\u00e3o \u00e9 de 20 a 25 dias \u00fateis ap\u00f3s o pagamento do dep\u00f3sito. Para as linhas de reciclagem completas, o prazo de entrega pode ser estendido para 30 dias \u00fateis.<\/p>  <\/div> <\/div> <div id=\"faq-question-1732765549681\" class=\"rank-math-list-item\"> <h3 class=\"rank-math-question\">Suas m\u00e1quinas t\u00eam certifica\u00e7\u00e3o CE?<\/h3> <div class=\"rank-math-answer\">  <p>Nossas m\u00e1quinas passaram pela certifica\u00e7\u00e3o CE. Se precisar de outra certifica\u00e7\u00e3o para uso da m\u00e1quina em seu pa\u00eds, pode nos contar, temos muitas experi\u00eancias relacionadas.<\/p>  <\/div> <\/div> <div id=\"faq-question-1732765583791\" class=\"rank-math-list-item\"> <h3 class=\"rank-math-question\">Quanto tempo dura a garantia de suas m\u00e1quinas de reciclagem?<\/h3> <div class=\"rank-math-answer\">  <p>A garantia das nossas m\u00e1quinas de reciclagem \u00e9 de um ano.<\/p>  <\/div> <\/div> <div id=\"faq-question-1732765630702\" class=\"rank-math-list-item\"> <h3 class=\"rank-math-question\">Suas m\u00e1quinas funcionar\u00e3o em meus pa\u00edses?<\/h3> <div class=\"rank-math-answer\">  <p>Sim, todas as nossas m\u00e1quinas de reciclagem de pl\u00e1stico podem funcionar nos seus pa\u00edses. Nossas m\u00e1quinas s\u00e3o fabricadas de acordo com o padr\u00e3o do pa\u00eds que ser\u00e3o atendidas. Se o seu pa\u00eds tiver uma estrat\u00e9gia ambiental especial, voc\u00ea tamb\u00e9m pode nos informar. <\/p>  <\/div> <\/div> <div id=\"faq-question-1732765647746\" class=\"rank-math-list-item\"> <h3 class=\"rank-math-question\">Quanto custam suas m\u00e1quinas de reciclagem de pl\u00e1stico?<\/h3> <div class=\"rank-math-answer\">  <p>Como as taxas de envio, modelo da m\u00e1quina, moeda e outros fatores diferem de um pa\u00eds para outro, o custo de cada pedido \u00e9 diferente. Para cota\u00e7\u00f5es detalhadas de m\u00e1quina de reciclagem, voc\u00ea pode entrar em contato conosco. <\/p>  <\/div> <\/div> <div id=\"faq-question-1732765673123\" class=\"rank-math-list-item\"> <h3 class=\"rank-math-question\">As m\u00e1quinas s\u00e3o testadas antes da entrega?<\/h3> <div class=\"rank-math-answer\">  <p>Sim, todas as nossas m\u00e1quinas e instala\u00e7\u00f5es de reciclagem completas ser\u00e3o testadas antes da entrega. Tamb\u00e9m enviaremos o v\u00eddeo e as imagens de teste da m\u00e1quina para voc\u00ea. <\/p>  <\/div> <\/div> <div id=\"faq-question-1732765717919\" class=\"rank-math-list-item\"> <h3 class=\"rank-math-question\">Voc\u00ea pode instalar as m\u00e1quinas para n\u00f3s?<\/h3> <div class=\"rank-math-answer\">  <p>Fornecemos um manual de instala\u00e7\u00e3o para cada m\u00e1quina. Para grandes linhas de reciclagem, podemos providenciar a viagem de um engenheiro mec\u00e2nico ao seu pa\u00eds para ajudar na instala\u00e7\u00e3o, comissionamento da m\u00e1quina e treinamento dos trabalhadores.<br \/>Ali\u00e1s, o tempo de instala\u00e7\u00e3o costuma ser entre 7 e 20 dias, dependendo do tamanho do seu projeto.<\/p>  <\/div> <\/div> <div id=\"faq-question-1732765810341\" class=\"rank-math-list-item\"> <h3 class=\"rank-math-question\">Como posso comprar pe\u00e7as de reposi\u00e7\u00e3o?<\/h3> <div class=\"rank-math-answer\">  <p>No momento do envio, prepararemos pe\u00e7as extras para voc\u00ea. Quando precisar de mais tarde, temos muitas pe\u00e7as em estoque, ent\u00e3o n\u00e3o hesite em nos contatar.<\/p>  <\/div> <\/div> <div id=\"faq-question-1732771420060\" class=\"rank-math-list-item\"> <h3 class=\"rank-math-question\">O que ap\u00f3s o servi\u00e7o voc\u00ea oferece?<\/h3> <div class=\"rank-math-answer\">  <p>Ap\u00f3s adquirir nossas m\u00e1quinas, nossos vendedores manter\u00e3o contato com voc\u00ea at\u00e9 que sua m\u00e1quina esteja funcionando perfeitamente. Muitos de nossos clientes nos compartilham v\u00eddeos de suas m\u00e1quinas funcionando e est\u00e3o satisfeitos com nosso servi\u00e7o. Shuliy sempre ser\u00e1 seu parceiro fiel depois que a parceria for firmada.<\/p>  <\/div> <\/div> <\/div> <\/div>","protected":false},"excerpt":{"rendered":"<p>Investing in plastic recycling machines is a costly decision, so we recommend asking more questions about the machines and related services. Below are the FAQs we received the most commonly asked questions. If you have other points to know, contact us anytime. About Shuliy plastic machine manufaturer About ordering process Below are the frequently asked [&hellip;]<\/p>\n","protected":false},"author":1,"featured_media":0,"parent":0,"menu_order":0,"comment_status":"closed","ping_status":"closed","template":"","meta":{"_kad_blocks_custom_css":"","_kad_blocks_head_custom_js":"","_kad_blocks_body_custom_js":"","_kad_blocks_footer_custom_js":"","footnotes":""},"class_list":["post-1597","page","type-page","status-publish","hentry"],"taxonomy_info":[],"featured_image_src_large":false,"author_info":{"display_name":"Ella","author_link":"https:\/\/plastic-machines.org\/pt\/author\/admin\/"},"comment_info":0,"_links":{"self":[{"href":"https:\/\/plastic-machines.org\/pt\/wp-json\/wp\/v2\/pages\/1597","targetHints":{"allow":["GET"]}}],"collection":[{"href":"https:\/\/plastic-machines.org\/pt\/wp-json\/wp\/v2\/pages"}],"about":[{"href":"https:\/\/plastic-machines.org\/pt\/wp-json\/wp\/v2\/types\/page"}],"author":[{"embeddable":true,"href":"https:\/\/plastic-machines.org\/pt\/wp-json\/wp\/v2\/users\/1"}],"replies":[{"embeddable":true,"href":"https:\/\/plastic-machines.org\/pt\/wp-json\/wp\/v2\/comments?post=1597"}],"version-history":[{"count":0,"href":"https:\/\/plastic-machines.org\/pt\/wp-json\/wp\/v2\/pages\/1597\/revisions"}],"wp:attachment":[{"href":"https:\/\/plastic-machines.org\/pt\/wp-json\/wp\/v2\/media?parent=1597"}],"curies":[{"name":"wp","href":"https:\/\/api.w.org\/{rel}","templated":true}]}}