{"id":901,"date":"2023-07-25T16:02:31","date_gmt":"2023-07-25T08:02:31","guid":{"rendered":"https:\/\/plastic-machines.org\/?post_type=product&#038;p=901"},"modified":"2025-11-18T09:48:33","modified_gmt":"2025-11-18T01:48:33","slug":"plastic-shredder-for-recycling-rigid-plastics","status":"publish","type":"product","link":"https:\/\/plastic-machines.org\/fr\/product\/plastic-shredder-for-recycling-rigid-plastics\/","title":{"rendered":"Broyeur de plastique pour le recyclage des plastiques rigides"},"content":{"rendered":"<div class=\"kk-star-ratings kksr-auto kksr-align-left kksr-valign-top\"     data-payload='{&quot;align&quot;:&quot;left&quot;,&quot;id&quot;:&quot;901&quot;,&quot;slug&quot;:&quot;default&quot;,&quot;valign&quot;:&quot;top&quot;,&quot;ignore&quot;:&quot;&quot;,&quot;reference&quot;:&quot;auto&quot;,&quot;class&quot;:&quot;&quot;,&quot;count&quot;:&quot;3&quot;,&quot;legendonly&quot;:&quot;&quot;,&quot;readonly&quot;:&quot;&quot;,&quot;score&quot;:&quot;5&quot;,&quot;starsonly&quot;:&quot;&quot;,&quot;best&quot;:&quot;5&quot;,&quot;gap&quot;:&quot;5&quot;,&quot;greet&quot;:&quot;Rate this product&quot;,&quot;legend&quot;:&quot;5\\\/5 - (3 votes)&quot;,&quot;size&quot;:&quot;24&quot;,&quot;title&quot;:&quot;Plastic shredder for recycling rigid plastics&quot;,&quot;width&quot;:&quot;142.5&quot;,&quot;_legend&quot;:&quot;{score}\\\/{best} - ({count} {votes})&quot;,&quot;font_factor&quot;:&quot;1.25&quot;}'>              <div class=\"kksr-stars\">      <div class=\"kksr-stars-inactive\">             <div class=\"kksr-star\" data-star=\"1\" style=\"padding-right: 5px\">               <div class=\"kksr-icon\" style=\"width: 24px; height: 24px;\"><\/div>         <\/div>             <div class=\"kksr-star\" data-star=\"2\" style=\"padding-right: 5px\">               <div class=\"kksr-icon\" style=\"width: 24px; height: 24px;\"><\/div>         <\/div>             <div class=\"kksr-star\" data-star=\"3\" style=\"padding-right: 5px\">               <div class=\"kksr-icon\" style=\"width: 24px; height: 24px;\"><\/div>         <\/div>             <div class=\"kksr-star\" data-star=\"4\" style=\"padding-right: 5px\">               <div class=\"kksr-icon\" style=\"width: 24px; height: 24px;\"><\/div>         <\/div>             <div class=\"kksr-star\" data-star=\"5\" style=\"padding-right: 5px\">               <div class=\"kksr-icon\" style=\"width: 24px; height: 24px;\"><\/div>         <\/div>     <\/div>      <div class=\"kksr-stars-active\" style=\"width: 142.5px;\">             <div class=\"kksr-star\" style=\"padding-right: 5px\">               <div class=\"kksr-icon\" style=\"width: 24px; height: 24px;\"><\/div>         <\/div>             <div class=\"kksr-star\" style=\"padding-right: 5px\">               <div class=\"kksr-icon\" style=\"width: 24px; height: 24px;\"><\/div>         <\/div>             <div class=\"kksr-star\" style=\"padding-right: 5px\">               <div class=\"kksr-icon\" style=\"width: 24px; height: 24px;\"><\/div>         <\/div>             <div class=\"kksr-star\" style=\"padding-right: 5px\">               <div class=\"kksr-icon\" style=\"width: 24px; height: 24px;\"><\/div>         <\/div>             <div class=\"kksr-star\" style=\"padding-right: 5px\">               <div class=\"kksr-icon\" style=\"width: 24px; height: 24px;\"><\/div>         <\/div>     <\/div> <\/div>                   <div class=\"kksr-legend\" style=\"font-size: 19.2px;\">             5\/5 - (3 votes)    <\/div>     <\/div>  <p>Le broyeur de plastique pour le recyclage est utilis\u00e9 pour broyer les plastiques rigides, tels que les tuyaux en plastique, les f\u00fbts en plastique, les morceaux de plastique, etc.<\/p>    <h2 class=\"wp-block-heading\">Caract\u00e9ristiques de la d\u00e9chiqueteuse de plastique industrielle <\/h2>    <ul class=\"wp-block-list\"> <li><strong>Forte capacit\u00e9 d'\u00e9crasement<\/strong>. Les plastiques durs ont g\u00e9n\u00e9ralement une r\u00e9sistance \u00e9lev\u00e9e \u00e0 la compression et \u00e0 l'usure, et le broyeur de plastique sp\u00e9cialis\u00e9 dans le broyage des plastiques rigides peut faire face \u00e0 ces caract\u00e9ristiques et broyer efficacement les plastiques durs en petites particules.<\/li>    <li><strong>Couteaux durables et pi\u00e8ces us\u00e9es<\/strong>. Afin de faire face \u00e0 la duret\u00e9 \u00e9lev\u00e9e et \u00e0 la r\u00e9sistance \u00e0 l'abrasion des plastiques durs, le broyeur de plastique adopte g\u00e9n\u00e9ralement des couteaux et des pi\u00e8ces d'usure de haute qualit\u00e9 pour garantir un fonctionnement stable pendant une longue p\u00e9riode.<\/li>    <li><strong>Fonctionnement stable<\/strong>. Le processus de concassage des plastiques rigides n\u00e9cessite plus de puissance et un fonctionnement plus stable, c'est pourquoi ces concasseurs sont g\u00e9n\u00e9ralement \u00e9quip\u00e9s de moteurs puissants et de syst\u00e8mes de contr\u00f4le stables pour garantir un fonctionnement de concassage efficace et stable.<\/li>    <li><strong>Conception professionnelle<\/strong>. Afin de s'adapter aux caract\u00e9ristiques des plastiques rigides, ce type de broyeur de plastique industriel est g\u00e9n\u00e9ralement con\u00e7u par des professionnels, y compris la structure de la chambre de concassage, le mode d'alimentation, la disposition des couteaux, etc. Avant de quitter l'usine, chaque broyeur effectuera un test d'\u00e9quilibre dynamique pour garantir que la lame r\u00e9pond aux exigences de qualit\u00e9.<\/li> <\/ul>    <h2 class=\"wp-block-heading\">Param\u00e8tres du broyeur de plastique pour le recyclage<\/h2>    <figure class=\"wp-block-table\"><table><tbody><tr><td>Taper<\/td><td>SL-600<\/td><td>SL-800<\/td><td>SL-1000<\/td><\/tr><tr><td>Pouvoir<\/td><td>30\u00a0kw<\/td><td>45 kW<\/td><td>55 kW<\/td><\/tr><tr><td>Capacit\u00e9<\/td><td>800kg\/heure<\/td><td>1000kg\/heure<\/td><td>1200kg\/heure<\/td><\/tr><tr><td>Mat\u00e9riau des couteaux <\/td><td>60Si2Mn<\/td><td>60Si2Mn<\/td><td>60Si2Mn<\/td><\/tr><tr><td>Quantit\u00e9 de couteau<\/td><td>&nbsp;10 pi\u00e8ces<\/td><td>&nbsp;10 pi\u00e8ces&nbsp;<\/td><td>10 pi\u00e8ces&nbsp;<\/td><\/tr><\/tbody><\/table><figcaption class=\"wp-element-caption\">Param\u00e8tres du broyeur de plastique<\/figcaption><\/figure>    <ul class=\"wp-block-list\"> <li>Les broyeurs de plastique Shuliy sont tous certifi\u00e9s CE.<\/li>    <li>Nous proposons un mod\u00e8le de broyeur plus grand en fonction de vos demandes.<\/li> <\/ul>    <h2 class=\"wp-block-heading\">Images suppl\u00e9mentaires<\/h2>    <figure class=\"wp-block-gallery has-nested-images columns-default is-cropped wp-block-gallery-2 is-layout-flex wp-block-gallery-is-layout-flex\"> <figure class=\"wp-block-image size-large\"><img loading=\"lazy\" decoding=\"async\" width=\"768\" height=\"1024\" data-id=\"909\" src=\"https:\/\/plastic-machines.org\/wp-content\/uploads\/2023\/07\/plastic-shredder-machine-768x1024.webp\" alt=\"machine de broyage de plastique pour mat\u00e9riaux rigides\" class=\"wp-image-909\" srcset=\"https:\/\/plastic-machines.org\/wp-content\/uploads\/2023\/07\/plastic-shredder-machine-768x1024.webp 768w, https:\/\/plastic-machines.org\/wp-content\/uploads\/2023\/07\/plastic-shredder-machine-225x300.webp 225w, https:\/\/plastic-machines.org\/wp-content\/uploads\/2023\/07\/plastic-shredder-machine-1152x1536.webp 1152w, https:\/\/plastic-machines.org\/wp-content\/uploads\/2023\/07\/plastic-shredder-machine.webp 1276w\" sizes=\"auto, (max-width: 768px) 100vw, 768px\" \/><figcaption class=\"wp-element-caption\">machine de broyage de plastique pour mat\u00e9riaux rigides<\/figcaption><\/figure>    <figure class=\"wp-block-image size-large\"><img loading=\"lazy\" decoding=\"async\" width=\"768\" height=\"1024\" data-id=\"908\" src=\"https:\/\/plastic-machines.org\/wp-content\/uploads\/2023\/07\/plastic-shredder-machine-2-768x1024.webp\" alt=\"broyeur de plastique \" class=\"wp-image-908\" srcset=\"https:\/\/plastic-machines.org\/wp-content\/uploads\/2023\/07\/plastic-shredder-machine-2-768x1024.webp 768w, https:\/\/plastic-machines.org\/wp-content\/uploads\/2023\/07\/plastic-shredder-machine-2-225x300.webp 225w, https:\/\/plastic-machines.org\/wp-content\/uploads\/2023\/07\/plastic-shredder-machine-2-1152x1536.webp 1152w, https:\/\/plastic-machines.org\/wp-content\/uploads\/2023\/07\/plastic-shredder-machine-2.webp 1276w\" sizes=\"auto, (max-width: 768px) 100vw, 768px\" \/><figcaption class=\"wp-element-caption\">broyeur de plastique <\/figcaption><\/figure> <\/figure>    <figure class=\"wp-block-gallery has-nested-images columns-default is-cropped wp-block-gallery-3 is-layout-flex wp-block-gallery-is-layout-flex\"> <figure class=\"wp-block-image size-large\"><img loading=\"lazy\" decoding=\"async\" width=\"768\" height=\"1024\" data-id=\"905\" src=\"https:\/\/plastic-machines.org\/wp-content\/uploads\/2023\/07\/plastic-film-shredder-3-768x1024.webp\" alt=\"broyeur de plastique \" class=\"wp-image-905\" srcset=\"https:\/\/plastic-machines.org\/wp-content\/uploads\/2023\/07\/plastic-film-shredder-3-768x1024.webp 768w, https:\/\/plastic-machines.org\/wp-content\/uploads\/2023\/07\/plastic-film-shredder-3-225x300.webp 225w, https:\/\/plastic-machines.org\/wp-content\/uploads\/2023\/07\/plastic-film-shredder-3-1152x1536.webp 1152w, https:\/\/plastic-machines.org\/wp-content\/uploads\/2023\/07\/plastic-film-shredder-3.webp 1276w\" sizes=\"auto, (max-width: 768px) 100vw, 768px\" \/><figcaption class=\"wp-element-caption\">broyeur de plastique <\/figcaption><\/figure>    <figure class=\"wp-block-image size-large\"><img loading=\"lazy\" decoding=\"async\" width=\"768\" height=\"1024\" data-id=\"904\" src=\"https:\/\/plastic-machines.org\/wp-content\/uploads\/2023\/07\/plastic-film-shredder-2-768x1024.webp\" alt=\"broyeur de plastique\" class=\"wp-image-904\" srcset=\"https:\/\/plastic-machines.org\/wp-content\/uploads\/2023\/07\/plastic-film-shredder-2-768x1024.webp 768w, https:\/\/plastic-machines.org\/wp-content\/uploads\/2023\/07\/plastic-film-shredder-2-225x300.webp 225w, https:\/\/plastic-machines.org\/wp-content\/uploads\/2023\/07\/plastic-film-shredder-2-1152x1536.webp 1152w, https:\/\/plastic-machines.org\/wp-content\/uploads\/2023\/07\/plastic-film-shredder-2.webp 1276w\" sizes=\"auto, (max-width: 768px) 100vw, 768px\" \/><figcaption class=\"wp-element-caption\">broyeur de plastique<\/figcaption><\/figure> <figcaption class=\"blocks-gallery-caption wp-element-caption\">broyeur de plastique pour le recyclage des plastiques rigides<\/figcaption><\/figure>    <h2 class=\"wp-block-heading\">Demandes de renseignements sur un broyeur de plastique rigide <\/h2>    <p>Si vous \u00eates int\u00e9ress\u00e9 par la d\u00e9chiqueteuse industrielle de plastique, remplissez le formulaire \u00e0 droite du coin. <\/p>    <p class=\"translation-block\">Our sales manager will send you <a href=\"https:\/\/plastic-machines.org\/fr\/product\/pelletization-machine-for-rigid-plastic-recycling\/\">recycling machines<\/a> quotations asap. <\/p>","protected":false},"excerpt":{"rendered":"<p>The plastic shredder for recycling is used to crush rigid plastics, such as plastic pipes, plastic drums, plastic lumps and so on. Features of industrial plastic shredder machine Parameters of plastic shredder for recycling Type SL-600 SL-800 SL-1000 Power 30&nbsp;kw 45 kw 55 kw Capacity 800kg\/h 1000kg\/h 1200kg\/h Knives material 60Si2Mn 60Si2Mn 60Si2Mn Knive qty [&hellip;]<\/p>\n","protected":false},"author":1,"featured_media":902,"parent":0,"template":"","tags":[51],"product-type":[15],"class_list":["post-901","product","type-product","status-publish","has-post-thumbnail","hentry","tag-rigid","product-type-plastic-crushing-equipment"],"taxonomy_info":{"post_tag":[{"value":51,"label":"rigid"}],"product-type":[{"value":15,"label":"Plastic Crushing Equipment"}]},"featured_image_src_large":["https:\/\/plastic-machines.org\/wp-content\/uploads\/2023\/07\/plastic-crusher-1.webp",720,540,false],"author_info":{"display_name":"Ella","author_link":"https:\/\/plastic-machines.org\/fr\/author\/admin\/"},"comment_info":"","_links":{"self":[{"href":"https:\/\/plastic-machines.org\/fr\/wp-json\/wp\/v2\/product\/901","targetHints":{"allow":["GET"]}}],"collection":[{"href":"https:\/\/plastic-machines.org\/fr\/wp-json\/wp\/v2\/product"}],"about":[{"href":"https:\/\/plastic-machines.org\/fr\/wp-json\/wp\/v2\/types\/product"}],"author":[{"embeddable":true,"href":"https:\/\/plastic-machines.org\/fr\/wp-json\/wp\/v2\/users\/1"}],"wp:featuredmedia":[{"embeddable":true,"href":"https:\/\/plastic-machines.org\/fr\/wp-json\/wp\/v2\/media\/902"}],"wp:attachment":[{"href":"https:\/\/plastic-machines.org\/fr\/wp-json\/wp\/v2\/media?parent=901"}],"wp:term":[{"taxonomy":"post_tag","embeddable":true,"href":"https:\/\/plastic-machines.org\/fr\/wp-json\/wp\/v2\/tags?post=901"},{"taxonomy":"product-type","embeddable":true,"href":"https:\/\/plastic-machines.org\/fr\/wp-json\/wp\/v2\/product-type?post=901"}],"curies":[{"name":"wp","href":"https:\/\/api.w.org\/{rel}","templated":true}]}}