{"id":899,"date":"2023-07-25T14:56:18","date_gmt":"2023-07-25T06:56:18","guid":{"rendered":"https:\/\/plastic-machines.org\/?post_type=product&#038;p=899"},"modified":"2026-03-24T09:45:27","modified_gmt":"2026-03-24T01:45:27","slug":"plastic-film-woven-bag-pelletizer-machine","status":"publish","type":"product","link":"https:\/\/plastic-machines.org\/fr\/product\/plastic-film-woven-bag-pelletizer-machine\/","title":{"rendered":"Machine de pelletiseur de sacs tiss\u00e9s par film plastique PP PE"},"content":{"rendered":"<div class=\"kk-star-ratings kksr-auto kksr-align-left kksr-valign-top\"     data-payload='{&quot;align&quot;:&quot;left&quot;,&quot;id&quot;:&quot;899&quot;,&quot;slug&quot;:&quot;default&quot;,&quot;valign&quot;:&quot;top&quot;,&quot;ignore&quot;:&quot;&quot;,&quot;reference&quot;:&quot;auto&quot;,&quot;class&quot;:&quot;&quot;,&quot;count&quot;:&quot;4&quot;,&quot;legendonly&quot;:&quot;&quot;,&quot;readonly&quot;:&quot;&quot;,&quot;score&quot;:&quot;5&quot;,&quot;starsonly&quot;:&quot;&quot;,&quot;best&quot;:&quot;5&quot;,&quot;gap&quot;:&quot;5&quot;,&quot;greet&quot;:&quot;Rate this product&quot;,&quot;legend&quot;:&quot;5\\\/5 - (4 votes)&quot;,&quot;size&quot;:&quot;24&quot;,&quot;title&quot;:&quot;PP PE Plastic Film Woven Bags Pelletizer Machine&quot;,&quot;width&quot;:&quot;142.5&quot;,&quot;_legend&quot;:&quot;{score}\\\/{best} - ({count} {votes})&quot;,&quot;font_factor&quot;:&quot;1.25&quot;}'>              <div class=\"kksr-stars\">      <div class=\"kksr-stars-inactive\">             <div class=\"kksr-star\" data-star=\"1\" style=\"padding-right: 5px\">               <div class=\"kksr-icon\" style=\"width: 24px; height: 24px;\"><\/div>         <\/div>             <div class=\"kksr-star\" data-star=\"2\" style=\"padding-right: 5px\">               <div class=\"kksr-icon\" style=\"width: 24px; height: 24px;\"><\/div>         <\/div>             <div class=\"kksr-star\" data-star=\"3\" style=\"padding-right: 5px\">               <div class=\"kksr-icon\" style=\"width: 24px; height: 24px;\"><\/div>         <\/div>             <div class=\"kksr-star\" data-star=\"4\" style=\"padding-right: 5px\">               <div class=\"kksr-icon\" style=\"width: 24px; height: 24px;\"><\/div>         <\/div>             <div class=\"kksr-star\" data-star=\"5\" style=\"padding-right: 5px\">               <div class=\"kksr-icon\" style=\"width: 24px; height: 24px;\"><\/div>         <\/div>     <\/div>      <div class=\"kksr-stars-active\" style=\"width: 142.5px;\">             <div class=\"kksr-star\" style=\"padding-right: 5px\">               <div class=\"kksr-icon\" style=\"width: 24px; height: 24px;\"><\/div>         <\/div>             <div class=\"kksr-star\" style=\"padding-right: 5px\">               <div class=\"kksr-icon\" style=\"width: 24px; height: 24px;\"><\/div>         <\/div>             <div class=\"kksr-star\" style=\"padding-right: 5px\">               <div class=\"kksr-icon\" style=\"width: 24px; height: 24px;\"><\/div>         <\/div>             <div class=\"kksr-star\" style=\"padding-right: 5px\">               <div class=\"kksr-icon\" style=\"width: 24px; height: 24px;\"><\/div>         <\/div>             <div class=\"kksr-star\" style=\"padding-right: 5px\">               <div class=\"kksr-icon\" style=\"width: 24px; height: 24px;\"><\/div>         <\/div>     <\/div> <\/div>                   <div class=\"kksr-legend\" style=\"font-size: 19.2px;\">             5\/5 - (4 votes)    <\/div>     <\/div>  <p>La machine de pelletisation de film plastique PP PE combine les fonctions de concassage, de compactage, de fusion et d'extrusion en une seule \u00e9tape. Shuliy Group fabrique des machines de granulation de films plastiques depuis plus de 20 ans et a aid\u00e9 de nombreuses usines de recyclage \u00e0 d\u00e9marrer leur activit\u00e9 et \u00e0 obtenir d'importants b\u00e9n\u00e9fices.<\/p>    <p>En plus de granuler les d\u00e9chets de films plastiques, la machine de granulation peut \u00e9galement granuler des sacs tiss\u00e9s PP PE, des sacs de ciment, des raphias PP, des sacs d'emballage en plastique, etc. Les produits finaux de la machine de granulation du plastique sont des pellets ou des granul\u00e9s recycl\u00e9s, qui peuvent \u00eatre directement utilis\u00e9s dans l'extrusion de tuyaux, la fabrication de plastique, le soufflage de films et l'injection de plastique.<\/p>    <h2 class=\"wp-block-heading\">Principe de fonctionnement de la machine \u00e0 pelletiser<\/h2>    <p class=\"translation-block\"><strong>Syst\u00e8me d'extrusion<\/strong> : le syst\u00e8me d'extrusion de la machine \u00e0 granuler les films plastiques comprend une vis, un cylindre, un tr\u00e9mie, une t\u00eate et un moule, le plastique est class\u00e9 en une fusion uniforme gr\u00e2ce au syst\u00e8me d'extrusion, et sous la pression \u00e9tablie dans le processus, il est continuellement extrud\u00e9 par la vis.<\/p>    <ol class=\"wp-block-list\"> <li>Vis\u00a0: le principe de la machine de granulation de film constitue les pi\u00e8ces les plus importantes, il est directement li\u00e9 au champ d'application de l'extrudeuse et \u00e0 l'efficacit\u00e9 de la production, en acier alli\u00e9 \u00e0 haute r\u00e9sistance r\u00e9sistant \u00e0 la corrosion.<\/li>    <li>Baril\u00a0: un tube m\u00e9tallique sans soudure, g\u00e9n\u00e9ralement en acier alli\u00e9 r\u00e9sistant \u00e0 la chaleur, \u00e0 la pression, \u00e0 haute r\u00e9sistance, r\u00e9sistant \u00e0 l'usure et \u00e0 la corrosion, ou en acier alli\u00e9 doubl\u00e9 d'un tuyau en acier composite.<\/li>    <li>Tr\u00e9mie : le fond de la tr\u00e9mie est \u00e9quip\u00e9 d'un dispositif de coupure, pour r\u00e9gler et couper le flux de mati\u00e8re, le c\u00f4t\u00e9 de la tr\u00e9mie est \u00e9quip\u00e9 d'un trou de vue et d'un dispositif de mesure d'\u00e9talonnage.<\/li>    <li>T\u00eate et moule : la t\u00eate est constitu\u00e9e d'un manchon int\u00e9rieur en acier alli\u00e9 et d'un manchon ext\u00e9rieur en acier au carbone, la t\u00eate est \u00e9quip\u00e9e d'une matrice de moulage.<\/li> <\/ol>    <p class=\"translation-block\"><strong>Syst\u00e8me de transmission<\/strong> : Dans le principe de la machine \u00e0 granuler les sacs en toile, le r\u00f4le du syst\u00e8me de transmission est de faire tourner la vis, fournissant \u00e0 la vis le couple et la vitesse n\u00e9cessaires au processus d'extrusion, g\u00e9n\u00e9ralement par le moteur, r\u00e9ducteur et roulements, et d'autres composants.<\/p>    <p class=\"translation-block\"><strong>Dispositifs de chauffage et de refroidissement<\/strong> : De nos jours, la machine \u00e0 granuler les sacs en toile utilise g\u00e9n\u00e9ralement le chauffage \u00e9lectrique, qui se divise en chauffage par r\u00e9sistance et chauffage par induction, et le dispositif de chauffage est install\u00e9 dans chaque partie du corps, du cou et de la t\u00eate. Le dispositif de chauffage chauffe de l'ext\u00e9rieur le plastique \u00e0 l'int\u00e9rieur du cylindre, afin qu'il se r\u00e9chauffe pour atteindre la temp\u00e9rature requise pour le fonctionnement du processus. Le dispositif de refroidissement est mis en place pour garantir que le plastique se trouve dans la plage de temp\u00e9rature requise par le processus de granulation.<\/p>    <h2 class=\"wp-block-heading\">Vid\u00e9o de travail de la machine \u00e0 granuler<\/h2>    <figure class=\"wp-block-embed is-type-video is-provider-youtube wp-block-embed-youtube wp-embed-aspect-16-9 wp-has-aspect-ratio\"><div class=\"wp-block-embed__wrapper\"> <iframe loading=\"lazy\" title=\"Ligne de lavage et de granulation de films plastiques 300 kg\/h | Machines de recyclage pour d\u00e9chets PP PE plastique LDPE\" width=\"500\" height=\"281\" src=\"https:\/\/www.youtube.com\/embed\/I4dkCkfIOmc?feature=oembed\" frameborder=\"0\" allow=\"accelerometer; autoplay; clipboard-write; encrypted-media; gyroscope; picture-in-picture; web-share\" referrerpolicy=\"strict-origin-when-cross-origin\" allowfullscreen><\/iframe> <\/div><\/figure>    <h2 class=\"wp-block-heading\">Sp\u00e9cifications techniques<\/h2>    <figure class=\"wp-block-table\"><table><tbody><tr><td>Mod\u00e8le<\/td><td>SL-125<\/td><td>SL-150<\/td><td>SL-180<\/td><td>SL-200<\/td><td>SL-220<\/td><\/tr><tr><td>Diam\u00e8tre de la vis<\/td><td>125mm<\/td><td>150mm<\/td><td>180mm<\/td><td>200mm<\/td><td>220mm<\/td><\/tr><tr><td>Vitesse de broche<\/td><td>50-70\/min<\/td><td>40-50\/min<\/td><td>40-50\/min<\/td><td>40-50\/min<\/td><td>40-50\/min<\/td><\/tr><tr><td>Puissance du moteur principal<\/td><td>30 kW<\/td><td>37kw<\/td><td>55kw<\/td><td>75kw<\/td><td>90kw<\/td><\/tr><tr><td>Poids<\/td><td>1,8T<\/td><td>2T<\/td><td>2.2T<\/td><td>2,8T<\/td><td>3.2T<\/td><\/tr><tr><td>D\u00e9mences<\/td><td>2.6*0.7*0.7<\/td><td>3.0*0.7*0.8<\/td><td>3.2*0.7*0.8<\/td><td>3.5*1*1<\/td><td>3.8*1.2*1<\/td><\/tr><tr><td>Capacit\u00e9<\/td><td>180 KG\/H<\/td><td>300 KG\/H<\/td><td>350 KG\/H<\/td><td>380 KG\/H<\/td><td>420 KG\/H<\/td><\/tr><\/tbody><\/table><\/figure>    <ul class=\"wp-block-list\"> <li>La certification CE est disponible.<\/li>    <li>Le groupe Shuliy propose plus de mod\u00e8les de machines \u00e0 granul\u00e9s en plastique avec une puissance et une capacit\u00e9 de production plus \u00e9lev\u00e9es en fonction de votre demande.<\/li> <\/ul>    <h2 class=\"wp-block-heading\">Images suppl\u00e9mentaires du granulateur de sacs tiss\u00e9s<\/h2>    <figure class=\"wp-block-image size-full\"><img loading=\"lazy\" decoding=\"async\" width=\"720\" height=\"540\" src=\"https:\/\/plastic-machines.org\/wp-content\/uploads\/2022\/06\/plastic-pellet-making-machine1.webp\" alt=\"machine de granulation de plastique\" class=\"wp-image-477\" srcset=\"https:\/\/plastic-machines.org\/wp-content\/uploads\/2022\/06\/plastic-pellet-making-machine1.webp 720w, https:\/\/plastic-machines.org\/wp-content\/uploads\/2022\/06\/plastic-pellet-making-machine1-300x225.webp 300w\" sizes=\"auto, (max-width: 720px) 100vw, 720px\" \/><figcaption class=\"wp-element-caption\">granulateur de sac tiss\u00e9 <\/figcaption><\/figure>    <figure class=\"wp-block-image size-full is-resized\"><img loading=\"lazy\" decoding=\"async\" width=\"720\" height=\"540\" src=\"https:\/\/plastic-machines.org\/wp-content\/uploads\/2022\/06\/plastic-pelletizer-machine.webp\" alt=\"pelletiseur en plastique\" class=\"wp-image-523\" srcset=\"https:\/\/plastic-machines.org\/wp-content\/uploads\/2022\/06\/plastic-pelletizer-machine.webp 720w, https:\/\/plastic-machines.org\/wp-content\/uploads\/2022\/06\/plastic-pelletizer-machine-300x225.webp 300w\" sizes=\"auto, (max-width: 720px) 100vw, 720px\" \/><figcaption class=\"wp-element-caption\">machine de granulation de film plastique<\/figcaption><\/figure>    <figure class=\"wp-block-image size-full\"><img loading=\"lazy\" decoding=\"async\" width=\"720\" height=\"540\" src=\"https:\/\/plastic-machines.org\/wp-content\/uploads\/2022\/12\/plastic-pelletizing-machne.webp\" alt=\"machine de granulation en plastique\" class=\"wp-image-623\" srcset=\"https:\/\/plastic-machines.org\/wp-content\/uploads\/2022\/12\/plastic-pelletizing-machne.webp 720w, https:\/\/plastic-machines.org\/wp-content\/uploads\/2022\/12\/plastic-pelletizing-machne-300x225.webp 300w\" sizes=\"auto, (max-width: 720px) 100vw, 720px\" \/><figcaption class=\"wp-element-caption\">machine de granulation en plastique<\/figcaption><\/figure>    <h2 class=\"wp-block-heading\">Demandes pour la machine de granulation de film plastique<\/h2>    <p class=\"translation-block\">Envoyez-nous vos demandes en remplissant le formulaire dans le coin droit, notre chef de projet vous contactera bient\u00f4t et vous proposera un service personnalis\u00e9 ainsi que des solutions de recyclage pour vos mat\u00e9riaux. Si vous souhaitez en savoir plus sur la machine de recyclage du plastique, lisez l'article : <a href=\"https:\/\/plastic-machines.org\/fr\/info\/what-machines-are-used-to-recycle-plastic\/\"> Machines utilis\u00e9es pour recycler le plastique<\/a><\/p>","protected":false},"excerpt":{"rendered":"<p>PP PE plastic film pelletizer machine combines functions of crushing, compacting, melting, and extruding all in one single step. Shuliy Group has manufactured plastic film pelletizing machines for over 20 years and helped many recycling plants start their businesses and obtain great profits. In addition to pelletizing waste plastic films, the pelletizer machine can also [&hellip;]<\/p>\n","protected":false},"author":1,"featured_media":623,"parent":0,"template":"","tags":[49,50,59],"product-type":[9],"class_list":["post-899","product","type-product","status-publish","has-post-thumbnail","hentry","tag-film","tag-pellet","tag-woven-bag","product-type-plastic-pelletizer"],"taxonomy_info":{"post_tag":[{"value":49,"label":"film"},{"value":50,"label":"pellet"},{"value":59,"label":"woven bag"}],"product-type":[{"value":9,"label":"Plastic Pelletizer"}]},"featured_image_src_large":["https:\/\/plastic-machines.org\/wp-content\/uploads\/2022\/12\/plastic-pelletizing-machne.webp",720,540,false],"author_info":{"display_name":"Ella","author_link":"https:\/\/plastic-machines.org\/fr\/author\/admin\/"},"comment_info":"","_links":{"self":[{"href":"https:\/\/plastic-machines.org\/fr\/wp-json\/wp\/v2\/product\/899","targetHints":{"allow":["GET"]}}],"collection":[{"href":"https:\/\/plastic-machines.org\/fr\/wp-json\/wp\/v2\/product"}],"about":[{"href":"https:\/\/plastic-machines.org\/fr\/wp-json\/wp\/v2\/types\/product"}],"author":[{"embeddable":true,"href":"https:\/\/plastic-machines.org\/fr\/wp-json\/wp\/v2\/users\/1"}],"wp:featuredmedia":[{"embeddable":true,"href":"https:\/\/plastic-machines.org\/fr\/wp-json\/wp\/v2\/media\/623"}],"wp:attachment":[{"href":"https:\/\/plastic-machines.org\/fr\/wp-json\/wp\/v2\/media?parent=899"}],"wp:term":[{"taxonomy":"post_tag","embeddable":true,"href":"https:\/\/plastic-machines.org\/fr\/wp-json\/wp\/v2\/tags?post=899"},{"taxonomy":"product-type","embeddable":true,"href":"https:\/\/plastic-machines.org\/fr\/wp-json\/wp\/v2\/product-type?post=899"}],"curies":[{"name":"wp","href":"https:\/\/api.w.org\/{rel}","templated":true}]}}