{"id":895,"date":"2023-07-24T17:16:54","date_gmt":"2023-07-24T09:16:54","guid":{"rendered":"https:\/\/plastic-machines.org\/?post_type=product&#038;p=895"},"modified":"2025-11-10T16:38:39","modified_gmt":"2025-11-10T08:38:39","slug":"plastic-film-washing-line","status":"publish","type":"product","link":"https:\/\/plastic-machines.org\/fr\/product\/plastic-film-washing-line\/","title":{"rendered":"Ligne de lavage de film plastique"},"content":{"rendered":"<div class=\"kk-star-ratings kksr-auto kksr-align-left kksr-valign-top\"     data-payload='{&quot;align&quot;:&quot;left&quot;,&quot;id&quot;:&quot;895&quot;,&quot;slug&quot;:&quot;default&quot;,&quot;valign&quot;:&quot;top&quot;,&quot;ignore&quot;:&quot;&quot;,&quot;reference&quot;:&quot;auto&quot;,&quot;class&quot;:&quot;&quot;,&quot;count&quot;:&quot;5&quot;,&quot;legendonly&quot;:&quot;&quot;,&quot;readonly&quot;:&quot;&quot;,&quot;score&quot;:&quot;5&quot;,&quot;starsonly&quot;:&quot;&quot;,&quot;best&quot;:&quot;5&quot;,&quot;gap&quot;:&quot;5&quot;,&quot;greet&quot;:&quot;Rate this product&quot;,&quot;legend&quot;:&quot;5\\\/5 - (5 votes)&quot;,&quot;size&quot;:&quot;24&quot;,&quot;title&quot;:&quot;Plastic Film Washing Line&quot;,&quot;width&quot;:&quot;142.5&quot;,&quot;_legend&quot;:&quot;{score}\\\/{best} - ({count} {votes})&quot;,&quot;font_factor&quot;:&quot;1.25&quot;}'>              <div class=\"kksr-stars\">      <div class=\"kksr-stars-inactive\">             <div class=\"kksr-star\" data-star=\"1\" style=\"padding-right: 5px\">               <div class=\"kksr-icon\" style=\"width: 24px; height: 24px;\"><\/div>         <\/div>             <div class=\"kksr-star\" data-star=\"2\" style=\"padding-right: 5px\">               <div class=\"kksr-icon\" style=\"width: 24px; height: 24px;\"><\/div>         <\/div>             <div class=\"kksr-star\" data-star=\"3\" style=\"padding-right: 5px\">               <div class=\"kksr-icon\" style=\"width: 24px; height: 24px;\"><\/div>         <\/div>             <div class=\"kksr-star\" data-star=\"4\" style=\"padding-right: 5px\">               <div class=\"kksr-icon\" style=\"width: 24px; height: 24px;\"><\/div>         <\/div>             <div class=\"kksr-star\" data-star=\"5\" style=\"padding-right: 5px\">               <div class=\"kksr-icon\" style=\"width: 24px; height: 24px;\"><\/div>         <\/div>     <\/div>      <div class=\"kksr-stars-active\" style=\"width: 142.5px;\">             <div class=\"kksr-star\" style=\"padding-right: 5px\">               <div class=\"kksr-icon\" style=\"width: 24px; height: 24px;\"><\/div>         <\/div>             <div class=\"kksr-star\" style=\"padding-right: 5px\">               <div class=\"kksr-icon\" style=\"width: 24px; height: 24px;\"><\/div>         <\/div>             <div class=\"kksr-star\" style=\"padding-right: 5px\">               <div class=\"kksr-icon\" style=\"width: 24px; height: 24px;\"><\/div>         <\/div>             <div class=\"kksr-star\" style=\"padding-right: 5px\">               <div class=\"kksr-icon\" style=\"width: 24px; height: 24px;\"><\/div>         <\/div>             <div class=\"kksr-star\" style=\"padding-right: 5px\">               <div class=\"kksr-icon\" style=\"width: 24px; height: 24px;\"><\/div>         <\/div>     <\/div> <\/div>                   <div class=\"kksr-legend\" style=\"font-size: 19.2px;\">             5\/5 - (5 votes)    <\/div>     <\/div>  <p>La ligne de lavage de films plastiques \u00e0 haute efficacit\u00e9 de Shuliy est con\u00e7ue pour les d\u00e9chets post-consommation. Il peut traiter les d\u00e9chets de poly\u00e9thyl\u00e8ne PE (HDPE, LDPE, LLDPE) et de polypropyl\u00e8ne PP, tels que les tuyaux d'irrigation usag\u00e9s, les sacs poubelles, les sacs tiss\u00e9s, les films \u00e0 bulles et les films lamin\u00e9s (multicouches). Ce syst\u00e8me de recyclage de film est \u00e9quip\u00e9 d'un syst\u00e8me de concassage, de nettoyage. et des dispositifs de s\u00e9chage tout en produisant des flocons de film de haute propret\u00e9 \u00e0 un rythme productif.<\/p>    <figure class=\"wp-block-embed is-type-video is-provider-youtube wp-block-embed-youtube wp-embed-aspect-16-9 wp-has-aspect-ratio\"><div class=\"wp-block-embed__wrapper\"> <iframe loading=\"lazy\" title=\"Ligne de lavage de film plastique LDPE LDPE PP HDPE\" width=\"500\" height=\"281\" src=\"https:\/\/www.youtube.com\/embed\/ENh4yPyonP8?feature=oembed\" frameborder=\"0\" allow=\"accelerometer; autoplay; clipboard-write; encrypted-media; gyroscope; picture-in-picture; web-share\" referrerpolicy=\"strict-origin-when-cross-origin\" allowfullscreen><\/iframe> <\/div><\/figure>    <h2 class=\"wp-block-heading\">Processus de travail de la ligne de lavage de films plastiques<\/h2>   <div class=\"wp-block-image\"> <figure class=\"aligncenter size-full\"><img loading=\"lazy\" decoding=\"async\" width=\"720\" height=\"540\" src=\"https:\/\/plastic-machines.org\/wp-content\/uploads\/2023\/07\/plastic-film-washing-machines.webp\" alt=\"machines de lavage de film plastique\" class=\"wp-image-1366\" srcset=\"https:\/\/plastic-machines.org\/wp-content\/uploads\/2023\/07\/plastic-film-washing-machines.webp 720w, https:\/\/plastic-machines.org\/wp-content\/uploads\/2023\/07\/plastic-film-washing-machines-300x225.webp 300w, https:\/\/plastic-machines.org\/wp-content\/uploads\/2023\/07\/plastic-film-washing-machines-16x12.webp 16w\" sizes=\"auto, (max-width: 720px) 100vw, 720px\" \/><figcaption class=\"wp-element-caption\">machines de lavage de film plastique<\/figcaption><\/figure> <\/div>   <p class=\"translation-block\"><strong>Machine de broyage du plastique<\/strong> : La premi\u00e8re \u00e9tape de la ligne de pelletisation de lavage du plastique consiste \u00e0 utiliser une machine de broyage du plastique pour couper les feuilles plastiques en petits morceaux. Les pi\u00e8ces en plastique r\u00e9sultantes de la <strong><a href=\"https:\/\/plastic-machines.org\/fr\/product\/plastic-shredder-machine\/\">machine de broyage du plastique<\/a><\/strong>mesurent environ 30 mm \u00e0 100 mm.<\/p>    <p class=\"translation-block\"><strong>Cuve de rin\u00e7age du plastique<\/strong> : La cuve de rin\u00e7age du plastique joue un r\u00f4le cl\u00e9. <strong><a href=\"https:\/\/plastic-machines.org\/fr\/product\/plastic-film-washing-machine\/\">Les machines de rin\u00e7age du film plastique<\/a><\/strong> peuvent enlever la salet\u00e9, la graisse, la poussi\u00e8re, les r\u00e9sidus et autres impuret\u00e9s de la surface du plastique gr\u00e2ce \u00e0 une s\u00e9rie de rin\u00e7ages \u00e0 l'eau, afin que les d\u00e9bris plastiques puissent \u00eatre trait\u00e9s plus proprement et plus pur. Un mat\u00e9riau plastique propre donne un produit recycl\u00e9 de meilleure qualit\u00e9 et moins d'usure et de dommages pour les extrudeuses et autres machines de recyclage.<\/p>    <p class=\"translation-block\"><strong>Machine de d\u00e9cong\u00e9lation centrifuge<\/strong> : Le<strong><a href=\"https:\/\/plastic-machines.org\/fr\/product\/plastic-film-dryer-machine\/\"> machine de d\u00e9cong\u00e9lation centrifuge<\/a><\/strong> est un \u00e9quipement couramment utilis\u00e9 pour la s\u00e9paration solide-liquide, et son objectif principal est de d\u00e9shydrater les plastiques suspendus dans les liquides jusqu\u2019au niveau d\u2019humidit\u00e9 ou de s\u00e9cheresse souhait\u00e9. Cette machine de d\u00e9shydratation centrifuge s\u00e9pare les liquides et les solides par force centrifuge, ce qui donne un processus de d\u00e9shydratation efficace.<\/p>    <p class=\"translation-block\"><strong>Silo produit<\/strong> : Le silo est utilis\u00e9 pour le stockage des morceaux de film plastique propres et secs.<\/p>    <p class=\"translation-block\"><strong>Granulateur plastique<\/strong> (machine optionnelle) : <strong><a href=\"https:\/\/plastic-machines.org\/fr\/product\/plastic-extruder-machine\/\">Machine granulateur plastique<\/a><\/strong> est l\u2019une des machines de recyclage importantes dans la ligne de lavage du film plastique, son objectif principal est de chauffer et de faire fondre les plastiques recycl\u00e9s et ensuite d\u2019extruder le tellage du plastique fondu \u00e0 travers la fili\u00e8re. Les granul\u00e9s plastiques recycl\u00e9s peuvent \u00eatre utilis\u00e9s comme mati\u00e8re premi\u00e8re alternative pour la fabrication d\u2019un large \u00e9ventail de produits plastiques, r\u00e9duisant ainsi le besoin de plastique vierge et les co\u00fbts de production.<\/p>    <p class=\"translation-block\"><strong>Machine d\u2019emballage des pellets<\/strong> (machine optionnelle) : La machine d\u2019emballage sert \u00e0 conditionner les granul\u00e9s plastiques en sacs.<\/p>    <h2 class=\"wp-block-heading\">Photos suppl\u00e9mentaires <\/h2>    <figure class=\"wp-block-image size-full\"><img loading=\"lazy\" decoding=\"async\" width=\"720\" height=\"540\" src=\"https:\/\/plastic-machines.org\/wp-content\/uploads\/2023\/07\/plastic-film-washing-recycling-line.webp\" alt=\"Ligne de lavage de film plastique\" class=\"wp-image-807\" srcset=\"https:\/\/plastic-machines.org\/wp-content\/uploads\/2023\/07\/plastic-film-washing-recycling-line.webp 720w, https:\/\/plastic-machines.org\/wp-content\/uploads\/2023\/07\/plastic-film-washing-recycling-line-300x225.webp 300w\" sizes=\"auto, (max-width: 720px) 100vw, 720px\" \/><figcaption class=\"wp-element-caption\">machines de recyclage de films plastiques<\/figcaption><\/figure>    <figure class=\"wp-block-image size-full\"><img loading=\"lazy\" decoding=\"async\" width=\"720\" height=\"540\" src=\"https:\/\/plastic-machines.org\/wp-content\/uploads\/2022\/06\/plastic-granulating-line1.webp\" alt=\"machines de granulation de plastique\" class=\"wp-image-476\" srcset=\"https:\/\/plastic-machines.org\/wp-content\/uploads\/2022\/06\/plastic-granulating-line1.webp 720w, https:\/\/plastic-machines.org\/wp-content\/uploads\/2022\/06\/plastic-granulating-line1-300x225.webp 300w\" sizes=\"auto, (max-width: 720px) 100vw, 720px\" \/><figcaption class=\"wp-element-caption\">ligne de lavage et de granulation de films plastiques<\/figcaption><\/figure>    <h2 class=\"wp-block-heading\">Cas r\u00e9ussis de ligne de lavage de films plastiques<\/h2>    <figure class=\"wp-block-embed is-type-video is-provider-youtube wp-block-embed-youtube wp-embed-aspect-16-9 wp-has-aspect-ratio\"><div class=\"wp-block-embed__wrapper\"> <iframe loading=\"lazy\" title=\"Usine de pelletisation, de lavage et de concassage de plastique PP PE en Tanzanie, fonctionnant avec succ\u00e8s\" width=\"500\" height=\"281\" src=\"https:\/\/www.youtube.com\/embed\/PK77av8TFEg?start=12&#038;feature=oembed\" frameborder=\"0\" allow=\"accelerometer; autoplay; clipboard-write; encrypted-media; gyroscope; picture-in-picture; web-share\" referrerpolicy=\"strict-origin-when-cross-origin\" allowfullscreen><\/iframe> <\/div><\/figure>    <figure class=\"wp-block-embed is-type-video is-provider-youtube wp-block-embed-youtube wp-embed-aspect-16-9 wp-has-aspect-ratio\"><div class=\"wp-block-embed__wrapper\"> <iframe loading=\"lazy\" title=\"Usine de recyclage de plastique install\u00e9e en Arabie Saoudite | Commentaires sur la machine \u00e0 granuler le plastique\" width=\"500\" height=\"281\" src=\"https:\/\/www.youtube.com\/embed\/rDw_8i8uBAo?start=15&#038;feature=oembed\" frameborder=\"0\" allow=\"accelerometer; autoplay; clipboard-write; encrypted-media; gyroscope; picture-in-picture; web-share\" referrerpolicy=\"strict-origin-when-cross-origin\" allowfullscreen><\/iframe> <\/div><\/figure>    <h2 class=\"wp-block-heading\">Caract\u00e9ristiques de la ligne de lavage de film plastique<\/h2>    <ul class=\"wp-block-list\"> <li>Multifonctionnalit\u00e9 : la ligne de lavage et de granulation de films plastiques peut s'adapter \u00e0 de nombreux types de d\u00e9chets plastiques, notamment les sacs plastiques tiss\u00e9s, les d\u00e9chets de films plastiques, les sacs d'emballage plastique, etc. Elle peut r\u00e9pondre aux besoins de toutes les usines de recyclage de plastique en mati\u00e8re de recyclage de films plastiques.<\/li>    <li>Haut degr\u00e9 d'automatisation\u00a0: la ligne de lavage de films plastiques est g\u00e9n\u00e9ralement \u00e9quip\u00e9e d'un syst\u00e8me de contr\u00f4le d'automatisation avanc\u00e9, un silo et une bande transporteuse sont install\u00e9s avec un dispositif de contr\u00f4le et de d\u00e9chargement automatique, ce qui r\u00e9duit les op\u00e9rations manuelles et am\u00e9liore l'efficacit\u00e9 du recyclage.<\/li>    <li>Nettoyage efficace : la ligne de granulation de lavage du plastique adopte un processus de nettoyage en plusieurs \u00e9tapes, qui peut \u00e9liminer efficacement la salet\u00e9, l'huile et autres impuret\u00e9s \u00e0 la surface des d\u00e9chets plastiques et garantir la propret\u00e9 et la qualit\u00e9 des d\u00e9chets plastiques.<\/li>    <li>Recyclage de l'eau : Pour r\u00e9duire la consommation des ressources en eau, la ligne de lavage de films plastiques adopte un syst\u00e8me de recyclage de l'eau pour recycler l'eau dans le processus de nettoyage, ce qui r\u00e9duit la consommation d'eau.<\/li>    <li>Ajustement flexible : Les lignes de lavage et de granulation de films plastiques peuvent g\u00e9n\u00e9ralement \u00eatre ajust\u00e9es et personnalis\u00e9es de mani\u00e8re flexible en fonction des diff\u00e9rents besoins des clients, les machines de recyclage peuvent \u00eatre ajust\u00e9es pour diff\u00e9rents types et sp\u00e9cifications de d\u00e9chets plastiques.<\/li> <\/ul>    <h2 class=\"wp-block-heading\">Demandes de recyclage de films plastiques<\/h2>    <p>Si vous \u00eates int\u00e9ress\u00e9 par les machines de recyclage de films plastiques, remplissez le formulaire en bas \u00e0 droite.<\/p>    <p>Notre chef de projet vous contactera dans les plus brefs d\u00e9lais et vous enverra un devis de machine de recyclage.<\/p>","protected":false},"excerpt":{"rendered":"<p>Shuliy&#8217;s high-efficiency plastic film washing line is designed for post-consumer waste. It can process PE polyethylene (HDPE, LDPE, LLDPE) and PP polypropylene waste material, such as used irrigation pipes, garbage bags, woven sacks, bubble wraps and laminated (muti-layered films. This film recycling system is equipped with crushing, cleaning and drying devices while producing high-cleanness film [&hellip;]<\/p>\n","protected":false},"author":1,"featured_media":1404,"parent":0,"template":"","tags":[49],"product-type":[13],"class_list":["post-895","product","type-product","status-publish","has-post-thumbnail","hentry","tag-film","product-type-plastic-recycling-lines"],"taxonomy_info":{"post_tag":[{"value":49,"label":"film"}],"product-type":[{"value":13,"label":"Plastic Recycling Lines"}]},"featured_image_src_large":["https:\/\/plastic-machines.org\/wp-content\/uploads\/2023\/07\/plastic-film-washing-line-1.webp",720,540,false],"author_info":{"display_name":"Ella","author_link":"https:\/\/plastic-machines.org\/fr\/author\/admin\/"},"comment_info":"","_links":{"self":[{"href":"https:\/\/plastic-machines.org\/fr\/wp-json\/wp\/v2\/product\/895","targetHints":{"allow":["GET"]}}],"collection":[{"href":"https:\/\/plastic-machines.org\/fr\/wp-json\/wp\/v2\/product"}],"about":[{"href":"https:\/\/plastic-machines.org\/fr\/wp-json\/wp\/v2\/types\/product"}],"author":[{"embeddable":true,"href":"https:\/\/plastic-machines.org\/fr\/wp-json\/wp\/v2\/users\/1"}],"wp:featuredmedia":[{"embeddable":true,"href":"https:\/\/plastic-machines.org\/fr\/wp-json\/wp\/v2\/media\/1404"}],"wp:attachment":[{"href":"https:\/\/plastic-machines.org\/fr\/wp-json\/wp\/v2\/media?parent=895"}],"wp:term":[{"taxonomy":"post_tag","embeddable":true,"href":"https:\/\/plastic-machines.org\/fr\/wp-json\/wp\/v2\/tags?post=895"},{"taxonomy":"product-type","embeddable":true,"href":"https:\/\/plastic-machines.org\/fr\/wp-json\/wp\/v2\/product-type?post=895"}],"curies":[{"name":"wp","href":"https:\/\/api.w.org\/{rel}","templated":true}]}}