{"id":822,"date":"2023-07-24T15:09:57","date_gmt":"2023-07-24T07:09:57","guid":{"rendered":"https:\/\/plastic-machines.org\/?post_type=product&#038;p=822"},"modified":"2026-03-24T09:48:39","modified_gmt":"2026-03-24T01:48:39","slug":"pelletization-machine-for-rigid-plastic-recycling","status":"publish","type":"product","link":"https:\/\/plastic-machines.org\/fr\/product\/pelletization-machine-for-rigid-plastic-recycling\/","title":{"rendered":"Machine de pelletisation pour le recyclage du plastique rigide"},"content":{"rendered":"<div class=\"kk-star-ratings kksr-auto kksr-align-left kksr-valign-top\"     data-payload='{&quot;align&quot;:&quot;left&quot;,&quot;id&quot;:&quot;822&quot;,&quot;slug&quot;:&quot;default&quot;,&quot;valign&quot;:&quot;top&quot;,&quot;ignore&quot;:&quot;&quot;,&quot;reference&quot;:&quot;auto&quot;,&quot;class&quot;:&quot;&quot;,&quot;count&quot;:&quot;5&quot;,&quot;legendonly&quot;:&quot;&quot;,&quot;readonly&quot;:&quot;&quot;,&quot;score&quot;:&quot;5&quot;,&quot;starsonly&quot;:&quot;&quot;,&quot;best&quot;:&quot;5&quot;,&quot;gap&quot;:&quot;5&quot;,&quot;greet&quot;:&quot;Rate this product&quot;,&quot;legend&quot;:&quot;5\\\/5 - (5 votes)&quot;,&quot;size&quot;:&quot;24&quot;,&quot;title&quot;:&quot;Pelletization Machine for Rigid Plastic Recycling&quot;,&quot;width&quot;:&quot;142.5&quot;,&quot;_legend&quot;:&quot;{score}\\\/{best} - ({count} {votes})&quot;,&quot;font_factor&quot;:&quot;1.25&quot;}'>              <div class=\"kksr-stars\">      <div class=\"kksr-stars-inactive\">             <div class=\"kksr-star\" data-star=\"1\" style=\"padding-right: 5px\">               <div class=\"kksr-icon\" style=\"width: 24px; height: 24px;\"><\/div>         <\/div>             <div class=\"kksr-star\" data-star=\"2\" style=\"padding-right: 5px\">               <div class=\"kksr-icon\" style=\"width: 24px; height: 24px;\"><\/div>         <\/div>             <div class=\"kksr-star\" data-star=\"3\" style=\"padding-right: 5px\">               <div class=\"kksr-icon\" style=\"width: 24px; height: 24px;\"><\/div>         <\/div>             <div class=\"kksr-star\" data-star=\"4\" style=\"padding-right: 5px\">               <div class=\"kksr-icon\" style=\"width: 24px; height: 24px;\"><\/div>         <\/div>             <div class=\"kksr-star\" data-star=\"5\" style=\"padding-right: 5px\">               <div class=\"kksr-icon\" style=\"width: 24px; height: 24px;\"><\/div>         <\/div>     <\/div>      <div class=\"kksr-stars-active\" style=\"width: 142.5px;\">             <div class=\"kksr-star\" style=\"padding-right: 5px\">               <div class=\"kksr-icon\" style=\"width: 24px; height: 24px;\"><\/div>         <\/div>             <div class=\"kksr-star\" style=\"padding-right: 5px\">               <div class=\"kksr-icon\" style=\"width: 24px; height: 24px;\"><\/div>         <\/div>             <div class=\"kksr-star\" style=\"padding-right: 5px\">               <div class=\"kksr-icon\" style=\"width: 24px; height: 24px;\"><\/div>         <\/div>             <div class=\"kksr-star\" style=\"padding-right: 5px\">               <div class=\"kksr-icon\" style=\"width: 24px; height: 24px;\"><\/div>         <\/div>             <div class=\"kksr-star\" style=\"padding-right: 5px\">               <div class=\"kksr-icon\" style=\"width: 24px; height: 24px;\"><\/div>         <\/div>     <\/div> <\/div>                   <div class=\"kksr-legend\" style=\"font-size: 19.2px;\">             5\/5 - (5 votes)    <\/div>     <\/div>  <p>La machine de granulation Shuliy pour le recyclage du plastique rigide offre une solution simple et rapide pour les usines de recyclage et les producteurs de plastique. Le plastique rigide sale comme les bouteilles de lait en PEHD, les bouteilles de shampoing, les tuyaux, les barils, les tambours, les jouets, les coupures de production d\u00e9fectueuses, les compteurs \u00e9lectriques r\u00e9sidentiels us\u00e9s, etc., seront transform\u00e9s en granul\u00e9s de plastique petits et ronds par certaines machines de recyclage du plastique. Les produits finaux sont des granul\u00e9s enti\u00e8rement propres qui peuvent \u00eatre r\u00e9utilis\u00e9s pour la fabrication. Nos machines de recyclage de plastique rigide ont des capacit\u00e9s de 100 kg\/h \u00e0 500 kg\/h.<\/p>    <h2 class=\"wp-block-heading\">Principe de recyclage du plastique rigide<\/h2>    <p>Une machine de granulation du plastique pour le recyclage du plastique convient \u00e0 la production de PP, PE, PS, ABS, PA, PVC, PC, POM et d'autres types de recyclage du plastique. Une fois que le plastique entre dans la vis depuis la tr\u00e9mie, le plastique est transport\u00e9 vers l'avant sous l'action de la vis rotative et le plastique solide en vrac commence \u00e0 \u00eatre compact\u00e9.<\/p>    <p>En m\u00eame temps, sous l'action de l'anneau chauffant \u00e0 l'ext\u00e9rieur du f\u00fbt et du frottement constant entre la vis et le mat\u00e9riau \u00e0 l'int\u00e9rieur du f\u00fbt, la temp\u00e9rature du plastique augmente continuellement, et enfin, lorsque la temp\u00e9rature du plastique atteint le point de fusion , \u00e7a commence \u00e0 fondre.<\/p>    <p>\u00c0 la fin de la section de compression, tous les mat\u00e9riaux sont transform\u00e9s en un \u00e9tat d'\u00e9coulement visqueux, mais \u00e0 ce moment la temp\u00e9rature de chaque point n'est pas encore uniforme, apr\u00e8s la section d'homog\u00e9n\u00e9isation de l'homog\u00e9n\u00e9isation du r\u00f4le d'un plus uniforme, puis la vis sera le mat\u00e9riau fondu quantitativement, \u00e0 pression fixe et \u00e0 temp\u00e9rature fixe dans la t\u00eate.<\/p>    <p>La t\u00eate du moule est une pi\u00e8ce de moulage, le mat\u00e9riau passe \u00e0 travers elle et obtient une taille fixe de bande de plastique, puis apr\u00e8s le processus de refroidissement et de d\u00e9coupe, vous pouvez obtenir les particules recycl\u00e9es de plastique moul\u00e9es.<\/p>    <figure class=\"wp-block-gallery has-nested-images columns-default is-cropped wp-block-gallery-2 is-layout-flex wp-block-gallery-is-layout-flex\"> <figure class=\"wp-block-image size-large\"><img loading=\"lazy\" decoding=\"async\" width=\"720\" height=\"540\" data-id=\"894\" src=\"https:\/\/plastic-machines.org\/wp-content\/uploads\/2023\/07\/heating-device-2.webp\" alt=\"anneaux chauffants pour machine de pelletisation\" class=\"wp-image-894\" srcset=\"https:\/\/plastic-machines.org\/wp-content\/uploads\/2023\/07\/heating-device-2.webp 720w, https:\/\/plastic-machines.org\/wp-content\/uploads\/2023\/07\/heating-device-2-300x225.webp 300w\" sizes=\"auto, (max-width: 720px) 100vw, 720px\" \/><figcaption class=\"wp-element-caption\">anneaux chauffants<\/figcaption><\/figure>    <figure class=\"wp-block-image size-large\"><img loading=\"lazy\" decoding=\"async\" width=\"720\" height=\"540\" data-id=\"893\" src=\"https:\/\/plastic-machines.org\/wp-content\/uploads\/2023\/07\/die-head-of-plastic-pelletizer-machine.webp\" alt=\"t\u00eate de fili\u00e8re de machine de pelletisation\" class=\"wp-image-893\" srcset=\"https:\/\/plastic-machines.org\/wp-content\/uploads\/2023\/07\/die-head-of-plastic-pelletizer-machine.webp 720w, https:\/\/plastic-machines.org\/wp-content\/uploads\/2023\/07\/die-head-of-plastic-pelletizer-machine-300x225.webp 300w\" sizes=\"auto, (max-width: 720px) 100vw, 720px\" \/><figcaption class=\"wp-element-caption\">mourir la t\u00eate<\/figcaption><\/figure> <\/figure>    <h2 class=\"wp-block-heading\">Caract\u00e9ristiques de la machine de granulation par extrudeuse de plastique rigide<\/h2>    <ul class=\"wp-block-list\"> <li>Notre machine de pelletisation par extrudeuse de plastique rigide est raisonnablement con\u00e7ue, avec un haut degr\u00e9 d'automatisation, une bonne qualit\u00e9 de produit, une granulom\u00e9trie uniforme et une couleur pure, r\u00e9pondant aux exigences du march\u00e9 international.<\/li>    <li>L'ext\u00e9rieur de la machine de granulation du plastique adopte un bouclier de s\u00e9curit\u00e9 enti\u00e8rement ferm\u00e9, l'un consiste \u00e0 \u00e9viter l'op\u00e9rateur en raison des temp\u00e9ratures \u00e9lev\u00e9es et des br\u00fblures, en plus d'\u00e9viter le probl\u00e8me des fuites \u00e9lectriques, mais aussi de jouer un r\u00f4le dans la conservation de la chaleur.<\/li>    <li>La machine de granulation utilise le moteur de la meilleure qualit\u00e9, le fonctionnement \u00e0 grande vitesse du moteur de la machine de granulation \u00e9tant le plus sujet aux probl\u00e8mes, nous utilisons les moteurs de la meilleure qualit\u00e9 de Chine, pour garantir que le granulateur peut fonctionner longtemps et en douceur.<\/li>    <li>Comme le risque du fondateur de l'usine de granulation de plastique recycl\u00e9 est faible, la taille de l'investissement peut \u00eatre grande, la porte d'entr\u00e9e est \u00e9galement faible. Les investisseurs peuvent partir d'un<strong><a href=\"https:\/\/plastic-machines.org\/fr\/product\/plastic-recycling-granulating-line\/\"> ligne de recyclage de granulation de plastique<\/a><\/strong>, mais aussi en m\u00eame temps pour d\u00e9marrer un certain nombre d'ensembles de machines de recyclage.<\/li> <\/ul>    <h2 class=\"wp-block-heading\">Garantie et services de machine de pelletisation de rigides  <\/h2>    <p>Chaque machine de recyclage est accompagn\u00e9e d'une garantie limit\u00e9e. Shuliy Group fournit 12 mois pour notre machine de granulation de plastique pour le recyclage du plastique. Nous assurons \u00e9galement l'installation sur site, notre chef de projet se rendra dans votre pays et vous aidera \u00e0 installer la machine.<\/p>    <figure class=\"wp-block-image size-full\"><img loading=\"lazy\" decoding=\"async\" width=\"720\" height=\"540\" src=\"https:\/\/plastic-machines.org\/wp-content\/uploads\/2023\/01\/plastic-pelletizing-plant-21.webp\" alt=\"machines de recyclage de plastique install\u00e9es en Arabie Saoudite\" class=\"wp-image-697\" srcset=\"https:\/\/plastic-machines.org\/wp-content\/uploads\/2023\/01\/plastic-pelletizing-plant-21.webp 720w, https:\/\/plastic-machines.org\/wp-content\/uploads\/2023\/01\/plastic-pelletizing-plant-21-300x225.webp 300w\" sizes=\"auto, (max-width: 720px) 100vw, 720px\" \/><figcaption class=\"wp-element-caption\">machines de recyclage de plastique install\u00e9es en Arabie Saoudite<\/figcaption><\/figure>    <h2 class=\"wp-block-heading\">Images suppl\u00e9mentaires de la pelletiseuse<\/h2>    <figure class=\"wp-block-image size-full\"><img loading=\"lazy\" decoding=\"async\" width=\"720\" height=\"540\" src=\"https:\/\/plastic-machines.org\/wp-content\/uploads\/2023\/07\/Plastic-pelletizing-machine-2.webp\" alt=\"machine de granulation de plastique en deux \u00e9tapes \" class=\"wp-image-890\" srcset=\"https:\/\/plastic-machines.org\/wp-content\/uploads\/2023\/07\/Plastic-pelletizing-machine-2.webp 720w, https:\/\/plastic-machines.org\/wp-content\/uploads\/2023\/07\/Plastic-pelletizing-machine-2-300x225.webp 300w\" sizes=\"auto, (max-width: 720px) 100vw, 720px\" \/><\/figure>    <figure class=\"wp-block-image size-full\"><img loading=\"lazy\" decoding=\"async\" width=\"720\" height=\"540\" src=\"https:\/\/plastic-machines.org\/wp-content\/uploads\/2023\/07\/plastic-granulator-2.webp\" alt=\"machine de granulation\" class=\"wp-image-878\" srcset=\"https:\/\/plastic-machines.org\/wp-content\/uploads\/2023\/07\/plastic-granulator-2.webp 720w, https:\/\/plastic-machines.org\/wp-content\/uploads\/2023\/07\/plastic-granulator-2-300x225.webp 300w\" sizes=\"auto, (max-width: 720px) 100vw, 720px\" \/><\/figure>    <figure class=\"wp-block-image size-full\"><img loading=\"lazy\" decoding=\"async\" width=\"720\" height=\"540\" src=\"https:\/\/plastic-machines.org\/wp-content\/uploads\/2023\/07\/hdpe-granules-making-machine-2.webp\" alt=\"pelletiseur avec syst\u00e8me de refroidissement et de coupe\" class=\"wp-image-859\" srcset=\"https:\/\/plastic-machines.org\/wp-content\/uploads\/2023\/07\/hdpe-granules-making-machine-2.webp 720w, https:\/\/plastic-machines.org\/wp-content\/uploads\/2023\/07\/hdpe-granules-making-machine-2-300x225.webp 300w\" sizes=\"auto, (max-width: 720px) 100vw, 720px\" \/><figcaption class=\"wp-element-caption\">Machine de granulation par extrudeuse pour le recyclage du plastique rigide<\/figcaption><\/figure>    <h2 class=\"wp-block-heading\">Demandes pour la machine de pelletisation en plastique rigide<\/h2>    <p>Pour obtenir des prix limit\u00e9s et des d\u00e9lais pour la machine de pelletisation, envoyez-nous un message en utilisant le formulaire en bas \u00e0 droite.<\/p>    <p class=\"translation-block\">Notre responsable commercial sera heureux de vous envoyer bient\u00f4t les d\u00e9tails de la machine de recyclage. En savoir plus sur les machines pour recycler le plastique : <a href=\"https:\/\/plastic-machines.org\/fr\/info\/what-machines-are-used-to-recycle-plastic\/\">Machines utilis\u00e9es pour recycler le plastique<\/a><\/p>","protected":false},"excerpt":{"rendered":"<p>Shuliy pelletization machine for rigid plastic recycling offers an easy and quick solution for recycling plants and plastic producers. The dirty rigid plastic like HDPE milk bottles, shampoo bottles, pipes, barrels, drums, toys, defective production cut-offs, waste residential electric meters, etc., they will be processed to small and round plastic granules by some plastic recycling [&hellip;]<\/p>\n","protected":false},"author":1,"featured_media":891,"parent":0,"template":"","tags":[51],"product-type":[9],"class_list":["post-822","product","type-product","status-publish","has-post-thumbnail","hentry","tag-rigid","product-type-plastic-pelletizer"],"taxonomy_info":{"post_tag":[{"value":51,"label":"rigid"}],"product-type":[{"value":9,"label":"Plastic Pelletizer"}]},"featured_image_src_large":["https:\/\/plastic-machines.org\/wp-content\/uploads\/2023\/07\/Plastic-pelletizing-machine.webp",720,540,false],"author_info":{"display_name":"Ella","author_link":"https:\/\/plastic-machines.org\/fr\/author\/admin\/"},"comment_info":"","_links":{"self":[{"href":"https:\/\/plastic-machines.org\/fr\/wp-json\/wp\/v2\/product\/822","targetHints":{"allow":["GET"]}}],"collection":[{"href":"https:\/\/plastic-machines.org\/fr\/wp-json\/wp\/v2\/product"}],"about":[{"href":"https:\/\/plastic-machines.org\/fr\/wp-json\/wp\/v2\/types\/product"}],"author":[{"embeddable":true,"href":"https:\/\/plastic-machines.org\/fr\/wp-json\/wp\/v2\/users\/1"}],"wp:featuredmedia":[{"embeddable":true,"href":"https:\/\/plastic-machines.org\/fr\/wp-json\/wp\/v2\/media\/891"}],"wp:attachment":[{"href":"https:\/\/plastic-machines.org\/fr\/wp-json\/wp\/v2\/media?parent=822"}],"wp:term":[{"taxonomy":"post_tag","embeddable":true,"href":"https:\/\/plastic-machines.org\/fr\/wp-json\/wp\/v2\/tags?post=822"},{"taxonomy":"product-type","embeddable":true,"href":"https:\/\/plastic-machines.org\/fr\/wp-json\/wp\/v2\/product-type?post=822"}],"curies":[{"name":"wp","href":"https:\/\/api.w.org\/{rel}","templated":true}]}}