{"id":725,"date":"2023-05-15T14:18:41","date_gmt":"2023-05-15T06:18:41","guid":{"rendered":"https:\/\/plastic-machines.org\/?post_type=product&#038;p=725"},"modified":"2026-03-24T09:51:05","modified_gmt":"2026-03-24T01:51:05","slug":"plastic-granule-cutter","status":"publish","type":"product","link":"https:\/\/plastic-machines.org\/fr\/product\/plastic-granule-cutter\/","title":{"rendered":"Coupe-granul\u00e9s en plastique pour la pelletisation des brins"},"content":{"rendered":"<div class=\"kk-star-ratings kksr-auto kksr-align-left kksr-valign-top\"     data-payload='{&quot;align&quot;:&quot;left&quot;,&quot;id&quot;:&quot;725&quot;,&quot;slug&quot;:&quot;default&quot;,&quot;valign&quot;:&quot;top&quot;,&quot;ignore&quot;:&quot;&quot;,&quot;reference&quot;:&quot;auto&quot;,&quot;class&quot;:&quot;&quot;,&quot;count&quot;:&quot;2&quot;,&quot;legendonly&quot;:&quot;&quot;,&quot;readonly&quot;:&quot;&quot;,&quot;score&quot;:&quot;4.5&quot;,&quot;starsonly&quot;:&quot;&quot;,&quot;best&quot;:&quot;5&quot;,&quot;gap&quot;:&quot;5&quot;,&quot;greet&quot;:&quot;Rate this product&quot;,&quot;legend&quot;:&quot;4.5\\\/5 - (2 votes)&quot;,&quot;size&quot;:&quot;24&quot;,&quot;title&quot;:&quot;Plastic Granule Cutter for Strand Pelletizing&quot;,&quot;width&quot;:&quot;128&quot;,&quot;_legend&quot;:&quot;{score}\\\/{best} - ({count} {votes})&quot;,&quot;font_factor&quot;:&quot;1.25&quot;}'>              <div class=\"kksr-stars\">      <div class=\"kksr-stars-inactive\">             <div class=\"kksr-star\" data-star=\"1\" style=\"padding-right: 5px\">               <div class=\"kksr-icon\" style=\"width: 24px; height: 24px;\"><\/div>         <\/div>             <div class=\"kksr-star\" data-star=\"2\" style=\"padding-right: 5px\">               <div class=\"kksr-icon\" style=\"width: 24px; height: 24px;\"><\/div>         <\/div>             <div class=\"kksr-star\" data-star=\"3\" style=\"padding-right: 5px\">               <div class=\"kksr-icon\" style=\"width: 24px; height: 24px;\"><\/div>         <\/div>             <div class=\"kksr-star\" data-star=\"4\" style=\"padding-right: 5px\">               <div class=\"kksr-icon\" style=\"width: 24px; height: 24px;\"><\/div>         <\/div>             <div class=\"kksr-star\" data-star=\"5\" style=\"padding-right: 5px\">               <div class=\"kksr-icon\" style=\"width: 24px; height: 24px;\"><\/div>         <\/div>     <\/div>      <div class=\"kksr-stars-active\" style=\"width: 128px;\">             <div class=\"kksr-star\" style=\"padding-right: 5px\">               <div class=\"kksr-icon\" style=\"width: 24px; height: 24px;\"><\/div>         <\/div>             <div class=\"kksr-star\" style=\"padding-right: 5px\">               <div class=\"kksr-icon\" style=\"width: 24px; height: 24px;\"><\/div>         <\/div>             <div class=\"kksr-star\" style=\"padding-right: 5px\">               <div class=\"kksr-icon\" style=\"width: 24px; height: 24px;\"><\/div>         <\/div>             <div class=\"kksr-star\" style=\"padding-right: 5px\">               <div class=\"kksr-icon\" style=\"width: 24px; height: 24px;\"><\/div>         <\/div>             <div class=\"kksr-star\" style=\"padding-right: 5px\">               <div class=\"kksr-icon\" style=\"width: 24px; height: 24px;\"><\/div>         <\/div>     <\/div> <\/div>                   <div class=\"kksr-legend\" style=\"font-size: 19.2px;\">             4,5\/5 - (2 votes)    <\/div>     <\/div>  <p>Le coupe-granul\u00e9s de plastique est une machine auxiliaire indispensable pour la ligne de granulation de plastique. Les coupe-granul\u00e9s de plastique Shuliy ont \u00e9t\u00e9 export\u00e9s dans de nombreux pays du monde pour soutenir leurs activit\u00e9s de recyclage du plastique. Les granul\u00e9s de plastique finaux sont de haute qualit\u00e9 et g\u00e9n\u00e8rent des b\u00e9n\u00e9fices rentables, apportant \u00e0 nos clients d'\u00e9normes marges \u00e9conomiques.<\/p>   <div class=\"wp-block-image\"> <figure class=\"aligncenter size-full\"><img loading=\"lazy\" decoding=\"async\" width=\"720\" height=\"540\" src=\"https:\/\/plastic-machines.org\/wp-content\/uploads\/2023\/05\/plastic-dana-cutter-.webp\" alt=\"coupe-dana en plastique\" class=\"wp-image-733\" srcset=\"https:\/\/plastic-machines.org\/wp-content\/uploads\/2023\/05\/plastic-dana-cutter-.webp 720w, https:\/\/plastic-machines.org\/wp-content\/uploads\/2023\/05\/plastic-dana-cutter--300x225.webp 300w\" sizes=\"auto, (max-width: 720px) 100vw, 720px\" \/><figcaption class=\"wp-element-caption\">coupe-dana en plastique<\/figcaption><\/figure> <\/div>   <h2 class=\"wp-block-heading\">Introduction au coupe-granul\u00e9s en plastique<\/h2>    <p>Le coupe-granul\u00e9s en plastique est utilis\u00e9 dans une ligne de production de pellets en plastique, coupant le plastique parfaitement \u00e0 la fin de la ligne. La machine \u00e0 couper les granul\u00e9s convient au PP, PE, HDPE, LDPE, ABS, PVC et autres plastiques. La longue bande de plastique sera coup\u00e9e par une lame rotative et une lame fixe. Ensuite, les gros morceaux de plastique usag\u00e9 seront transform\u00e9s en petits pellets pour un traitement ou une r\u00e9utilisation ult\u00e9rieure. Vous pouvez choisir parmi de nombreux mod\u00e8les diff\u00e9rents avec des voltages vari\u00e9s, qui peuvent \u00e9galement \u00eatre personnalis\u00e9s.<\/p>    <h2 class=\"wp-block-heading\">Affichage de la machine de d\u00e9coupe de dana en plastique<\/h2>    <figure class=\"wp-block-gallery has-nested-images columns-default is-cropped wp-block-gallery-2 is-layout-flex wp-block-gallery-is-layout-flex\"> <figure class=\"wp-block-image size-large\"><img loading=\"lazy\" decoding=\"async\" width=\"720\" height=\"540\" data-id=\"731\" src=\"https:\/\/plastic-machines.org\/wp-content\/uploads\/2023\/05\/Plastic-granule-cutter-21.webp\" alt=\"Coupe-granul\u00e9s en plastique \" class=\"wp-image-731\" srcset=\"https:\/\/plastic-machines.org\/wp-content\/uploads\/2023\/05\/Plastic-granule-cutter-21.webp 720w, https:\/\/plastic-machines.org\/wp-content\/uploads\/2023\/05\/Plastic-granule-cutter-21-300x225.webp 300w\" sizes=\"auto, (max-width: 720px) 100vw, 720px\" \/><figcaption class=\"wp-element-caption\">Coupe-granul\u00e9s en plastique <\/figcaption><\/figure>    <figure class=\"wp-block-image size-large\"><img loading=\"lazy\" decoding=\"async\" width=\"720\" height=\"540\" data-id=\"728\" src=\"https:\/\/plastic-machines.org\/wp-content\/uploads\/2023\/05\/plastic-granule-cutter-machine1.webp\" alt=\"machine de coupe de granul\u00e9s en plastique\" class=\"wp-image-728\" srcset=\"https:\/\/plastic-machines.org\/wp-content\/uploads\/2023\/05\/plastic-granule-cutter-machine1.webp 720w, https:\/\/plastic-machines.org\/wp-content\/uploads\/2023\/05\/plastic-granule-cutter-machine1-300x225.webp 300w\" sizes=\"auto, (max-width: 720px) 100vw, 720px\" \/><figcaption class=\"wp-element-caption\">machine de coupe de granul\u00e9s en plastique<\/figcaption><\/figure> <\/figure>    <figure class=\"wp-block-gallery has-nested-images columns-default is-cropped wp-block-gallery-3 is-layout-flex wp-block-gallery-is-layout-flex\"> <figure class=\"wp-block-image size-large\"><img loading=\"lazy\" decoding=\"async\" width=\"720\" height=\"540\" data-id=\"732\" src=\"https:\/\/plastic-machines.org\/wp-content\/uploads\/2023\/05\/Plastic-granule-cutter-1.webp\" alt=\"coupe-granul\u00e9s en plastique\" class=\"wp-image-732\" srcset=\"https:\/\/plastic-machines.org\/wp-content\/uploads\/2023\/05\/Plastic-granule-cutter-1.webp 720w, https:\/\/plastic-machines.org\/wp-content\/uploads\/2023\/05\/Plastic-granule-cutter-1-300x225.webp 300w\" sizes=\"auto, (max-width: 720px) 100vw, 720px\" \/><figcaption class=\"wp-element-caption\">coupe-granul\u00e9s en plastique<\/figcaption><\/figure>    <figure class=\"wp-block-image size-large\"><img loading=\"lazy\" decoding=\"async\" width=\"720\" height=\"540\" data-id=\"729\" src=\"https:\/\/plastic-machines.org\/wp-content\/uploads\/2023\/05\/Plastic-Strip-Cutting-Machine1.webp\" alt=\"machine de d\u00e9coupe de bandes de plastique\" class=\"wp-image-729\" srcset=\"https:\/\/plastic-machines.org\/wp-content\/uploads\/2023\/05\/Plastic-Strip-Cutting-Machine1.webp 720w, https:\/\/plastic-machines.org\/wp-content\/uploads\/2023\/05\/Plastic-Strip-Cutting-Machine1-300x225.webp 300w\" sizes=\"auto, (max-width: 720px) 100vw, 720px\" \/><figcaption class=\"wp-element-caption\">machine de d\u00e9coupe de bandes de plastique<\/figcaption><\/figure> <\/figure>    <h2 class=\"wp-block-heading\">Caract\u00e9ristiques de la machine de d\u00e9coupe de granul\u00e9s de plastique<\/h2>    <ul class=\"wp-block-list\"> <li>Haute efficacit\u00e9 : la machine de d\u00e9coupe de bandes de plastique adopte des lames rotatives \u00e0 grande vitesse, qui peuvent couper rapidement les mati\u00e8res plastiques et obtenir une coupe \u00e0 haute efficacit\u00e9.<\/li>    <li>Haut degr\u00e9 d'automatisation : la machine de d\u00e9coupe de granul\u00e9s de plastique dispose g\u00e9n\u00e9ralement d'un syst\u00e8me de contr\u00f4le automatique, qui peut terminer automatiquement le processus d'alimentation, de d\u00e9coupe et de d\u00e9chargement, r\u00e9duisant ainsi les interventions manuelles et am\u00e9liorant l'efficacit\u00e9 de la production.<\/li>    <li>Taille de coupe r\u00e9glable : l'espacement des lames et l'angle de la lame de la machine de d\u00e9coupe de bandes de plastique peuvent \u00eatre ajust\u00e9s pour obtenir des effets de coupe de diff\u00e9rentes tailles afin de r\u00e9pondre aux besoins des diff\u00e9rents clients.<\/li>    <li>Haute s\u00e9curit\u00e9 : le coupe-granul\u00e9s en plastique dispose g\u00e9n\u00e9ralement de plusieurs mesures de protection de s\u00e9curit\u00e9, telles qu'une protection contre les surcharges, un arr\u00eat d'urgence, etc., pour garantir la s\u00e9curit\u00e9 des op\u00e9rateurs de l'usine de recyclage du plastique.<\/li>    <li>Entretien simple : la machine utilise des lames en acier alli\u00e9, pas besoin d'aff\u00fbter et de polir les lames en un an. La structure de la machine de d\u00e9coupe de granul\u00e9s de plastique est simple et facile \u00e0 entretenir, le remplacement de la lame et le nettoyage de la machine sont \u00e9galement relativement faciles.<\/li> <\/ul>    <h2 class=\"wp-block-heading\">Param\u00e8tres de la machine de d\u00e9coupe de granul\u00e9s de plastique<\/h2>    <p>La machine de d\u00e9coupe de granul\u00e9s de plastique doit son nom \u00e0 la largeur des couteaux, par exemple le mod\u00e8le SL-260, la largeur de ses couteaux est de 260 mm. Les donn\u00e9es suivantes constituent les param\u00e8tres de base du coupe-granul\u00e9s en plastique, n'h\u00e9sitez pas \u00e0 laisser vos exigences sur notre site Web et notre responsable commercial se fera un plaisir de vous aider \u00e0 choisir le mod\u00e8le le plus adapt\u00e9 pour vous.<\/p>    <figure class=\"wp-block-table\"><table><tbody><tr><td>Mod\u00e8le<\/td><td>Puissance (kw)<\/td><td>Largeur des couteaux (mm)<\/td><td>Type de couteaux<\/td><\/tr><tr><td>SL-180<\/td><td>3<\/td><td>180<\/td><td>Plaque<\/td><\/tr><tr><td>SL-220<\/td><td>5.5<\/td><td>220<\/td><td>Plaque<\/td><\/tr><tr><td>SL-260<\/td><td>5.5<\/td><td>260<\/td><td>Plaque<\/td><\/tr><\/tbody><\/table><\/figure>    <h2 class=\"wp-block-heading\">Ligne de recyclage associ\u00e9e de machine de d\u00e9coupe de bandes de plastique  <\/h2>    <p class=\"translation-block\">Une coupeuse de dana plastique est g\u00e9n\u00e9ralement utilis\u00e9e en combinaison avec d'autres \u00e9quipements de recyclage plastique pour former une compl\u00e8te <strong><a href=\"https:\/\/plastic-machines.org\/fr\/product\/plastic-recycling-granulating-line\/\">ligne de production de granul\u00e9s plastiques<\/a><\/strong>. Par exemple, une machine de coupe de granul\u00e9s plastiques est g\u00e9n\u00e9ralement utilis\u00e9e en conjonction avec une <strong><a href=\"https:\/\/plastic-machines.org\/fr\/products\/plastic-cleaning-drying-equipment\/\">machine \u00e0 laver<\/a><\/strong> et un <strong><a href=\"https:\/\/plastic-machines.org\/fr\/product\/plastic-extruder-machine\/\">granulateur plastique<\/a><\/strong>. La machine \u00e0 laver plastique nettoie d'abord le plastique usag\u00e9, puis le granulateur plastique fond et granule le plastique \u00e0 haute temp\u00e9rature. <\/p>   <div class=\"wp-block-image\"> <figure class=\"aligncenter size-full\"><img loading=\"lazy\" decoding=\"async\" width=\"720\" height=\"540\" src=\"https:\/\/plastic-machines.org\/wp-content\/uploads\/2023\/01\/Plastic-recycling-factory-Suadi-Arabia1.webp\" alt=\"usine de recyclage du plastique\" class=\"wp-image-700\" srcset=\"https:\/\/plastic-machines.org\/wp-content\/uploads\/2023\/01\/Plastic-recycling-factory-Suadi-Arabia1.webp 720w, https:\/\/plastic-machines.org\/wp-content\/uploads\/2023\/01\/Plastic-recycling-factory-Suadi-Arabia1-300x225.webp 300w\" sizes=\"auto, (max-width: 720px) 100vw, 720px\" \/><\/figure> <\/div>   <p>Les granul\u00e9s de plastique doivent finalement \u00eatre transform\u00e9s en petits granul\u00e9s par le coupe-granul\u00e9s de plastique. Ces granul\u00e9s de plastique recycl\u00e9s sont les mati\u00e8res premi\u00e8res qui peuvent \u00eatre utilis\u00e9es pour fabriquer des produits en plastique.<\/p>    <p>La ligne de recyclage peut \u00e9galement \u00eatre \u00e9quip\u00e9e de convoyeurs de plastique, de broyeurs de plastique, de machines de s\u00e9chage de plastique et d'autres \u00e9quipements pour transporter, d\u00e9chiqueter et s\u00e9cher le plastique afin de garantir la qualit\u00e9 des granul\u00e9s de plastique. En utilisant ces machines ensemble, les d\u00e9chets plastiques peuvent \u00eatre recycl\u00e9s efficacement et g\u00e9n\u00e9rer plus de b\u00e9n\u00e9fices pour les fabricants de granul\u00e9s de plastique.<\/p>    <h2 class=\"wp-block-heading\">Cas r\u00e9ussis de coupe-granul\u00e9s en plastique<\/h2>    <h3 class=\"wp-block-heading\">La machine de d\u00e9coupe de granul\u00e9s de plastique install\u00e9e en Arabie Saoudite <\/h3>    <figure class=\"wp-block-gallery has-nested-images columns-default is-cropped wp-block-gallery-4 is-layout-flex wp-block-gallery-is-layout-flex\"> <figure class=\"wp-block-image size-large\"><img loading=\"lazy\" decoding=\"async\" width=\"720\" height=\"540\" data-id=\"700\" src=\"https:\/\/plastic-machines.org\/wp-content\/uploads\/2023\/01\/Plastic-recycling-factory-Suadi-Arabia1.webp\" alt=\"usine de recyclage du plastique\" class=\"wp-image-700\" srcset=\"https:\/\/plastic-machines.org\/wp-content\/uploads\/2023\/01\/Plastic-recycling-factory-Suadi-Arabia1.webp 720w, https:\/\/plastic-machines.org\/wp-content\/uploads\/2023\/01\/Plastic-recycling-factory-Suadi-Arabia1-300x225.webp 300w\" sizes=\"auto, (max-width: 720px) 100vw, 720px\" \/><\/figure>    <figure class=\"wp-block-image size-large\"><img loading=\"lazy\" decoding=\"async\" width=\"720\" height=\"540\" data-id=\"621\" src=\"https:\/\/plastic-machines.org\/wp-content\/uploads\/2022\/12\/plastic-pellet-cutter.webp\" alt=\"coupe-granul\u00e9s en plastique\" class=\"wp-image-621\" srcset=\"https:\/\/plastic-machines.org\/wp-content\/uploads\/2022\/12\/plastic-pellet-cutter.webp 720w, https:\/\/plastic-machines.org\/wp-content\/uploads\/2022\/12\/plastic-pellet-cutter-300x225.webp 300w\" sizes=\"auto, (max-width: 720px) 100vw, 720px\" \/><figcaption class=\"wp-element-caption\">coupe-granul\u00e9s en plastique<\/figcaption><\/figure> <\/figure>    <h3 class=\"wp-block-heading\">Machine de d\u00e9coupe de granul\u00e9s de plastique exp\u00e9di\u00e9e au Mozambique<\/h3>    <figure class=\"wp-block-gallery has-nested-images columns-default is-cropped wp-block-gallery-5 is-layout-flex wp-block-gallery-is-layout-flex\"> <figure class=\"wp-block-image size-large\"><img loading=\"lazy\" decoding=\"async\" width=\"540\" height=\"720\" data-id=\"670\" src=\"https:\/\/plastic-machines.org\/wp-content\/uploads\/2023\/01\/industrial-plastic-granulator-shipped-to-Mozambique1.webp\" alt=\"granulateur de plastique industriel exp\u00e9di\u00e9 au Mozambique\" class=\"wp-image-670\" srcset=\"https:\/\/plastic-machines.org\/wp-content\/uploads\/2023\/01\/industrial-plastic-granulator-shipped-to-Mozambique1.webp 540w, https:\/\/plastic-machines.org\/wp-content\/uploads\/2023\/01\/industrial-plastic-granulator-shipped-to-Mozambique1-225x300.webp 225w\" sizes=\"auto, (max-width: 540px) 100vw, 540px\" \/><figcaption class=\"wp-element-caption\">granulateur de plastique industriel exp\u00e9di\u00e9 au Mozambique<\/figcaption><\/figure>    <figure class=\"wp-block-image size-large\"><img loading=\"lazy\" decoding=\"async\" width=\"540\" height=\"720\" data-id=\"674\" src=\"https:\/\/plastic-machines.org\/wp-content\/uploads\/2023\/01\/top-10-plastic-granulators1.webp\" alt=\"Machine de recyclage de plastique au Mozambique\" class=\"wp-image-674\" srcset=\"https:\/\/plastic-machines.org\/wp-content\/uploads\/2023\/01\/top-10-plastic-granulators1.webp 540w, https:\/\/plastic-machines.org\/wp-content\/uploads\/2023\/01\/top-10-plastic-granulators1-225x300.webp 225w\" sizes=\"auto, (max-width: 540px) 100vw, 540px\" \/><figcaption class=\"wp-element-caption\">Machine de recyclage de plastique au Mozambique<\/figcaption><\/figure> <\/figure>    <h3 class=\"wp-block-heading\">Machine de d\u00e9coupe de granul\u00e9s de plastique envoy\u00e9e en Ethiopie<\/h3>    <figure class=\"wp-block-gallery has-nested-images columns-default is-cropped wp-block-gallery-6 is-layout-flex wp-block-gallery-is-layout-flex\"> <figure class=\"wp-block-image size-large\"><img loading=\"lazy\" decoding=\"async\" width=\"540\" height=\"720\" data-id=\"585\" src=\"https:\/\/plastic-machines.org\/wp-content\/uploads\/2022\/07\/pellet-cutting-machine.webp\" alt=\"machine de d\u00e9coupe de granul\u00e9s\" class=\"wp-image-585\" srcset=\"https:\/\/plastic-machines.org\/wp-content\/uploads\/2022\/07\/pellet-cutting-machine.webp 540w, https:\/\/plastic-machines.org\/wp-content\/uploads\/2022\/07\/pellet-cutting-machine-225x300.webp 225w\" sizes=\"auto, (max-width: 540px) 100vw, 540px\" \/><figcaption class=\"wp-element-caption\">machine de d\u00e9coupe de granul\u00e9s<\/figcaption><\/figure>    <figure class=\"wp-block-image size-large\"><img loading=\"lazy\" decoding=\"async\" width=\"540\" height=\"720\" data-id=\"582\" src=\"https:\/\/plastic-machines.org\/wp-content\/uploads\/2022\/07\/delivery.webp\" alt=\"Machine de d\u00e9coupe de granul\u00e9s de plastique\" class=\"wp-image-582\" srcset=\"https:\/\/plastic-machines.org\/wp-content\/uploads\/2022\/07\/delivery.webp 540w, https:\/\/plastic-machines.org\/wp-content\/uploads\/2022\/07\/delivery-225x300.webp 225w\" sizes=\"auto, (max-width: 540px) 100vw, 540px\" \/><figcaption class=\"wp-element-caption\">Machine de d\u00e9coupe de granul\u00e9s de plastique<\/figcaption><\/figure> <\/figure>    <h3 class=\"wp-block-heading\">Un coupe-dana en plastique exp\u00e9di\u00e9 en Tanzanie<\/h3>    <figure class=\"wp-block-gallery has-nested-images columns-default is-cropped wp-block-gallery-7 is-layout-flex wp-block-gallery-is-layout-flex\"> <figure class=\"wp-block-image size-large\"><img loading=\"lazy\" decoding=\"async\" width=\"720\" height=\"540\" data-id=\"437\" src=\"https:\/\/plastic-machines.org\/wp-content\/uploads\/2022\/09\/plastic-pelletizer-machine.webp\" alt=\"machine de granulation en plastique\" class=\"wp-image-437\" srcset=\"https:\/\/plastic-machines.org\/wp-content\/uploads\/2022\/09\/plastic-pelletizer-machine.webp 720w, https:\/\/plastic-machines.org\/wp-content\/uploads\/2022\/09\/plastic-pelletizer-machine-300x225.webp 300w\" sizes=\"auto, (max-width: 720px) 100vw, 720px\" \/><figcaption class=\"wp-element-caption\">machine de granulation en plastique<\/figcaption><\/figure>    <figure class=\"wp-block-image size-large\"><img loading=\"lazy\" decoding=\"async\" width=\"720\" height=\"540\" data-id=\"439\" src=\"https:\/\/plastic-machines.org\/wp-content\/uploads\/2022\/07\/plastic-recycling-machine1.webp\" alt=\"Machine de recyclage de plastique en Tanzanie\" class=\"wp-image-439\" srcset=\"https:\/\/plastic-machines.org\/wp-content\/uploads\/2022\/07\/plastic-recycling-machine1.webp 720w, https:\/\/plastic-machines.org\/wp-content\/uploads\/2022\/07\/plastic-recycling-machine1-300x225.webp 300w\" sizes=\"auto, (max-width: 720px) 100vw, 720px\" \/><figcaption class=\"wp-element-caption\">Machine de recyclage de plastique en Tanzanie<\/figcaption><\/figure> <\/figure>    <p class=\"translation-block\">Vous souhaitez en savoir plus sur le processus de recyclage du plastique : <a href=\"https:\/\/plastic-machines.org\/fr\/info\/what-machines-are-used-to-recycle-plastic\/\">des machines sont utilis\u00e9es pour recycler le plastique<\/a><\/p>","protected":false},"excerpt":{"rendered":"<p>The plastic granule cutter is an indispensable auxiliary machine for the plastic granulating line. Shuliy plastic granule cutters have been exported to many countries in the world to support their plastic recycling businesses. The final plastic granules are of high quality and profitable profits, bringing our customers huge economic margins. Plastic granule cutter introduction The [&hellip;]<\/p>\n","protected":false},"author":1,"featured_media":726,"parent":0,"template":"","tags":[50],"product-type":[9],"class_list":["post-725","product","type-product","status-publish","has-post-thumbnail","hentry","tag-pellet","product-type-plastic-pelletizer"],"taxonomy_info":{"post_tag":[{"value":50,"label":"pellet"}],"product-type":[{"value":9,"label":"Plastic Pelletizer"}]},"featured_image_src_large":["https:\/\/plastic-machines.org\/wp-content\/uploads\/2023\/05\/pellet-cutting-machine1.webp",720,540,false],"author_info":{"display_name":"Ella","author_link":"https:\/\/plastic-machines.org\/fr\/author\/admin\/"},"comment_info":"","_links":{"self":[{"href":"https:\/\/plastic-machines.org\/fr\/wp-json\/wp\/v2\/product\/725","targetHints":{"allow":["GET"]}}],"collection":[{"href":"https:\/\/plastic-machines.org\/fr\/wp-json\/wp\/v2\/product"}],"about":[{"href":"https:\/\/plastic-machines.org\/fr\/wp-json\/wp\/v2\/types\/product"}],"author":[{"embeddable":true,"href":"https:\/\/plastic-machines.org\/fr\/wp-json\/wp\/v2\/users\/1"}],"wp:featuredmedia":[{"embeddable":true,"href":"https:\/\/plastic-machines.org\/fr\/wp-json\/wp\/v2\/media\/726"}],"wp:attachment":[{"href":"https:\/\/plastic-machines.org\/fr\/wp-json\/wp\/v2\/media?parent=725"}],"wp:term":[{"taxonomy":"post_tag","embeddable":true,"href":"https:\/\/plastic-machines.org\/fr\/wp-json\/wp\/v2\/tags?post=725"},{"taxonomy":"product-type","embeddable":true,"href":"https:\/\/plastic-machines.org\/fr\/wp-json\/wp\/v2\/product-type?post=725"}],"curies":[{"name":"wp","href":"https:\/\/api.w.org\/{rel}","templated":true}]}}