{"id":41,"date":"2022-06-23T03:44:15","date_gmt":"2022-06-23T03:44:15","guid":{"rendered":"http:\/\/tailwind-themes.local\/?post_type=product&#038;p=41"},"modified":"2025-11-10T18:02:59","modified_gmt":"2025-11-10T10:02:59","slug":"pvc-profile-extrusion-line","status":"publish","type":"product","link":"https:\/\/plastic-machines.org\/fr\/product\/plastic-recycling-granulating-line\/","title":{"rendered":"Ligne de granulation de recyclage du plastique pour les plastiques PP HDPE"},"content":{"rendered":"<div class=\"kk-star-ratings kksr-auto kksr-align-left kksr-valign-top\"     data-payload='{&quot;align&quot;:&quot;left&quot;,&quot;id&quot;:&quot;41&quot;,&quot;slug&quot;:&quot;default&quot;,&quot;valign&quot;:&quot;top&quot;,&quot;ignore&quot;:&quot;&quot;,&quot;reference&quot;:&quot;auto&quot;,&quot;class&quot;:&quot;&quot;,&quot;count&quot;:&quot;3&quot;,&quot;legendonly&quot;:&quot;&quot;,&quot;readonly&quot;:&quot;&quot;,&quot;score&quot;:&quot;5&quot;,&quot;starsonly&quot;:&quot;&quot;,&quot;best&quot;:&quot;5&quot;,&quot;gap&quot;:&quot;5&quot;,&quot;greet&quot;:&quot;Rate this product&quot;,&quot;legend&quot;:&quot;5\\\/5 - (3 votes)&quot;,&quot;size&quot;:&quot;24&quot;,&quot;title&quot;:&quot;Plastic Recycling Granulating Line for PP HDPE Plastics&quot;,&quot;width&quot;:&quot;142.5&quot;,&quot;_legend&quot;:&quot;{score}\\\/{best} - ({count} {votes})&quot;,&quot;font_factor&quot;:&quot;1.25&quot;}'>              <div class=\"kksr-stars\">      <div class=\"kksr-stars-inactive\">             <div class=\"kksr-star\" data-star=\"1\" style=\"padding-right: 5px\">               <div class=\"kksr-icon\" style=\"width: 24px; height: 24px;\"><\/div>         <\/div>             <div class=\"kksr-star\" data-star=\"2\" style=\"padding-right: 5px\">               <div class=\"kksr-icon\" style=\"width: 24px; height: 24px;\"><\/div>         <\/div>             <div class=\"kksr-star\" data-star=\"3\" style=\"padding-right: 5px\">               <div class=\"kksr-icon\" style=\"width: 24px; height: 24px;\"><\/div>         <\/div>             <div class=\"kksr-star\" data-star=\"4\" style=\"padding-right: 5px\">               <div class=\"kksr-icon\" style=\"width: 24px; height: 24px;\"><\/div>         <\/div>             <div class=\"kksr-star\" data-star=\"5\" style=\"padding-right: 5px\">               <div class=\"kksr-icon\" style=\"width: 24px; height: 24px;\"><\/div>         <\/div>     <\/div>      <div class=\"kksr-stars-active\" style=\"width: 142.5px;\">             <div class=\"kksr-star\" style=\"padding-right: 5px\">               <div class=\"kksr-icon\" style=\"width: 24px; height: 24px;\"><\/div>         <\/div>             <div class=\"kksr-star\" style=\"padding-right: 5px\">               <div class=\"kksr-icon\" style=\"width: 24px; height: 24px;\"><\/div>         <\/div>             <div class=\"kksr-star\" style=\"padding-right: 5px\">               <div class=\"kksr-icon\" style=\"width: 24px; height: 24px;\"><\/div>         <\/div>             <div class=\"kksr-star\" style=\"padding-right: 5px\">               <div class=\"kksr-icon\" style=\"width: 24px; height: 24px;\"><\/div>         <\/div>             <div class=\"kksr-star\" style=\"padding-right: 5px\">               <div class=\"kksr-icon\" style=\"width: 24px; height: 24px;\"><\/div>         <\/div>     <\/div> <\/div>                   <div class=\"kksr-legend\" style=\"font-size: 19.2px;\">             5\/5 - (3 votes)    <\/div>     <\/div>  <p>Cette ligne de granulation de recyclage du plastique est principalement utilis\u00e9e pour le recyclage et la granulation des d\u00e9chets plastiques durs. L'\u00e9quipement principal de cette usine de recyclage de plastique comprend une machine de concassage de plastique, une cuve de lavage, un s\u00e9choir, un granulateur de plastique, un bac de stockage, etc. Shuliy Group peut associer diff\u00e9rentes machines de recyclage de plastique en fonction des diff\u00e9rentes conditions des clients, telles que les mati\u00e8res premi\u00e8res, la zone du site, etc., et aider les clients \u00e0 concevoir leurs usines et \u00e0 organiser l'affichage de la machine de mani\u00e8re raisonnable.<\/p>    <h2 class=\"wp-block-heading\">Mati\u00e8res premi\u00e8res de la ligne de granulation plastique<\/h2>    <p>Cette usine de recyclage de f\u00fbts en PP PE est con\u00e7ue par les machines Shuliy, qui sont utilis\u00e9es pour recycler et granuler des mati\u00e8res plastiques dures. Par cons\u00e9quent, les mati\u00e8res premi\u00e8res courantes sont tous les plastiques durs, tels que les paniers en plastique en PE et PP, les seaux en plastique, les f\u00fbts de p\u00e9trole en plastique, les r\u00e9servoirs de stockage de produits chimiques, les tuyaux en plastique, les bouteilles en plastique et autres conteneurs. <\/p>    <figure class=\"wp-block-gallery has-nested-images columns-default is-cropped wp-block-gallery-2 is-layout-flex wp-block-gallery-is-layout-flex\"> <figure class=\"wp-block-image size-large\"><img loading=\"lazy\" decoding=\"async\" width=\"720\" height=\"540\" data-id=\"234\" src=\"https:\/\/plastic-machines.org\/wp-content\/uploads\/2022\/06\/waste-plastic-drums.webp\" alt=\"f\u00fbts de d\u00e9chets plastiques\" class=\"wp-image-234\" srcset=\"https:\/\/plastic-machines.org\/wp-content\/uploads\/2022\/06\/waste-plastic-drums.webp 720w, https:\/\/plastic-machines.org\/wp-content\/uploads\/2022\/06\/waste-plastic-drums-300x225.webp 300w\" sizes=\"auto, (max-width: 720px) 100vw, 720px\" \/><figcaption class=\"wp-element-caption\">f\u00fbts de d\u00e9chets plastiques<\/figcaption><\/figure>    <figure class=\"wp-block-image size-large\"><img loading=\"lazy\" decoding=\"async\" width=\"720\" height=\"520\" data-id=\"235\" src=\"https:\/\/plastic-machines.org\/wp-content\/uploads\/2022\/06\/used-plastic-baskets.webp\" alt=\"paniers en plastique usag\u00e9s\" class=\"wp-image-235\" srcset=\"https:\/\/plastic-machines.org\/wp-content\/uploads\/2022\/06\/used-plastic-baskets.webp 720w, https:\/\/plastic-machines.org\/wp-content\/uploads\/2022\/06\/used-plastic-baskets-300x217.webp 300w\" sizes=\"auto, (max-width: 720px) 100vw, 720px\" \/><figcaption class=\"wp-element-caption\">paniers en plastique usag\u00e9s<\/figcaption><\/figure> <\/figure>    <h2 class=\"wp-block-heading\" id=\"h-process-of-plastic-recycling-granulating-line\">Processus de ligne de granulation de recyclage du plastique <\/h2>    <div class=\"wp-block-media-text alignwide is-stacked-on-mobile\"><figure class=\"wp-block-media-text__media\"><img loading=\"lazy\" decoding=\"async\" width=\"720\" height=\"540\" src=\"https:\/\/plastic-machines.org\/wp-content\/uploads\/2022\/06\/Plastic-Shredder-Machine1.webp\" alt=\"Machine de d\u00e9chiquetage de plastique\" class=\"wp-image-452 size-full\" srcset=\"https:\/\/plastic-machines.org\/wp-content\/uploads\/2022\/06\/Plastic-Shredder-Machine1.webp 720w, https:\/\/plastic-machines.org\/wp-content\/uploads\/2022\/06\/Plastic-Shredder-Machine1-300x225.webp 300w\" sizes=\"auto, (max-width: 720px) 100vw, 720px\" \/><\/figure><div class=\"wp-block-media-text__content\"> <p class=\"has-large-font-size\">Broyeur de plastique<\/p>    <p class=\"translation-block\"> Dans la ligne de granulation du recyclage du plastique, le <a href=\"https:\/\/plastic-machines.org\/fr\/product\/plastic-shredder-machine\/\"> broyeur de tambour PP PE<\/a> est utilis\u00e9 pour \u00e9craser les produits plastiques usag\u00e9s en petits morceaux avec peu de bruit et sans r\u00e9sidu pendant le processus d\u2019\u00e9crasement. De plus, les lames ont une longue dur\u00e9e de vie et un faible co\u00fbt d\u2019entretien. Cet concasseur \u00e0 plastique a \u00e9t\u00e9 bien accueilli par les clients.<\/p> <\/div><\/div>    <div class=\"wp-block-media-text alignwide is-stacked-on-mobile\"><figure class=\"wp-block-media-text__media\"><img loading=\"lazy\" decoding=\"async\" width=\"720\" height=\"540\" src=\"https:\/\/plastic-machines.org\/wp-content\/uploads\/2022\/06\/rinsing-tank1.webp\" alt=\"cuve de rin\u00e7age\" class=\"wp-image-455 size-full\" srcset=\"https:\/\/plastic-machines.org\/wp-content\/uploads\/2022\/06\/rinsing-tank1.webp 720w, https:\/\/plastic-machines.org\/wp-content\/uploads\/2022\/06\/rinsing-tank1-300x225.webp 300w\" sizes=\"auto, (max-width: 720px) 100vw, 720px\" \/><\/figure><div class=\"wp-block-media-text__content\"> <p class=\"has-large-font-size\">Cuve de rin\u00e7age<\/p>    <p class=\"translation-block\">Le <strong><a href=\"https:\/\/plastic-machines.org\/fr\/product\/plastic-film-washing-machine\/\">tanc de rin\u00e7age<\/a><\/strong> est fabriqu\u00e9 en acier inoxydable de haute qualit\u00e9 et sert \u00e0 nettoyer les morceaux plastiques cass\u00e9s. Il y a de nombreuses dents dans le r\u00e9servoir qui continueront \u00e0 remuer le plastique pour \u00e9liminer les taches.<\/p> <\/div><\/div>    <div class=\"wp-block-media-text alignwide is-stacked-on-mobile\"><figure class=\"wp-block-media-text__media\"><img loading=\"lazy\" decoding=\"async\" width=\"720\" height=\"540\" src=\"https:\/\/plastic-machines.org\/wp-content\/uploads\/2022\/06\/horizontal-dryer1.webp\" alt=\"s\u00e9choir horizontal\" class=\"wp-image-443 size-full\" srcset=\"https:\/\/plastic-machines.org\/wp-content\/uploads\/2022\/06\/horizontal-dryer1.webp 720w, https:\/\/plastic-machines.org\/wp-content\/uploads\/2022\/06\/horizontal-dryer1-300x225.webp 300w\" sizes=\"auto, (max-width: 720px) 100vw, 720px\" \/><\/figure><div class=\"wp-block-media-text__content\"> <p class=\"has-large-font-size\">Machine de s\u00e9chage du plastique<\/p>    <p class=\"translation-block\">Un <strong><a href=\"https:\/\/plastic-machines.org\/fr\/product\/plastic-chips-dryer-machine\/\">s\u00e9choir horizontal pour plastiques<\/a><\/strong> est utilis\u00e9 pour s\u00e9cher les flocons plastiques. La machine pr\u00e9sente un taux de d\u00e9shydratation \u00e9lev\u00e9, un rendement de dessiccation \u00e9lev\u00e9 et une faible consommation d\u2019\u00e9lectricit\u00e9, ce qui est id\u00e9al pour la ligne de granulation plastique.<\/p> <\/div><\/div>    <div class=\"wp-block-media-text alignwide is-stacked-on-mobile\"><figure class=\"wp-block-media-text__media\"><img loading=\"lazy\" decoding=\"async\" width=\"720\" height=\"540\" src=\"https:\/\/plastic-machines.org\/wp-content\/uploads\/2022\/06\/Plastic-pelletizing-machine.webp\" alt=\"extrudeuse de plastique\" class=\"wp-image-578 size-full\" srcset=\"https:\/\/plastic-machines.org\/wp-content\/uploads\/2022\/06\/Plastic-pelletizing-machine.webp 720w, https:\/\/plastic-machines.org\/wp-content\/uploads\/2022\/06\/Plastic-pelletizing-machine-300x225.webp 300w\" sizes=\"auto, (max-width: 720px) 100vw, 720px\" \/><\/figure><div class=\"wp-block-media-text__content\"> <p class=\"has-large-font-size\">Pelletiseur en plastique<\/p>    <p class=\"translation-block\">Le <strong><a href=\"https:\/\/plastic-machines.org\/fr\/product\/plastic-extruder-machine\/\">pelleteuse plastique<\/a><\/strong> est le composant le plus central de l\u2019\u00e9quipement dans la ligne de recyclage de barils en plastique, utilisant la technologie de pelletisation la plus avanc\u00e9e. Nous avons de nombreux mod\u00e8les diff\u00e9rents pour que vous puissiez choisir, tels que des machines \u00e0 faible rendement pour les petites usines de recyclage et aussi de grandes machines \u00e0 rendement \u00e9lev\u00e9 pour des capacit\u00e9s plus importantes.<\/p> <\/div><\/div>    <h2 class=\"wp-block-heading\">Vid\u00e9o 3D d'une ligne de granulation de plastique<\/h2>    <p>La vid\u00e9o 3D montre le traitement complet de la ligne de granulation du recyclage du plastique.<\/p>    <figure class=\"wp-block-embed is-type-video is-provider-youtube wp-block-embed-youtube wp-embed-aspect-16-9 wp-has-aspect-ratio\"><div class=\"wp-block-embed__wrapper\"> <iframe loading=\"lazy\" title=\"Ligne de granulation du plastique | Machine de fabrication de granul\u00e9s de plastique\" width=\"500\" height=\"281\" src=\"https:\/\/www.youtube.com\/embed\/y4KcSJAz04E?feature=oembed\" frameborder=\"0\" allow=\"accelerometer; autoplay; clipboard-write; encrypted-media; gyroscope; picture-in-picture; web-share\" referrerpolicy=\"strict-origin-when-cross-origin\" allowfullscreen><\/iframe> <\/div><\/figure>    <h2 class=\"wp-block-heading\">Affichage en usine de la ligne de granulation de recyclage du plastique<\/h2>    <figure class=\"wp-block-gallery has-nested-images columns-default is-cropped wp-block-gallery-3 is-layout-flex wp-block-gallery-is-layout-flex\"> <figure class=\"wp-block-image size-large\"><img loading=\"lazy\" decoding=\"async\" width=\"720\" height=\"540\" data-id=\"236\" src=\"https:\/\/plastic-machines.org\/wp-content\/uploads\/2022\/06\/our-sales-manager-and-our-recycling-machines.webp\" alt=\"notre responsable commercial et nos machines de recyclage\" class=\"wp-image-236\" srcset=\"https:\/\/plastic-machines.org\/wp-content\/uploads\/2022\/06\/our-sales-manager-and-our-recycling-machines.webp 720w, https:\/\/plastic-machines.org\/wp-content\/uploads\/2022\/06\/our-sales-manager-and-our-recycling-machines-300x225.webp 300w\" sizes=\"auto, (max-width: 720px) 100vw, 720px\" \/><figcaption class=\"wp-element-caption\">notre responsable commercial et nos machines de recyclage<\/figcaption><\/figure>    <figure class=\"wp-block-image size-large\"><img loading=\"lazy\" decoding=\"async\" width=\"720\" height=\"540\" data-id=\"237\" src=\"https:\/\/plastic-machines.org\/wp-content\/uploads\/2022\/06\/plastic-pelletizing-line-placed-in-plant.webp\" alt=\"ligne de granulation de plastique plac\u00e9e dans une usine\" class=\"wp-image-237\" srcset=\"https:\/\/plastic-machines.org\/wp-content\/uploads\/2022\/06\/plastic-pelletizing-line-placed-in-plant.webp 720w, https:\/\/plastic-machines.org\/wp-content\/uploads\/2022\/06\/plastic-pelletizing-line-placed-in-plant-300x225.webp 300w\" sizes=\"auto, (max-width: 720px) 100vw, 720px\" \/><figcaption class=\"wp-element-caption\">ligne de granulation de plastique plac\u00e9e dans une usine<\/figcaption><\/figure> <\/figure>    <figure class=\"wp-block-gallery has-nested-images columns-default is-cropped wp-block-gallery-4 is-layout-flex wp-block-gallery-is-layout-flex\"> <figure class=\"wp-block-image size-large\"><img loading=\"lazy\" decoding=\"async\" width=\"720\" height=\"540\" data-id=\"238\" src=\"https:\/\/plastic-machines.org\/wp-content\/uploads\/2022\/06\/plastic-pelletizer.webp\" alt=\"pelletiseur en plastique\" class=\"wp-image-238\" srcset=\"https:\/\/plastic-machines.org\/wp-content\/uploads\/2022\/06\/plastic-pelletizer.webp 720w, https:\/\/plastic-machines.org\/wp-content\/uploads\/2022\/06\/plastic-pelletizer-300x225.webp 300w\" sizes=\"auto, (max-width: 720px) 100vw, 720px\" \/><figcaption class=\"wp-element-caption\">pelletiseur en plastique<\/figcaption><\/figure>    <figure class=\"wp-block-image size-large\"><img loading=\"lazy\" decoding=\"async\" width=\"720\" height=\"540\" data-id=\"239\" src=\"https:\/\/plastic-machines.org\/wp-content\/uploads\/2022\/06\/plastic-granulator-in-factory-.webp\" alt=\"granulateur en plastique en usine\" class=\"wp-image-239\" srcset=\"https:\/\/plastic-machines.org\/wp-content\/uploads\/2022\/06\/plastic-granulator-in-factory-.webp 720w, https:\/\/plastic-machines.org\/wp-content\/uploads\/2022\/06\/plastic-granulator-in-factory--300x225.webp 300w\" sizes=\"auto, (max-width: 720px) 100vw, 720px\" \/><figcaption class=\"wp-element-caption\">granulateur en plastique en usine<\/figcaption><\/figure> <\/figure>    <figure class=\"wp-block-gallery has-nested-images columns-default is-cropped wp-block-gallery-5 is-layout-flex wp-block-gallery-is-layout-flex\"> <figure class=\"wp-block-image size-large\"><img loading=\"lazy\" decoding=\"async\" width=\"720\" height=\"540\" data-id=\"240\" src=\"https:\/\/plastic-machines.org\/wp-content\/uploads\/2022\/06\/plastic-pelletizing-line.webp\" alt=\"ligne de granulation du plastique\" class=\"wp-image-240\" srcset=\"https:\/\/plastic-machines.org\/wp-content\/uploads\/2022\/06\/plastic-pelletizing-line.webp 720w, https:\/\/plastic-machines.org\/wp-content\/uploads\/2022\/06\/plastic-pelletizing-line-300x225.webp 300w\" sizes=\"auto, (max-width: 720px) 100vw, 720px\" \/><figcaption class=\"wp-element-caption\">ligne de granulation du plastique<\/figcaption><\/figure>    <figure class=\"wp-block-image size-large\"><img loading=\"lazy\" decoding=\"async\" width=\"720\" height=\"540\" data-id=\"241\" src=\"https:\/\/plastic-machines.org\/wp-content\/uploads\/2022\/06\/PP-PE-recycling-line.webp\" alt=\"ligne de granulation de recyclage du plastique\" class=\"wp-image-241\" srcset=\"https:\/\/plastic-machines.org\/wp-content\/uploads\/2022\/06\/PP-PE-recycling-line.webp 720w, https:\/\/plastic-machines.org\/wp-content\/uploads\/2022\/06\/PP-PE-recycling-line-300x225.webp 300w\" sizes=\"auto, (max-width: 720px) 100vw, 720px\" \/><figcaption class=\"wp-element-caption\">Ligne de recyclage PP PE<\/figcaption><\/figure> <\/figure>    <figure class=\"wp-block-gallery has-nested-images columns-default is-cropped wp-block-gallery-6 is-layout-flex wp-block-gallery-is-layout-flex\"> <figure class=\"wp-block-image size-large\"><img loading=\"lazy\" decoding=\"async\" width=\"720\" height=\"540\" data-id=\"242\" src=\"https:\/\/plastic-machines.org\/wp-content\/uploads\/2022\/06\/plastic-crusher-.webp\" alt=\"broyeur de plastique\" class=\"wp-image-242\" srcset=\"https:\/\/plastic-machines.org\/wp-content\/uploads\/2022\/06\/plastic-crusher-.webp 720w, https:\/\/plastic-machines.org\/wp-content\/uploads\/2022\/06\/plastic-crusher--300x225.webp 300w\" sizes=\"auto, (max-width: 720px) 100vw, 720px\" \/><figcaption class=\"wp-element-caption\">broyeur de plastique<\/figcaption><\/figure>    <figure class=\"wp-block-image size-large\"><img loading=\"lazy\" decoding=\"async\" width=\"720\" height=\"540\" data-id=\"243\" src=\"https:\/\/plastic-machines.org\/wp-content\/uploads\/2022\/06\/belt-conveyor.webp\" alt=\"convoyeur \u00e0 bande de bonne qualit\u00e9\" class=\"wp-image-243\" srcset=\"https:\/\/plastic-machines.org\/wp-content\/uploads\/2022\/06\/belt-conveyor.webp 720w, https:\/\/plastic-machines.org\/wp-content\/uploads\/2022\/06\/belt-conveyor-300x225.webp 300w\" sizes=\"auto, (max-width: 720px) 100vw, 720px\" \/><figcaption class=\"wp-element-caption\">convoyeur \u00e0 bande de bonne qualit\u00e9<\/figcaption><\/figure> <\/figure>    <h2 class=\"wp-block-heading\">FAQ de l'usine de recyclage du plastique<\/h2>    <div class=\"schema-faq wp-block-yoast-faq-block\"><div class=\"schema-faq-section\" id=\"faq-question-1657088343629\"><strong class=\"schema-faq-question\">Quel est le rendement de la ligne de recyclage des f\u00fbts en plastique\u00a0?<\/strong> <p class=\"schema-faq-answer\">Les machines Shuliy peuvent offrir une capacit\u00e9 de 100 \u00e0 500 kg\/h. Nous avons diff\u00e9rents mod\u00e8les d'unit\u00e9s de granulation, tels que SL-125, SL 160, SL180, SL-220, etc. Tous les mod\u00e8les sont disponibles d\u00e8s maintenant et peuvent \u00eatre choisis selon la demande des clients.<\/p> <\/div> <div class=\"schema-faq-section\" id=\"faq-question-1657089398682\"><strong class=\"schema-faq-question\">Quelles sont les diff\u00e9rences entre le recyclage des sacs plastiques et le recyclage des f\u00fbts en plastique ?<\/strong> <p class=\"schema-faq-answer\">Trois sont trois diff\u00e9rences entre les lignes de recyclage ci-dessus. Pour commencer, \u00e9tant donn\u00e9 que le poids des films plastiques est faible, il n\u2019est pas facile pour eux de tomber dans le granulateur de mani\u00e8re proactive. Par cons\u00e9quent, notre usine fournira un alimentateur forc\u00e9 sur le granulateur. Cependant, si vos mati\u00e8res premi\u00e8res sont des f\u00fbts ou des f\u00fbts en PP PE d'un certain poids, il n'est pas n\u00e9cessaire d'utiliser un gavage.<br><br>Deuxi\u00e8mement, la machine de s\u00e9chage pour les films souples de type plastique est de type vertical, la machine de s\u00e9chage pour les plastiques durs est de type horizontal. Enfin et surtout, les concasseurs pour ces deux mat\u00e9riaux sont \u00e9galement diff\u00e9rents.<\/p> <\/div> <div class=\"schema-faq-section\" id=\"faq-question-1657089477346\"><strong class=\"schema-faq-question\">Quels sont les \u00e9quipements accessoires de la ligne de granulation de recyclage du plastique ?<\/strong> <p class=\"schema-faq-answer\">\u00c0 l'exception des machines principales, la ligne de granulation du plastique comporte \u00e9galement quelques dispositifs accessoires. Il s'agit de convoyeurs automatiques, de r\u00e9servoirs de refroidissement en plastique, de machines de d\u00e9coupe de granul\u00e9s, de filtres \u00e0 gaz r\u00e9siduaires et de bacs de stockage de granul\u00e9s. Si vous avez besoin des machines ci-dessus, n'h\u00e9sitez pas \u00e0 communiquer avec nos responsables commerciaux.<\/p> <\/div> <\/div>    <h2 class=\"wp-block-heading\" id=\"h-success-case-of-plastic-granulation-line\">Cas de r\u00e9ussite d'une ligne de granulation de plastique<\/h2>    <p class=\"translation-block\">Notre<a href=\"https:\/\/plastic-machines.org\/fr\/info\/plastic-granulator-machine-exported-to-ghana\/\"> client du Ghana a achet\u00e9 notre pelletiseur plastique<\/a> pour son usine de recyclage du plastique. Il a collect\u00e9 un grand nombre de barils PP usag\u00e9s et a besoin de les \u00e9craser puis de les granuler. Les pellets plastiques finaux seront vendus sur le march\u00e9 international du plastique recycl\u00e9.<\/p>   <div class=\"wp-block-image\"> <figure class=\"aligncenter size-full\"><img loading=\"lazy\" decoding=\"async\" width=\"720\" height=\"540\" src=\"https:\/\/plastic-machines.org\/wp-content\/uploads\/2022\/06\/successful-case.webp\" alt=\"cas r\u00e9ussi de ligne de granulation de plastique\" class=\"wp-image-227\" srcset=\"https:\/\/plastic-machines.org\/wp-content\/uploads\/2022\/06\/successful-case.webp 720w, https:\/\/plastic-machines.org\/wp-content\/uploads\/2022\/06\/successful-case-300x225.webp 300w\" sizes=\"auto, (max-width: 720px) 100vw, 720px\" \/><figcaption class=\"wp-element-caption\">cas r\u00e9ussi<\/figcaption><\/figure> <\/div>  <div class=\"wp-block-image\"> <figure class=\"aligncenter size-full\"><img loading=\"lazy\" decoding=\"async\" width=\"720\" height=\"540\" src=\"https:\/\/plastic-machines.org\/wp-content\/uploads\/2022\/06\/packing-and-delivery.webp\" alt=\"emballage et livraison de granulateur en plastique\" class=\"wp-image-228\" srcset=\"https:\/\/plastic-machines.org\/wp-content\/uploads\/2022\/06\/packing-and-delivery.webp 720w, https:\/\/plastic-machines.org\/wp-content\/uploads\/2022\/06\/packing-and-delivery-300x225.webp 300w\" sizes=\"auto, (max-width: 720px) 100vw, 720px\" \/><figcaption class=\"wp-element-caption\">emballage et livraison<\/figcaption><\/figure> <\/div>   <h2 class=\"wp-block-heading\">Service de vente de ligne de granulation de recyclage du plastique<\/h2>    <ol class=\"wp-block-list\"> <li>Shuliy Group fournira une solution pour la ligne de granulation de recyclage du plastique dans les 24 heures suivant la r\u00e9ception de votre demande. Une fois que le client et le directeur commercial ont confirm\u00e9 chaque d\u00e9tail, la commande finale est pass\u00e9e et l'usine de Shuliy organise la livraison de l'\u00e9quipement. Si le client a des exigences particuli\u00e8res en mati\u00e8re de personnalisation, nous organisons une livraison rapide une fois l'\u00e9quipement fabriqu\u00e9.<\/li>    <li>Notre responsable commercial accompagnera le client tout au long du processus d'acceptation de l'\u00e9quipement, et assistera le client dans l'installation de la machine de recyclage du plastique et d'autres machines auxiliaires.<\/li>    <li>Si les clients rencontrent des difficult\u00e9s d\u2019installation, notre soci\u00e9t\u00e9 envoie du personnel technique sur le site du client pour guider l\u2019installation. Ensuite, notre ing\u00e9nieur formera l'op\u00e9rateur local \u00e0 son utilisation.<\/li>    <li>Nous faisons toujours de notre mieux pour servir nos clients, \u00e0 l'exception des pi\u00e8ces d'usure, la soci\u00e9t\u00e9 Shuliy offre une garantie d'un an et d'autres services apr\u00e8s-vente pour la ligne de granulation de recyclage du plastique.<\/li> <\/ol>","protected":false},"excerpt":{"rendered":"<p>This plastic recycling granulating line is mainly used for the recycling and granulation of hard waste plastics. The main equipment of this plastic recycling plant includes plastic crushing machine, washing tank, dryer, plastic pelletizer, storage bin, and so on. Shuliy Group can match different plastic recycling machines according to customers&#8217; different conditions, like raw materials, [&hellip;]<\/p>\n","protected":false},"author":1,"featured_media":1411,"parent":0,"template":"","tags":[37,50,44,51],"product-type":[13],"class_list":["post-41","product","type-product","status-publish","has-post-thumbnail","hentry","tag-hdpe","tag-pellet","tag-pp","tag-rigid","product-type-plastic-recycling-lines"],"taxonomy_info":{"post_tag":[{"value":37,"label":"HDPE"},{"value":50,"label":"pellet"},{"value":44,"label":"PP"},{"value":51,"label":"rigid"}],"product-type":[{"value":13,"label":"Plastic Recycling Lines"}]},"featured_image_src_large":["https:\/\/plastic-machines.org\/wp-content\/uploads\/2022\/06\/Plastic-Recycling-Granulating-Line.webp",720,540,false],"author_info":{"display_name":"Ella","author_link":"https:\/\/plastic-machines.org\/fr\/author\/admin\/"},"comment_info":"","_links":{"self":[{"href":"https:\/\/plastic-machines.org\/fr\/wp-json\/wp\/v2\/product\/41","targetHints":{"allow":["GET"]}}],"collection":[{"href":"https:\/\/plastic-machines.org\/fr\/wp-json\/wp\/v2\/product"}],"about":[{"href":"https:\/\/plastic-machines.org\/fr\/wp-json\/wp\/v2\/types\/product"}],"author":[{"embeddable":true,"href":"https:\/\/plastic-machines.org\/fr\/wp-json\/wp\/v2\/users\/1"}],"wp:featuredmedia":[{"embeddable":true,"href":"https:\/\/plastic-machines.org\/fr\/wp-json\/wp\/v2\/media\/1411"}],"wp:attachment":[{"href":"https:\/\/plastic-machines.org\/fr\/wp-json\/wp\/v2\/media?parent=41"}],"wp:term":[{"taxonomy":"post_tag","embeddable":true,"href":"https:\/\/plastic-machines.org\/fr\/wp-json\/wp\/v2\/tags?post=41"},{"taxonomy":"product-type","embeddable":true,"href":"https:\/\/plastic-machines.org\/fr\/wp-json\/wp\/v2\/product-type?post=41"}],"curies":[{"name":"wp","href":"https:\/\/api.w.org\/{rel}","templated":true}]}}