{"id":314,"date":"2022-07-13T10:39:43","date_gmt":"2022-07-13T10:39:43","guid":{"rendered":"https:\/\/plastic-machines.org\/?post_type=product&#038;p=314"},"modified":"2024-12-27T10:13:06","modified_gmt":"2024-12-27T02:13:06","slug":"eps-pelletizing-machine","status":"publish","type":"product","link":"https:\/\/plastic-machines.org\/fr\/product\/eps-pelletizing-machine\/","title":{"rendered":"Machine de pelletisation EPS pour le recyclage de la mousse plastique"},"content":{"rendered":"<div class=\"kk-star-ratings kksr-auto kksr-align-left kksr-valign-top\"     data-payload='{&quot;align&quot;:&quot;left&quot;,&quot;id&quot;:&quot;314&quot;,&quot;slug&quot;:&quot;default&quot;,&quot;valign&quot;:&quot;top&quot;,&quot;ignore&quot;:&quot;&quot;,&quot;reference&quot;:&quot;auto&quot;,&quot;class&quot;:&quot;&quot;,&quot;count&quot;:&quot;5&quot;,&quot;legendonly&quot;:&quot;&quot;,&quot;readonly&quot;:&quot;&quot;,&quot;score&quot;:&quot;5&quot;,&quot;starsonly&quot;:&quot;&quot;,&quot;best&quot;:&quot;5&quot;,&quot;gap&quot;:&quot;5&quot;,&quot;greet&quot;:&quot;Rate this product&quot;,&quot;legend&quot;:&quot;5\\\/5 - (5 votes)&quot;,&quot;size&quot;:&quot;24&quot;,&quot;title&quot;:&quot;EPS Pelletizing Machine for Plastic Foam Recycling&quot;,&quot;width&quot;:&quot;142.5&quot;,&quot;_legend&quot;:&quot;{score}\\\/{best} - ({count} {votes})&quot;,&quot;font_factor&quot;:&quot;1.25&quot;}'>              <div class=\"kksr-stars\">      <div class=\"kksr-stars-inactive\">             <div class=\"kksr-star\" data-star=\"1\" style=\"padding-right: 5px\">               <div class=\"kksr-icon\" style=\"width: 24px; height: 24px;\"><\/div>         <\/div>             <div class=\"kksr-star\" data-star=\"2\" style=\"padding-right: 5px\">               <div class=\"kksr-icon\" style=\"width: 24px; height: 24px;\"><\/div>         <\/div>             <div class=\"kksr-star\" data-star=\"3\" style=\"padding-right: 5px\">               <div class=\"kksr-icon\" style=\"width: 24px; height: 24px;\"><\/div>         <\/div>             <div class=\"kksr-star\" data-star=\"4\" style=\"padding-right: 5px\">               <div class=\"kksr-icon\" style=\"width: 24px; height: 24px;\"><\/div>         <\/div>             <div class=\"kksr-star\" data-star=\"5\" style=\"padding-right: 5px\">               <div class=\"kksr-icon\" style=\"width: 24px; height: 24px;\"><\/div>         <\/div>     <\/div>      <div class=\"kksr-stars-active\" style=\"width: 142.5px;\">             <div class=\"kksr-star\" style=\"padding-right: 5px\">               <div class=\"kksr-icon\" style=\"width: 24px; height: 24px;\"><\/div>         <\/div>             <div class=\"kksr-star\" style=\"padding-right: 5px\">               <div class=\"kksr-icon\" style=\"width: 24px; height: 24px;\"><\/div>         <\/div>             <div class=\"kksr-star\" style=\"padding-right: 5px\">               <div class=\"kksr-icon\" style=\"width: 24px; height: 24px;\"><\/div>         <\/div>             <div class=\"kksr-star\" style=\"padding-right: 5px\">               <div class=\"kksr-icon\" style=\"width: 24px; height: 24px;\"><\/div>         <\/div>             <div class=\"kksr-star\" style=\"padding-right: 5px\">               <div class=\"kksr-icon\" style=\"width: 24px; height: 24px;\"><\/div>         <\/div>     <\/div> <\/div>                   <div class=\"kksr-legend\" style=\"font-size: 19.2px;\">             5\/5 - (5 votes)    <\/div>     <\/div>  <p>La machine de granulation EPS est un \u00e9quipement professionnel dans l'industrie du recyclage de la mousse plastique, sp\u00e9cifiquement destin\u00e9e aux d\u00e9chets de polystyr\u00e8ne (polystyr\u00e8ne). La structure du granulateur de polystyr\u00e8ne est compacte et raisonnable, et le co\u00fbt d'investissement est faible, ce qui en fait la machine de recyclage PSE id\u00e9ale.<\/p>    <h2 class=\"wp-block-heading\" id=\"h-applications-of-eps-granulator\">Applications du granulateur EPS<\/h2>    <p class=\"translation-block\">La machine de recyclage du polystyr\u00e8ne peut \u00eatre associ\u00e9e \u00e0 un broyeur de mousse et \u00e0 une machine de d\u00e9coupe de granul\u00e9s, qui sont l'\u00e9quipement de base de la <a href=\"https:\/\/plastic-machines.org\/fr\/product\/plastic-foam-pelletizing-line\/\">ligne de recyclage de mousse plastique<\/a>. La ligne de recyclage peut broyer, extruder, refroidir et granuler les bo\u00eetes de restauration rapide en mousse, les bo\u00eetes fra\u00eeches en mousse, les mat\u00e9riaux d'isolation, les mousses d'emballage pour meubles, etc. afin que les d\u00e9chets de mousse deviennent les granul\u00e9s EPS recycl\u00e9s les plus vendus sur le march\u00e9. La machine granulateur de mousse r\u00e9pond aux exigences \u00e9lev\u00e9es de granulation des mousses plastiques EPS \u00e0 ultra basse densit\u00e9.<\/p>   <div class=\"wp-block-image\"> <figure class=\"aligncenter size-full\"><img loading=\"lazy\" decoding=\"async\" width=\"720\" height=\"540\" src=\"https:\/\/plastic-machines.org\/wp-content\/uploads\/2022\/07\/raw-materials-.webp\" alt=\"mati\u00e8res premi\u00e8res de la machine de granulation EPS\" class=\"wp-image-326\" srcset=\"https:\/\/plastic-machines.org\/wp-content\/uploads\/2022\/07\/raw-materials-.webp 720w, https:\/\/plastic-machines.org\/wp-content\/uploads\/2022\/07\/raw-materials--300x225.webp 300w\" sizes=\"auto, (max-width: 720px) 100vw, 720px\" \/><figcaption class=\"wp-element-caption\">mati\u00e8res premi\u00e8res de la machine de granulation EPS<\/figcaption><\/figure> <\/div>   <h2 class=\"wp-block-heading\" id=\"h-final-product-of-eps-foam-pelletizing-machine\">Produit final de la machine de granulation de mousse EPS<\/h2>    <p>Apr\u00e8s recyclage, les granul\u00e9s finaux sont des granul\u00e9s EPS recycl\u00e9s, ils ont une texture dure, une taille uniforme, une brillance \u00e9lev\u00e9e et un large \u00e9ventail d'utilisations. Les principales utilisations comprennent les panneaux isolants ext\u00e9rieurs des b\u00e2timents, les parties transparentes des b\u00e2timents publics, les instruments optiques, les mod\u00e8les transparents, etc. Les fabricants les plus demand\u00e9s sont principalement les usines de murs isolants pour murs ext\u00e9rieurs, les usines de cadres photo et les usines de panneaux d\u2019affichage.<\/p>   <div class=\"wp-block-image\"> <figure class=\"aligncenter size-full\"><img loading=\"lazy\" decoding=\"async\" width=\"720\" height=\"540\" src=\"https:\/\/plastic-machines.org\/wp-content\/uploads\/2022\/07\/EPS-pellets.webp\" alt=\"Granul\u00e9s PSE\" class=\"wp-image-318\" srcset=\"https:\/\/plastic-machines.org\/wp-content\/uploads\/2022\/07\/EPS-pellets.webp 720w, https:\/\/plastic-machines.org\/wp-content\/uploads\/2022\/07\/EPS-pellets-300x225.webp 300w\" sizes=\"auto, (max-width: 720px) 100vw, 720px\" \/><figcaption class=\"wp-element-caption\">Granul\u00e9s PSE<\/figcaption><\/figure> <\/div>   <h2 class=\"wp-block-heading\" id=\"h-plastic-foam-granulator-structures\">Structures de granulateurs en polystyr\u00e8ne<\/h2>    <p>En g\u00e9n\u00e9ral, la machine de recyclage de polystyr\u00e8ne est souvent utilis\u00e9e en combinaison avec un broyeur de mousse et une piscine de refroidissement. Le broyeur de polystyr\u00e8ne est plus facile \u00e0 alimenter en l\u2019utilisant horizontalement. Le granulateur EPS est constitu\u00e9 d'une sous-machine et cette combinaison permet au plastique de fondre plus compl\u00e8tement.<\/p>   <div class=\"wp-block-image\"> <figure class=\"aligncenter size-full\"><img loading=\"lazy\" decoding=\"async\" width=\"720\" height=\"540\" src=\"https:\/\/plastic-machines.org\/wp-content\/uploads\/2022\/07\/4-EPS-foam-granulator-machine-structure1.webp\" alt=\"Structure-machine-granulateur-mousse-EPS\" class=\"wp-image-320\" srcset=\"https:\/\/plastic-machines.org\/wp-content\/uploads\/2022\/07\/4-EPS-foam-granulator-machine-structure1.webp 720w, https:\/\/plastic-machines.org\/wp-content\/uploads\/2022\/07\/4-EPS-foam-granulator-machine-structure1-300x225.webp 300w\" sizes=\"auto, (max-width: 720px) 100vw, 720px\" \/><figcaption class=\"wp-element-caption\">Structure-machine-granulateur-mousse-EPS<\/figcaption><\/figure> <\/div>   <h2 class=\"wp-block-heading\">Avantages de la machine de recyclage EPS<\/h2>    <ul class=\"wp-block-list\"> <li>Le fabricant Shuliy propose une gamme compl\u00e8te de technologies de recyclage du plastique et une qualit\u00e9 fiable. Nous disposons \u00e9galement d\u2019un service apr\u00e8s-vente parfait. Si vous \u00eates novice, vous pouvez acheter en toute confiance, nos techniciens professionnels vous expliqueront comment fonctionner.<\/li>    <li>Le granulateur en plastique EPS est fabriqu\u00e9 en acier au plomb \u00e0 structure de carbone, durable et difficile \u00e0 d\u00e9former, qui a une capacit\u00e9 \u00e9lev\u00e9e et une longue dur\u00e9e de vie.<\/li>    <li>L'ensemble des machines de granulation EPS dispose d'installations de support parfaites et couvre une zone de produits finis de petite taille et de haute qualit\u00e9.<\/li>    <li>La machine de granulation de mousse utilise pleinement le chauffage par friction \u00e0 haute pression et la production de chauffage automatique, ce qui peut \u00e9viter de chauffer en continu et \u00e9conomiser davantage d'\u00e9nergie.<\/li> <\/ul>    <h2 class=\"wp-block-heading\">Param\u00e8tres de la machine de granulation de mousse EPS<\/h2>    <p>Le granulateur EPS dispose de six mod\u00e8les, les clients peuvent en choisir un en fonction de leurs demandes et de leur capacit\u00e9.<\/p>    <figure class=\"wp-block-table\"><table><tbody><tr><td>Mod\u00e8le<\/td><td>Capacit\u00e9 (KG\/H)<\/td><td>Moteur principal (KW)<\/td><\/tr><tr><td>220<br>(Double R\u00e9ducteur)<\/td><td>150-175<\/td><td>15<\/td><\/tr><tr><td>270<br>(Double R\u00e9ducteur)<\/td><td>200-225<\/td><td>18.5<\/td><\/tr><tr><td>220<br>(R\u00e9ducteur simple)<\/td><td>150-175<\/td><td>15<\/td><\/tr><tr><td>270<br>(R\u00e9ducteur simple)<\/td><td>200-225<\/td><td>18.5<\/td><\/tr><tr><td>320<br>(Double R\u00e9ducteur)<\/td><td>275-300<\/td><td>18.5<\/td><\/tr><tr><td>350<br>(Double R\u00e9ducteur)<\/td><td>325-375<\/td><td>22<\/td><\/tr><\/tbody><\/table><\/figure>    <h2 class=\"wp-block-heading\" id=\"h-plastic-foam-granulator-plant-display\">Affichage de l'usine de machine de recyclage EPS<\/h2>   <div class=\"wp-block-image\"> <figure class=\"aligncenter size-full\"><img loading=\"lazy\" decoding=\"async\" width=\"720\" height=\"540\" src=\"https:\/\/plastic-machines.org\/wp-content\/uploads\/2022\/07\/EPS-pelletizer.webp\" alt=\"Pelletiseur PSE\" class=\"wp-image-202\" srcset=\"https:\/\/plastic-machines.org\/wp-content\/uploads\/2022\/07\/EPS-pelletizer.webp 720w, https:\/\/plastic-machines.org\/wp-content\/uploads\/2022\/07\/EPS-pelletizer-300x225.webp 300w\" sizes=\"auto, (max-width: 720px) 100vw, 720px\" \/><figcaption class=\"wp-element-caption\">Machine de granulation EPS<\/figcaption><\/figure> <\/div>  <div class=\"wp-block-image\"> <figure class=\"aligncenter size-full\"><img loading=\"lazy\" decoding=\"async\" width=\"720\" height=\"540\" src=\"https:\/\/plastic-machines.org\/wp-content\/uploads\/2022\/07\/our-factory.webp\" alt=\"notre usine de machine de recyclage de mousse plastique\" class=\"wp-image-205\" srcset=\"https:\/\/plastic-machines.org\/wp-content\/uploads\/2022\/07\/our-factory.webp 720w, https:\/\/plastic-machines.org\/wp-content\/uploads\/2022\/07\/our-factory-300x225.webp 300w\" sizes=\"auto, (max-width: 720px) 100vw, 720px\" \/><figcaption class=\"wp-element-caption\">Usine Shuliy de machine de recyclage EPS<\/figcaption><\/figure> <\/div>   <h2 class=\"wp-block-heading\">Entretien de la machine de granulation EPS <\/h2>    <p>Toute machine n\u00e9cessite un entretien r\u00e9gulier, et une machine de granulation EPS ne fait pas exception. Apr\u00e8s une p\u00e9riode d'utilisation du broyeur \u00e0 granul\u00e9s, certains clients constatent que la rotation de la machine de recyclage de mousse n'est pas non plus aussi flexible qu'auparavant. La cause de ce probl\u00e8me est relativement simple. Manque d'huile de la machine ou poussi\u00e8re du ch\u00e2ssis caus\u00e9e par plus. Nous pouvons v\u00e9rifier le fonctionnement des rouleaux tous les six mois, graisser et remplacer en temps opportun les roulements us\u00e9s ou endommag\u00e9s.<\/p>    <p>Les op\u00e9rateurs doivent nettoyer la coupelle d'huile, le r\u00e9servoir d'huile, le pipeline et le filtre apr\u00e8s 500 heures de production, puis ajouter une nouvelle huile de filtre. Nettoyez la poussi\u00e8re et la salet\u00e9 dans le bo\u00eetier de commande \u00e9lectrique une fois tous les trimestres ou six mois, v\u00e9rifiez la quantit\u00e9 de lubrifiant du r\u00e9servoir d'huile et remplissez la quantit\u00e9 de lubrifiant \u00e0 temps.<\/p>    <h2 class=\"wp-block-heading\">Services du granulateur EPS Shuliy Machinery<\/h2>    <ul class=\"wp-block-list\"> <li>Nous offrons un service de consultation de produits gratuit mais professionnel. Normalement, nos conseillers commerciaux vous r\u00e9pondront dans les 24 heures.<\/li>    <li>Vous \u00eates chaleureusement invit\u00e9s \u00e0 visiter notre usine pour voir la machine de recyclage de mousse plastique EPS. Si vous ne pouvez pas visiter l'usine, notre personnel vous enverra des photos et des vid\u00e9os, n'h\u00e9sitez pas \u00e0 nous contacter.<\/li>    <li>Des ing\u00e9nieurs apr\u00e8s-vente sont disponibles pour vous accompagner dans l\u2019installation de votre machine. Une fois la machine arriv\u00e9e, nos ing\u00e9nieurs seront en ligne pour vous aider \u00e0 configurer et d\u00e9boguer la machine.<\/li>    <li>Toutes les machines de recyclage EPS de Shuliy Machinery sont couvertes par une garantie gratuite d'un an. N'h\u00e9sitez pas \u00e0 nous contacter.<\/li> <\/ul>","protected":false},"excerpt":{"rendered":"<p>EPS pelletizing machine is a professional equipment in the plastic foam recycling industry, which is specifically for waste styrofoam (polystyrene). The styrofoam granulator structure is compact and reasonable, and the investment cost is low, which is the ideal EPS recycling machine. Applications of EPS granulator The polystyrene recycling machine can be matched with a foam [&hellip;]<\/p>\n","protected":false},"author":1,"featured_media":442,"parent":0,"template":"","tags":[43],"product-type":[9],"class_list":["post-314","product","type-product","status-publish","has-post-thumbnail","hentry","tag-eps","product-type-plastic-pelletizer"],"taxonomy_info":{"post_tag":[{"value":43,"label":"EPS"}],"product-type":[{"value":9,"label":"Plastic Pelletizer"}]},"featured_image_src_large":["https:\/\/plastic-machines.org\/wp-content\/uploads\/2022\/06\/EPS-Pelletizing-Machine1.webp",720,540,false],"author_info":{"display_name":"Ella","author_link":"https:\/\/plastic-machines.org\/fr\/author\/admin\/"},"comment_info":"","_links":{"self":[{"href":"https:\/\/plastic-machines.org\/fr\/wp-json\/wp\/v2\/product\/314","targetHints":{"allow":["GET"]}}],"collection":[{"href":"https:\/\/plastic-machines.org\/fr\/wp-json\/wp\/v2\/product"}],"about":[{"href":"https:\/\/plastic-machines.org\/fr\/wp-json\/wp\/v2\/types\/product"}],"author":[{"embeddable":true,"href":"https:\/\/plastic-machines.org\/fr\/wp-json\/wp\/v2\/users\/1"}],"wp:featuredmedia":[{"embeddable":true,"href":"https:\/\/plastic-machines.org\/fr\/wp-json\/wp\/v2\/media\/442"}],"wp:attachment":[{"href":"https:\/\/plastic-machines.org\/fr\/wp-json\/wp\/v2\/media?parent=314"}],"wp:term":[{"taxonomy":"post_tag","embeddable":true,"href":"https:\/\/plastic-machines.org\/fr\/wp-json\/wp\/v2\/tags?post=314"},{"taxonomy":"product-type","embeddable":true,"href":"https:\/\/plastic-machines.org\/fr\/wp-json\/wp\/v2\/product-type?post=314"}],"curies":[{"name":"wp","href":"https:\/\/api.w.org\/{rel}","templated":true}]}}