{"id":302,"date":"2022-07-12T10:45:36","date_gmt":"2022-07-12T10:45:36","guid":{"rendered":"https:\/\/plastic-machines.org\/?post_type=product&#038;p=302"},"modified":"2026-01-29T14:58:38","modified_gmt":"2026-01-29T06:58:38","slug":"plastic-float-sink-tank","status":"publish","type":"product","link":"https:\/\/plastic-machines.org\/fr\/product\/plastic-float-sink-tank\/","title":{"rendered":"R\u00e9servoir de flottation en plastique pour le lavage et la s\u00e9paration de flocons de haute puret\u00e9"},"content":{"rendered":"<div class=\"kk-star-ratings kksr-auto kksr-align-left kksr-valign-top\"     data-payload='{&quot;align&quot;:&quot;left&quot;,&quot;id&quot;:&quot;302&quot;,&quot;slug&quot;:&quot;default&quot;,&quot;valign&quot;:&quot;top&quot;,&quot;ignore&quot;:&quot;&quot;,&quot;reference&quot;:&quot;auto&quot;,&quot;class&quot;:&quot;&quot;,&quot;count&quot;:&quot;1&quot;,&quot;legendonly&quot;:&quot;&quot;,&quot;readonly&quot;:&quot;&quot;,&quot;score&quot;:&quot;5&quot;,&quot;starsonly&quot;:&quot;&quot;,&quot;best&quot;:&quot;5&quot;,&quot;gap&quot;:&quot;5&quot;,&quot;greet&quot;:&quot;Rate this product&quot;,&quot;legend&quot;:&quot;5\\\/5 - (1 vote)&quot;,&quot;size&quot;:&quot;24&quot;,&quot;title&quot;:&quot;Plastic Float Sink Tank for High-Purity Flake Washing Separating&quot;,&quot;width&quot;:&quot;142.5&quot;,&quot;_legend&quot;:&quot;{score}\\\/{best} - ({count} {votes})&quot;,&quot;font_factor&quot;:&quot;1.25&quot;}'>              <div class=\"kksr-stars\">      <div class=\"kksr-stars-inactive\">             <div class=\"kksr-star\" data-star=\"1\" style=\"padding-right: 5px\">               <div class=\"kksr-icon\" style=\"width: 24px; height: 24px;\"><\/div>         <\/div>             <div class=\"kksr-star\" data-star=\"2\" style=\"padding-right: 5px\">               <div class=\"kksr-icon\" style=\"width: 24px; height: 24px;\"><\/div>         <\/div>             <div class=\"kksr-star\" data-star=\"3\" style=\"padding-right: 5px\">               <div class=\"kksr-icon\" style=\"width: 24px; height: 24px;\"><\/div>         <\/div>             <div class=\"kksr-star\" data-star=\"4\" style=\"padding-right: 5px\">               <div class=\"kksr-icon\" style=\"width: 24px; height: 24px;\"><\/div>         <\/div>             <div class=\"kksr-star\" data-star=\"5\" style=\"padding-right: 5px\">               <div class=\"kksr-icon\" style=\"width: 24px; height: 24px;\"><\/div>         <\/div>     <\/div>      <div class=\"kksr-stars-active\" style=\"width: 142.5px;\">             <div class=\"kksr-star\" style=\"padding-right: 5px\">               <div class=\"kksr-icon\" style=\"width: 24px; height: 24px;\"><\/div>         <\/div>             <div class=\"kksr-star\" style=\"padding-right: 5px\">               <div class=\"kksr-icon\" style=\"width: 24px; height: 24px;\"><\/div>         <\/div>             <div class=\"kksr-star\" style=\"padding-right: 5px\">               <div class=\"kksr-icon\" style=\"width: 24px; height: 24px;\"><\/div>         <\/div>             <div class=\"kksr-star\" style=\"padding-right: 5px\">               <div class=\"kksr-icon\" style=\"width: 24px; height: 24px;\"><\/div>         <\/div>             <div class=\"kksr-star\" style=\"padding-right: 5px\">               <div class=\"kksr-icon\" style=\"width: 24px; height: 24px;\"><\/div>         <\/div>     <\/div> <\/div>                   <div class=\"kksr-legend\" style=\"font-size: 19.2px;\">             5\/5 - (1 vote)    <\/div>     <\/div>  <p>Le r\u00e9servoir d'\u00e9vier \u00e0 flotteur en plastique est l'une des machines les plus populaires de la ligne de recyclage de bouteilles en plastique, \u00e9galement appel\u00e9e r\u00e9servoir de s\u00e9paration PP PE. Le r\u00e9servoir de s\u00e9paration utilise diff\u00e9rentes densit\u00e9s de plastique pour rejeter les bouchons de bouteilles en PP ou PE, s\u00e9lectionnant ainsi des morceaux de PET propres et garantissant la puret\u00e9 du produit.<\/p>    <h2 class=\"wp-block-heading\" id=\"h-pet-bottle-washing-machine-application\">Application de machine \u00e0 laver les bouteilles PET <\/h2>    <p class=\"translation-block\">En g\u00e9n\u00e9ral, les bouteilles PET recycl\u00e9es seront envoy\u00e9es dans un r\u00e9servoir de s\u00e9paration PP PE apr\u00e8s <a href=\"https:\/\/plastic-machines.org\/fr\/product\/plastic-bottle-crusher\/\">l crushing<\/a>. Comme les bouchons des bouteilles en plastique sont fabriqu\u00e9s en PP ou PE, il est n\u00e9cessaire de les s\u00e9parer des copeaux PET. Ce n\u2019est qu\u2019apr\u00e8s que le mat\u00e9riau PET propre est s\u00e9par\u00e9 que le processus de nettoyage suivant peut commencer.<\/p>    <h2 class=\"wp-block-heading\">Pourquoi une cuve de s\u00e9paration par flottation et sinking PET est-elle essentielle ?<\/h2>    <p>\u00ab Sur le march\u00e9 concurrentiel du rPET, la puret\u00e9 des flocons n\u2019est pas une caract\u00e9ristique \u2014 c\u2019est votre monnaie. Une contamination de seulement 1 % de PP\/PE dans vos flocons de PET peut r\u00e9duire drastiquement la valeur marchande du mat\u00e9riau et limiter ses applications, le disqualifiant pour des secteurs \u00e0 haute rentabilit\u00e9 comme la production de fibres ou le recyclage bouteille \u00e0 bouteille. \u00bb <\/p>    <p>The sink-float separation tank acts as the primary guardian of your product&#8217;s purity and, ultimately, your profitability. It is the most cost-effective bulk separation method to remove polyolefin (PP\/PE) caps and labels, ensuring the final rPET flakes meet stringent quality standards (e.g., contamination levels below 100ppm).&#8221;<\/p>    <h2 class=\"wp-block-heading\">Affichage d'usine du r\u00e9servoir d'\u00e9vier \u00e0 flotteur en plastique<\/h2>    <figure class=\"wp-block-gallery has-nested-images columns-default is-cropped wp-block-gallery-2 is-layout-flex wp-block-gallery-is-layout-flex\"> <figure class=\"wp-block-image size-large\"><img loading=\"lazy\" decoding=\"async\" width=\"720\" height=\"540\" data-id=\"305\" src=\"https:\/\/plastic-machines.org\/wp-content\/uploads\/2022\/07\/plastic-washing-tank.webp\" alt=\"cuve de lavage en plastique\" class=\"wp-image-305\" srcset=\"https:\/\/plastic-machines.org\/wp-content\/uploads\/2022\/07\/plastic-washing-tank.webp 720w, https:\/\/plastic-machines.org\/wp-content\/uploads\/2022\/07\/plastic-washing-tank-300x225.webp 300w\" sizes=\"auto, (max-width: 720px) 100vw, 720px\" \/><figcaption class=\"wp-element-caption\">cuve de lavage en plastique<\/figcaption><\/figure>    <figure class=\"wp-block-image size-large\"><img loading=\"lazy\" decoding=\"async\" width=\"720\" height=\"540\" data-id=\"306\" src=\"https:\/\/plastic-machines.org\/wp-content\/uploads\/2022\/07\/PP-PE-separating-tank-in-plant.webp\" alt=\"R\u00e9servoir de s\u00e9paration PP PE en usine\" class=\"wp-image-306\" srcset=\"https:\/\/plastic-machines.org\/wp-content\/uploads\/2022\/07\/PP-PE-separating-tank-in-plant.webp 720w, https:\/\/plastic-machines.org\/wp-content\/uploads\/2022\/07\/PP-PE-separating-tank-in-plant-300x225.webp 300w\" sizes=\"auto, (max-width: 720px) 100vw, 720px\" \/><figcaption class=\"wp-element-caption\">R\u00e9servoir de s\u00e9paration PP PE en usine<\/figcaption><\/figure> <\/figure>    <figure class=\"wp-block-gallery has-nested-images columns-default is-cropped wp-block-gallery-3 is-layout-flex wp-block-gallery-is-layout-flex\"> <figure class=\"wp-block-image size-large\"><img loading=\"lazy\" decoding=\"async\" width=\"720\" height=\"540\" data-id=\"307\" src=\"https:\/\/plastic-machines.org\/wp-content\/uploads\/2022\/07\/plastic-float-sink-tank-in-plant-.webp\" alt=\"r\u00e9servoir d&#039;\u00e9vier \u00e0 flotteur en plastique dans l&#039;usine\" class=\"wp-image-307\" srcset=\"https:\/\/plastic-machines.org\/wp-content\/uploads\/2022\/07\/plastic-float-sink-tank-in-plant-.webp 720w, https:\/\/plastic-machines.org\/wp-content\/uploads\/2022\/07\/plastic-float-sink-tank-in-plant--300x225.webp 300w\" sizes=\"auto, (max-width: 720px) 100vw, 720px\" \/><figcaption class=\"wp-element-caption\">r\u00e9servoir d'\u00e9vier \u00e0 flotteur en plastique dans l'usine<\/figcaption><\/figure>    <figure class=\"wp-block-image size-large\"><img loading=\"lazy\" decoding=\"async\" width=\"720\" height=\"540\" data-id=\"308\" src=\"https:\/\/plastic-machines.org\/wp-content\/uploads\/2022\/07\/plastic-float-sink-tank.webp\" alt=\"r\u00e9servoir d&#039;\u00e9vier \u00e0 flotteur en plastique\" class=\"wp-image-308\" srcset=\"https:\/\/plastic-machines.org\/wp-content\/uploads\/2022\/07\/plastic-float-sink-tank.webp 720w, https:\/\/plastic-machines.org\/wp-content\/uploads\/2022\/07\/plastic-float-sink-tank-300x225.webp 300w\" sizes=\"auto, (max-width: 720px) 100vw, 720px\" \/><figcaption class=\"wp-element-caption\">r\u00e9servoir d'\u00e9vier \u00e0 flotteur en plastique<\/figcaption><\/figure> <\/figure>    <figure class=\"wp-block-gallery has-nested-images columns-default is-cropped wp-block-gallery-4 is-layout-flex wp-block-gallery-is-layout-flex\"> <figure class=\"wp-block-image size-large\"><img loading=\"lazy\" decoding=\"async\" width=\"720\" height=\"540\" data-id=\"310\" src=\"https:\/\/plastic-machines.org\/wp-content\/uploads\/2022\/07\/PET-Bottle-Washing-Separating-Machine.webp\" alt=\"R\u00e9servoir d&#039;\u00e9vier \u00e0 flotteur en plastique pour le recyclage des bouteilles PET\" class=\"wp-image-310\" srcset=\"https:\/\/plastic-machines.org\/wp-content\/uploads\/2022\/07\/PET-Bottle-Washing-Separating-Machine.webp 720w, https:\/\/plastic-machines.org\/wp-content\/uploads\/2022\/07\/PET-Bottle-Washing-Separating-Machine-300x225.webp 300w\" sizes=\"auto, (max-width: 720px) 100vw, 720px\" \/><figcaption class=\"wp-element-caption\">r\u00e9servoir d'\u00e9vier \u00e0 flotteur en plastique<\/figcaption><\/figure>    <figure class=\"wp-block-image size-large\"><img loading=\"lazy\" decoding=\"async\" width=\"720\" height=\"540\" data-id=\"311\" src=\"https:\/\/plastic-machines.org\/wp-content\/uploads\/2022\/07\/PP-PE-separating-tank.webp\" alt=\"R\u00e9servoir de s\u00e9paration PP PE\" class=\"wp-image-311\" srcset=\"https:\/\/plastic-machines.org\/wp-content\/uploads\/2022\/07\/PP-PE-separating-tank.webp 720w, https:\/\/plastic-machines.org\/wp-content\/uploads\/2022\/07\/PP-PE-separating-tank-300x225.webp 300w\" sizes=\"auto, (max-width: 720px) 100vw, 720px\" \/><figcaption class=\"wp-element-caption\">R\u00e9servoir de s\u00e9paration PP PE<\/figcaption><\/figure> <\/figure>    <h2 class=\"wp-block-heading\">Pourquoi avez-vous besoin d\u2019un r\u00e9servoir d\u2019\u00e9vier flottant en plastique ?<\/h2>    <p>La plupart des bouteilles de boissons et des bouteilles d'eau min\u00e9rale sont en plastique PET, et le plastique PET est un mat\u00e9riau recyclable 100%. Ainsi, le plastique PET et le rPET (plastique PET recycl\u00e9) peuvent \u00eatre recycl\u00e9s pour fabriquer \u00e0 nouveau de nouveaux produits, tels que des v\u00eatements, des tapis, des produits industriels et de nouvelles bouteilles en plastique.<\/p>    <p class=\"translation-block\">Apr\u00e8s que les bouteilles en plastique ont \u00e9t\u00e9 pulv\u00e9ris\u00e9es, elles doivent \u00eatre d\u00e9pulv\u00e9ris\u00e9es et soigneusement nettoy\u00e9es par le r\u00e9servoir de s\u00e9paration PP PE, ce qui est fait pour obtenir une seule vari\u00e9t\u00e9 de flocons de plastique PET. Au lieu d\u2019un m\u00e9lange de plastique m\u00eal\u00e9 \u00e0 des flocons de PP ou PE. Le plastique PET pur est reconstitu\u00e9 en particules de plastique brut dans un moule et enfin utilis\u00e9 pour la production de nouveaux produits. Par cons\u00e9quent, il est n\u00e9cessaire dans une <a href=\"https:\/\/plastic-machines.org\/fr\/product\/ligne-de-recyclage-de-bouteilles-en-pet\/\">usine de recyclage de bouteilles PET<\/a>.<\/p>    <h2 class=\"wp-block-heading\">Fonctionnement : Un aper\u00e7u du processus de s\u00e9paration<\/h2>    <p>Notre cuve de flottation exploite le principe fondamental de la densit\u00e9 des mat\u00e9riaux dans un processus soigneusement con\u00e7u :<\/p>    <ul class=\"wp-block-list\"> <li>Alimentation : Les flocons de plastique broy\u00e9s et pr\u00e9-lav\u00e9s (un m\u00e9lange de PET, PP, PE) sont introduits dans la cuve remplie d\u2019eau.<\/li>    <li>S\u00e9paration : En raison de sa densit\u00e9 plus \u00e9lev\u00e9e (&gt;1,3 g\/cm\u00b3), les flocons de PET commencent imm\u00e9diatement \u00e0 couler. \u00c0 l\u2019inverse, le PP et le PE issus des bouchons de bouteilles et des r\u00e9sidus d\u2019\u00e9tiquettes, avec des densit\u00e9s inf\u00e9rieures \u00e0 1,0 g\/cm\u00b3, flottent \u00e0 la surface.<\/li>    <li>D\u00e9charge de PET : Un convoyeur \u00e0 vis inf\u00e9rieur \u00e0 rotation lente (ou racleur \u00e0 cha\u00eene), con\u00e7u pour minimiser la perturbation de l\u2019eau, transporte les flocons de PET immerg\u00e9s le long de la cuve. Ils sont ensuite \u00e9vacu\u00e9s via un \u00e9l\u00e9vateur \u00e0 vis inclin\u00e9e, qui aide \u00e9galement \u00e0 d\u00e9shydrater le mat\u00e9riau.<\/li>    <li>\u00c9limination des contaminants : Simultan\u00e9ment, les pales rotatives en haut poussent doucement les contaminants flottants en PP\/PE vers un port de d\u00e9charge lat\u00e9ral ou un tambour rotatif pour une \u00e9limination automatique. Un d\u00e9flecteur strat\u00e9giquement plac\u00e9 emp\u00eache ces contaminants d\u2019entrer dans le flux de d\u00e9charge de PET.<\/li> <\/ul>    <p>Note critique : Bien que tr\u00e8s efficace pour le PP\/PE, cette m\u00e9thode ne peut pas s\u00e9parer les contaminants ayant une densit\u00e9 similaire \u00e0 celle du PET, comme le PVC. C\u2019est pourquoi une \u00e9tape de pr\u00e9-tri robuste est essentielle.<\/p>    <p>La machine \u00e0 laver les bouteilles en PET utilise de l'eau comme moyen pour s\u00e9parer les bouchons en PP et PE des flocons de PET, tout en pouvant \u00e9galement nettoyer les flocons de PET. Lorsque les bouteilles en plastique \u00e9cras\u00e9es entrent dans la machine, les bouchons des bouteilles en plastique dont la densit\u00e9 est inf\u00e9rieure \u00e0 celle de l'eau flotteront \u00e0 la surface de l'eau.<\/p>    <p>\u00c9tant donn\u00e9 que les bouchons des bouteilles en plastique sont fabriqu\u00e9s en PP et PE, ils ont tous deux une densit\u00e9 inf\u00e9rieure \u00e0 celle de l'eau, ils flotteront donc \u00e0 la surface de l'eau, tandis que les morceaux de bouteilles en PET plus denses couleront au fond, ce qui est l'un des moyens les plus simples et les plus efficaces. fa\u00e7ons de s\u00e9parer les mat\u00e9riaux PET propres.<\/p>    <h2 class=\"wp-block-heading\">Caract\u00e9ristiques principales de la cuve de s\u00e9paration par flottation et sinking PET<\/h2>    <ul class=\"wp-block-list\"> <li>Construction robuste en mat\u00e9riau : Toutes les pi\u00e8ces en contact avec l\u2019eau et le plastique sont en acier inoxydable de type 304 pour \u00e9viter la rouille et la contamination du produit, assurant une longue dur\u00e9e de vie. Le cadre est en acier au carbone robuste pour l\u2019int\u00e9grit\u00e9 structurelle.<\/li>    <li>Dimensions optimis\u00e9es de la cuve : Nos mod\u00e8les standard offrent un rapport longueur\/largeur \u00e9prouv\u00e9 pour un temps de r\u00e9sidence optimal du mat\u00e9riau, maximisant l\u2019efficacit\u00e9 de la s\u00e9paration. Des dimensions personnalis\u00e9es sont disponibles pour s\u2019adapter \u00e0 la configuration sp\u00e9cifique de votre installation et \u00e0 vos besoins en capacit\u00e9.<\/li>    <li>Syst\u00e8me de transport efficace : Nous proposons \u00e0 la fois des convoyeurs \u00e0 vis pour les applications standard et des racleurs \u00e0 cha\u00eene robustes pour des capacit\u00e9s plus \u00e9lev\u00e9es ou des mat\u00e9riaux plus abrasifs, garantissant un fonctionnement fiable sans blocage.<\/li>    <li>Circulation d\u2019eau int\u00e9gr\u00e9e (optionnelle) : Pour r\u00e9duire la consommation d\u2019eau, notre syst\u00e8me peut \u00eatre \u00e9quip\u00e9 d\u2019une pompe de filtration et de circulation d\u2019eau, r\u00e9duisant consid\u00e9rablement vos co\u00fbts op\u00e9rationnels.<\/li>    <li>Acc\u00e8s facile \u00e0 l\u2019entretien : Con\u00e7us pour les op\u00e9rateurs, nos cuves disposent de grandes portes de nettoyage et de composants facilement accessibles pour un entretien simplifi\u00e9 et une r\u00e9duction des temps d\u2019arr\u00eat.<\/li> <\/ul>    <h2 class=\"wp-block-heading\">Sp\u00e9cifications techniques : Cuve de s\u00e9paration par flottation et sinking de la s\u00e9rie SL<\/h2>    <figure class=\"wp-block-table\"><table><thead><tr><th>Param\u00e8tre<\/th><th>sp\u00e9cification<\/th><th>Notes<\/th><\/tr><\/thead><tbody><tr><td><strong>Mod\u00e8le<\/strong><\/td><td>SL-500 \/ SL-1000 \/ SL-2000<\/td><td>Ou list\u00e9 comme \u00ab Personnalisable \u00bb<\/td><\/tr><tr><td><strong>La capacit\u00e9 de traitement<\/strong><\/td><td>500 \u2013 3 000 kg\/h<\/td><td>Varie en fonction du mod\u00e8le et de l\u2019\u00e9tat du mat\u00e9riau<\/td><\/tr><tr><td><strong>Dimensions de la cuve (L\u00d7l\u00d7H)<\/strong><\/td><td>Personnalisable<\/td><td>Dimensions standard disponibles sur demande<\/td><\/tr><tr><td><strong>Mat\u00e9riau int\u00e9rieur<\/strong><\/td><td><strong>Acier inoxydable SUS304<\/strong><\/td><td>Assure l\u2019absence de contamination par la rouille, longue dur\u00e9e de vie<\/td><\/tr><tr><td><strong>Cadre ext\u00e9rieur<\/strong><\/td><td>Acier au carbone robuste<\/td><td>Rev\u00eatu de peinture marine anti-rouille<\/td><\/tr><tr><td><strong>Syst\u00e8me de transport PET<\/strong><\/td><td>Convoyeur \u00e0 vis inf\u00e9rieur (Standard)<\/td><td>Racleur \u00e0 cha\u00eene disponible pour des capacit\u00e9s plus \u00e9lev\u00e9es<\/td><\/tr><tr><td><strong>\u00c9limination des impuret\u00e9s flottantes<\/strong><\/td><td>Palmes rotatives en haut<\/td><td>D\u00e9charge automatique vers un port d\u00e9di\u00e9<\/td><\/tr><tr><td><strong>Puissance totale du moteur<\/strong><\/td><td>3 kW \u2013 11 kW<\/td><td>D\u00e9pend de la capacit\u00e9 et de la configuration<\/td><\/tr><tr><td><strong>Tension<\/strong><\/td><td>380V\/50Hz\/3P (Personnalisable)<\/td><td>Peut \u00eatre adapt\u00e9 \u00e0 la norme de n\u2019importe quel pays<\/td><\/tr><tr><td><strong>Syst\u00e8me de contr\u00f4le<\/strong><\/td><td>Armoire de contr\u00f4le ind\u00e9pendante<\/td><td>Avec contr\u00f4le de fr\u00e9quence (VFD) pour moteurs<\/td><\/tr><\/tbody><\/table><\/figure>","protected":false},"excerpt":{"rendered":"<p>The plastic float sink tank is one of the most popular machines in the plastic bottle recycling line, which is also called the PP PE separating tank. The separating tank uses different plastic densities to reject PP or PE bottle caps, thus selecting clean PET pieces and ensuring the purity of the product. PET bottle [&hellip;]<\/p>\n","protected":false},"author":1,"featured_media":457,"parent":0,"template":"","tags":[54,35],"product-type":[14,27],"class_list":["post-302","product","type-product","status-publish","has-post-thumbnail","hentry","tag-float","tag-pet","product-type-plastic-cleaning-drying-equipment","product-type-separation-technology"],"taxonomy_info":{"post_tag":[{"value":54,"label":"float"},{"value":35,"label":"PET"}],"product-type":[{"value":14,"label":"Plastic Cleaning&amp;Drying equipment"},{"value":27,"label":"Separation Technology"}]},"featured_image_src_large":["https:\/\/plastic-machines.org\/wp-content\/uploads\/2022\/06\/washing-and-sorting-tank1.webp",720,540,false],"author_info":{"display_name":"Ella","author_link":"https:\/\/plastic-machines.org\/fr\/author\/admin\/"},"comment_info":"","_links":{"self":[{"href":"https:\/\/plastic-machines.org\/fr\/wp-json\/wp\/v2\/product\/302","targetHints":{"allow":["GET"]}}],"collection":[{"href":"https:\/\/plastic-machines.org\/fr\/wp-json\/wp\/v2\/product"}],"about":[{"href":"https:\/\/plastic-machines.org\/fr\/wp-json\/wp\/v2\/types\/product"}],"author":[{"embeddable":true,"href":"https:\/\/plastic-machines.org\/fr\/wp-json\/wp\/v2\/users\/1"}],"wp:featuredmedia":[{"embeddable":true,"href":"https:\/\/plastic-machines.org\/fr\/wp-json\/wp\/v2\/media\/457"}],"wp:attachment":[{"href":"https:\/\/plastic-machines.org\/fr\/wp-json\/wp\/v2\/media?parent=302"}],"wp:term":[{"taxonomy":"post_tag","embeddable":true,"href":"https:\/\/plastic-machines.org\/fr\/wp-json\/wp\/v2\/tags?post=302"},{"taxonomy":"product-type","embeddable":true,"href":"https:\/\/plastic-machines.org\/fr\/wp-json\/wp\/v2\/product-type?post=302"}],"curies":[{"name":"wp","href":"https:\/\/api.w.org\/{rel}","templated":true}]}}