{"id":293,"date":"2022-07-12T03:44:55","date_gmt":"2022-07-12T03:44:55","guid":{"rendered":"https:\/\/plastic-machines.org\/?post_type=product&#038;p=293"},"modified":"2025-11-14T16:03:42","modified_gmt":"2025-11-14T08:03:42","slug":"pet-flakes-friction-washer","status":"publish","type":"product","link":"https:\/\/plastic-machines.org\/fr\/product\/pet-flakes-friction-washer\/","title":{"rendered":"Machine de lavage \u00e0 friction de flocons PET pour le lavage des bouteilles"},"content":{"rendered":"<div class=\"kk-star-ratings kksr-auto kksr-align-left kksr-valign-top\"     data-payload='{&quot;align&quot;:&quot;left&quot;,&quot;id&quot;:&quot;293&quot;,&quot;slug&quot;:&quot;default&quot;,&quot;valign&quot;:&quot;top&quot;,&quot;ignore&quot;:&quot;&quot;,&quot;reference&quot;:&quot;auto&quot;,&quot;class&quot;:&quot;&quot;,&quot;count&quot;:&quot;2&quot;,&quot;legendonly&quot;:&quot;&quot;,&quot;readonly&quot;:&quot;&quot;,&quot;score&quot;:&quot;5&quot;,&quot;starsonly&quot;:&quot;&quot;,&quot;best&quot;:&quot;5&quot;,&quot;gap&quot;:&quot;5&quot;,&quot;greet&quot;:&quot;Rate this product&quot;,&quot;legend&quot;:&quot;5\\\/5 - (2 votes)&quot;,&quot;size&quot;:&quot;24&quot;,&quot;title&quot;:&quot;PET Flakes Friction Washer Machine for Bottle Washing&quot;,&quot;width&quot;:&quot;142.5&quot;,&quot;_legend&quot;:&quot;{score}\\\/{best} - ({count} {votes})&quot;,&quot;font_factor&quot;:&quot;1.25&quot;}'>              <div class=\"kksr-stars\">      <div class=\"kksr-stars-inactive\">             <div class=\"kksr-star\" data-star=\"1\" style=\"padding-right: 5px\">               <div class=\"kksr-icon\" style=\"width: 24px; height: 24px;\"><\/div>         <\/div>             <div class=\"kksr-star\" data-star=\"2\" style=\"padding-right: 5px\">               <div class=\"kksr-icon\" style=\"width: 24px; height: 24px;\"><\/div>         <\/div>             <div class=\"kksr-star\" data-star=\"3\" style=\"padding-right: 5px\">               <div class=\"kksr-icon\" style=\"width: 24px; height: 24px;\"><\/div>         <\/div>             <div class=\"kksr-star\" data-star=\"4\" style=\"padding-right: 5px\">               <div class=\"kksr-icon\" style=\"width: 24px; height: 24px;\"><\/div>         <\/div>             <div class=\"kksr-star\" data-star=\"5\" style=\"padding-right: 5px\">               <div class=\"kksr-icon\" style=\"width: 24px; height: 24px;\"><\/div>         <\/div>     <\/div>      <div class=\"kksr-stars-active\" style=\"width: 142.5px;\">             <div class=\"kksr-star\" style=\"padding-right: 5px\">               <div class=\"kksr-icon\" style=\"width: 24px; height: 24px;\"><\/div>         <\/div>             <div class=\"kksr-star\" style=\"padding-right: 5px\">               <div class=\"kksr-icon\" style=\"width: 24px; height: 24px;\"><\/div>         <\/div>             <div class=\"kksr-star\" style=\"padding-right: 5px\">               <div class=\"kksr-icon\" style=\"width: 24px; height: 24px;\"><\/div>         <\/div>             <div class=\"kksr-star\" style=\"padding-right: 5px\">               <div class=\"kksr-icon\" style=\"width: 24px; height: 24px;\"><\/div>         <\/div>             <div class=\"kksr-star\" style=\"padding-right: 5px\">               <div class=\"kksr-icon\" style=\"width: 24px; height: 24px;\"><\/div>         <\/div>     <\/div> <\/div>                   <div class=\"kksr-legend\" style=\"font-size: 19.2px;\">             5\/5 - (2 votes)    <\/div>     <\/div>  <p>La rondelle de friction des flocons de PET est utilis\u00e9e pour nettoyer les flocons de plastique sales, c'est l'un des \u00e9quipements n\u00e9cessaires aux processus de recyclage du plastique, et principalement pour les lignes de nettoyage de bouteilles en plastique PET. La rondelle de friction en plastique peut \u00eatre \u00e9quip\u00e9e d'une bande transporteuse de mat\u00e9riaux selon les besoins des clients et la taille peut \u00eatre personnalis\u00e9e.<\/p>    <h2 class=\"wp-block-heading\" id=\"h-introduction-of-pet-flakes-friction-washer\">Introduction de la rondelle de friction en flocons de PET<\/h2>    <p class=\"translation-block\">La machine \u00e0 laver les bouteilles en plastique est un \u00e9quipement efficace de nettoyage des flocons PET. Dans notre <a href=\"https:\/\/plastic-machines.org\/fr\/product\/ligne-de-recyclage-de-bouteilles-en-pet\/\">ligne de nettoyage PET<\/a> standard, cette machine de lavage \u00e0 grande vitesse frotte davantage les flocons plastiques avec de l\u2019eau froide apr\u00e8s que le mat\u00e9riau a \u00e9t\u00e9 lav\u00e9 \u00e0 chaud.<\/p>    <p>Lorsque la machine \u00e0 laver le plastique fonctionne, la vis interne tourne \u00e0 grande vitesse et la rotation rapide fait tomber les contaminants attach\u00e9s \u00e0 la feuille de plastique et se d\u00e9compose en petites particules. Le tube de tamis interne de la machine \u00e0 laver les bouteilles en plastique est utilis\u00e9 comme dispositif de d\u00e9shydratation pour filtrer les contaminants. Le temps de nettoyage du plastique peut \u00eatre ajust\u00e9 en fonction du degr\u00e9 de contamination.<\/p>    <figure class=\"wp-block-gallery has-nested-images columns-default is-cropped wp-block-gallery-2 is-layout-flex wp-block-gallery-is-layout-flex\"> <figure class=\"wp-block-image size-large\"><img loading=\"lazy\" decoding=\"async\" width=\"720\" height=\"540\" data-id=\"296\" src=\"https:\/\/plastic-machines.org\/wp-content\/uploads\/2022\/07\/plastic-friction-washer.webp\" alt=\"rondelle de friction en plastique\" class=\"wp-image-296\" srcset=\"https:\/\/plastic-machines.org\/wp-content\/uploads\/2022\/07\/plastic-friction-washer.webp 720w, https:\/\/plastic-machines.org\/wp-content\/uploads\/2022\/07\/plastic-friction-washer-300x225.webp 300w\" sizes=\"auto, (max-width: 720px) 100vw, 720px\" \/><figcaption class=\"wp-element-caption\">rondelle de friction en plastique<\/figcaption><\/figure>    <figure class=\"wp-block-image size-large\"><img loading=\"lazy\" decoding=\"async\" width=\"720\" height=\"540\" data-id=\"297\" src=\"https:\/\/plastic-machines.org\/wp-content\/uploads\/2022\/07\/plastic-washing-machine-in-plant.webp\" alt=\"machine \u00e0 laver le plastique en usine\" class=\"wp-image-297\" srcset=\"https:\/\/plastic-machines.org\/wp-content\/uploads\/2022\/07\/plastic-washing-machine-in-plant.webp 720w, https:\/\/plastic-machines.org\/wp-content\/uploads\/2022\/07\/plastic-washing-machine-in-plant-300x225.webp 300w\" sizes=\"auto, (max-width: 720px) 100vw, 720px\" \/><figcaption class=\"wp-element-caption\">Rondelle de friction en flocons de PET en usine<\/figcaption><\/figure> <\/figure>    <figure class=\"wp-block-gallery has-nested-images columns-default is-cropped wp-block-gallery-3 is-layout-flex wp-block-gallery-is-layout-flex\"> <figure class=\"wp-block-image size-large\"><img loading=\"lazy\" decoding=\"async\" width=\"720\" height=\"540\" data-id=\"298\" src=\"https:\/\/plastic-machines.org\/wp-content\/uploads\/2022\/07\/plastic-friction-washer-in-plant.webp\" alt=\"rondelle de friction en plastique en usine\" class=\"wp-image-298\" srcset=\"https:\/\/plastic-machines.org\/wp-content\/uploads\/2022\/07\/plastic-friction-washer-in-plant.webp 720w, https:\/\/plastic-machines.org\/wp-content\/uploads\/2022\/07\/plastic-friction-washer-in-plant-300x225.webp 300w\" sizes=\"auto, (max-width: 720px) 100vw, 720px\" \/><figcaption class=\"wp-element-caption\">rondelle de friction en plastique en usine<\/figcaption><\/figure>    <figure class=\"wp-block-image size-large\"><img loading=\"lazy\" decoding=\"async\" width=\"720\" height=\"540\" data-id=\"299\" src=\"https:\/\/plastic-machines.org\/wp-content\/uploads\/2022\/07\/screw-conveyors-.webp\" alt=\"convoyeurs \u00e0 vis de machine \u00e0 laver les bouteilles en plastique\" class=\"wp-image-299\" srcset=\"https:\/\/plastic-machines.org\/wp-content\/uploads\/2022\/07\/screw-conveyors-.webp 720w, https:\/\/plastic-machines.org\/wp-content\/uploads\/2022\/07\/screw-conveyors--300x225.webp 300w\" sizes=\"auto, (max-width: 720px) 100vw, 720px\" \/><figcaption class=\"wp-element-caption\">convoyeurs \u00e0 vis<\/figcaption><\/figure> <\/figure>    <h2 class=\"wp-block-heading\">Principe de fonctionnement de la rondelle de friction en flocons de PET<\/h2>    <p>Le centre de la machine poss\u00e8de un arbre rotatif \u00e0 grande vitesse avec de nombreuses lames. Autour de l\u2019arbre se trouve un \u00e9cran pour filtrer les contaminants. L'arbre tourne \u00e0 environ 1 000 tours par minute. Le mat\u00e9riau est nettoy\u00e9 par friction \u00e0 grande vitesse et de l'eau est continuellement pulv\u00e9ris\u00e9e sur le tamis pour \u00e9viter le colmatage.<\/p>    <p>Une grande coque rectangulaire est enroul\u00e9e autour de l\u2019ext\u00e9rieur de la rondelle de friction en flocons de PET. L'ensemble de la machine est inclin\u00e9 d'environ 15 degr\u00e9s, le mat\u00e9riau sale entre par la partie inf\u00e9rieure et les morceaux de bouteilles propres sortent par la partie sup\u00e9rieure et passent ensuite \u00e0 l'\u00e9tape de s\u00e9chage.<\/p>    <figure class=\"wp-block-gallery has-nested-images columns-default is-cropped wp-block-gallery-4 is-layout-flex wp-block-gallery-is-layout-flex\"> <figure class=\"wp-block-image size-large\"><img loading=\"lazy\" decoding=\"async\" width=\"720\" height=\"540\" data-id=\"450\" src=\"https:\/\/plastic-machines.org\/wp-content\/uploads\/2022\/06\/PET-friction-washing-machine1.webp\" alt=\"La machine \u00e0 laver les bouteilles en plastique est inclin\u00e9e d&#039;environ 15 degr\u00e9s\" class=\"wp-image-450\" srcset=\"https:\/\/plastic-machines.org\/wp-content\/uploads\/2022\/06\/PET-friction-washing-machine1.webp 720w, https:\/\/plastic-machines.org\/wp-content\/uploads\/2022\/06\/PET-friction-washing-machine1-300x225.webp 300w\" sizes=\"auto, (max-width: 720px) 100vw, 720px\" \/><figcaption class=\"wp-element-caption\">la machine est inclin\u00e9e d'environ 15 degr\u00e9s<\/figcaption><\/figure>    <figure class=\"wp-block-image size-large\"><img loading=\"lazy\" decoding=\"async\" width=\"720\" height=\"540\" data-id=\"448\" src=\"https:\/\/plastic-machines.org\/wp-content\/uploads\/2022\/06\/PET-Flakes-Friction-Washer1.webp\" alt=\"Rondelle de friction en flocons de PET\" class=\"wp-image-448\" srcset=\"https:\/\/plastic-machines.org\/wp-content\/uploads\/2022\/06\/PET-Flakes-Friction-Washer1.webp 720w, https:\/\/plastic-machines.org\/wp-content\/uploads\/2022\/06\/PET-Flakes-Friction-Washer1-300x225.webp 300w\" sizes=\"auto, (max-width: 720px) 100vw, 720px\" \/><figcaption class=\"wp-element-caption\">Rondelle de friction en flocons de PET avec coque<\/figcaption><\/figure> <\/figure>    <h2 class=\"wp-block-heading\">Structures de machine \u00e0 laver en plastique<\/h2>    <p>Le corps de la rondelle \u00e0 friction en plastique se compose d'un ch\u00e2ssis principal, d'un moteur, d'un support, d'une entr\u00e9e d'eau, d'une entr\u00e9e d'alimentation et d'une sortie de d\u00e9charge. Lors de l'installation de la rondelle de friction en plastique, vous pouvez incliner la machine \u00e0 45 degr\u00e9s afin qu'elle maximise la friction et fasse ressortir les impuret\u00e9s et les contaminants.<\/p>    <p>La machine \u00e0 laver les bouteilles en plastique est dot\u00e9e d'un filtre \u00e0 mailles fines au fond, d'un rotor \u00e0 grande vitesse \u00e0 l'int\u00e9rieur, d'un tamis amovible et de plusieurs buses qui pulv\u00e9riseront de l'eau sur le tamis pour faire ressortir en continu les contaminants et la salet\u00e9. Les contaminants et l\u2019eau sale sont ensuite \u00e9vacu\u00e9s \u00e0 travers le tamis perfor\u00e9 et collect\u00e9s au fond.<\/p>   <div class=\"wp-block-image\"> <figure class=\"aligncenter size-full\"><img loading=\"lazy\" decoding=\"async\" width=\"720\" height=\"540\" src=\"https:\/\/plastic-machines.org\/wp-content\/uploads\/2022\/07\/inside-structures-.webp\" alt=\"structures int\u00e9rieures de la machine \u00e0 laver les bouteilles en plastique\" class=\"wp-image-300\" srcset=\"https:\/\/plastic-machines.org\/wp-content\/uploads\/2022\/07\/inside-structures-.webp 720w, https:\/\/plastic-machines.org\/wp-content\/uploads\/2022\/07\/inside-structures--300x225.webp 300w\" sizes=\"auto, (max-width: 720px) 100vw, 720px\" \/><figcaption class=\"wp-element-caption\">\u00e0 l'int\u00e9rieur des structures<\/figcaption><\/figure> <\/div>   <h2 class=\"wp-block-heading\">Les produits finaux de la rondelle de friction en plastique<\/h2>    <p>La machine \u00e0 laver les bouteilles en plastique est utilis\u00e9e pour nettoyer les d\u00e9chets plastiques broy\u00e9s, tels que les bouteilles en plastique, les films agricoles, les sacs de ciment, le nylon, les d\u00e9chets des usines de papier et des usines de conditionnement. Une fois les flocons de plastique nettoy\u00e9s \u00e0 la machine \u00e0 laver, ils deviendront propres et transparents.<\/p>    <figure class=\"wp-block-gallery has-nested-images columns-default is-cropped wp-block-gallery-5 is-layout-flex wp-block-gallery-is-layout-flex\"> <figure class=\"wp-block-image size-large\"><img loading=\"lazy\" decoding=\"async\" width=\"720\" height=\"540\" data-id=\"566\" src=\"https:\/\/plastic-machines.org\/wp-content\/uploads\/2022\/07\/PET-flakes.webp\" alt=\"produits finaux de rondelle de friction en plastique\" class=\"wp-image-566\" srcset=\"https:\/\/plastic-machines.org\/wp-content\/uploads\/2022\/07\/PET-flakes.webp 720w, https:\/\/plastic-machines.org\/wp-content\/uploads\/2022\/07\/PET-flakes-300x225.webp 300w\" sizes=\"auto, (max-width: 720px) 100vw, 720px\" \/><\/figure>    <figure class=\"wp-block-image size-large\"><img loading=\"lazy\" decoding=\"async\" width=\"720\" height=\"540\" data-id=\"568\" src=\"https:\/\/plastic-machines.org\/wp-content\/uploads\/2022\/07\/plastic.webp\" alt=\"produits finaux de rondelle de friction en plastique\" class=\"wp-image-568\" srcset=\"https:\/\/plastic-machines.org\/wp-content\/uploads\/2022\/07\/plastic.webp 720w, https:\/\/plastic-machines.org\/wp-content\/uploads\/2022\/07\/plastic-300x225.webp 300w\" sizes=\"auto, (max-width: 720px) 100vw, 720px\" \/><\/figure>    <figure class=\"wp-block-image size-large\"><img loading=\"lazy\" decoding=\"async\" width=\"720\" height=\"540\" data-id=\"567\" src=\"https:\/\/plastic-machines.org\/wp-content\/uploads\/2022\/07\/PET-sheets.webp\" alt=\"produits finaux de machine \u00e0 laver les bouteilles en plastique\" class=\"wp-image-567\" srcset=\"https:\/\/plastic-machines.org\/wp-content\/uploads\/2022\/07\/PET-sheets.webp 720w, https:\/\/plastic-machines.org\/wp-content\/uploads\/2022\/07\/PET-sheets-300x225.webp 300w\" sizes=\"auto, (max-width: 720px) 100vw, 720px\" \/><\/figure> <figcaption class=\"blocks-gallery-caption wp-element-caption\">les flocons propres de la bouteille PET<\/figcaption><\/figure>    <h2 class=\"wp-block-heading\">Avantages de la machine \u00e0 laver les bouteilles en plastique <\/h2>    <ol class=\"wp-block-list\"> <li>La rondelle de friction en flocons de PET s\u00e9pare efficacement les impuret\u00e9s et dissout compl\u00e8tement les taches attach\u00e9es. La rondelle \u00e0 friction en plastique peut \u00e9liminer les taches jusqu'\u00e0 90%, am\u00e9liorant ainsi l'efficacit\u00e9 et la qualit\u00e9 de l'ensemble <strong><a href=\"https:\/\/plastic-machines.org\/fr\/product\/ligne-de-recyclage-de-bouteilles-en-pet\/\">ligne de recyclage de bouteilles en plastique<\/a><\/strong>.<\/li>    <li>Un d\u00e9tergent de lavage suppl\u00e9mentaire peut \u00eatre ajout\u00e9 pendant le processus de nettoyage, ce qui peut fournir un rin\u00e7age puissant pour am\u00e9liorer la brillance des produits finis.<\/li>    <li>La rondelle de friction en flocons de PET nettoie automatiquement le tamis en le remplissant d'eau pour un fonctionnement continu de haute qualit\u00e9.<\/li>    <li>La machine \u00e0 laver le plastique est facile \u00e0 entretenir et l'entretien ult\u00e9rieur est presque gratuit, ce qui permet aux clients d'\u00e9conomiser de l'argent.<\/li> <\/ol>    <h2 class=\"wp-block-heading\">Param\u00e8tres de la rondelle de friction en plastique<\/h2>    <figure class=\"wp-block-table\"><table><tbody><tr><td>Mod\u00e8le<\/td><td>SL-1000<\/td><td>SL-2000<\/td><\/tr><tr><td>Capacit\u00e9<\/td><td>500-1000kg\/heure<\/td><td>2000kg\/heure<\/td><\/tr><tr><td>Longueur<\/td><td>3000mm<\/td><td>3500mm<\/td><\/tr><tr><td>Pouvoir<\/td><td>7,5 kW<\/td><td>15kw<\/td><\/tr><tr><td>Couche ext\u00e9rieure<\/td><td>4mm<\/td><td>4mm<\/td><\/tr><tr><td>\u00c9paisseur de la lame<\/td><td>6mm<\/td><td>6mm<\/td><\/tr><\/tbody><\/table><\/figure>    <h2 class=\"wp-block-heading\" id=\"h-recommended-matching-lines\">Lignes de correspondance recommand\u00e9es<\/h2>    <p class=\"translation-block\">Les laveurs \u00e0 friction pour plastique sont courants dans<strong> <a href=\"https:\/\/plastic-machines.org\/fr\/product\/ligne-de-recyclage-de-bouteilles-en-pet\/\">les syst\u00e8mes de nettoyage du plastique<\/a><\/strong>. Ils conviennent pour \u00eatre utilis\u00e9s apr\u00e8s que le plastique ait d\u00e9j\u00e0 travers\u00e9 la<strong> <a href=\"https:\/\/plastic-machines.org\/fr\/product\/pet-flakes-hot-washing-machine\/\">machine de lavage \u00e0 chaud<\/a><\/strong> et <strong><a href=\"https:\/\/plastic-machines.org\/fr\/product\/plastic-film-washing-machine\/\">r\u00e9servoir de rin\u00e7age<\/a><\/strong>. En dehors de cela, il existe \u00e9galement de nombreuses autres m\u00e9thodes pour adapter l'\u00e9quipement de lavage. Shuliy Machinery peut concevoir des solutions pour adapter l'\u00e9quipement de nettoyage des plastiques appropri\u00e9 \u00e0 la mati\u00e8re premi\u00e8re du client.<\/p>   <div class=\"wp-block-image\"> <figure class=\"aligncenter size-full\"><img loading=\"lazy\" decoding=\"async\" width=\"720\" height=\"540\" src=\"https:\/\/plastic-machines.org\/wp-content\/uploads\/2022\/07\/PET-washing-line-.webp\" alt=\"Ligne de lavage de bouteilles PET\" class=\"wp-image-284\" srcset=\"https:\/\/plastic-machines.org\/wp-content\/uploads\/2022\/07\/PET-washing-line-.webp 720w, https:\/\/plastic-machines.org\/wp-content\/uploads\/2022\/07\/PET-washing-line--300x225.webp 300w\" sizes=\"auto, (max-width: 720px) 100vw, 720px\" \/><figcaption class=\"wp-element-caption\">Ligne de lavage PET<\/figcaption><\/figure> <\/div>  <div class=\"wp-block-image\"> <figure class=\"aligncenter size-full\"><img loading=\"lazy\" decoding=\"async\" width=\"720\" height=\"540\" src=\"https:\/\/plastic-machines.org\/wp-content\/uploads\/2022\/07\/PET-washing-line1.webp\" alt=\"Usine de lavage du PET\" class=\"wp-image-301\" srcset=\"https:\/\/plastic-machines.org\/wp-content\/uploads\/2022\/07\/PET-washing-line1.webp 720w, https:\/\/plastic-machines.org\/wp-content\/uploads\/2022\/07\/PET-washing-line1-300x225.webp 300w\" sizes=\"auto, (max-width: 720px) 100vw, 720px\" \/><figcaption class=\"wp-element-caption\">Usine de lavage du PET<\/figcaption><\/figure> <\/div>   <h2 class=\"wp-block-heading\">Passer une commande de rondelle de friction en flocons de PET<\/h2>    <p>Les d\u00e9lais de livraison sont de 30 jours pour toutes les machines autonomes standards et de 60 \u00e0 90 jours pour les \u00e9quipements personnalis\u00e9s ou les lignes compl\u00e8tes. Les d\u00e9lais de livraison r\u00e9els d\u00e9pendent en grande partie de la complexit\u00e9 du projet et du nombre d'unit\u00e9s que nous commandons r\u00e9ellement.<\/p>    <p>N'h\u00e9sitez pas \u00e0 nous contacter d\u00e8s maintenant pour discuter des prix et des d\u00e9tails de la commande. Ci-dessus se trouve une br\u00e8ve description du processus de commande d\u2019\u00e9quipement.<\/p>    <h2 class=\"wp-block-heading\">Que peut faire le groupe Shuliy pour vous\u00a0?<\/h2>    <ul class=\"wp-block-list\"> <li>Service avant-vente\u00a0: vous fournir la planification de projets de recyclage du plastique, la conception de processus, d\u00e9velopper un ensemble de programmes de machines et d'\u00e9quipements appropri\u00e9s, en plus, en fonction de vos besoins particuliers, concevoir et fabriquer des produits, et pour votre formation technique en mati\u00e8re d'exploitation\u00a0;<\/li>    <li>Service en vente\u00a0: Le responsable commercial supervise l'ensemble du processus de fabrication, de chargement et de livraison de la machine, communique avec le client \u00e0 propos de la machine \u00e0 temps, accompagne le client pour finaliser l'acceptation de l'\u00e9quipement et assiste le client dans l'installation de la machine. .<\/li>    <li>Service apr\u00e8s-vente\u00a0: nous fournissons un service d'enseignement de l'installation vid\u00e9o en ligne. Si n\u00e9cessaire, l'entreprise peut envoyer du personnel technique sur place pour guider l'installation de l'\u00e9quipement et former les op\u00e9rateurs. De plus, \u00e0 l'exception des pi\u00e8ces d'usure, la maintenance de l'assurance qualit\u00e9 de la machine dans un d\u00e9lai d'un an.<\/li> <\/ul>","protected":false},"excerpt":{"rendered":"<p>PET flakes friction washer is used to clean dirty plastic flakes, it is one of the necessary equipment for plastic recycling processes, and mainly for PET plastic bottle cleaning lines. The plastic friction washer can be equipped with a material conveyor belt according to the customers&#8217; needs, and the size can be customized. Introduction of [&hellip;]<\/p>\n","protected":false},"author":1,"featured_media":448,"parent":0,"template":"","tags":[55,35],"product-type":[14],"class_list":["post-293","product","type-product","status-publish","has-post-thumbnail","hentry","tag-friction","tag-pet","product-type-plastic-cleaning-drying-equipment"],"taxonomy_info":{"post_tag":[{"value":55,"label":"friction"},{"value":35,"label":"PET"}],"product-type":[{"value":14,"label":"Plastic Cleaning&amp;Drying equipment"}]},"featured_image_src_large":["https:\/\/plastic-machines.org\/wp-content\/uploads\/2022\/06\/PET-Flakes-Friction-Washer1.webp",720,540,false],"author_info":{"display_name":"Ella","author_link":"https:\/\/plastic-machines.org\/fr\/author\/admin\/"},"comment_info":"","_links":{"self":[{"href":"https:\/\/plastic-machines.org\/fr\/wp-json\/wp\/v2\/product\/293","targetHints":{"allow":["GET"]}}],"collection":[{"href":"https:\/\/plastic-machines.org\/fr\/wp-json\/wp\/v2\/product"}],"about":[{"href":"https:\/\/plastic-machines.org\/fr\/wp-json\/wp\/v2\/types\/product"}],"author":[{"embeddable":true,"href":"https:\/\/plastic-machines.org\/fr\/wp-json\/wp\/v2\/users\/1"}],"wp:featuredmedia":[{"embeddable":true,"href":"https:\/\/plastic-machines.org\/fr\/wp-json\/wp\/v2\/media\/448"}],"wp:attachment":[{"href":"https:\/\/plastic-machines.org\/fr\/wp-json\/wp\/v2\/media?parent=293"}],"wp:term":[{"taxonomy":"post_tag","embeddable":true,"href":"https:\/\/plastic-machines.org\/fr\/wp-json\/wp\/v2\/tags?post=293"},{"taxonomy":"product-type","embeddable":true,"href":"https:\/\/plastic-machines.org\/fr\/wp-json\/wp\/v2\/product-type?post=293"}],"curies":[{"name":"wp","href":"https:\/\/api.w.org\/{rel}","templated":true}]}}