{"id":276,"date":"2022-07-11T07:03:49","date_gmt":"2022-07-11T07:03:49","guid":{"rendered":"https:\/\/plastic-machines.org\/?post_type=product&#038;p=276"},"modified":"2026-01-29T15:39:41","modified_gmt":"2026-01-29T07:39:41","slug":"pet-flakes-hot-washing-machine","status":"publish","type":"product","link":"https:\/\/plastic-machines.org\/fr\/product\/pet-flakes-hot-washing-machine\/","title":{"rendered":"Machine \u00e0 laver chaude de flocons d'ANIMAL FAMILIER pour le recyclage de bouteilles en plastique"},"content":{"rendered":"<div class=\"kk-star-ratings kksr-auto kksr-align-left kksr-valign-top\"     data-payload='{&quot;align&quot;:&quot;left&quot;,&quot;id&quot;:&quot;276&quot;,&quot;slug&quot;:&quot;default&quot;,&quot;valign&quot;:&quot;top&quot;,&quot;ignore&quot;:&quot;&quot;,&quot;reference&quot;:&quot;auto&quot;,&quot;class&quot;:&quot;&quot;,&quot;count&quot;:&quot;2&quot;,&quot;legendonly&quot;:&quot;&quot;,&quot;readonly&quot;:&quot;&quot;,&quot;score&quot;:&quot;5&quot;,&quot;starsonly&quot;:&quot;&quot;,&quot;best&quot;:&quot;5&quot;,&quot;gap&quot;:&quot;5&quot;,&quot;greet&quot;:&quot;Rate this product&quot;,&quot;legend&quot;:&quot;5\\\/5 - (2 votes)&quot;,&quot;size&quot;:&quot;24&quot;,&quot;title&quot;:&quot;PET Flakes Hot Washing Machine for Plastic Bottle Recycling&quot;,&quot;width&quot;:&quot;142.5&quot;,&quot;_legend&quot;:&quot;{score}\\\/{best} - ({count} {votes})&quot;,&quot;font_factor&quot;:&quot;1.25&quot;}'>              <div class=\"kksr-stars\">      <div class=\"kksr-stars-inactive\">             <div class=\"kksr-star\" data-star=\"1\" style=\"padding-right: 5px\">               <div class=\"kksr-icon\" style=\"width: 24px; height: 24px;\"><\/div>         <\/div>             <div class=\"kksr-star\" data-star=\"2\" style=\"padding-right: 5px\">               <div class=\"kksr-icon\" style=\"width: 24px; height: 24px;\"><\/div>         <\/div>             <div class=\"kksr-star\" data-star=\"3\" style=\"padding-right: 5px\">               <div class=\"kksr-icon\" style=\"width: 24px; height: 24px;\"><\/div>         <\/div>             <div class=\"kksr-star\" data-star=\"4\" style=\"padding-right: 5px\">               <div class=\"kksr-icon\" style=\"width: 24px; height: 24px;\"><\/div>         <\/div>             <div class=\"kksr-star\" data-star=\"5\" style=\"padding-right: 5px\">               <div class=\"kksr-icon\" style=\"width: 24px; height: 24px;\"><\/div>         <\/div>     <\/div>      <div class=\"kksr-stars-active\" style=\"width: 142.5px;\">             <div class=\"kksr-star\" style=\"padding-right: 5px\">               <div class=\"kksr-icon\" style=\"width: 24px; height: 24px;\"><\/div>         <\/div>             <div class=\"kksr-star\" style=\"padding-right: 5px\">               <div class=\"kksr-icon\" style=\"width: 24px; height: 24px;\"><\/div>         <\/div>             <div class=\"kksr-star\" style=\"padding-right: 5px\">               <div class=\"kksr-icon\" style=\"width: 24px; height: 24px;\"><\/div>         <\/div>             <div class=\"kksr-star\" style=\"padding-right: 5px\">               <div class=\"kksr-icon\" style=\"width: 24px; height: 24px;\"><\/div>         <\/div>             <div class=\"kksr-star\" style=\"padding-right: 5px\">               <div class=\"kksr-icon\" style=\"width: 24px; height: 24px;\"><\/div>         <\/div>     <\/div> <\/div>                   <div class=\"kksr-legend\" style=\"font-size: 19.2px;\">             5\/5 - (2 votes)    <\/div>     <\/div>  <p>Une machine \u00e0 laver \u00e0 chaud les flocons de PET est utilis\u00e9e pour vaporiser les copeaux de bouteilles \u00e0 haute temp\u00e9rature afin de ramollir l'huile, la colle, etc. sur la surface en plastique, puis rinc\u00e9e \u00e0 l'eau chaude. Apr\u00e8s avoir nettoy\u00e9 et \u00e9limin\u00e9 l'eau, les flocons de bouteilles PET atteindront la norme d'exigence de flocons propres de premi\u00e8re classe et pourront \u00eatre transform\u00e9s en mati\u00e8res premi\u00e8res fibreuses.<\/p>    <h2 class=\"wp-block-heading\" id=\"h-pet-flakes-hot-washing-machine-application\">Application de machine \u00e0 laver \u00e0 chaud en flocons de PET<\/h2>    <p class=\"translation-block\">Shuliy Machinery se sp\u00e9cialise dans la production de laveuse \u00e0 chaud pour flocons de bouteilles PET, qui est l'un des \u00e9quipements de nettoyage importants de la<strong><a href=\"https:\/\/plastic-machines.org\/fr\/product\/ligne-de-recyclage-de-bouteilles-en-pet\/\"> PET beverage bottle cleaning line <\/a><\/strong> et est largement utilis\u00e9e dans l'industrie du recyclage des plastiques usag\u00e9s. Les flocons de PET sont nettoy\u00e9s \u00e0 plusieurs reprises dans de l'eau bouillante et, selon les besoins du client, des agents nettoyants peuvent \u00eatre ajout\u00e9s \u00e0 la machine pour d\u00e9sinfecter efficacement les flocons plastiques et \u00e9liminer en outre les \u00e9tiquettes, les traces d'huile et autres salissures tenaces sur le plastique.<\/p>    <h2 class=\"wp-block-heading\">Structure de la machine \u00e0 laver \u00e0 chaud en flocons de PET<\/h2>    <ol class=\"wp-block-list\"> <li>La surface int\u00e9rieure du r\u00e9servoir de lavage \u00e0 chaud est polie miroir\u00a0; la surface de la coque ext\u00e9rieure est polie miroir ou avec traitement de surface de meulage mat.<\/li>    <li>L'embouchure des tuyaux d'entr\u00e9e et de sortie et le soudage du corps int\u00e9rieur du r\u00e9servoir sont des processus \u00e0 brides, ils utilisent une transition en arc rond et le bord est lisse et facile \u00e0 nettoyer.<\/li>    <li>Le charbon ou le gaz naturel sont utilis\u00e9s pour le chauffage <a href=\"https:\/\/en.wikipedia.org\/wiki\/Polyethylene_terephthalate\" target=\"_blank\" rel=\"noopener\">ANIMAL DE COMPAGNIE<\/a> flocons machine \u00e0 laver chaude. L'eau est le fluide caloporteur, g\u00e9n\u00e9rant de la chaleur pour le chauffage des mat\u00e9riaux du r\u00e9servoir.<\/li> <\/ol>    <h2 class=\"wp-block-heading\">Avantages de la machine \u00e0 laver les d\u00e9chets plastiques<\/h2>    <ul class=\"wp-block-list\"> <li>Si les clients doivent utiliser la machine \u00e0 laver \u00e0 chaud en flocons de PET \u00e0 l'ext\u00e9rieur, nos ing\u00e9nieurs peuvent ajouter une couche de protection thermique en laine de roche \u00e0 l'ext\u00e9rieur de la machine lors de la production de la machine, de sorte que le changement de temp\u00e9rature ext\u00e9rieure n'affecte pas la temp\u00e9rature dans le r\u00e9servoir, ce qui assurera l\u2019effet nettoyant du r\u00e9servoir de lavage chaud en plastique.<\/li>    <li>Shuiy Machinery propose deux types de m\u00e9thodes de chauffage, le chauffage \u00e9lectrique et le chauffage \u00e0 vapeur, que les clients peuvent choisir en fonction de leur propre situation.<\/li>    <li>La machine \u00e0 laver \u00e0 chaud de flocons de bouteilles PET utilise de l'eau en circulation dans le processus de nettoyage pour garantir l'effet de nettoyage tout en r\u00e9duisant la consommation d'eau, ce qui peut \u00e9conomiser des ressources et r\u00e9duire efficacement les co\u00fbts pour les clients.<\/li>    <li>La machine \u00e0 laver les d\u00e9chets de plastique utilise un syst\u00e8me de nettoyage centrifuge \u00e0 grande vitesse, la palette utilis\u00e9e pour remuer la feuille de plastique pour fonctionner \u00e0 une vitesse de rotation appropri\u00e9e, et l'impact correspondant sur la r\u00e9sistance du mat\u00e9riau est appropri\u00e9, ce qui rendra l'effet de nettoyage bon.<\/li> <\/ul>    <h2 class=\"wp-block-heading\" id=\"h-hot-washing-tank-plant-diplay\">Affichage de l'usine de lavage \u00e0 chaud <\/h2>   <div class=\"wp-block-image\"> <figure class=\"aligncenter size-full\"><img loading=\"lazy\" decoding=\"async\" width=\"720\" height=\"540\" src=\"https:\/\/plastic-machines.org\/wp-content\/uploads\/2022\/07\/hot-washing-tank-.webp\" alt=\"cuve de lavage chaude\" class=\"wp-image-279\" srcset=\"https:\/\/plastic-machines.org\/wp-content\/uploads\/2022\/07\/hot-washing-tank-.webp 720w, https:\/\/plastic-machines.org\/wp-content\/uploads\/2022\/07\/hot-washing-tank--300x225.webp 300w\" sizes=\"auto, (max-width: 720px) 100vw, 720px\" \/><figcaption class=\"wp-element-caption\">Machine \u00e0 laver \u00e0 chaud en flocons de PET<\/figcaption><\/figure> <\/div>  <div class=\"wp-block-image\"> <figure class=\"aligncenter size-full is-resized\"><img loading=\"lazy\" decoding=\"async\" width=\"720\" height=\"540\" src=\"https:\/\/plastic-machines.org\/wp-content\/uploads\/2022\/07\/plastic-washing-tank-in-plant.webp\" alt=\"r\u00e9servoir de lavage en plastique dans l&#039;usine\" class=\"wp-image-280\" style=\"width:720px;height:540px\" srcset=\"https:\/\/plastic-machines.org\/wp-content\/uploads\/2022\/07\/plastic-washing-tank-in-plant.webp 720w, https:\/\/plastic-machines.org\/wp-content\/uploads\/2022\/07\/plastic-washing-tank-in-plant-300x225.webp 300w\" sizes=\"auto, (max-width: 720px) 100vw, 720px\" \/><figcaption class=\"wp-element-caption\">r\u00e9servoir de lavage en plastique dans l'usine<\/figcaption><\/figure> <\/div>  <div class=\"wp-block-image\"> <figure class=\"aligncenter size-full\"><img loading=\"lazy\" decoding=\"async\" width=\"720\" height=\"540\" src=\"https:\/\/plastic-machines.org\/wp-content\/uploads\/2022\/07\/PET-Flakes-Hot-Washing-Machine.webp\" alt=\"Machine \u00e0 laver \u00e0 chaud en flocons PET\" class=\"wp-image-281\" srcset=\"https:\/\/plastic-machines.org\/wp-content\/uploads\/2022\/07\/PET-Flakes-Hot-Washing-Machine.webp 720w, https:\/\/plastic-machines.org\/wp-content\/uploads\/2022\/07\/PET-Flakes-Hot-Washing-Machine-300x225.webp 300w\" sizes=\"auto, (max-width: 720px) 100vw, 720px\" \/><figcaption class=\"wp-element-caption\">Machine \u00e0 laver \u00e0 chaud en flocons de PET<\/figcaption><\/figure> <\/div>   <h2 class=\"wp-block-heading\">Param\u00e8tres de la machine \u00e0 laver \u00e0 chaud en flocons de bouteilles PET<\/h2>    <p>Le mod\u00e8le SL-500 est le type de cuve de lavage \u00e0 chaud le plus populaire, son diam\u00e8tre et sa hauteur conviennent \u00e0 la plupart des usines de recyclage du plastique. Cependant, si vous \u00eates int\u00e9ress\u00e9 par d'autres mod\u00e8les, n'h\u00e9sitez pas \u00e0 nous consulter, notre responsable commercial vous r\u00e9pondra dans les plus brefs d\u00e9lais.<\/p>    <figure class=\"wp-block-table\"><table><tbody><tr><td>Mod\u00e8le<\/td><td>SL-500<\/td><\/tr><tr><td>Hauteur<\/td><td>2m<\/td><\/tr><tr><td>Diam\u00e8tre<\/td><td>1,3 m<\/td><\/tr><tr><td>\u00c9paisseur ext\u00e9rieure<\/td><td>4mm<\/td><\/tr><tr><td>\u00c9paisseur du fond<\/td><td>8mm<\/td><\/tr><tr><td>Mat\u00e9riel<\/td><td>Acier cartonn\u00e9<\/td><\/tr><tr><td>Pouvoir<\/td><td>4kw<\/td><\/tr><tr><td>M\u00e9thode de chauffage<\/td><td>\u00c9lectrique et vapeur<\/td><\/tr><\/tbody><\/table><\/figure>    <h2 class=\"wp-block-heading\">Recommander une ligne de recyclage du plastique<\/h2>    <p class=\"translation-block\">La ligne de lavage des bouteilles PET est l\u2019une des lignes de recyclage les plus populaires de Shuliy Machinery. L\u2019\u00e9quipement r\u00e9gulier comprend <a href=\"https:\/\/plastic-machines.org\/fr\/product\/pet-bottle-label-remover-machine\/\">d\u00e9buteur d\u2019\u00e9tiquettes de bouteilles en plastique<\/a>, <a href=\"https:\/\/plastic-machines.org\/fr\/product\/plastic-bottle-crusher\/\">broyeur de bouteilles PET<\/a>, <a href=\"https:\/\/plastic-machines.org\/fr\/product\/plastic-float-sink-tank\/\">cuve de lavage du plastique<\/a>, <a href=\"https:\/\/plastic-machines.org\/fr\/product\/pet-flakes-friction-washer\/\">machine de lavage par friction des flocons plastiques<\/a>, cuve de lavage \u00e0 l\u2019eau chaude, <a href=\"https:\/\/plastic-machines.org\/fr\/product\/plastic-chips-dryer-machine\/\">s\u00e9cheur de plastique<\/a> et convoyeurs \u00e0 bande. <\/p>    <p>Notre soci\u00e9t\u00e9 peut fournir des syst\u00e8mes de recyclage du plastique PET standards et personnalis\u00e9s pour r\u00e9pondre aux exigences des entreprises de recyclage de toutes tailles. Le syst\u00e8me de recyclage est capable de traiter une large gamme de plastiques PET, avec diff\u00e9rentes machines de nettoyage en fonction des diff\u00e9rents niveaux de contamination de vos mati\u00e8res premi\u00e8res. L'ensemble de la ligne de nettoyage est facile \u00e0 utiliser, tr\u00e8s efficace et consomme peu d'\u00e9nergie.<\/p>   <div class=\"wp-block-image\"> <figure class=\"aligncenter size-full\"><img loading=\"lazy\" decoding=\"async\" width=\"720\" height=\"540\" src=\"https:\/\/plastic-machines.org\/wp-content\/uploads\/2022\/07\/PET-washer-machine.webp\" alt=\"Machine \u00e0 laver chaude de flocons d&#039;ANIMAL FAMILIER pour le recyclage de bouteilles en plastique\" class=\"wp-image-1206\" srcset=\"https:\/\/plastic-machines.org\/wp-content\/uploads\/2022\/07\/PET-washer-machine.webp 720w, https:\/\/plastic-machines.org\/wp-content\/uploads\/2022\/07\/PET-washer-machine-300x225.webp 300w, https:\/\/plastic-machines.org\/wp-content\/uploads\/2022\/07\/PET-washer-machine-16x12.webp 16w\" sizes=\"auto, (max-width: 720px) 100vw, 720px\" \/><figcaption class=\"wp-element-caption\">Machine \u00e0 laver \u00e0 chaud en flocons PET<\/figcaption><\/figure> <\/div>  <div class=\"wp-block-image\"> <figure class=\"aligncenter size-full\"><img loading=\"lazy\" decoding=\"async\" width=\"720\" height=\"540\" src=\"https:\/\/plastic-machines.org\/wp-content\/uploads\/2022\/07\/PET-washing-line1.webp\" alt=\"Machine \u00e0 laver \u00e0 chaud en flocons PET \" class=\"wp-image-301\" srcset=\"https:\/\/plastic-machines.org\/wp-content\/uploads\/2022\/07\/PET-washing-line1.webp 720w, https:\/\/plastic-machines.org\/wp-content\/uploads\/2022\/07\/PET-washing-line1-300x225.webp 300w\" sizes=\"auto, (max-width: 720px) 100vw, 720px\" \/><figcaption class=\"wp-element-caption\">Usine de lavage de bouteilles PET <\/figcaption><\/figure> <\/div>","protected":false},"excerpt":{"rendered":"<p>A PET flakes hot washing machine is used to steam the bottle chips at a high temperature to soften the oil, glue, etc. on the plastic surface, and then rinsed with hot water. After cleaning and removing water, the PET bottle flakes will reach the standard of first-class clean flakes requirement and can be made [&hellip;]<\/p>\n","protected":false},"author":1,"featured_media":444,"parent":0,"template":"","tags":[56,35],"product-type":[14],"class_list":["post-276","product","type-product","status-publish","has-post-thumbnail","hentry","tag-hot-washing","tag-pet","product-type-plastic-cleaning-drying-equipment"],"taxonomy_info":{"post_tag":[{"value":56,"label":"hot washing"},{"value":35,"label":"PET"}],"product-type":[{"value":14,"label":"Plastic Cleaning&amp;Drying equipment"}]},"featured_image_src_large":["https:\/\/plastic-machines.org\/wp-content\/uploads\/2022\/06\/hot-water-washing-machine1.webp",720,540,false],"author_info":{"display_name":"Ella","author_link":"https:\/\/plastic-machines.org\/fr\/author\/admin\/"},"comment_info":"","_links":{"self":[{"href":"https:\/\/plastic-machines.org\/fr\/wp-json\/wp\/v2\/product\/276","targetHints":{"allow":["GET"]}}],"collection":[{"href":"https:\/\/plastic-machines.org\/fr\/wp-json\/wp\/v2\/product"}],"about":[{"href":"https:\/\/plastic-machines.org\/fr\/wp-json\/wp\/v2\/types\/product"}],"author":[{"embeddable":true,"href":"https:\/\/plastic-machines.org\/fr\/wp-json\/wp\/v2\/users\/1"}],"wp:featuredmedia":[{"embeddable":true,"href":"https:\/\/plastic-machines.org\/fr\/wp-json\/wp\/v2\/media\/444"}],"wp:attachment":[{"href":"https:\/\/plastic-machines.org\/fr\/wp-json\/wp\/v2\/media?parent=276"}],"wp:term":[{"taxonomy":"post_tag","embeddable":true,"href":"https:\/\/plastic-machines.org\/fr\/wp-json\/wp\/v2\/tags?post=276"},{"taxonomy":"product-type","embeddable":true,"href":"https:\/\/plastic-machines.org\/fr\/wp-json\/wp\/v2\/product-type?post=276"}],"curies":[{"name":"wp","href":"https:\/\/api.w.org\/{rel}","templated":true}]}}