{"id":273,"date":"2022-07-11T03:07:36","date_gmt":"2022-07-11T03:07:36","guid":{"rendered":"https:\/\/plastic-machines.org\/?post_type=product&#038;p=273"},"modified":"2025-11-14T16:37:05","modified_gmt":"2025-11-14T08:37:05","slug":"plastic-chips-dryer-machine","status":"publish","type":"product","link":"https:\/\/plastic-machines.org\/fr\/product\/plastic-chips-dryer-machine\/","title":{"rendered":"Machine horizontale de s\u00e9chage de copeaux de plastique"},"content":{"rendered":"<div class=\"kk-star-ratings kksr-auto kksr-align-left kksr-valign-top\"     data-payload='{&quot;align&quot;:&quot;left&quot;,&quot;id&quot;:&quot;273&quot;,&quot;slug&quot;:&quot;default&quot;,&quot;valign&quot;:&quot;top&quot;,&quot;ignore&quot;:&quot;&quot;,&quot;reference&quot;:&quot;auto&quot;,&quot;class&quot;:&quot;&quot;,&quot;count&quot;:&quot;5&quot;,&quot;legendonly&quot;:&quot;&quot;,&quot;readonly&quot;:&quot;&quot;,&quot;score&quot;:&quot;5&quot;,&quot;starsonly&quot;:&quot;&quot;,&quot;best&quot;:&quot;5&quot;,&quot;gap&quot;:&quot;5&quot;,&quot;greet&quot;:&quot;Rate this product&quot;,&quot;legend&quot;:&quot;5\\\/5 - (5 votes)&quot;,&quot;size&quot;:&quot;24&quot;,&quot;title&quot;:&quot;Horizontal Plastic Chips Dryer Machine&quot;,&quot;width&quot;:&quot;142.5&quot;,&quot;_legend&quot;:&quot;{score}\\\/{best} - ({count} {votes})&quot;,&quot;font_factor&quot;:&quot;1.25&quot;}'>              <div class=\"kksr-stars\">      <div class=\"kksr-stars-inactive\">             <div class=\"kksr-star\" data-star=\"1\" style=\"padding-right: 5px\">               <div class=\"kksr-icon\" style=\"width: 24px; height: 24px;\"><\/div>         <\/div>             <div class=\"kksr-star\" data-star=\"2\" style=\"padding-right: 5px\">               <div class=\"kksr-icon\" style=\"width: 24px; height: 24px;\"><\/div>         <\/div>             <div class=\"kksr-star\" data-star=\"3\" style=\"padding-right: 5px\">               <div class=\"kksr-icon\" style=\"width: 24px; height: 24px;\"><\/div>         <\/div>             <div class=\"kksr-star\" data-star=\"4\" style=\"padding-right: 5px\">               <div class=\"kksr-icon\" style=\"width: 24px; height: 24px;\"><\/div>         <\/div>             <div class=\"kksr-star\" data-star=\"5\" style=\"padding-right: 5px\">               <div class=\"kksr-icon\" style=\"width: 24px; height: 24px;\"><\/div>         <\/div>     <\/div>      <div class=\"kksr-stars-active\" style=\"width: 142.5px;\">             <div class=\"kksr-star\" style=\"padding-right: 5px\">               <div class=\"kksr-icon\" style=\"width: 24px; height: 24px;\"><\/div>         <\/div>             <div class=\"kksr-star\" style=\"padding-right: 5px\">               <div class=\"kksr-icon\" style=\"width: 24px; height: 24px;\"><\/div>         <\/div>             <div class=\"kksr-star\" style=\"padding-right: 5px\">               <div class=\"kksr-icon\" style=\"width: 24px; height: 24px;\"><\/div>         <\/div>             <div class=\"kksr-star\" style=\"padding-right: 5px\">               <div class=\"kksr-icon\" style=\"width: 24px; height: 24px;\"><\/div>         <\/div>             <div class=\"kksr-star\" style=\"padding-right: 5px\">               <div class=\"kksr-icon\" style=\"width: 24px; height: 24px;\"><\/div>         <\/div>     <\/div> <\/div>                   <div class=\"kksr-legend\" style=\"font-size: 19.2px;\">             5\/5 - (5 votes)    <\/div>     <\/div>  <p>Une machine de s\u00e9chage de copeaux de plastique est un \u00e9quipement de recyclage de plastique efficace. Les morceaux de plastique nettoy\u00e9s sont d\u00e9shydrat\u00e9s et s\u00e9ch\u00e9s \u00e0 grande vitesse par le s\u00e9choir avant granulation. Ainsi, le s\u00e9choir d\u00e9shumidificateur en plastique joue un r\u00f4le important dans le processus de granulation des d\u00e9chets plastiques. Il s'agit d'un \u00e9quipement auxiliaire automatique avanc\u00e9 pour le recyclage du plastique.<\/p>    <h2 class=\"wp-block-heading\" id=\"h-plastic-dryer-machine-application\">Application de machine de s\u00e9chage de plastique<\/h2>    <p class=\"translation-block\">Cette machine de s\u00e9chage pour granul\u00e9s de plastique convient aux mati\u00e8res plastiques dures telles que les barils en PP, les f\u00fbts, les paniers, les jouets, les bouteilles, etc. Un s\u00e9choir horizontal est toujours utilis\u00e9 dans la <strong><a href=\"https:\/\/plastic-machines.org\/fr\/product\/plastic-recycling-granulating-line\/\">ligne de granulation de recyclage de plastique<\/a><\/strong> pour s\u00e9cher les granul\u00e9s de plastique broy\u00e9s avant la granulation. De plus, la machine de d\u00e9shydratation en plastique est \u00e9galement applicable \u00e0 la <strong><a href=\"https:\/\/plastic-machines.org\/fr\/product\/ligne-de-recyclage-de-bouteilles-en-pet\/\">ligne de lavage de bouteilles PET<\/a><\/strong>. Dans la derni\u00e8re \u00e9tape du processus de recyclage, les granul\u00e9s en <a href=\"https:\/\/en.wikipedia.org\/wiki\/Polyethylene_terephthalate\" target=\"_blank\" rel=\"noopener\">PET<\/a> seront d\u00e9barrass\u00e9s de l'eau par le s\u00e9choir \u00e0 plastique, de sorte que ces flocons de plastique s\u00e9ch\u00e9s puissent \u00eatre emball\u00e9s.<\/p>    <figure class=\"wp-block-embed is-type-video is-provider-youtube wp-block-embed-youtube wp-embed-aspect-4-3 wp-has-aspect-ratio\"><div class=\"wp-block-embed__wrapper\"> <iframe loading=\"lazy\" title=\"S\u00e9choir horizontal pour recyclage du plastique #plasticrecycling #machine\" width=\"500\" height=\"375\" src=\"https:\/\/www.youtube.com\/embed\/tw-SdiclyeE?feature=oembed\" frameborder=\"0\" allow=\"accelerometer; autoplay; clipboard-write; encrypted-media; gyroscope; picture-in-picture; web-share\" referrerpolicy=\"strict-origin-when-cross-origin\" allowfullscreen><\/iframe> <\/div><\/figure>    <h2 class=\"wp-block-heading\" id=\"h-advantages-of-plastic-chips-dryer-machine\">Avantages de la machine de s\u00e9chage de copeaux de plastique<\/h2>    <ol class=\"wp-block-list\"> <li>La machine de d\u00e9shydratation du plastique a de nombreuses applications, qui peuvent aider efficacement \u00e0 d\u00e9shydrater divers plastiques broy\u00e9s, tels que les bouteilles PET, les flocons de PE, les flocons de PP, etc.<\/li>    <li>Le s\u00e9choir d\u00e9shumidificateur en plastique a un bon effet de d\u00e9shydratation et une faible consommation d'\u00e9nergie. En plus de la d\u00e9shydratation, le s\u00e9choir horizontal peut \u00e9galement filtrer le sable et autres d\u00e9bris microscopiques fix\u00e9s \u00e0 la surface des flocons de plastique.<\/li>    <li>Le tamis \u00e0 l'int\u00e9rieur du s\u00e8che-plastique est en acier inoxydable de haute qualit\u00e9, le rotor et le corps sont en mat\u00e9riau anti-corrosion, et l'ensemble de l'\u00e9quipement est durable.<\/li>    <li>La structure de la machine de s\u00e9chage de copeaux de plastique est con\u00e7ue de mani\u00e8re tr\u00e8s raisonnable, le personnel peut facilement ouvrir le corps et \u00e9liminer en temps opportun les impuret\u00e9s laiss\u00e9es sur l'\u00e9cran \u00e0 l'int\u00e9rieur du s\u00e9choir horizontal, et la m\u00e9thode d'entretien quotidien est simple.<\/li> <\/ol>    <h2 class=\"wp-block-heading\" id=\"h-technical-data-of-horizontal-dryer\">Donn\u00e9es techniques de la machine de s\u00e9chage horizontale<\/h2>    <figure class=\"wp-block-table\"><table><tbody><tr><td>&nbsp;Mod\u00e8le<\/td><td>SL-550<\/td><\/tr><tr><td>Diam\u00e8tre ext\u00e9rieur<\/td><td>550 mm<\/td><\/tr><tr><td>Longueur<\/td><td>1000mm<\/td><\/tr><tr><td>Diam\u00e8tre du trou du filtre<\/td><td>4mm<\/td><\/tr><tr><td>Capacit\u00e9<\/td><td>1000kg\/heure<\/td><\/tr><\/tbody><\/table><\/figure>    <h2 class=\"wp-block-heading\" id=\"h-horizontal-dewatering-machine-display\">Affichage de la machine de d\u00e9shydratation du plastique<\/h2>    <p>La coque de la machine de d\u00e9shydratation horizontale peut \u00eatre personnalis\u00e9e, g\u00e9n\u00e9ralement grise ou bleue, et peut \u00e9galement \u00eatre ajust\u00e9e en fonction des besoins sp\u00e9cifiques des clients.<\/p>    <figure class=\"wp-block-gallery has-nested-images columns-default is-cropped wp-block-gallery-2 is-layout-flex wp-block-gallery-is-layout-flex\"> <figure class=\"wp-block-image size-large\"><img loading=\"lazy\" decoding=\"async\" width=\"720\" height=\"540\" data-id=\"283\" src=\"https:\/\/plastic-machines.org\/wp-content\/uploads\/2022\/07\/horizontal-plastic-dryer.webp\" alt=\"s\u00e9choir en plastique horizontal\" class=\"wp-image-283\" srcset=\"https:\/\/plastic-machines.org\/wp-content\/uploads\/2022\/07\/horizontal-plastic-dryer.webp 720w, https:\/\/plastic-machines.org\/wp-content\/uploads\/2022\/07\/horizontal-plastic-dryer-300x225.webp 300w\" sizes=\"auto, (max-width: 720px) 100vw, 720px\" \/><figcaption class=\"wp-element-caption\">s\u00e9choir en plastique horizontal<\/figcaption><\/figure>    <figure class=\"wp-block-image size-large\"><img loading=\"lazy\" decoding=\"async\" width=\"720\" height=\"540\" data-id=\"284\" src=\"https:\/\/plastic-machines.org\/wp-content\/uploads\/2022\/07\/PET-washing-line-.webp\" alt=\"Machines de ligne de lavage de bouteilles PET\" class=\"wp-image-284\" srcset=\"https:\/\/plastic-machines.org\/wp-content\/uploads\/2022\/07\/PET-washing-line-.webp 720w, https:\/\/plastic-machines.org\/wp-content\/uploads\/2022\/07\/PET-washing-line--300x225.webp 300w\" sizes=\"auto, (max-width: 720px) 100vw, 720px\" \/><figcaption class=\"wp-element-caption\">Ligne de lavage PET<\/figcaption><\/figure> <\/figure>    <figure class=\"wp-block-gallery has-nested-images columns-default is-cropped wp-block-gallery-3 is-layout-flex wp-block-gallery-is-layout-flex\"> <figure class=\"wp-block-image size-large\"><img loading=\"lazy\" decoding=\"async\" width=\"720\" height=\"540\" data-id=\"285\" src=\"https:\/\/plastic-machines.org\/wp-content\/uploads\/2022\/07\/horizontal-dryer-in-plant.webp\" alt=\"machine de d\u00e9shydratation du plastique\" class=\"wp-image-285\" srcset=\"https:\/\/plastic-machines.org\/wp-content\/uploads\/2022\/07\/horizontal-dryer-in-plant.webp 720w, https:\/\/plastic-machines.org\/wp-content\/uploads\/2022\/07\/horizontal-dryer-in-plant-300x225.webp 300w\" sizes=\"auto, (max-width: 720px) 100vw, 720px\" \/><figcaption class=\"wp-element-caption\">s\u00e9choir horizontal en usine<\/figcaption><\/figure>    <figure class=\"wp-block-image size-large\"><img loading=\"lazy\" decoding=\"async\" width=\"720\" height=\"540\" data-id=\"286\" src=\"https:\/\/plastic-machines.org\/wp-content\/uploads\/2022\/07\/horizontal-dryer-1.webp\" alt=\"s\u00e9choir en plastique horizontal\" class=\"wp-image-286\" srcset=\"https:\/\/plastic-machines.org\/wp-content\/uploads\/2022\/07\/horizontal-dryer-1.webp 720w, https:\/\/plastic-machines.org\/wp-content\/uploads\/2022\/07\/horizontal-dryer-1-300x225.webp 300w\" sizes=\"auto, (max-width: 720px) 100vw, 720px\" \/><figcaption class=\"wp-element-caption\">machine de s\u00e9chage de copeaux de plastique<\/figcaption><\/figure> <\/figure>    <figure class=\"wp-block-gallery has-nested-images columns-default is-cropped wp-block-gallery-4 is-layout-flex wp-block-gallery-is-layout-flex\"> <figure class=\"wp-block-image size-large\"><img loading=\"lazy\" decoding=\"async\" width=\"720\" height=\"540\" data-id=\"289\" src=\"https:\/\/plastic-machines.org\/wp-content\/uploads\/2022\/07\/plastic-dryer-machine-1.webp\" alt=\"machine de s\u00e9chage en plastique\" class=\"wp-image-289\" srcset=\"https:\/\/plastic-machines.org\/wp-content\/uploads\/2022\/07\/plastic-dryer-machine-1.webp 720w, https:\/\/plastic-machines.org\/wp-content\/uploads\/2022\/07\/plastic-dryer-machine-1-300x225.webp 300w\" sizes=\"auto, (max-width: 720px) 100vw, 720px\" \/><figcaption class=\"wp-element-caption\">machine de s\u00e9chage en plastique<\/figcaption><\/figure>    <figure class=\"wp-block-image size-large\"><img loading=\"lazy\" decoding=\"async\" width=\"720\" height=\"540\" data-id=\"290\" src=\"https:\/\/plastic-machines.org\/wp-content\/uploads\/2022\/07\/plastic-dryer.webp\" alt=\"machine de s\u00e9chage en plastique\" class=\"wp-image-290\" srcset=\"https:\/\/plastic-machines.org\/wp-content\/uploads\/2022\/07\/plastic-dryer.webp 720w, https:\/\/plastic-machines.org\/wp-content\/uploads\/2022\/07\/plastic-dryer-300x225.webp 300w\" sizes=\"auto, (max-width: 720px) 100vw, 720px\" \/><figcaption class=\"wp-element-caption\">s\u00e9choir en plastique<\/figcaption><\/figure> <\/figure>    <h2 class=\"wp-block-heading\">Recommander des machines de ligne de recyclage du plastique<\/h2>    <p class=\"translation-block\">La machine de d\u00e9shydratation horizontale en plastique est toujours utilis\u00e9e dans une <a href=\"https:\/\/plastic-machines.org\/fr\/product\/plastic-recycling-granulating-line\/\">ligne de granulation de plastique<\/a> et une <a href=\"https:\/\/plastic-machines.org\/fr\/product\/ligne-de-recyclage-de-bouteilles-en-pet\/\">ligne de lavage de bouteilles PET<\/a>. Le s\u00e9choir \u00e9liminera l'eau des pi\u00e8ces en plastique et constitue la derni\u00e8re \u00e9tape de la ligne de recyclage compl\u00e8te. Si vos mati\u00e8res premi\u00e8res sont des plastiques souples comme des films ou des sacs en plastique, nous vous recommandons de choisir un <a href=\"https:\/\/plastic-machines.org\/fr\/product\/plastic-film-dryer-machine\/\">s\u00e9choir \u00e0 plastique de type vertical<\/a>.<\/p>    <figure class=\"wp-block-image size-large\"><img loading=\"lazy\" decoding=\"async\" width=\"1024\" height=\"576\" src=\"https:\/\/plastic-machines.org\/wp-content\/uploads\/2022\/06\/plastic-washing-machine-1024x576.webp\" alt=\"machine \u00e0 laver le plastique\" class=\"wp-image-148\" srcset=\"https:\/\/plastic-machines.org\/wp-content\/uploads\/2022\/06\/plastic-washing-machine-1024x576.webp 1024w, https:\/\/plastic-machines.org\/wp-content\/uploads\/2022\/06\/plastic-washing-machine-300x169.webp 300w, https:\/\/plastic-machines.org\/wp-content\/uploads\/2022\/06\/plastic-washing-machine-768x432.webp 768w, https:\/\/plastic-machines.org\/wp-content\/uploads\/2022\/06\/plastic-washing-machine-1536x864.webp 1536w, https:\/\/plastic-machines.org\/wp-content\/uploads\/2022\/06\/plastic-washing-machine.webp 1920w\" sizes=\"auto, (max-width: 1024px) 100vw, 1024px\" \/><figcaption class=\"wp-element-caption\">machine \u00e0 laver le plastique et s\u00e8che-linge horizontal<\/figcaption><\/figure>    <h2 class=\"wp-block-heading\"> Services Shuliy pour nos clients<\/h2>    <ul class=\"wp-block-list\"> <li><strong>Service avant-vente\u00a0: <\/strong>Nous fournirons une planification de projet de recyclage du plastique et d\u00e9velopperons un ensemble de programmes de machines et d'\u00e9quipements appropri\u00e9s. De plus, selon vos besoins particuliers, notre usine prend en charge des machines de recyclage de plastique sur mesure.<\/li>    <li><strong>Service mi-vente<\/strong>: Le responsable commercial reste en contact avec vous tout au long du processus et supervise la production, le chargement et la livraison de la machine. Notre responsable commercial accompagnera le client pour finaliser la r\u00e9ception du mat\u00e9riel.<\/li>    <li><strong>Service apr\u00e8s-vente:<\/strong> Shuliy Group fournira des instructions d'installation vid\u00e9o en ligne. Si n\u00e9cessaire, nous pouvons envoyer du personnel technique dans le pays du client pour guider l\u2019installation des \u00e9quipements et former les op\u00e9rateurs. De plus, \u00e0 l'exception des pi\u00e8ces d'usure, les machines de recyclage du plastique Shuliy ont la garantie d'un entretien de qualit\u00e9 sous 12 mois.<\/li> <\/ul>","protected":false},"excerpt":{"rendered":"<p>A plastic chips dryer machine is efficient plastic recycling equipment. The cleaned plastic pieces are dewatered and dried at high speed by the dryer before granulation. So the plastic dehumidifying dryer plays an important role in the process of waste plastic granulation. It is an advanced automatic auxiliary equipment for plastic recycling. Plastic dryer machine [&hellip;]<\/p>\n","protected":false},"author":1,"featured_media":443,"parent":0,"template":"","tags":[57,39],"product-type":[14],"class_list":["post-273","product","type-product","status-publish","has-post-thumbnail","hentry","tag-dry","tag-flake","product-type-plastic-cleaning-drying-equipment"],"taxonomy_info":{"post_tag":[{"value":57,"label":"dry"},{"value":39,"label":"flake"}],"product-type":[{"value":14,"label":"Plastic Cleaning&amp;Drying equipment"}]},"featured_image_src_large":["https:\/\/plastic-machines.org\/wp-content\/uploads\/2022\/06\/horizontal-dryer1.webp",720,540,false],"author_info":{"display_name":"Ella","author_link":"https:\/\/plastic-machines.org\/fr\/author\/admin\/"},"comment_info":"","_links":{"self":[{"href":"https:\/\/plastic-machines.org\/fr\/wp-json\/wp\/v2\/product\/273","targetHints":{"allow":["GET"]}}],"collection":[{"href":"https:\/\/plastic-machines.org\/fr\/wp-json\/wp\/v2\/product"}],"about":[{"href":"https:\/\/plastic-machines.org\/fr\/wp-json\/wp\/v2\/types\/product"}],"author":[{"embeddable":true,"href":"https:\/\/plastic-machines.org\/fr\/wp-json\/wp\/v2\/users\/1"}],"wp:featuredmedia":[{"embeddable":true,"href":"https:\/\/plastic-machines.org\/fr\/wp-json\/wp\/v2\/media\/443"}],"wp:attachment":[{"href":"https:\/\/plastic-machines.org\/fr\/wp-json\/wp\/v2\/media?parent=273"}],"wp:term":[{"taxonomy":"post_tag","embeddable":true,"href":"https:\/\/plastic-machines.org\/fr\/wp-json\/wp\/v2\/tags?post=273"},{"taxonomy":"product-type","embeddable":true,"href":"https:\/\/plastic-machines.org\/fr\/wp-json\/wp\/v2\/product-type?post=273"}],"curies":[{"name":"wp","href":"https:\/\/api.w.org\/{rel}","templated":true}]}}