{"id":251,"date":"2022-07-07T03:45:17","date_gmt":"2022-07-07T03:45:17","guid":{"rendered":"https:\/\/plastic-machines.org\/?post_type=product&#038;p=251"},"modified":"2025-11-18T09:39:23","modified_gmt":"2025-11-18T01:39:23","slug":"plastic-film-washing-machine","status":"publish","type":"product","link":"https:\/\/plastic-machines.org\/fr\/product\/plastic-film-washing-machine\/","title":{"rendered":"Machine \u00e0 laver film plastique pour l'usine de recyclage LDPE PP"},"content":{"rendered":"<div class=\"kk-star-ratings kksr-auto kksr-align-left kksr-valign-top\"     data-payload='{&quot;align&quot;:&quot;left&quot;,&quot;id&quot;:&quot;251&quot;,&quot;slug&quot;:&quot;default&quot;,&quot;valign&quot;:&quot;top&quot;,&quot;ignore&quot;:&quot;&quot;,&quot;reference&quot;:&quot;auto&quot;,&quot;class&quot;:&quot;&quot;,&quot;count&quot;:&quot;5&quot;,&quot;legendonly&quot;:&quot;&quot;,&quot;readonly&quot;:&quot;&quot;,&quot;score&quot;:&quot;5&quot;,&quot;starsonly&quot;:&quot;&quot;,&quot;best&quot;:&quot;5&quot;,&quot;gap&quot;:&quot;5&quot;,&quot;greet&quot;:&quot;Rate this product&quot;,&quot;legend&quot;:&quot;5\\\/5 - (5 votes)&quot;,&quot;size&quot;:&quot;24&quot;,&quot;title&quot;:&quot;Plastic Film Washing Machine for LDPE PP recycling plant&quot;,&quot;width&quot;:&quot;142.5&quot;,&quot;_legend&quot;:&quot;{score}\\\/{best} - ({count} {votes})&quot;,&quot;font_factor&quot;:&quot;1.25&quot;}'>              <div class=\"kksr-stars\">      <div class=\"kksr-stars-inactive\">             <div class=\"kksr-star\" data-star=\"1\" style=\"padding-right: 5px\">               <div class=\"kksr-icon\" style=\"width: 24px; height: 24px;\"><\/div>         <\/div>             <div class=\"kksr-star\" data-star=\"2\" style=\"padding-right: 5px\">               <div class=\"kksr-icon\" style=\"width: 24px; height: 24px;\"><\/div>         <\/div>             <div class=\"kksr-star\" data-star=\"3\" style=\"padding-right: 5px\">               <div class=\"kksr-icon\" style=\"width: 24px; height: 24px;\"><\/div>         <\/div>             <div class=\"kksr-star\" data-star=\"4\" style=\"padding-right: 5px\">               <div class=\"kksr-icon\" style=\"width: 24px; height: 24px;\"><\/div>         <\/div>             <div class=\"kksr-star\" data-star=\"5\" style=\"padding-right: 5px\">               <div class=\"kksr-icon\" style=\"width: 24px; height: 24px;\"><\/div>         <\/div>     <\/div>      <div class=\"kksr-stars-active\" style=\"width: 142.5px;\">             <div class=\"kksr-star\" style=\"padding-right: 5px\">               <div class=\"kksr-icon\" style=\"width: 24px; height: 24px;\"><\/div>         <\/div>             <div class=\"kksr-star\" style=\"padding-right: 5px\">               <div class=\"kksr-icon\" style=\"width: 24px; height: 24px;\"><\/div>         <\/div>             <div class=\"kksr-star\" style=\"padding-right: 5px\">               <div class=\"kksr-icon\" style=\"width: 24px; height: 24px;\"><\/div>         <\/div>             <div class=\"kksr-star\" style=\"padding-right: 5px\">               <div class=\"kksr-icon\" style=\"width: 24px; height: 24px;\"><\/div>         <\/div>             <div class=\"kksr-star\" style=\"padding-right: 5px\">               <div class=\"kksr-icon\" style=\"width: 24px; height: 24px;\"><\/div>         <\/div>     <\/div> <\/div>                   <div class=\"kksr-legend\" style=\"font-size: 19.2px;\">             5\/5 - (5 votes)    <\/div>     <\/div>  <p>Une machine \u00e0 laver les films plastiques est l'un des \u00e9quipements de nettoyage du plastique couramment utilis\u00e9s dans les lignes de recyclage des films plastiques pour rincer les lambeaux de plastique et \u00e9liminer les r\u00e9sidus d'autocollants du plastique. Le r\u00e9servoir de lavage en plastique est en acier inoxydable, qui ne rouille pas facilement et a une longue dur\u00e9e de vie.<\/p>    <figure class=\"wp-block-embed is-type-video is-provider-youtube wp-block-embed-youtube wp-embed-aspect-16-9 wp-has-aspect-ratio\"><div class=\"wp-block-embed__wrapper\"> <iframe loading=\"lazy\" title=\"R\u00e9servoir de rin\u00e7age en plastique pour le recyclage des flocons de films PP LDPE HDPE\" width=\"500\" height=\"281\" src=\"https:\/\/www.youtube.com\/embed\/jxk0iCaV3PE?start=30&#038;feature=oembed\" frameborder=\"0\" allow=\"accelerometer; autoplay; clipboard-write; encrypted-media; gyroscope; picture-in-picture; web-share\" referrerpolicy=\"strict-origin-when-cross-origin\" allowfullscreen><\/iframe> <\/div><\/figure>    <h2 class=\"wp-block-heading\" id=\"h-application-of-plastic-film-washing-machine\">Application de machine \u00e0 laver le film plastique<\/h2>    <p class=\"translation-block\">La machine \u00e0 laver les films en PE nettoie principalement les morceaux de film plastique. Apr\u00e8s que le broyeur de films plastiques ait broy\u00e9 les sacs plastiques usag\u00e9s, les d\u00e9chets plastiques sont encore sales. \u00c9tant donn\u00e9 qu'il y a de nombreuses taches d'huile, de la poussi\u00e8re, de la peinture et d'autres taches sur le sac plastique, il doit \u00eatre nettoy\u00e9 avant la <a href=\"https:\/\/plastic-machines.org\/fr\/product\/plastic-granulating-line\/\">granulation<\/a>. Par cons\u00e9quent, il est tr\u00e8s n\u00e9cessaire de l'envoyer au r\u00e9servoir de nettoyage des plastiques afin d'am\u00e9liorer la qualit\u00e9 des granul\u00e9s recycl\u00e9s et d'augmenter l'efficacit\u00e9 \u00e9conomique.<\/p>    <h2 class=\"wp-block-heading\">Principe de fonctionnement de la machine \u00e0 laver le plastique<\/h2>    <p>La machine \u00e0 laver de recyclage du plastique est principalement compos\u00e9e d'un r\u00e9servoir d'eau, d'un engrenage rotatif, d'un orifice de drainage et d'autres structures. Lorsque la pi\u00e8ce en plastique entre dans le r\u00e9servoir d'eau, les engrenages rotatifs entra\u00eenent une grande quantit\u00e9 de plastique \u00e0 culbuter et \u00e0 nettoyer pendant la rotation, et \u00e0 la transporter vers l'engrenage suivant. Un total de dix engrenages sont install\u00e9s sur le r\u00e9servoir d'eau, et le culbutage circulaire rendra le plastique propre.<\/p>    <figure class=\"wp-block-gallery has-nested-images columns-default is-cropped wp-block-gallery-2 is-layout-flex wp-block-gallery-is-layout-flex\"> <figure class=\"wp-block-image size-large\"><img loading=\"lazy\" decoding=\"async\" width=\"720\" height=\"540\" data-id=\"255\" src=\"https:\/\/plastic-machines.org\/wp-content\/uploads\/2022\/07\/rotating-gear.webp\" alt=\"Engrenages rotatifs de machine \u00e0 laver \u00e0 film plastique\" class=\"wp-image-255\" srcset=\"https:\/\/plastic-machines.org\/wp-content\/uploads\/2022\/07\/rotating-gear.webp 720w, https:\/\/plastic-machines.org\/wp-content\/uploads\/2022\/07\/rotating-gear-300x225.webp 300w\" sizes=\"auto, (max-width: 720px) 100vw, 720px\" \/><figcaption class=\"wp-element-caption\">engrenages rotatifs<\/figcaption><\/figure>    <figure class=\"wp-block-image size-large\"><img loading=\"lazy\" decoding=\"async\" width=\"720\" height=\"540\" data-id=\"256\" src=\"https:\/\/plastic-machines.org\/wp-content\/uploads\/2022\/07\/drainage-port-on-the-tank.webp\" alt=\"orifice de vidange sur le r\u00e9servoir de rin\u00e7age en plastique\" class=\"wp-image-256\" srcset=\"https:\/\/plastic-machines.org\/wp-content\/uploads\/2022\/07\/drainage-port-on-the-tank.webp 720w, https:\/\/plastic-machines.org\/wp-content\/uploads\/2022\/07\/drainage-port-on-the-tank-300x225.webp 300w\" sizes=\"auto, (max-width: 720px) 100vw, 720px\" \/><figcaption class=\"wp-element-caption\">port de drainage sur la machine \u00e0 laver le film plastique<\/figcaption><\/figure> <\/figure>    <h2 class=\"wp-block-heading\">Affichage d'usine de r\u00e9servoir de lavage en plastique <\/h2>    <p>Un total de 10 engrenages rotatifs sont n\u00e9cessaires, la distance entre les deux roues de m\u00e9lange est de 1,5 \u00e0 2 m\u00e8tres et la longueur de toute la machine est d'environ 15 \u00e0 20 m\u00e8tres. La couleur de la machine \u00e0 monter peut \u00eatre personnalis\u00e9e par les demandes de nos clients.<\/p>    <p class=\"translation-block\">Dans la <a href=\"https:\/\/plastic-machines.org\/fr\/product\/plastic-granulating-line\/\">ligne de recyclage des plastiques<\/a> compl\u00e8te, le r\u00e9servoir de rin\u00e7age est toujours connect\u00e9 \u00e0 une <a href=\"https:\/\/plastic-machines.org\/fr\/product\/plastic-film-dryer-machine\/\">machine de d\u00e9shydratation<\/a>, qui sert \u00e0 soulever les mat\u00e9riaux dans le r\u00e9servoir et \u00e0 \u00e9liminer leur exc\u00e8s d'eau.<\/p>    <figure class=\"wp-block-gallery has-nested-images columns-default is-cropped wp-block-gallery-3 is-layout-flex wp-block-gallery-is-layout-flex\"> <figure class=\"wp-block-image size-large\"><img loading=\"lazy\" decoding=\"async\" width=\"720\" height=\"540\" data-id=\"257\" src=\"https:\/\/plastic-machines.org\/wp-content\/uploads\/2022\/07\/washing-tank.webp\" alt=\"r\u00e9servoir de lavage pour recyclage PP PE LDPE \" class=\"wp-image-257\" srcset=\"https:\/\/plastic-machines.org\/wp-content\/uploads\/2022\/07\/washing-tank.webp 720w, https:\/\/plastic-machines.org\/wp-content\/uploads\/2022\/07\/washing-tank-300x225.webp 300w\" sizes=\"auto, (max-width: 720px) 100vw, 720px\" \/><figcaption class=\"wp-element-caption\">cuve de lavage<\/figcaption><\/figure>    <figure class=\"wp-block-image size-large\"><img loading=\"lazy\" decoding=\"async\" width=\"720\" height=\"540\" data-id=\"258\" src=\"https:\/\/plastic-machines.org\/wp-content\/uploads\/2022\/07\/plastic-washing-machine.webp\" alt=\"machine \u00e0 laver les films plastiques\" class=\"wp-image-258\" srcset=\"https:\/\/plastic-machines.org\/wp-content\/uploads\/2022\/07\/plastic-washing-machine.webp 720w, https:\/\/plastic-machines.org\/wp-content\/uploads\/2022\/07\/plastic-washing-machine-300x225.webp 300w\" sizes=\"auto, (max-width: 720px) 100vw, 720px\" \/><figcaption class=\"wp-element-caption\">machine \u00e0 laver le plastique<\/figcaption><\/figure> <\/figure>    <figure class=\"wp-block-gallery has-nested-images columns-default is-cropped wp-block-gallery-4 is-layout-flex wp-block-gallery-is-layout-flex\"> <figure class=\"wp-block-image size-large\"><img loading=\"lazy\" decoding=\"async\" width=\"720\" height=\"540\" data-id=\"259\" src=\"https:\/\/plastic-machines.org\/wp-content\/uploads\/2022\/07\/plastic-rinsing-tank.webp\" alt=\"cuve de rin\u00e7age en plastique\" class=\"wp-image-259\" srcset=\"https:\/\/plastic-machines.org\/wp-content\/uploads\/2022\/07\/plastic-rinsing-tank.webp 720w, https:\/\/plastic-machines.org\/wp-content\/uploads\/2022\/07\/plastic-rinsing-tank-300x225.webp 300w\" sizes=\"auto, (max-width: 720px) 100vw, 720px\" \/><figcaption class=\"wp-element-caption\">cuve de rin\u00e7age en plastique<\/figcaption><\/figure>    <figure class=\"wp-block-image size-large\"><img loading=\"lazy\" decoding=\"async\" width=\"720\" height=\"540\" data-id=\"260\" src=\"https:\/\/plastic-machines.org\/wp-content\/uploads\/2022\/07\/rotating-gears.webp\" alt=\"Engrenages rotatifs de machine \u00e0 laver en plastique\" class=\"wp-image-260\" srcset=\"https:\/\/plastic-machines.org\/wp-content\/uploads\/2022\/07\/rotating-gears.webp 720w, https:\/\/plastic-machines.org\/wp-content\/uploads\/2022\/07\/rotating-gears-300x225.webp 300w\" sizes=\"auto, (max-width: 720px) 100vw, 720px\" \/><figcaption class=\"wp-element-caption\">engrenages rotatifs<\/figcaption><\/figure> <\/figure>","protected":false},"excerpt":{"rendered":"<p>A plastic film washing machine is one of the common plastic cleaning equipment used in plastic film recycling lines for rinsing plastic shreds and removing sticker residue from plastic. The plastic washing tank is made of stainless steel, which is not easy to rust and has a long service life. Application of plastic film washing [&hellip;]<\/p>\n","protected":false},"author":1,"featured_media":455,"parent":0,"template":"","tags":[57,49,37,44],"product-type":[14],"class_list":["post-251","product","type-product","status-publish","has-post-thumbnail","hentry","tag-dry","tag-film","tag-hdpe","tag-pp","product-type-plastic-cleaning-drying-equipment"],"taxonomy_info":{"post_tag":[{"value":57,"label":"dry"},{"value":49,"label":"film"},{"value":37,"label":"HDPE"},{"value":44,"label":"PP"}],"product-type":[{"value":14,"label":"Plastic Cleaning&amp;Drying equipment"}]},"featured_image_src_large":["https:\/\/plastic-machines.org\/wp-content\/uploads\/2022\/06\/rinsing-tank1.webp",720,540,false],"author_info":{"display_name":"Ella","author_link":"https:\/\/plastic-machines.org\/fr\/author\/admin\/"},"comment_info":"","_links":{"self":[{"href":"https:\/\/plastic-machines.org\/fr\/wp-json\/wp\/v2\/product\/251","targetHints":{"allow":["GET"]}}],"collection":[{"href":"https:\/\/plastic-machines.org\/fr\/wp-json\/wp\/v2\/product"}],"about":[{"href":"https:\/\/plastic-machines.org\/fr\/wp-json\/wp\/v2\/types\/product"}],"author":[{"embeddable":true,"href":"https:\/\/plastic-machines.org\/fr\/wp-json\/wp\/v2\/users\/1"}],"wp:featuredmedia":[{"embeddable":true,"href":"https:\/\/plastic-machines.org\/fr\/wp-json\/wp\/v2\/media\/455"}],"wp:attachment":[{"href":"https:\/\/plastic-machines.org\/fr\/wp-json\/wp\/v2\/media?parent=251"}],"wp:term":[{"taxonomy":"post_tag","embeddable":true,"href":"https:\/\/plastic-machines.org\/fr\/wp-json\/wp\/v2\/tags?post=251"},{"taxonomy":"product-type","embeddable":true,"href":"https:\/\/plastic-machines.org\/fr\/wp-json\/wp\/v2\/product-type?post=251"}],"curies":[{"name":"wp","href":"https:\/\/api.w.org\/{rel}","templated":true}]}}