{"id":2009,"date":"2026-01-15T14:46:03","date_gmt":"2026-01-15T06:46:03","guid":{"rendered":"https:\/\/plastic-machines.org\/?post_type=product&#038;p=2009"},"modified":"2026-01-16T09:42:32","modified_gmt":"2026-01-16T01:42:32","slug":"horizontal-waste-tire-baler","status":"publish","type":"product","link":"https:\/\/plastic-machines.org\/fr\/product\/horizontal-waste-tire-baler\/","title":{"rendered":"Compacteur Horizontal de Pneus Usag\u00e9s"},"content":{"rendered":"<div class=\"kk-star-ratings kksr-auto kksr-align-left kksr-valign-top\"     data-payload='{&quot;align&quot;:&quot;left&quot;,&quot;id&quot;:&quot;2009&quot;,&quot;slug&quot;:&quot;default&quot;,&quot;valign&quot;:&quot;top&quot;,&quot;ignore&quot;:&quot;&quot;,&quot;reference&quot;:&quot;auto&quot;,&quot;class&quot;:&quot;&quot;,&quot;count&quot;:&quot;2&quot;,&quot;legendonly&quot;:&quot;&quot;,&quot;readonly&quot;:&quot;&quot;,&quot;score&quot;:&quot;5&quot;,&quot;starsonly&quot;:&quot;&quot;,&quot;best&quot;:&quot;5&quot;,&quot;gap&quot;:&quot;5&quot;,&quot;greet&quot;:&quot;Rate this product&quot;,&quot;legend&quot;:&quot;5\\\/5 - (2 votes)&quot;,&quot;size&quot;:&quot;24&quot;,&quot;title&quot;:&quot;Horizontal Waste Tire Baler&quot;,&quot;width&quot;:&quot;142.5&quot;,&quot;_legend&quot;:&quot;{score}\\\/{best} - ({count} {votes})&quot;,&quot;font_factor&quot;:&quot;1.25&quot;}'>              <div class=\"kksr-stars\">      <div class=\"kksr-stars-inactive\">             <div class=\"kksr-star\" data-star=\"1\" style=\"padding-right: 5px\">               <div class=\"kksr-icon\" style=\"width: 24px; height: 24px;\"><\/div>         <\/div>             <div class=\"kksr-star\" data-star=\"2\" style=\"padding-right: 5px\">               <div class=\"kksr-icon\" style=\"width: 24px; height: 24px;\"><\/div>         <\/div>             <div class=\"kksr-star\" data-star=\"3\" style=\"padding-right: 5px\">               <div class=\"kksr-icon\" style=\"width: 24px; height: 24px;\"><\/div>         <\/div>             <div class=\"kksr-star\" data-star=\"4\" style=\"padding-right: 5px\">               <div class=\"kksr-icon\" style=\"width: 24px; height: 24px;\"><\/div>         <\/div>             <div class=\"kksr-star\" data-star=\"5\" style=\"padding-right: 5px\">               <div class=\"kksr-icon\" style=\"width: 24px; height: 24px;\"><\/div>         <\/div>     <\/div>      <div class=\"kksr-stars-active\" style=\"width: 142.5px;\">             <div class=\"kksr-star\" style=\"padding-right: 5px\">               <div class=\"kksr-icon\" style=\"width: 24px; height: 24px;\"><\/div>         <\/div>             <div class=\"kksr-star\" style=\"padding-right: 5px\">               <div class=\"kksr-icon\" style=\"width: 24px; height: 24px;\"><\/div>         <\/div>             <div class=\"kksr-star\" style=\"padding-right: 5px\">               <div class=\"kksr-icon\" style=\"width: 24px; height: 24px;\"><\/div>         <\/div>             <div class=\"kksr-star\" style=\"padding-right: 5px\">               <div class=\"kksr-icon\" style=\"width: 24px; height: 24px;\"><\/div>         <\/div>             <div class=\"kksr-star\" style=\"padding-right: 5px\">               <div class=\"kksr-icon\" style=\"width: 24px; height: 24px;\"><\/div>         <\/div>     <\/div> <\/div>                   <div class=\"kksr-legend\" style=\"font-size: 19.2px;\">             5\/5 - (2 votes)    <\/div>     <\/div>  <p>G\u00e9rer le volume important de pneus usag\u00e9s est le principal d\u00e9fi logistique pour les centres de recyclage et les usines de pyrolyse. Le volume l\u00e2che de pneus usag\u00e9s entra\u00eene des co\u00fbts de transport exorbitants et un stockage inefficace. La balleuse horizontale de la s\u00e9rie 200 de Shuliy aborde ce probl\u00e8me par une force hydraulique brute, con\u00e7ue sp\u00e9cifiquement pour surmonter la forte \u00e9lasticit\u00e9 de rebond du caoutchouc.<\/p>    <p class=\"translation-block\">Contrairement aux balleuses en carton ou <a href=\"https:\/\/plastic-machines.org\/fr\/product\/plastic-baler-machine\/\">plastique<\/a> \u00e0 usage g\u00e9n\u00e9ral, cette machine est renforc\u00e9e avec de l'acier structurel Q345\/355 pour r\u00e9sister \u00e0 la pression ext\u00e9rieure sp\u00e9cifique exerc\u00e9e par les pneus comprim\u00e9s.<\/p>    <figure class=\"wp-block-gallery has-nested-images columns-default is-cropped wp-block-gallery-2 is-layout-flex wp-block-gallery-is-layout-flex\"> <figure class=\"wp-block-image size-large\"><img loading=\"lazy\" decoding=\"async\" width=\"720\" height=\"540\" data-id=\"2013\" src=\"https:\/\/plastic-machines.org\/wp-content\/uploads\/2026\/01\/Scrap-tire-compactor.webp\" alt=\"Compacteur de pneus usag\u00e9s\" class=\"wp-image-2013\" srcset=\"https:\/\/plastic-machines.org\/wp-content\/uploads\/2026\/01\/Scrap-tire-compactor.webp 720w, https:\/\/plastic-machines.org\/wp-content\/uploads\/2026\/01\/Scrap-tire-compactor-300x225.webp 300w, https:\/\/plastic-machines.org\/wp-content\/uploads\/2026\/01\/Scrap-tire-compactor-16x12.webp 16w\" sizes=\"auto, (max-width: 720px) 100vw, 720px\" \/><figcaption class=\"wp-element-caption\">Compacteur de pneus usag\u00e9s<\/figcaption><\/figure>    <figure class=\"wp-block-image size-large\"><img loading=\"lazy\" decoding=\"async\" width=\"720\" height=\"540\" data-id=\"2014\" src=\"https:\/\/plastic-machines.org\/wp-content\/uploads\/2026\/01\/Tire-baler.webp\" alt=\"Balleuse de pneus\" class=\"wp-image-2014\" srcset=\"https:\/\/plastic-machines.org\/wp-content\/uploads\/2026\/01\/Tire-baler.webp 720w, https:\/\/plastic-machines.org\/wp-content\/uploads\/2026\/01\/Tire-baler-300x225.webp 300w, https:\/\/plastic-machines.org\/wp-content\/uploads\/2026\/01\/Tire-baler-16x12.webp 16w\" sizes=\"auto, (max-width: 720px) 100vw, 720px\" \/><figcaption class=\"wp-element-caption\">Balleuse de pneus<\/figcaption><\/figure> <\/figure>    <figure class=\"wp-block-gallery has-nested-images columns-default is-cropped wp-block-gallery-3 is-layout-flex wp-block-gallery-is-layout-flex\"> <figure class=\"wp-block-image size-large\"><img loading=\"lazy\" decoding=\"async\" width=\"720\" height=\"540\" data-id=\"2012\" src=\"https:\/\/plastic-machines.org\/wp-content\/uploads\/2026\/01\/Hydraulic-tire-baling-machine.webp\" alt=\"Machine de ballottage de pneus hydraulique\" class=\"wp-image-2012\" srcset=\"https:\/\/plastic-machines.org\/wp-content\/uploads\/2026\/01\/Hydraulic-tire-baling-machine.webp 720w, https:\/\/plastic-machines.org\/wp-content\/uploads\/2026\/01\/Hydraulic-tire-baling-machine-300x225.webp 300w, https:\/\/plastic-machines.org\/wp-content\/uploads\/2026\/01\/Hydraulic-tire-baling-machine-16x12.webp 16w\" sizes=\"auto, (max-width: 720px) 100vw, 720px\" \/><figcaption class=\"wp-element-caption\">Machine de ballottage de pneus hydraulique<\/figcaption><\/figure>    <figure class=\"wp-block-image size-large\"><img loading=\"lazy\" decoding=\"async\" width=\"720\" height=\"540\" data-id=\"2010\" src=\"https:\/\/plastic-machines.org\/wp-content\/uploads\/2026\/01\/Tire-recycling-baler.webp\" alt=\"Balleuse de recyclage de pneus\" class=\"wp-image-2010\" srcset=\"https:\/\/plastic-machines.org\/wp-content\/uploads\/2026\/01\/Tire-recycling-baler.webp 720w, https:\/\/plastic-machines.org\/wp-content\/uploads\/2026\/01\/Tire-recycling-baler-300x225.webp 300w, https:\/\/plastic-machines.org\/wp-content\/uploads\/2026\/01\/Tire-recycling-baler-16x12.webp 16w\" sizes=\"auto, (max-width: 720px) 100vw, 720px\" \/><figcaption class=\"wp-element-caption\">Balleuse de recyclage de pneus<\/figcaption><\/figure> <\/figure>    <figure class=\"wp-block-gallery has-nested-images columns-default is-cropped wp-block-gallery-4 is-layout-flex wp-block-gallery-is-layout-flex\"> <figure class=\"wp-block-image size-large\"><img loading=\"lazy\" decoding=\"async\" width=\"720\" height=\"540\" data-id=\"2011\" src=\"https:\/\/plastic-machines.org\/wp-content\/uploads\/2026\/01\/Horizontal-Waste-Tire-Baler.webp\" alt=\"Compacteur Horizontal de Pneus Usag\u00e9s\" class=\"wp-image-2011\" srcset=\"https:\/\/plastic-machines.org\/wp-content\/uploads\/2026\/01\/Horizontal-Waste-Tire-Baler.webp 720w, https:\/\/plastic-machines.org\/wp-content\/uploads\/2026\/01\/Horizontal-Waste-Tire-Baler-300x225.webp 300w, https:\/\/plastic-machines.org\/wp-content\/uploads\/2026\/01\/Horizontal-Waste-Tire-Baler-16x12.webp 16w\" sizes=\"auto, (max-width: 720px) 100vw, 720px\" \/><figcaption class=\"wp-element-caption\">Compacteur Horizontal de Pneus Usag\u00e9s<\/figcaption><\/figure>    <figure class=\"wp-block-image size-large\"><img loading=\"lazy\" decoding=\"async\" width=\"720\" height=\"540\" data-id=\"2015\" src=\"https:\/\/plastic-machines.org\/wp-content\/uploads\/2026\/01\/Horizontal-Tire-Baler.webp\" alt=\"Balleuse horizontale de pneus\" class=\"wp-image-2015\" srcset=\"https:\/\/plastic-machines.org\/wp-content\/uploads\/2026\/01\/Horizontal-Tire-Baler.webp 720w, https:\/\/plastic-machines.org\/wp-content\/uploads\/2026\/01\/Horizontal-Tire-Baler-300x225.webp 300w, https:\/\/plastic-machines.org\/wp-content\/uploads\/2026\/01\/Horizontal-Tire-Baler-16x12.webp 16w\" sizes=\"auto, (max-width: 720px) 100vw, 720px\" \/><figcaption class=\"wp-element-caption\">Balleuse horizontale de pneus<\/figcaption><\/figure> <\/figure>    <h2 class=\"wp-block-heading\">Architecture de compression \u00e0 haute pression<\/h2>    <p>The core competency of this equipment lies in its &#8220;Closed-End&#8221; (Door Type) design combined with a 2000KN (200 Ton) hydraulic system. For materials like tires, which have significant memory and spring-back, an open-end continuous baler often fails to achieve maximum density.<\/p>    <p>Notre balleuse horizontale de pneus usag\u00e9s utilise une porte hydraulique robuste. Pendant le cycle de compression, la porte reste verrouill\u00e9e, permettant au ma\u00eetre cylindre (diam\u00e8tre \u03a6351mm) d'exercer toute la pression contre un mur solide. Cela garantit que les vides de caoutchouc sont minimis\u00e9s.<\/p>    <ul class=\"wp-block-list\"> <li>Pression du syst\u00e8me : association de haute et basse pression atteignant 2000KN.<\/li>    <li>Stabilit\u00e9 hydraulique : aliment\u00e9e par un syst\u00e8me de pompe \u00e0 double vanne et r\u00e9gul\u00e9e par refroidissement \u00e0 l'eau pour maintenir la viscosit\u00e9 de l'huile lors de cycles de fonctionnement de 24 heures.<\/li> <\/ul>    <h2 class=\"wp-block-heading\">Analyse du mod\u00e8le de la balleuse de pneus : SLB-200T vs. SLS-200T<\/h2>    <p>Nous proposons deux configurations distinctes dans cette s\u00e9rie de 200 tonnes pour r\u00e9pondre \u00e0 diff\u00e9rents d\u00e9bits d'installation et exigences logistiques.<\/p>    <p><strong>Le fleuron : SLB-200T (Sortie \u00e0 haute densit\u00e9)<\/strong><\/p>    <p>Con\u00e7ue pour des op\u00e9rations \u00e0 grande \u00e9chelle n\u00e9cessitant une efficacit\u00e9 maximale d'exp\u00e9dition.<\/p>    <ul class=\"wp-block-list\"> <li>Poids de la balle : produit des balles massives pesant 1500 kg.<\/li>    <li>Puissance : \u00e9quip\u00e9e d'un moteur principal de 45 kW pour entra\u00eener le volume hydraulique plus important.<\/li>    <li>Dimensions de la balle : L1250 * H1250 * P1700mm.<\/li>    <li>Efficacit\u00e9 : capable de traiter 5 balles par heure (~7,5 tonnes\/heure). Ce mod\u00e8le est le choix optimal pour les exportateurs chargeant des conteneurs 40HQ, maximisant la charge utile \u00e0 environ 26-28 tonnes par conteneur.<\/li> <\/ul>    <p><strong>La norme : SLS-200T (Solution \u00e9conomique)<\/strong><\/p>    <p class=\"translation-block\">Convient pour des installations de taille moyenne alimentant <a href=\"https:\/\/plastic-machines.org\/fr\/product\/fully-automatic-tire-recycling-line\/\">ligne d'usine de recyclage de pneus locaux<\/a>.<\/p>    <ul class=\"wp-block-list\"> <li>Poids de la balle : produit des balles g\u00e9rables de 700-800 kg.<\/li>    <li>Puissance : utilisez un moteur principal de 37 kW.<\/li>    <li>Dimensions de la balle : L1700 * H850 * P1130mm.<\/li>    <li>Efficacit\u00e9 : traite 4 balles par heure (~3 tonnes\/heure).<\/li> <\/ul>    <h2 class=\"wp-block-heading\">Flux de travail op\u00e9rationnel et automatisation<\/h2>    <p>L'int\u00e9gration d'une machine de ballottage de pneus hydraulique dans votre ligne n\u00e9cessite de comprendre le flux de mat\u00e9riau. Le syst\u00e8me Shuliy comprend un convoyeur d'alimentation d\u00e9di\u00e9 (9,5 m\u00e8tres de long) en \u00e9quipement standard, \u00e9liminant le risque de s\u00e9curit\u00e9 li\u00e9 \u00e0 l'alimentation manuelle.<\/p>    <ol class=\"wp-block-list\"> <li>Alimentation : le convoyeur de 5,5 kW avec bande antid\u00e9rapante transporte les pneus dans la chambre.<\/li>    <li>Compression : le coffret de contr\u00f4le intelligent PLC g\u00e8re automatiquement le cycle de compression.<\/li>    <li>Fermeture manuelle : une fois la longueur de la balle (r\u00e9glable) atteinte, l'op\u00e9rateur enfile manuellement le fil. La SLB-200T n\u00e9cessite 6-8 fils, tandis que la SLS-200T utilise 4 fils pour s\u00e9curiser la balle.<\/li>    <li>\u00c9jection : la balle est \u00e9ject\u00e9e, pr\u00eate \u00e0 \u00eatre manipul\u00e9e par un chariot \u00e9l\u00e9vateur.<\/li> <\/ol>    <h2 class=\"wp-block-heading\">Comparaison des sp\u00e9cifications techniques<\/h2>    <p>Ci-dessous, une comparaison d\u00e9taill\u00e9e des donn\u00e9es pour aider \u00e0 choisir la bonne balleuse de recyclage de pneus pour votre installation.<\/p>    <figure class=\"wp-block-table\"><table><thead><tr><th class=\"has-text-align-left\" data-align=\"left\">Param\u00e8tre<\/th><th class=\"has-text-align-left\" data-align=\"left\"><strong>SLB-200T (Heavy Duty)<\/strong><\/th><th class=\"has-text-align-left\" data-align=\"left\"><strong>SLS-200T (Standard)<\/strong><\/th><\/tr><\/thead><tbody><tr><td class=\"has-text-align-left\" data-align=\"left\"><strong>Pression du syst\u00e8me<\/strong><\/td><td class=\"has-text-align-left\" data-align=\"left\">2000KN (200 tonnes)<\/td><td class=\"has-text-align-left\" data-align=\"left\">2000KN (200 tonnes)<\/td><\/tr><tr><td class=\"has-text-align-left\" data-align=\"left\"><strong>Puissance du moteur principal<\/strong><\/td><td class=\"has-text-align-left\" data-align=\"left\">45 kW<\/td><td class=\"has-text-align-left\" data-align=\"left\">37 kW<\/td><\/tr><tr><td class=\"has-text-align-left\" data-align=\"left\"><strong>Taille de la balle (L<em>H<\/em>L)<\/strong><\/td><td class=\"has-text-align-left\" data-align=\"left\">1250 * 1250 * 1700 mm<\/td><td class=\"has-text-align-left\" data-align=\"left\">1130 * 850 * 1700 mm<\/td><\/tr><tr><td class=\"has-text-align-left\" data-align=\"left\"><strong>Poids de la balle<\/strong><\/td><td class=\"has-text-align-left\" data-align=\"left\"><strong>1500 kg (pneus usag\u00e9s)<\/strong><\/td><td class=\"has-text-align-left\" data-align=\"left\"><strong>700-800 kg (pneus usag\u00e9s)<\/strong><\/td><\/tr><tr><td class=\"has-text-align-left\" data-align=\"left\"><strong>Production horaire<\/strong><\/td><td class=\"has-text-align-left\" data-align=\"left\">~5 balles\/heure<\/td><td class=\"has-text-align-left\" data-align=\"left\">~4 balles\/heure<\/td><\/tr><tr><td class=\"has-text-align-left\" data-align=\"left\"><strong>Poids de la machine<\/strong><\/td><td class=\"has-text-align-left\" data-align=\"left\">22 tonnes<\/td><td class=\"has-text-align-left\" data-align=\"left\">17,5 tonnes<\/td><\/tr><tr><td class=\"has-text-align-left\" data-align=\"left\"><strong>Syst\u00e8me de refroidissement<\/strong><\/td><td class=\"has-text-align-left\" data-align=\"left\">Refroidissement par eau<\/td><td class=\"has-text-align-left\" data-align=\"left\">Refroidissement par eau<\/td><\/tr><tr><td class=\"has-text-align-left\" data-align=\"left\"><strong>Alimentation<\/strong><\/td><td class=\"has-text-align-left\" data-align=\"left\">Convoyeur (9500*1900mm)<\/td><td class=\"has-text-align-left\" data-align=\"left\">Convoyeur (9500*1750mm)<\/td><\/tr><\/tbody><\/table><\/figure>    <h2 class=\"wp-block-heading\">Installation et service pour la balleuse horizontale de pneus usag\u00e9s<\/h2>    <p>\u00c9tant donn\u00e9 le poids et la puissance importants de cette balleuse horizontale de pneus usag\u00e9s, une installation correcte est cruciale.<\/p>    <ul class=\"wp-block-list\"> <li>Alimentation \u00e9lectrique : n\u00e9cessite une alimentation industrielle triphas\u00e9e.<\/li>    <li>Refroidissement : une connexion \u00e0 une source d'eau ou \u00e0 un refroidisseur industriel est n\u00e9cessaire pour le syst\u00e8me de refroidissement.<\/li>    <li>Support : nous fournissons une formation \u00e0 l'installation et \u00e0 l'exploitation guid\u00e9e par vid\u00e9o. Un support d'ing\u00e9nierie sur site est disponible pour la mise en service et la mise en route.<\/li> <\/ul>","protected":false},"excerpt":{"rendered":"<p>The Shuliy 200-Series Horizontal Waste Tire Baler is engineered for high-volume tire recycling facilities. Featuring 200 tons of hydraulic force and a heavy-duty Q345 steel frame, this machine compresses loose tires into dense 1.5-ton bales. It significantly reduces storage footprint and shipping costs for global recycling operations.<\/p>","protected":false},"author":1,"featured_media":2014,"parent":0,"template":"","tags":[112],"product-type":[111],"class_list":["post-2009","product","type-product","status-publish","has-post-thumbnail","hentry","tag-tire","product-type-tire-recycling"],"taxonomy_info":{"post_tag":[{"value":112,"label":"tire"}],"product-type":[{"value":111,"label":"Tire Recycling Equipment"}]},"featured_image_src_large":["https:\/\/plastic-machines.org\/wp-content\/uploads\/2026\/01\/Tire-baler.webp",720,540,false],"author_info":{"display_name":"Ella","author_link":"https:\/\/plastic-machines.org\/fr\/author\/admin\/"},"comment_info":"","_links":{"self":[{"href":"https:\/\/plastic-machines.org\/fr\/wp-json\/wp\/v2\/product\/2009","targetHints":{"allow":["GET"]}}],"collection":[{"href":"https:\/\/plastic-machines.org\/fr\/wp-json\/wp\/v2\/product"}],"about":[{"href":"https:\/\/plastic-machines.org\/fr\/wp-json\/wp\/v2\/types\/product"}],"author":[{"embeddable":true,"href":"https:\/\/plastic-machines.org\/fr\/wp-json\/wp\/v2\/users\/1"}],"wp:featuredmedia":[{"embeddable":true,"href":"https:\/\/plastic-machines.org\/fr\/wp-json\/wp\/v2\/media\/2014"}],"wp:attachment":[{"href":"https:\/\/plastic-machines.org\/fr\/wp-json\/wp\/v2\/media?parent=2009"}],"wp:term":[{"taxonomy":"post_tag","embeddable":true,"href":"https:\/\/plastic-machines.org\/fr\/wp-json\/wp\/v2\/tags?post=2009"},{"taxonomy":"product-type","embeddable":true,"href":"https:\/\/plastic-machines.org\/fr\/wp-json\/wp\/v2\/product-type?post=2009"}],"curies":[{"name":"wp","href":"https:\/\/api.w.org\/{rel}","templated":true}]}}