{"id":186,"date":"2022-07-05T09:49:54","date_gmt":"2022-07-05T09:49:54","guid":{"rendered":"https:\/\/plastic-machines.org\/?post_type=product&#038;p=186"},"modified":"2025-11-13T16:09:36","modified_gmt":"2025-11-13T08:09:36","slug":"plastic-foam-pelletizing-line","status":"publish","type":"product","link":"https:\/\/plastic-machines.org\/fr\/product\/plastic-foam-pelletizing-line\/","title":{"rendered":"Ligne de pelletisation de mousse plastique pour le recyclage du polystyr\u00e8ne"},"content":{"rendered":"<div class=\"kk-star-ratings kksr-auto kksr-align-left kksr-valign-top\"     data-payload='{&quot;align&quot;:&quot;left&quot;,&quot;id&quot;:&quot;186&quot;,&quot;slug&quot;:&quot;default&quot;,&quot;valign&quot;:&quot;top&quot;,&quot;ignore&quot;:&quot;&quot;,&quot;reference&quot;:&quot;auto&quot;,&quot;class&quot;:&quot;&quot;,&quot;count&quot;:&quot;3&quot;,&quot;legendonly&quot;:&quot;&quot;,&quot;readonly&quot;:&quot;&quot;,&quot;score&quot;:&quot;5&quot;,&quot;starsonly&quot;:&quot;&quot;,&quot;best&quot;:&quot;5&quot;,&quot;gap&quot;:&quot;5&quot;,&quot;greet&quot;:&quot;Rate this product&quot;,&quot;legend&quot;:&quot;5\\\/5 - (3 votes)&quot;,&quot;size&quot;:&quot;24&quot;,&quot;title&quot;:&quot;Plastic Foam Pelletizing Line for Polystyrene Recycling&quot;,&quot;width&quot;:&quot;142.5&quot;,&quot;_legend&quot;:&quot;{score}\\\/{best} - ({count} {votes})&quot;,&quot;font_factor&quot;:&quot;1.25&quot;}'>              <div class=\"kksr-stars\">      <div class=\"kksr-stars-inactive\">             <div class=\"kksr-star\" data-star=\"1\" style=\"padding-right: 5px\">               <div class=\"kksr-icon\" style=\"width: 24px; height: 24px;\"><\/div>         <\/div>             <div class=\"kksr-star\" data-star=\"2\" style=\"padding-right: 5px\">               <div class=\"kksr-icon\" style=\"width: 24px; height: 24px;\"><\/div>         <\/div>             <div class=\"kksr-star\" data-star=\"3\" style=\"padding-right: 5px\">               <div class=\"kksr-icon\" style=\"width: 24px; height: 24px;\"><\/div>         <\/div>             <div class=\"kksr-star\" data-star=\"4\" style=\"padding-right: 5px\">               <div class=\"kksr-icon\" style=\"width: 24px; height: 24px;\"><\/div>         <\/div>             <div class=\"kksr-star\" data-star=\"5\" style=\"padding-right: 5px\">               <div class=\"kksr-icon\" style=\"width: 24px; height: 24px;\"><\/div>         <\/div>     <\/div>      <div class=\"kksr-stars-active\" style=\"width: 142.5px;\">             <div class=\"kksr-star\" style=\"padding-right: 5px\">               <div class=\"kksr-icon\" style=\"width: 24px; height: 24px;\"><\/div>         <\/div>             <div class=\"kksr-star\" style=\"padding-right: 5px\">               <div class=\"kksr-icon\" style=\"width: 24px; height: 24px;\"><\/div>         <\/div>             <div class=\"kksr-star\" style=\"padding-right: 5px\">               <div class=\"kksr-icon\" style=\"width: 24px; height: 24px;\"><\/div>         <\/div>             <div class=\"kksr-star\" style=\"padding-right: 5px\">               <div class=\"kksr-icon\" style=\"width: 24px; height: 24px;\"><\/div>         <\/div>             <div class=\"kksr-star\" style=\"padding-right: 5px\">               <div class=\"kksr-icon\" style=\"width: 24px; height: 24px;\"><\/div>         <\/div>     <\/div> <\/div>                   <div class=\"kksr-legend\" style=\"font-size: 19.2px;\">             5\/5 - (3 votes)    <\/div>     <\/div>  <p>La ligne de granulation de mousse plastique Shuliy traite principalement les d\u00e9chets de mousse plastique, les d\u00e9chets plastiques seront broy\u00e9s puis transform\u00e9s en petits granul\u00e9s de plastique, qui peuvent \u00eatre r\u00e9utilis\u00e9s comme mat\u00e9riaux d'emballage, isolants et autres mat\u00e9riaux. L'\u00e9quipement le plus important pour les machines de recyclage de PSE est le granulateur, qui fondra et extrudera les pellets.<\/p>    <figure class=\"wp-block-embed is-type-video is-provider-youtube wp-block-embed-youtube wp-embed-aspect-16-9 wp-has-aspect-ratio\"><div class=\"wp-block-embed__wrapper\"> <iframe loading=\"lazy\" title=\"Machine de recyclage EPE EPS\/styromousse | Granulateur EPE EPS\" width=\"500\" height=\"281\" src=\"https:\/\/www.youtube.com\/embed\/cshcld4EPWc?feature=oembed\" frameborder=\"0\" allow=\"accelerometer; autoplay; clipboard-write; encrypted-media; gyroscope; picture-in-picture; web-share\" referrerpolicy=\"strict-origin-when-cross-origin\" allowfullscreen><\/iframe> <\/div><\/figure>    <h2 class=\"wp-block-heading\" id=\"h-what-are-the-waste-eps-and-epe-materials\">Quels sont les d\u00e9chets de mat\u00e9riaux EPS et EPE\u00a0?<\/h2>    <p>Les gens dans la vie quotidienne partout et les produits en plastique en contact, cela est devenu l'un des mat\u00e9riaux indispensables \u00e0 la vie des gens et au d\u00e9veloppement \u00e9conomique. Avec le d\u00e9veloppement et l'application continus des plastiques, l'EPE et l'EPS (polystyr\u00e8ne expans\u00e9) ont \u00e9t\u00e9 largement utilis\u00e9s dans les mat\u00e9riaux d'emballage et de remplissage.<\/p>    <p>La mousse de coton perl\u00e9 EPE est un nouveau type de mat\u00e9riau de produit en plastique, largement utilis\u00e9 dans les emballages cadeaux, les produits de quincaillerie, les n\u00e9cessit\u00e9s quotidiennes et d'autres emballages de produits. Le polystyr\u00e8ne expans\u00e9, appel\u00e9 EPS, est un polym\u00e8re l\u00e9ger. Tels que les bo\u00eetes de restauration rapide en mousse, les bo\u00eetes d'emballage en mousse, les mat\u00e9riaux isolants, la mousse d'emballage ext\u00e9rieur du r\u00e9frig\u00e9rateur et d'autres d\u00e9chets en mousse blanche.<\/p>   <div class=\"wp-block-image is-resized\"> <figure class=\"aligncenter size-full\"><img loading=\"lazy\" decoding=\"async\" width=\"720\" height=\"540\" src=\"https:\/\/plastic-machines.org\/wp-content\/uploads\/2022\/07\/raw-materials-of-the-EPS-granulators.webp\" alt=\"Machine de recyclage de polystyr\u00e8ne expans\u00e9\" class=\"wp-image-196\" srcset=\"https:\/\/plastic-machines.org\/wp-content\/uploads\/2022\/07\/raw-materials-of-the-EPS-granulators.webp 720w, https:\/\/plastic-machines.org\/wp-content\/uploads\/2022\/07\/raw-materials-of-the-EPS-granulators-300x225.webp 300w\" sizes=\"auto, (max-width: 720px) 100vw, 720px\" \/><figcaption class=\"wp-element-caption\">mati\u00e8res premi\u00e8res de la ligne de granulation de mousse plastique<\/figcaption><\/figure> <\/div>   <h2 class=\"wp-block-heading\">Processus de ligne de granulation de mousse plastique<\/h2>    <p>Les d\u00e9chets de mousse plastique collect\u00e9s seront d'abord d\u00e9chiquet\u00e9s par un broyeur de polystyr\u00e8ne, puis fondus et extrud\u00e9s par un granulateur EPS.<\/p>    <div class=\"wp-block-media-text alignwide is-stacked-on-mobile\"><figure class=\"wp-block-media-text__media\"><img loading=\"lazy\" decoding=\"async\" width=\"720\" height=\"540\" src=\"https:\/\/plastic-machines.org\/wp-content\/uploads\/2022\/07\/horizontal-foam-compactor.webp\" alt=\"Compacteur de recyclage de polystyr\u00e8ne EPS\" class=\"wp-image-192 size-full\" srcset=\"https:\/\/plastic-machines.org\/wp-content\/uploads\/2022\/07\/horizontal-foam-compactor.webp 720w, https:\/\/plastic-machines.org\/wp-content\/uploads\/2022\/07\/horizontal-foam-compactor-300x225.webp 300w\" sizes=\"auto, (max-width: 720px) 100vw, 720px\" \/><\/figure><div class=\"wp-block-media-text__content\"> <p class=\"has-large-font-size\">Compacteur de polystyr\u00e8ne<\/p>    <p>Une fois la mousse plastique compress\u00e9e par le compacteur de recyclage de polystyr\u00e8ne EPS, la densit\u00e9 de la mousse augmente et la mousse a la forme d'un bloc carr\u00e9, ce qui est tr\u00e8s pratique pour le transport et le stockage.<\/p> <\/div><\/div>    <div class=\"wp-block-media-text alignwide is-stacked-on-mobile\"><figure class=\"wp-block-media-text__media\"><img loading=\"lazy\" decoding=\"async\" width=\"720\" height=\"540\" src=\"https:\/\/plastic-machines.org\/wp-content\/uploads\/2022\/07\/Horizontal-foam-crusher.webp\" alt=\"Broyeur de mousse plastique\" class=\"wp-image-190 size-full\" srcset=\"https:\/\/plastic-machines.org\/wp-content\/uploads\/2022\/07\/Horizontal-foam-crusher.webp 720w, https:\/\/plastic-machines.org\/wp-content\/uploads\/2022\/07\/Horizontal-foam-crusher-300x225.webp 300w\" sizes=\"auto, (max-width: 720px) 100vw, 720px\" \/><\/figure><div class=\"wp-block-media-text__content\"> <p class=\"has-large-font-size\">Broyeur de polystyr\u00e8ne<\/p>    <p>La machine de d\u00e9chiquetage de polystyr\u00e8ne est principalement utilis\u00e9e pour \u00e9craser divers mat\u00e9riaux en mousse en petits morceaux, et le style horizontal permet d'\u00e9conomiser davantage de travail.<\/p> <\/div><\/div>    <div class=\"wp-block-media-text alignwide is-stacked-on-mobile\"><figure class=\"wp-block-media-text__media\"><img loading=\"lazy\" decoding=\"async\" width=\"721\" height=\"543\" src=\"https:\/\/plastic-machines.org\/wp-content\/uploads\/2022\/07\/plastic-foam-granulator-.webp\" alt=\"Machine de granulation de plastique pour mousse plastique\" class=\"wp-image-191 size-full\" srcset=\"https:\/\/plastic-machines.org\/wp-content\/uploads\/2022\/07\/plastic-foam-granulator-.webp 721w, https:\/\/plastic-machines.org\/wp-content\/uploads\/2022\/07\/plastic-foam-granulator--300x226.webp 300w\" sizes=\"auto, (max-width: 721px) 100vw, 721px\" \/><\/figure><div class=\"wp-block-media-text__content\"> <p class=\"has-large-font-size\">Granulateur EPE EPS<\/p>    <p>Le pelletiseur convient \u00e0 l'extrusion et \u00e0 la granulation des d\u00e9chets plastiques EPE et EPS comme mati\u00e8res premi\u00e8res et \u00e0 leur transformation en granul\u00e9s de plastique EPE qui sont en p\u00e9nurie dans l'industrie du plastique.<\/p> <\/div><\/div>    <h2 class=\"wp-block-heading\">Pourquoi avoir besoin d'un compacteur de recyclage de polystyr\u00e8ne EPS ?<\/h2>    <p class=\"translation-block\">La <strong><a href=\"https:\/\/plastic-machines.org\/fr\/product\/foam-densifier-machine\/\" data-type=\"link\" data-id=\"https:\/\/plastic-machines.org\/product\/foam-densifier-machine\/\">machine de compactage de mousse<\/a><\/strong> EPS est l'un des \u00e9quipements de recyclage de mousse plastique. En raison de la grande taille et du faible poids de la mousse, le transport est un gros inconv\u00e9nient. Le presse-froid pour mousse EPS peut facilement compacter la mousse et r\u00e9duire le volume de plastique.<\/p>   <div class=\"wp-block-image\"> <figure class=\"aligncenter size-full\"><img loading=\"lazy\" decoding=\"async\" width=\"720\" height=\"540\" src=\"https:\/\/plastic-machines.org\/wp-content\/uploads\/2022\/07\/compressed-foam.webp\" alt=\"mousse compress\u00e9e\" class=\"wp-image-197\" srcset=\"https:\/\/plastic-machines.org\/wp-content\/uploads\/2022\/07\/compressed-foam.webp 720w, https:\/\/plastic-machines.org\/wp-content\/uploads\/2022\/07\/compressed-foam-300x225.webp 300w\" sizes=\"auto, (max-width: 720px) 100vw, 720px\" \/><figcaption class=\"wp-element-caption\">mousse compress\u00e9e<\/figcaption><\/figure> <\/div>   <ul class=\"wp-block-list\"> <li>Le compacteur de mousse de polystyr\u00e8ne est \u00e9quip\u00e9 d'un dispositif de pr\u00e9-broyage s\u00e9par\u00e9, qui peut broyer directement de gros morceaux de mousse.<\/li>    <li>La machine de recyclage de mousse a un taux de compression \u00e9lev\u00e9, ce qui peut r\u00e9duire le volume de mousse plastique de 40 fois, \u00e9conomisant ainsi de l'espace de stockage et un transport pratique, r\u00e9duisant ainsi les co\u00fbts de stockage.<\/li>    <li>Il n'est pas n\u00e9cessaire d'ajouter des produits chimiques ni de la chaleur pendant le fonctionnement, et les blocs de mousse trait\u00e9s sont non toxiques, inodores et respectueux de l'environnement.<\/li> <\/ul>   <div class=\"wp-block-image\"> <figure class=\"aligncenter size-large\"><img loading=\"lazy\" decoding=\"async\" width=\"679\" height=\"1024\" src=\"https:\/\/plastic-machines.org\/wp-content\/uploads\/2022\/07\/EPS-styrofoam-recycling-compactor-679x1024.webp\" alt=\"Compacteur de recyclage de polystyr\u00e8ne EPS\" class=\"wp-image-198\" srcset=\"https:\/\/plastic-machines.org\/wp-content\/uploads\/2022\/07\/EPS-styrofoam-recycling-compactor-679x1024.webp 679w, https:\/\/plastic-machines.org\/wp-content\/uploads\/2022\/07\/EPS-styrofoam-recycling-compactor-199x300.webp 199w, https:\/\/plastic-machines.org\/wp-content\/uploads\/2022\/07\/EPS-styrofoam-recycling-compactor.webp 720w\" sizes=\"auto, (max-width: 679px) 100vw, 679px\" \/><figcaption class=\"wp-element-caption\">Compacteur de recyclage de polystyr\u00e8ne EPS<\/figcaption><\/figure> <\/div>   <h2 class=\"wp-block-heading\">\u00c9quipement de granulation de la ligne de granulation de mousse plastique<\/h2>    <h3 class=\"wp-block-heading\">Machine de granulation de mousse EPS<\/h3>    <p class=\"translation-block\">La <a href=\"https:\/\/plastic-machines.org\/fr\/product\/eps-pelletizing-machine\/\">granulateur de mousse EPS<\/a> adopte un baril \u00e0 vis jumel\u00e9e conique, ce qui augmente la vitesse d'alimentation et augmente consid\u00e9rablement la production. La production du mod\u00e8le couramment utilis\u00e9 est de 150-375 kg\/heure. La machine de granulation plastique est produite par les machines principales et auxiliaires, la temp\u00e9rature de chauffage est stable, la structure mol\u00e9culaire du mat\u00e9riau est efficacement am\u00e9lior\u00e9e, et la qualit\u00e9 des particules plastiques est \u00e9lev\u00e9e. L'unit\u00e9 de granulation est principalement compos\u00e9e d'un broyeur, d'un extrudeur et d'un granulateur \u00e0 traction automatique, et le processus de production est sans pollution.<\/p>   <div class=\"wp-block-image\"> <figure class=\"aligncenter size-full\"><img loading=\"lazy\" decoding=\"async\" width=\"720\" height=\"540\" src=\"https:\/\/plastic-machines.org\/wp-content\/uploads\/2022\/06\/EPS-Pelletizing-Machine1.webp\" alt=\"Machine de pelletisation EPS\" class=\"wp-image-442\" srcset=\"https:\/\/plastic-machines.org\/wp-content\/uploads\/2022\/06\/EPS-Pelletizing-Machine1.webp 720w, https:\/\/plastic-machines.org\/wp-content\/uploads\/2022\/06\/EPS-Pelletizing-Machine1-300x225.webp 300w\" sizes=\"auto, (max-width: 720px) 100vw, 720px\" \/><figcaption class=\"wp-element-caption\">Machine de pelletisation EPS<\/figcaption><\/figure> <\/div>   <h3 class=\"wp-block-heading\">Machine de granulation de mousse EPE<\/h3>    <p>Le granulateur de mousse EPE comprend un syst\u00e8me d'alimentation, des syst\u00e8mes de compactage et d'extrusion. En raison de la particularit\u00e9 du plastique EPE, la longueur du canon de la machine \u00e0 granul\u00e9s est plus longue que celle de la machine \u00e0 granul\u00e9s EPS, et elle est facile \u00e0 identifier en regardant l'apparence. Toutes les normes \u00e9lectriques de l'\u00e9quipement sont conformes aux normes europ\u00e9ennes et le rendement est \u00e9lev\u00e9.<\/p>   <div class=\"wp-block-image\"> <figure class=\"aligncenter size-full\"><img loading=\"lazy\" decoding=\"async\" width=\"720\" height=\"540\" src=\"https:\/\/plastic-machines.org\/wp-content\/uploads\/2022\/07\/EPE-granulator.webp\" alt=\"Granulateur EPE\" class=\"wp-image-200\" srcset=\"https:\/\/plastic-machines.org\/wp-content\/uploads\/2022\/07\/EPE-granulator.webp 720w, https:\/\/plastic-machines.org\/wp-content\/uploads\/2022\/07\/EPE-granulator-300x225.webp 300w\" sizes=\"auto, (max-width: 720px) 100vw, 720px\" \/><figcaption class=\"wp-element-caption\">Granulateur EPE<\/figcaption><\/figure> <\/div>   <h2 class=\"wp-block-heading\">Vid\u00e9o de la ligne de granulation de mousse plastique<\/h2>    <figure class=\"wp-block-embed is-type-video is-provider-youtube wp-block-embed-youtube wp-embed-aspect-16-9 wp-has-aspect-ratio\"><div class=\"wp-block-embed__wrapper\"> <iframe loading=\"lazy\" title=\"Machine de fabrication de granul\u00e9s EPS\" width=\"500\" height=\"281\" src=\"https:\/\/www.youtube.com\/embed\/3qXNT5nN5Ag?list=PLmQgsSbeu0tXsNBww95upbWcnO_cYfyh4\" frameborder=\"0\" allow=\"accelerometer; autoplay; clipboard-write; encrypted-media; gyroscope; picture-in-picture; web-share\" referrerpolicy=\"strict-origin-when-cross-origin\" allowfullscreen><\/iframe> <\/div><\/figure>    <h2 class=\"wp-block-heading\" id=\"h-plastic-foam-pelletizing-line-factory-display\">Affichage d'usine de ligne de granulation de mousse plastique <\/h2>    <figure class=\"wp-block-gallery has-nested-images columns-default is-cropped wp-block-gallery-2 is-layout-flex wp-block-gallery-is-layout-flex\"> <figure class=\"wp-block-image size-large\"><img loading=\"lazy\" decoding=\"async\" width=\"720\" height=\"540\" data-id=\"201\" src=\"https:\/\/plastic-machines.org\/wp-content\/uploads\/2022\/07\/EPE-pelletizer.webp\" alt=\"Pelletiseur EPE\" class=\"wp-image-201\" srcset=\"https:\/\/plastic-machines.org\/wp-content\/uploads\/2022\/07\/EPE-pelletizer.webp 720w, https:\/\/plastic-machines.org\/wp-content\/uploads\/2022\/07\/EPE-pelletizer-300x225.webp 300w\" sizes=\"auto, (max-width: 720px) 100vw, 720px\" \/><figcaption class=\"wp-element-caption\">Pelletiseur EPE<\/figcaption><\/figure>    <figure class=\"wp-block-image size-large\"><img loading=\"lazy\" decoding=\"async\" width=\"720\" height=\"540\" data-id=\"202\" src=\"https:\/\/plastic-machines.org\/wp-content\/uploads\/2022\/07\/EPS-pelletizer.webp\" alt=\"Pelletiseur PSE\" class=\"wp-image-202\" srcset=\"https:\/\/plastic-machines.org\/wp-content\/uploads\/2022\/07\/EPS-pelletizer.webp 720w, https:\/\/plastic-machines.org\/wp-content\/uploads\/2022\/07\/EPS-pelletizer-300x225.webp 300w\" sizes=\"auto, (max-width: 720px) 100vw, 720px\" \/><figcaption class=\"wp-element-caption\">Pelletiseur PSE<\/figcaption><\/figure> <\/figure>    <figure class=\"wp-block-gallery has-nested-images columns-default is-cropped wp-block-gallery-3 is-layout-flex wp-block-gallery-is-layout-flex\"> <figure class=\"wp-block-image size-large\"><img loading=\"lazy\" decoding=\"async\" width=\"720\" height=\"540\" data-id=\"204\" src=\"https:\/\/plastic-machines.org\/wp-content\/uploads\/2022\/07\/machines-in-stock-.webp\" alt=\"machines de recyclage de polystyr\u00e8ne en stock\" class=\"wp-image-204\" srcset=\"https:\/\/plastic-machines.org\/wp-content\/uploads\/2022\/07\/machines-in-stock-.webp 720w, https:\/\/plastic-machines.org\/wp-content\/uploads\/2022\/07\/machines-in-stock--300x225.webp 300w\" sizes=\"auto, (max-width: 720px) 100vw, 720px\" \/><figcaption class=\"wp-element-caption\">machines de recyclage de polystyr\u00e8ne en stock<\/figcaption><\/figure>    <figure class=\"wp-block-image size-large\"><img loading=\"lazy\" decoding=\"async\" width=\"720\" height=\"540\" data-id=\"205\" src=\"https:\/\/plastic-machines.org\/wp-content\/uploads\/2022\/07\/our-factory.webp\" alt=\"notre usine\" class=\"wp-image-205\" srcset=\"https:\/\/plastic-machines.org\/wp-content\/uploads\/2022\/07\/our-factory.webp 720w, https:\/\/plastic-machines.org\/wp-content\/uploads\/2022\/07\/our-factory-300x225.webp 300w\" sizes=\"auto, (max-width: 720px) 100vw, 720px\" \/><figcaption class=\"wp-element-caption\">notre usine<\/figcaption><\/figure> <\/figure>    <figure class=\"wp-block-gallery has-nested-images columns-default is-cropped wp-block-gallery-4 is-layout-flex wp-block-gallery-is-layout-flex\"> <figure class=\"wp-block-image size-large\"><img loading=\"lazy\" decoding=\"async\" width=\"720\" height=\"540\" data-id=\"206\" src=\"https:\/\/plastic-machines.org\/wp-content\/uploads\/2022\/07\/plastic-crusher-1-1.webp\" alt=\"broyeur de plastique pour EPS EPE\" class=\"wp-image-206\" srcset=\"https:\/\/plastic-machines.org\/wp-content\/uploads\/2022\/07\/plastic-crusher-1-1.webp 720w, https:\/\/plastic-machines.org\/wp-content\/uploads\/2022\/07\/plastic-crusher-1-1-300x225.webp 300w\" sizes=\"auto, (max-width: 720px) 100vw, 720px\" \/><figcaption class=\"wp-element-caption\">broyeur de plastique pour EPS EPE<\/figcaption><\/figure>    <figure class=\"wp-block-image size-large\"><img loading=\"lazy\" decoding=\"async\" width=\"720\" height=\"540\" data-id=\"207\" src=\"https:\/\/plastic-machines.org\/wp-content\/uploads\/2022\/07\/storage-bins.webp\" alt=\"bacs de stockage de pellets\" class=\"wp-image-207\" srcset=\"https:\/\/plastic-machines.org\/wp-content\/uploads\/2022\/07\/storage-bins.webp 720w, https:\/\/plastic-machines.org\/wp-content\/uploads\/2022\/07\/storage-bins-300x225.webp 300w\" sizes=\"auto, (max-width: 720px) 100vw, 720px\" \/><figcaption class=\"wp-element-caption\">bacs de stockage de pellets<\/figcaption><\/figure> <\/figure>    <figure class=\"wp-block-gallery has-nested-images columns-default is-cropped wp-block-gallery-5 is-layout-flex wp-block-gallery-is-layout-flex\"> <figure class=\"wp-block-image size-large\"><img loading=\"lazy\" decoding=\"async\" width=\"720\" height=\"540\" data-id=\"208\" src=\"https:\/\/plastic-machines.org\/wp-content\/uploads\/2022\/07\/quality-accessories-2.webp\" alt=\"accessoires de qualit\u00e9\" class=\"wp-image-208\" srcset=\"https:\/\/plastic-machines.org\/wp-content\/uploads\/2022\/07\/quality-accessories-2.webp 720w, https:\/\/plastic-machines.org\/wp-content\/uploads\/2022\/07\/quality-accessories-2-300x225.webp 300w\" sizes=\"auto, (max-width: 720px) 100vw, 720px\" \/><figcaption class=\"wp-element-caption\">accessoires de qualit\u00e9 <\/figcaption><\/figure>    <figure class=\"wp-block-image size-large\"><img loading=\"lazy\" decoding=\"async\" width=\"720\" height=\"540\" data-id=\"211\" src=\"https:\/\/plastic-machines.org\/wp-content\/uploads\/2022\/07\/Quality-motors-1.webp\" alt=\"moteurs de qualit\u00e9 pour le recyclage du polystyr\u00e8ne\" class=\"wp-image-211\" srcset=\"https:\/\/plastic-machines.org\/wp-content\/uploads\/2022\/07\/Quality-motors-1.webp 720w, https:\/\/plastic-machines.org\/wp-content\/uploads\/2022\/07\/Quality-motors-1-300x225.webp 300w\" sizes=\"auto, (max-width: 720px) 100vw, 720px\" \/><figcaption class=\"wp-element-caption\">moteurs de qualit\u00e9 pour le recyclage du polystyr\u00e8ne<\/figcaption><\/figure> <\/figure>","protected":false},"excerpt":{"rendered":"<p>Shuliy plastic foam pelletizing line mainly copes with waste plastic foams, the waste plastics will be crushed and then turned into small plastic pellets, which can be reused as packaging materials, insulation, and other materials. The most important equipment for EPS recycling machines is granulators, which will melt and extrude pellets. What are the waste [&hellip;]<\/p>\n","protected":false},"author":1,"featured_media":1546,"parent":0,"template":"","tags":[43],"product-type":[13],"class_list":["post-186","product","type-product","status-publish","has-post-thumbnail","hentry","tag-eps","product-type-plastic-recycling-lines"],"taxonomy_info":{"post_tag":[{"value":43,"label":"EPS"}],"product-type":[{"value":13,"label":"Plastic Recycling Lines"}]},"featured_image_src_large":["https:\/\/plastic-machines.org\/wp-content\/uploads\/2022\/07\/eps-recycling-machine.webp",720,540,false],"author_info":{"display_name":"Ella","author_link":"https:\/\/plastic-machines.org\/fr\/author\/admin\/"},"comment_info":"","_links":{"self":[{"href":"https:\/\/plastic-machines.org\/fr\/wp-json\/wp\/v2\/product\/186","targetHints":{"allow":["GET"]}}],"collection":[{"href":"https:\/\/plastic-machines.org\/fr\/wp-json\/wp\/v2\/product"}],"about":[{"href":"https:\/\/plastic-machines.org\/fr\/wp-json\/wp\/v2\/types\/product"}],"author":[{"embeddable":true,"href":"https:\/\/plastic-machines.org\/fr\/wp-json\/wp\/v2\/users\/1"}],"wp:featuredmedia":[{"embeddable":true,"href":"https:\/\/plastic-machines.org\/fr\/wp-json\/wp\/v2\/media\/1546"}],"wp:attachment":[{"href":"https:\/\/plastic-machines.org\/fr\/wp-json\/wp\/v2\/media?parent=186"}],"wp:term":[{"taxonomy":"post_tag","embeddable":true,"href":"https:\/\/plastic-machines.org\/fr\/wp-json\/wp\/v2\/tags?post=186"},{"taxonomy":"product-type","embeddable":true,"href":"https:\/\/plastic-machines.org\/fr\/wp-json\/wp\/v2\/product-type?post=186"}],"curies":[{"name":"wp","href":"https:\/\/api.w.org\/{rel}","templated":true}]}}