{"id":1661,"date":"2024-12-12T17:36:38","date_gmt":"2024-12-12T09:36:38","guid":{"rendered":"https:\/\/plastic-machines.org\/?post_type=product&#038;p=1661"},"modified":"2026-01-28T14:21:03","modified_gmt":"2026-01-28T06:21:03","slug":"styrofoam-shredder","status":"publish","type":"product","link":"https:\/\/plastic-machines.org\/fr\/product\/styrofoam-shredder\/","title":{"rendered":"Broyeur de polystyr\u00e8ne | Broyeur de mousse EPS"},"content":{"rendered":"<div class=\"kk-star-ratings kksr-auto kksr-align-left kksr-valign-top\"     data-payload='{&quot;align&quot;:&quot;left&quot;,&quot;id&quot;:&quot;1661&quot;,&quot;slug&quot;:&quot;default&quot;,&quot;valign&quot;:&quot;top&quot;,&quot;ignore&quot;:&quot;&quot;,&quot;reference&quot;:&quot;auto&quot;,&quot;class&quot;:&quot;&quot;,&quot;count&quot;:&quot;4&quot;,&quot;legendonly&quot;:&quot;&quot;,&quot;readonly&quot;:&quot;&quot;,&quot;score&quot;:&quot;5&quot;,&quot;starsonly&quot;:&quot;&quot;,&quot;best&quot;:&quot;5&quot;,&quot;gap&quot;:&quot;5&quot;,&quot;greet&quot;:&quot;Rate this product&quot;,&quot;legend&quot;:&quot;5\\\/5 - (4 votes)&quot;,&quot;size&quot;:&quot;24&quot;,&quot;title&quot;:&quot;Styrofoam Shredder | EPS Foam Crusher&quot;,&quot;width&quot;:&quot;142.5&quot;,&quot;_legend&quot;:&quot;{score}\\\/{best} - ({count} {votes})&quot;,&quot;font_factor&quot;:&quot;1.25&quot;}'>              <div class=\"kksr-stars\">      <div class=\"kksr-stars-inactive\">             <div class=\"kksr-star\" data-star=\"1\" style=\"padding-right: 5px\">               <div class=\"kksr-icon\" style=\"width: 24px; height: 24px;\"><\/div>         <\/div>             <div class=\"kksr-star\" data-star=\"2\" style=\"padding-right: 5px\">               <div class=\"kksr-icon\" style=\"width: 24px; height: 24px;\"><\/div>         <\/div>             <div class=\"kksr-star\" data-star=\"3\" style=\"padding-right: 5px\">               <div class=\"kksr-icon\" style=\"width: 24px; height: 24px;\"><\/div>         <\/div>             <div class=\"kksr-star\" data-star=\"4\" style=\"padding-right: 5px\">               <div class=\"kksr-icon\" style=\"width: 24px; height: 24px;\"><\/div>         <\/div>             <div class=\"kksr-star\" data-star=\"5\" style=\"padding-right: 5px\">               <div class=\"kksr-icon\" style=\"width: 24px; height: 24px;\"><\/div>         <\/div>     <\/div>      <div class=\"kksr-stars-active\" style=\"width: 142.5px;\">             <div class=\"kksr-star\" style=\"padding-right: 5px\">               <div class=\"kksr-icon\" style=\"width: 24px; height: 24px;\"><\/div>         <\/div>             <div class=\"kksr-star\" style=\"padding-right: 5px\">               <div class=\"kksr-icon\" style=\"width: 24px; height: 24px;\"><\/div>         <\/div>             <div class=\"kksr-star\" style=\"padding-right: 5px\">               <div class=\"kksr-icon\" style=\"width: 24px; height: 24px;\"><\/div>         <\/div>             <div class=\"kksr-star\" style=\"padding-right: 5px\">               <div class=\"kksr-icon\" style=\"width: 24px; height: 24px;\"><\/div>         <\/div>             <div class=\"kksr-star\" style=\"padding-right: 5px\">               <div class=\"kksr-icon\" style=\"width: 24px; height: 24px;\"><\/div>         <\/div>     <\/div> <\/div>                   <div class=\"kksr-legend\" style=\"font-size: 19.2px;\">             5\/5 - (4 votes)    <\/div>     <\/div>  <p>Le broyeur de mousse Shuily peut broyer les d\u00e9chets de mousse plastique en petits morceaux, une \u00e9tape qui constitue g\u00e9n\u00e9ralement la premi\u00e8re \u00e9tape du recyclage. Le broyeur de mousse broie une vari\u00e9t\u00e9 de mat\u00e9riaux EPS et EPE et peut vous aider \u00e0 r\u00e9duire le volume de vos d\u00e9chets EPS. La mousse broy\u00e9e peut \u00eatre compress\u00e9e en blocs de mousse ou fondue pour la granulation.<\/p>    <p>Mat\u00e9riaux applicables : EPS\/mousse, mousse EPE\/PE, EPP, PSP, XPS, PUR et autres plastiques de type mousse.<\/p>    <figure class=\"wp-block-embed is-type-video is-provider-youtube wp-block-embed-youtube wp-embed-aspect-16-9 wp-has-aspect-ratio\"><div class=\"wp-block-embed__wrapper\"> <iframe loading=\"lazy\" title=\"Machines de d\u00e9chiquetage EPS\/styromousse\/polystyr\u00e8ne pour usine de recyclage de plastique\" width=\"500\" height=\"281\" src=\"https:\/\/www.youtube.com\/embed\/uM_sUH_1OwE?feature=oembed\" frameborder=\"0\" allow=\"accelerometer; autoplay; clipboard-write; encrypted-media; gyroscope; picture-in-picture; web-share\" referrerpolicy=\"strict-origin-when-cross-origin\" allowfullscreen><\/iframe> <\/div><\/figure>    <h2 class=\"wp-block-heading\">Avantages du broyeur de mousse de polystyr\u00e8ne<\/h2>    <ul class=\"wp-block-list\"> <li>La machine \u00e0 broyer Shuliy respecte les normes CE et a \u00e9t\u00e9 vendue dans le monde entier.<\/li>    <li>Par rapport au concasseur vertical traditionnel, Shuliy a con\u00e7u une grande tr\u00e9mie d'alimentation horizontale, horizontale par rapport au sol, son alimentation est plus rapide et plus pratique.<\/li>    <li>Le broyeur de mousse de polystyr\u00e8ne efficace \u00e9crase la mousse en petits morceaux de 30 \u00e0 60 mm.<\/li>    <li>Shuliy fournit une solution compl\u00e8te de recyclage de la mousse de polystyr\u00e8ne pour les usines de recyclage du monde entier. Apr\u00e8s un broyeur, les flocons de mousse broy\u00e9s peuvent \u00eatre envoy\u00e9s vers un granulateur et d'autres sections de granulation. Les pellets finaux peuvent \u00eatre utilis\u00e9s pour fabriquer d\u2019autres produits.<\/li> <\/ul>    <figure class=\"wp-block-gallery has-nested-images columns-default is-cropped wp-block-gallery-2 is-layout-flex wp-block-gallery-is-layout-flex\"> <figure class=\"wp-block-image size-large\"><img loading=\"lazy\" decoding=\"async\" width=\"720\" height=\"540\" data-id=\"1543\" src=\"https:\/\/plastic-machines.org\/wp-content\/uploads\/2022\/07\/eps-polystyrene-recycling-machine.webp\" alt=\"machine de recyclage de polystyr\u00e8ne EPS\" class=\"wp-image-1543\" srcset=\"https:\/\/plastic-machines.org\/wp-content\/uploads\/2022\/07\/eps-polystyrene-recycling-machine.webp 720w, https:\/\/plastic-machines.org\/wp-content\/uploads\/2022\/07\/eps-polystyrene-recycling-machine-300x225.webp 300w, https:\/\/plastic-machines.org\/wp-content\/uploads\/2022\/07\/eps-polystyrene-recycling-machine-16x12.webp 16w\" sizes=\"auto, (max-width: 720px) 100vw, 720px\" \/><figcaption class=\"wp-element-caption\">granulateur de recyclage de polystyr\u00e8ne<\/figcaption><\/figure>    <figure class=\"wp-block-image size-large\"><img loading=\"lazy\" decoding=\"async\" width=\"720\" height=\"540\" data-id=\"1544\" src=\"https:\/\/plastic-machines.org\/wp-content\/uploads\/2022\/07\/eps-recycling-machine-2.webp\" alt=\"machine de recyclage ENV\" class=\"wp-image-1544\" srcset=\"https:\/\/plastic-machines.org\/wp-content\/uploads\/2022\/07\/eps-recycling-machine-2.webp 720w, https:\/\/plastic-machines.org\/wp-content\/uploads\/2022\/07\/eps-recycling-machine-2-300x225.webp 300w, https:\/\/plastic-machines.org\/wp-content\/uploads\/2022\/07\/eps-recycling-machine-2-16x12.webp 16w\" sizes=\"auto, (max-width: 720px) 100vw, 720px\" \/><figcaption class=\"wp-element-caption\">unit\u00e9 de pelletisation de recyclage ENV<\/figcaption><\/figure> <\/figure>    <figure class=\"wp-block-gallery has-nested-images columns-default is-cropped wp-block-gallery-3 is-layout-flex wp-block-gallery-is-layout-flex\"> <figure class=\"wp-block-image size-large\"><img loading=\"lazy\" decoding=\"async\" width=\"720\" height=\"540\" data-id=\"2037\" src=\"https:\/\/plastic-machines.org\/wp-content\/uploads\/2024\/12\/EPS-Foam-Crusher.jpg\" alt=\"Concasseur de mousse EPS\" class=\"wp-image-2037\" srcset=\"https:\/\/plastic-machines.org\/wp-content\/uploads\/2024\/12\/EPS-Foam-Crusher.jpg 720w, https:\/\/plastic-machines.org\/wp-content\/uploads\/2024\/12\/EPS-Foam-Crusher-300x225.jpg 300w, https:\/\/plastic-machines.org\/wp-content\/uploads\/2024\/12\/EPS-Foam-Crusher-16x12.jpg 16w\" sizes=\"auto, (max-width: 720px) 100vw, 720px\" \/><figcaption class=\"wp-element-caption\">Concasseur de mousse EPS<\/figcaption><\/figure>    <figure class=\"wp-block-image size-large\"><img loading=\"lazy\" decoding=\"async\" width=\"720\" height=\"540\" data-id=\"2038\" src=\"https:\/\/plastic-machines.org\/wp-content\/uploads\/2024\/12\/Styrofoam-Shredder.jpg\" alt=\"Broyeur de polystyr\u00e8ne\" class=\"wp-image-2038\" srcset=\"https:\/\/plastic-machines.org\/wp-content\/uploads\/2024\/12\/Styrofoam-Shredder.jpg 720w, https:\/\/plastic-machines.org\/wp-content\/uploads\/2024\/12\/Styrofoam-Shredder-300x225.jpg 300w, https:\/\/plastic-machines.org\/wp-content\/uploads\/2024\/12\/Styrofoam-Shredder-16x12.jpg 16w\" sizes=\"auto, (max-width: 720px) 100vw, 720px\" \/><figcaption class=\"wp-element-caption\">Broyeur de polystyr\u00e8ne<\/figcaption><\/figure>    <figure class=\"wp-block-image size-large\"><img loading=\"lazy\" decoding=\"async\" width=\"720\" height=\"540\" data-id=\"2039\" src=\"https:\/\/plastic-machines.org\/wp-content\/uploads\/2024\/12\/Styrofoam-Shredder-machine.jpg\" alt=\"Machine \u00e0 broyer le polystyr\u00e8ne\" class=\"wp-image-2039\" srcset=\"https:\/\/plastic-machines.org\/wp-content\/uploads\/2024\/12\/Styrofoam-Shredder-machine.jpg 720w, https:\/\/plastic-machines.org\/wp-content\/uploads\/2024\/12\/Styrofoam-Shredder-machine-300x225.jpg 300w, https:\/\/plastic-machines.org\/wp-content\/uploads\/2024\/12\/Styrofoam-Shredder-machine-16x12.jpg 16w\" sizes=\"auto, (max-width: 720px) 100vw, 720px\" \/><figcaption class=\"wp-element-caption\">Machine \u00e0 broyer le polystyr\u00e8ne<\/figcaption><\/figure> <\/figure>    <h2 class=\"wp-block-heading\">Donn\u00e9es techniques du broyeur EPS\/styromousse<\/h2>    <p>La capacit\u00e9 de d\u00e9chiquetage de la machine \u00e0 broyer est de 250 \u00e0 500 kg\/h. L'orifice d'alimentation du broyeur est suffisamment grand pour la plupart des usines de recyclage. Si vous avez d'autres exigences, vous pouvez nous contacter \u00e0 tout moment.<\/p>    <figure class=\"wp-block-table\"><table class=\"has-fixed-layout\"><tbody><tr><td>Mod\u00e8le de broyeur<\/td><td>Taille hors tout (mm)<\/td><td>Taille du port d'alimentation (mm)<\/td><td>Puissance (KW)<\/td><td>Sortie de d\u00e9chiquetage (KG\/H)<\/td><\/tr><tr><td>SL-800<\/td><td>1250*1290*660<\/td><td>800*600<\/td><td>5.5<\/td><td>250-300<\/td><\/tr><tr><td>SL-1000<\/td><td>1250*1530*660<\/td><td>1000*600<\/td><td>5.5<\/td><td>300-350<\/td><\/tr><tr><td>SL-1200<\/td><td>1300*1730*700<\/td><td>1200*600<\/td><td>7.5<\/td><td>400-450<\/td><\/tr><tr><td>SL-1500<\/td><td>1600*2200*800<\/td><td>1500*800<\/td><td>11<\/td><td>450-500<\/td><\/tr><\/tbody><\/table><\/figure>    <h2 class=\"wp-block-heading\"> Broyeur pour mousse EPS<\/h2>    <p>Sur l'image, vous pouvez voir que les d\u00e9chets EPS et EPE ont \u00e9t\u00e9 broy\u00e9s en morceaux, le broyeur de mousse peut broyer toutes sortes de mousse en vrac en tailles uniformes. La mousse EPS peut \u00eatre transform\u00e9e en d\u2019autres produits apr\u00e8s broyage.<\/p>    <figure class=\"wp-block-gallery has-nested-images columns-default is-cropped wp-block-gallery-4 is-layout-flex wp-block-gallery-is-layout-flex\"> <figure class=\"wp-block-image size-large\"><img loading=\"lazy\" decoding=\"async\" width=\"720\" height=\"540\" data-id=\"1662\" src=\"https:\/\/plastic-machines.org\/wp-content\/uploads\/2024\/12\/EPS-crushing-.webp\" alt=\"Concassage de PSE\" class=\"wp-image-1662\" srcset=\"https:\/\/plastic-machines.org\/wp-content\/uploads\/2024\/12\/EPS-crushing-.webp 720w, https:\/\/plastic-machines.org\/wp-content\/uploads\/2024\/12\/EPS-crushing--300x225.webp 300w, https:\/\/plastic-machines.org\/wp-content\/uploads\/2024\/12\/EPS-crushing--16x12.webp 16w\" sizes=\"auto, (max-width: 720px) 100vw, 720px\" \/><figcaption class=\"wp-element-caption\">Concassage de PSE<\/figcaption><\/figure>    <figure class=\"wp-block-image size-large\"><img loading=\"lazy\" decoding=\"async\" width=\"720\" height=\"540\" data-id=\"1663\" src=\"https:\/\/plastic-machines.org\/wp-content\/uploads\/2024\/12\/PE-foam-recycling.webp\" alt=\"Recyclage de la mousse PE\" class=\"wp-image-1663\" srcset=\"https:\/\/plastic-machines.org\/wp-content\/uploads\/2024\/12\/PE-foam-recycling.webp 720w, https:\/\/plastic-machines.org\/wp-content\/uploads\/2024\/12\/PE-foam-recycling-300x225.webp 300w, https:\/\/plastic-machines.org\/wp-content\/uploads\/2024\/12\/PE-foam-recycling-16x12.webp 16w\" sizes=\"auto, (max-width: 720px) 100vw, 720px\" \/><figcaption class=\"wp-element-caption\">Recyclage de la mousse PE<\/figcaption><\/figure> <\/figure>","protected":false},"excerpt":{"rendered":"<p>Shuily foam crusher can crush waste plastic foam into small pieces, a step that is usually the first step in recycling. The Foam Crusher crushes a variety of EPS and EPE materials and can help you reduce the volume of your EPS waste. The crushed foam can be compressed into foam blocks or melted for [&hellip;]<\/p>\n","protected":false},"author":1,"featured_media":1664,"parent":0,"template":"","tags":[43],"product-type":[15],"class_list":["post-1661","product","type-product","status-publish","has-post-thumbnail","hentry","tag-eps","product-type-plastic-crushing-equipment"],"taxonomy_info":{"post_tag":[{"value":43,"label":"EPS"}],"product-type":[{"value":15,"label":"Plastic Crushing Equipment"}]},"featured_image_src_large":["https:\/\/plastic-machines.org\/wp-content\/uploads\/2024\/12\/styrofoam-shredder2.webp",720,540,false],"author_info":{"display_name":"Ella","author_link":"https:\/\/plastic-machines.org\/fr\/author\/admin\/"},"comment_info":"","_links":{"self":[{"href":"https:\/\/plastic-machines.org\/fr\/wp-json\/wp\/v2\/product\/1661","targetHints":{"allow":["GET"]}}],"collection":[{"href":"https:\/\/plastic-machines.org\/fr\/wp-json\/wp\/v2\/product"}],"about":[{"href":"https:\/\/plastic-machines.org\/fr\/wp-json\/wp\/v2\/types\/product"}],"author":[{"embeddable":true,"href":"https:\/\/plastic-machines.org\/fr\/wp-json\/wp\/v2\/users\/1"}],"wp:featuredmedia":[{"embeddable":true,"href":"https:\/\/plastic-machines.org\/fr\/wp-json\/wp\/v2\/media\/1664"}],"wp:attachment":[{"href":"https:\/\/plastic-machines.org\/fr\/wp-json\/wp\/v2\/media?parent=1661"}],"wp:term":[{"taxonomy":"post_tag","embeddable":true,"href":"https:\/\/plastic-machines.org\/fr\/wp-json\/wp\/v2\/tags?post=1661"},{"taxonomy":"product-type","embeddable":true,"href":"https:\/\/plastic-machines.org\/fr\/wp-json\/wp\/v2\/product-type?post=1661"}],"curies":[{"name":"wp","href":"https:\/\/api.w.org\/{rel}","templated":true}]}}