{"id":166,"date":"2022-07-04T09:44:17","date_gmt":"2022-07-04T09:44:17","guid":{"rendered":"https:\/\/plastic-machines.org\/?post_type=product&#038;p=166"},"modified":"2026-04-03T13:32:10","modified_gmt":"2026-04-03T05:32:10","slug":"pet-bottle-label-remover-machine","status":"publish","type":"product","link":"https:\/\/plastic-machines.org\/fr\/product\/pet-bottle-label-remover-machine\/","title":{"rendered":"Machine de retrait d'\u00e9tiquettes de bouteilles PET"},"content":{"rendered":"<div class=\"kk-star-ratings kksr-auto kksr-align-left kksr-valign-top\"     data-payload='{&quot;align&quot;:&quot;left&quot;,&quot;id&quot;:&quot;166&quot;,&quot;slug&quot;:&quot;default&quot;,&quot;valign&quot;:&quot;top&quot;,&quot;ignore&quot;:&quot;&quot;,&quot;reference&quot;:&quot;auto&quot;,&quot;class&quot;:&quot;&quot;,&quot;count&quot;:&quot;4&quot;,&quot;legendonly&quot;:&quot;&quot;,&quot;readonly&quot;:&quot;&quot;,&quot;score&quot;:&quot;5&quot;,&quot;starsonly&quot;:&quot;&quot;,&quot;best&quot;:&quot;5&quot;,&quot;gap&quot;:&quot;5&quot;,&quot;greet&quot;:&quot;Rate this product&quot;,&quot;legend&quot;:&quot;5\\\/5 - (4 votes)&quot;,&quot;size&quot;:&quot;24&quot;,&quot;title&quot;:&quot;PET Bottle Label Remover Machine&quot;,&quot;width&quot;:&quot;142.5&quot;,&quot;_legend&quot;:&quot;{score}\\\/{best} - ({count} {votes})&quot;,&quot;font_factor&quot;:&quot;1.25&quot;}'>              <div class=\"kksr-stars\">      <div class=\"kksr-stars-inactive\">             <div class=\"kksr-star\" data-star=\"1\" style=\"padding-right: 5px\">               <div class=\"kksr-icon\" style=\"width: 24px; height: 24px;\"><\/div>         <\/div>             <div class=\"kksr-star\" data-star=\"2\" style=\"padding-right: 5px\">               <div class=\"kksr-icon\" style=\"width: 24px; height: 24px;\"><\/div>         <\/div>             <div class=\"kksr-star\" data-star=\"3\" style=\"padding-right: 5px\">               <div class=\"kksr-icon\" style=\"width: 24px; height: 24px;\"><\/div>         <\/div>             <div class=\"kksr-star\" data-star=\"4\" style=\"padding-right: 5px\">               <div class=\"kksr-icon\" style=\"width: 24px; height: 24px;\"><\/div>         <\/div>             <div class=\"kksr-star\" data-star=\"5\" style=\"padding-right: 5px\">               <div class=\"kksr-icon\" style=\"width: 24px; height: 24px;\"><\/div>         <\/div>     <\/div>      <div class=\"kksr-stars-active\" style=\"width: 142.5px;\">             <div class=\"kksr-star\" style=\"padding-right: 5px\">               <div class=\"kksr-icon\" style=\"width: 24px; height: 24px;\"><\/div>         <\/div>             <div class=\"kksr-star\" style=\"padding-right: 5px\">               <div class=\"kksr-icon\" style=\"width: 24px; height: 24px;\"><\/div>         <\/div>             <div class=\"kksr-star\" style=\"padding-right: 5px\">               <div class=\"kksr-icon\" style=\"width: 24px; height: 24px;\"><\/div>         <\/div>             <div class=\"kksr-star\" style=\"padding-right: 5px\">               <div class=\"kksr-icon\" style=\"width: 24px; height: 24px;\"><\/div>         <\/div>             <div class=\"kksr-star\" style=\"padding-right: 5px\">               <div class=\"kksr-icon\" style=\"width: 24px; height: 24px;\"><\/div>         <\/div>     <\/div> <\/div>                   <div class=\"kksr-legend\" style=\"font-size: 19.2px;\">             5\/5 - (4 votes)    <\/div>     <\/div>  <p class=\"translation-block\">Cette machine d'\u00e9tiquetage de bouteilles PET convient aux bouteilles en plastique telles que les bouteilles d'eau min\u00e9rale en PET, les bouteilles de cola, les bouteilles d'huile, etc. La machine d'\u00e9tiquetage de bouteilles PET peut s\u00e9parer rapidement les \u00e9tiquettes sur les bouteilles en plastique du corps de la bouteille. L'utilisation de la machine d'\u00e9tiquetage peut remplacer les personnes pour retirer les \u00e9tiquettes, r\u00e9solvant ainsi le probl\u00e8me de la faible efficacit\u00e9 du retrait manuel des \u00e9tiquettes. La haute efficacit\u00e9 de l'\u00e9quipement r\u00e9pondra aux exigences de volume de production \u00e9lev\u00e9 de la <a href=\"https:\/\/plastic-machines.org\/fr\/product\/ligne-de-recyclage-de-bouteilles-en-pet\/\">ligne de recyclage de bouteilles PET<\/a>.<\/p>    <p>La transparence dans les d\u00e9penses en capital est essentielle pour l'installation de votre usine de recyclage. Le prix standard de notre machine de d\u00e9collement d'\u00e9tiquettes pour bouteilles en PET industrielles est de 5 500 USD. Pour plus d'informations, n'h\u00e9sitez pas \u00e0 nous contacter ou \u00e0 laisser vos coordonn\u00e9es sur le formulaire contextuel de notre site web.<\/p>   <div class=\"wp-block-image\"> <figure class=\"aligncenter size-full\"><img loading=\"lazy\" decoding=\"async\" width=\"720\" height=\"540\" src=\"https:\/\/plastic-machines.org\/wp-content\/uploads\/2022\/07\/plastic-machines.webp\" alt=\"Machine de retrait d&#039;\u00e9tiquettes de bouteilles PET\" class=\"wp-image-1209\" srcset=\"https:\/\/plastic-machines.org\/wp-content\/uploads\/2022\/07\/plastic-machines.webp 720w, https:\/\/plastic-machines.org\/wp-content\/uploads\/2022\/07\/plastic-machines-300x225.webp 300w, https:\/\/plastic-machines.org\/wp-content\/uploads\/2022\/07\/plastic-machines-16x12.webp 16w\" sizes=\"auto, (max-width: 720px) 100vw, 720px\" \/><\/figure> <\/div>   <h2 class=\"wp-block-heading\" id=\"h-application-of-pet-bottle-label-remover\">Application du dissolvant d'\u00e9tiquettes pour bouteilles PET<\/h2>    <figure class=\"wp-block-gallery has-nested-images columns-default is-cropped wp-block-gallery-2 is-layout-flex wp-block-gallery-is-layout-flex\"> <figure class=\"wp-block-image size-large\"><img loading=\"lazy\" decoding=\"async\" width=\"720\" height=\"540\" data-id=\"172\" src=\"https:\/\/plastic-machines.org\/wp-content\/uploads\/2022\/07\/plastic-bottles-with-labels.webp\" alt=\"mat\u00e9riaux de la machine de retrait d&#039;\u00e9tiquettes de bouteilles PET\" class=\"wp-image-172\" srcset=\"https:\/\/plastic-machines.org\/wp-content\/uploads\/2022\/07\/plastic-bottles-with-labels.webp 720w, https:\/\/plastic-machines.org\/wp-content\/uploads\/2022\/07\/plastic-bottles-with-labels-300x225.webp 300w\" sizes=\"auto, (max-width: 720px) 100vw, 720px\" \/><figcaption class=\"wp-element-caption\">bouteilles en plastique avec \u00e9tiquettes<\/figcaption><\/figure>    <figure class=\"wp-block-image size-large\"><img loading=\"lazy\" decoding=\"async\" width=\"720\" height=\"540\" data-id=\"173\" src=\"https:\/\/plastic-machines.org\/wp-content\/uploads\/2022\/07\/packed-plastic-bottles-.webp\" alt=\"bouteilles en plastique emball\u00e9es\" class=\"wp-image-173\" srcset=\"https:\/\/plastic-machines.org\/wp-content\/uploads\/2022\/07\/packed-plastic-bottles-.webp 720w, https:\/\/plastic-machines.org\/wp-content\/uploads\/2022\/07\/packed-plastic-bottles--300x225.webp 300w\" sizes=\"auto, (max-width: 720px) 100vw, 720px\" \/><figcaption class=\"wp-element-caption\">bouteilles en plastique emball\u00e9es<\/figcaption><\/figure> <\/figure>    <h2 class=\"wp-block-heading\" id=\"h-final-effect-of-plastic-label-removing-machine\">Effet final de la machine \u00e0 enlever les \u00e9tiquettes en plastique<\/h2>    <figure class=\"wp-block-gallery has-nested-images columns-default is-cropped wp-block-gallery-3 is-layout-flex wp-block-gallery-is-layout-flex\"> <figure class=\"wp-block-image size-large\"><img loading=\"lazy\" decoding=\"async\" width=\"720\" height=\"540\" data-id=\"177\" src=\"https:\/\/plastic-machines.org\/wp-content\/uploads\/2022\/07\/plastic-bottles.webp\" alt=\"Machine \u00e0 enlever les \u00e9tiquettes en plastique, produits finis\" class=\"wp-image-177\" srcset=\"https:\/\/plastic-machines.org\/wp-content\/uploads\/2022\/07\/plastic-bottles.webp 720w, https:\/\/plastic-machines.org\/wp-content\/uploads\/2022\/07\/plastic-bottles-300x225.webp 300w\" sizes=\"auto, (max-width: 720px) 100vw, 720px\" \/><\/figure>    <figure class=\"wp-block-image size-large\"><img loading=\"lazy\" decoding=\"async\" width=\"720\" height=\"540\" data-id=\"178\" src=\"https:\/\/plastic-machines.org\/wp-content\/uploads\/2022\/07\/PET-bottles-without-labels.webp\" alt=\"Machine \u00e0 enlever les \u00e9tiquettes en plastique, produits finis\" class=\"wp-image-178\" srcset=\"https:\/\/plastic-machines.org\/wp-content\/uploads\/2022\/07\/PET-bottles-without-labels.webp 720w, https:\/\/plastic-machines.org\/wp-content\/uploads\/2022\/07\/PET-bottles-without-labels-300x225.webp 300w\" sizes=\"auto, (max-width: 720px) 100vw, 720px\" \/><\/figure> <figcaption class=\"blocks-gallery-caption wp-element-caption\">Bouteilles PET sans \u00e9tiquette<\/figcaption><\/figure>    <h2 class=\"wp-block-heading\">Comment fonctionne un dissolvant d'\u00e9tiquettes pour bouteilles PET ?<\/h2>    <p>Il y a deux \u00e9tapes importantes dans le travail de retrait des \u00e9tiquettes. L'un est le lien hors standard, qui comprend le cylindre hors standard, l'arbre principal, le couteau mobile sur l'arbre et le couteau fixe sur la paroi du cylindre. Les lames sont toutes constitu\u00e9es de couteaux en alliage dur avec des pointes ac\u00e9r\u00e9es, et le corps de la bouteille se d\u00e9colle de l'\u00e9tiquette au contact des lames lors du processus de pouss\u00e9e.<\/p>    <p>La deuxi\u00e8me \u00e9tape est la s\u00e9paration. Les appareils n\u00e9cessaires pour cette \u00e9tape comprennent principalement une bo\u00eete de s\u00e9paration, le ventilateur principal et un moteur auxiliaire. Les \u00e9tiquettes en plastique sont s\u00e9par\u00e9es par le vent. La machine a une grande efficacit\u00e9 de travail, et le taux de chute est aussi \u00e9lev\u00e9 que 98 %.<\/p>    <h2 class=\"wp-block-heading\" id=\"h-pet-bottle-label-remover-factory-display\">Affichage d'usine de dissolvant d'\u00e9tiquette de bouteille en PET<\/h2>   <div class=\"wp-block-image\"> <figure class=\"aligncenter size-full\"><img loading=\"lazy\" decoding=\"async\" width=\"720\" height=\"540\" src=\"https:\/\/plastic-machines.org\/wp-content\/uploads\/2022\/07\/label-removing-machine.webp\" alt=\"machine \u00e0 enlever les \u00e9tiquettes\" class=\"wp-image-180\" srcset=\"https:\/\/plastic-machines.org\/wp-content\/uploads\/2022\/07\/label-removing-machine.webp 720w, https:\/\/plastic-machines.org\/wp-content\/uploads\/2022\/07\/label-removing-machine-300x225.webp 300w\" sizes=\"auto, (max-width: 720px) 100vw, 720px\" \/><figcaption class=\"wp-element-caption\">Machine \u00e0 enlever les \u00e9tiquettes de bouteilles PET<\/figcaption><\/figure> <\/div>  <div class=\"wp-block-image\"> <figure class=\"aligncenter size-full\"><img loading=\"lazy\" decoding=\"async\" width=\"720\" height=\"540\" src=\"https:\/\/plastic-machines.org\/wp-content\/uploads\/2022\/07\/PET-bottle-label-remover.webp\" alt=\"Dissolvant d&#039;\u00e9tiquettes pour bouteilles PET\" class=\"wp-image-181\" srcset=\"https:\/\/plastic-machines.org\/wp-content\/uploads\/2022\/07\/PET-bottle-label-remover.webp 720w, https:\/\/plastic-machines.org\/wp-content\/uploads\/2022\/07\/PET-bottle-label-remover-300x225.webp 300w\" sizes=\"auto, (max-width: 720px) 100vw, 720px\" \/><figcaption class=\"wp-element-caption\">Machine \u00e0 enlever les \u00e9tiquettes de bouteilles PET<\/figcaption><\/figure> <\/div>  <div class=\"wp-block-image\"> <figure class=\"aligncenter size-full\"><img loading=\"lazy\" decoding=\"async\" width=\"720\" height=\"540\" src=\"https:\/\/plastic-machines.org\/wp-content\/uploads\/2022\/07\/plastic-label-remover.webp\" alt=\"Machine \u00e0 enlever les \u00e9tiquettes de bouteilles PET\" class=\"wp-image-182\" srcset=\"https:\/\/plastic-machines.org\/wp-content\/uploads\/2022\/07\/plastic-label-remover.webp 720w, https:\/\/plastic-machines.org\/wp-content\/uploads\/2022\/07\/plastic-label-remover-300x225.webp 300w\" sizes=\"auto, (max-width: 720px) 100vw, 720px\" \/><figcaption class=\"wp-element-caption\">d\u00e9tachant d'\u00e9tiquette de bouteille en plastique<\/figcaption><\/figure> <\/div>   <h2 class=\"wp-block-heading\">Avantages de la machine \u00e0 enlever les \u00e9tiquettes<\/h2>    <ul class=\"wp-block-list\"> <li>Les outils de coupe de la machine de retrait d'\u00e9tiquettes de bouteilles PET utilisent des alliages import\u00e9s, qui sont r\u00e9sistants \u00e0 l'usure et ont une longue dur\u00e9e d'utilisation. Les lames de coupe peuvent \u00eatre ajust\u00e9es et remplac\u00e9es, vous n'avez donc pas \u00e0 vous soucier du taux de chute de la machine.<\/li>    <li>La machine \u00e0 enlever les \u00e9tiquettes en plastique utilise un ventilateur d'extraction \u00e0 double puissance, dot\u00e9 d'une forte puissance et d'un faible bruit.<\/li>    <li>Les moteurs ont une fonction de protection thermique, ils ne g\u00e9n\u00e8rent pas de chaleur apr\u00e8s une utilisation \u00e0 long terme et la dur\u00e9e d'utilisation est longue.<\/li> <\/ul>    <figure class=\"wp-block-gallery has-nested-images columns-default is-cropped wp-block-gallery-4 is-layout-flex wp-block-gallery-is-layout-flex\"> <figure class=\"wp-block-image size-large\"><img loading=\"lazy\" decoding=\"async\" width=\"526\" height=\"394\" data-id=\"176\" src=\"https:\/\/plastic-machines.org\/wp-content\/uploads\/2022\/07\/inside-structure-1-edited.webp\" alt=\"machine \u00e0 enlever les \u00e9tiquettes\" class=\"wp-image-176\" srcset=\"https:\/\/plastic-machines.org\/wp-content\/uploads\/2022\/07\/inside-structure-1-edited.webp 526w, https:\/\/plastic-machines.org\/wp-content\/uploads\/2022\/07\/inside-structure-1-edited-300x225.webp 300w\" sizes=\"auto, (max-width: 526px) 100vw, 526px\" \/><figcaption class=\"wp-element-caption\">Structure int\u00e9rieure de la machine \u00e0 enlever les \u00e9tiquettes des bouteilles PET<\/figcaption><\/figure>    <figure class=\"wp-block-image size-large\"><img loading=\"lazy\" decoding=\"async\" width=\"720\" height=\"540\" data-id=\"175\" src=\"https:\/\/plastic-machines.org\/wp-content\/uploads\/2022\/07\/inside-blades.webp\" alt=\"lames int\u00e9rieures de la machine \u00e0 enlever les \u00e9tiquettes\" class=\"wp-image-175\" srcset=\"https:\/\/plastic-machines.org\/wp-content\/uploads\/2022\/07\/inside-blades.webp 720w, https:\/\/plastic-machines.org\/wp-content\/uploads\/2022\/07\/inside-blades-300x225.webp 300w\" sizes=\"auto, (max-width: 720px) 100vw, 720px\" \/><figcaption class=\"wp-element-caption\">lames internes de la machine de recyclage de bouteilles<\/figcaption><\/figure> <\/figure>    <h2 class=\"wp-block-heading\">Param\u00e8tres de la machine \u00e0 enlever les \u00e9tiquettes des bouteilles PET <\/h2>    <figure class=\"wp-block-table\"><table><tbody><tr><td>Mod\u00e8le<\/td><td>SL-50<\/td><\/tr><tr><td>Longueur (m)<\/td><td>4.3<\/td><\/tr><tr><td>Largeur (m)<\/td><td>0.63<\/td><\/tr><tr><td>Puissance (kw)<\/td><td>15+1.5<\/td><\/tr><tr><td>\u00c9paisseur de la paroi ext\u00e9rieure (mm)<\/td><td>8<\/td><\/tr><tr><td>Taux de d\u00e9placement des \u00e9tiquettes<\/td><td>98%<\/td><\/tr><\/tbody><\/table><\/figure>    <p>Le mod\u00e8le SL-50 ci-dessus est notre best-seller. De plus, nous avons \u00e9galement d'autres mod\u00e8les de plus grande capacit\u00e9. Si vous \u00eates int\u00e9ress\u00e9, n'h\u00e9sitez pas \u00e0 nous consulter, nous vous pr\u00e9senterons les d\u00e9tails de la machine de retrait d'\u00e9tiquettes de bouteilles PET.<\/p>    <h2 class=\"wp-block-heading\">Vid\u00e9o de la machine \u00e0 enlever les \u00e9tiquettes<\/h2>    <p>Dans la vid\u00e9o, vous pouvez voir comment une machine \u00e0 enlever les \u00e9tiquettes fait son travail. Si vous \u00eates int\u00e9ress\u00e9, n'h\u00e9sitez pas \u00e0 vous abonner \u00e0 notre cha\u00eene Youtube, nous mettrons \u00e0 jour les vid\u00e9os des machines de recyclage du plastique.<\/p>    <figure class=\"wp-block-embed is-type-video is-provider-youtube wp-block-embed-youtube wp-embed-aspect-16-9 wp-has-aspect-ratio\"><div class=\"wp-block-embed__wrapper\"> <iframe loading=\"lazy\" title=\"D\u00e9tacheur d&#039;\u00e9tiquettes pour bouteilles PET | Machine \u00e0 \u00e9tiqueter\" width=\"500\" height=\"281\" src=\"https:\/\/www.youtube.com\/embed\/jqpJbfWeKSs?start=43&#038;feature=oembed\" frameborder=\"0\" allow=\"accelerometer; autoplay; clipboard-write; encrypted-media; gyroscope; picture-in-picture; web-share\" referrerpolicy=\"strict-origin-when-cross-origin\" allowfullscreen><\/iframe> <\/div><\/figure>    <h2 class=\"wp-block-heading\">La n\u00e9cessit\u00e9 d'une machine \u00e0 enlever les \u00e9tiquettes<\/h2>    <p>Du point de vue du processus de production de bouteilles en plastique, le corps de la bouteille, le bouchon et l'\u00e9tiquette en plastique sont enti\u00e8rement produits s\u00e9par\u00e9ment. Bien qu'il s'agisse tous de plastiques, les types sont diff\u00e9rents, principalement en raison du coefficient plastique. Parmi eux, le corps de la bouteille est en PET, le bouchon est g\u00e9n\u00e9ralement en PE et l'\u00e9tiquette en plastique est en PVC. Par cons\u00e9quent, pour garantir la qualit\u00e9 et la puret\u00e9 des plastiques recycl\u00e9s, ils doivent \u00e9galement \u00eatre recycl\u00e9s s\u00e9par\u00e9ment lors du recyclage.<\/p>","protected":false},"excerpt":{"rendered":"<p>This PET bottle label remover machine is suitable for plastic bottles such as PET mineral water bottles, cola bottles, oil bottles, etc. The PET bottle remover machine can quickly separate the labels on the plastic bottles from the bottle body. The use of the label removing machine can replace people to remove labels, solving the [&hellip;]<\/p>\n","protected":false},"author":1,"featured_media":446,"parent":0,"template":"","tags":[58,35],"product-type":[15,27],"class_list":["post-166","product","type-product","status-publish","has-post-thumbnail","hentry","tag-label","tag-pet","product-type-plastic-crushing-equipment","product-type-separation-technology"],"taxonomy_info":{"post_tag":[{"value":58,"label":"label"},{"value":35,"label":"PET"}],"product-type":[{"value":15,"label":"Plastic Crushing Equipment"},{"value":27,"label":"Separation Technology"}]},"featured_image_src_large":["https:\/\/plastic-machines.org\/wp-content\/uploads\/2022\/06\/PET-bottle-label-removing-machine1.webp",720,540,false],"author_info":{"display_name":"Ella","author_link":"https:\/\/plastic-machines.org\/fr\/author\/admin\/"},"comment_info":"","_links":{"self":[{"href":"https:\/\/plastic-machines.org\/fr\/wp-json\/wp\/v2\/product\/166","targetHints":{"allow":["GET"]}}],"collection":[{"href":"https:\/\/plastic-machines.org\/fr\/wp-json\/wp\/v2\/product"}],"about":[{"href":"https:\/\/plastic-machines.org\/fr\/wp-json\/wp\/v2\/types\/product"}],"author":[{"embeddable":true,"href":"https:\/\/plastic-machines.org\/fr\/wp-json\/wp\/v2\/users\/1"}],"wp:featuredmedia":[{"embeddable":true,"href":"https:\/\/plastic-machines.org\/fr\/wp-json\/wp\/v2\/media\/446"}],"wp:attachment":[{"href":"https:\/\/plastic-machines.org\/fr\/wp-json\/wp\/v2\/media?parent=166"}],"wp:term":[{"taxonomy":"post_tag","embeddable":true,"href":"https:\/\/plastic-machines.org\/fr\/wp-json\/wp\/v2\/tags?post=166"},{"taxonomy":"product-type","embeddable":true,"href":"https:\/\/plastic-machines.org\/fr\/wp-json\/wp\/v2\/product-type?post=166"}],"curies":[{"name":"wp","href":"https:\/\/api.w.org\/{rel}","templated":true}]}}