{"id":155,"date":"2022-07-04T03:45:03","date_gmt":"2022-07-04T03:45:03","guid":{"rendered":"https:\/\/plastic-machines.org\/?post_type=product&#038;p=155"},"modified":"2025-11-18T11:34:53","modified_gmt":"2025-11-18T03:34:53","slug":"plastic-bottle-crusher","status":"publish","type":"product","link":"https:\/\/plastic-machines.org\/fr\/product\/plastic-bottle-crusher\/","title":{"rendered":"Concasseur de bouteilles en plastique pour usine de broyage PET"},"content":{"rendered":"<div class=\"kk-star-ratings kksr-auto kksr-align-left kksr-valign-top\"     data-payload='{&quot;align&quot;:&quot;left&quot;,&quot;id&quot;:&quot;155&quot;,&quot;slug&quot;:&quot;default&quot;,&quot;valign&quot;:&quot;top&quot;,&quot;ignore&quot;:&quot;&quot;,&quot;reference&quot;:&quot;auto&quot;,&quot;class&quot;:&quot;&quot;,&quot;count&quot;:&quot;3&quot;,&quot;legendonly&quot;:&quot;&quot;,&quot;readonly&quot;:&quot;&quot;,&quot;score&quot;:&quot;5&quot;,&quot;starsonly&quot;:&quot;&quot;,&quot;best&quot;:&quot;5&quot;,&quot;gap&quot;:&quot;5&quot;,&quot;greet&quot;:&quot;Rate this product&quot;,&quot;legend&quot;:&quot;5\\\/5 - (3 votes)&quot;,&quot;size&quot;:&quot;24&quot;,&quot;title&quot;:&quot;Plastic Bottle Crusher for PET Grinding Plant&quot;,&quot;width&quot;:&quot;142.5&quot;,&quot;_legend&quot;:&quot;{score}\\\/{best} - ({count} {votes})&quot;,&quot;font_factor&quot;:&quot;1.25&quot;}'>              <div class=\"kksr-stars\">      <div class=\"kksr-stars-inactive\">             <div class=\"kksr-star\" data-star=\"1\" style=\"padding-right: 5px\">               <div class=\"kksr-icon\" style=\"width: 24px; height: 24px;\"><\/div>         <\/div>             <div class=\"kksr-star\" data-star=\"2\" style=\"padding-right: 5px\">               <div class=\"kksr-icon\" style=\"width: 24px; height: 24px;\"><\/div>         <\/div>             <div class=\"kksr-star\" data-star=\"3\" style=\"padding-right: 5px\">               <div class=\"kksr-icon\" style=\"width: 24px; height: 24px;\"><\/div>         <\/div>             <div class=\"kksr-star\" data-star=\"4\" style=\"padding-right: 5px\">               <div class=\"kksr-icon\" style=\"width: 24px; height: 24px;\"><\/div>         <\/div>             <div class=\"kksr-star\" data-star=\"5\" style=\"padding-right: 5px\">               <div class=\"kksr-icon\" style=\"width: 24px; height: 24px;\"><\/div>         <\/div>     <\/div>      <div class=\"kksr-stars-active\" style=\"width: 142.5px;\">             <div class=\"kksr-star\" style=\"padding-right: 5px\">               <div class=\"kksr-icon\" style=\"width: 24px; height: 24px;\"><\/div>         <\/div>             <div class=\"kksr-star\" style=\"padding-right: 5px\">               <div class=\"kksr-icon\" style=\"width: 24px; height: 24px;\"><\/div>         <\/div>             <div class=\"kksr-star\" style=\"padding-right: 5px\">               <div class=\"kksr-icon\" style=\"width: 24px; height: 24px;\"><\/div>         <\/div>             <div class=\"kksr-star\" style=\"padding-right: 5px\">               <div class=\"kksr-icon\" style=\"width: 24px; height: 24px;\"><\/div>         <\/div>             <div class=\"kksr-star\" style=\"padding-right: 5px\">               <div class=\"kksr-icon\" style=\"width: 24px; height: 24px;\"><\/div>         <\/div>     <\/div> <\/div>                   <div class=\"kksr-legend\" style=\"font-size: 19.2px;\">             5\/5 - (3 votes)    <\/div>     <\/div>  <p>Le broyeur de bouteilles en plastique Shuliy est principalement utilis\u00e9 pour le broyage professionnel de d\u00e9chets de plastique tels que les bouteilles d'eaux us\u00e9es, les bouteilles de lait et les bidons d'huile.  Nous l\u2019appelons \u00e9galement broyeur de bouteilles en plastique. La principale caract\u00e9ristique de ce broyeur de bouteilles est qu'il pr\u00e9sente une nouvelle am\u00e9lioration dans la structure de d\u00e9charge, qui permet de r\u00e9aliser efficacement le broyage des flocons de bouteilles PET. C'est l'une des machines importantes de la ligne compl\u00e8te de recyclage du PET.<\/p>    <h2 class=\"wp-block-heading\" id=\"h-introduction-of-plastic-bottle-crusher\">Introduction du broyeur de bouteilles en plastique <\/h2>    <p class=\"translation-block\">Actuellement, alors que la pollution blanche devient grave, de plus en plus de pays ont commenc\u00e9 \u00e0 promouvoir le recyclage et la r\u00e9utilisation des ressources plastiques us\u00e9es. Dans le <a href=\"https:\/\/en.wikipedia.org\/wiki\/PET_bottle_recycling\" target=\"_blank\" rel=\"noopener\">recyclage des bouteilles en plastique PET<\/a>, un broyeur de bouteilles en plastique est un \u00e9quipement tr\u00e8s important. La machine de concassage de plastique peut \u00e9craser efficacement les bouteilles en plastique us\u00e9es et les r\u00e9duire en flocons de PET de taille uniforme.<\/p>   <div class=\"wp-block-image\"> <figure class=\"aligncenter size-full\"><img loading=\"lazy\" decoding=\"async\" width=\"720\" height=\"540\" src=\"https:\/\/plastic-machines.org\/wp-content\/uploads\/2022\/07\/plastic-shredder.webp\" alt=\"broyeur de bouteilles en plastique\" class=\"wp-image-158\" srcset=\"https:\/\/plastic-machines.org\/wp-content\/uploads\/2022\/07\/plastic-shredder.webp 720w, https:\/\/plastic-machines.org\/wp-content\/uploads\/2022\/07\/plastic-shredder-300x225.webp 300w\" sizes=\"auto, (max-width: 720px) 100vw, 720px\" \/><figcaption class=\"wp-element-caption\">broyeur de bouteilles en plastique<\/figcaption><\/figure> <\/div>  <div class=\"wp-block-image\"> <figure class=\"aligncenter size-full\"><img loading=\"lazy\" decoding=\"async\" width=\"720\" height=\"540\" src=\"https:\/\/plastic-machines.org\/wp-content\/uploads\/2022\/07\/plastic-bottle-shredder.webp\" alt=\"Rectifieuse de bouteilles PET\" class=\"wp-image-160\" srcset=\"https:\/\/plastic-machines.org\/wp-content\/uploads\/2022\/07\/plastic-bottle-shredder.webp 720w, https:\/\/plastic-machines.org\/wp-content\/uploads\/2022\/07\/plastic-bottle-shredder-300x225.webp 300w\" sizes=\"auto, (max-width: 720px) 100vw, 720px\" \/><figcaption class=\"wp-element-caption\">broyeurs de bouteilles en plastique en usine<\/figcaption><\/figure> <\/div>   <h2 class=\"wp-block-heading\">Mati\u00e8res premi\u00e8res et produits finaux du broyeur PET<\/h2>    <p>Le broyeur de bouteilles en plastique est utilis\u00e9 pour broyer les bouteilles en PET, notamment les bouteilles d'eau min\u00e9rale, les bouteilles de boissons, les bouteilles d'huile, etc. Des bouteilles en plastique aplaties et des briques de bouteilles emball\u00e9es sont \u00e9galement disponibles. Les lames sp\u00e9ciales du broyeur sont con\u00e7ues contre l'\u00e9lectricit\u00e9 statique g\u00e9n\u00e9r\u00e9e par le frottement des flocons de PET. Les flocons finaux sont uniformes et pr\u00eats \u00e0 \u00eatre trait\u00e9s.<\/p>   <div class=\"wp-block-image\"> <figure class=\"aligncenter size-full\"><img loading=\"lazy\" decoding=\"async\" width=\"720\" height=\"540\" src=\"https:\/\/plastic-machines.org\/wp-content\/uploads\/2022\/07\/PET-materials-1.webp\" alt=\"mati\u00e8res premi\u00e8res de broyeur de bouteilles en plastique\" class=\"wp-image-549\" srcset=\"https:\/\/plastic-machines.org\/wp-content\/uploads\/2022\/07\/PET-materials-1.webp 720w, https:\/\/plastic-machines.org\/wp-content\/uploads\/2022\/07\/PET-materials-1-300x225.webp 300w\" sizes=\"auto, (max-width: 720px) 100vw, 720px\" \/><\/figure> <\/div>   <h2 class=\"wp-block-heading\">Principe de fonctionnement du broyeur de bouteilles en plastique<\/h2>    <p>Le principe de fonctionnement de notre machine de concassage de bouteilles PET est facile \u00e0 comprendre. La cavit\u00e9 d'\u00e9crasement \u00e0 l'int\u00e9rieur du couteau fixe et du couteau mobile, bas\u00e9e sur les changements de coupe entre les deux lames pour former un angle de cisaillement sur la bouteille en plastique, la bouteille en plastique sera alors \u00e9cras\u00e9e par les lames.<\/p>   <div class=\"wp-block-image\"> <figure class=\"aligncenter size-full\"><img loading=\"lazy\" decoding=\"async\" width=\"720\" height=\"540\" src=\"https:\/\/plastic-machines.org\/wp-content\/uploads\/2022\/07\/blades-of-PET-crusher.webp\" alt=\"lames de broyeur de bouteilles PET\" class=\"wp-image-161\" srcset=\"https:\/\/plastic-machines.org\/wp-content\/uploads\/2022\/07\/blades-of-PET-crusher.webp 720w, https:\/\/plastic-machines.org\/wp-content\/uploads\/2022\/07\/blades-of-PET-crusher-300x225.webp 300w\" sizes=\"auto, (max-width: 720px) 100vw, 720px\" \/><figcaption class=\"wp-element-caption\">lames de broyeur PET<\/figcaption><\/figure> <\/div>  <div class=\"wp-block-image\"> <figure class=\"aligncenter size-full\"><img loading=\"lazy\" decoding=\"async\" width=\"720\" height=\"540\" src=\"https:\/\/plastic-machines.org\/wp-content\/uploads\/2022\/07\/inside-structure.webp\" alt=\"arbre de lames (structure int\u00e9rieure) de la machine de concassage de bouteilles PET\" class=\"wp-image-162\" srcset=\"https:\/\/plastic-machines.org\/wp-content\/uploads\/2022\/07\/inside-structure.webp 720w, https:\/\/plastic-machines.org\/wp-content\/uploads\/2022\/07\/inside-structure-300x225.webp 300w\" sizes=\"auto, (max-width: 720px) 100vw, 720px\" \/><figcaption class=\"wp-element-caption\">Arbre de lames de broyeur de bouteilles en plastique (structure int\u00e9rieure)<\/figcaption><\/figure> <\/div>   <h2 class=\"wp-block-heading\">Param\u00e8tres de la machine de concassage de bouteilles PET <\/h2>    <figure class=\"wp-block-table\"><table><tbody><tr><td>Mod\u00e8le<\/td><td>SL-60<\/td><td>SL-80<\/td><td>SL-100<\/td><td>SL-120<\/td><\/tr><tr><td>Capacit\u00e9 (kg\/h)<\/td><td>500<\/td><td>1000<\/td><td>1500<\/td><td>3000<\/td><\/tr><tr><td>Moteur (kw)<\/td><td>22<\/td><td>37<\/td><td>75<\/td><td>90<\/td><\/tr><tr><td>Hauteur (m)<\/td><td>1.8<\/td><td>2.6<\/td><td>2.6<\/td><td>2.6<\/td><\/tr><tr><td>\u00c9paisseur du couteau \uff08mm)<\/td><td>30<\/td><td>40<\/td><td>40<\/td><td>40<\/td><\/tr><tr><td>\u00c9paisseur de la plaque \uff08mm)<\/td><td>16<\/td><td>20<\/td><td>30<\/td><td>30<\/td><\/tr><\/tbody><\/table><\/figure>    <p>De plus, la gamme de tailles de mailles des broyeurs de plastique est de 14 \u00e0 18 mm\u00a0; chaque broyeur disposera d'un \u00e9l\u00e9vateur d'alimentation d'une puissance de 1,5kw. L'\u00e9paisseur de la chambre de broyage de la d\u00e9chiqueteuse de bouteilles en plastique devient plus \u00e9paisse \u00e0 mesure que le mod\u00e8le de la machine devient plus grand.<\/p>    <h2 class=\"wp-block-heading\">Avantages de la machine de concassage de bouteilles PET<\/h2>    <ol class=\"wp-block-list\"> <li>Le broyeur de bouteilles en plastique de Shuliy est dot\u00e9 d'un d\u00e9chargeur en spirale au bas de la machine, qui peut automatiquement pousser les morceaux de bouteilles en plastique \u00e9cras\u00e9s \u00e0 travers le convoyeur en spirale et former rapidement une ligne de production de lavage et de s\u00e9chage avec l'\u00e9quipement de rin\u00e7age sous l'action de la plaque de levage. .<\/li>    <li>Le broyeur de bouteilles en plastique a augment\u00e9 le dispositif d'alimentation forc\u00e9e, qui peut p\u00e9n\u00e9trer efficacement dans la cavit\u00e9 de la bouteille en plastique pour un \u00e9crasement forc\u00e9. Le dispositif d'alimentation forc\u00e9e peut efficacement emp\u00eacher le mat\u00e9riau de sortir tout en am\u00e9liorant l'efficacit\u00e9 du concassage.<\/li>    <li>La conception de la lame de la rectifieuse de bouteilles en plastique Shuliy est unique, ce qui peut efficacement \u00e9viter la force de cisaillement des bouteilles en plastique caus\u00e9e par une puissance excessive et le ph\u00e9nom\u00e8ne de blocage de la broche, r\u00e9duisant ainsi le ph\u00e9nom\u00e8ne de blocage. La machine de concassage de bouteilles PET avec ces lames garantira un fonctionnement long et stable.<\/li> <\/ol>    <h2 class=\"wp-block-heading\">Vid\u00e9o du broyeur de bouteilles PET<\/h2>    <figure class=\"wp-block-embed is-type-video is-provider-youtube wp-block-embed-youtube wp-embed-aspect-16-9 wp-has-aspect-ratio\"><div class=\"wp-block-embed__wrapper\"> <iframe loading=\"lazy\" title=\"Broyeur de bouteilles en plastique | Machine de concassage de plastique PET\" width=\"500\" height=\"281\" src=\"https:\/\/www.youtube.com\/embed\/aMnGnzOSAkI?feature=oembed\" frameborder=\"0\" allow=\"accelerometer; autoplay; clipboard-write; encrypted-media; gyroscope; picture-in-picture; web-share\" referrerpolicy=\"strict-origin-when-cross-origin\" allowfullscreen><\/iframe> <\/div><\/figure>    <h2 class=\"wp-block-heading\">Recommandez-vous une ligne de recyclage de bouteilles PET<\/h2>    <p class=\"translation-block\">La machine Shuliy fournit une <a href=\"https:\/\/plastic-machines.org\/fr\/product\/ligne-de-recyclage-de-bouteilles-en-pet\/\">ligne de lavage de recyclage pour les bouteilles en PET usag\u00e9es<\/a>. L'\u00e9quipement principal comprend un broyeur de bouteilles en plastique, un r\u00e9servoir de rin\u00e7age, une machine de lavage par friction pour PET et un r\u00e9servoir de lavage \u00e0 l'eau chaude. Nous proposons \u00e9galement des machines personnalis\u00e9es selon les demandes des clients. Consultez-nous ou laissez vos messages sur notre site Web d\u00e8s maintenant.<\/p>   <div class=\"wp-block-image\"> <figure class=\"aligncenter size-full\"><img loading=\"lazy\" decoding=\"async\" width=\"720\" height=\"540\" src=\"https:\/\/plastic-machines.org\/wp-content\/uploads\/2022\/07\/PET-washing-line1.webp\" alt=\"Machine de recyclage de bouteilles PET\" class=\"wp-image-301\" srcset=\"https:\/\/plastic-machines.org\/wp-content\/uploads\/2022\/07\/PET-washing-line1.webp 720w, https:\/\/plastic-machines.org\/wp-content\/uploads\/2022\/07\/PET-washing-line1-300x225.webp 300w\" sizes=\"auto, (max-width: 720px) 100vw, 720px\" \/><figcaption class=\"wp-element-caption\">Ligne de recyclage de lavage PET<\/figcaption><\/figure> <\/div>","protected":false},"excerpt":{"rendered":"<p>Shuliy plastic bottle crusher is mainly used for the professional crushing of plastic scraps such as waste water bottles, milk bottles and oil cans. We also call it a plastic bottle grinder. The main feature of this bottle grinder is that it has a new improvement in the discharge structure, which can effectively achieve the [&hellip;]<\/p>\n","protected":false},"author":1,"featured_media":449,"parent":0,"template":"","tags":[39,35],"product-type":[15],"class_list":["post-155","product","type-product","status-publish","has-post-thumbnail","hentry","tag-flake","tag-pet","product-type-plastic-crushing-equipment"],"taxonomy_info":{"post_tag":[{"value":39,"label":"flake"},{"value":35,"label":"PET"}],"product-type":[{"value":15,"label":"Plastic Crushing Equipment"}]},"featured_image_src_large":["https:\/\/plastic-machines.org\/wp-content\/uploads\/2022\/06\/PET-plastic-crusher1.webp",720,540,false],"author_info":{"display_name":"Ella","author_link":"https:\/\/plastic-machines.org\/fr\/author\/admin\/"},"comment_info":"","_links":{"self":[{"href":"https:\/\/plastic-machines.org\/fr\/wp-json\/wp\/v2\/product\/155","targetHints":{"allow":["GET"]}}],"collection":[{"href":"https:\/\/plastic-machines.org\/fr\/wp-json\/wp\/v2\/product"}],"about":[{"href":"https:\/\/plastic-machines.org\/fr\/wp-json\/wp\/v2\/types\/product"}],"author":[{"embeddable":true,"href":"https:\/\/plastic-machines.org\/fr\/wp-json\/wp\/v2\/users\/1"}],"wp:featuredmedia":[{"embeddable":true,"href":"https:\/\/plastic-machines.org\/fr\/wp-json\/wp\/v2\/media\/449"}],"wp:attachment":[{"href":"https:\/\/plastic-machines.org\/fr\/wp-json\/wp\/v2\/media?parent=155"}],"wp:term":[{"taxonomy":"post_tag","embeddable":true,"href":"https:\/\/plastic-machines.org\/fr\/wp-json\/wp\/v2\/tags?post=155"},{"taxonomy":"product-type","embeddable":true,"href":"https:\/\/plastic-machines.org\/fr\/wp-json\/wp\/v2\/product-type?post=155"}],"curies":[{"name":"wp","href":"https:\/\/api.w.org\/{rel}","templated":true}]}}