{"id":1165,"date":"2023-12-14T18:02:41","date_gmt":"2023-12-14T10:02:41","guid":{"rendered":"https:\/\/plastic-machines.org\/?post_type=product&#038;p=1165"},"modified":"2025-11-14T16:01:20","modified_gmt":"2025-11-14T08:01:20","slug":"plastic-pellet-storage-silo","status":"publish","type":"product","link":"https:\/\/plastic-machines.org\/fr\/product\/plastic-pellet-storage-silo\/","title":{"rendered":"Silo de stockage de granul\u00e9s en plastique"},"content":{"rendered":"<div class=\"kk-star-ratings kksr-auto kksr-align-left kksr-valign-top\"     data-payload='{&quot;align&quot;:&quot;left&quot;,&quot;id&quot;:&quot;1165&quot;,&quot;slug&quot;:&quot;default&quot;,&quot;valign&quot;:&quot;top&quot;,&quot;ignore&quot;:&quot;&quot;,&quot;reference&quot;:&quot;auto&quot;,&quot;class&quot;:&quot;&quot;,&quot;count&quot;:&quot;1&quot;,&quot;legendonly&quot;:&quot;&quot;,&quot;readonly&quot;:&quot;&quot;,&quot;score&quot;:&quot;5&quot;,&quot;starsonly&quot;:&quot;&quot;,&quot;best&quot;:&quot;5&quot;,&quot;gap&quot;:&quot;5&quot;,&quot;greet&quot;:&quot;Rate this product&quot;,&quot;legend&quot;:&quot;5\\\/5 - (1 vote)&quot;,&quot;size&quot;:&quot;24&quot;,&quot;title&quot;:&quot;Plastic Pellet Storage Silo&quot;,&quot;width&quot;:&quot;142.5&quot;,&quot;_legend&quot;:&quot;{score}\\\/{best} - ({count} {votes})&quot;,&quot;font_factor&quot;:&quot;1.25&quot;}'>              <div class=\"kksr-stars\">      <div class=\"kksr-stars-inactive\">             <div class=\"kksr-star\" data-star=\"1\" style=\"padding-right: 5px\">               <div class=\"kksr-icon\" style=\"width: 24px; height: 24px;\"><\/div>         <\/div>             <div class=\"kksr-star\" data-star=\"2\" style=\"padding-right: 5px\">               <div class=\"kksr-icon\" style=\"width: 24px; height: 24px;\"><\/div>         <\/div>             <div class=\"kksr-star\" data-star=\"3\" style=\"padding-right: 5px\">               <div class=\"kksr-icon\" style=\"width: 24px; height: 24px;\"><\/div>         <\/div>             <div class=\"kksr-star\" data-star=\"4\" style=\"padding-right: 5px\">               <div class=\"kksr-icon\" style=\"width: 24px; height: 24px;\"><\/div>         <\/div>             <div class=\"kksr-star\" data-star=\"5\" style=\"padding-right: 5px\">               <div class=\"kksr-icon\" style=\"width: 24px; height: 24px;\"><\/div>         <\/div>     <\/div>      <div class=\"kksr-stars-active\" style=\"width: 142.5px;\">             <div class=\"kksr-star\" style=\"padding-right: 5px\">               <div class=\"kksr-icon\" style=\"width: 24px; height: 24px;\"><\/div>         <\/div>             <div class=\"kksr-star\" style=\"padding-right: 5px\">               <div class=\"kksr-icon\" style=\"width: 24px; height: 24px;\"><\/div>         <\/div>             <div class=\"kksr-star\" style=\"padding-right: 5px\">               <div class=\"kksr-icon\" style=\"width: 24px; height: 24px;\"><\/div>         <\/div>             <div class=\"kksr-star\" style=\"padding-right: 5px\">               <div class=\"kksr-icon\" style=\"width: 24px; height: 24px;\"><\/div>         <\/div>             <div class=\"kksr-star\" style=\"padding-right: 5px\">               <div class=\"kksr-icon\" style=\"width: 24px; height: 24px;\"><\/div>         <\/div>     <\/div> <\/div>                   <div class=\"kksr-legend\" style=\"font-size: 19.2px;\">             5\/5 - (1 vote)    <\/div>     <\/div>  <p class=\"translation-block\">Le silo de stockage de granul\u00e9s plastiques dans une usine de recyclage plastique est un composant cl\u00e9 dont la fonction principale est de stocker et de g\u00e9rer les granul\u00e9s plastiques recycl\u00e9s produits par la machine granulateur de plastique. Bon nombre de nos clients sont \u00e9quip\u00e9s d'un silo lors de l'achat d'une <strong><a href=\"https:\/\/plastic-machines.org\/fr\/product\/plastic-granulating-line\/\" data-type=\"link\" data-id=\"https:\/\/plastic-machines.org\/product\/plastic-granulating-line\/\"> ligne de production de granul\u00e9s plastiques<\/a><\/strong>.<\/p>    <figure class=\"wp-block-gallery has-nested-images columns-default is-cropped wp-block-gallery-2 is-layout-flex wp-block-gallery-is-layout-flex\"> <figure class=\"wp-block-image size-large\"><img loading=\"lazy\" decoding=\"async\" width=\"540\" height=\"720\" data-id=\"1320\" src=\"https:\/\/plastic-machines.org\/wp-content\/uploads\/2023\/12\/plastic-granule-silo-2.webp\" alt=\"Silo de stockage de granul\u00e9s en plastique\" class=\"wp-image-1320\" srcset=\"https:\/\/plastic-machines.org\/wp-content\/uploads\/2023\/12\/plastic-granule-silo-2.webp 540w, https:\/\/plastic-machines.org\/wp-content\/uploads\/2023\/12\/plastic-granule-silo-2-225x300.webp 225w, https:\/\/plastic-machines.org\/wp-content\/uploads\/2023\/12\/plastic-granule-silo-2-9x12.webp 9w\" sizes=\"auto, (max-width: 540px) 100vw, 540px\" \/><\/figure>    <figure class=\"wp-block-image size-large\"><img loading=\"lazy\" decoding=\"async\" width=\"540\" height=\"720\" data-id=\"1323\" src=\"https:\/\/plastic-machines.org\/wp-content\/uploads\/2023\/12\/plastic-stock-bin.webp\" alt=\"Silo de stockage de granul\u00e9s en plastique\" class=\"wp-image-1323\" srcset=\"https:\/\/plastic-machines.org\/wp-content\/uploads\/2023\/12\/plastic-stock-bin.webp 540w, https:\/\/plastic-machines.org\/wp-content\/uploads\/2023\/12\/plastic-stock-bin-225x300.webp 225w, https:\/\/plastic-machines.org\/wp-content\/uploads\/2023\/12\/plastic-stock-bin-9x12.webp 9w\" sizes=\"auto, (max-width: 540px) 100vw, 540px\" \/><\/figure>    <figure class=\"wp-block-image size-large\"><img loading=\"lazy\" decoding=\"async\" width=\"540\" height=\"720\" data-id=\"1322\" src=\"https:\/\/plastic-machines.org\/wp-content\/uploads\/2023\/12\/plastic-granule-silo.webp\" alt=\"Bac de rangement en plastique\" class=\"wp-image-1322\" srcset=\"https:\/\/plastic-machines.org\/wp-content\/uploads\/2023\/12\/plastic-granule-silo.webp 540w, https:\/\/plastic-machines.org\/wp-content\/uploads\/2023\/12\/plastic-granule-silo-225x300.webp 225w, https:\/\/plastic-machines.org\/wp-content\/uploads\/2023\/12\/plastic-granule-silo-9x12.webp 9w\" sizes=\"auto, (max-width: 540px) 100vw, 540px\" \/><\/figure> <\/figure>    <h2 class=\"wp-block-heading\">Vid\u00e9o d'un silo de stockage de granul\u00e9s de plastique<\/h2>    <figure class=\"wp-block-embed is-type-video is-provider-youtube wp-block-embed-youtube wp-embed-aspect-16-9 wp-has-aspect-ratio\"><div class=\"wp-block-embed__wrapper\"> <iframe loading=\"lazy\" title=\"Silos de stockage personnalisables pour granul\u00e9s de plastique dans une usine de recyclage de plastique\" width=\"500\" height=\"281\" src=\"https:\/\/www.youtube.com\/embed\/mWDMYbnqnXE?start=1&#038;feature=oembed\" frameborder=\"0\" allow=\"accelerometer; autoplay; clipboard-write; encrypted-media; gyroscope; picture-in-picture; web-share\" referrerpolicy=\"strict-origin-when-cross-origin\" allowfullscreen><\/iframe> <\/div><\/figure>    <h2 class=\"wp-block-heading\">Avantages du bac de stockage de granul\u00e9s en plastique Shuliy<\/h2>    <p class=\"translation-block\">Stockage des granul\u00e9s recycl\u00e9s : Le silo sert d'installation de stockage pour stocker temporairement les granul\u00e9s recycl\u00e9s produits par le <a href=\"https:\/\/plastic-machines.org\/fr\/product\/plastic-extruder-machine\/\">granulateur de plastique<\/a>. Cela permet d'ajuster la production et de constituer des stocks suffisants de granul\u00e9s pour faire face aux changements des exigences de production.<\/p>    <p>Protection contre l'humidit\u00e9 et la poussi\u00e8re : Les silos de stockage de granul\u00e9s en plastique sont souvent con\u00e7us dans un souci de protection contre l'humidit\u00e9 et la poussi\u00e8re afin de prot\u00e9ger les granul\u00e9s stock\u00e9s de l'humidit\u00e9 et des contaminants et de maintenir la qualit\u00e9 des granul\u00e9s.<\/p>    <p>Continuit\u00e9 de production am\u00e9lior\u00e9e\u00a0: en rationalisant les pellets dans le silo de stockage de pellets en plastique, la ligne de production peut fonctionner de mani\u00e8re plus continue, r\u00e9duisant ainsi les temps d'arr\u00eat et les temps de changement, am\u00e9liorant ainsi la continuit\u00e9 et l'efficacit\u00e9 globales de la production.<\/p>    <h2 class=\"wp-block-heading\">Param\u00e8tres personnalis\u00e9s du silo \u00e0 pellets Shuliy<\/h2>    <p>Chez Shuliy Machinery, les dimensions des silos en plastique peuvent \u00eatre personnalis\u00e9es pour r\u00e9pondre \u00e0 des besoins sp\u00e9cifiques, notamment des param\u00e8tres tels que le diam\u00e8tre, la hauteur et la capacit\u00e9. Cette personnalisation permet aux silos de mieux s'adapter aux usines de recyclage de plastique de diff\u00e9rentes tailles et besoins de production.<\/p>    <p>Premi\u00e8rement, le diam\u00e8tre et la hauteur du silo peuvent \u00eatre ajust\u00e9s aux contraintes d\u2019espace et aux besoins de processus sp\u00e9cifiques d\u2019un fabricant. Cette conception individualis\u00e9e permet aux fabricants d\u2019utiliser au mieux l\u2019espace et de maximiser l\u2019efficacit\u00e9 de la production sur un site limit\u00e9.<\/p>    <p>La capacit\u00e9 est un autre param\u00e8tre personnalisable important. En g\u00e9n\u00e9ral, la capacit\u00e9 d'un bac de stockage de granul\u00e9s en plastique peut \u00eatre personnalis\u00e9e en fonction de la taille et de la fr\u00e9quence de production, avec des capacit\u00e9s communes comprenant une vari\u00e9t\u00e9 d'options allant de 1 tonne, 3 tonnes \u00e0 10 tonnes. Cette flexibilit\u00e9 permet aux usines de recyclage de mieux r\u00e9pondre aux besoins de stockage des mati\u00e8res premi\u00e8res et d\u2019assurer la continuit\u00e9 de la cha\u00eene d\u2019approvisionnement.<\/p>","protected":false},"excerpt":{"rendered":"<p>The plastic pellet storage silo in a plastic recycling plant is a key component whose primary function is to store and manage the recycled plastic pellets produced from the plastic pelletizer machine. Many of our customers are equipped with a silo when they purchase a plastic pellet production line. Video of plastic pellet storage silo [&hellip;]<\/p>\n","protected":false},"author":1,"featured_media":1166,"parent":0,"template":"","tags":[52],"product-type":[26],"class_list":["post-1165","product","type-product","status-publish","has-post-thumbnail","hentry","tag-silo","product-type-plastic-baler"],"taxonomy_info":{"post_tag":[{"value":52,"label":"silo"}],"product-type":[{"value":26,"label":"Plastic Baler"}]},"featured_image_src_large":["https:\/\/plastic-machines.org\/wp-content\/uploads\/2023\/12\/plastic-granules-storage-bin.webp",720,540,false],"author_info":{"display_name":"Ella","author_link":"https:\/\/plastic-machines.org\/fr\/author\/admin\/"},"comment_info":"","_links":{"self":[{"href":"https:\/\/plastic-machines.org\/fr\/wp-json\/wp\/v2\/product\/1165","targetHints":{"allow":["GET"]}}],"collection":[{"href":"https:\/\/plastic-machines.org\/fr\/wp-json\/wp\/v2\/product"}],"about":[{"href":"https:\/\/plastic-machines.org\/fr\/wp-json\/wp\/v2\/types\/product"}],"author":[{"embeddable":true,"href":"https:\/\/plastic-machines.org\/fr\/wp-json\/wp\/v2\/users\/1"}],"wp:featuredmedia":[{"embeddable":true,"href":"https:\/\/plastic-machines.org\/fr\/wp-json\/wp\/v2\/media\/1166"}],"wp:attachment":[{"href":"https:\/\/plastic-machines.org\/fr\/wp-json\/wp\/v2\/media?parent=1165"}],"wp:term":[{"taxonomy":"post_tag","embeddable":true,"href":"https:\/\/plastic-machines.org\/fr\/wp-json\/wp\/v2\/tags?post=1165"},{"taxonomy":"product-type","embeddable":true,"href":"https:\/\/plastic-machines.org\/fr\/wp-json\/wp\/v2\/product-type?post=1165"}],"curies":[{"name":"wp","href":"https:\/\/api.w.org\/{rel}","templated":true}]}}