{"id":1120,"date":"2023-11-20T16:33:44","date_gmt":"2023-11-20T08:33:44","guid":{"rendered":"https:\/\/plastic-machines.org\/?post_type=product&#038;p=1120"},"modified":"2025-11-13T16:42:13","modified_gmt":"2025-11-13T08:42:13","slug":"foam-densifier-machine","status":"publish","type":"product","link":"https:\/\/plastic-machines.org\/fr\/product\/foam-densifier-machine\/","title":{"rendered":"Compacteur de polystyr\u00e8ne EPE\/EPS"},"content":{"rendered":"<div class=\"kk-star-ratings kksr-auto kksr-align-left kksr-valign-top\"     data-payload='{&quot;align&quot;:&quot;left&quot;,&quot;id&quot;:&quot;1120&quot;,&quot;slug&quot;:&quot;default&quot;,&quot;valign&quot;:&quot;top&quot;,&quot;ignore&quot;:&quot;&quot;,&quot;reference&quot;:&quot;auto&quot;,&quot;class&quot;:&quot;&quot;,&quot;count&quot;:&quot;1&quot;,&quot;legendonly&quot;:&quot;&quot;,&quot;readonly&quot;:&quot;&quot;,&quot;score&quot;:&quot;5&quot;,&quot;starsonly&quot;:&quot;&quot;,&quot;best&quot;:&quot;5&quot;,&quot;gap&quot;:&quot;5&quot;,&quot;greet&quot;:&quot;Rate this product&quot;,&quot;legend&quot;:&quot;5\\\/5 - (1 vote)&quot;,&quot;size&quot;:&quot;24&quot;,&quot;title&quot;:&quot;EPE\\\/EPS Polystrene Styrofoam Compactor&quot;,&quot;width&quot;:&quot;142.5&quot;,&quot;_legend&quot;:&quot;{score}\\\/{best} - ({count} {votes})&quot;,&quot;font_factor&quot;:&quot;1.25&quot;}'>              <div class=\"kksr-stars\">      <div class=\"kksr-stars-inactive\">             <div class=\"kksr-star\" data-star=\"1\" style=\"padding-right: 5px\">               <div class=\"kksr-icon\" style=\"width: 24px; height: 24px;\"><\/div>         <\/div>             <div class=\"kksr-star\" data-star=\"2\" style=\"padding-right: 5px\">               <div class=\"kksr-icon\" style=\"width: 24px; height: 24px;\"><\/div>         <\/div>             <div class=\"kksr-star\" data-star=\"3\" style=\"padding-right: 5px\">               <div class=\"kksr-icon\" style=\"width: 24px; height: 24px;\"><\/div>         <\/div>             <div class=\"kksr-star\" data-star=\"4\" style=\"padding-right: 5px\">               <div class=\"kksr-icon\" style=\"width: 24px; height: 24px;\"><\/div>         <\/div>             <div class=\"kksr-star\" data-star=\"5\" style=\"padding-right: 5px\">               <div class=\"kksr-icon\" style=\"width: 24px; height: 24px;\"><\/div>         <\/div>     <\/div>      <div class=\"kksr-stars-active\" style=\"width: 142.5px;\">             <div class=\"kksr-star\" style=\"padding-right: 5px\">               <div class=\"kksr-icon\" style=\"width: 24px; height: 24px;\"><\/div>         <\/div>             <div class=\"kksr-star\" style=\"padding-right: 5px\">               <div class=\"kksr-icon\" style=\"width: 24px; height: 24px;\"><\/div>         <\/div>             <div class=\"kksr-star\" style=\"padding-right: 5px\">               <div class=\"kksr-icon\" style=\"width: 24px; height: 24px;\"><\/div>         <\/div>             <div class=\"kksr-star\" style=\"padding-right: 5px\">               <div class=\"kksr-icon\" style=\"width: 24px; height: 24px;\"><\/div>         <\/div>             <div class=\"kksr-star\" style=\"padding-right: 5px\">               <div class=\"kksr-icon\" style=\"width: 24px; height: 24px;\"><\/div>         <\/div>     <\/div> <\/div>                   <div class=\"kksr-legend\" style=\"font-size: 19.2px;\">             5\/5 - (1 vote)    <\/div>     <\/div>  <p>Le compacteur de mousse de polystyr\u00e8ne est un \u00e9quipement sp\u00e9cialis\u00e9 utilis\u00e9 pour traiter les d\u00e9chets de mousse, et de nombreuses usines de recyclage de plastique utilisent cette machine pour traiter initialement les d\u00e9chets de mousse. Vous trouverez ci-dessous quelques-uns des avantages de la presse \u00e0 froid de mousse et les avantages de l'utilisation de cette machine pour les usines de recyclage.<\/p>   <div class=\"wp-block-image\"> <figure class=\"aligncenter size-full\"><img loading=\"lazy\" decoding=\"async\" width=\"720\" height=\"540\" src=\"https:\/\/plastic-machines.org\/wp-content\/uploads\/2022\/06\/horizontal-foam-compactor.webp\" alt=\"machine de densification de mousse\" class=\"wp-image-1123\" srcset=\"https:\/\/plastic-machines.org\/wp-content\/uploads\/2022\/06\/horizontal-foam-compactor.webp 720w, https:\/\/plastic-machines.org\/wp-content\/uploads\/2022\/06\/horizontal-foam-compactor-300x225.webp 300w\" sizes=\"auto, (max-width: 720px) 100vw, 720px\" \/><figcaption class=\"wp-element-caption\">machine de densification de mousse<\/figcaption><\/figure> <\/div>   <h2 class=\"wp-block-heading\">Mati\u00e8res premi\u00e8res et produits finis du compacteur de mousse de polystyr\u00e8ne press\u00e9 \u00e0 froid de mousse EPS<\/h2>    <p>La mousse est une sorte de mat\u00e9riau l\u00e9ger et poreux \u00e9galement appel\u00e9 mousse blanche ou polystyr\u00e8ne. Il est couramment utilis\u00e9 dans les mat\u00e9riaux d\u2019emballage, l\u2019isolation des b\u00e2timents et la mousse isolante. Notre compacteur de mousse EPS press\u00e9e \u00e0 froid en polystyr\u00e8ne peut traiter tous les d\u00e9chets de mousse du march\u00e9.<\/p>   <div class=\"wp-block-image\"> <figure class=\"aligncenter size-full\"><img loading=\"lazy\" decoding=\"async\" width=\"720\" height=\"540\" src=\"https:\/\/plastic-machines.org\/wp-content\/uploads\/2023\/11\/foam-densifier-machine.webp\" alt=\"mousse plastique compact\u00e9e\" class=\"wp-image-1124\" srcset=\"https:\/\/plastic-machines.org\/wp-content\/uploads\/2023\/11\/foam-densifier-machine.webp 720w, https:\/\/plastic-machines.org\/wp-content\/uploads\/2023\/11\/foam-densifier-machine-300x225.webp 300w\" sizes=\"auto, (max-width: 720px) 100vw, 720px\" \/><figcaption class=\"wp-element-caption\">mousse plastique compact\u00e9e<\/figcaption><\/figure> <\/div>   <h2 class=\"wp-block-heading\">Principe de fonctionnement du compacteur de mousse plastique<\/h2>    <p>Alimentation\u00a0: les d\u00e9chets de mousse sont d'abord introduits dans le compacteur de mousse plastique via le syst\u00e8me d'alimentation. Avant d'entrer dans le compacteur de mousse plastique, le mat\u00e9riau en mousse doit g\u00e9n\u00e9ralement passer par un orifice de concassage. Le but de cette \u00e9tape est de pulv\u00e9riser la mousse en morceaux plus petits pour faciliter son traitement ult\u00e9rieur.<\/p>    <p>Pr\u00e9-compression\u00a0: le mat\u00e9riau en mousse entre dans une zone de pr\u00e9-compression o\u00f9 le mat\u00e9riau est comprim\u00e9 dans une forme pr\u00e9liminaire pour r\u00e9duire son volume.<\/p>    <p>Presse principale\u00a0: Apr\u00e8s pr\u00e9-compression, le mat\u00e9riau en mousse p\u00e9n\u00e8tre dans la zone de presse principale. Ici, un syst\u00e8me hydraulique ou un autre m\u00e9canisme de pression applique plus de pression sur le mat\u00e9riau, le comprimant davantage en un bloc plus serr\u00e9 et plus dense.<\/p>    <h2 class=\"wp-block-heading\">Avantages de l'utilisation d'un compacteur en mousse de polystyr\u00e8ne <\/h2>    <p>Compression efficace : le compacteur de polystyr\u00e8ne adopte une technologie efficace de pressage \u00e0 froid, qui peut compresser rapidement et efficacement le grand volume de d\u00e9chets de mousse en blocs compacts, r\u00e9duisant ainsi le volume et facilitant le stockage et le transport.<\/p>    <p>Gain de place : en compressant les d\u00e9chets de mousse en blocs haute densit\u00e9, le compacteur de polystyr\u00e8ne permet d'\u00e9conomiser beaucoup d'espace de stockage. Il s\u2019agit d\u2019un avantage tr\u00e8s important pour les usines de recyclage, en particulier celles confront\u00e9es \u00e0 un espace de stockage limit\u00e9.<\/p>    <p>Efficacit\u00e9 de transport am\u00e9lior\u00e9e : les blocs de mousse compress\u00e9e sont plus faciles \u00e0 charger et \u00e0 transporter, am\u00e9liorant ainsi l\u2019efficacit\u00e9 logistique. Cela r\u00e9duit les co\u00fbts de transport et r\u00e9duit le besoin de ressources de transport.<\/p>    <p class=\"translation-block\">Am\u00e9lioration de l'image environnementale : L'utilisation des presses froides de mousse aide<strong><a href=\"https:\/\/plastic-machines.org\/fr\/product\/plastic-foam-pelletizing-line\/\" data-type=\"link\" data-id=\"https:\/\/plastic-machines.org\/product\/plastic-foam-pelletizing-line\/\"> usines de recyclage de mousse<\/a><\/strong> \u00e0 am\u00e9liorer leur image environnementale. Gr\u00e2ce \u00e0 un traitement des d\u00e9chets efficace et \u00e9conome en \u00e9nergie, les fabricants peuvent d\u00e9montrer leur engagement en faveur de la protection de l'environnement et du d\u00e9veloppement durable, et renforcer leur image d'entreprise.<\/p>    <h2 class=\"wp-block-heading\">Vid\u00e9o de travail du compacteur de mousse<\/h2>    <figure class=\"wp-block-embed is-type-video is-provider-youtube wp-block-embed-youtube wp-embed-aspect-16-9 wp-has-aspect-ratio\"><div class=\"wp-block-embed__wrapper\"> <iframe loading=\"lazy\" title=\"Densificateur de mousse de polystyr\u00e8ne press\u00e9 \u00e0 froid de mousse EPS EPE #recyclage de plastique #machine de recyclage de plastique\" width=\"422\" height=\"750\" src=\"https:\/\/www.youtube.com\/embed\/5c6mK2au-mA?feature=oembed\" frameborder=\"0\" allow=\"accelerometer; autoplay; clipboard-write; encrypted-media; gyroscope; picture-in-picture; web-share\" referrerpolicy=\"strict-origin-when-cross-origin\" allowfullscreen><\/iframe> <\/div><\/figure>    <figure class=\"wp-block-embed is-type-video is-provider-youtube wp-block-embed-youtube wp-embed-aspect-16-9 wp-has-aspect-ratio\"><div class=\"wp-block-embed__wrapper\"> <iframe loading=\"lazy\" title=\"Densificateur de mousse EPE EPS | machine de compactage #machine de recyclage de plastique\" width=\"422\" height=\"750\" src=\"https:\/\/www.youtube.com\/embed\/kHL0wOsJzIg?feature=oembed\" frameborder=\"0\" allow=\"accelerometer; autoplay; clipboard-write; encrypted-media; gyroscope; picture-in-picture; web-share\" referrerpolicy=\"strict-origin-when-cross-origin\" allowfullscreen><\/iframe> <\/div><\/figure>    <h2 class=\"wp-block-heading\">Machines associ\u00e9es pour le recyclage de la mousse plastique<\/h2>   <style>.kt-post-loop1120_4c5ea8-5c .kadence-post-image{padding-top:0px;padding-right:10px;padding-bottom:10px;padding-left:0px;}.kt-post-loop1120_4c5ea8-5c .kt-feat-image-align-left{grid-template-columns:40% auto;}.kt-post-loop1120_4c5ea8-5c .kt-blocks-post-grid-item-inner-wrap .kt-blocks-post-grid-item-inner{display:flex;flex-direction:column;justify-content:center;}.kt-post-loop1120_4c5ea8-5c .kt-post-grid-wrap{gap:30px 30px;}.kt-post-loop1120_4c5ea8-5c .kt-blocks-post-grid-item{border-top-left-radius:0px;border-top-right-radius:0px;border-bottom-right-radius:0px;border-bottom-left-radius:0px;border-top:0px solid currentColor;border-right:0px solid currentColor;border-bottom:0px solid currentColor;border-left:0px solid currentColor;overflow:hidden;}.kt-post-loop1120_4c5ea8-5c .kt-blocks-post-grid-item .kt-blocks-post-grid-item-inner{text-align:left;}.kt-post-loop1120_4c5ea8-5c .kt-blocks-post-grid-item header{padding-top:0px;padding-right:0px;padding-bottom:10px;padding-left:0px;margin-top:0px;margin-right:0px;margin-bottom:0px;margin-left:0px;}.kt-post-loop1120_4c5ea8-5c .kt-blocks-post-grid-item .entry-title{padding-top:10px;padding-right:0px;padding-bottom:5px;padding-left:0px;margin-top:0px;margin-right:0px;margin-bottom:0px;margin-left:0px;font-size:20px;line-height:24px;}.kt-post-loop1120_4c5ea8-5c .kt-blocks-post-grid-item .kt-blocks-post-top-meta{color:#777777;}.kt-post-loop1120_4c5ea8-5c .kt-blocks-post-grid-item .kt-blocks-post-top-meta a{color:#777777;}.kt-post-loop1120_4c5ea8-5c .kt-blocks-post-grid-item .kt-blocks-post-top-meta a:hover{color:#444444;}.kt-post-loop1120_4c5ea8-5c .entry-content{padding-top:0px;padding-right:0px;padding-bottom:0px;padding-left:0px;margin-top:0px;margin-right:0px;margin-bottom:0px;margin-left:0px;}.kt-post-loop1120_4c5ea8-5c .kt-blocks-post-footer{color:#777777;border-top-width:0px;border-right-width:0px;border-bottom-width:0px;border-left-width:0px;padding-top:0px;padding-right:0px;padding-bottom:0px;padding-left:0px;margin-top:0px;margin-right:0px;margin-bottom:0px;margin-left:0px;font-size:12px;line-height:20px;}.kt-post-loop1120_4c5ea8-5c .entry-content:after{height:0px;}.kt-post-loop1120_4c5ea8-5c .kt-blocks-post-footer a{color:#777777;}.kt-post-loop1120_4c5ea8-5c .kt-blocks-post-footer a:hover{color:#444444;}.kt-post-loop1120_4c5ea8-5c .entry-content .kt-blocks-post-readmore{background-color:#444444;border-color:#444444;color:#ffffff;border-radius:5px;padding-top:4px;padding-right:8px;padding-bottom:4px;padding-left:8px;margin-top:0px;margin-right:0px;margin-bottom:0px;margin-left:0px;font-size:var(--global-kb-font-size-sm, 0.9rem);}.kt-post-loop1120_4c5ea8-5c .entry-content .kt-blocks-post-readmore:hover{color:#ffffff;border-color:#555555;background-color:#555555;}.kt-post-loop1120_4c5ea8-5c .kb-filter-item{border-top-width:0px;border-right-width:0px;border-bottom-width:2px;border-left-width:0px;padding-top:5px;padding-right:8px;padding-bottom:5px;padding-left:8px;margin-top:0px;margin-right:10px;margin-bottom:0px;margin-left:0px;}.kt-post-loop1120_4c5ea8-5c.kt-post-grid-layout-carousel .kb-post-grid-pause-button{color:#fff;background-color:rgba(0, 0, 0, 0.5);border:1px solid transparent;}@media all and (max-width: 1024px){.kt-post-loop1120_4c5ea8-5c .kt-blocks-post-grid-item{border-top:0px solid currentColor;border-right:0px solid currentColor;border-bottom:0px solid currentColor;border-left:0px solid currentColor;}}@media all and (max-width: 767px){.kt-post-loop1120_4c5ea8-5c .kt-blocks-post-grid-item{border-top:0px solid currentColor;border-right:0px solid currentColor;border-bottom:0px solid currentColor;border-left:0px solid currentColor;}}<\/style><div class=\"wp-block-kadence-postgrid kt-blocks-post-loop-block alignnone kt-post-loop1120_4c5ea8-5c kt-post-grid-layout-carousel kadence-splide-wrap\"><div class=\"kt-post-grid-layout-carousel-wrap splide kt-carousel-arrowstyle-whiteondark kt-carousel-dotstyle-dark kb-slider-group-arrow kb-slider-arrow-position-center\" data-columns-xxl=\"1\" data-columns-xl=\"1\" data-columns-md=\"1\" data-columns-sm=\"1\" data-columns-xs=\"1\" data-columns-ss=\"1\" data-slider-anim-speed=\"400\" data-slider-scroll=\"1\" data-slider-dots=\"true\" data-slider-arrows=\"true\" data-slider-hover-pause=\"false\" data-slider-auto=\"true\"  data-slider-auto-scroll=\"false\" data-slider-speed=\"7000\" data-slider-gap=\"30\" data-slider-gap-tablet=\"30\" data-slider-gap-mobile=\"30\" data-slider-gap-unit=\"px\" data-show-pause-button=\"false\" data-item-selector=\".kt-post-masonry-item\" aria-label=\"Carrousel de publications\"><div class=\"kadence-splide-slider-init splide__track\"><ul class=\"kadence-splide-slider-wrap kt-post-grid-wrap\" data-columns-xxl=\"1\" data-columns-xl=\"1\" data-columns-md=\"1\" data-columns-sm=\"1\" data-columns-xs=\"1\" data-columns-ss=\"1\"><li class=\"kt-post-slider-item post-630 product type-product status-publish has-post-thumbnail hentry tag-densifier tag-eps product-type-plastic-crushing-equipment\"><article class=\"kt-blocks-post-grid-item\"><div class=\"kt-blocks-post-grid-item-inner-wrap kt-feat-image-align-left kt-feat-image-mobile-align-top\"><div class=\"kadence-post-image\"><div class=\"kadence-post-image-intrisic kt-image-ratio-75\" style=\"padding-bottom:75%;\"><div class=\"kadence-post-image-inner-intrisic\"><a aria-hidden=\"true\" tabindex=\"-1\" role=\"presentation\" href=\"https:\/\/plastic-machines.org\/fr\/product\/eps-foam-melting-machine\/\" aria-label=\"Machine de fusion de mousse EPS pour le recyclage de mousse plastique\" class=\"kadence-post-image-inner-wrap\"><img loading=\"lazy\" decoding=\"async\" width=\"300\" height=\"225\" src=\"https:\/\/plastic-machines.org\/wp-content\/uploads\/2022\/12\/plastic-foam-melting-machine1-300x225.webp\" class=\"attachment-medium size-medium wp-post-image\" alt=\"machine de fusion de mousse plastique\" srcset=\"https:\/\/plastic-machines.org\/wp-content\/uploads\/2022\/12\/plastic-foam-melting-machine1-300x225.webp 300w, https:\/\/plastic-machines.org\/wp-content\/uploads\/2022\/12\/plastic-foam-melting-machine1.webp 720w\" sizes=\"auto, (max-width: 300px) 100vw, 300px\" \/><\/a><\/div><\/div><\/div><div class=\"kt-blocks-post-grid-item-inner\"><header><h3 class=\"entry-title\"><a href=\"https:\/\/plastic-machines.org\/fr\/product\/eps-foam-melting-machine\/\">Machine de fusion de mousse EPS pour le recyclage de mousse plastique<\/a><\/h3><div class=\"kt-blocks-post-top-meta\"><\/div><\/header><div class=\"entry-content\"><div class=\"kt-blocks-post-readmore-wrap\"><a class=\"kt-blocks-post-readmore\" href=\"https:\/\/plastic-machines.org\/fr\/product\/eps-foam-melting-machine\/\">En savoir plus<span class=\"screen-reader-text\"> Machine de fusion de mousse EPS pour le recyclage de mousse plastique<\/span><\/a><\/div><\/div><footer class=\"kt-blocks-post-footer\"><div class=\"kt-blocks-post-footer-left\"><\/div><div class=\"kt-blocks-post-footer-right\"><\/div><\/footer><\/div><\/div><\/article><\/li><li class=\"kt-post-slider-item post-314 product type-product status-publish has-post-thumbnail hentry tag-eps product-type-plastic-pelletizer\"><article class=\"kt-blocks-post-grid-item hide-on-js\"><div class=\"kt-blocks-post-grid-item-inner-wrap kt-feat-image-align-left kt-feat-image-mobile-align-top\"><div class=\"kadence-post-image\"><div class=\"kadence-post-image-intrisic kt-image-ratio-75\" style=\"padding-bottom:75%;\"><div class=\"kadence-post-image-inner-intrisic\"><a aria-hidden=\"true\" tabindex=\"-1\" role=\"presentation\" href=\"https:\/\/plastic-machines.org\/fr\/product\/eps-pelletizing-machine\/\" aria-label=\"Machine de pelletisation EPS pour le recyclage de la mousse plastique\" class=\"kadence-post-image-inner-wrap\"><img loading=\"lazy\" decoding=\"async\" width=\"300\" height=\"225\" src=\"https:\/\/plastic-machines.org\/wp-content\/uploads\/2022\/06\/EPS-Pelletizing-Machine1-300x225.webp\" class=\"attachment-medium size-medium wp-post-image\" alt=\"Machine de pelletisation EPS\" srcset=\"https:\/\/plastic-machines.org\/wp-content\/uploads\/2022\/06\/EPS-Pelletizing-Machine1-300x225.webp 300w, https:\/\/plastic-machines.org\/wp-content\/uploads\/2022\/06\/EPS-Pelletizing-Machine1.webp 720w\" sizes=\"auto, (max-width: 300px) 100vw, 300px\" \/><\/a><\/div><\/div><\/div><div class=\"kt-blocks-post-grid-item-inner\"><header><h3 class=\"entry-title\"><a href=\"https:\/\/plastic-machines.org\/fr\/product\/eps-pelletizing-machine\/\">Machine de pelletisation EPS pour le recyclage de la mousse plastique<\/a><\/h3><div class=\"kt-blocks-post-top-meta\"><\/div><\/header><div class=\"entry-content\"><div class=\"kt-blocks-post-readmore-wrap\"><a class=\"kt-blocks-post-readmore\" href=\"https:\/\/plastic-machines.org\/fr\/product\/eps-pelletizing-machine\/\">En savoir plus<span class=\"screen-reader-text\"> Machine de pelletisation EPS pour le recyclage de la mousse plastique<\/span><\/a><\/div><\/div><footer class=\"kt-blocks-post-footer\"><div class=\"kt-blocks-post-footer-left\"><\/div><div class=\"kt-blocks-post-footer-right\"><\/div><\/footer><\/div><\/div><\/article><\/li><li class=\"kt-post-slider-item post-186 product type-product status-publish has-post-thumbnail hentry tag-eps product-type-plastic-recycling-lines\"><article class=\"kt-blocks-post-grid-item hide-on-js\"><div class=\"kt-blocks-post-grid-item-inner-wrap kt-feat-image-align-left kt-feat-image-mobile-align-top\"><div class=\"kadence-post-image\"><div class=\"kadence-post-image-intrisic kt-image-ratio-75\" style=\"padding-bottom:75%;\"><div class=\"kadence-post-image-inner-intrisic\"><a aria-hidden=\"true\" tabindex=\"-1\" role=\"presentation\" href=\"https:\/\/plastic-machines.org\/fr\/product\/plastic-foam-pelletizing-line\/\" aria-label=\"Ligne de pelletisation de mousse plastique pour le recyclage du polystyr\u00e8ne\" class=\"kadence-post-image-inner-wrap\"><img loading=\"lazy\" decoding=\"async\" width=\"300\" height=\"225\" src=\"https:\/\/plastic-machines.org\/wp-content\/uploads\/2022\/07\/eps-recycling-machine-300x225.webp\" class=\"attachment-medium size-medium wp-post-image\" alt=\"\" srcset=\"https:\/\/plastic-machines.org\/wp-content\/uploads\/2022\/07\/eps-recycling-machine-300x225.webp 300w, https:\/\/plastic-machines.org\/wp-content\/uploads\/2022\/07\/eps-recycling-machine-16x12.webp 16w, https:\/\/plastic-machines.org\/wp-content\/uploads\/2022\/07\/eps-recycling-machine.webp 720w\" sizes=\"auto, (max-width: 300px) 100vw, 300px\" \/><\/a><\/div><\/div><\/div><div class=\"kt-blocks-post-grid-item-inner\"><header><h3 class=\"entry-title\"><a href=\"https:\/\/plastic-machines.org\/fr\/product\/plastic-foam-pelletizing-line\/\">Ligne de pelletisation de mousse plastique pour le recyclage du polystyr\u00e8ne<\/a><\/h3><div class=\"kt-blocks-post-top-meta\"><\/div><\/header><div class=\"entry-content\"><div class=\"kt-blocks-post-readmore-wrap\"><a class=\"kt-blocks-post-readmore\" href=\"https:\/\/plastic-machines.org\/fr\/product\/plastic-foam-pelletizing-line\/\">En savoir plus<span class=\"screen-reader-text\"> Ligne de pelletisation de mousse plastique pour le recyclage du polystyr\u00e8ne<\/span><\/a><\/div><\/div><footer class=\"kt-blocks-post-footer\"><div class=\"kt-blocks-post-footer-left\"><\/div><div class=\"kt-blocks-post-footer-right\"><\/div><\/footer><\/div><\/div><\/article><\/li><li class=\"kt-post-slider-item post-1661 product type-product status-publish has-post-thumbnail hentry tag-eps product-type-plastic-crushing-equipment\"><article class=\"kt-blocks-post-grid-item hide-on-js\"><div class=\"kt-blocks-post-grid-item-inner-wrap kt-feat-image-align-left kt-feat-image-mobile-align-top\"><div class=\"kadence-post-image\"><div class=\"kadence-post-image-intrisic kt-image-ratio-75\" style=\"padding-bottom:75%;\"><div class=\"kadence-post-image-inner-intrisic\"><a aria-hidden=\"true\" tabindex=\"-1\" role=\"presentation\" href=\"https:\/\/plastic-machines.org\/fr\/product\/styrofoam-shredder\/\" aria-label=\"Broyeur de polystyr\u00e8ne | Broyeur de mousse EPS\" class=\"kadence-post-image-inner-wrap\"><img loading=\"lazy\" decoding=\"async\" width=\"300\" height=\"225\" src=\"https:\/\/plastic-machines.org\/wp-content\/uploads\/2024\/12\/styrofoam-shredder2-300x225.webp\" class=\"attachment-medium size-medium wp-post-image\" alt=\"broyeur de polystyr\u00e8ne\" srcset=\"https:\/\/plastic-machines.org\/wp-content\/uploads\/2024\/12\/styrofoam-shredder2-300x225.webp 300w, https:\/\/plastic-machines.org\/wp-content\/uploads\/2024\/12\/styrofoam-shredder2-16x12.webp 16w, https:\/\/plastic-machines.org\/wp-content\/uploads\/2024\/12\/styrofoam-shredder2.webp 720w\" sizes=\"auto, (max-width: 300px) 100vw, 300px\" \/><\/a><\/div><\/div><\/div><div class=\"kt-blocks-post-grid-item-inner\"><header><h3 class=\"entry-title\"><a href=\"https:\/\/plastic-machines.org\/fr\/product\/styrofoam-shredder\/\">Broyeur de polystyr\u00e8ne | Broyeur de mousse EPS<\/a><\/h3><div class=\"kt-blocks-post-top-meta\"><\/div><\/header><div class=\"entry-content\"><div class=\"kt-blocks-post-readmore-wrap\"><a class=\"kt-blocks-post-readmore\" href=\"https:\/\/plastic-machines.org\/fr\/product\/styrofoam-shredder\/\">En savoir plus<span class=\"screen-reader-text\"> Broyeur de polystyr\u00e8ne | Broyeur de mousse EPS<\/span><\/a><\/div><\/div><footer class=\"kt-blocks-post-footer\"><div class=\"kt-blocks-post-footer-left\"><\/div><div class=\"kt-blocks-post-footer-right\"><\/div><\/footer><\/div><\/div><\/article><\/li><li class=\"kt-post-slider-item post-1120 product type-product status-publish has-post-thumbnail hentry tag-eps product-type-plastic-crushing-equipment\"><article class=\"kt-blocks-post-grid-item hide-on-js\"><div class=\"kt-blocks-post-grid-item-inner-wrap kt-feat-image-align-left kt-feat-image-mobile-align-top\"><div class=\"kadence-post-image\"><div class=\"kadence-post-image-intrisic kt-image-ratio-75\" style=\"padding-bottom:75%;\"><div class=\"kadence-post-image-inner-intrisic\"><a aria-hidden=\"true\" tabindex=\"-1\" role=\"presentation\" href=\"https:\/\/plastic-machines.org\/fr\/product\/foam-densifier-machine\/\" aria-label=\"Compacteur de polystyr\u00e8ne EPE\/EPS\" class=\"kadence-post-image-inner-wrap\"><img loading=\"lazy\" decoding=\"async\" width=\"300\" height=\"225\" src=\"https:\/\/plastic-machines.org\/wp-content\/uploads\/2022\/06\/horizontal-foam-compactor-300x225.webp\" class=\"attachment-medium size-medium wp-post-image\" alt=\"\" srcset=\"https:\/\/plastic-machines.org\/wp-content\/uploads\/2022\/06\/horizontal-foam-compactor-300x225.webp 300w, https:\/\/plastic-machines.org\/wp-content\/uploads\/2022\/06\/horizontal-foam-compactor.webp 720w\" sizes=\"auto, (max-width: 300px) 100vw, 300px\" \/><\/a><\/div><\/div><\/div><div class=\"kt-blocks-post-grid-item-inner\"><header><h3 class=\"entry-title\"><a href=\"https:\/\/plastic-machines.org\/fr\/product\/foam-densifier-machine\/\">Compacteur de polystyr\u00e8ne EPE\/EPS<\/a><\/h3><div class=\"kt-blocks-post-top-meta\"><\/div><\/header><div class=\"entry-content\"><div class=\"kt-blocks-post-readmore-wrap\"><a class=\"kt-blocks-post-readmore\" href=\"https:\/\/plastic-machines.org\/fr\/product\/foam-densifier-machine\/\">En savoir plus<span class=\"screen-reader-text\"> Compacteur de polystyr\u00e8ne EPE\/EPS<\/span><\/a><\/div><\/div><footer class=\"kt-blocks-post-footer\"><div class=\"kt-blocks-post-footer-left\"><\/div><div class=\"kt-blocks-post-footer-right\"><\/div><\/footer><\/div><\/div><\/article><\/li><\/ul><\/div><\/div><\/div><!-- .wp-block-kadence-postgrid -->","protected":false},"excerpt":{"rendered":"<p>Styrofoam compactor is a specialized equipment used to process waste foam materials, and many plastic recycling plants use this machine to initially process foam waste. Below are some of the advantages of the foam cold press and the advantages of using this machine for recycling plants. Raw materials &amp; end products of EPS foam cold [&hellip;]<\/p>\n","protected":false},"author":1,"featured_media":1123,"parent":0,"template":"","tags":[43],"product-type":[15],"class_list":["post-1120","product","type-product","status-publish","has-post-thumbnail","hentry","tag-eps","product-type-plastic-crushing-equipment"],"taxonomy_info":{"post_tag":[{"value":43,"label":"EPS"}],"product-type":[{"value":15,"label":"Plastic Crushing Equipment"}]},"featured_image_src_large":["https:\/\/plastic-machines.org\/wp-content\/uploads\/2022\/06\/horizontal-foam-compactor.webp",720,540,false],"author_info":{"display_name":"Ella","author_link":"https:\/\/plastic-machines.org\/fr\/author\/admin\/"},"comment_info":"","_links":{"self":[{"href":"https:\/\/plastic-machines.org\/fr\/wp-json\/wp\/v2\/product\/1120","targetHints":{"allow":["GET"]}}],"collection":[{"href":"https:\/\/plastic-machines.org\/fr\/wp-json\/wp\/v2\/product"}],"about":[{"href":"https:\/\/plastic-machines.org\/fr\/wp-json\/wp\/v2\/types\/product"}],"author":[{"embeddable":true,"href":"https:\/\/plastic-machines.org\/fr\/wp-json\/wp\/v2\/users\/1"}],"wp:featuredmedia":[{"embeddable":true,"href":"https:\/\/plastic-machines.org\/fr\/wp-json\/wp\/v2\/media\/1123"}],"wp:attachment":[{"href":"https:\/\/plastic-machines.org\/fr\/wp-json\/wp\/v2\/media?parent=1120"}],"wp:term":[{"taxonomy":"post_tag","embeddable":true,"href":"https:\/\/plastic-machines.org\/fr\/wp-json\/wp\/v2\/tags?post=1120"},{"taxonomy":"product-type","embeddable":true,"href":"https:\/\/plastic-machines.org\/fr\/wp-json\/wp\/v2\/product-type?post=1120"}],"curies":[{"name":"wp","href":"https:\/\/api.w.org\/{rel}","templated":true}]}}