{"id":1050,"date":"2023-10-20T15:24:17","date_gmt":"2023-10-20T07:24:17","guid":{"rendered":"https:\/\/plastic-machines.org\/?post_type=product&#038;p=1050"},"modified":"2025-11-18T14:06:49","modified_gmt":"2025-11-18T06:06:49","slug":"plastic-debaler-machine","status":"publish","type":"product","link":"https:\/\/plastic-machines.org\/fr\/product\/plastic-debaler-machine\/","title":{"rendered":"Machine de d\u00e9semballage en plastique pour balles de bouteilles PET HDPE"},"content":{"rendered":"<div class=\"kk-star-ratings kksr-auto kksr-align-left kksr-valign-top\"     data-payload='{&quot;align&quot;:&quot;left&quot;,&quot;id&quot;:&quot;1050&quot;,&quot;slug&quot;:&quot;default&quot;,&quot;valign&quot;:&quot;top&quot;,&quot;ignore&quot;:&quot;&quot;,&quot;reference&quot;:&quot;auto&quot;,&quot;class&quot;:&quot;&quot;,&quot;count&quot;:&quot;4&quot;,&quot;legendonly&quot;:&quot;&quot;,&quot;readonly&quot;:&quot;&quot;,&quot;score&quot;:&quot;5&quot;,&quot;starsonly&quot;:&quot;&quot;,&quot;best&quot;:&quot;5&quot;,&quot;gap&quot;:&quot;5&quot;,&quot;greet&quot;:&quot;Rate this product&quot;,&quot;legend&quot;:&quot;5\\\/5 - (4 votes)&quot;,&quot;size&quot;:&quot;24&quot;,&quot;title&quot;:&quot;Plastic Debaler Machine for HDPE PET Bottle Bales&quot;,&quot;width&quot;:&quot;142.5&quot;,&quot;_legend&quot;:&quot;{score}\\\/{best} - ({count} {votes})&quot;,&quot;font_factor&quot;:&quot;1.25&quot;}'>              <div class=\"kksr-stars\">      <div class=\"kksr-stars-inactive\">             <div class=\"kksr-star\" data-star=\"1\" style=\"padding-right: 5px\">               <div class=\"kksr-icon\" style=\"width: 24px; height: 24px;\"><\/div>         <\/div>             <div class=\"kksr-star\" data-star=\"2\" style=\"padding-right: 5px\">               <div class=\"kksr-icon\" style=\"width: 24px; height: 24px;\"><\/div>         <\/div>             <div class=\"kksr-star\" data-star=\"3\" style=\"padding-right: 5px\">               <div class=\"kksr-icon\" style=\"width: 24px; height: 24px;\"><\/div>         <\/div>             <div class=\"kksr-star\" data-star=\"4\" style=\"padding-right: 5px\">               <div class=\"kksr-icon\" style=\"width: 24px; height: 24px;\"><\/div>         <\/div>             <div class=\"kksr-star\" data-star=\"5\" style=\"padding-right: 5px\">               <div class=\"kksr-icon\" style=\"width: 24px; height: 24px;\"><\/div>         <\/div>     <\/div>      <div class=\"kksr-stars-active\" style=\"width: 142.5px;\">             <div class=\"kksr-star\" style=\"padding-right: 5px\">               <div class=\"kksr-icon\" style=\"width: 24px; height: 24px;\"><\/div>         <\/div>             <div class=\"kksr-star\" style=\"padding-right: 5px\">               <div class=\"kksr-icon\" style=\"width: 24px; height: 24px;\"><\/div>         <\/div>             <div class=\"kksr-star\" style=\"padding-right: 5px\">               <div class=\"kksr-icon\" style=\"width: 24px; height: 24px;\"><\/div>         <\/div>             <div class=\"kksr-star\" style=\"padding-right: 5px\">               <div class=\"kksr-icon\" style=\"width: 24px; height: 24px;\"><\/div>         <\/div>             <div class=\"kksr-star\" style=\"padding-right: 5px\">               <div class=\"kksr-icon\" style=\"width: 24px; height: 24px;\"><\/div>         <\/div>     <\/div> <\/div>                   <div class=\"kksr-legend\" style=\"font-size: 19.2px;\">             5\/5 - (4 votes)    <\/div>     <\/div>  <p>Dans une ligne de recyclage de bouteilles PET, une d\u00e9sballeuse de plastique est un \u00e9quipement important dont la fonction est d'ouvrir les sacs ou les conteneurs utilis\u00e9s pour emballer les bouteilles PET HDPE afin que les bouteilles en plastique dur puissent en \u00eatre retir\u00e9es pour un traitement et un recyclage ult\u00e9rieurs.<\/p>    <figure class=\"wp-block-image size-full\"><img loading=\"lazy\" decoding=\"async\" width=\"720\" height=\"540\" src=\"https:\/\/plastic-machines.org\/wp-content\/uploads\/2023\/10\/Debaler.webp\" alt=\"D\u00e9balleur de plastique \" class=\"wp-image-1052\" srcset=\"https:\/\/plastic-machines.org\/wp-content\/uploads\/2023\/10\/Debaler.webp 720w, https:\/\/plastic-machines.org\/wp-content\/uploads\/2023\/10\/Debaler-300x225.webp 300w\" sizes=\"auto, (max-width: 720px) 100vw, 720px\" \/><\/figure>    <figure class=\"wp-block-image size-full\"><img loading=\"lazy\" decoding=\"async\" width=\"720\" height=\"540\" src=\"https:\/\/plastic-machines.org\/wp-content\/uploads\/2023\/10\/Debaler-Machine.webp\" alt=\"Machine \u00e0 d\u00e9sembaler le plastique \" class=\"wp-image-1053\" srcset=\"https:\/\/plastic-machines.org\/wp-content\/uploads\/2023\/10\/Debaler-Machine.webp 720w, https:\/\/plastic-machines.org\/wp-content\/uploads\/2023\/10\/Debaler-Machine-300x225.webp 300w\" sizes=\"auto, (max-width: 720px) 100vw, 720px\" \/><\/figure>    <figure class=\"wp-block-image size-full\"><img loading=\"lazy\" decoding=\"async\" width=\"720\" height=\"540\" src=\"https:\/\/plastic-machines.org\/wp-content\/uploads\/2023\/10\/PET-Bottle-Debaler-Machine.webp\" alt=\"Machine \u00e0 d\u00e9sembaler le plastique\" class=\"wp-image-1054\" srcset=\"https:\/\/plastic-machines.org\/wp-content\/uploads\/2023\/10\/PET-Bottle-Debaler-Machine.webp 720w, https:\/\/plastic-machines.org\/wp-content\/uploads\/2023\/10\/PET-Bottle-Debaler-Machine-300x225.webp 300w\" sizes=\"auto, (max-width: 720px) 100vw, 720px\" \/><\/figure>    <h2 class=\"wp-block-heading\">Application de la machine \u00e0 d\u00e9sembaler le plastique <\/h2>    <p class=\"translation-block\">Pour les clients disposant d'une <strong><a href=\"https:\/\/plastic-machines.org\/fr\/product\/ligne-de-recyclage-de-bouteilles-en-pet\/\" data-type=\"link\" data-id=\"https:\/\/plastic-machines.org\/product\/pet-bottle-recycling-line\/\">ligne de recyclage de bouteilles en plastique<\/a><\/strong>, un d\u00e9chiqueteur de balles en plastique est la premi\u00e8re machine de recyclage utilis\u00e9e pour d\u00e9tacher les bouteilles en PET en balles, et les bouteilles d\u00e9tach\u00e9es peuvent passer \u00e0 l'\u00e9tape suivante du recyclage sur le tapis roulant.<\/p>    <figure class=\"wp-block-embed is-type-video is-provider-youtube wp-block-embed-youtube wp-embed-aspect-16-9 wp-has-aspect-ratio\"><div class=\"wp-block-embed__wrapper\"> <iframe loading=\"lazy\" title=\"Ouvre-presse \u00e0 bouteilles PET | machine de d\u00e9semballage en plastique verticale\" width=\"500\" height=\"281\" src=\"https:\/\/www.youtube.com\/embed\/ujKPMvq7vLY?feature=oembed\" frameborder=\"0\" allow=\"accelerometer; autoplay; clipboard-write; encrypted-media; gyroscope; picture-in-picture; web-share\" referrerpolicy=\"strict-origin-when-cross-origin\" allowfullscreen><\/iframe> <\/div><\/figure>    <h2 class=\"wp-block-heading\">Avantages de la machine \u00e0 d\u00e9sembaler le plastique<\/h2>    <ul class=\"wp-block-list\"> <li>D\u00e9ballage et d\u00e9chargement des mat\u00e9riaux\u00a0: les machines de d\u00e9ballage du plastique ouvrent des sacs, des conteneurs ou des emballages en plastique scell\u00e9s afin d'enlever la mati\u00e8re plastique en vrac \u00e0 l'int\u00e9rieur.<\/li>    <li>Efficacit\u00e9 accrue : les ouvre-balles en plastique peuvent augmenter consid\u00e9rablement l\u2019efficacit\u00e9 de la manipulation des mati\u00e8res plastiques. En raison de la grande taille des balles de plastique, le d\u00e9ballage manuel prend souvent du temps et demande beaucoup de main d'\u0153uvre, tandis qu'une ouvre-balle peut accomplir rapidement cette t\u00e2che en peu de temps.<\/li>    <li>Risque r\u00e9duit de contamination\u00a0: les ouvre-balles sont g\u00e9n\u00e9ralement utilis\u00e9s en conjonction avec des bandes transporteuses ou un<strong><a href=\"https:\/\/plastic-machines.org\/fr\/product\/plastic-granulating-line\/\" data-type=\"link\" data-id=\"https:\/\/plastic-machines.org\/product\/plastic-granulating-line\/\"> ligne compl\u00e8te de recyclage du plastique<\/a><\/strong>. Une fois que l'ouvre-balle de bouteilles PET HDPE a d\u00e9charg\u00e9 le plastique, les d\u00e9chets plastiques vont directement \u00e0 la bande transporteuse, r\u00e9duisant ainsi le risque de fuite de mat\u00e9riaux et de contamination.<\/li>    <li>Adaptabilit\u00e9\u00a0: les d\u00e9sballeuses de plastique ont souvent la capacit\u00e9 de s'adapter \u00e0 diff\u00e9rents types et tailles d'emballages, ce qui leur permet de traiter une large gamme de mati\u00e8res plastiques en vrac.<\/li> <\/ul>","protected":false},"excerpt":{"rendered":"<p>In a PET bottle recycling line, a plastic debaler machine is an important piece of equipment whose function is to open the bags or containers used to package PET HDPE bottles so that hard plastic bottles can be removed from them for subsequent processing and recycling. Plastic debaler machine application For customers with a plastic [&hellip;]<\/p>\n","protected":false},"author":1,"featured_media":1051,"parent":0,"template":"","tags":[36],"product-type":[27],"class_list":["post-1050","product","type-product","status-publish","has-post-thumbnail","hentry","tag-bale","product-type-separation-technology"],"taxonomy_info":{"post_tag":[{"value":36,"label":"bale"}],"product-type":[{"value":27,"label":"Separation Technology"}]},"featured_image_src_large":["https:\/\/plastic-machines.org\/wp-content\/uploads\/2023\/10\/plastic-debaler-machine2.webp",720,540,false],"author_info":{"display_name":"Ella","author_link":"https:\/\/plastic-machines.org\/fr\/author\/admin\/"},"comment_info":"","_links":{"self":[{"href":"https:\/\/plastic-machines.org\/fr\/wp-json\/wp\/v2\/product\/1050","targetHints":{"allow":["GET"]}}],"collection":[{"href":"https:\/\/plastic-machines.org\/fr\/wp-json\/wp\/v2\/product"}],"about":[{"href":"https:\/\/plastic-machines.org\/fr\/wp-json\/wp\/v2\/types\/product"}],"author":[{"embeddable":true,"href":"https:\/\/plastic-machines.org\/fr\/wp-json\/wp\/v2\/users\/1"}],"wp:featuredmedia":[{"embeddable":true,"href":"https:\/\/plastic-machines.org\/fr\/wp-json\/wp\/v2\/media\/1051"}],"wp:attachment":[{"href":"https:\/\/plastic-machines.org\/fr\/wp-json\/wp\/v2\/media?parent=1050"}],"wp:term":[{"taxonomy":"post_tag","embeddable":true,"href":"https:\/\/plastic-machines.org\/fr\/wp-json\/wp\/v2\/tags?post=1050"},{"taxonomy":"product-type","embeddable":true,"href":"https:\/\/plastic-machines.org\/fr\/wp-json\/wp\/v2\/product-type?post=1050"}],"curies":[{"name":"wp","href":"https:\/\/api.w.org\/{rel}","templated":true}]}}